{"id":12255,"date":"2020-03-16T17:32:38","date_gmt":"2021-12-01T10:25:09","guid":{"rendered":"https:\/\/gliptoneeurope.com\/product\/lavage-et-eclat-470-ml-16-oz\/"},"modified":"2021-12-01T10:25:18","modified_gmt":"2021-12-01T10:25:18","slug":"lavage-et-eclat","status":"publish","type":"product","link":"https:\/\/gliptoneeurope.com\/fr\/produit\/lavage-et-eclat\/","title":{"rendered":"Lavage et \u00e9clat &#8211; 470 ml (16 oz)"},"content":{"rendered":"<p>Wash-n-Glow est notre shampooing pour voiture de qualit\u00e9 sup\u00e9rieure au pH neutre, sans danger pour toutes les finitions \u00e0 la cire, et ne laissera aucun r\u00e9sidu ou tache d&#8217;eau apr\u00e8s utilisation.<\/p>\n<p>La solution de lavage \u00e9paisse et concentr\u00e9e est compos\u00e9e d&#8217;embellisseurs de cire et d&#8217;agents de nettoyage.<\/p>\n<p>Il n&#8217;endommagera ni ne brisera les finitions \u00e0 la cire ou les scellants de peinture existants. Lavage am\u00e9lior\u00e9 si utilis\u00e9 avec de l&#8217;eau ti\u00e8de.<\/p>\n<p>Ce produit peut \u00eatre facilement lav\u00e9 de votre voiture en utilisant l&#8217;un de nos <a href=\"https:\/\/gliptoneeurope.com\/product\/high-pressure-car-cleaning-gun-black\/\">pistolets de nettoyage haute pression<\/a> \u00e9quip\u00e9s d&#8217;une g\u00e2chette de s\u00e9curit\u00e9 le rendant facile \u00e0 utiliser.<\/p>\n<p>Respectueux de l&#8217;environnement et 100% biod\u00e9gradable.<\/p>\n<p>Notre savon de voiture haut de gamme <a href=\"https:\/\/gliptoneeurope.com\/product\/wash-shine-1-gall-3-8l\/\">Wash &amp; Shine<\/a> est une excellente alternative pour un usage professionnel, disponible \u00e0 l&#8217;achat dans une bouteille de 3,8 L (1 gallon).<\/p>\n<p>16 onces. Bouteilles<br \/>\n64 onces. Recharges<\/p>\n","protected":false},"excerpt":{"rendered":"<p>Wash-n-Glow est notre shampooing pour voiture de qualit\u00e9 sup\u00e9rieure au pH neutre, sans danger pour toutes les finitions \u00e0 la cire, et ne laissera aucun r\u00e9sidu ou tache d&#8217;eau apr\u00e8s utilisation. La solution de lavage \u00e9paisse et concentr\u00e9e est compos\u00e9e d&#8217;embellisseurs de cire et d&#8217;agents de nettoyage. Il n&#8217;endommagera ni ne brisera les finitions \u00e0 [&hellip;]<\/p>\n","protected":false},"featured_media":10748,"template":"","meta":[],"product_brand":[],"product_cat":[137,116],"product_tag":[120,180],"class_list":{"0":"post-12255","1":"product","2":"type-product","3":"status-publish","4":"has-post-thumbnail","6":"product_cat-meilleures-ventes","7":"product_cat-preparation-nettoyage","8":"product_tag-nettoyage","9":"product_tag-shampoing-pour-voiture","11":"first","12":"instock","13":"taxable","14":"shipping-taxable","15":"purchasable","16":"product-type-variable"},"yoast_head":"<!-- This site is optimized with the Yoast SEO Premium plugin v21.4 (Yoast SEO v27.5) - https:\/\/yoast.com\/product\/yoast-seo-premium-wordpress\/ -->\n<title>Lavage et \u00e9clat - 470 ml (16 oz) - Gliptone Europe<\/title>\n<meta name=\"description\" content=\"Wash-n-Glow est notre shampoing pour voiture de qualit\u00e9 sup\u00e9rieure au pH neutre, sans danger pour toutes les finitions \u00e0 la cire, et ne laissera aucun r\u00e9sidu ou tache d&#039;eau apr\u00e8s utilisation.\" \/>\n<meta name=\"robots\" content=\"index, follow, max-snippet:-1, max-image-preview:large, max-video-preview:-1\" \/>\n<link rel=\"canonical\" href=\"https:\/\/gliptoneeurope.com\/fr\/produit\/lavage-et-eclat\/\" \/>\n<meta property=\"og:locale\" content=\"fr_FR\" \/>\n<meta property=\"og:type\" content=\"article\" \/>\n<meta property=\"og:title\" content=\"Lavage et \u00e9clat - 470 ml (16 oz)\" \/>\n<meta property=\"og:description\" content=\"Wash-n-Glow est notre shampooing pour voiture de qualit\u00e9 sup\u00e9rieure au pH neutre, sans danger pour toutes les finitions \u00e0 la cire, et ne laissera aucun\" \/>\n<meta property=\"og:url\" content=\"https:\/\/gliptoneeurope.com\/fr\/produit\/lavage-et-eclat\/\" \/>\n<meta property=\"og:site_name\" content=\"Gliptone Europe\" \/>\n<meta property=\"article:publisher\" content=\"https:\/\/www.facebook.com\/gliptoneeurope\/\" \/>\n<meta property=\"article:modified_time\" content=\"2021-12-01T10:25:18+00:00\" \/>\n<meta property=\"og:image\" content=\"https:\/\/gliptoneeurope.com\/wp-content\/uploads\/Wash-n-Glow-470-ml-16oz.jpg\" \/>\n\t<meta property=\"og:image:width\" content=\"1416\" \/>\n\t<meta property=\"og:image:height\" content=\"1417\" \/>\n\t<meta property=\"og:image:type\" content=\"image\/jpeg\" \/>\n<meta name=\"twitter:card\" content=\"summary_large_image\" \/>\n<meta name=\"twitter:label1\" content=\"Dur\u00e9e de lecture estim\u00e9e\" \/>\n\t<meta name=\"twitter:data1\" content=\"1 minute\" \/>\n<script type=\"application\/ld+json\" class=\"yoast-schema-graph\">{\"@context\":\"https:\\\/\\\/schema.org\",\"@graph\":[{\"@type\":\"WebPage\",\"@id\":\"https:\\\/\\\/gliptoneeurope.com\\\/fr\\\/produit\\\/lavage-et-eclat\\\/\",\"url\":\"https:\\\/\\\/gliptoneeurope.com\\\/fr\\\/produit\\\/lavage-et-eclat\\\/\",\"name\":\"Lavage et \u00e9clat - 470 ml (16 oz) - Gliptone Europe\",\"isPartOf\":{\"@id\":\"https:\\\/\\\/gliptoneeurope.com\\\/#website\"},\"primaryImageOfPage\":{\"@id\":\"https:\\\/\\\/gliptoneeurope.com\\\/fr\\\/produit\\\/lavage-et-eclat\\\/#primaryimage\"},\"image\":{\"@id\":\"https:\\\/\\\/gliptoneeurope.com\\\/fr\\\/produit\\\/lavage-et-eclat\\\/#primaryimage\"},\"thumbnailUrl\":\"https:\\\/\\\/gliptoneeurope.com\\\/wp-content\\\/uploads\\\/Wash-n-Glow-470-ml-16oz.jpg\",\"datePublished\":\"2021-12-01T10:25:09+00:00\",\"dateModified\":\"2021-12-01T10:25:18+00:00\",\"description\":\"Wash-n-Glow est notre shampoing pour voiture de qualit\u00e9 sup\u00e9rieure au pH neutre, sans danger pour toutes les finitions \u00e0 la cire, et ne laissera aucun r\u00e9sidu ou tache d'eau apr\u00e8s utilisation.\",\"breadcrumb\":{\"@id\":\"https:\\\/\\\/gliptoneeurope.com\\\/fr\\\/produit\\\/lavage-et-eclat\\\/#breadcrumb\"},\"inLanguage\":\"fr-FR\",\"potentialAction\":[{\"@type\":\"ReadAction\",\"target\":[\"https:\\\/\\\/gliptoneeurope.com\\\/fr\\\/produit\\\/lavage-et-eclat\\\/\"]}]},{\"@type\":\"ImageObject\",\"inLanguage\":\"fr-FR\",\"@id\":\"https:\\\/\\\/gliptoneeurope.com\\\/fr\\\/produit\\\/lavage-et-eclat\\\/#primaryimage\",\"url\":\"https:\\\/\\\/gliptoneeurope.com\\\/wp-content\\\/uploads\\\/Wash-n-Glow-470-ml-16oz.jpg\",\"contentUrl\":\"https:\\\/\\\/gliptoneeurope.com\\\/wp-content\\\/uploads\\\/Wash-n-Glow-470-ml-16oz.jpg\",\"width\":1416,\"height\":1417},{\"@type\":\"BreadcrumbList\",\"@id\":\"https:\\\/\\\/gliptoneeurope.com\\\/fr\\\/produit\\\/lavage-et-eclat\\\/#breadcrumb\",\"itemListElement\":[{\"@type\":\"ListItem\",\"position\":1,\"name\":\"Home\",\"item\":\"https:\\\/\\\/gliptoneeurope.com\\\/\"},{\"@type\":\"ListItem\",\"position\":2,\"name\":\"Boutique\",\"item\":\"https:\\\/\\\/gliptoneeurope.com\\\/fr\\\/boutique\\\/\"},{\"@type\":\"ListItem\",\"position\":3,\"name\":\"Lavage et \u00e9clat &#8211; 470 ml (16 oz)\"}]},{\"@type\":\"WebSite\",\"@id\":\"https:\\\/\\\/gliptoneeurope.com\\\/#website\",\"url\":\"https:\\\/\\\/gliptoneeurope.com\\\/\",\"name\":\"Gliptone Europe\",\"description\":\"Professional Car Detailing Products\",\"publisher\":{\"@id\":\"https:\\\/\\\/gliptoneeurope.com\\\/#organization\"},\"potentialAction\":[{\"@type\":\"SearchAction\",\"target\":{\"@type\":\"EntryPoint\",\"urlTemplate\":\"https:\\\/\\\/gliptoneeurope.com\\\/?s={search_term_string}\"},\"query-input\":{\"@type\":\"PropertyValueSpecification\",\"valueRequired\":true,\"valueName\":\"search_term_string\"}}],\"inLanguage\":\"fr-FR\"},{\"@type\":\"Organization\",\"@id\":\"https:\\\/\\\/gliptoneeurope.com\\\/#organization\",\"name\":\"Gliptone Europe\",\"url\":\"https:\\\/\\\/gliptoneeurope.com\\\/\",\"logo\":{\"@type\":\"ImageObject\",\"inLanguage\":\"fr-FR\",\"@id\":\"https:\\\/\\\/gliptoneeurope.com\\\/#\\\/schema\\\/logo\\\/image\\\/\",\"url\":\"https:\\\/\\\/gliptoneeurope.com\\\/wp-content\\\/uploads\\\/Gliptone_Logo.png\",\"contentUrl\":\"https:\\\/\\\/gliptoneeurope.com\\\/wp-content\\\/uploads\\\/Gliptone_Logo.png\",\"width\":1472,\"height\":607,\"caption\":\"Gliptone Europe\"},\"image\":{\"@id\":\"https:\\\/\\\/gliptoneeurope.com\\\/#\\\/schema\\\/logo\\\/image\\\/\"},\"sameAs\":[\"https:\\\/\\\/www.facebook.com\\\/gliptoneeurope\\\/\",\"https:\\\/\\\/www.instagram.com\\\/gliptoneeurope\\\/\",\"https:\\\/\\\/www.pinterest.co.uk\\\/GliptoneEurope\\\/\"]}]}<\/script>\n<!-- \/ Yoast SEO Premium plugin. -->","yoast_head_json":{"title":"Lavage et \u00e9clat - 470 ml (16 oz) - Gliptone Europe","description":"Wash-n-Glow est notre shampoing pour voiture de qualit\u00e9 sup\u00e9rieure au pH neutre, sans danger pour toutes les finitions \u00e0 la cire, et ne laissera aucun r\u00e9sidu ou tache d'eau apr\u00e8s utilisation.","robots":{"index":"index","follow":"follow","max-snippet":"max-snippet:-1","max-image-preview":"max-image-preview:large","max-video-preview":"max-video-preview:-1"},"canonical":"https:\/\/gliptoneeurope.com\/fr\/produit\/lavage-et-eclat\/","og_locale":"fr_FR","og_type":"article","og_title":"Lavage et \u00e9clat - 470 ml (16 oz)","og_description":"Wash-n-Glow est notre shampooing pour voiture de qualit\u00e9 sup\u00e9rieure au pH neutre, sans danger pour toutes les finitions \u00e0 la cire, et ne laissera aucun","og_url":"https:\/\/gliptoneeurope.com\/fr\/produit\/lavage-et-eclat\/","og_site_name":"Gliptone Europe","article_publisher":"https:\/\/www.facebook.com\/gliptoneeurope\/","article_modified_time":"2021-12-01T10:25:18+00:00","og_image":[{"width":1416,"height":1417,"url":"https:\/\/gliptoneeurope.com\/wp-content\/uploads\/Wash-n-Glow-470-ml-16oz.jpg","type":"image\/jpeg"}],"twitter_card":"summary_large_image","twitter_misc":{"Dur\u00e9e de lecture estim\u00e9e":"1 minute"},"schema":{"@context":"https:\/\/schema.org","@graph":[{"@type":"WebPage","@id":"https:\/\/gliptoneeurope.com\/fr\/produit\/lavage-et-eclat\/","url":"https:\/\/gliptoneeurope.com\/fr\/produit\/lavage-et-eclat\/","name":"Lavage et \u00e9clat - 470 ml (16 oz) - Gliptone Europe","isPartOf":{"@id":"https:\/\/gliptoneeurope.com\/#website"},"primaryImageOfPage":{"@id":"https:\/\/gliptoneeurope.com\/fr\/produit\/lavage-et-eclat\/#primaryimage"},"image":{"@id":"https:\/\/gliptoneeurope.com\/fr\/produit\/lavage-et-eclat\/#primaryimage"},"thumbnailUrl":"https:\/\/gliptoneeurope.com\/wp-content\/uploads\/Wash-n-Glow-470-ml-16oz.jpg","datePublished":"2021-12-01T10:25:09+00:00","dateModified":"2021-12-01T10:25:18+00:00","description":"Wash-n-Glow est notre shampoing pour voiture de qualit\u00e9 sup\u00e9rieure au pH neutre, sans danger pour toutes les finitions \u00e0 la cire, et ne laissera aucun r\u00e9sidu ou tache d'eau apr\u00e8s utilisation.","breadcrumb":{"@id":"https:\/\/gliptoneeurope.com\/fr\/produit\/lavage-et-eclat\/#breadcrumb"},"inLanguage":"fr-FR","potentialAction":[{"@type":"ReadAction","target":["https:\/\/gliptoneeurope.com\/fr\/produit\/lavage-et-eclat\/"]}]},{"@type":"ImageObject","inLanguage":"fr-FR","@id":"https:\/\/gliptoneeurope.com\/fr\/produit\/lavage-et-eclat\/#primaryimage","url":"https:\/\/gliptoneeurope.com\/wp-content\/uploads\/Wash-n-Glow-470-ml-16oz.jpg","contentUrl":"https:\/\/gliptoneeurope.com\/wp-content\/uploads\/Wash-n-Glow-470-ml-16oz.jpg","width":1416,"height":1417},{"@type":"BreadcrumbList","@id":"https:\/\/gliptoneeurope.com\/fr\/produit\/lavage-et-eclat\/#breadcrumb","itemListElement":[{"@type":"ListItem","position":1,"name":"Home","item":"https:\/\/gliptoneeurope.com\/"},{"@type":"ListItem","position":2,"name":"Boutique","item":"https:\/\/gliptoneeurope.com\/fr\/boutique\/"},{"@type":"ListItem","position":3,"name":"Lavage et \u00e9clat &#8211; 470 ml (16 oz)"}]},{"@type":"WebSite","@id":"https:\/\/gliptoneeurope.com\/#website","url":"https:\/\/gliptoneeurope.com\/","name":"Gliptone Europe","description":"Professional Car Detailing Products","publisher":{"@id":"https:\/\/gliptoneeurope.com\/#organization"},"potentialAction":[{"@type":"SearchAction","target":{"@type":"EntryPoint","urlTemplate":"https:\/\/gliptoneeurope.com\/?s={search_term_string}"},"query-input":{"@type":"PropertyValueSpecification","valueRequired":true,"valueName":"search_term_string"}}],"inLanguage":"fr-FR"},{"@type":"Organization","@id":"https:\/\/gliptoneeurope.com\/#organization","name":"Gliptone Europe","url":"https:\/\/gliptoneeurope.com\/","logo":{"@type":"ImageObject","inLanguage":"fr-FR","@id":"https:\/\/gliptoneeurope.com\/#\/schema\/logo\/image\/","url":"https:\/\/gliptoneeurope.com\/wp-content\/uploads\/Gliptone_Logo.png","contentUrl":"https:\/\/gliptoneeurope.com\/wp-content\/uploads\/Gliptone_Logo.png","width":1472,"height":607,"caption":"Gliptone Europe"},"image":{"@id":"https:\/\/gliptoneeurope.com\/#\/schema\/logo\/image\/"},"sameAs":["https:\/\/www.facebook.com\/gliptoneeurope\/","https:\/\/www.instagram.com\/gliptoneeurope\/","https:\/\/www.pinterest.co.uk\/GliptoneEurope\/"]}]}},"wcpa_form_fields":null,"_links":{"self":[{"href":"https:\/\/gliptoneeurope.com\/fr\/wp-json\/wp\/v2\/product\/12255","targetHints":{"allow":["GET"]}}],"collection":[{"href":"https:\/\/gliptoneeurope.com\/fr\/wp-json\/wp\/v2\/product"}],"about":[{"href":"https:\/\/gliptoneeurope.com\/fr\/wp-json\/wp\/v2\/types\/product"}],"wp:featuredmedia":[{"embeddable":true,"href":"https:\/\/gliptoneeurope.com\/fr\/wp-json\/wp\/v2\/media\/10748"}],"wp:attachment":[{"href":"https:\/\/gliptoneeurope.com\/fr\/wp-json\/wp\/v2\/media?parent=12255"}],"wp:term":[{"taxonomy":"product_brand","embeddable":true,"href":"https:\/\/gliptoneeurope.com\/fr\/wp-json\/wp\/v2\/product_brand?post=12255"},{"taxonomy":"product_cat","embeddable":true,"href":"https:\/\/gliptoneeurope.com\/fr\/wp-json\/wp\/v2\/product_cat?post=12255"},{"taxonomy":"product_tag","embeddable":true,"href":"https:\/\/gliptoneeurope.com\/fr\/wp-json\/wp\/v2\/product_tag?post=12255"}],"curies":[{"name":"wp","href":"https:\/\/api.w.org\/{rel}","templated":true}]}}