{"id":12251,"date":"2020-03-16T17:47:30","date_gmt":"2021-11-30T11:49:19","guid":{"rendered":"https:\/\/gliptoneeurope.com\/product\/foam-blizzard-savon-a-canon-en-mousse\/"},"modified":"2021-11-30T11:49:19","modified_gmt":"2021-11-30T11:49:19","slug":"mousse-blizzard-mousse-canon-savon","status":"publish","type":"product","link":"https:\/\/gliptoneeurope.com\/fr\/produit\/mousse-blizzard-mousse-canon-savon\/","title":{"rendered":"Foam Blizzard &#8211; Savon \u00e0 canon en mousse"},"content":{"rendered":"<p>Foam Blizard est un d\u00e9tergent \u00e0 canon \u00e0 mousse sp\u00e9cialement con\u00e7u qui distribue une couche uniforme de mousse \u00ab&nbsp;Frothy&nbsp;\u00bb sans danger sur toutes les surfaces peintes, en verre et en plastique. Lorsqu&#8217;il est combin\u00e9 avec le gant de lavage Softouch de GLIPTONE, il s&#8217;agit d&#8217;un syst\u00e8me de nettoyage tr\u00e8s efficace et doux qui peut soulever et \u00e9liminer la plupart des formes de film routier et de salet\u00e9.<\/p>\n<p>16 onces.<\/p>\n","protected":false},"excerpt":{"rendered":"<p>Foam Blizard est un d\u00e9tergent \u00e0 canon \u00e0 mousse sp\u00e9cialement con\u00e7u qui distribue une couche uniforme de mousse \u00ab&nbsp;Frothy&nbsp;\u00bb sans danger sur toutes les surfaces peintes, en verre et en plastique. Lorsqu&#8217;il est combin\u00e9 avec le gant de lavage Softouch de GLIPTONE, il s&#8217;agit d&#8217;un syst\u00e8me de nettoyage tr\u00e8s efficace et doux qui peut soulever [&hellip;]<\/p>\n","protected":false},"featured_media":10638,"template":"","meta":[],"product_brand":[],"product_cat":[116],"product_tag":[],"class_list":{"0":"post-12251","1":"product","2":"type-product","3":"status-publish","4":"has-post-thumbnail","6":"product_cat-preparation-nettoyage","8":"first","9":"instock","10":"taxable","11":"shipping-taxable","12":"purchasable","13":"product-type-variable"},"yoast_head":"<!-- This site is optimized with the Yoast SEO Premium plugin v21.4 (Yoast SEO v27.4) - https:\/\/yoast.com\/product\/yoast-seo-premium-wordpress\/ -->\n<title>Foam Blizzard - Savon \u00e0 canon en mousse - Gliptone Europe<\/title>\n<meta name=\"description\" content=\"Foam Blizard est un d\u00e9tergent \u00e0 canon \u00e0 mousse sp\u00e9cialement con\u00e7u qui distribue une couche uniforme de mousse \u00ab\u00a0Frothy\u00a0\u00bb sans danger sur toutes les surfaces peintes, en verre et en plastique.\" \/>\n<meta name=\"robots\" content=\"index, follow, max-snippet:-1, max-image-preview:large, max-video-preview:-1\" \/>\n<link rel=\"canonical\" href=\"https:\/\/gliptoneeurope.com\/fr\/produit\/mousse-blizzard-mousse-canon-savon\/\" \/>\n<meta property=\"og:locale\" content=\"fr_FR\" \/>\n<meta property=\"og:type\" content=\"article\" \/>\n<meta property=\"og:title\" content=\"Foam Blizzard - Savon \u00e0 canon en mousse\" \/>\n<meta property=\"og:description\" content=\"Foam Blizard est un d\u00e9tergent \u00e0 canon \u00e0 mousse sp\u00e9cialement con\u00e7u qui distribue une couche uniforme de mousse \u00ab&nbsp;Frothy&nbsp;\u00bb sans danger sur toutes\" \/>\n<meta property=\"og:url\" content=\"https:\/\/gliptoneeurope.com\/fr\/produit\/mousse-blizzard-mousse-canon-savon\/\" \/>\n<meta property=\"og:site_name\" content=\"Gliptone Europe\" \/>\n<meta property=\"article:publisher\" content=\"https:\/\/www.facebook.com\/gliptoneeurope\/\" \/>\n<meta property=\"og:image\" content=\"https:\/\/gliptoneeurope.com\/wp-content\/uploads\/Foam-Blizzard-470ml-16oz.jpg\" \/>\n\t<meta property=\"og:image:width\" content=\"1407\" \/>\n\t<meta property=\"og:image:height\" content=\"1407\" \/>\n\t<meta property=\"og:image:type\" content=\"image\/jpeg\" \/>\n<meta name=\"twitter:card\" content=\"summary_large_image\" \/>\n<script type=\"application\/ld+json\" class=\"yoast-schema-graph\">{\"@context\":\"https:\\\/\\\/schema.org\",\"@graph\":[{\"@type\":\"WebPage\",\"@id\":\"https:\\\/\\\/gliptoneeurope.com\\\/fr\\\/produit\\\/mousse-blizzard-mousse-canon-savon\\\/\",\"url\":\"https:\\\/\\\/gliptoneeurope.com\\\/fr\\\/produit\\\/mousse-blizzard-mousse-canon-savon\\\/\",\"name\":\"Foam Blizzard - Savon \u00e0 canon en mousse - Gliptone Europe\",\"isPartOf\":{\"@id\":\"https:\\\/\\\/gliptoneeurope.com\\\/#website\"},\"primaryImageOfPage\":{\"@id\":\"https:\\\/\\\/gliptoneeurope.com\\\/fr\\\/produit\\\/mousse-blizzard-mousse-canon-savon\\\/#primaryimage\"},\"image\":{\"@id\":\"https:\\\/\\\/gliptoneeurope.com\\\/fr\\\/produit\\\/mousse-blizzard-mousse-canon-savon\\\/#primaryimage\"},\"thumbnailUrl\":\"https:\\\/\\\/gliptoneeurope.com\\\/wp-content\\\/uploads\\\/Foam-Blizzard-470ml-16oz.jpg\",\"datePublished\":\"2021-11-30T11:49:19+00:00\",\"description\":\"Foam Blizard est un d\u00e9tergent \u00e0 canon \u00e0 mousse sp\u00e9cialement con\u00e7u qui distribue une couche uniforme de mousse \u00ab\u00a0Frothy\u00a0\u00bb sans danger sur toutes les surfaces peintes, en verre et en plastique.\",\"breadcrumb\":{\"@id\":\"https:\\\/\\\/gliptoneeurope.com\\\/fr\\\/produit\\\/mousse-blizzard-mousse-canon-savon\\\/#breadcrumb\"},\"inLanguage\":\"fr-FR\",\"potentialAction\":[{\"@type\":\"ReadAction\",\"target\":[\"https:\\\/\\\/gliptoneeurope.com\\\/fr\\\/produit\\\/mousse-blizzard-mousse-canon-savon\\\/\"]}]},{\"@type\":\"ImageObject\",\"inLanguage\":\"fr-FR\",\"@id\":\"https:\\\/\\\/gliptoneeurope.com\\\/fr\\\/produit\\\/mousse-blizzard-mousse-canon-savon\\\/#primaryimage\",\"url\":\"https:\\\/\\\/gliptoneeurope.com\\\/wp-content\\\/uploads\\\/Foam-Blizzard-470ml-16oz.jpg\",\"contentUrl\":\"https:\\\/\\\/gliptoneeurope.com\\\/wp-content\\\/uploads\\\/Foam-Blizzard-470ml-16oz.jpg\",\"width\":1407,\"height\":1407},{\"@type\":\"BreadcrumbList\",\"@id\":\"https:\\\/\\\/gliptoneeurope.com\\\/fr\\\/produit\\\/mousse-blizzard-mousse-canon-savon\\\/#breadcrumb\",\"itemListElement\":[{\"@type\":\"ListItem\",\"position\":1,\"name\":\"Home\",\"item\":\"https:\\\/\\\/gliptoneeurope.com\\\/\"},{\"@type\":\"ListItem\",\"position\":2,\"name\":\"Boutique\",\"item\":\"https:\\\/\\\/gliptoneeurope.com\\\/fr\\\/boutique\\\/\"},{\"@type\":\"ListItem\",\"position\":3,\"name\":\"Foam Blizzard &#8211; Savon \u00e0 canon en mousse\"}]},{\"@type\":\"WebSite\",\"@id\":\"https:\\\/\\\/gliptoneeurope.com\\\/#website\",\"url\":\"https:\\\/\\\/gliptoneeurope.com\\\/\",\"name\":\"Gliptone Europe\",\"description\":\"Professional Car Detailing Products\",\"publisher\":{\"@id\":\"https:\\\/\\\/gliptoneeurope.com\\\/#organization\"},\"potentialAction\":[{\"@type\":\"SearchAction\",\"target\":{\"@type\":\"EntryPoint\",\"urlTemplate\":\"https:\\\/\\\/gliptoneeurope.com\\\/?s={search_term_string}\"},\"query-input\":{\"@type\":\"PropertyValueSpecification\",\"valueRequired\":true,\"valueName\":\"search_term_string\"}}],\"inLanguage\":\"fr-FR\"},{\"@type\":\"Organization\",\"@id\":\"https:\\\/\\\/gliptoneeurope.com\\\/#organization\",\"name\":\"Gliptone Europe\",\"url\":\"https:\\\/\\\/gliptoneeurope.com\\\/\",\"logo\":{\"@type\":\"ImageObject\",\"inLanguage\":\"fr-FR\",\"@id\":\"https:\\\/\\\/gliptoneeurope.com\\\/#\\\/schema\\\/logo\\\/image\\\/\",\"url\":\"https:\\\/\\\/gliptoneeurope.com\\\/wp-content\\\/uploads\\\/Gliptone_Logo.png\",\"contentUrl\":\"https:\\\/\\\/gliptoneeurope.com\\\/wp-content\\\/uploads\\\/Gliptone_Logo.png\",\"width\":1472,\"height\":607,\"caption\":\"Gliptone Europe\"},\"image\":{\"@id\":\"https:\\\/\\\/gliptoneeurope.com\\\/#\\\/schema\\\/logo\\\/image\\\/\"},\"sameAs\":[\"https:\\\/\\\/www.facebook.com\\\/gliptoneeurope\\\/\",\"https:\\\/\\\/www.instagram.com\\\/gliptoneeurope\\\/\",\"https:\\\/\\\/www.pinterest.co.uk\\\/GliptoneEurope\\\/\"]}]}<\/script>\n<!-- \/ Yoast SEO Premium plugin. -->","yoast_head_json":{"title":"Foam Blizzard - Savon \u00e0 canon en mousse - Gliptone Europe","description":"Foam Blizard est un d\u00e9tergent \u00e0 canon \u00e0 mousse sp\u00e9cialement con\u00e7u qui distribue une couche uniforme de mousse \u00ab\u00a0Frothy\u00a0\u00bb sans danger sur toutes les surfaces peintes, en verre et en plastique.","robots":{"index":"index","follow":"follow","max-snippet":"max-snippet:-1","max-image-preview":"max-image-preview:large","max-video-preview":"max-video-preview:-1"},"canonical":"https:\/\/gliptoneeurope.com\/fr\/produit\/mousse-blizzard-mousse-canon-savon\/","og_locale":"fr_FR","og_type":"article","og_title":"Foam Blizzard - Savon \u00e0 canon en mousse","og_description":"Foam Blizard est un d\u00e9tergent \u00e0 canon \u00e0 mousse sp\u00e9cialement con\u00e7u qui distribue une couche uniforme de mousse \u00ab&nbsp;Frothy&nbsp;\u00bb sans danger sur toutes","og_url":"https:\/\/gliptoneeurope.com\/fr\/produit\/mousse-blizzard-mousse-canon-savon\/","og_site_name":"Gliptone Europe","article_publisher":"https:\/\/www.facebook.com\/gliptoneeurope\/","og_image":[{"width":1407,"height":1407,"url":"https:\/\/gliptoneeurope.com\/wp-content\/uploads\/Foam-Blizzard-470ml-16oz.jpg","type":"image\/jpeg"}],"twitter_card":"summary_large_image","schema":{"@context":"https:\/\/schema.org","@graph":[{"@type":"WebPage","@id":"https:\/\/gliptoneeurope.com\/fr\/produit\/mousse-blizzard-mousse-canon-savon\/","url":"https:\/\/gliptoneeurope.com\/fr\/produit\/mousse-blizzard-mousse-canon-savon\/","name":"Foam Blizzard - Savon \u00e0 canon en mousse - Gliptone Europe","isPartOf":{"@id":"https:\/\/gliptoneeurope.com\/#website"},"primaryImageOfPage":{"@id":"https:\/\/gliptoneeurope.com\/fr\/produit\/mousse-blizzard-mousse-canon-savon\/#primaryimage"},"image":{"@id":"https:\/\/gliptoneeurope.com\/fr\/produit\/mousse-blizzard-mousse-canon-savon\/#primaryimage"},"thumbnailUrl":"https:\/\/gliptoneeurope.com\/wp-content\/uploads\/Foam-Blizzard-470ml-16oz.jpg","datePublished":"2021-11-30T11:49:19+00:00","description":"Foam Blizard est un d\u00e9tergent \u00e0 canon \u00e0 mousse sp\u00e9cialement con\u00e7u qui distribue une couche uniforme de mousse \u00ab\u00a0Frothy\u00a0\u00bb sans danger sur toutes les surfaces peintes, en verre et en plastique.","breadcrumb":{"@id":"https:\/\/gliptoneeurope.com\/fr\/produit\/mousse-blizzard-mousse-canon-savon\/#breadcrumb"},"inLanguage":"fr-FR","potentialAction":[{"@type":"ReadAction","target":["https:\/\/gliptoneeurope.com\/fr\/produit\/mousse-blizzard-mousse-canon-savon\/"]}]},{"@type":"ImageObject","inLanguage":"fr-FR","@id":"https:\/\/gliptoneeurope.com\/fr\/produit\/mousse-blizzard-mousse-canon-savon\/#primaryimage","url":"https:\/\/gliptoneeurope.com\/wp-content\/uploads\/Foam-Blizzard-470ml-16oz.jpg","contentUrl":"https:\/\/gliptoneeurope.com\/wp-content\/uploads\/Foam-Blizzard-470ml-16oz.jpg","width":1407,"height":1407},{"@type":"BreadcrumbList","@id":"https:\/\/gliptoneeurope.com\/fr\/produit\/mousse-blizzard-mousse-canon-savon\/#breadcrumb","itemListElement":[{"@type":"ListItem","position":1,"name":"Home","item":"https:\/\/gliptoneeurope.com\/"},{"@type":"ListItem","position":2,"name":"Boutique","item":"https:\/\/gliptoneeurope.com\/fr\/boutique\/"},{"@type":"ListItem","position":3,"name":"Foam Blizzard &#8211; Savon \u00e0 canon en mousse"}]},{"@type":"WebSite","@id":"https:\/\/gliptoneeurope.com\/#website","url":"https:\/\/gliptoneeurope.com\/","name":"Gliptone Europe","description":"Professional Car Detailing Products","publisher":{"@id":"https:\/\/gliptoneeurope.com\/#organization"},"potentialAction":[{"@type":"SearchAction","target":{"@type":"EntryPoint","urlTemplate":"https:\/\/gliptoneeurope.com\/?s={search_term_string}"},"query-input":{"@type":"PropertyValueSpecification","valueRequired":true,"valueName":"search_term_string"}}],"inLanguage":"fr-FR"},{"@type":"Organization","@id":"https:\/\/gliptoneeurope.com\/#organization","name":"Gliptone Europe","url":"https:\/\/gliptoneeurope.com\/","logo":{"@type":"ImageObject","inLanguage":"fr-FR","@id":"https:\/\/gliptoneeurope.com\/#\/schema\/logo\/image\/","url":"https:\/\/gliptoneeurope.com\/wp-content\/uploads\/Gliptone_Logo.png","contentUrl":"https:\/\/gliptoneeurope.com\/wp-content\/uploads\/Gliptone_Logo.png","width":1472,"height":607,"caption":"Gliptone Europe"},"image":{"@id":"https:\/\/gliptoneeurope.com\/#\/schema\/logo\/image\/"},"sameAs":["https:\/\/www.facebook.com\/gliptoneeurope\/","https:\/\/www.instagram.com\/gliptoneeurope\/","https:\/\/www.pinterest.co.uk\/GliptoneEurope\/"]}]}},"wcpa_form_fields":null,"_links":{"self":[{"href":"https:\/\/gliptoneeurope.com\/fr\/wp-json\/wp\/v2\/product\/12251","targetHints":{"allow":["GET"]}}],"collection":[{"href":"https:\/\/gliptoneeurope.com\/fr\/wp-json\/wp\/v2\/product"}],"about":[{"href":"https:\/\/gliptoneeurope.com\/fr\/wp-json\/wp\/v2\/types\/product"}],"wp:featuredmedia":[{"embeddable":true,"href":"https:\/\/gliptoneeurope.com\/fr\/wp-json\/wp\/v2\/media\/10638"}],"wp:attachment":[{"href":"https:\/\/gliptoneeurope.com\/fr\/wp-json\/wp\/v2\/media?parent=12251"}],"wp:term":[{"taxonomy":"product_brand","embeddable":true,"href":"https:\/\/gliptoneeurope.com\/fr\/wp-json\/wp\/v2\/product_brand?post=12251"},{"taxonomy":"product_cat","embeddable":true,"href":"https:\/\/gliptoneeurope.com\/fr\/wp-json\/wp\/v2\/product_cat?post=12251"},{"taxonomy":"product_tag","embeddable":true,"href":"https:\/\/gliptoneeurope.com\/fr\/wp-json\/wp\/v2\/product_tag?post=12251"}],"curies":[{"name":"wp","href":"https:\/\/api.w.org\/{rel}","templated":true}]}}