{"id":12249,"date":"2020-03-17T22:33:16","date_gmt":"2021-11-30T11:49:15","guid":{"rendered":"https:\/\/gliptoneeurope.com\/product\/savon-a-canon-en-mousse-foam-blizzard-plus\/"},"modified":"2021-11-30T11:49:15","modified_gmt":"2021-11-30T11:49:15","slug":"mousse-blizzard-plus-mousse-canon-savon","status":"publish","type":"product","link":"https:\/\/gliptoneeurope.com\/fr\/produit\/mousse-blizzard-plus-mousse-canon-savon\/","title":{"rendered":"Savon \u00e0 canon en mousse Foam Blizzard Plus"},"content":{"rendered":"<p>Foam Blizzard Plus est un d\u00e9tergent sp\u00e9cialement con\u00e7u pour notre canon \u00e0 mousse avec rehausseurs de brillance qui distribue une couche uniforme de mousse \u00ab mousseuse \u00bb sans danger sur toutes les surfaces peintes, en verre et en plastique. Lorsqu&#8217;il est combin\u00e9 avec <a href=\"https:\/\/gliptoneeurope.com\/product\/softouch-premium-microfiber-wash-mitt\/\">le gant de lavage Softouch de Gliptone,<\/a> il s&#8217;agit d&#8217;un syst\u00e8me de nettoyage tr\u00e8s efficace et doux qui peut soulever et \u00e9liminer la plupart des formes de film routier et de salet\u00e9.<\/p>\n<p>16 onces.<\/p>\n","protected":false},"excerpt":{"rendered":"<p>Foam Blizzard Plus est un d\u00e9tergent sp\u00e9cialement con\u00e7u pour notre canon \u00e0 mousse avec rehausseurs de brillance qui distribue une couche uniforme de mousse \u00ab mousseuse \u00bb sans danger sur toutes les surfaces peintes, en verre et en plastique. Lorsqu&#8217;il est combin\u00e9 avec le gant de lavage Softouch de Gliptone, il s&#8217;agit d&#8217;un syst\u00e8me de [&hellip;]<\/p>\n","protected":false},"featured_media":10642,"template":"","meta":[],"product_brand":[],"product_cat":[116],"product_tag":[],"class_list":{"0":"post-12249","1":"product","2":"type-product","3":"status-publish","4":"has-post-thumbnail","6":"product_cat-preparation-nettoyage","8":"first","9":"instock","10":"taxable","11":"shipping-taxable","12":"purchasable","13":"product-type-variable"},"yoast_head":"<!-- This site is optimized with the Yoast SEO Premium plugin v21.4 (Yoast SEO v27.4) - https:\/\/yoast.com\/product\/yoast-seo-premium-wordpress\/ -->\n<title>Savon \u00e0 canon en mousse Foam Blizzard Plus - Gliptone Europe<\/title>\n<meta name=\"description\" content=\"Foam Blizzard Plus est un d\u00e9tergent sp\u00e9cialement con\u00e7u pour Foam Cannon avec des rehausseurs de brillance qui distribue une couche uniforme de mousse \u00ab\u00a0Mousseuse\u00a0\u00bb qui est sans danger sur toutes les surfaces peintes, en verre et en plastique.\" \/>\n<meta name=\"robots\" content=\"index, follow, max-snippet:-1, max-image-preview:large, max-video-preview:-1\" \/>\n<link rel=\"canonical\" href=\"https:\/\/gliptoneeurope.com\/fr\/produit\/mousse-blizzard-plus-mousse-canon-savon\/\" \/>\n<meta property=\"og:locale\" content=\"fr_FR\" \/>\n<meta property=\"og:type\" content=\"article\" \/>\n<meta property=\"og:title\" content=\"Savon \u00e0 canon en mousse Foam Blizzard Plus\" \/>\n<meta property=\"og:description\" content=\"Foam Blizzard Plus est un d\u00e9tergent sp\u00e9cialement con\u00e7u pour notre canon \u00e0 mousse avec rehausseurs de brillance qui distribue une couche uniforme de mousse\" \/>\n<meta property=\"og:url\" content=\"https:\/\/gliptoneeurope.com\/fr\/produit\/mousse-blizzard-plus-mousse-canon-savon\/\" \/>\n<meta property=\"og:site_name\" content=\"Gliptone Europe\" \/>\n<meta property=\"article:publisher\" content=\"https:\/\/www.facebook.com\/gliptoneeurope\/\" \/>\n<meta property=\"og:image\" content=\"https:\/\/gliptoneeurope.com\/wp-content\/uploads\/Foam-Blizzard-Plus-470ml-16oz.jpg\" \/>\n\t<meta property=\"og:image:width\" content=\"1413\" \/>\n\t<meta property=\"og:image:height\" content=\"1414\" \/>\n\t<meta property=\"og:image:type\" content=\"image\/jpeg\" \/>\n<meta name=\"twitter:card\" content=\"summary_large_image\" \/>\n<script type=\"application\/ld+json\" class=\"yoast-schema-graph\">{\"@context\":\"https:\\\/\\\/schema.org\",\"@graph\":[{\"@type\":\"WebPage\",\"@id\":\"https:\\\/\\\/gliptoneeurope.com\\\/fr\\\/produit\\\/mousse-blizzard-plus-mousse-canon-savon\\\/\",\"url\":\"https:\\\/\\\/gliptoneeurope.com\\\/fr\\\/produit\\\/mousse-blizzard-plus-mousse-canon-savon\\\/\",\"name\":\"Savon \u00e0 canon en mousse Foam Blizzard Plus - Gliptone Europe\",\"isPartOf\":{\"@id\":\"https:\\\/\\\/gliptoneeurope.com\\\/#website\"},\"primaryImageOfPage\":{\"@id\":\"https:\\\/\\\/gliptoneeurope.com\\\/fr\\\/produit\\\/mousse-blizzard-plus-mousse-canon-savon\\\/#primaryimage\"},\"image\":{\"@id\":\"https:\\\/\\\/gliptoneeurope.com\\\/fr\\\/produit\\\/mousse-blizzard-plus-mousse-canon-savon\\\/#primaryimage\"},\"thumbnailUrl\":\"https:\\\/\\\/gliptoneeurope.com\\\/wp-content\\\/uploads\\\/Foam-Blizzard-Plus-470ml-16oz.jpg\",\"datePublished\":\"2021-11-30T11:49:15+00:00\",\"description\":\"Foam Blizzard Plus est un d\u00e9tergent sp\u00e9cialement con\u00e7u pour Foam Cannon avec des rehausseurs de brillance qui distribue une couche uniforme de mousse \u00ab\u00a0Mousseuse\u00a0\u00bb qui est sans danger sur toutes les surfaces peintes, en verre et en plastique.\",\"breadcrumb\":{\"@id\":\"https:\\\/\\\/gliptoneeurope.com\\\/fr\\\/produit\\\/mousse-blizzard-plus-mousse-canon-savon\\\/#breadcrumb\"},\"inLanguage\":\"fr-FR\",\"potentialAction\":[{\"@type\":\"ReadAction\",\"target\":[\"https:\\\/\\\/gliptoneeurope.com\\\/fr\\\/produit\\\/mousse-blizzard-plus-mousse-canon-savon\\\/\"]}]},{\"@type\":\"ImageObject\",\"inLanguage\":\"fr-FR\",\"@id\":\"https:\\\/\\\/gliptoneeurope.com\\\/fr\\\/produit\\\/mousse-blizzard-plus-mousse-canon-savon\\\/#primaryimage\",\"url\":\"https:\\\/\\\/gliptoneeurope.com\\\/wp-content\\\/uploads\\\/Foam-Blizzard-Plus-470ml-16oz.jpg\",\"contentUrl\":\"https:\\\/\\\/gliptoneeurope.com\\\/wp-content\\\/uploads\\\/Foam-Blizzard-Plus-470ml-16oz.jpg\",\"width\":1413,\"height\":1414},{\"@type\":\"BreadcrumbList\",\"@id\":\"https:\\\/\\\/gliptoneeurope.com\\\/fr\\\/produit\\\/mousse-blizzard-plus-mousse-canon-savon\\\/#breadcrumb\",\"itemListElement\":[{\"@type\":\"ListItem\",\"position\":1,\"name\":\"Home\",\"item\":\"https:\\\/\\\/gliptoneeurope.com\\\/\"},{\"@type\":\"ListItem\",\"position\":2,\"name\":\"Boutique\",\"item\":\"https:\\\/\\\/gliptoneeurope.com\\\/fr\\\/boutique\\\/\"},{\"@type\":\"ListItem\",\"position\":3,\"name\":\"Savon \u00e0 canon en mousse Foam Blizzard Plus\"}]},{\"@type\":\"WebSite\",\"@id\":\"https:\\\/\\\/gliptoneeurope.com\\\/#website\",\"url\":\"https:\\\/\\\/gliptoneeurope.com\\\/\",\"name\":\"Gliptone Europe\",\"description\":\"Professional Car Detailing Products\",\"publisher\":{\"@id\":\"https:\\\/\\\/gliptoneeurope.com\\\/#organization\"},\"potentialAction\":[{\"@type\":\"SearchAction\",\"target\":{\"@type\":\"EntryPoint\",\"urlTemplate\":\"https:\\\/\\\/gliptoneeurope.com\\\/?s={search_term_string}\"},\"query-input\":{\"@type\":\"PropertyValueSpecification\",\"valueRequired\":true,\"valueName\":\"search_term_string\"}}],\"inLanguage\":\"fr-FR\"},{\"@type\":\"Organization\",\"@id\":\"https:\\\/\\\/gliptoneeurope.com\\\/#organization\",\"name\":\"Gliptone Europe\",\"url\":\"https:\\\/\\\/gliptoneeurope.com\\\/\",\"logo\":{\"@type\":\"ImageObject\",\"inLanguage\":\"fr-FR\",\"@id\":\"https:\\\/\\\/gliptoneeurope.com\\\/#\\\/schema\\\/logo\\\/image\\\/\",\"url\":\"https:\\\/\\\/gliptoneeurope.com\\\/wp-content\\\/uploads\\\/Gliptone_Logo.png\",\"contentUrl\":\"https:\\\/\\\/gliptoneeurope.com\\\/wp-content\\\/uploads\\\/Gliptone_Logo.png\",\"width\":1472,\"height\":607,\"caption\":\"Gliptone Europe\"},\"image\":{\"@id\":\"https:\\\/\\\/gliptoneeurope.com\\\/#\\\/schema\\\/logo\\\/image\\\/\"},\"sameAs\":[\"https:\\\/\\\/www.facebook.com\\\/gliptoneeurope\\\/\",\"https:\\\/\\\/www.instagram.com\\\/gliptoneeurope\\\/\",\"https:\\\/\\\/www.pinterest.co.uk\\\/GliptoneEurope\\\/\"]}]}<\/script>\n<!-- \/ Yoast SEO Premium plugin. -->","yoast_head_json":{"title":"Savon \u00e0 canon en mousse Foam Blizzard Plus - Gliptone Europe","description":"Foam Blizzard Plus est un d\u00e9tergent sp\u00e9cialement con\u00e7u pour Foam Cannon avec des rehausseurs de brillance qui distribue une couche uniforme de mousse \u00ab\u00a0Mousseuse\u00a0\u00bb qui est sans danger sur toutes les surfaces peintes, en verre et en plastique.","robots":{"index":"index","follow":"follow","max-snippet":"max-snippet:-1","max-image-preview":"max-image-preview:large","max-video-preview":"max-video-preview:-1"},"canonical":"https:\/\/gliptoneeurope.com\/fr\/produit\/mousse-blizzard-plus-mousse-canon-savon\/","og_locale":"fr_FR","og_type":"article","og_title":"Savon \u00e0 canon en mousse Foam Blizzard Plus","og_description":"Foam Blizzard Plus est un d\u00e9tergent sp\u00e9cialement con\u00e7u pour notre canon \u00e0 mousse avec rehausseurs de brillance qui distribue une couche uniforme de mousse","og_url":"https:\/\/gliptoneeurope.com\/fr\/produit\/mousse-blizzard-plus-mousse-canon-savon\/","og_site_name":"Gliptone Europe","article_publisher":"https:\/\/www.facebook.com\/gliptoneeurope\/","og_image":[{"width":1413,"height":1414,"url":"https:\/\/gliptoneeurope.com\/wp-content\/uploads\/Foam-Blizzard-Plus-470ml-16oz.jpg","type":"image\/jpeg"}],"twitter_card":"summary_large_image","schema":{"@context":"https:\/\/schema.org","@graph":[{"@type":"WebPage","@id":"https:\/\/gliptoneeurope.com\/fr\/produit\/mousse-blizzard-plus-mousse-canon-savon\/","url":"https:\/\/gliptoneeurope.com\/fr\/produit\/mousse-blizzard-plus-mousse-canon-savon\/","name":"Savon \u00e0 canon en mousse Foam Blizzard Plus - Gliptone Europe","isPartOf":{"@id":"https:\/\/gliptoneeurope.com\/#website"},"primaryImageOfPage":{"@id":"https:\/\/gliptoneeurope.com\/fr\/produit\/mousse-blizzard-plus-mousse-canon-savon\/#primaryimage"},"image":{"@id":"https:\/\/gliptoneeurope.com\/fr\/produit\/mousse-blizzard-plus-mousse-canon-savon\/#primaryimage"},"thumbnailUrl":"https:\/\/gliptoneeurope.com\/wp-content\/uploads\/Foam-Blizzard-Plus-470ml-16oz.jpg","datePublished":"2021-11-30T11:49:15+00:00","description":"Foam Blizzard Plus est un d\u00e9tergent sp\u00e9cialement con\u00e7u pour Foam Cannon avec des rehausseurs de brillance qui distribue une couche uniforme de mousse \u00ab\u00a0Mousseuse\u00a0\u00bb qui est sans danger sur toutes les surfaces peintes, en verre et en plastique.","breadcrumb":{"@id":"https:\/\/gliptoneeurope.com\/fr\/produit\/mousse-blizzard-plus-mousse-canon-savon\/#breadcrumb"},"inLanguage":"fr-FR","potentialAction":[{"@type":"ReadAction","target":["https:\/\/gliptoneeurope.com\/fr\/produit\/mousse-blizzard-plus-mousse-canon-savon\/"]}]},{"@type":"ImageObject","inLanguage":"fr-FR","@id":"https:\/\/gliptoneeurope.com\/fr\/produit\/mousse-blizzard-plus-mousse-canon-savon\/#primaryimage","url":"https:\/\/gliptoneeurope.com\/wp-content\/uploads\/Foam-Blizzard-Plus-470ml-16oz.jpg","contentUrl":"https:\/\/gliptoneeurope.com\/wp-content\/uploads\/Foam-Blizzard-Plus-470ml-16oz.jpg","width":1413,"height":1414},{"@type":"BreadcrumbList","@id":"https:\/\/gliptoneeurope.com\/fr\/produit\/mousse-blizzard-plus-mousse-canon-savon\/#breadcrumb","itemListElement":[{"@type":"ListItem","position":1,"name":"Home","item":"https:\/\/gliptoneeurope.com\/"},{"@type":"ListItem","position":2,"name":"Boutique","item":"https:\/\/gliptoneeurope.com\/fr\/boutique\/"},{"@type":"ListItem","position":3,"name":"Savon \u00e0 canon en mousse Foam Blizzard Plus"}]},{"@type":"WebSite","@id":"https:\/\/gliptoneeurope.com\/#website","url":"https:\/\/gliptoneeurope.com\/","name":"Gliptone Europe","description":"Professional Car Detailing Products","publisher":{"@id":"https:\/\/gliptoneeurope.com\/#organization"},"potentialAction":[{"@type":"SearchAction","target":{"@type":"EntryPoint","urlTemplate":"https:\/\/gliptoneeurope.com\/?s={search_term_string}"},"query-input":{"@type":"PropertyValueSpecification","valueRequired":true,"valueName":"search_term_string"}}],"inLanguage":"fr-FR"},{"@type":"Organization","@id":"https:\/\/gliptoneeurope.com\/#organization","name":"Gliptone Europe","url":"https:\/\/gliptoneeurope.com\/","logo":{"@type":"ImageObject","inLanguage":"fr-FR","@id":"https:\/\/gliptoneeurope.com\/#\/schema\/logo\/image\/","url":"https:\/\/gliptoneeurope.com\/wp-content\/uploads\/Gliptone_Logo.png","contentUrl":"https:\/\/gliptoneeurope.com\/wp-content\/uploads\/Gliptone_Logo.png","width":1472,"height":607,"caption":"Gliptone Europe"},"image":{"@id":"https:\/\/gliptoneeurope.com\/#\/schema\/logo\/image\/"},"sameAs":["https:\/\/www.facebook.com\/gliptoneeurope\/","https:\/\/www.instagram.com\/gliptoneeurope\/","https:\/\/www.pinterest.co.uk\/GliptoneEurope\/"]}]}},"wcpa_form_fields":null,"_links":{"self":[{"href":"https:\/\/gliptoneeurope.com\/fr\/wp-json\/wp\/v2\/product\/12249","targetHints":{"allow":["GET"]}}],"collection":[{"href":"https:\/\/gliptoneeurope.com\/fr\/wp-json\/wp\/v2\/product"}],"about":[{"href":"https:\/\/gliptoneeurope.com\/fr\/wp-json\/wp\/v2\/types\/product"}],"wp:featuredmedia":[{"embeddable":true,"href":"https:\/\/gliptoneeurope.com\/fr\/wp-json\/wp\/v2\/media\/10642"}],"wp:attachment":[{"href":"https:\/\/gliptoneeurope.com\/fr\/wp-json\/wp\/v2\/media?parent=12249"}],"wp:term":[{"taxonomy":"product_brand","embeddable":true,"href":"https:\/\/gliptoneeurope.com\/fr\/wp-json\/wp\/v2\/product_brand?post=12249"},{"taxonomy":"product_cat","embeddable":true,"href":"https:\/\/gliptoneeurope.com\/fr\/wp-json\/wp\/v2\/product_cat?post=12249"},{"taxonomy":"product_tag","embeddable":true,"href":"https:\/\/gliptoneeurope.com\/fr\/wp-json\/wp\/v2\/product_tag?post=12249"}],"curies":[{"name":"wp","href":"https:\/\/api.w.org\/{rel}","templated":true}]}}