{"id":12247,"date":"2020-03-17T22:36:32","date_gmt":"2021-11-30T11:49:10","guid":{"rendered":"https:\/\/gliptoneeurope.com\/product\/protecteur-de-canon-en-mousse-blizzard-shield\/"},"modified":"2021-11-30T11:49:10","modified_gmt":"2021-11-30T11:49:10","slug":"blizzard-shield-foam-canon-protecteur","status":"publish","type":"product","link":"https:\/\/gliptoneeurope.com\/fr\/produit\/blizzard-shield-foam-canon-protecteur\/","title":{"rendered":"Protecteur de canon en mousse Blizzard Shield"},"content":{"rendered":"<p>Gliptone Blizzard Shield souffle sur la surface cible avec une apparence de mousse agr\u00e9ablement douce et un ar\u00f4me agr\u00e9ablement sucr\u00e9 de cire. Bouclier Blizzard&nbsp;; am\u00e9liore la brillance de la surface et acc\u00e9l\u00e8re le processus de s\u00e9chage. Blizzard Shield laisse \u00e9galement une protection r\u00e9siduelle durable sur toutes les surfaces dures. Compatible avec l&#8217;application Blizzard Maker Cannon ou Pump Spray.<\/p>\n<p>16 onces.<\/p>\n","protected":false},"excerpt":{"rendered":"<p>Gliptone Blizzard Shield souffle sur la surface cible avec une apparence de mousse agr\u00e9ablement douce et un ar\u00f4me agr\u00e9ablement sucr\u00e9 de cire. Bouclier Blizzard&nbsp;; am\u00e9liore la brillance de la surface et acc\u00e9l\u00e8re le processus de s\u00e9chage. Blizzard Shield laisse \u00e9galement une protection r\u00e9siduelle durable sur toutes les surfaces dures. Compatible avec l&#8217;application Blizzard Maker Cannon [&hellip;]<\/p>\n","protected":false},"featured_media":10616,"template":"","meta":[],"product_brand":[],"product_cat":[116],"product_tag":[],"class_list":{"0":"post-12247","1":"product","2":"type-product","3":"status-publish","4":"has-post-thumbnail","6":"product_cat-preparation-nettoyage","8":"first","9":"instock","10":"taxable","11":"shipping-taxable","12":"purchasable","13":"product-type-variable"},"yoast_head":"<!-- This site is optimized with the Yoast SEO Premium plugin v21.4 (Yoast SEO v27.4) - https:\/\/yoast.com\/product\/yoast-seo-premium-wordpress\/ -->\n<title>Protecteur de canon en mousse Blizzard Shield - Gliptone Europe<\/title>\n<meta name=\"description\" content=\"Gliptone Blizzard Shield souffle sur la surface cible avec une apparence de mousse agr\u00e9ablement douce et un ar\u00f4me agr\u00e9ablement sucr\u00e9 de cire.\" \/>\n<meta name=\"robots\" content=\"index, follow, max-snippet:-1, max-image-preview:large, max-video-preview:-1\" \/>\n<link rel=\"canonical\" href=\"https:\/\/gliptoneeurope.com\/fr\/produit\/blizzard-shield-foam-canon-protecteur\/\" \/>\n<meta property=\"og:locale\" content=\"fr_FR\" \/>\n<meta property=\"og:type\" content=\"article\" \/>\n<meta property=\"og:title\" content=\"Protecteur de canon en mousse Blizzard Shield\" \/>\n<meta property=\"og:description\" content=\"Gliptone Blizzard Shield souffle sur la surface cible avec une apparence de mousse agr\u00e9ablement douce et un ar\u00f4me agr\u00e9ablement sucr\u00e9 de cire. Bouclier\" \/>\n<meta property=\"og:url\" content=\"https:\/\/gliptoneeurope.com\/fr\/produit\/blizzard-shield-foam-canon-protecteur\/\" \/>\n<meta property=\"og:site_name\" content=\"Gliptone Europe\" \/>\n<meta property=\"article:publisher\" content=\"https:\/\/www.facebook.com\/gliptoneeurope\/\" \/>\n<meta property=\"og:image\" content=\"https:\/\/gliptoneeurope.com\/wp-content\/uploads\/Blizzard-Shield-470ml-16oz.jpg\" \/>\n\t<meta property=\"og:image:width\" content=\"1259\" \/>\n\t<meta property=\"og:image:height\" content=\"1259\" \/>\n\t<meta property=\"og:image:type\" content=\"image\/jpeg\" \/>\n<meta name=\"twitter:card\" content=\"summary_large_image\" \/>\n<script type=\"application\/ld+json\" class=\"yoast-schema-graph\">{\"@context\":\"https:\\\/\\\/schema.org\",\"@graph\":[{\"@type\":\"WebPage\",\"@id\":\"https:\\\/\\\/gliptoneeurope.com\\\/fr\\\/produit\\\/blizzard-shield-foam-canon-protecteur\\\/\",\"url\":\"https:\\\/\\\/gliptoneeurope.com\\\/fr\\\/produit\\\/blizzard-shield-foam-canon-protecteur\\\/\",\"name\":\"Protecteur de canon en mousse Blizzard Shield - Gliptone Europe\",\"isPartOf\":{\"@id\":\"https:\\\/\\\/gliptoneeurope.com\\\/#website\"},\"primaryImageOfPage\":{\"@id\":\"https:\\\/\\\/gliptoneeurope.com\\\/fr\\\/produit\\\/blizzard-shield-foam-canon-protecteur\\\/#primaryimage\"},\"image\":{\"@id\":\"https:\\\/\\\/gliptoneeurope.com\\\/fr\\\/produit\\\/blizzard-shield-foam-canon-protecteur\\\/#primaryimage\"},\"thumbnailUrl\":\"https:\\\/\\\/gliptoneeurope.com\\\/wp-content\\\/uploads\\\/Blizzard-Shield-470ml-16oz.jpg\",\"datePublished\":\"2021-11-30T11:49:10+00:00\",\"description\":\"Gliptone Blizzard Shield souffle sur la surface cible avec une apparence de mousse agr\u00e9ablement douce et un ar\u00f4me agr\u00e9ablement sucr\u00e9 de cire.\",\"breadcrumb\":{\"@id\":\"https:\\\/\\\/gliptoneeurope.com\\\/fr\\\/produit\\\/blizzard-shield-foam-canon-protecteur\\\/#breadcrumb\"},\"inLanguage\":\"fr-FR\",\"potentialAction\":[{\"@type\":\"ReadAction\",\"target\":[\"https:\\\/\\\/gliptoneeurope.com\\\/fr\\\/produit\\\/blizzard-shield-foam-canon-protecteur\\\/\"]}]},{\"@type\":\"ImageObject\",\"inLanguage\":\"fr-FR\",\"@id\":\"https:\\\/\\\/gliptoneeurope.com\\\/fr\\\/produit\\\/blizzard-shield-foam-canon-protecteur\\\/#primaryimage\",\"url\":\"https:\\\/\\\/gliptoneeurope.com\\\/wp-content\\\/uploads\\\/Blizzard-Shield-470ml-16oz.jpg\",\"contentUrl\":\"https:\\\/\\\/gliptoneeurope.com\\\/wp-content\\\/uploads\\\/Blizzard-Shield-470ml-16oz.jpg\",\"width\":1259,\"height\":1259},{\"@type\":\"BreadcrumbList\",\"@id\":\"https:\\\/\\\/gliptoneeurope.com\\\/fr\\\/produit\\\/blizzard-shield-foam-canon-protecteur\\\/#breadcrumb\",\"itemListElement\":[{\"@type\":\"ListItem\",\"position\":1,\"name\":\"Home\",\"item\":\"https:\\\/\\\/gliptoneeurope.com\\\/\"},{\"@type\":\"ListItem\",\"position\":2,\"name\":\"Boutique\",\"item\":\"https:\\\/\\\/gliptoneeurope.com\\\/fr\\\/boutique\\\/\"},{\"@type\":\"ListItem\",\"position\":3,\"name\":\"Protecteur de canon en mousse Blizzard Shield\"}]},{\"@type\":\"WebSite\",\"@id\":\"https:\\\/\\\/gliptoneeurope.com\\\/#website\",\"url\":\"https:\\\/\\\/gliptoneeurope.com\\\/\",\"name\":\"Gliptone Europe\",\"description\":\"Professional Car Detailing Products\",\"publisher\":{\"@id\":\"https:\\\/\\\/gliptoneeurope.com\\\/#organization\"},\"potentialAction\":[{\"@type\":\"SearchAction\",\"target\":{\"@type\":\"EntryPoint\",\"urlTemplate\":\"https:\\\/\\\/gliptoneeurope.com\\\/?s={search_term_string}\"},\"query-input\":{\"@type\":\"PropertyValueSpecification\",\"valueRequired\":true,\"valueName\":\"search_term_string\"}}],\"inLanguage\":\"fr-FR\"},{\"@type\":\"Organization\",\"@id\":\"https:\\\/\\\/gliptoneeurope.com\\\/#organization\",\"name\":\"Gliptone Europe\",\"url\":\"https:\\\/\\\/gliptoneeurope.com\\\/\",\"logo\":{\"@type\":\"ImageObject\",\"inLanguage\":\"fr-FR\",\"@id\":\"https:\\\/\\\/gliptoneeurope.com\\\/#\\\/schema\\\/logo\\\/image\\\/\",\"url\":\"https:\\\/\\\/gliptoneeurope.com\\\/wp-content\\\/uploads\\\/Gliptone_Logo.png\",\"contentUrl\":\"https:\\\/\\\/gliptoneeurope.com\\\/wp-content\\\/uploads\\\/Gliptone_Logo.png\",\"width\":1472,\"height\":607,\"caption\":\"Gliptone Europe\"},\"image\":{\"@id\":\"https:\\\/\\\/gliptoneeurope.com\\\/#\\\/schema\\\/logo\\\/image\\\/\"},\"sameAs\":[\"https:\\\/\\\/www.facebook.com\\\/gliptoneeurope\\\/\",\"https:\\\/\\\/www.instagram.com\\\/gliptoneeurope\\\/\",\"https:\\\/\\\/www.pinterest.co.uk\\\/GliptoneEurope\\\/\"]}]}<\/script>\n<!-- \/ Yoast SEO Premium plugin. -->","yoast_head_json":{"title":"Protecteur de canon en mousse Blizzard Shield - Gliptone Europe","description":"Gliptone Blizzard Shield souffle sur la surface cible avec une apparence de mousse agr\u00e9ablement douce et un ar\u00f4me agr\u00e9ablement sucr\u00e9 de cire.","robots":{"index":"index","follow":"follow","max-snippet":"max-snippet:-1","max-image-preview":"max-image-preview:large","max-video-preview":"max-video-preview:-1"},"canonical":"https:\/\/gliptoneeurope.com\/fr\/produit\/blizzard-shield-foam-canon-protecteur\/","og_locale":"fr_FR","og_type":"article","og_title":"Protecteur de canon en mousse Blizzard Shield","og_description":"Gliptone Blizzard Shield souffle sur la surface cible avec une apparence de mousse agr\u00e9ablement douce et un ar\u00f4me agr\u00e9ablement sucr\u00e9 de cire. Bouclier","og_url":"https:\/\/gliptoneeurope.com\/fr\/produit\/blizzard-shield-foam-canon-protecteur\/","og_site_name":"Gliptone Europe","article_publisher":"https:\/\/www.facebook.com\/gliptoneeurope\/","og_image":[{"width":1259,"height":1259,"url":"https:\/\/gliptoneeurope.com\/wp-content\/uploads\/Blizzard-Shield-470ml-16oz.jpg","type":"image\/jpeg"}],"twitter_card":"summary_large_image","schema":{"@context":"https:\/\/schema.org","@graph":[{"@type":"WebPage","@id":"https:\/\/gliptoneeurope.com\/fr\/produit\/blizzard-shield-foam-canon-protecteur\/","url":"https:\/\/gliptoneeurope.com\/fr\/produit\/blizzard-shield-foam-canon-protecteur\/","name":"Protecteur de canon en mousse Blizzard Shield - Gliptone Europe","isPartOf":{"@id":"https:\/\/gliptoneeurope.com\/#website"},"primaryImageOfPage":{"@id":"https:\/\/gliptoneeurope.com\/fr\/produit\/blizzard-shield-foam-canon-protecteur\/#primaryimage"},"image":{"@id":"https:\/\/gliptoneeurope.com\/fr\/produit\/blizzard-shield-foam-canon-protecteur\/#primaryimage"},"thumbnailUrl":"https:\/\/gliptoneeurope.com\/wp-content\/uploads\/Blizzard-Shield-470ml-16oz.jpg","datePublished":"2021-11-30T11:49:10+00:00","description":"Gliptone Blizzard Shield souffle sur la surface cible avec une apparence de mousse agr\u00e9ablement douce et un ar\u00f4me agr\u00e9ablement sucr\u00e9 de cire.","breadcrumb":{"@id":"https:\/\/gliptoneeurope.com\/fr\/produit\/blizzard-shield-foam-canon-protecteur\/#breadcrumb"},"inLanguage":"fr-FR","potentialAction":[{"@type":"ReadAction","target":["https:\/\/gliptoneeurope.com\/fr\/produit\/blizzard-shield-foam-canon-protecteur\/"]}]},{"@type":"ImageObject","inLanguage":"fr-FR","@id":"https:\/\/gliptoneeurope.com\/fr\/produit\/blizzard-shield-foam-canon-protecteur\/#primaryimage","url":"https:\/\/gliptoneeurope.com\/wp-content\/uploads\/Blizzard-Shield-470ml-16oz.jpg","contentUrl":"https:\/\/gliptoneeurope.com\/wp-content\/uploads\/Blizzard-Shield-470ml-16oz.jpg","width":1259,"height":1259},{"@type":"BreadcrumbList","@id":"https:\/\/gliptoneeurope.com\/fr\/produit\/blizzard-shield-foam-canon-protecteur\/#breadcrumb","itemListElement":[{"@type":"ListItem","position":1,"name":"Home","item":"https:\/\/gliptoneeurope.com\/"},{"@type":"ListItem","position":2,"name":"Boutique","item":"https:\/\/gliptoneeurope.com\/fr\/boutique\/"},{"@type":"ListItem","position":3,"name":"Protecteur de canon en mousse Blizzard Shield"}]},{"@type":"WebSite","@id":"https:\/\/gliptoneeurope.com\/#website","url":"https:\/\/gliptoneeurope.com\/","name":"Gliptone Europe","description":"Professional Car Detailing Products","publisher":{"@id":"https:\/\/gliptoneeurope.com\/#organization"},"potentialAction":[{"@type":"SearchAction","target":{"@type":"EntryPoint","urlTemplate":"https:\/\/gliptoneeurope.com\/?s={search_term_string}"},"query-input":{"@type":"PropertyValueSpecification","valueRequired":true,"valueName":"search_term_string"}}],"inLanguage":"fr-FR"},{"@type":"Organization","@id":"https:\/\/gliptoneeurope.com\/#organization","name":"Gliptone Europe","url":"https:\/\/gliptoneeurope.com\/","logo":{"@type":"ImageObject","inLanguage":"fr-FR","@id":"https:\/\/gliptoneeurope.com\/#\/schema\/logo\/image\/","url":"https:\/\/gliptoneeurope.com\/wp-content\/uploads\/Gliptone_Logo.png","contentUrl":"https:\/\/gliptoneeurope.com\/wp-content\/uploads\/Gliptone_Logo.png","width":1472,"height":607,"caption":"Gliptone Europe"},"image":{"@id":"https:\/\/gliptoneeurope.com\/#\/schema\/logo\/image\/"},"sameAs":["https:\/\/www.facebook.com\/gliptoneeurope\/","https:\/\/www.instagram.com\/gliptoneeurope\/","https:\/\/www.pinterest.co.uk\/GliptoneEurope\/"]}]}},"wcpa_form_fields":null,"_links":{"self":[{"href":"https:\/\/gliptoneeurope.com\/fr\/wp-json\/wp\/v2\/product\/12247","targetHints":{"allow":["GET"]}}],"collection":[{"href":"https:\/\/gliptoneeurope.com\/fr\/wp-json\/wp\/v2\/product"}],"about":[{"href":"https:\/\/gliptoneeurope.com\/fr\/wp-json\/wp\/v2\/types\/product"}],"wp:featuredmedia":[{"embeddable":true,"href":"https:\/\/gliptoneeurope.com\/fr\/wp-json\/wp\/v2\/media\/10616"}],"wp:attachment":[{"href":"https:\/\/gliptoneeurope.com\/fr\/wp-json\/wp\/v2\/media?parent=12247"}],"wp:term":[{"taxonomy":"product_brand","embeddable":true,"href":"https:\/\/gliptoneeurope.com\/fr\/wp-json\/wp\/v2\/product_brand?post=12247"},{"taxonomy":"product_cat","embeddable":true,"href":"https:\/\/gliptoneeurope.com\/fr\/wp-json\/wp\/v2\/product_cat?post=12247"},{"taxonomy":"product_tag","embeddable":true,"href":"https:\/\/gliptoneeurope.com\/fr\/wp-json\/wp\/v2\/product_tag?post=12247"}],"curies":[{"name":"wp","href":"https:\/\/api.w.org\/{rel}","templated":true}]}}