{"id":12240,"date":"2020-03-17T23:15:57","date_gmt":"2021-11-30T11:48:21","guid":{"rendered":"https:\/\/gliptoneeurope.com\/product\/vaporisateur-de-seve\/"},"modified":"2021-11-30T11:48:21","modified_gmt":"2021-11-30T11:48:21","slug":"pulverisation-de-seve","status":"publish","type":"product","link":"https:\/\/gliptoneeurope.com\/fr\/produit\/pulverisation-de-seve\/","title":{"rendered":"Vaporisateur de s\u00e8ve"},"content":{"rendered":"<p>Sap Off de Gliptone offre des r\u00e9sultats excellents et imm\u00e9diats pour \u00e9liminer les r\u00e9sidus de s\u00e8ve, de goudron et d&#8217;insectes frais et s\u00e9ch\u00e9s. Sp\u00e9cialement formul\u00e9 pour p\u00e9n\u00e9trer et dissoudre rapidement la s\u00e8ve des arbres et la poix de pin sans endommager la peinture, le verre ou la surface en plastique. L&#8217;efficacit\u00e9 est renforc\u00e9e si rinc\u00e9 \u00e0 l&#8217;eau ti\u00e8de. Laisser reposer environ 2 minutes.<\/p>\n<p><a href=\"https:\/\/gliptoneeurope.com\/product\/bug-remover-1-gall-3-8l\/\">Bug Remover<\/a> et <a href=\"https:\/\/gliptoneeurope.com\/product\/adhesive-remover-1-gall-3-8l\/\">Adhesive Remover<\/a> sont deux excellentes alternatives pour un usage professionnel, disponibles \u00e0 l&#8217;achat dans des bouteilles de 3,8 L (1 gallon).<\/p>\n<p>22 onces<\/p>\n","protected":false},"excerpt":{"rendered":"<p>Sap Off de Gliptone offre des r\u00e9sultats excellents et imm\u00e9diats pour \u00e9liminer les r\u00e9sidus de s\u00e8ve, de goudron et d&#8217;insectes frais et s\u00e9ch\u00e9s. Sp\u00e9cialement formul\u00e9 pour p\u00e9n\u00e9trer et dissoudre rapidement la s\u00e8ve des arbres et la poix de pin sans endommager la peinture, le verre ou la surface en plastique. L&#8217;efficacit\u00e9 est renforc\u00e9e si rinc\u00e9 [&hellip;]<\/p>\n","protected":false},"featured_media":18555,"template":"","meta":[],"product_brand":[],"product_cat":[116],"product_tag":[],"class_list":{"0":"post-12240","1":"product","2":"type-product","3":"status-publish","4":"has-post-thumbnail","6":"product_cat-preparation-nettoyage","8":"first","9":"instock","10":"sale","11":"taxable","12":"shipping-taxable","13":"purchasable","14":"product-type-variable"},"yoast_head":"<!-- This site is optimized with the Yoast SEO Premium plugin v21.4 (Yoast SEO v27.5) - https:\/\/yoast.com\/product\/yoast-seo-premium-wordpress\/ -->\n<title>Vaporisateur de s\u00e8ve - Gliptone Europe<\/title>\n<meta name=\"description\" content=\"Sap Off de Gliptone offre des r\u00e9sultats excellents et imm\u00e9diats pour \u00e9liminer les r\u00e9sidus de s\u00e8ve, de goudron et d&#039;insectes frais et s\u00e9ch\u00e9s.\" \/>\n<meta name=\"robots\" content=\"index, follow, max-snippet:-1, max-image-preview:large, max-video-preview:-1\" \/>\n<link rel=\"canonical\" href=\"https:\/\/gliptoneeurope.com\/fr\/produit\/pulverisation-de-seve\/\" \/>\n<meta property=\"og:locale\" content=\"fr_FR\" \/>\n<meta property=\"og:type\" content=\"article\" \/>\n<meta property=\"og:title\" content=\"Vaporisateur de s\u00e8ve\" \/>\n<meta property=\"og:description\" content=\"Sap Off de Gliptone offre des r\u00e9sultats excellents et imm\u00e9diats pour \u00e9liminer les r\u00e9sidus de s\u00e8ve, de goudron et d&#039;insectes frais et s\u00e9ch\u00e9s. Sp\u00e9cialement\" \/>\n<meta property=\"og:url\" content=\"https:\/\/gliptoneeurope.com\/fr\/produit\/pulverisation-de-seve\/\" \/>\n<meta property=\"og:site_name\" content=\"Gliptone Europe\" \/>\n<meta property=\"article:publisher\" content=\"https:\/\/www.facebook.com\/gliptoneeurope\/\" \/>\n<meta property=\"og:image\" content=\"https:\/\/gliptoneeurope.com\/wp-content\/uploads\/Sap-Off-1.jpg\" \/>\n\t<meta property=\"og:image:width\" content=\"1654\" \/>\n\t<meta property=\"og:image:height\" content=\"1621\" \/>\n\t<meta property=\"og:image:type\" content=\"image\/jpeg\" \/>\n<meta name=\"twitter:card\" content=\"summary_large_image\" \/>\n<script type=\"application\/ld+json\" class=\"yoast-schema-graph\">{\"@context\":\"https:\\\/\\\/schema.org\",\"@graph\":[{\"@type\":\"WebPage\",\"@id\":\"https:\\\/\\\/gliptoneeurope.com\\\/fr\\\/produit\\\/pulverisation-de-seve\\\/\",\"url\":\"https:\\\/\\\/gliptoneeurope.com\\\/fr\\\/produit\\\/pulverisation-de-seve\\\/\",\"name\":\"Vaporisateur de s\u00e8ve - Gliptone Europe\",\"isPartOf\":{\"@id\":\"https:\\\/\\\/gliptoneeurope.com\\\/#website\"},\"primaryImageOfPage\":{\"@id\":\"https:\\\/\\\/gliptoneeurope.com\\\/fr\\\/produit\\\/pulverisation-de-seve\\\/#primaryimage\"},\"image\":{\"@id\":\"https:\\\/\\\/gliptoneeurope.com\\\/fr\\\/produit\\\/pulverisation-de-seve\\\/#primaryimage\"},\"thumbnailUrl\":\"https:\\\/\\\/gliptoneeurope.com\\\/wp-content\\\/uploads\\\/Sap-Off-1.jpg\",\"datePublished\":\"2021-11-30T11:48:21+00:00\",\"description\":\"Sap Off de Gliptone offre des r\u00e9sultats excellents et imm\u00e9diats pour \u00e9liminer les r\u00e9sidus de s\u00e8ve, de goudron et d'insectes frais et s\u00e9ch\u00e9s.\",\"breadcrumb\":{\"@id\":\"https:\\\/\\\/gliptoneeurope.com\\\/fr\\\/produit\\\/pulverisation-de-seve\\\/#breadcrumb\"},\"inLanguage\":\"fr-FR\",\"potentialAction\":[{\"@type\":\"ReadAction\",\"target\":[\"https:\\\/\\\/gliptoneeurope.com\\\/fr\\\/produit\\\/pulverisation-de-seve\\\/\"]}]},{\"@type\":\"ImageObject\",\"inLanguage\":\"fr-FR\",\"@id\":\"https:\\\/\\\/gliptoneeurope.com\\\/fr\\\/produit\\\/pulverisation-de-seve\\\/#primaryimage\",\"url\":\"https:\\\/\\\/gliptoneeurope.com\\\/wp-content\\\/uploads\\\/Sap-Off-1.jpg\",\"contentUrl\":\"https:\\\/\\\/gliptoneeurope.com\\\/wp-content\\\/uploads\\\/Sap-Off-1.jpg\",\"width\":1654,\"height\":1621},{\"@type\":\"BreadcrumbList\",\"@id\":\"https:\\\/\\\/gliptoneeurope.com\\\/fr\\\/produit\\\/pulverisation-de-seve\\\/#breadcrumb\",\"itemListElement\":[{\"@type\":\"ListItem\",\"position\":1,\"name\":\"Home\",\"item\":\"https:\\\/\\\/gliptoneeurope.com\\\/\"},{\"@type\":\"ListItem\",\"position\":2,\"name\":\"Boutique\",\"item\":\"https:\\\/\\\/gliptoneeurope.com\\\/fr\\\/boutique\\\/\"},{\"@type\":\"ListItem\",\"position\":3,\"name\":\"Vaporisateur de s\u00e8ve\"}]},{\"@type\":\"WebSite\",\"@id\":\"https:\\\/\\\/gliptoneeurope.com\\\/#website\",\"url\":\"https:\\\/\\\/gliptoneeurope.com\\\/\",\"name\":\"Gliptone Europe\",\"description\":\"Professional Car Detailing Products\",\"publisher\":{\"@id\":\"https:\\\/\\\/gliptoneeurope.com\\\/#organization\"},\"potentialAction\":[{\"@type\":\"SearchAction\",\"target\":{\"@type\":\"EntryPoint\",\"urlTemplate\":\"https:\\\/\\\/gliptoneeurope.com\\\/?s={search_term_string}\"},\"query-input\":{\"@type\":\"PropertyValueSpecification\",\"valueRequired\":true,\"valueName\":\"search_term_string\"}}],\"inLanguage\":\"fr-FR\"},{\"@type\":\"Organization\",\"@id\":\"https:\\\/\\\/gliptoneeurope.com\\\/#organization\",\"name\":\"Gliptone Europe\",\"url\":\"https:\\\/\\\/gliptoneeurope.com\\\/\",\"logo\":{\"@type\":\"ImageObject\",\"inLanguage\":\"fr-FR\",\"@id\":\"https:\\\/\\\/gliptoneeurope.com\\\/#\\\/schema\\\/logo\\\/image\\\/\",\"url\":\"https:\\\/\\\/gliptoneeurope.com\\\/wp-content\\\/uploads\\\/Gliptone_Logo.png\",\"contentUrl\":\"https:\\\/\\\/gliptoneeurope.com\\\/wp-content\\\/uploads\\\/Gliptone_Logo.png\",\"width\":1472,\"height\":607,\"caption\":\"Gliptone Europe\"},\"image\":{\"@id\":\"https:\\\/\\\/gliptoneeurope.com\\\/#\\\/schema\\\/logo\\\/image\\\/\"},\"sameAs\":[\"https:\\\/\\\/www.facebook.com\\\/gliptoneeurope\\\/\",\"https:\\\/\\\/www.instagram.com\\\/gliptoneeurope\\\/\",\"https:\\\/\\\/www.pinterest.co.uk\\\/GliptoneEurope\\\/\"]}]}<\/script>\n<!-- \/ Yoast SEO Premium plugin. -->","yoast_head_json":{"title":"Vaporisateur de s\u00e8ve - Gliptone Europe","description":"Sap Off de Gliptone offre des r\u00e9sultats excellents et imm\u00e9diats pour \u00e9liminer les r\u00e9sidus de s\u00e8ve, de goudron et d'insectes frais et s\u00e9ch\u00e9s.","robots":{"index":"index","follow":"follow","max-snippet":"max-snippet:-1","max-image-preview":"max-image-preview:large","max-video-preview":"max-video-preview:-1"},"canonical":"https:\/\/gliptoneeurope.com\/fr\/produit\/pulverisation-de-seve\/","og_locale":"fr_FR","og_type":"article","og_title":"Vaporisateur de s\u00e8ve","og_description":"Sap Off de Gliptone offre des r\u00e9sultats excellents et imm\u00e9diats pour \u00e9liminer les r\u00e9sidus de s\u00e8ve, de goudron et d'insectes frais et s\u00e9ch\u00e9s. Sp\u00e9cialement","og_url":"https:\/\/gliptoneeurope.com\/fr\/produit\/pulverisation-de-seve\/","og_site_name":"Gliptone Europe","article_publisher":"https:\/\/www.facebook.com\/gliptoneeurope\/","og_image":[{"width":1654,"height":1621,"url":"https:\/\/gliptoneeurope.com\/wp-content\/uploads\/Sap-Off-1.jpg","type":"image\/jpeg"}],"twitter_card":"summary_large_image","schema":{"@context":"https:\/\/schema.org","@graph":[{"@type":"WebPage","@id":"https:\/\/gliptoneeurope.com\/fr\/produit\/pulverisation-de-seve\/","url":"https:\/\/gliptoneeurope.com\/fr\/produit\/pulverisation-de-seve\/","name":"Vaporisateur de s\u00e8ve - Gliptone Europe","isPartOf":{"@id":"https:\/\/gliptoneeurope.com\/#website"},"primaryImageOfPage":{"@id":"https:\/\/gliptoneeurope.com\/fr\/produit\/pulverisation-de-seve\/#primaryimage"},"image":{"@id":"https:\/\/gliptoneeurope.com\/fr\/produit\/pulverisation-de-seve\/#primaryimage"},"thumbnailUrl":"https:\/\/gliptoneeurope.com\/wp-content\/uploads\/Sap-Off-1.jpg","datePublished":"2021-11-30T11:48:21+00:00","description":"Sap Off de Gliptone offre des r\u00e9sultats excellents et imm\u00e9diats pour \u00e9liminer les r\u00e9sidus de s\u00e8ve, de goudron et d'insectes frais et s\u00e9ch\u00e9s.","breadcrumb":{"@id":"https:\/\/gliptoneeurope.com\/fr\/produit\/pulverisation-de-seve\/#breadcrumb"},"inLanguage":"fr-FR","potentialAction":[{"@type":"ReadAction","target":["https:\/\/gliptoneeurope.com\/fr\/produit\/pulverisation-de-seve\/"]}]},{"@type":"ImageObject","inLanguage":"fr-FR","@id":"https:\/\/gliptoneeurope.com\/fr\/produit\/pulverisation-de-seve\/#primaryimage","url":"https:\/\/gliptoneeurope.com\/wp-content\/uploads\/Sap-Off-1.jpg","contentUrl":"https:\/\/gliptoneeurope.com\/wp-content\/uploads\/Sap-Off-1.jpg","width":1654,"height":1621},{"@type":"BreadcrumbList","@id":"https:\/\/gliptoneeurope.com\/fr\/produit\/pulverisation-de-seve\/#breadcrumb","itemListElement":[{"@type":"ListItem","position":1,"name":"Home","item":"https:\/\/gliptoneeurope.com\/"},{"@type":"ListItem","position":2,"name":"Boutique","item":"https:\/\/gliptoneeurope.com\/fr\/boutique\/"},{"@type":"ListItem","position":3,"name":"Vaporisateur de s\u00e8ve"}]},{"@type":"WebSite","@id":"https:\/\/gliptoneeurope.com\/#website","url":"https:\/\/gliptoneeurope.com\/","name":"Gliptone Europe","description":"Professional Car Detailing Products","publisher":{"@id":"https:\/\/gliptoneeurope.com\/#organization"},"potentialAction":[{"@type":"SearchAction","target":{"@type":"EntryPoint","urlTemplate":"https:\/\/gliptoneeurope.com\/?s={search_term_string}"},"query-input":{"@type":"PropertyValueSpecification","valueRequired":true,"valueName":"search_term_string"}}],"inLanguage":"fr-FR"},{"@type":"Organization","@id":"https:\/\/gliptoneeurope.com\/#organization","name":"Gliptone Europe","url":"https:\/\/gliptoneeurope.com\/","logo":{"@type":"ImageObject","inLanguage":"fr-FR","@id":"https:\/\/gliptoneeurope.com\/#\/schema\/logo\/image\/","url":"https:\/\/gliptoneeurope.com\/wp-content\/uploads\/Gliptone_Logo.png","contentUrl":"https:\/\/gliptoneeurope.com\/wp-content\/uploads\/Gliptone_Logo.png","width":1472,"height":607,"caption":"Gliptone Europe"},"image":{"@id":"https:\/\/gliptoneeurope.com\/#\/schema\/logo\/image\/"},"sameAs":["https:\/\/www.facebook.com\/gliptoneeurope\/","https:\/\/www.instagram.com\/gliptoneeurope\/","https:\/\/www.pinterest.co.uk\/GliptoneEurope\/"]}]}},"wcpa_form_fields":null,"_links":{"self":[{"href":"https:\/\/gliptoneeurope.com\/fr\/wp-json\/wp\/v2\/product\/12240","targetHints":{"allow":["GET"]}}],"collection":[{"href":"https:\/\/gliptoneeurope.com\/fr\/wp-json\/wp\/v2\/product"}],"about":[{"href":"https:\/\/gliptoneeurope.com\/fr\/wp-json\/wp\/v2\/types\/product"}],"wp:featuredmedia":[{"embeddable":true,"href":"https:\/\/gliptoneeurope.com\/fr\/wp-json\/wp\/v2\/media\/18555"}],"wp:attachment":[{"href":"https:\/\/gliptoneeurope.com\/fr\/wp-json\/wp\/v2\/media?parent=12240"}],"wp:term":[{"taxonomy":"product_brand","embeddable":true,"href":"https:\/\/gliptoneeurope.com\/fr\/wp-json\/wp\/v2\/product_brand?post=12240"},{"taxonomy":"product_cat","embeddable":true,"href":"https:\/\/gliptoneeurope.com\/fr\/wp-json\/wp\/v2\/product_cat?post=12240"},{"taxonomy":"product_tag","embeddable":true,"href":"https:\/\/gliptoneeurope.com\/fr\/wp-json\/wp\/v2\/product_tag?post=12240"}],"curies":[{"name":"wp","href":"https:\/\/api.w.org\/{rel}","templated":true}]}}