{"id":12238,"date":"2020-04-06T17:26:46","date_gmt":"2021-11-30T11:48:21","guid":{"rendered":"https:\/\/gliptoneeurope.com\/product\/gt-iron-eater-dissolvant-de-retombees\/"},"modified":"2021-11-30T11:48:21","modified_gmt":"2021-11-30T11:48:21","slug":"gt-iron-eater-frein-depoussiere-depoussiere","status":"publish","type":"product","link":"https:\/\/gliptoneeurope.com\/fr\/produit\/gt-iron-eater-frein-depoussiere-depoussiere\/","title":{"rendered":"GT Iron Eater &#8211; Dissolvant de retomb\u00e9es"},"content":{"rendered":"<p>GT Iron Eater\u00ae de Gliptone est une formule de gel \u00e0 action rapide et au pH neutre qui agit comme un \u00e9liminant les retomb\u00e9es, adh\u00e9rant aux surfaces offrant un temps de s\u00e9jour suppl\u00e9mentaire et une action de nettoyage exceptionnelle.<\/p>\n<p>Fonctionne mieux s&#8217;il est dilu\u00e9 \u00e0 5:1 avec de l&#8217;eau ti\u00e8de. La formulation au pH neutre fait de ce produit une alternative beaucoup plus s\u00fbre que les nettoyants pour jantes \u00e0 base d&#8217;acide et l&#8217;\u00e9limination des contaminants de surface.<\/p>\n<p>La premi\u00e8re priorit\u00e9 de Gliptone lors du d\u00e9veloppement de ce produit \u00e9tait d&#8217;apporter une solution s\u00fbre, puissante et rentable avec le plus faible degr\u00e9 d&#8217;odeur possible. L&#8217;indicateur de couleur est une touche suppl\u00e9mentaire qui permet de visualiser l&#8217;action de nettoyage.<\/p>\n<p>Ce produit se trouve dans notre <a href=\"https:\/\/gliptoneeurope.com\/product\/decontamination-kit\/\">kit de d\u00e9contamination<\/a> qui contient tout ce dont vous aurez besoin pour \u00e9liminer en toute s\u00e9curit\u00e9 tout contaminant de votre peinture.<\/p>\n<p>32 onces. 900 ml.<\/p>\n<hr>\n<div class='avia-iframe-wrap'><iframe loading=\"lazy\" title=\"Iron Eater Demo\" width=\"1500\" height=\"844\" src=\"https:\/\/www.youtube.com\/embed\/whlmAOhCm-g?feature=oembed\" frameborder=\"0\" allow=\"accelerometer; autoplay; clipboard-write; encrypted-media; gyroscope; picture-in-picture\" allowfullscreen><\/iframe><\/div>\n<p>&nbsp;<\/p>\n","protected":false},"excerpt":{"rendered":"<p>GT Iron Eater\u00ae de Gliptone est une formule de gel \u00e0 action rapide et au pH neutre qui agit comme un \u00e9liminant les retomb\u00e9es, adh\u00e9rant aux surfaces offrant un temps de s\u00e9jour suppl\u00e9mentaire et une action de nettoyage exceptionnelle. Fonctionne mieux s&#8217;il est dilu\u00e9 \u00e0 5:1 avec de l&#8217;eau ti\u00e8de. La formulation au pH neutre [&hellip;]<\/p>\n","protected":false},"featured_media":10664,"template":"","meta":[],"product_brand":[],"product_cat":[157,116,105],"product_tag":[],"class_list":{"0":"post-12238","1":"product","2":"type-product","3":"status-publish","4":"has-post-thumbnail","6":"product_cat-moteur","7":"product_cat-preparation-nettoyage","8":"product_cat-roues","10":"first","11":"instock","12":"featured","13":"taxable","14":"shipping-taxable","15":"purchasable","16":"product-type-simple"},"yoast_head":"<!-- This site is optimized with the Yoast SEO Premium plugin v21.4 (Yoast SEO v27.4) - https:\/\/yoast.com\/product\/yoast-seo-premium-wordpress\/ -->\n<title>GT Iron Eater - Dissolvant de retomb\u00e9es - Gliptone Europe<\/title>\n<meta name=\"description\" content=\"GT Iron Eater\u00ae de Gliptone est une formule de gel \u00e0 action rapide et au pH neutre qui agit comme un \u00e9liminant les retomb\u00e9es, adh\u00e9rant aux surfaces offrant un temps de s\u00e9jour suppl\u00e9mentaire et une action de nettoyage exceptionnelle.\" \/>\n<meta name=\"robots\" content=\"index, follow, max-snippet:-1, max-image-preview:large, max-video-preview:-1\" \/>\n<link rel=\"canonical\" href=\"https:\/\/gliptoneeurope.com\/fr\/produit\/gt-iron-eater-frein-depoussiere-depoussiere\/\" \/>\n<meta property=\"og:locale\" content=\"fr_FR\" \/>\n<meta property=\"og:type\" content=\"article\" \/>\n<meta property=\"og:title\" content=\"GT Iron Eater - Dissolvant de retomb\u00e9es\" \/>\n<meta property=\"og:description\" content=\"GT Iron Eater\u00ae de Gliptone est une formule de gel \u00e0 action rapide et au pH neutre qui agit comme un \u00e9liminant les retomb\u00e9es, adh\u00e9rant aux surfaces offrant\" \/>\n<meta property=\"og:url\" content=\"https:\/\/gliptoneeurope.com\/fr\/produit\/gt-iron-eater-frein-depoussiere-depoussiere\/\" \/>\n<meta property=\"og:site_name\" content=\"Gliptone Europe\" \/>\n<meta property=\"article:publisher\" content=\"https:\/\/www.facebook.com\/gliptoneeurope\/\" \/>\n<meta property=\"og:image\" content=\"https:\/\/gliptoneeurope.com\/wp-content\/uploads\/GT-Iron-Eater-950ml-32oz.jpg\" \/>\n\t<meta property=\"og:image:width\" content=\"1407\" \/>\n\t<meta property=\"og:image:height\" content=\"1408\" \/>\n\t<meta property=\"og:image:type\" content=\"image\/jpeg\" \/>\n<meta name=\"twitter:card\" content=\"summary_large_image\" \/>\n<meta name=\"twitter:label1\" content=\"Dur\u00e9e de lecture estim\u00e9e\" \/>\n\t<meta name=\"twitter:data1\" content=\"1 minute\" \/>\n<script type=\"application\/ld+json\" class=\"yoast-schema-graph\">{\"@context\":\"https:\\\/\\\/schema.org\",\"@graph\":[{\"@type\":\"WebPage\",\"@id\":\"https:\\\/\\\/gliptoneeurope.com\\\/fr\\\/produit\\\/gt-iron-eater-frein-depoussiere-depoussiere\\\/\",\"url\":\"https:\\\/\\\/gliptoneeurope.com\\\/fr\\\/produit\\\/gt-iron-eater-frein-depoussiere-depoussiere\\\/\",\"name\":\"GT Iron Eater - Dissolvant de retomb\u00e9es - Gliptone Europe\",\"isPartOf\":{\"@id\":\"https:\\\/\\\/gliptoneeurope.com\\\/#website\"},\"primaryImageOfPage\":{\"@id\":\"https:\\\/\\\/gliptoneeurope.com\\\/fr\\\/produit\\\/gt-iron-eater-frein-depoussiere-depoussiere\\\/#primaryimage\"},\"image\":{\"@id\":\"https:\\\/\\\/gliptoneeurope.com\\\/fr\\\/produit\\\/gt-iron-eater-frein-depoussiere-depoussiere\\\/#primaryimage\"},\"thumbnailUrl\":\"https:\\\/\\\/gliptoneeurope.com\\\/wp-content\\\/uploads\\\/GT-Iron-Eater-950ml-32oz.jpg\",\"datePublished\":\"2021-11-30T11:48:21+00:00\",\"description\":\"GT Iron Eater\u00ae de Gliptone est une formule de gel \u00e0 action rapide et au pH neutre qui agit comme un \u00e9liminant les retomb\u00e9es, adh\u00e9rant aux surfaces offrant un temps de s\u00e9jour suppl\u00e9mentaire et une action de nettoyage exceptionnelle.\",\"breadcrumb\":{\"@id\":\"https:\\\/\\\/gliptoneeurope.com\\\/fr\\\/produit\\\/gt-iron-eater-frein-depoussiere-depoussiere\\\/#breadcrumb\"},\"inLanguage\":\"fr-FR\",\"potentialAction\":[{\"@type\":\"ReadAction\",\"target\":[\"https:\\\/\\\/gliptoneeurope.com\\\/fr\\\/produit\\\/gt-iron-eater-frein-depoussiere-depoussiere\\\/\"]}]},{\"@type\":\"ImageObject\",\"inLanguage\":\"fr-FR\",\"@id\":\"https:\\\/\\\/gliptoneeurope.com\\\/fr\\\/produit\\\/gt-iron-eater-frein-depoussiere-depoussiere\\\/#primaryimage\",\"url\":\"https:\\\/\\\/gliptoneeurope.com\\\/wp-content\\\/uploads\\\/GT-Iron-Eater-950ml-32oz.jpg\",\"contentUrl\":\"https:\\\/\\\/gliptoneeurope.com\\\/wp-content\\\/uploads\\\/GT-Iron-Eater-950ml-32oz.jpg\",\"width\":1407,\"height\":1408},{\"@type\":\"BreadcrumbList\",\"@id\":\"https:\\\/\\\/gliptoneeurope.com\\\/fr\\\/produit\\\/gt-iron-eater-frein-depoussiere-depoussiere\\\/#breadcrumb\",\"itemListElement\":[{\"@type\":\"ListItem\",\"position\":1,\"name\":\"Home\",\"item\":\"https:\\\/\\\/gliptoneeurope.com\\\/\"},{\"@type\":\"ListItem\",\"position\":2,\"name\":\"Boutique\",\"item\":\"https:\\\/\\\/gliptoneeurope.com\\\/fr\\\/boutique\\\/\"},{\"@type\":\"ListItem\",\"position\":3,\"name\":\"GT Iron Eater &#8211; Dissolvant de retomb\u00e9es\"}]},{\"@type\":\"WebSite\",\"@id\":\"https:\\\/\\\/gliptoneeurope.com\\\/#website\",\"url\":\"https:\\\/\\\/gliptoneeurope.com\\\/\",\"name\":\"Gliptone Europe\",\"description\":\"Professional Car Detailing Products\",\"publisher\":{\"@id\":\"https:\\\/\\\/gliptoneeurope.com\\\/#organization\"},\"potentialAction\":[{\"@type\":\"SearchAction\",\"target\":{\"@type\":\"EntryPoint\",\"urlTemplate\":\"https:\\\/\\\/gliptoneeurope.com\\\/?s={search_term_string}\"},\"query-input\":{\"@type\":\"PropertyValueSpecification\",\"valueRequired\":true,\"valueName\":\"search_term_string\"}}],\"inLanguage\":\"fr-FR\"},{\"@type\":\"Organization\",\"@id\":\"https:\\\/\\\/gliptoneeurope.com\\\/#organization\",\"name\":\"Gliptone Europe\",\"url\":\"https:\\\/\\\/gliptoneeurope.com\\\/\",\"logo\":{\"@type\":\"ImageObject\",\"inLanguage\":\"fr-FR\",\"@id\":\"https:\\\/\\\/gliptoneeurope.com\\\/#\\\/schema\\\/logo\\\/image\\\/\",\"url\":\"https:\\\/\\\/gliptoneeurope.com\\\/wp-content\\\/uploads\\\/Gliptone_Logo.png\",\"contentUrl\":\"https:\\\/\\\/gliptoneeurope.com\\\/wp-content\\\/uploads\\\/Gliptone_Logo.png\",\"width\":1472,\"height\":607,\"caption\":\"Gliptone Europe\"},\"image\":{\"@id\":\"https:\\\/\\\/gliptoneeurope.com\\\/#\\\/schema\\\/logo\\\/image\\\/\"},\"sameAs\":[\"https:\\\/\\\/www.facebook.com\\\/gliptoneeurope\\\/\",\"https:\\\/\\\/www.instagram.com\\\/gliptoneeurope\\\/\",\"https:\\\/\\\/www.pinterest.co.uk\\\/GliptoneEurope\\\/\"]}]}<\/script>\n<!-- \/ Yoast SEO Premium plugin. -->","yoast_head_json":{"title":"GT Iron Eater - Dissolvant de retomb\u00e9es - Gliptone Europe","description":"GT Iron Eater\u00ae de Gliptone est une formule de gel \u00e0 action rapide et au pH neutre qui agit comme un \u00e9liminant les retomb\u00e9es, adh\u00e9rant aux surfaces offrant un temps de s\u00e9jour suppl\u00e9mentaire et une action de nettoyage exceptionnelle.","robots":{"index":"index","follow":"follow","max-snippet":"max-snippet:-1","max-image-preview":"max-image-preview:large","max-video-preview":"max-video-preview:-1"},"canonical":"https:\/\/gliptoneeurope.com\/fr\/produit\/gt-iron-eater-frein-depoussiere-depoussiere\/","og_locale":"fr_FR","og_type":"article","og_title":"GT Iron Eater - Dissolvant de retomb\u00e9es","og_description":"GT Iron Eater\u00ae de Gliptone est une formule de gel \u00e0 action rapide et au pH neutre qui agit comme un \u00e9liminant les retomb\u00e9es, adh\u00e9rant aux surfaces offrant","og_url":"https:\/\/gliptoneeurope.com\/fr\/produit\/gt-iron-eater-frein-depoussiere-depoussiere\/","og_site_name":"Gliptone Europe","article_publisher":"https:\/\/www.facebook.com\/gliptoneeurope\/","og_image":[{"width":1407,"height":1408,"url":"https:\/\/gliptoneeurope.com\/wp-content\/uploads\/GT-Iron-Eater-950ml-32oz.jpg","type":"image\/jpeg"}],"twitter_card":"summary_large_image","twitter_misc":{"Dur\u00e9e de lecture estim\u00e9e":"1 minute"},"schema":{"@context":"https:\/\/schema.org","@graph":[{"@type":"WebPage","@id":"https:\/\/gliptoneeurope.com\/fr\/produit\/gt-iron-eater-frein-depoussiere-depoussiere\/","url":"https:\/\/gliptoneeurope.com\/fr\/produit\/gt-iron-eater-frein-depoussiere-depoussiere\/","name":"GT Iron Eater - Dissolvant de retomb\u00e9es - Gliptone Europe","isPartOf":{"@id":"https:\/\/gliptoneeurope.com\/#website"},"primaryImageOfPage":{"@id":"https:\/\/gliptoneeurope.com\/fr\/produit\/gt-iron-eater-frein-depoussiere-depoussiere\/#primaryimage"},"image":{"@id":"https:\/\/gliptoneeurope.com\/fr\/produit\/gt-iron-eater-frein-depoussiere-depoussiere\/#primaryimage"},"thumbnailUrl":"https:\/\/gliptoneeurope.com\/wp-content\/uploads\/GT-Iron-Eater-950ml-32oz.jpg","datePublished":"2021-11-30T11:48:21+00:00","description":"GT Iron Eater\u00ae de Gliptone est une formule de gel \u00e0 action rapide et au pH neutre qui agit comme un \u00e9liminant les retomb\u00e9es, adh\u00e9rant aux surfaces offrant un temps de s\u00e9jour suppl\u00e9mentaire et une action de nettoyage exceptionnelle.","breadcrumb":{"@id":"https:\/\/gliptoneeurope.com\/fr\/produit\/gt-iron-eater-frein-depoussiere-depoussiere\/#breadcrumb"},"inLanguage":"fr-FR","potentialAction":[{"@type":"ReadAction","target":["https:\/\/gliptoneeurope.com\/fr\/produit\/gt-iron-eater-frein-depoussiere-depoussiere\/"]}]},{"@type":"ImageObject","inLanguage":"fr-FR","@id":"https:\/\/gliptoneeurope.com\/fr\/produit\/gt-iron-eater-frein-depoussiere-depoussiere\/#primaryimage","url":"https:\/\/gliptoneeurope.com\/wp-content\/uploads\/GT-Iron-Eater-950ml-32oz.jpg","contentUrl":"https:\/\/gliptoneeurope.com\/wp-content\/uploads\/GT-Iron-Eater-950ml-32oz.jpg","width":1407,"height":1408},{"@type":"BreadcrumbList","@id":"https:\/\/gliptoneeurope.com\/fr\/produit\/gt-iron-eater-frein-depoussiere-depoussiere\/#breadcrumb","itemListElement":[{"@type":"ListItem","position":1,"name":"Home","item":"https:\/\/gliptoneeurope.com\/"},{"@type":"ListItem","position":2,"name":"Boutique","item":"https:\/\/gliptoneeurope.com\/fr\/boutique\/"},{"@type":"ListItem","position":3,"name":"GT Iron Eater &#8211; Dissolvant de retomb\u00e9es"}]},{"@type":"WebSite","@id":"https:\/\/gliptoneeurope.com\/#website","url":"https:\/\/gliptoneeurope.com\/","name":"Gliptone Europe","description":"Professional Car Detailing Products","publisher":{"@id":"https:\/\/gliptoneeurope.com\/#organization"},"potentialAction":[{"@type":"SearchAction","target":{"@type":"EntryPoint","urlTemplate":"https:\/\/gliptoneeurope.com\/?s={search_term_string}"},"query-input":{"@type":"PropertyValueSpecification","valueRequired":true,"valueName":"search_term_string"}}],"inLanguage":"fr-FR"},{"@type":"Organization","@id":"https:\/\/gliptoneeurope.com\/#organization","name":"Gliptone Europe","url":"https:\/\/gliptoneeurope.com\/","logo":{"@type":"ImageObject","inLanguage":"fr-FR","@id":"https:\/\/gliptoneeurope.com\/#\/schema\/logo\/image\/","url":"https:\/\/gliptoneeurope.com\/wp-content\/uploads\/Gliptone_Logo.png","contentUrl":"https:\/\/gliptoneeurope.com\/wp-content\/uploads\/Gliptone_Logo.png","width":1472,"height":607,"caption":"Gliptone Europe"},"image":{"@id":"https:\/\/gliptoneeurope.com\/#\/schema\/logo\/image\/"},"sameAs":["https:\/\/www.facebook.com\/gliptoneeurope\/","https:\/\/www.instagram.com\/gliptoneeurope\/","https:\/\/www.pinterest.co.uk\/GliptoneEurope\/"]}]}},"wcpa_form_fields":null,"_links":{"self":[{"href":"https:\/\/gliptoneeurope.com\/fr\/wp-json\/wp\/v2\/product\/12238","targetHints":{"allow":["GET"]}}],"collection":[{"href":"https:\/\/gliptoneeurope.com\/fr\/wp-json\/wp\/v2\/product"}],"about":[{"href":"https:\/\/gliptoneeurope.com\/fr\/wp-json\/wp\/v2\/types\/product"}],"wp:featuredmedia":[{"embeddable":true,"href":"https:\/\/gliptoneeurope.com\/fr\/wp-json\/wp\/v2\/media\/10664"}],"wp:attachment":[{"href":"https:\/\/gliptoneeurope.com\/fr\/wp-json\/wp\/v2\/media?parent=12238"}],"wp:term":[{"taxonomy":"product_brand","embeddable":true,"href":"https:\/\/gliptoneeurope.com\/fr\/wp-json\/wp\/v2\/product_brand?post=12238"},{"taxonomy":"product_cat","embeddable":true,"href":"https:\/\/gliptoneeurope.com\/fr\/wp-json\/wp\/v2\/product_cat?post=12238"},{"taxonomy":"product_tag","embeddable":true,"href":"https:\/\/gliptoneeurope.com\/fr\/wp-json\/wp\/v2\/product_tag?post=12238"}],"curies":[{"name":"wp","href":"https:\/\/api.w.org\/{rel}","templated":true}]}}