{"id":12237,"date":"2020-04-06T16:46:41","date_gmt":"2021-11-30T11:48:20","guid":{"rendered":"https:\/\/gliptoneeurope.com\/product\/pro-buff-cire-nettoyante-liquide\/"},"modified":"2021-11-30T11:48:20","modified_gmt":"2021-11-30T11:48:20","slug":"pro-buff-nettoyant-liquide-cire","status":"publish","type":"product","link":"https:\/\/gliptoneeurope.com\/fr\/produit\/pro-buff-nettoyant-liquide-cire\/","title":{"rendered":"Pro Buff &#8211; Cire Nettoyante Liquide"},"content":{"rendered":"<p>Notre cire nettoyante liquide Pro Buff est utilis\u00e9e depuis plus de 40 ans, le choix des professionnels. Sans danger pour toutes les finitions de peinture. Nettoie et cire en une seule \u00e9tape. Pour une utilisation \u00e0 la main et \u00e0 la machine. Supprime les fines rayures. \u00c9limine l&#8217;oxydation. Facile \u00e0 appliquer, facile \u00e0 enlever. Contient de la cire de carnauba br\u00e9silienne n\u00b01 pour une brillance et une durabilit\u00e9 sup\u00e9rieures. Ce produit est exceptionnel pour les bateaux, les camping-cars et les motoneiges l\u00e9g\u00e8rement oxyd\u00e9s. Absolument g\u00e9nial sur les surfaces en gel coat et en fibre de verre.<\/p>\n<p>16 onces. 470 ml.<\/p>\n","protected":false},"excerpt":{"rendered":"<p>Notre cire nettoyante liquide Pro Buff est utilis\u00e9e depuis plus de 40 ans, le choix des professionnels. Sans danger pour toutes les finitions de peinture. Nettoie et cire en une seule \u00e9tape. Pour une utilisation \u00e0 la main et \u00e0 la machine. Supprime les fines rayures. \u00c9limine l&#8217;oxydation. Facile \u00e0 appliquer, facile \u00e0 enlever. Contient [&hellip;]<\/p>\n","protected":false},"featured_media":10718,"template":"","meta":[],"product_brand":[],"product_cat":[103],"product_tag":[],"class_list":{"0":"post-12237","1":"product","2":"type-product","3":"status-publish","4":"has-post-thumbnail","6":"product_cat-decorateurs-dexterieur-polissoirs","8":"first","9":"instock","10":"taxable","11":"shipping-taxable","12":"purchasable","13":"product-type-simple"},"yoast_head":"<!-- This site is optimized with the Yoast SEO Premium plugin v21.4 (Yoast SEO v27.4) - https:\/\/yoast.com\/product\/yoast-seo-premium-wordpress\/ -->\n<title>Pro Buff - Cire Nettoyante Liquide - Gliptone Europe<\/title>\n<meta name=\"description\" content=\"Notre cire nettoyante liquide Pro Buff est utilis\u00e9e depuis plus de 40 ans, le choix des professionnels. Contient de la cire de carnauba br\u00e9silienne n\u00b01 pour une brillance et une durabilit\u00e9 sup\u00e9rieures.\" \/>\n<meta name=\"robots\" content=\"index, follow, max-snippet:-1, max-image-preview:large, max-video-preview:-1\" \/>\n<link rel=\"canonical\" href=\"https:\/\/gliptoneeurope.com\/fr\/produit\/pro-buff-nettoyant-liquide-cire\/\" \/>\n<meta property=\"og:locale\" content=\"fr_FR\" \/>\n<meta property=\"og:type\" content=\"article\" \/>\n<meta property=\"og:title\" content=\"Pro Buff - Cire Nettoyante Liquide\" \/>\n<meta property=\"og:description\" content=\"Notre cire nettoyante liquide Pro Buff est utilis\u00e9e depuis plus de 40 ans, le choix des professionnels. Sans danger pour toutes les finitions de peinture.\" \/>\n<meta property=\"og:url\" content=\"https:\/\/gliptoneeurope.com\/fr\/produit\/pro-buff-nettoyant-liquide-cire\/\" \/>\n<meta property=\"og:site_name\" content=\"Gliptone Europe\" \/>\n<meta property=\"article:publisher\" content=\"https:\/\/www.facebook.com\/gliptoneeurope\/\" \/>\n<meta property=\"og:image\" content=\"https:\/\/gliptoneeurope.com\/wp-content\/uploads\/Pro-Buff-475ml-16oz.jpg\" \/>\n\t<meta property=\"og:image:width\" content=\"1421\" \/>\n\t<meta property=\"og:image:height\" content=\"1422\" \/>\n\t<meta property=\"og:image:type\" content=\"image\/jpeg\" \/>\n<meta name=\"twitter:card\" content=\"summary_large_image\" \/>\n<meta name=\"twitter:label1\" content=\"Dur\u00e9e de lecture estim\u00e9e\" \/>\n\t<meta name=\"twitter:data1\" content=\"1 minute\" \/>\n<script type=\"application\/ld+json\" class=\"yoast-schema-graph\">{\"@context\":\"https:\\\/\\\/schema.org\",\"@graph\":[{\"@type\":\"WebPage\",\"@id\":\"https:\\\/\\\/gliptoneeurope.com\\\/fr\\\/produit\\\/pro-buff-nettoyant-liquide-cire\\\/\",\"url\":\"https:\\\/\\\/gliptoneeurope.com\\\/fr\\\/produit\\\/pro-buff-nettoyant-liquide-cire\\\/\",\"name\":\"Pro Buff - Cire Nettoyante Liquide - Gliptone Europe\",\"isPartOf\":{\"@id\":\"https:\\\/\\\/gliptoneeurope.com\\\/#website\"},\"primaryImageOfPage\":{\"@id\":\"https:\\\/\\\/gliptoneeurope.com\\\/fr\\\/produit\\\/pro-buff-nettoyant-liquide-cire\\\/#primaryimage\"},\"image\":{\"@id\":\"https:\\\/\\\/gliptoneeurope.com\\\/fr\\\/produit\\\/pro-buff-nettoyant-liquide-cire\\\/#primaryimage\"},\"thumbnailUrl\":\"https:\\\/\\\/gliptoneeurope.com\\\/wp-content\\\/uploads\\\/Pro-Buff-475ml-16oz.jpg\",\"datePublished\":\"2021-11-30T11:48:20+00:00\",\"description\":\"Notre cire nettoyante liquide Pro Buff est utilis\u00e9e depuis plus de 40 ans, le choix des professionnels. Contient de la cire de carnauba br\u00e9silienne n\u00b01 pour une brillance et une durabilit\u00e9 sup\u00e9rieures.\",\"breadcrumb\":{\"@id\":\"https:\\\/\\\/gliptoneeurope.com\\\/fr\\\/produit\\\/pro-buff-nettoyant-liquide-cire\\\/#breadcrumb\"},\"inLanguage\":\"fr-FR\",\"potentialAction\":[{\"@type\":\"ReadAction\",\"target\":[\"https:\\\/\\\/gliptoneeurope.com\\\/fr\\\/produit\\\/pro-buff-nettoyant-liquide-cire\\\/\"]}]},{\"@type\":\"ImageObject\",\"inLanguage\":\"fr-FR\",\"@id\":\"https:\\\/\\\/gliptoneeurope.com\\\/fr\\\/produit\\\/pro-buff-nettoyant-liquide-cire\\\/#primaryimage\",\"url\":\"https:\\\/\\\/gliptoneeurope.com\\\/wp-content\\\/uploads\\\/Pro-Buff-475ml-16oz.jpg\",\"contentUrl\":\"https:\\\/\\\/gliptoneeurope.com\\\/wp-content\\\/uploads\\\/Pro-Buff-475ml-16oz.jpg\",\"width\":1421,\"height\":1422},{\"@type\":\"BreadcrumbList\",\"@id\":\"https:\\\/\\\/gliptoneeurope.com\\\/fr\\\/produit\\\/pro-buff-nettoyant-liquide-cire\\\/#breadcrumb\",\"itemListElement\":[{\"@type\":\"ListItem\",\"position\":1,\"name\":\"Home\",\"item\":\"https:\\\/\\\/gliptoneeurope.com\\\/\"},{\"@type\":\"ListItem\",\"position\":2,\"name\":\"Boutique\",\"item\":\"https:\\\/\\\/gliptoneeurope.com\\\/fr\\\/boutique\\\/\"},{\"@type\":\"ListItem\",\"position\":3,\"name\":\"Pro Buff &#8211; Cire Nettoyante Liquide\"}]},{\"@type\":\"WebSite\",\"@id\":\"https:\\\/\\\/gliptoneeurope.com\\\/#website\",\"url\":\"https:\\\/\\\/gliptoneeurope.com\\\/\",\"name\":\"Gliptone Europe\",\"description\":\"Professional Car Detailing Products\",\"publisher\":{\"@id\":\"https:\\\/\\\/gliptoneeurope.com\\\/#organization\"},\"potentialAction\":[{\"@type\":\"SearchAction\",\"target\":{\"@type\":\"EntryPoint\",\"urlTemplate\":\"https:\\\/\\\/gliptoneeurope.com\\\/?s={search_term_string}\"},\"query-input\":{\"@type\":\"PropertyValueSpecification\",\"valueRequired\":true,\"valueName\":\"search_term_string\"}}],\"inLanguage\":\"fr-FR\"},{\"@type\":\"Organization\",\"@id\":\"https:\\\/\\\/gliptoneeurope.com\\\/#organization\",\"name\":\"Gliptone Europe\",\"url\":\"https:\\\/\\\/gliptoneeurope.com\\\/\",\"logo\":{\"@type\":\"ImageObject\",\"inLanguage\":\"fr-FR\",\"@id\":\"https:\\\/\\\/gliptoneeurope.com\\\/#\\\/schema\\\/logo\\\/image\\\/\",\"url\":\"https:\\\/\\\/gliptoneeurope.com\\\/wp-content\\\/uploads\\\/Gliptone_Logo.png\",\"contentUrl\":\"https:\\\/\\\/gliptoneeurope.com\\\/wp-content\\\/uploads\\\/Gliptone_Logo.png\",\"width\":1472,\"height\":607,\"caption\":\"Gliptone Europe\"},\"image\":{\"@id\":\"https:\\\/\\\/gliptoneeurope.com\\\/#\\\/schema\\\/logo\\\/image\\\/\"},\"sameAs\":[\"https:\\\/\\\/www.facebook.com\\\/gliptoneeurope\\\/\",\"https:\\\/\\\/www.instagram.com\\\/gliptoneeurope\\\/\",\"https:\\\/\\\/www.pinterest.co.uk\\\/GliptoneEurope\\\/\"]}]}<\/script>\n<!-- \/ Yoast SEO Premium plugin. -->","yoast_head_json":{"title":"Pro Buff - Cire Nettoyante Liquide - Gliptone Europe","description":"Notre cire nettoyante liquide Pro Buff est utilis\u00e9e depuis plus de 40 ans, le choix des professionnels. Contient de la cire de carnauba br\u00e9silienne n\u00b01 pour une brillance et une durabilit\u00e9 sup\u00e9rieures.","robots":{"index":"index","follow":"follow","max-snippet":"max-snippet:-1","max-image-preview":"max-image-preview:large","max-video-preview":"max-video-preview:-1"},"canonical":"https:\/\/gliptoneeurope.com\/fr\/produit\/pro-buff-nettoyant-liquide-cire\/","og_locale":"fr_FR","og_type":"article","og_title":"Pro Buff - Cire Nettoyante Liquide","og_description":"Notre cire nettoyante liquide Pro Buff est utilis\u00e9e depuis plus de 40 ans, le choix des professionnels. Sans danger pour toutes les finitions de peinture.","og_url":"https:\/\/gliptoneeurope.com\/fr\/produit\/pro-buff-nettoyant-liquide-cire\/","og_site_name":"Gliptone Europe","article_publisher":"https:\/\/www.facebook.com\/gliptoneeurope\/","og_image":[{"width":1421,"height":1422,"url":"https:\/\/gliptoneeurope.com\/wp-content\/uploads\/Pro-Buff-475ml-16oz.jpg","type":"image\/jpeg"}],"twitter_card":"summary_large_image","twitter_misc":{"Dur\u00e9e de lecture estim\u00e9e":"1 minute"},"schema":{"@context":"https:\/\/schema.org","@graph":[{"@type":"WebPage","@id":"https:\/\/gliptoneeurope.com\/fr\/produit\/pro-buff-nettoyant-liquide-cire\/","url":"https:\/\/gliptoneeurope.com\/fr\/produit\/pro-buff-nettoyant-liquide-cire\/","name":"Pro Buff - Cire Nettoyante Liquide - Gliptone Europe","isPartOf":{"@id":"https:\/\/gliptoneeurope.com\/#website"},"primaryImageOfPage":{"@id":"https:\/\/gliptoneeurope.com\/fr\/produit\/pro-buff-nettoyant-liquide-cire\/#primaryimage"},"image":{"@id":"https:\/\/gliptoneeurope.com\/fr\/produit\/pro-buff-nettoyant-liquide-cire\/#primaryimage"},"thumbnailUrl":"https:\/\/gliptoneeurope.com\/wp-content\/uploads\/Pro-Buff-475ml-16oz.jpg","datePublished":"2021-11-30T11:48:20+00:00","description":"Notre cire nettoyante liquide Pro Buff est utilis\u00e9e depuis plus de 40 ans, le choix des professionnels. Contient de la cire de carnauba br\u00e9silienne n\u00b01 pour une brillance et une durabilit\u00e9 sup\u00e9rieures.","breadcrumb":{"@id":"https:\/\/gliptoneeurope.com\/fr\/produit\/pro-buff-nettoyant-liquide-cire\/#breadcrumb"},"inLanguage":"fr-FR","potentialAction":[{"@type":"ReadAction","target":["https:\/\/gliptoneeurope.com\/fr\/produit\/pro-buff-nettoyant-liquide-cire\/"]}]},{"@type":"ImageObject","inLanguage":"fr-FR","@id":"https:\/\/gliptoneeurope.com\/fr\/produit\/pro-buff-nettoyant-liquide-cire\/#primaryimage","url":"https:\/\/gliptoneeurope.com\/wp-content\/uploads\/Pro-Buff-475ml-16oz.jpg","contentUrl":"https:\/\/gliptoneeurope.com\/wp-content\/uploads\/Pro-Buff-475ml-16oz.jpg","width":1421,"height":1422},{"@type":"BreadcrumbList","@id":"https:\/\/gliptoneeurope.com\/fr\/produit\/pro-buff-nettoyant-liquide-cire\/#breadcrumb","itemListElement":[{"@type":"ListItem","position":1,"name":"Home","item":"https:\/\/gliptoneeurope.com\/"},{"@type":"ListItem","position":2,"name":"Boutique","item":"https:\/\/gliptoneeurope.com\/fr\/boutique\/"},{"@type":"ListItem","position":3,"name":"Pro Buff &#8211; Cire Nettoyante Liquide"}]},{"@type":"WebSite","@id":"https:\/\/gliptoneeurope.com\/#website","url":"https:\/\/gliptoneeurope.com\/","name":"Gliptone Europe","description":"Professional Car Detailing Products","publisher":{"@id":"https:\/\/gliptoneeurope.com\/#organization"},"potentialAction":[{"@type":"SearchAction","target":{"@type":"EntryPoint","urlTemplate":"https:\/\/gliptoneeurope.com\/?s={search_term_string}"},"query-input":{"@type":"PropertyValueSpecification","valueRequired":true,"valueName":"search_term_string"}}],"inLanguage":"fr-FR"},{"@type":"Organization","@id":"https:\/\/gliptoneeurope.com\/#organization","name":"Gliptone Europe","url":"https:\/\/gliptoneeurope.com\/","logo":{"@type":"ImageObject","inLanguage":"fr-FR","@id":"https:\/\/gliptoneeurope.com\/#\/schema\/logo\/image\/","url":"https:\/\/gliptoneeurope.com\/wp-content\/uploads\/Gliptone_Logo.png","contentUrl":"https:\/\/gliptoneeurope.com\/wp-content\/uploads\/Gliptone_Logo.png","width":1472,"height":607,"caption":"Gliptone Europe"},"image":{"@id":"https:\/\/gliptoneeurope.com\/#\/schema\/logo\/image\/"},"sameAs":["https:\/\/www.facebook.com\/gliptoneeurope\/","https:\/\/www.instagram.com\/gliptoneeurope\/","https:\/\/www.pinterest.co.uk\/GliptoneEurope\/"]}]}},"wcpa_form_fields":null,"_links":{"self":[{"href":"https:\/\/gliptoneeurope.com\/fr\/wp-json\/wp\/v2\/product\/12237","targetHints":{"allow":["GET"]}}],"collection":[{"href":"https:\/\/gliptoneeurope.com\/fr\/wp-json\/wp\/v2\/product"}],"about":[{"href":"https:\/\/gliptoneeurope.com\/fr\/wp-json\/wp\/v2\/types\/product"}],"wp:featuredmedia":[{"embeddable":true,"href":"https:\/\/gliptoneeurope.com\/fr\/wp-json\/wp\/v2\/media\/10718"}],"wp:attachment":[{"href":"https:\/\/gliptoneeurope.com\/fr\/wp-json\/wp\/v2\/media?parent=12237"}],"wp:term":[{"taxonomy":"product_brand","embeddable":true,"href":"https:\/\/gliptoneeurope.com\/fr\/wp-json\/wp\/v2\/product_brand?post=12237"},{"taxonomy":"product_cat","embeddable":true,"href":"https:\/\/gliptoneeurope.com\/fr\/wp-json\/wp\/v2\/product_cat?post=12237"},{"taxonomy":"product_tag","embeddable":true,"href":"https:\/\/gliptoneeurope.com\/fr\/wp-json\/wp\/v2\/product_tag?post=12237"}],"curies":[{"name":"wp","href":"https:\/\/api.w.org\/{rel}","templated":true}]}}