{"id":12220,"date":"2020-04-06T17:30:58","date_gmt":"2021-11-30T11:48:14","guid":{"rendered":"https:\/\/gliptoneeurope.com\/product\/magtastik-nettoyant-pour-jantes\/"},"modified":"2021-11-30T11:48:14","modified_gmt":"2021-11-30T11:48:14","slug":"magtastik-roue-jante-nettoyant","status":"publish","type":"product","link":"https:\/\/gliptoneeurope.com\/fr\/produit\/magtastik-roue-jante-nettoyant\/","title":{"rendered":"Magtastik &#8211; Nettoyant pour jantes"},"content":{"rendered":"<p>Le nettoyant pour jantes\/roues Magtastik peut \u00eatre utilis\u00e9 pour \u00e9liminer efficacement et en toute s\u00e9curit\u00e9 la poussi\u00e8re de frein, la salet\u00e9 de la route et la rouille de surface tout en laissant un rev\u00eatement polym\u00e8re r\u00e9sistant \u00e0 la chaleur qui prot\u00e8ge contre l&#8217;accumulation future de sol.<\/p>\n<p>Laisse les roues\/jantes propres et brillantes. Appliquer \u00e0 l&#8217;aide d&#8217;une m\u00e9thode de 2 tissus, 1 sur et 1 hors. Ne pas laisser durcir\/s\u00e9cher. Formule \u00e0 vaporiser et \u00e0 rincer, \u00e9limine le frottement. Qualit\u00e9 professionnelle.<\/p>\n<p>Utilis\u00e9 par les techniciens d\u00e9taillants \u00e0 travers les \u00c9tats-Unis et dans le monde. Pour une utilisation sur des roues d&#8217;usine.<\/p>\n<p>Remarque : pour les jantes en aluminium non rev\u00eatues ou polies, utilisez GT15922 Metal Wash.<\/p>\n<p>Ce produit se trouve dans notre <a href=\"https:\/\/gliptoneeurope.com\/product\/wheel-wash-protect-kit\/\">kit de lavage et de protection des roues<\/a> qui contient tout ce dont vous aurez besoin pour nettoyer vos pneus et jantes en toute s\u00e9curit\u00e9, tout en les prot\u00e9geant de l&#8217;accumulation de poussi\u00e8re de frein, de salet\u00e9 de la route et de rouille de surface.<\/p>\n<p>Ce produit est \u00e9galement disponible sous le nom <a href=\"https:\/\/gliptoneeurope.com\/product\/magtastik-plus-1-gall-3-8l\/\">Magtastik Plus<\/a> , dans un plus grand volume de 3,8 litres (1 Gal). Pour une alternative de nettoyage des jantes \u00e0 usage professionnel, <a href=\"https:\/\/gliptoneeurope.com\/product\/dust-off-1-gall-3-8l\/\">Dust Off<\/a> est \u00e9galement disponible \u00e0 l&#8217;achat dans un plus grand volume d&#8217;une bouteille de 3,8 (1 gallon).<\/p>\n<p>22 onces 650 ml.<\/p>\n","protected":false},"excerpt":{"rendered":"<p>Le nettoyant pour jantes\/roues Magtastik peut \u00eatre utilis\u00e9 pour \u00e9liminer efficacement et en toute s\u00e9curit\u00e9 la poussi\u00e8re de frein, la salet\u00e9 de la route et la rouille de surface tout en laissant un rev\u00eatement polym\u00e8re r\u00e9sistant \u00e0 la chaleur qui prot\u00e8ge contre l&#8217;accumulation future de sol. Laisse les roues\/jantes propres et brillantes. Appliquer \u00e0 l&#8217;aide [&hellip;]<\/p>\n","protected":false},"featured_media":18535,"template":"","meta":[],"product_brand":[],"product_cat":[105],"product_tag":[],"class_list":{"0":"post-12220","1":"product","2":"type-product","3":"status-publish","4":"has-post-thumbnail","6":"product_cat-roues","8":"first","9":"instock","10":"taxable","11":"shipping-taxable","12":"purchasable","13":"product-type-variable"},"yoast_head":"<!-- This site is optimized with the Yoast SEO Premium plugin v21.4 (Yoast SEO v27.4) - https:\/\/yoast.com\/product\/yoast-seo-premium-wordpress\/ -->\n<title>Magtastik - Nettoyant pour jantes - Gliptone Europe<\/title>\n<meta name=\"description\" content=\"Le nettoyant pour jantes\/roues Magtastik peut \u00eatre utilis\u00e9 pour \u00e9liminer efficacement et en toute s\u00e9curit\u00e9 la poussi\u00e8re de frein, la salet\u00e9 de la route et la rouille de surface.\" \/>\n<meta name=\"robots\" content=\"index, follow, max-snippet:-1, max-image-preview:large, max-video-preview:-1\" \/>\n<link rel=\"canonical\" href=\"https:\/\/gliptoneeurope.com\/fr\/produit\/magtastik-roue-jante-nettoyant\/\" \/>\n<meta property=\"og:locale\" content=\"fr_FR\" \/>\n<meta property=\"og:type\" content=\"article\" \/>\n<meta property=\"og:title\" content=\"Magtastik - Nettoyant pour jantes\" \/>\n<meta property=\"og:description\" content=\"Le nettoyant pour jantes\/roues Magtastik peut \u00eatre utilis\u00e9 pour \u00e9liminer efficacement et en toute s\u00e9curit\u00e9 la poussi\u00e8re de frein, la salet\u00e9 de la route et\" \/>\n<meta property=\"og:url\" content=\"https:\/\/gliptoneeurope.com\/fr\/produit\/magtastik-roue-jante-nettoyant\/\" \/>\n<meta property=\"og:site_name\" content=\"Gliptone Europe\" \/>\n<meta property=\"article:publisher\" content=\"https:\/\/www.facebook.com\/gliptoneeurope\/\" \/>\n<meta property=\"og:image\" content=\"https:\/\/gliptoneeurope.com\/wp-content\/uploads\/Wheel-Rim-1.jpg\" \/>\n\t<meta property=\"og:image:width\" content=\"1654\" \/>\n\t<meta property=\"og:image:height\" content=\"1621\" \/>\n\t<meta property=\"og:image:type\" content=\"image\/jpeg\" \/>\n<meta name=\"twitter:card\" content=\"summary_large_image\" \/>\n<meta name=\"twitter:label1\" content=\"Dur\u00e9e de lecture estim\u00e9e\" \/>\n\t<meta name=\"twitter:data1\" content=\"1 minute\" \/>\n<script type=\"application\/ld+json\" class=\"yoast-schema-graph\">{\"@context\":\"https:\\\/\\\/schema.org\",\"@graph\":[{\"@type\":\"WebPage\",\"@id\":\"https:\\\/\\\/gliptoneeurope.com\\\/fr\\\/produit\\\/magtastik-roue-jante-nettoyant\\\/\",\"url\":\"https:\\\/\\\/gliptoneeurope.com\\\/fr\\\/produit\\\/magtastik-roue-jante-nettoyant\\\/\",\"name\":\"Magtastik - Nettoyant pour jantes - Gliptone Europe\",\"isPartOf\":{\"@id\":\"https:\\\/\\\/gliptoneeurope.com\\\/#website\"},\"primaryImageOfPage\":{\"@id\":\"https:\\\/\\\/gliptoneeurope.com\\\/fr\\\/produit\\\/magtastik-roue-jante-nettoyant\\\/#primaryimage\"},\"image\":{\"@id\":\"https:\\\/\\\/gliptoneeurope.com\\\/fr\\\/produit\\\/magtastik-roue-jante-nettoyant\\\/#primaryimage\"},\"thumbnailUrl\":\"https:\\\/\\\/gliptoneeurope.com\\\/wp-content\\\/uploads\\\/Wheel-Rim-1.jpg\",\"datePublished\":\"2021-11-30T11:48:14+00:00\",\"description\":\"Le nettoyant pour jantes\\\/roues Magtastik peut \u00eatre utilis\u00e9 pour \u00e9liminer efficacement et en toute s\u00e9curit\u00e9 la poussi\u00e8re de frein, la salet\u00e9 de la route et la rouille de surface.\",\"breadcrumb\":{\"@id\":\"https:\\\/\\\/gliptoneeurope.com\\\/fr\\\/produit\\\/magtastik-roue-jante-nettoyant\\\/#breadcrumb\"},\"inLanguage\":\"fr-FR\",\"potentialAction\":[{\"@type\":\"ReadAction\",\"target\":[\"https:\\\/\\\/gliptoneeurope.com\\\/fr\\\/produit\\\/magtastik-roue-jante-nettoyant\\\/\"]}]},{\"@type\":\"ImageObject\",\"inLanguage\":\"fr-FR\",\"@id\":\"https:\\\/\\\/gliptoneeurope.com\\\/fr\\\/produit\\\/magtastik-roue-jante-nettoyant\\\/#primaryimage\",\"url\":\"https:\\\/\\\/gliptoneeurope.com\\\/wp-content\\\/uploads\\\/Wheel-Rim-1.jpg\",\"contentUrl\":\"https:\\\/\\\/gliptoneeurope.com\\\/wp-content\\\/uploads\\\/Wheel-Rim-1.jpg\",\"width\":1654,\"height\":1621},{\"@type\":\"BreadcrumbList\",\"@id\":\"https:\\\/\\\/gliptoneeurope.com\\\/fr\\\/produit\\\/magtastik-roue-jante-nettoyant\\\/#breadcrumb\",\"itemListElement\":[{\"@type\":\"ListItem\",\"position\":1,\"name\":\"Home\",\"item\":\"https:\\\/\\\/gliptoneeurope.com\\\/\"},{\"@type\":\"ListItem\",\"position\":2,\"name\":\"Boutique\",\"item\":\"https:\\\/\\\/gliptoneeurope.com\\\/fr\\\/boutique\\\/\"},{\"@type\":\"ListItem\",\"position\":3,\"name\":\"Magtastik &#8211; Nettoyant pour jantes\"}]},{\"@type\":\"WebSite\",\"@id\":\"https:\\\/\\\/gliptoneeurope.com\\\/#website\",\"url\":\"https:\\\/\\\/gliptoneeurope.com\\\/\",\"name\":\"Gliptone Europe\",\"description\":\"Professional Car Detailing Products\",\"publisher\":{\"@id\":\"https:\\\/\\\/gliptoneeurope.com\\\/#organization\"},\"potentialAction\":[{\"@type\":\"SearchAction\",\"target\":{\"@type\":\"EntryPoint\",\"urlTemplate\":\"https:\\\/\\\/gliptoneeurope.com\\\/?s={search_term_string}\"},\"query-input\":{\"@type\":\"PropertyValueSpecification\",\"valueRequired\":true,\"valueName\":\"search_term_string\"}}],\"inLanguage\":\"fr-FR\"},{\"@type\":\"Organization\",\"@id\":\"https:\\\/\\\/gliptoneeurope.com\\\/#organization\",\"name\":\"Gliptone Europe\",\"url\":\"https:\\\/\\\/gliptoneeurope.com\\\/\",\"logo\":{\"@type\":\"ImageObject\",\"inLanguage\":\"fr-FR\",\"@id\":\"https:\\\/\\\/gliptoneeurope.com\\\/#\\\/schema\\\/logo\\\/image\\\/\",\"url\":\"https:\\\/\\\/gliptoneeurope.com\\\/wp-content\\\/uploads\\\/Gliptone_Logo.png\",\"contentUrl\":\"https:\\\/\\\/gliptoneeurope.com\\\/wp-content\\\/uploads\\\/Gliptone_Logo.png\",\"width\":1472,\"height\":607,\"caption\":\"Gliptone Europe\"},\"image\":{\"@id\":\"https:\\\/\\\/gliptoneeurope.com\\\/#\\\/schema\\\/logo\\\/image\\\/\"},\"sameAs\":[\"https:\\\/\\\/www.facebook.com\\\/gliptoneeurope\\\/\",\"https:\\\/\\\/www.instagram.com\\\/gliptoneeurope\\\/\",\"https:\\\/\\\/www.pinterest.co.uk\\\/GliptoneEurope\\\/\"]}]}<\/script>\n<!-- \/ Yoast SEO Premium plugin. -->","yoast_head_json":{"title":"Magtastik - Nettoyant pour jantes - Gliptone Europe","description":"Le nettoyant pour jantes\/roues Magtastik peut \u00eatre utilis\u00e9 pour \u00e9liminer efficacement et en toute s\u00e9curit\u00e9 la poussi\u00e8re de frein, la salet\u00e9 de la route et la rouille de surface.","robots":{"index":"index","follow":"follow","max-snippet":"max-snippet:-1","max-image-preview":"max-image-preview:large","max-video-preview":"max-video-preview:-1"},"canonical":"https:\/\/gliptoneeurope.com\/fr\/produit\/magtastik-roue-jante-nettoyant\/","og_locale":"fr_FR","og_type":"article","og_title":"Magtastik - Nettoyant pour jantes","og_description":"Le nettoyant pour jantes\/roues Magtastik peut \u00eatre utilis\u00e9 pour \u00e9liminer efficacement et en toute s\u00e9curit\u00e9 la poussi\u00e8re de frein, la salet\u00e9 de la route et","og_url":"https:\/\/gliptoneeurope.com\/fr\/produit\/magtastik-roue-jante-nettoyant\/","og_site_name":"Gliptone Europe","article_publisher":"https:\/\/www.facebook.com\/gliptoneeurope\/","og_image":[{"width":1654,"height":1621,"url":"https:\/\/gliptoneeurope.com\/wp-content\/uploads\/Wheel-Rim-1.jpg","type":"image\/jpeg"}],"twitter_card":"summary_large_image","twitter_misc":{"Dur\u00e9e de lecture estim\u00e9e":"1 minute"},"schema":{"@context":"https:\/\/schema.org","@graph":[{"@type":"WebPage","@id":"https:\/\/gliptoneeurope.com\/fr\/produit\/magtastik-roue-jante-nettoyant\/","url":"https:\/\/gliptoneeurope.com\/fr\/produit\/magtastik-roue-jante-nettoyant\/","name":"Magtastik - Nettoyant pour jantes - Gliptone Europe","isPartOf":{"@id":"https:\/\/gliptoneeurope.com\/#website"},"primaryImageOfPage":{"@id":"https:\/\/gliptoneeurope.com\/fr\/produit\/magtastik-roue-jante-nettoyant\/#primaryimage"},"image":{"@id":"https:\/\/gliptoneeurope.com\/fr\/produit\/magtastik-roue-jante-nettoyant\/#primaryimage"},"thumbnailUrl":"https:\/\/gliptoneeurope.com\/wp-content\/uploads\/Wheel-Rim-1.jpg","datePublished":"2021-11-30T11:48:14+00:00","description":"Le nettoyant pour jantes\/roues Magtastik peut \u00eatre utilis\u00e9 pour \u00e9liminer efficacement et en toute s\u00e9curit\u00e9 la poussi\u00e8re de frein, la salet\u00e9 de la route et la rouille de surface.","breadcrumb":{"@id":"https:\/\/gliptoneeurope.com\/fr\/produit\/magtastik-roue-jante-nettoyant\/#breadcrumb"},"inLanguage":"fr-FR","potentialAction":[{"@type":"ReadAction","target":["https:\/\/gliptoneeurope.com\/fr\/produit\/magtastik-roue-jante-nettoyant\/"]}]},{"@type":"ImageObject","inLanguage":"fr-FR","@id":"https:\/\/gliptoneeurope.com\/fr\/produit\/magtastik-roue-jante-nettoyant\/#primaryimage","url":"https:\/\/gliptoneeurope.com\/wp-content\/uploads\/Wheel-Rim-1.jpg","contentUrl":"https:\/\/gliptoneeurope.com\/wp-content\/uploads\/Wheel-Rim-1.jpg","width":1654,"height":1621},{"@type":"BreadcrumbList","@id":"https:\/\/gliptoneeurope.com\/fr\/produit\/magtastik-roue-jante-nettoyant\/#breadcrumb","itemListElement":[{"@type":"ListItem","position":1,"name":"Home","item":"https:\/\/gliptoneeurope.com\/"},{"@type":"ListItem","position":2,"name":"Boutique","item":"https:\/\/gliptoneeurope.com\/fr\/boutique\/"},{"@type":"ListItem","position":3,"name":"Magtastik &#8211; Nettoyant pour jantes"}]},{"@type":"WebSite","@id":"https:\/\/gliptoneeurope.com\/#website","url":"https:\/\/gliptoneeurope.com\/","name":"Gliptone Europe","description":"Professional Car Detailing Products","publisher":{"@id":"https:\/\/gliptoneeurope.com\/#organization"},"potentialAction":[{"@type":"SearchAction","target":{"@type":"EntryPoint","urlTemplate":"https:\/\/gliptoneeurope.com\/?s={search_term_string}"},"query-input":{"@type":"PropertyValueSpecification","valueRequired":true,"valueName":"search_term_string"}}],"inLanguage":"fr-FR"},{"@type":"Organization","@id":"https:\/\/gliptoneeurope.com\/#organization","name":"Gliptone Europe","url":"https:\/\/gliptoneeurope.com\/","logo":{"@type":"ImageObject","inLanguage":"fr-FR","@id":"https:\/\/gliptoneeurope.com\/#\/schema\/logo\/image\/","url":"https:\/\/gliptoneeurope.com\/wp-content\/uploads\/Gliptone_Logo.png","contentUrl":"https:\/\/gliptoneeurope.com\/wp-content\/uploads\/Gliptone_Logo.png","width":1472,"height":607,"caption":"Gliptone Europe"},"image":{"@id":"https:\/\/gliptoneeurope.com\/#\/schema\/logo\/image\/"},"sameAs":["https:\/\/www.facebook.com\/gliptoneeurope\/","https:\/\/www.instagram.com\/gliptoneeurope\/","https:\/\/www.pinterest.co.uk\/GliptoneEurope\/"]}]}},"wcpa_form_fields":null,"_links":{"self":[{"href":"https:\/\/gliptoneeurope.com\/fr\/wp-json\/wp\/v2\/product\/12220","targetHints":{"allow":["GET"]}}],"collection":[{"href":"https:\/\/gliptoneeurope.com\/fr\/wp-json\/wp\/v2\/product"}],"about":[{"href":"https:\/\/gliptoneeurope.com\/fr\/wp-json\/wp\/v2\/types\/product"}],"wp:featuredmedia":[{"embeddable":true,"href":"https:\/\/gliptoneeurope.com\/fr\/wp-json\/wp\/v2\/media\/18535"}],"wp:attachment":[{"href":"https:\/\/gliptoneeurope.com\/fr\/wp-json\/wp\/v2\/media?parent=12220"}],"wp:term":[{"taxonomy":"product_brand","embeddable":true,"href":"https:\/\/gliptoneeurope.com\/fr\/wp-json\/wp\/v2\/product_brand?post=12220"},{"taxonomy":"product_cat","embeddable":true,"href":"https:\/\/gliptoneeurope.com\/fr\/wp-json\/wp\/v2\/product_cat?post=12220"},{"taxonomy":"product_tag","embeddable":true,"href":"https:\/\/gliptoneeurope.com\/fr\/wp-json\/wp\/v2\/product_tag?post=12220"}],"curies":[{"name":"wp","href":"https:\/\/api.w.org\/{rel}","templated":true}]}}