{"id":12204,"date":"2020-04-06T17:38:50","date_gmt":"2021-11-30T11:48:07","guid":{"rendered":"https:\/\/gliptoneeurope.com\/product\/detaillant-exterieur-express\/"},"modified":"2021-11-30T11:48:07","modified_gmt":"2021-11-30T11:48:07","slug":"express-exterieur-detailer","status":"publish","type":"product","link":"https:\/\/gliptoneeurope.com\/fr\/produit\/express-exterieur-detailer\/","title":{"rendered":"D\u00e9taillant ext\u00e9rieur express"},"content":{"rendered":"<p>Notre Express Exterior Detailer est une formule de d\u00e9tail \u00ab spray-n-wipe \u00bb de qualit\u00e9 professionnelle qui fournit un nettoyage l\u00e9ger et fait briller toutes les surfaces ext\u00e9rieures des automobiles.<\/p>\n<p>Utilisez la m\u00e9thode \u00e0 1 chiffon et 1 chiffon \u00e0 polir et ne le laissez pas trop longtemps. Sans danger pour tous les types de surfaces peintes et les garnitures en vinyle\/plastique\/caoutchouc.<\/p>\n<p>La formule facile \u00e0 utiliser fonctionne parfaitement comme lubrifiant de produit de type argile. Nous recommandons fortement Express Interior Detailer comme l&#8217;un de nos meilleurs choix pour l&#8217;application de lubrifiant \u00e0 l&#8217;argile, combin\u00e9 avec notre <a href=\"https:\/\/gliptoneeurope.com\/product\/body-bar-clay-bar\/\">Body Bar, Clay Bar<\/a> .<\/p>\n<p>Cette m\u00eame formule est utilis\u00e9e dans l&#8217;offre professionnelle de Gliptone par les professionnels de la peinture et de la carrosserie, les lave-autos et les dessinateurs.<\/p>\n<p>Ce produit est \u00e9galement disponible en tant que <a href=\"https:\/\/gliptoneeurope.com\/product\/body-lube-1-gall-3-8l\/\">lubrifiant corporel<\/a> , dans un plus grand volume de 3,8 litres (1 gal).<\/p>\n","protected":false},"excerpt":{"rendered":"<p>Notre Express Exterior Detailer est une formule de d\u00e9tail \u00ab spray-n-wipe \u00bb de qualit\u00e9 professionnelle qui fournit un nettoyage l\u00e9ger et fait briller toutes les surfaces ext\u00e9rieures des automobiles. Utilisez la m\u00e9thode \u00e0 1 chiffon et 1 chiffon \u00e0 polir et ne le laissez pas trop longtemps. Sans danger pour tous les types de surfaces [&hellip;]<\/p>\n","protected":false},"featured_media":18502,"template":"","meta":[],"product_brand":[],"product_cat":[116,148],"product_tag":[],"class_list":{"0":"post-12204","1":"product","2":"type-product","3":"status-publish","4":"has-post-thumbnail","6":"product_cat-preparation-nettoyage","7":"product_cat-preparation-de-la-peinture","9":"first","10":"instock","11":"taxable","12":"shipping-taxable","13":"purchasable","14":"product-type-variable"},"yoast_head":"<!-- This site is optimized with the Yoast SEO Premium plugin v21.4 (Yoast SEO v27.5) - https:\/\/yoast.com\/product\/yoast-seo-premium-wordpress\/ -->\n<title>D\u00e9taillant ext\u00e9rieur express - Gliptone Europe<\/title>\n<meta name=\"description\" content=\"Notre Express Exterior Detailer est une formule de d\u00e9tail \u00ab\u00a0spray-n-wipe\u00a0\u00bb de qualit\u00e9 professionnelle qui permet un nettoyage l\u00e9ger\" \/>\n<meta name=\"robots\" content=\"index, follow, max-snippet:-1, max-image-preview:large, max-video-preview:-1\" \/>\n<link rel=\"canonical\" href=\"https:\/\/gliptoneeurope.com\/fr\/produit\/express-exterieur-detailer\/\" \/>\n<meta property=\"og:locale\" content=\"fr_FR\" \/>\n<meta property=\"og:type\" content=\"article\" \/>\n<meta property=\"og:title\" content=\"D\u00e9taillant ext\u00e9rieur express\" \/>\n<meta property=\"og:description\" content=\"Notre Express Exterior Detailer est une formule de d\u00e9tail \u00ab spray-n-wipe \u00bb de qualit\u00e9 professionnelle qui fournit un nettoyage l\u00e9ger et fait briller\" \/>\n<meta property=\"og:url\" content=\"https:\/\/gliptoneeurope.com\/fr\/produit\/express-exterieur-detailer\/\" \/>\n<meta property=\"og:site_name\" content=\"Gliptone Europe\" \/>\n<meta property=\"article:publisher\" content=\"https:\/\/www.facebook.com\/gliptoneeurope\/\" \/>\n<meta property=\"og:image\" content=\"https:\/\/gliptoneeurope.com\/wp-content\/uploads\/Exterior-Detailer-1.jpg\" \/>\n\t<meta property=\"og:image:width\" content=\"1654\" \/>\n\t<meta property=\"og:image:height\" content=\"1621\" \/>\n\t<meta property=\"og:image:type\" content=\"image\/jpeg\" \/>\n<meta name=\"twitter:card\" content=\"summary_large_image\" \/>\n<meta name=\"twitter:label1\" content=\"Dur\u00e9e de lecture estim\u00e9e\" \/>\n\t<meta name=\"twitter:data1\" content=\"1 minute\" \/>\n<script type=\"application\/ld+json\" class=\"yoast-schema-graph\">{\"@context\":\"https:\\\/\\\/schema.org\",\"@graph\":[{\"@type\":\"WebPage\",\"@id\":\"https:\\\/\\\/gliptoneeurope.com\\\/fr\\\/produit\\\/express-exterieur-detailer\\\/\",\"url\":\"https:\\\/\\\/gliptoneeurope.com\\\/fr\\\/produit\\\/express-exterieur-detailer\\\/\",\"name\":\"D\u00e9taillant ext\u00e9rieur express - Gliptone Europe\",\"isPartOf\":{\"@id\":\"https:\\\/\\\/gliptoneeurope.com\\\/#website\"},\"primaryImageOfPage\":{\"@id\":\"https:\\\/\\\/gliptoneeurope.com\\\/fr\\\/produit\\\/express-exterieur-detailer\\\/#primaryimage\"},\"image\":{\"@id\":\"https:\\\/\\\/gliptoneeurope.com\\\/fr\\\/produit\\\/express-exterieur-detailer\\\/#primaryimage\"},\"thumbnailUrl\":\"https:\\\/\\\/gliptoneeurope.com\\\/wp-content\\\/uploads\\\/Exterior-Detailer-1.jpg\",\"datePublished\":\"2021-11-30T11:48:07+00:00\",\"description\":\"Notre Express Exterior Detailer est une formule de d\u00e9tail \u00ab\u00a0spray-n-wipe\u00a0\u00bb de qualit\u00e9 professionnelle qui permet un nettoyage l\u00e9ger\",\"breadcrumb\":{\"@id\":\"https:\\\/\\\/gliptoneeurope.com\\\/fr\\\/produit\\\/express-exterieur-detailer\\\/#breadcrumb\"},\"inLanguage\":\"fr-FR\",\"potentialAction\":[{\"@type\":\"ReadAction\",\"target\":[\"https:\\\/\\\/gliptoneeurope.com\\\/fr\\\/produit\\\/express-exterieur-detailer\\\/\"]}]},{\"@type\":\"ImageObject\",\"inLanguage\":\"fr-FR\",\"@id\":\"https:\\\/\\\/gliptoneeurope.com\\\/fr\\\/produit\\\/express-exterieur-detailer\\\/#primaryimage\",\"url\":\"https:\\\/\\\/gliptoneeurope.com\\\/wp-content\\\/uploads\\\/Exterior-Detailer-1.jpg\",\"contentUrl\":\"https:\\\/\\\/gliptoneeurope.com\\\/wp-content\\\/uploads\\\/Exterior-Detailer-1.jpg\",\"width\":1654,\"height\":1621},{\"@type\":\"BreadcrumbList\",\"@id\":\"https:\\\/\\\/gliptoneeurope.com\\\/fr\\\/produit\\\/express-exterieur-detailer\\\/#breadcrumb\",\"itemListElement\":[{\"@type\":\"ListItem\",\"position\":1,\"name\":\"Home\",\"item\":\"https:\\\/\\\/gliptoneeurope.com\\\/\"},{\"@type\":\"ListItem\",\"position\":2,\"name\":\"Boutique\",\"item\":\"https:\\\/\\\/gliptoneeurope.com\\\/fr\\\/boutique\\\/\"},{\"@type\":\"ListItem\",\"position\":3,\"name\":\"D\u00e9taillant ext\u00e9rieur express\"}]},{\"@type\":\"WebSite\",\"@id\":\"https:\\\/\\\/gliptoneeurope.com\\\/#website\",\"url\":\"https:\\\/\\\/gliptoneeurope.com\\\/\",\"name\":\"Gliptone Europe\",\"description\":\"Professional Car Detailing Products\",\"publisher\":{\"@id\":\"https:\\\/\\\/gliptoneeurope.com\\\/#organization\"},\"potentialAction\":[{\"@type\":\"SearchAction\",\"target\":{\"@type\":\"EntryPoint\",\"urlTemplate\":\"https:\\\/\\\/gliptoneeurope.com\\\/?s={search_term_string}\"},\"query-input\":{\"@type\":\"PropertyValueSpecification\",\"valueRequired\":true,\"valueName\":\"search_term_string\"}}],\"inLanguage\":\"fr-FR\"},{\"@type\":\"Organization\",\"@id\":\"https:\\\/\\\/gliptoneeurope.com\\\/#organization\",\"name\":\"Gliptone Europe\",\"url\":\"https:\\\/\\\/gliptoneeurope.com\\\/\",\"logo\":{\"@type\":\"ImageObject\",\"inLanguage\":\"fr-FR\",\"@id\":\"https:\\\/\\\/gliptoneeurope.com\\\/#\\\/schema\\\/logo\\\/image\\\/\",\"url\":\"https:\\\/\\\/gliptoneeurope.com\\\/wp-content\\\/uploads\\\/Gliptone_Logo.png\",\"contentUrl\":\"https:\\\/\\\/gliptoneeurope.com\\\/wp-content\\\/uploads\\\/Gliptone_Logo.png\",\"width\":1472,\"height\":607,\"caption\":\"Gliptone Europe\"},\"image\":{\"@id\":\"https:\\\/\\\/gliptoneeurope.com\\\/#\\\/schema\\\/logo\\\/image\\\/\"},\"sameAs\":[\"https:\\\/\\\/www.facebook.com\\\/gliptoneeurope\\\/\",\"https:\\\/\\\/www.instagram.com\\\/gliptoneeurope\\\/\",\"https:\\\/\\\/www.pinterest.co.uk\\\/GliptoneEurope\\\/\"]}]}<\/script>\n<!-- \/ Yoast SEO Premium plugin. -->","yoast_head_json":{"title":"D\u00e9taillant ext\u00e9rieur express - Gliptone Europe","description":"Notre Express Exterior Detailer est une formule de d\u00e9tail \u00ab\u00a0spray-n-wipe\u00a0\u00bb de qualit\u00e9 professionnelle qui permet un nettoyage l\u00e9ger","robots":{"index":"index","follow":"follow","max-snippet":"max-snippet:-1","max-image-preview":"max-image-preview:large","max-video-preview":"max-video-preview:-1"},"canonical":"https:\/\/gliptoneeurope.com\/fr\/produit\/express-exterieur-detailer\/","og_locale":"fr_FR","og_type":"article","og_title":"D\u00e9taillant ext\u00e9rieur express","og_description":"Notre Express Exterior Detailer est une formule de d\u00e9tail \u00ab spray-n-wipe \u00bb de qualit\u00e9 professionnelle qui fournit un nettoyage l\u00e9ger et fait briller","og_url":"https:\/\/gliptoneeurope.com\/fr\/produit\/express-exterieur-detailer\/","og_site_name":"Gliptone Europe","article_publisher":"https:\/\/www.facebook.com\/gliptoneeurope\/","og_image":[{"width":1654,"height":1621,"url":"https:\/\/gliptoneeurope.com\/wp-content\/uploads\/Exterior-Detailer-1.jpg","type":"image\/jpeg"}],"twitter_card":"summary_large_image","twitter_misc":{"Dur\u00e9e de lecture estim\u00e9e":"1 minute"},"schema":{"@context":"https:\/\/schema.org","@graph":[{"@type":"WebPage","@id":"https:\/\/gliptoneeurope.com\/fr\/produit\/express-exterieur-detailer\/","url":"https:\/\/gliptoneeurope.com\/fr\/produit\/express-exterieur-detailer\/","name":"D\u00e9taillant ext\u00e9rieur express - Gliptone Europe","isPartOf":{"@id":"https:\/\/gliptoneeurope.com\/#website"},"primaryImageOfPage":{"@id":"https:\/\/gliptoneeurope.com\/fr\/produit\/express-exterieur-detailer\/#primaryimage"},"image":{"@id":"https:\/\/gliptoneeurope.com\/fr\/produit\/express-exterieur-detailer\/#primaryimage"},"thumbnailUrl":"https:\/\/gliptoneeurope.com\/wp-content\/uploads\/Exterior-Detailer-1.jpg","datePublished":"2021-11-30T11:48:07+00:00","description":"Notre Express Exterior Detailer est une formule de d\u00e9tail \u00ab\u00a0spray-n-wipe\u00a0\u00bb de qualit\u00e9 professionnelle qui permet un nettoyage l\u00e9ger","breadcrumb":{"@id":"https:\/\/gliptoneeurope.com\/fr\/produit\/express-exterieur-detailer\/#breadcrumb"},"inLanguage":"fr-FR","potentialAction":[{"@type":"ReadAction","target":["https:\/\/gliptoneeurope.com\/fr\/produit\/express-exterieur-detailer\/"]}]},{"@type":"ImageObject","inLanguage":"fr-FR","@id":"https:\/\/gliptoneeurope.com\/fr\/produit\/express-exterieur-detailer\/#primaryimage","url":"https:\/\/gliptoneeurope.com\/wp-content\/uploads\/Exterior-Detailer-1.jpg","contentUrl":"https:\/\/gliptoneeurope.com\/wp-content\/uploads\/Exterior-Detailer-1.jpg","width":1654,"height":1621},{"@type":"BreadcrumbList","@id":"https:\/\/gliptoneeurope.com\/fr\/produit\/express-exterieur-detailer\/#breadcrumb","itemListElement":[{"@type":"ListItem","position":1,"name":"Home","item":"https:\/\/gliptoneeurope.com\/"},{"@type":"ListItem","position":2,"name":"Boutique","item":"https:\/\/gliptoneeurope.com\/fr\/boutique\/"},{"@type":"ListItem","position":3,"name":"D\u00e9taillant ext\u00e9rieur express"}]},{"@type":"WebSite","@id":"https:\/\/gliptoneeurope.com\/#website","url":"https:\/\/gliptoneeurope.com\/","name":"Gliptone Europe","description":"Professional Car Detailing Products","publisher":{"@id":"https:\/\/gliptoneeurope.com\/#organization"},"potentialAction":[{"@type":"SearchAction","target":{"@type":"EntryPoint","urlTemplate":"https:\/\/gliptoneeurope.com\/?s={search_term_string}"},"query-input":{"@type":"PropertyValueSpecification","valueRequired":true,"valueName":"search_term_string"}}],"inLanguage":"fr-FR"},{"@type":"Organization","@id":"https:\/\/gliptoneeurope.com\/#organization","name":"Gliptone Europe","url":"https:\/\/gliptoneeurope.com\/","logo":{"@type":"ImageObject","inLanguage":"fr-FR","@id":"https:\/\/gliptoneeurope.com\/#\/schema\/logo\/image\/","url":"https:\/\/gliptoneeurope.com\/wp-content\/uploads\/Gliptone_Logo.png","contentUrl":"https:\/\/gliptoneeurope.com\/wp-content\/uploads\/Gliptone_Logo.png","width":1472,"height":607,"caption":"Gliptone Europe"},"image":{"@id":"https:\/\/gliptoneeurope.com\/#\/schema\/logo\/image\/"},"sameAs":["https:\/\/www.facebook.com\/gliptoneeurope\/","https:\/\/www.instagram.com\/gliptoneeurope\/","https:\/\/www.pinterest.co.uk\/GliptoneEurope\/"]}]}},"wcpa_form_fields":null,"_links":{"self":[{"href":"https:\/\/gliptoneeurope.com\/fr\/wp-json\/wp\/v2\/product\/12204","targetHints":{"allow":["GET"]}}],"collection":[{"href":"https:\/\/gliptoneeurope.com\/fr\/wp-json\/wp\/v2\/product"}],"about":[{"href":"https:\/\/gliptoneeurope.com\/fr\/wp-json\/wp\/v2\/types\/product"}],"wp:featuredmedia":[{"embeddable":true,"href":"https:\/\/gliptoneeurope.com\/fr\/wp-json\/wp\/v2\/media\/18502"}],"wp:attachment":[{"href":"https:\/\/gliptoneeurope.com\/fr\/wp-json\/wp\/v2\/media?parent=12204"}],"wp:term":[{"taxonomy":"product_brand","embeddable":true,"href":"https:\/\/gliptoneeurope.com\/fr\/wp-json\/wp\/v2\/product_brand?post=12204"},{"taxonomy":"product_cat","embeddable":true,"href":"https:\/\/gliptoneeurope.com\/fr\/wp-json\/wp\/v2\/product_cat?post=12204"},{"taxonomy":"product_tag","embeddable":true,"href":"https:\/\/gliptoneeurope.com\/fr\/wp-json\/wp\/v2\/product_tag?post=12204"}],"curies":[{"name":"wp","href":"https:\/\/api.w.org\/{rel}","templated":true}]}}