{"id":12200,"date":"2020-04-06T18:42:12","date_gmt":"2021-11-30T11:48:04","guid":{"rendered":"https:\/\/gliptoneeurope.com\/product\/gant-de-lavage-en-microfibre-premium-softouch\/"},"modified":"2021-11-30T11:48:04","modified_gmt":"2021-11-30T11:48:04","slug":"gant-de-lavage-softouch-premium-microfibre","status":"publish","type":"product","link":"https:\/\/gliptoneeurope.com\/fr\/produit\/gant-de-lavage-softouch-premium-microfibre\/","title":{"rendered":"Gant de lavage en microfibre Premium Softouch\u00ae"},"content":{"rendered":"<p>&#8211; Gant de lavage lavable en machine<br \/>\n&#8211; Chenille super douce<br \/>\n&#8211; Excellente action nettoyante<br \/>\n&#8211; Ne laisse pas de peluches, de tra\u00een\u00e9es ou de bavures<br \/>\n&#8211; S\u00fbr \u00e0 utiliser sur toutes les surfaces d\u00e9licates<br \/>\n&#8211; S\u00fbr \u00e0 utiliser sur toutes les surfaces d\u00e9licates<br \/>\n&#8211; Pi\u00e8ge et retient la salet\u00e9<br \/>\n&#8211; Poignet \u00e9lastique robuste<\/p>\n<p>10&#8243; x 11&#8243;<\/p>\n","protected":false},"excerpt":{"rendered":"<p>&#8211; Gant de lavage lavable en machine &#8211; Chenille super douce &#8211; Excellente action nettoyante &#8211; Ne laisse pas de peluches, de tra\u00een\u00e9es ou de bavures &#8211; S\u00fbr \u00e0 utiliser sur toutes les surfaces d\u00e9licates &#8211; S\u00fbr \u00e0 utiliser sur toutes les surfaces d\u00e9licates &#8211; Pi\u00e8ge et retient la salet\u00e9 &#8211; Poignet \u00e9lastique robuste 10&#8243; [&hellip;]<\/p>\n","protected":false},"featured_media":10238,"template":"","meta":[],"product_brand":[],"product_cat":[118,116],"product_tag":[],"class_list":{"0":"post-12200","1":"product","2":"type-product","3":"status-publish","4":"has-post-thumbnail","6":"product_cat-accessoires-fr","7":"product_cat-preparation-nettoyage","9":"first","10":"instock","11":"taxable","12":"shipping-taxable","13":"purchasable","14":"product-type-simple"},"yoast_head":"<!-- This site is optimized with the Yoast SEO Premium plugin v21.4 (Yoast SEO v27.4) - https:\/\/yoast.com\/product\/yoast-seo-premium-wordpress\/ -->\n<title>Gant de lavage en microfibre Premium Softouch\u00ae - Gliptone Europe<\/title>\n<meta name=\"description\" content=\"- Gant de lavage lavable en machine- Chenille super douce- Excellente action de nettoyage- Ne laisse pas de peluches, de tra\u00een\u00e9es ou de bavures- Peut \u00eatre utilis\u00e9 en toute s\u00e9curit\u00e9 sur toutes les surfaces d\u00e9licates- Peut \u00eatre utilis\u00e9 en toute s\u00e9curit\u00e9 sur toutes les surfaces d\u00e9licates- Pi\u00e8ge et retient la salet\u00e9- Poignet \u00e9lastique r\u00e9sistant\" \/>\n<meta name=\"robots\" content=\"index, follow, max-snippet:-1, max-image-preview:large, max-video-preview:-1\" \/>\n<link rel=\"canonical\" href=\"https:\/\/gliptoneeurope.com\/fr\/produit\/gant-de-lavage-softouch-premium-microfibre\/\" \/>\n<meta property=\"og:locale\" content=\"fr_FR\" \/>\n<meta property=\"og:type\" content=\"article\" \/>\n<meta property=\"og:title\" content=\"Gant de lavage en microfibre Premium Softouch\u00ae\" \/>\n<meta property=\"og:description\" content=\"- Gant de lavage lavable en machine - Chenille super douce - Excellente action nettoyante - Ne laisse pas de peluches, de tra\u00een\u00e9es ou de bavures - S\u00fbr \u00e0\" \/>\n<meta property=\"og:url\" content=\"https:\/\/gliptoneeurope.com\/fr\/produit\/gant-de-lavage-softouch-premium-microfibre\/\" \/>\n<meta property=\"og:site_name\" content=\"Gliptone Europe\" \/>\n<meta property=\"article:publisher\" content=\"https:\/\/www.facebook.com\/gliptoneeurope\/\" \/>\n<meta property=\"og:image\" content=\"https:\/\/gliptoneeurope.com\/wp-content\/uploads\/Wash-Mitt.jpg\" \/>\n\t<meta property=\"og:image:width\" content=\"1772\" \/>\n\t<meta property=\"og:image:height\" content=\"1772\" \/>\n\t<meta property=\"og:image:type\" content=\"image\/jpeg\" \/>\n<meta name=\"twitter:card\" content=\"summary_large_image\" \/>\n<script type=\"application\/ld+json\" class=\"yoast-schema-graph\">{\"@context\":\"https:\\\/\\\/schema.org\",\"@graph\":[{\"@type\":\"WebPage\",\"@id\":\"https:\\\/\\\/gliptoneeurope.com\\\/fr\\\/produit\\\/gant-de-lavage-softouch-premium-microfibre\\\/\",\"url\":\"https:\\\/\\\/gliptoneeurope.com\\\/fr\\\/produit\\\/gant-de-lavage-softouch-premium-microfibre\\\/\",\"name\":\"Gant de lavage en microfibre Premium Softouch\u00ae - Gliptone Europe\",\"isPartOf\":{\"@id\":\"https:\\\/\\\/gliptoneeurope.com\\\/#website\"},\"primaryImageOfPage\":{\"@id\":\"https:\\\/\\\/gliptoneeurope.com\\\/fr\\\/produit\\\/gant-de-lavage-softouch-premium-microfibre\\\/#primaryimage\"},\"image\":{\"@id\":\"https:\\\/\\\/gliptoneeurope.com\\\/fr\\\/produit\\\/gant-de-lavage-softouch-premium-microfibre\\\/#primaryimage\"},\"thumbnailUrl\":\"https:\\\/\\\/gliptoneeurope.com\\\/wp-content\\\/uploads\\\/Wash-Mitt.jpg\",\"datePublished\":\"2021-11-30T11:48:04+00:00\",\"description\":\"- Gant de lavage lavable en machine- Chenille super douce- Excellente action de nettoyage- Ne laisse pas de peluches, de tra\u00een\u00e9es ou de bavures- Peut \u00eatre utilis\u00e9 en toute s\u00e9curit\u00e9 sur toutes les surfaces d\u00e9licates- Peut \u00eatre utilis\u00e9 en toute s\u00e9curit\u00e9 sur toutes les surfaces d\u00e9licates- Pi\u00e8ge et retient la salet\u00e9- Poignet \u00e9lastique r\u00e9sistant\",\"breadcrumb\":{\"@id\":\"https:\\\/\\\/gliptoneeurope.com\\\/fr\\\/produit\\\/gant-de-lavage-softouch-premium-microfibre\\\/#breadcrumb\"},\"inLanguage\":\"fr-FR\",\"potentialAction\":[{\"@type\":\"ReadAction\",\"target\":[\"https:\\\/\\\/gliptoneeurope.com\\\/fr\\\/produit\\\/gant-de-lavage-softouch-premium-microfibre\\\/\"]}]},{\"@type\":\"ImageObject\",\"inLanguage\":\"fr-FR\",\"@id\":\"https:\\\/\\\/gliptoneeurope.com\\\/fr\\\/produit\\\/gant-de-lavage-softouch-premium-microfibre\\\/#primaryimage\",\"url\":\"https:\\\/\\\/gliptoneeurope.com\\\/wp-content\\\/uploads\\\/Wash-Mitt.jpg\",\"contentUrl\":\"https:\\\/\\\/gliptoneeurope.com\\\/wp-content\\\/uploads\\\/Wash-Mitt.jpg\",\"width\":1772,\"height\":1772,\"caption\":\"Gant de toilette\"},{\"@type\":\"BreadcrumbList\",\"@id\":\"https:\\\/\\\/gliptoneeurope.com\\\/fr\\\/produit\\\/gant-de-lavage-softouch-premium-microfibre\\\/#breadcrumb\",\"itemListElement\":[{\"@type\":\"ListItem\",\"position\":1,\"name\":\"Home\",\"item\":\"https:\\\/\\\/gliptoneeurope.com\\\/\"},{\"@type\":\"ListItem\",\"position\":2,\"name\":\"Boutique\",\"item\":\"https:\\\/\\\/gliptoneeurope.com\\\/fr\\\/boutique\\\/\"},{\"@type\":\"ListItem\",\"position\":3,\"name\":\"Gant de lavage en microfibre Premium Softouch\u00ae\"}]},{\"@type\":\"WebSite\",\"@id\":\"https:\\\/\\\/gliptoneeurope.com\\\/#website\",\"url\":\"https:\\\/\\\/gliptoneeurope.com\\\/\",\"name\":\"Gliptone Europe\",\"description\":\"Professional Car Detailing Products\",\"publisher\":{\"@id\":\"https:\\\/\\\/gliptoneeurope.com\\\/#organization\"},\"potentialAction\":[{\"@type\":\"SearchAction\",\"target\":{\"@type\":\"EntryPoint\",\"urlTemplate\":\"https:\\\/\\\/gliptoneeurope.com\\\/?s={search_term_string}\"},\"query-input\":{\"@type\":\"PropertyValueSpecification\",\"valueRequired\":true,\"valueName\":\"search_term_string\"}}],\"inLanguage\":\"fr-FR\"},{\"@type\":\"Organization\",\"@id\":\"https:\\\/\\\/gliptoneeurope.com\\\/#organization\",\"name\":\"Gliptone Europe\",\"url\":\"https:\\\/\\\/gliptoneeurope.com\\\/\",\"logo\":{\"@type\":\"ImageObject\",\"inLanguage\":\"fr-FR\",\"@id\":\"https:\\\/\\\/gliptoneeurope.com\\\/#\\\/schema\\\/logo\\\/image\\\/\",\"url\":\"https:\\\/\\\/gliptoneeurope.com\\\/wp-content\\\/uploads\\\/Gliptone_Logo.png\",\"contentUrl\":\"https:\\\/\\\/gliptoneeurope.com\\\/wp-content\\\/uploads\\\/Gliptone_Logo.png\",\"width\":1472,\"height\":607,\"caption\":\"Gliptone Europe\"},\"image\":{\"@id\":\"https:\\\/\\\/gliptoneeurope.com\\\/#\\\/schema\\\/logo\\\/image\\\/\"},\"sameAs\":[\"https:\\\/\\\/www.facebook.com\\\/gliptoneeurope\\\/\",\"https:\\\/\\\/www.instagram.com\\\/gliptoneeurope\\\/\",\"https:\\\/\\\/www.pinterest.co.uk\\\/GliptoneEurope\\\/\"]}]}<\/script>\n<!-- \/ Yoast SEO Premium plugin. -->","yoast_head_json":{"title":"Gant de lavage en microfibre Premium Softouch\u00ae - Gliptone Europe","description":"- Gant de lavage lavable en machine- Chenille super douce- Excellente action de nettoyage- Ne laisse pas de peluches, de tra\u00een\u00e9es ou de bavures- Peut \u00eatre utilis\u00e9 en toute s\u00e9curit\u00e9 sur toutes les surfaces d\u00e9licates- Peut \u00eatre utilis\u00e9 en toute s\u00e9curit\u00e9 sur toutes les surfaces d\u00e9licates- Pi\u00e8ge et retient la salet\u00e9- Poignet \u00e9lastique r\u00e9sistant","robots":{"index":"index","follow":"follow","max-snippet":"max-snippet:-1","max-image-preview":"max-image-preview:large","max-video-preview":"max-video-preview:-1"},"canonical":"https:\/\/gliptoneeurope.com\/fr\/produit\/gant-de-lavage-softouch-premium-microfibre\/","og_locale":"fr_FR","og_type":"article","og_title":"Gant de lavage en microfibre Premium Softouch\u00ae","og_description":"- Gant de lavage lavable en machine - Chenille super douce - Excellente action nettoyante - Ne laisse pas de peluches, de tra\u00een\u00e9es ou de bavures - S\u00fbr \u00e0","og_url":"https:\/\/gliptoneeurope.com\/fr\/produit\/gant-de-lavage-softouch-premium-microfibre\/","og_site_name":"Gliptone Europe","article_publisher":"https:\/\/www.facebook.com\/gliptoneeurope\/","og_image":[{"width":1772,"height":1772,"url":"https:\/\/gliptoneeurope.com\/wp-content\/uploads\/Wash-Mitt.jpg","type":"image\/jpeg"}],"twitter_card":"summary_large_image","schema":{"@context":"https:\/\/schema.org","@graph":[{"@type":"WebPage","@id":"https:\/\/gliptoneeurope.com\/fr\/produit\/gant-de-lavage-softouch-premium-microfibre\/","url":"https:\/\/gliptoneeurope.com\/fr\/produit\/gant-de-lavage-softouch-premium-microfibre\/","name":"Gant de lavage en microfibre Premium Softouch\u00ae - Gliptone Europe","isPartOf":{"@id":"https:\/\/gliptoneeurope.com\/#website"},"primaryImageOfPage":{"@id":"https:\/\/gliptoneeurope.com\/fr\/produit\/gant-de-lavage-softouch-premium-microfibre\/#primaryimage"},"image":{"@id":"https:\/\/gliptoneeurope.com\/fr\/produit\/gant-de-lavage-softouch-premium-microfibre\/#primaryimage"},"thumbnailUrl":"https:\/\/gliptoneeurope.com\/wp-content\/uploads\/Wash-Mitt.jpg","datePublished":"2021-11-30T11:48:04+00:00","description":"- Gant de lavage lavable en machine- Chenille super douce- Excellente action de nettoyage- Ne laisse pas de peluches, de tra\u00een\u00e9es ou de bavures- Peut \u00eatre utilis\u00e9 en toute s\u00e9curit\u00e9 sur toutes les surfaces d\u00e9licates- Peut \u00eatre utilis\u00e9 en toute s\u00e9curit\u00e9 sur toutes les surfaces d\u00e9licates- Pi\u00e8ge et retient la salet\u00e9- Poignet \u00e9lastique r\u00e9sistant","breadcrumb":{"@id":"https:\/\/gliptoneeurope.com\/fr\/produit\/gant-de-lavage-softouch-premium-microfibre\/#breadcrumb"},"inLanguage":"fr-FR","potentialAction":[{"@type":"ReadAction","target":["https:\/\/gliptoneeurope.com\/fr\/produit\/gant-de-lavage-softouch-premium-microfibre\/"]}]},{"@type":"ImageObject","inLanguage":"fr-FR","@id":"https:\/\/gliptoneeurope.com\/fr\/produit\/gant-de-lavage-softouch-premium-microfibre\/#primaryimage","url":"https:\/\/gliptoneeurope.com\/wp-content\/uploads\/Wash-Mitt.jpg","contentUrl":"https:\/\/gliptoneeurope.com\/wp-content\/uploads\/Wash-Mitt.jpg","width":1772,"height":1772,"caption":"Gant de toilette"},{"@type":"BreadcrumbList","@id":"https:\/\/gliptoneeurope.com\/fr\/produit\/gant-de-lavage-softouch-premium-microfibre\/#breadcrumb","itemListElement":[{"@type":"ListItem","position":1,"name":"Home","item":"https:\/\/gliptoneeurope.com\/"},{"@type":"ListItem","position":2,"name":"Boutique","item":"https:\/\/gliptoneeurope.com\/fr\/boutique\/"},{"@type":"ListItem","position":3,"name":"Gant de lavage en microfibre Premium Softouch\u00ae"}]},{"@type":"WebSite","@id":"https:\/\/gliptoneeurope.com\/#website","url":"https:\/\/gliptoneeurope.com\/","name":"Gliptone Europe","description":"Professional Car Detailing Products","publisher":{"@id":"https:\/\/gliptoneeurope.com\/#organization"},"potentialAction":[{"@type":"SearchAction","target":{"@type":"EntryPoint","urlTemplate":"https:\/\/gliptoneeurope.com\/?s={search_term_string}"},"query-input":{"@type":"PropertyValueSpecification","valueRequired":true,"valueName":"search_term_string"}}],"inLanguage":"fr-FR"},{"@type":"Organization","@id":"https:\/\/gliptoneeurope.com\/#organization","name":"Gliptone Europe","url":"https:\/\/gliptoneeurope.com\/","logo":{"@type":"ImageObject","inLanguage":"fr-FR","@id":"https:\/\/gliptoneeurope.com\/#\/schema\/logo\/image\/","url":"https:\/\/gliptoneeurope.com\/wp-content\/uploads\/Gliptone_Logo.png","contentUrl":"https:\/\/gliptoneeurope.com\/wp-content\/uploads\/Gliptone_Logo.png","width":1472,"height":607,"caption":"Gliptone Europe"},"image":{"@id":"https:\/\/gliptoneeurope.com\/#\/schema\/logo\/image\/"},"sameAs":["https:\/\/www.facebook.com\/gliptoneeurope\/","https:\/\/www.instagram.com\/gliptoneeurope\/","https:\/\/www.pinterest.co.uk\/GliptoneEurope\/"]}]}},"wcpa_form_fields":null,"_links":{"self":[{"href":"https:\/\/gliptoneeurope.com\/fr\/wp-json\/wp\/v2\/product\/12200","targetHints":{"allow":["GET"]}}],"collection":[{"href":"https:\/\/gliptoneeurope.com\/fr\/wp-json\/wp\/v2\/product"}],"about":[{"href":"https:\/\/gliptoneeurope.com\/fr\/wp-json\/wp\/v2\/types\/product"}],"wp:featuredmedia":[{"embeddable":true,"href":"https:\/\/gliptoneeurope.com\/fr\/wp-json\/wp\/v2\/media\/10238"}],"wp:attachment":[{"href":"https:\/\/gliptoneeurope.com\/fr\/wp-json\/wp\/v2\/media?parent=12200"}],"wp:term":[{"taxonomy":"product_brand","embeddable":true,"href":"https:\/\/gliptoneeurope.com\/fr\/wp-json\/wp\/v2\/product_brand?post=12200"},{"taxonomy":"product_cat","embeddable":true,"href":"https:\/\/gliptoneeurope.com\/fr\/wp-json\/wp\/v2\/product_cat?post=12200"},{"taxonomy":"product_tag","embeddable":true,"href":"https:\/\/gliptoneeurope.com\/fr\/wp-json\/wp\/v2\/product_tag?post=12200"}],"curies":[{"name":"wp","href":"https:\/\/api.w.org\/{rel}","templated":true}]}}