{"id":12189,"date":"2020-04-06T18:20:21","date_gmt":"2021-11-30T11:48:01","guid":{"rendered":"https:\/\/gliptoneeurope.com\/product\/eponges-de-nettoyage-polyvalentes-glipscrub\/"},"modified":"2021-11-30T11:48:01","modified_gmt":"2021-11-30T11:48:01","slug":"eponges-nettoyantes-multi-usages-glipscrub","status":"publish","type":"product","link":"https:\/\/gliptoneeurope.com\/fr\/produit\/eponges-nettoyantes-multi-usages-glipscrub\/","title":{"rendered":"\u00c9ponges de nettoyage polyvalentes Glipscrub"},"content":{"rendered":"<p>R\u00e9pare les moulures et les garnitures d\u00e9color\u00e9es et tach\u00e9es de cire. Id\u00e9al sur les panneaux de porte, les tableaux de bord, les garnitures int\u00e9rieures et ext\u00e9rieures. 12 \u00e9ponges\/sac. Fabriqu\u00e9e \u00e0 partir d&#8217;un mat\u00e9riau de nettoyage innovant (m\u00e9lamine), l&#8217;\u00e9ponge de nettoyage polyvalente Gliptone Glipscrub\u00ae p\u00e9n\u00e8tre la surface, \u00e9liminant la salet\u00e9, l&#8217;oxydation et les d\u00e9bris d&#8217;une grande vari\u00e9t\u00e9 de surfaces, y compris le vinyle, le plastique, le caoutchouc, le cuir, le verre, le tissu\/tissu et bien Suite. R\u00e9pare les moulures et les garnitures d\u00e9color\u00e9es et tach\u00e9es de cire. Id\u00e9al sur les panneaux de porte, les tableaux de bord, les garnitures int\u00e9rieures et ext\u00e9rieures. \u00c9vitez le nettoyage par mouvement circulaire, essayez de continuer \u00e0 nettoyer en lignes droites.<\/p>\n","protected":false},"excerpt":{"rendered":"<p>R\u00e9pare les moulures et les garnitures d\u00e9color\u00e9es et tach\u00e9es de cire. Id\u00e9al sur les panneaux de porte, les tableaux de bord, les garnitures int\u00e9rieures et ext\u00e9rieures. 12 \u00e9ponges\/sac. Fabriqu\u00e9e \u00e0 partir d&#8217;un mat\u00e9riau de nettoyage innovant (m\u00e9lamine), l&#8217;\u00e9ponge de nettoyage polyvalente Gliptone Glipscrub\u00ae p\u00e9n\u00e8tre la surface, \u00e9liminant la salet\u00e9, l&#8217;oxydation et les d\u00e9bris d&#8217;une grande [&hellip;]<\/p>\n","protected":false},"featured_media":10696,"template":"","meta":[],"product_brand":[],"product_cat":[103,157,116],"product_tag":[],"class_list":{"0":"post-12189","1":"product","2":"type-product","3":"status-publish","4":"has-post-thumbnail","6":"product_cat-decorateurs-dexterieur-polissoirs","7":"product_cat-moteur","8":"product_cat-preparation-nettoyage","10":"first","11":"instock","12":"taxable","13":"shipping-taxable","14":"purchasable","15":"product-type-simple"},"yoast_head":"<!-- This site is optimized with the Yoast SEO Premium plugin v21.4 (Yoast SEO v27.5) - https:\/\/yoast.com\/product\/yoast-seo-premium-wordpress\/ -->\n<title>\u00c9ponges de nettoyage polyvalentes Glipscrub - Gliptone Europe<\/title>\n<meta name=\"description\" content=\"R\u00e9pare les moulures et les garnitures d\u00e9color\u00e9es et tach\u00e9es de cire. Id\u00e9al sur les panneaux de porte, les tableaux de bord, les garnitures int\u00e9rieures et ext\u00e9rieures. 12 \u00e9ponges\/sac. Fabriqu\u00e9e \u00e0 partir d&#039;un mat\u00e9riau de nettoyage innovant (m\u00e9lamine), l&#039;\u00e9ponge de nettoyage polyvalente Gliptone Glipscrub\u00ae p\u00e9n\u00e8tre la surface, \u00e9liminant la salet\u00e9, l&#039;oxydation et les d\u00e9bris d&#039;une grande vari\u00e9t\u00e9 de surfaces, y compris le vinyle, le plastique, le caoutchouc, le cuir, le verre, le tissu\/tissu et bien Suite.\" \/>\n<meta name=\"robots\" content=\"index, follow, max-snippet:-1, max-image-preview:large, max-video-preview:-1\" \/>\n<link rel=\"canonical\" href=\"https:\/\/gliptoneeurope.com\/fr\/produit\/eponges-nettoyantes-multi-usages-glipscrub\/\" \/>\n<meta property=\"og:locale\" content=\"fr_FR\" \/>\n<meta property=\"og:type\" content=\"article\" \/>\n<meta property=\"og:title\" content=\"\u00c9ponges de nettoyage polyvalentes Glipscrub\" \/>\n<meta property=\"og:description\" content=\"R\u00e9pare les moulures et les garnitures d\u00e9color\u00e9es et tach\u00e9es de cire. Id\u00e9al sur les panneaux de porte, les tableaux de bord, les garnitures int\u00e9rieures et\" \/>\n<meta property=\"og:url\" content=\"https:\/\/gliptoneeurope.com\/fr\/produit\/eponges-nettoyantes-multi-usages-glipscrub\/\" \/>\n<meta property=\"og:site_name\" content=\"Gliptone Europe\" \/>\n<meta property=\"article:publisher\" content=\"https:\/\/www.facebook.com\/gliptoneeurope\/\" \/>\n<meta property=\"og:image\" content=\"https:\/\/gliptoneeurope.com\/wp-content\/uploads\/Multi-Purpose-Cleaning-Sponges.jpg\" \/>\n\t<meta property=\"og:image:width\" content=\"1321\" \/>\n\t<meta property=\"og:image:height\" content=\"1321\" \/>\n\t<meta property=\"og:image:type\" content=\"image\/jpeg\" \/>\n<meta name=\"twitter:card\" content=\"summary_large_image\" \/>\n<meta name=\"twitter:label1\" content=\"Dur\u00e9e de lecture estim\u00e9e\" \/>\n\t<meta name=\"twitter:data1\" content=\"1 minute\" \/>\n<script type=\"application\/ld+json\" class=\"yoast-schema-graph\">{\"@context\":\"https:\\\/\\\/schema.org\",\"@graph\":[{\"@type\":\"WebPage\",\"@id\":\"https:\\\/\\\/gliptoneeurope.com\\\/fr\\\/produit\\\/eponges-nettoyantes-multi-usages-glipscrub\\\/\",\"url\":\"https:\\\/\\\/gliptoneeurope.com\\\/fr\\\/produit\\\/eponges-nettoyantes-multi-usages-glipscrub\\\/\",\"name\":\"\u00c9ponges de nettoyage polyvalentes Glipscrub - Gliptone Europe\",\"isPartOf\":{\"@id\":\"https:\\\/\\\/gliptoneeurope.com\\\/#website\"},\"primaryImageOfPage\":{\"@id\":\"https:\\\/\\\/gliptoneeurope.com\\\/fr\\\/produit\\\/eponges-nettoyantes-multi-usages-glipscrub\\\/#primaryimage\"},\"image\":{\"@id\":\"https:\\\/\\\/gliptoneeurope.com\\\/fr\\\/produit\\\/eponges-nettoyantes-multi-usages-glipscrub\\\/#primaryimage\"},\"thumbnailUrl\":\"https:\\\/\\\/gliptoneeurope.com\\\/wp-content\\\/uploads\\\/Multi-Purpose-Cleaning-Sponges.jpg\",\"datePublished\":\"2021-11-30T11:48:01+00:00\",\"description\":\"R\u00e9pare les moulures et les garnitures d\u00e9color\u00e9es et tach\u00e9es de cire. Id\u00e9al sur les panneaux de porte, les tableaux de bord, les garnitures int\u00e9rieures et ext\u00e9rieures. 12 \u00e9ponges\\\/sac. Fabriqu\u00e9e \u00e0 partir d'un mat\u00e9riau de nettoyage innovant (m\u00e9lamine), l'\u00e9ponge de nettoyage polyvalente Gliptone Glipscrub\u00ae p\u00e9n\u00e8tre la surface, \u00e9liminant la salet\u00e9, l'oxydation et les d\u00e9bris d'une grande vari\u00e9t\u00e9 de surfaces, y compris le vinyle, le plastique, le caoutchouc, le cuir, le verre, le tissu\\\/tissu et bien Suite.\",\"breadcrumb\":{\"@id\":\"https:\\\/\\\/gliptoneeurope.com\\\/fr\\\/produit\\\/eponges-nettoyantes-multi-usages-glipscrub\\\/#breadcrumb\"},\"inLanguage\":\"fr-FR\",\"potentialAction\":[{\"@type\":\"ReadAction\",\"target\":[\"https:\\\/\\\/gliptoneeurope.com\\\/fr\\\/produit\\\/eponges-nettoyantes-multi-usages-glipscrub\\\/\"]}]},{\"@type\":\"ImageObject\",\"inLanguage\":\"fr-FR\",\"@id\":\"https:\\\/\\\/gliptoneeurope.com\\\/fr\\\/produit\\\/eponges-nettoyantes-multi-usages-glipscrub\\\/#primaryimage\",\"url\":\"https:\\\/\\\/gliptoneeurope.com\\\/wp-content\\\/uploads\\\/Multi-Purpose-Cleaning-Sponges.jpg\",\"contentUrl\":\"https:\\\/\\\/gliptoneeurope.com\\\/wp-content\\\/uploads\\\/Multi-Purpose-Cleaning-Sponges.jpg\",\"width\":1321,\"height\":1321},{\"@type\":\"BreadcrumbList\",\"@id\":\"https:\\\/\\\/gliptoneeurope.com\\\/fr\\\/produit\\\/eponges-nettoyantes-multi-usages-glipscrub\\\/#breadcrumb\",\"itemListElement\":[{\"@type\":\"ListItem\",\"position\":1,\"name\":\"Home\",\"item\":\"https:\\\/\\\/gliptoneeurope.com\\\/\"},{\"@type\":\"ListItem\",\"position\":2,\"name\":\"Boutique\",\"item\":\"https:\\\/\\\/gliptoneeurope.com\\\/fr\\\/boutique\\\/\"},{\"@type\":\"ListItem\",\"position\":3,\"name\":\"\u00c9ponges de nettoyage polyvalentes Glipscrub\"}]},{\"@type\":\"WebSite\",\"@id\":\"https:\\\/\\\/gliptoneeurope.com\\\/#website\",\"url\":\"https:\\\/\\\/gliptoneeurope.com\\\/\",\"name\":\"Gliptone Europe\",\"description\":\"Professional Car Detailing Products\",\"publisher\":{\"@id\":\"https:\\\/\\\/gliptoneeurope.com\\\/#organization\"},\"potentialAction\":[{\"@type\":\"SearchAction\",\"target\":{\"@type\":\"EntryPoint\",\"urlTemplate\":\"https:\\\/\\\/gliptoneeurope.com\\\/?s={search_term_string}\"},\"query-input\":{\"@type\":\"PropertyValueSpecification\",\"valueRequired\":true,\"valueName\":\"search_term_string\"}}],\"inLanguage\":\"fr-FR\"},{\"@type\":\"Organization\",\"@id\":\"https:\\\/\\\/gliptoneeurope.com\\\/#organization\",\"name\":\"Gliptone Europe\",\"url\":\"https:\\\/\\\/gliptoneeurope.com\\\/\",\"logo\":{\"@type\":\"ImageObject\",\"inLanguage\":\"fr-FR\",\"@id\":\"https:\\\/\\\/gliptoneeurope.com\\\/#\\\/schema\\\/logo\\\/image\\\/\",\"url\":\"https:\\\/\\\/gliptoneeurope.com\\\/wp-content\\\/uploads\\\/Gliptone_Logo.png\",\"contentUrl\":\"https:\\\/\\\/gliptoneeurope.com\\\/wp-content\\\/uploads\\\/Gliptone_Logo.png\",\"width\":1472,\"height\":607,\"caption\":\"Gliptone Europe\"},\"image\":{\"@id\":\"https:\\\/\\\/gliptoneeurope.com\\\/#\\\/schema\\\/logo\\\/image\\\/\"},\"sameAs\":[\"https:\\\/\\\/www.facebook.com\\\/gliptoneeurope\\\/\",\"https:\\\/\\\/www.instagram.com\\\/gliptoneeurope\\\/\",\"https:\\\/\\\/www.pinterest.co.uk\\\/GliptoneEurope\\\/\"]}]}<\/script>\n<!-- \/ Yoast SEO Premium plugin. -->","yoast_head_json":{"title":"\u00c9ponges de nettoyage polyvalentes Glipscrub - Gliptone Europe","description":"R\u00e9pare les moulures et les garnitures d\u00e9color\u00e9es et tach\u00e9es de cire. Id\u00e9al sur les panneaux de porte, les tableaux de bord, les garnitures int\u00e9rieures et ext\u00e9rieures. 12 \u00e9ponges\/sac. Fabriqu\u00e9e \u00e0 partir d'un mat\u00e9riau de nettoyage innovant (m\u00e9lamine), l'\u00e9ponge de nettoyage polyvalente Gliptone Glipscrub\u00ae p\u00e9n\u00e8tre la surface, \u00e9liminant la salet\u00e9, l'oxydation et les d\u00e9bris d'une grande vari\u00e9t\u00e9 de surfaces, y compris le vinyle, le plastique, le caoutchouc, le cuir, le verre, le tissu\/tissu et bien Suite.","robots":{"index":"index","follow":"follow","max-snippet":"max-snippet:-1","max-image-preview":"max-image-preview:large","max-video-preview":"max-video-preview:-1"},"canonical":"https:\/\/gliptoneeurope.com\/fr\/produit\/eponges-nettoyantes-multi-usages-glipscrub\/","og_locale":"fr_FR","og_type":"article","og_title":"\u00c9ponges de nettoyage polyvalentes Glipscrub","og_description":"R\u00e9pare les moulures et les garnitures d\u00e9color\u00e9es et tach\u00e9es de cire. Id\u00e9al sur les panneaux de porte, les tableaux de bord, les garnitures int\u00e9rieures et","og_url":"https:\/\/gliptoneeurope.com\/fr\/produit\/eponges-nettoyantes-multi-usages-glipscrub\/","og_site_name":"Gliptone Europe","article_publisher":"https:\/\/www.facebook.com\/gliptoneeurope\/","og_image":[{"width":1321,"height":1321,"url":"https:\/\/gliptoneeurope.com\/wp-content\/uploads\/Multi-Purpose-Cleaning-Sponges.jpg","type":"image\/jpeg"}],"twitter_card":"summary_large_image","twitter_misc":{"Dur\u00e9e de lecture estim\u00e9e":"1 minute"},"schema":{"@context":"https:\/\/schema.org","@graph":[{"@type":"WebPage","@id":"https:\/\/gliptoneeurope.com\/fr\/produit\/eponges-nettoyantes-multi-usages-glipscrub\/","url":"https:\/\/gliptoneeurope.com\/fr\/produit\/eponges-nettoyantes-multi-usages-glipscrub\/","name":"\u00c9ponges de nettoyage polyvalentes Glipscrub - Gliptone Europe","isPartOf":{"@id":"https:\/\/gliptoneeurope.com\/#website"},"primaryImageOfPage":{"@id":"https:\/\/gliptoneeurope.com\/fr\/produit\/eponges-nettoyantes-multi-usages-glipscrub\/#primaryimage"},"image":{"@id":"https:\/\/gliptoneeurope.com\/fr\/produit\/eponges-nettoyantes-multi-usages-glipscrub\/#primaryimage"},"thumbnailUrl":"https:\/\/gliptoneeurope.com\/wp-content\/uploads\/Multi-Purpose-Cleaning-Sponges.jpg","datePublished":"2021-11-30T11:48:01+00:00","description":"R\u00e9pare les moulures et les garnitures d\u00e9color\u00e9es et tach\u00e9es de cire. Id\u00e9al sur les panneaux de porte, les tableaux de bord, les garnitures int\u00e9rieures et ext\u00e9rieures. 12 \u00e9ponges\/sac. Fabriqu\u00e9e \u00e0 partir d'un mat\u00e9riau de nettoyage innovant (m\u00e9lamine), l'\u00e9ponge de nettoyage polyvalente Gliptone Glipscrub\u00ae p\u00e9n\u00e8tre la surface, \u00e9liminant la salet\u00e9, l'oxydation et les d\u00e9bris d'une grande vari\u00e9t\u00e9 de surfaces, y compris le vinyle, le plastique, le caoutchouc, le cuir, le verre, le tissu\/tissu et bien Suite.","breadcrumb":{"@id":"https:\/\/gliptoneeurope.com\/fr\/produit\/eponges-nettoyantes-multi-usages-glipscrub\/#breadcrumb"},"inLanguage":"fr-FR","potentialAction":[{"@type":"ReadAction","target":["https:\/\/gliptoneeurope.com\/fr\/produit\/eponges-nettoyantes-multi-usages-glipscrub\/"]}]},{"@type":"ImageObject","inLanguage":"fr-FR","@id":"https:\/\/gliptoneeurope.com\/fr\/produit\/eponges-nettoyantes-multi-usages-glipscrub\/#primaryimage","url":"https:\/\/gliptoneeurope.com\/wp-content\/uploads\/Multi-Purpose-Cleaning-Sponges.jpg","contentUrl":"https:\/\/gliptoneeurope.com\/wp-content\/uploads\/Multi-Purpose-Cleaning-Sponges.jpg","width":1321,"height":1321},{"@type":"BreadcrumbList","@id":"https:\/\/gliptoneeurope.com\/fr\/produit\/eponges-nettoyantes-multi-usages-glipscrub\/#breadcrumb","itemListElement":[{"@type":"ListItem","position":1,"name":"Home","item":"https:\/\/gliptoneeurope.com\/"},{"@type":"ListItem","position":2,"name":"Boutique","item":"https:\/\/gliptoneeurope.com\/fr\/boutique\/"},{"@type":"ListItem","position":3,"name":"\u00c9ponges de nettoyage polyvalentes Glipscrub"}]},{"@type":"WebSite","@id":"https:\/\/gliptoneeurope.com\/#website","url":"https:\/\/gliptoneeurope.com\/","name":"Gliptone Europe","description":"Professional Car Detailing Products","publisher":{"@id":"https:\/\/gliptoneeurope.com\/#organization"},"potentialAction":[{"@type":"SearchAction","target":{"@type":"EntryPoint","urlTemplate":"https:\/\/gliptoneeurope.com\/?s={search_term_string}"},"query-input":{"@type":"PropertyValueSpecification","valueRequired":true,"valueName":"search_term_string"}}],"inLanguage":"fr-FR"},{"@type":"Organization","@id":"https:\/\/gliptoneeurope.com\/#organization","name":"Gliptone Europe","url":"https:\/\/gliptoneeurope.com\/","logo":{"@type":"ImageObject","inLanguage":"fr-FR","@id":"https:\/\/gliptoneeurope.com\/#\/schema\/logo\/image\/","url":"https:\/\/gliptoneeurope.com\/wp-content\/uploads\/Gliptone_Logo.png","contentUrl":"https:\/\/gliptoneeurope.com\/wp-content\/uploads\/Gliptone_Logo.png","width":1472,"height":607,"caption":"Gliptone Europe"},"image":{"@id":"https:\/\/gliptoneeurope.com\/#\/schema\/logo\/image\/"},"sameAs":["https:\/\/www.facebook.com\/gliptoneeurope\/","https:\/\/www.instagram.com\/gliptoneeurope\/","https:\/\/www.pinterest.co.uk\/GliptoneEurope\/"]}]}},"wcpa_form_fields":null,"_links":{"self":[{"href":"https:\/\/gliptoneeurope.com\/fr\/wp-json\/wp\/v2\/product\/12189","targetHints":{"allow":["GET"]}}],"collection":[{"href":"https:\/\/gliptoneeurope.com\/fr\/wp-json\/wp\/v2\/product"}],"about":[{"href":"https:\/\/gliptoneeurope.com\/fr\/wp-json\/wp\/v2\/types\/product"}],"wp:featuredmedia":[{"embeddable":true,"href":"https:\/\/gliptoneeurope.com\/fr\/wp-json\/wp\/v2\/media\/10696"}],"wp:attachment":[{"href":"https:\/\/gliptoneeurope.com\/fr\/wp-json\/wp\/v2\/media?parent=12189"}],"wp:term":[{"taxonomy":"product_brand","embeddable":true,"href":"https:\/\/gliptoneeurope.com\/fr\/wp-json\/wp\/v2\/product_brand?post=12189"},{"taxonomy":"product_cat","embeddable":true,"href":"https:\/\/gliptoneeurope.com\/fr\/wp-json\/wp\/v2\/product_cat?post=12189"},{"taxonomy":"product_tag","embeddable":true,"href":"https:\/\/gliptoneeurope.com\/fr\/wp-json\/wp\/v2\/product_tag?post=12189"}],"curies":[{"name":"wp","href":"https:\/\/api.w.org\/{rel}","templated":true}]}}