{"id":12178,"date":"2020-04-06T18:35:13","date_gmt":"2021-11-30T11:47:57","guid":{"rendered":"https:\/\/gliptoneeurope.com\/product\/chiffon-de-sechage-et-de-polissage\/"},"modified":"2021-11-30T11:47:57","modified_gmt":"2021-11-30T11:47:57","slug":"sechage-et-polissage","status":"publish","type":"product","link":"https:\/\/gliptoneeurope.com\/fr\/produit\/sechage-et-polissage\/","title":{"rendered":"Chiffon de s\u00e9chage et de polissage"},"content":{"rendered":"<p>Notre chiffon de s\u00e9chage et de polissage est id\u00e9al pour l&#8217;\u00e9limination de la cire, le polissage, le polissage et le d\u00e9poussi\u00e9rage. Les qualit\u00e9s sans traces et sans peluches de ce tissu en font un excellent choix pour nettoyer les vitres, le verre et de nombreuses autres surfaces.<\/p>\n<p>Paquet de 2, 16&#8243; x 16&#8243;<\/p>\n","protected":false},"excerpt":{"rendered":"<p>Notre chiffon de s\u00e9chage et de polissage est id\u00e9al pour l&#8217;\u00e9limination de la cire, le polissage, le polissage et le d\u00e9poussi\u00e9rage. Les qualit\u00e9s sans traces et sans peluches de ce tissu en font un excellent choix pour nettoyer les vitres, le verre et de nombreuses autres surfaces. Paquet de 2, 16&#8243; x 16&#8243;<\/p>\n","protected":false},"featured_media":10236,"template":"","meta":[],"product_brand":[],"product_cat":[116],"product_tag":[],"class_list":{"0":"post-12178","1":"product","2":"type-product","3":"status-publish","4":"has-post-thumbnail","6":"product_cat-preparation-nettoyage","8":"first","9":"instock","10":"taxable","11":"shipping-taxable","12":"purchasable","13":"product-type-simple"},"yoast_head":"<!-- This site is optimized with the Yoast SEO Premium plugin v21.4 (Yoast SEO v27.4) - https:\/\/yoast.com\/product\/yoast-seo-premium-wordpress\/ -->\n<title>Chiffon de s\u00e9chage et de polissage - Gliptone Europe<\/title>\n<meta name=\"description\" content=\"Notre chiffon de s\u00e9chage et de polissage est id\u00e9al pour l&#039;\u00e9limination de la cire, le polissage, le polissage et le d\u00e9poussi\u00e9rage. Les qualit\u00e9s sans traces et sans peluches de ce tissu en font un excellent choix pour nettoyer les vitres, le verre et de nombreuses autres surfaces.\" \/>\n<meta name=\"robots\" content=\"index, follow, max-snippet:-1, max-image-preview:large, max-video-preview:-1\" \/>\n<link rel=\"canonical\" href=\"https:\/\/gliptoneeurope.com\/fr\/produit\/sechage-et-polissage\/\" \/>\n<meta property=\"og:locale\" content=\"fr_FR\" \/>\n<meta property=\"og:type\" content=\"article\" \/>\n<meta property=\"og:title\" content=\"Chiffon de s\u00e9chage et de polissage\" \/>\n<meta property=\"og:description\" content=\"Notre chiffon de s\u00e9chage et de polissage est id\u00e9al pour l&#039;\u00e9limination de la cire, le polissage, le polissage et le d\u00e9poussi\u00e9rage. Les qualit\u00e9s sans traces\" \/>\n<meta property=\"og:url\" content=\"https:\/\/gliptoneeurope.com\/fr\/produit\/sechage-et-polissage\/\" \/>\n<meta property=\"og:site_name\" content=\"Gliptone Europe\" \/>\n<meta property=\"article:publisher\" content=\"https:\/\/www.facebook.com\/gliptoneeurope\/\" \/>\n<meta property=\"og:image\" content=\"https:\/\/gliptoneeurope.com\/wp-content\/uploads\/Softouch-Micro-Fiber-Towel.jpg\" \/>\n\t<meta property=\"og:image:width\" content=\"1772\" \/>\n\t<meta property=\"og:image:height\" content=\"1772\" \/>\n\t<meta property=\"og:image:type\" content=\"image\/jpeg\" \/>\n<meta name=\"twitter:card\" content=\"summary_large_image\" \/>\n<script type=\"application\/ld+json\" class=\"yoast-schema-graph\">{\"@context\":\"https:\\\/\\\/schema.org\",\"@graph\":[{\"@type\":\"WebPage\",\"@id\":\"https:\\\/\\\/gliptoneeurope.com\\\/fr\\\/produit\\\/sechage-et-polissage\\\/\",\"url\":\"https:\\\/\\\/gliptoneeurope.com\\\/fr\\\/produit\\\/sechage-et-polissage\\\/\",\"name\":\"Chiffon de s\u00e9chage et de polissage - Gliptone Europe\",\"isPartOf\":{\"@id\":\"https:\\\/\\\/gliptoneeurope.com\\\/#website\"},\"primaryImageOfPage\":{\"@id\":\"https:\\\/\\\/gliptoneeurope.com\\\/fr\\\/produit\\\/sechage-et-polissage\\\/#primaryimage\"},\"image\":{\"@id\":\"https:\\\/\\\/gliptoneeurope.com\\\/fr\\\/produit\\\/sechage-et-polissage\\\/#primaryimage\"},\"thumbnailUrl\":\"https:\\\/\\\/gliptoneeurope.com\\\/wp-content\\\/uploads\\\/Softouch-Micro-Fiber-Towel.jpg\",\"datePublished\":\"2021-11-30T11:47:57+00:00\",\"description\":\"Notre chiffon de s\u00e9chage et de polissage est id\u00e9al pour l'\u00e9limination de la cire, le polissage, le polissage et le d\u00e9poussi\u00e9rage. Les qualit\u00e9s sans traces et sans peluches de ce tissu en font un excellent choix pour nettoyer les vitres, le verre et de nombreuses autres surfaces.\",\"breadcrumb\":{\"@id\":\"https:\\\/\\\/gliptoneeurope.com\\\/fr\\\/produit\\\/sechage-et-polissage\\\/#breadcrumb\"},\"inLanguage\":\"fr-FR\",\"potentialAction\":[{\"@type\":\"ReadAction\",\"target\":[\"https:\\\/\\\/gliptoneeurope.com\\\/fr\\\/produit\\\/sechage-et-polissage\\\/\"]}]},{\"@type\":\"ImageObject\",\"inLanguage\":\"fr-FR\",\"@id\":\"https:\\\/\\\/gliptoneeurope.com\\\/fr\\\/produit\\\/sechage-et-polissage\\\/#primaryimage\",\"url\":\"https:\\\/\\\/gliptoneeurope.com\\\/wp-content\\\/uploads\\\/Softouch-Micro-Fiber-Towel.jpg\",\"contentUrl\":\"https:\\\/\\\/gliptoneeurope.com\\\/wp-content\\\/uploads\\\/Softouch-Micro-Fiber-Towel.jpg\",\"width\":1772,\"height\":1772,\"caption\":\"Serviette en microfibre Softtouch\"},{\"@type\":\"BreadcrumbList\",\"@id\":\"https:\\\/\\\/gliptoneeurope.com\\\/fr\\\/produit\\\/sechage-et-polissage\\\/#breadcrumb\",\"itemListElement\":[{\"@type\":\"ListItem\",\"position\":1,\"name\":\"Home\",\"item\":\"https:\\\/\\\/gliptoneeurope.com\\\/\"},{\"@type\":\"ListItem\",\"position\":2,\"name\":\"Boutique\",\"item\":\"https:\\\/\\\/gliptoneeurope.com\\\/fr\\\/boutique\\\/\"},{\"@type\":\"ListItem\",\"position\":3,\"name\":\"Chiffon de s\u00e9chage et de polissage\"}]},{\"@type\":\"WebSite\",\"@id\":\"https:\\\/\\\/gliptoneeurope.com\\\/#website\",\"url\":\"https:\\\/\\\/gliptoneeurope.com\\\/\",\"name\":\"Gliptone Europe\",\"description\":\"Professional Car Detailing Products\",\"publisher\":{\"@id\":\"https:\\\/\\\/gliptoneeurope.com\\\/#organization\"},\"potentialAction\":[{\"@type\":\"SearchAction\",\"target\":{\"@type\":\"EntryPoint\",\"urlTemplate\":\"https:\\\/\\\/gliptoneeurope.com\\\/?s={search_term_string}\"},\"query-input\":{\"@type\":\"PropertyValueSpecification\",\"valueRequired\":true,\"valueName\":\"search_term_string\"}}],\"inLanguage\":\"fr-FR\"},{\"@type\":\"Organization\",\"@id\":\"https:\\\/\\\/gliptoneeurope.com\\\/#organization\",\"name\":\"Gliptone Europe\",\"url\":\"https:\\\/\\\/gliptoneeurope.com\\\/\",\"logo\":{\"@type\":\"ImageObject\",\"inLanguage\":\"fr-FR\",\"@id\":\"https:\\\/\\\/gliptoneeurope.com\\\/#\\\/schema\\\/logo\\\/image\\\/\",\"url\":\"https:\\\/\\\/gliptoneeurope.com\\\/wp-content\\\/uploads\\\/Gliptone_Logo.png\",\"contentUrl\":\"https:\\\/\\\/gliptoneeurope.com\\\/wp-content\\\/uploads\\\/Gliptone_Logo.png\",\"width\":1472,\"height\":607,\"caption\":\"Gliptone Europe\"},\"image\":{\"@id\":\"https:\\\/\\\/gliptoneeurope.com\\\/#\\\/schema\\\/logo\\\/image\\\/\"},\"sameAs\":[\"https:\\\/\\\/www.facebook.com\\\/gliptoneeurope\\\/\",\"https:\\\/\\\/www.instagram.com\\\/gliptoneeurope\\\/\",\"https:\\\/\\\/www.pinterest.co.uk\\\/GliptoneEurope\\\/\"]}]}<\/script>\n<!-- \/ Yoast SEO Premium plugin. -->","yoast_head_json":{"title":"Chiffon de s\u00e9chage et de polissage - Gliptone Europe","description":"Notre chiffon de s\u00e9chage et de polissage est id\u00e9al pour l'\u00e9limination de la cire, le polissage, le polissage et le d\u00e9poussi\u00e9rage. Les qualit\u00e9s sans traces et sans peluches de ce tissu en font un excellent choix pour nettoyer les vitres, le verre et de nombreuses autres surfaces.","robots":{"index":"index","follow":"follow","max-snippet":"max-snippet:-1","max-image-preview":"max-image-preview:large","max-video-preview":"max-video-preview:-1"},"canonical":"https:\/\/gliptoneeurope.com\/fr\/produit\/sechage-et-polissage\/","og_locale":"fr_FR","og_type":"article","og_title":"Chiffon de s\u00e9chage et de polissage","og_description":"Notre chiffon de s\u00e9chage et de polissage est id\u00e9al pour l'\u00e9limination de la cire, le polissage, le polissage et le d\u00e9poussi\u00e9rage. Les qualit\u00e9s sans traces","og_url":"https:\/\/gliptoneeurope.com\/fr\/produit\/sechage-et-polissage\/","og_site_name":"Gliptone Europe","article_publisher":"https:\/\/www.facebook.com\/gliptoneeurope\/","og_image":[{"width":1772,"height":1772,"url":"https:\/\/gliptoneeurope.com\/wp-content\/uploads\/Softouch-Micro-Fiber-Towel.jpg","type":"image\/jpeg"}],"twitter_card":"summary_large_image","schema":{"@context":"https:\/\/schema.org","@graph":[{"@type":"WebPage","@id":"https:\/\/gliptoneeurope.com\/fr\/produit\/sechage-et-polissage\/","url":"https:\/\/gliptoneeurope.com\/fr\/produit\/sechage-et-polissage\/","name":"Chiffon de s\u00e9chage et de polissage - Gliptone Europe","isPartOf":{"@id":"https:\/\/gliptoneeurope.com\/#website"},"primaryImageOfPage":{"@id":"https:\/\/gliptoneeurope.com\/fr\/produit\/sechage-et-polissage\/#primaryimage"},"image":{"@id":"https:\/\/gliptoneeurope.com\/fr\/produit\/sechage-et-polissage\/#primaryimage"},"thumbnailUrl":"https:\/\/gliptoneeurope.com\/wp-content\/uploads\/Softouch-Micro-Fiber-Towel.jpg","datePublished":"2021-11-30T11:47:57+00:00","description":"Notre chiffon de s\u00e9chage et de polissage est id\u00e9al pour l'\u00e9limination de la cire, le polissage, le polissage et le d\u00e9poussi\u00e9rage. Les qualit\u00e9s sans traces et sans peluches de ce tissu en font un excellent choix pour nettoyer les vitres, le verre et de nombreuses autres surfaces.","breadcrumb":{"@id":"https:\/\/gliptoneeurope.com\/fr\/produit\/sechage-et-polissage\/#breadcrumb"},"inLanguage":"fr-FR","potentialAction":[{"@type":"ReadAction","target":["https:\/\/gliptoneeurope.com\/fr\/produit\/sechage-et-polissage\/"]}]},{"@type":"ImageObject","inLanguage":"fr-FR","@id":"https:\/\/gliptoneeurope.com\/fr\/produit\/sechage-et-polissage\/#primaryimage","url":"https:\/\/gliptoneeurope.com\/wp-content\/uploads\/Softouch-Micro-Fiber-Towel.jpg","contentUrl":"https:\/\/gliptoneeurope.com\/wp-content\/uploads\/Softouch-Micro-Fiber-Towel.jpg","width":1772,"height":1772,"caption":"Serviette en microfibre Softtouch"},{"@type":"BreadcrumbList","@id":"https:\/\/gliptoneeurope.com\/fr\/produit\/sechage-et-polissage\/#breadcrumb","itemListElement":[{"@type":"ListItem","position":1,"name":"Home","item":"https:\/\/gliptoneeurope.com\/"},{"@type":"ListItem","position":2,"name":"Boutique","item":"https:\/\/gliptoneeurope.com\/fr\/boutique\/"},{"@type":"ListItem","position":3,"name":"Chiffon de s\u00e9chage et de polissage"}]},{"@type":"WebSite","@id":"https:\/\/gliptoneeurope.com\/#website","url":"https:\/\/gliptoneeurope.com\/","name":"Gliptone Europe","description":"Professional Car Detailing Products","publisher":{"@id":"https:\/\/gliptoneeurope.com\/#organization"},"potentialAction":[{"@type":"SearchAction","target":{"@type":"EntryPoint","urlTemplate":"https:\/\/gliptoneeurope.com\/?s={search_term_string}"},"query-input":{"@type":"PropertyValueSpecification","valueRequired":true,"valueName":"search_term_string"}}],"inLanguage":"fr-FR"},{"@type":"Organization","@id":"https:\/\/gliptoneeurope.com\/#organization","name":"Gliptone Europe","url":"https:\/\/gliptoneeurope.com\/","logo":{"@type":"ImageObject","inLanguage":"fr-FR","@id":"https:\/\/gliptoneeurope.com\/#\/schema\/logo\/image\/","url":"https:\/\/gliptoneeurope.com\/wp-content\/uploads\/Gliptone_Logo.png","contentUrl":"https:\/\/gliptoneeurope.com\/wp-content\/uploads\/Gliptone_Logo.png","width":1472,"height":607,"caption":"Gliptone Europe"},"image":{"@id":"https:\/\/gliptoneeurope.com\/#\/schema\/logo\/image\/"},"sameAs":["https:\/\/www.facebook.com\/gliptoneeurope\/","https:\/\/www.instagram.com\/gliptoneeurope\/","https:\/\/www.pinterest.co.uk\/GliptoneEurope\/"]}]}},"wcpa_form_fields":null,"_links":{"self":[{"href":"https:\/\/gliptoneeurope.com\/fr\/wp-json\/wp\/v2\/product\/12178","targetHints":{"allow":["GET"]}}],"collection":[{"href":"https:\/\/gliptoneeurope.com\/fr\/wp-json\/wp\/v2\/product"}],"about":[{"href":"https:\/\/gliptoneeurope.com\/fr\/wp-json\/wp\/v2\/types\/product"}],"wp:featuredmedia":[{"embeddable":true,"href":"https:\/\/gliptoneeurope.com\/fr\/wp-json\/wp\/v2\/media\/10236"}],"wp:attachment":[{"href":"https:\/\/gliptoneeurope.com\/fr\/wp-json\/wp\/v2\/media?parent=12178"}],"wp:term":[{"taxonomy":"product_brand","embeddable":true,"href":"https:\/\/gliptoneeurope.com\/fr\/wp-json\/wp\/v2\/product_brand?post=12178"},{"taxonomy":"product_cat","embeddable":true,"href":"https:\/\/gliptoneeurope.com\/fr\/wp-json\/wp\/v2\/product_cat?post=12178"},{"taxonomy":"product_tag","embeddable":true,"href":"https:\/\/gliptoneeurope.com\/fr\/wp-json\/wp\/v2\/product_tag?post=12178"}],"curies":[{"name":"wp","href":"https:\/\/api.w.org\/{rel}","templated":true}]}}