{"id":12172,"date":"2020-04-07T21:41:53","date_gmt":"2021-11-30T11:47:53","guid":{"rendered":"https:\/\/gliptoneeurope.com\/product\/finition-de-precision\/"},"modified":"2021-11-30T11:47:53","modified_gmt":"2021-11-30T11:47:53","slug":"finition-de-precision","status":"publish","type":"product","link":"https:\/\/gliptoneeurope.com\/fr\/produit\/finition-de-precision\/","title":{"rendered":"Finition de pr\u00e9cision"},"content":{"rendered":"<p>La finition de pr\u00e9cision de la technologie nano-c\u00e9ramique abrasive ne contient pas de charges et \u00e9limine efficacement, pas les peaux, les rayures micro-fines, les tourbillons et les hologrammes. La correction parfaite de la peinture termine l&#8217;\u00e9tape pour produire une perfection et une clart\u00e9 de peinture sans faille. \u00c0 utiliser avec des tampons en mousse ou en microfibre et une polisseuse DA. Aussi tr\u00e8s efficace avec rotative \u00e0 basse vitesse avec finition mousse.<\/p>\n<p>8oz. 235 ml.<br \/>\n32 onces. 900 ml.<br \/>\nGallon. 3800 ml.<\/p>\n","protected":false},"excerpt":{"rendered":"<p>La finition de pr\u00e9cision de la technologie nano-c\u00e9ramique abrasive ne contient pas de charges et \u00e9limine efficacement, pas les peaux, les rayures micro-fines, les tourbillons et les hologrammes. La correction parfaite de la peinture termine l&#8217;\u00e9tape pour produire une perfection et une clart\u00e9 de peinture sans faille. \u00c0 utiliser avec des tampons en mousse ou [&hellip;]<\/p>\n","protected":false},"featured_media":10714,"template":"","meta":[],"product_brand":[],"product_cat":[116,148],"product_tag":[],"class_list":{"0":"post-12172","1":"product","2":"type-product","3":"status-publish","4":"has-post-thumbnail","6":"product_cat-preparation-nettoyage","7":"product_cat-preparation-de-la-peinture","9":"first","10":"instock","11":"taxable","12":"shipping-taxable","13":"purchasable","14":"product-type-variable"},"yoast_head":"<!-- This site is optimized with the Yoast SEO Premium plugin v21.4 (Yoast SEO v27.4) - https:\/\/yoast.com\/product\/yoast-seo-premium-wordpress\/ -->\n<title>Finition de pr\u00e9cision - Gliptone Europe<\/title>\n<meta name=\"description\" content=\"La finition de pr\u00e9cision de la technologie nano-c\u00e9ramique abrasive ne contient pas de charges et \u00e9limine efficacement, pas les peaux, les rayures micro-fines, les tourbillons et les hologrammes.\" \/>\n<meta name=\"robots\" content=\"index, follow, max-snippet:-1, max-image-preview:large, max-video-preview:-1\" \/>\n<link rel=\"canonical\" href=\"https:\/\/gliptoneeurope.com\/fr\/produit\/finition-de-precision\/\" \/>\n<meta property=\"og:locale\" content=\"fr_FR\" \/>\n<meta property=\"og:type\" content=\"article\" \/>\n<meta property=\"og:title\" content=\"Finition de pr\u00e9cision\" \/>\n<meta property=\"og:description\" content=\"La finition de pr\u00e9cision de la technologie nano-c\u00e9ramique abrasive ne contient pas de charges et \u00e9limine efficacement, pas les peaux, les rayures\" \/>\n<meta property=\"og:url\" content=\"https:\/\/gliptoneeurope.com\/fr\/produit\/finition-de-precision\/\" \/>\n<meta property=\"og:site_name\" content=\"Gliptone Europe\" \/>\n<meta property=\"article:publisher\" content=\"https:\/\/www.facebook.com\/gliptoneeurope\/\" \/>\n<meta property=\"og:image\" content=\"https:\/\/gliptoneeurope.com\/wp-content\/uploads\/Precision-Finish-950ml-32oz.jpg\" \/>\n\t<meta property=\"og:image:width\" content=\"1365\" \/>\n\t<meta property=\"og:image:height\" content=\"1365\" \/>\n\t<meta property=\"og:image:type\" content=\"image\/jpeg\" \/>\n<meta name=\"twitter:card\" content=\"summary_large_image\" \/>\n<script type=\"application\/ld+json\" class=\"yoast-schema-graph\">{\"@context\":\"https:\\\/\\\/schema.org\",\"@graph\":[{\"@type\":\"WebPage\",\"@id\":\"https:\\\/\\\/gliptoneeurope.com\\\/fr\\\/produit\\\/finition-de-precision\\\/\",\"url\":\"https:\\\/\\\/gliptoneeurope.com\\\/fr\\\/produit\\\/finition-de-precision\\\/\",\"name\":\"Finition de pr\u00e9cision - Gliptone Europe\",\"isPartOf\":{\"@id\":\"https:\\\/\\\/gliptoneeurope.com\\\/#website\"},\"primaryImageOfPage\":{\"@id\":\"https:\\\/\\\/gliptoneeurope.com\\\/fr\\\/produit\\\/finition-de-precision\\\/#primaryimage\"},\"image\":{\"@id\":\"https:\\\/\\\/gliptoneeurope.com\\\/fr\\\/produit\\\/finition-de-precision\\\/#primaryimage\"},\"thumbnailUrl\":\"https:\\\/\\\/gliptoneeurope.com\\\/wp-content\\\/uploads\\\/Precision-Finish-950ml-32oz.jpg\",\"datePublished\":\"2021-11-30T11:47:53+00:00\",\"description\":\"La finition de pr\u00e9cision de la technologie nano-c\u00e9ramique abrasive ne contient pas de charges et \u00e9limine efficacement, pas les peaux, les rayures micro-fines, les tourbillons et les hologrammes.\",\"breadcrumb\":{\"@id\":\"https:\\\/\\\/gliptoneeurope.com\\\/fr\\\/produit\\\/finition-de-precision\\\/#breadcrumb\"},\"inLanguage\":\"fr-FR\",\"potentialAction\":[{\"@type\":\"ReadAction\",\"target\":[\"https:\\\/\\\/gliptoneeurope.com\\\/fr\\\/produit\\\/finition-de-precision\\\/\"]}]},{\"@type\":\"ImageObject\",\"inLanguage\":\"fr-FR\",\"@id\":\"https:\\\/\\\/gliptoneeurope.com\\\/fr\\\/produit\\\/finition-de-precision\\\/#primaryimage\",\"url\":\"https:\\\/\\\/gliptoneeurope.com\\\/wp-content\\\/uploads\\\/Precision-Finish-950ml-32oz.jpg\",\"contentUrl\":\"https:\\\/\\\/gliptoneeurope.com\\\/wp-content\\\/uploads\\\/Precision-Finish-950ml-32oz.jpg\",\"width\":1365,\"height\":1365},{\"@type\":\"BreadcrumbList\",\"@id\":\"https:\\\/\\\/gliptoneeurope.com\\\/fr\\\/produit\\\/finition-de-precision\\\/#breadcrumb\",\"itemListElement\":[{\"@type\":\"ListItem\",\"position\":1,\"name\":\"Home\",\"item\":\"https:\\\/\\\/gliptoneeurope.com\\\/\"},{\"@type\":\"ListItem\",\"position\":2,\"name\":\"Boutique\",\"item\":\"https:\\\/\\\/gliptoneeurope.com\\\/fr\\\/boutique\\\/\"},{\"@type\":\"ListItem\",\"position\":3,\"name\":\"Finition de pr\u00e9cision\"}]},{\"@type\":\"WebSite\",\"@id\":\"https:\\\/\\\/gliptoneeurope.com\\\/#website\",\"url\":\"https:\\\/\\\/gliptoneeurope.com\\\/\",\"name\":\"Gliptone Europe\",\"description\":\"Professional Car Detailing Products\",\"publisher\":{\"@id\":\"https:\\\/\\\/gliptoneeurope.com\\\/#organization\"},\"potentialAction\":[{\"@type\":\"SearchAction\",\"target\":{\"@type\":\"EntryPoint\",\"urlTemplate\":\"https:\\\/\\\/gliptoneeurope.com\\\/?s={search_term_string}\"},\"query-input\":{\"@type\":\"PropertyValueSpecification\",\"valueRequired\":true,\"valueName\":\"search_term_string\"}}],\"inLanguage\":\"fr-FR\"},{\"@type\":\"Organization\",\"@id\":\"https:\\\/\\\/gliptoneeurope.com\\\/#organization\",\"name\":\"Gliptone Europe\",\"url\":\"https:\\\/\\\/gliptoneeurope.com\\\/\",\"logo\":{\"@type\":\"ImageObject\",\"inLanguage\":\"fr-FR\",\"@id\":\"https:\\\/\\\/gliptoneeurope.com\\\/#\\\/schema\\\/logo\\\/image\\\/\",\"url\":\"https:\\\/\\\/gliptoneeurope.com\\\/wp-content\\\/uploads\\\/Gliptone_Logo.png\",\"contentUrl\":\"https:\\\/\\\/gliptoneeurope.com\\\/wp-content\\\/uploads\\\/Gliptone_Logo.png\",\"width\":1472,\"height\":607,\"caption\":\"Gliptone Europe\"},\"image\":{\"@id\":\"https:\\\/\\\/gliptoneeurope.com\\\/#\\\/schema\\\/logo\\\/image\\\/\"},\"sameAs\":[\"https:\\\/\\\/www.facebook.com\\\/gliptoneeurope\\\/\",\"https:\\\/\\\/www.instagram.com\\\/gliptoneeurope\\\/\",\"https:\\\/\\\/www.pinterest.co.uk\\\/GliptoneEurope\\\/\"]}]}<\/script>\n<!-- \/ Yoast SEO Premium plugin. -->","yoast_head_json":{"title":"Finition de pr\u00e9cision - Gliptone Europe","description":"La finition de pr\u00e9cision de la technologie nano-c\u00e9ramique abrasive ne contient pas de charges et \u00e9limine efficacement, pas les peaux, les rayures micro-fines, les tourbillons et les hologrammes.","robots":{"index":"index","follow":"follow","max-snippet":"max-snippet:-1","max-image-preview":"max-image-preview:large","max-video-preview":"max-video-preview:-1"},"canonical":"https:\/\/gliptoneeurope.com\/fr\/produit\/finition-de-precision\/","og_locale":"fr_FR","og_type":"article","og_title":"Finition de pr\u00e9cision","og_description":"La finition de pr\u00e9cision de la technologie nano-c\u00e9ramique abrasive ne contient pas de charges et \u00e9limine efficacement, pas les peaux, les rayures","og_url":"https:\/\/gliptoneeurope.com\/fr\/produit\/finition-de-precision\/","og_site_name":"Gliptone Europe","article_publisher":"https:\/\/www.facebook.com\/gliptoneeurope\/","og_image":[{"width":1365,"height":1365,"url":"https:\/\/gliptoneeurope.com\/wp-content\/uploads\/Precision-Finish-950ml-32oz.jpg","type":"image\/jpeg"}],"twitter_card":"summary_large_image","schema":{"@context":"https:\/\/schema.org","@graph":[{"@type":"WebPage","@id":"https:\/\/gliptoneeurope.com\/fr\/produit\/finition-de-precision\/","url":"https:\/\/gliptoneeurope.com\/fr\/produit\/finition-de-precision\/","name":"Finition de pr\u00e9cision - Gliptone Europe","isPartOf":{"@id":"https:\/\/gliptoneeurope.com\/#website"},"primaryImageOfPage":{"@id":"https:\/\/gliptoneeurope.com\/fr\/produit\/finition-de-precision\/#primaryimage"},"image":{"@id":"https:\/\/gliptoneeurope.com\/fr\/produit\/finition-de-precision\/#primaryimage"},"thumbnailUrl":"https:\/\/gliptoneeurope.com\/wp-content\/uploads\/Precision-Finish-950ml-32oz.jpg","datePublished":"2021-11-30T11:47:53+00:00","description":"La finition de pr\u00e9cision de la technologie nano-c\u00e9ramique abrasive ne contient pas de charges et \u00e9limine efficacement, pas les peaux, les rayures micro-fines, les tourbillons et les hologrammes.","breadcrumb":{"@id":"https:\/\/gliptoneeurope.com\/fr\/produit\/finition-de-precision\/#breadcrumb"},"inLanguage":"fr-FR","potentialAction":[{"@type":"ReadAction","target":["https:\/\/gliptoneeurope.com\/fr\/produit\/finition-de-precision\/"]}]},{"@type":"ImageObject","inLanguage":"fr-FR","@id":"https:\/\/gliptoneeurope.com\/fr\/produit\/finition-de-precision\/#primaryimage","url":"https:\/\/gliptoneeurope.com\/wp-content\/uploads\/Precision-Finish-950ml-32oz.jpg","contentUrl":"https:\/\/gliptoneeurope.com\/wp-content\/uploads\/Precision-Finish-950ml-32oz.jpg","width":1365,"height":1365},{"@type":"BreadcrumbList","@id":"https:\/\/gliptoneeurope.com\/fr\/produit\/finition-de-precision\/#breadcrumb","itemListElement":[{"@type":"ListItem","position":1,"name":"Home","item":"https:\/\/gliptoneeurope.com\/"},{"@type":"ListItem","position":2,"name":"Boutique","item":"https:\/\/gliptoneeurope.com\/fr\/boutique\/"},{"@type":"ListItem","position":3,"name":"Finition de pr\u00e9cision"}]},{"@type":"WebSite","@id":"https:\/\/gliptoneeurope.com\/#website","url":"https:\/\/gliptoneeurope.com\/","name":"Gliptone Europe","description":"Professional Car Detailing Products","publisher":{"@id":"https:\/\/gliptoneeurope.com\/#organization"},"potentialAction":[{"@type":"SearchAction","target":{"@type":"EntryPoint","urlTemplate":"https:\/\/gliptoneeurope.com\/?s={search_term_string}"},"query-input":{"@type":"PropertyValueSpecification","valueRequired":true,"valueName":"search_term_string"}}],"inLanguage":"fr-FR"},{"@type":"Organization","@id":"https:\/\/gliptoneeurope.com\/#organization","name":"Gliptone Europe","url":"https:\/\/gliptoneeurope.com\/","logo":{"@type":"ImageObject","inLanguage":"fr-FR","@id":"https:\/\/gliptoneeurope.com\/#\/schema\/logo\/image\/","url":"https:\/\/gliptoneeurope.com\/wp-content\/uploads\/Gliptone_Logo.png","contentUrl":"https:\/\/gliptoneeurope.com\/wp-content\/uploads\/Gliptone_Logo.png","width":1472,"height":607,"caption":"Gliptone Europe"},"image":{"@id":"https:\/\/gliptoneeurope.com\/#\/schema\/logo\/image\/"},"sameAs":["https:\/\/www.facebook.com\/gliptoneeurope\/","https:\/\/www.instagram.com\/gliptoneeurope\/","https:\/\/www.pinterest.co.uk\/GliptoneEurope\/"]}]}},"wcpa_form_fields":null,"_links":{"self":[{"href":"https:\/\/gliptoneeurope.com\/fr\/wp-json\/wp\/v2\/product\/12172","targetHints":{"allow":["GET"]}}],"collection":[{"href":"https:\/\/gliptoneeurope.com\/fr\/wp-json\/wp\/v2\/product"}],"about":[{"href":"https:\/\/gliptoneeurope.com\/fr\/wp-json\/wp\/v2\/types\/product"}],"wp:featuredmedia":[{"embeddable":true,"href":"https:\/\/gliptoneeurope.com\/fr\/wp-json\/wp\/v2\/media\/10714"}],"wp:attachment":[{"href":"https:\/\/gliptoneeurope.com\/fr\/wp-json\/wp\/v2\/media?parent=12172"}],"wp:term":[{"taxonomy":"product_brand","embeddable":true,"href":"https:\/\/gliptoneeurope.com\/fr\/wp-json\/wp\/v2\/product_brand?post=12172"},{"taxonomy":"product_cat","embeddable":true,"href":"https:\/\/gliptoneeurope.com\/fr\/wp-json\/wp\/v2\/product_cat?post=12172"},{"taxonomy":"product_tag","embeddable":true,"href":"https:\/\/gliptoneeurope.com\/fr\/wp-json\/wp\/v2\/product_tag?post=12172"}],"curies":[{"name":"wp","href":"https:\/\/api.w.org\/{rel}","templated":true}]}}