{"id":12171,"date":"2020-04-06T18:59:14","date_gmt":"2020-04-06T18:59:14","guid":{"rendered":"https:\/\/gliptoneeurope.com\/product\/softouche-serviette-de-fenetre\/"},"modified":"2021-11-30T11:47:53","modified_gmt":"2021-11-30T11:47:53","slug":"serviette-de-fenetre-softouch","status":"publish","type":"product","link":"https:\/\/gliptoneeurope.com\/fr\/produit\/serviette-de-fenetre-softouch\/","title":{"rendered":"Softouche &#8211; Serviette de fen\u00eatre"},"content":{"rendered":"<p>Le chiffon de nettoyage id\u00e9al con\u00e7u sp\u00e9cifiquement pour les fen\u00eatres a un tissage unique, ce qui en fait la serviette id\u00e9ale pour nettoyer et polir toute surface en verre ainsi que le m\u00e9tal, le carrelage, le plastique et la laque.<\/p>\n<p>PACK DE VENTE GT72662V<\/p>\n<p>1 paquet 16&#8243; X 12&#8243; &#8211; 100\/caisse<\/p>\n","protected":false},"excerpt":{"rendered":"<p>Le chiffon de nettoyage id\u00e9al con\u00e7u sp\u00e9cifiquement pour les fen\u00eatres a un tissage unique, ce qui en fait la serviette id\u00e9ale pour nettoyer et polir toute surface en verre ainsi que le m\u00e9tal, le carrelage, le plastique et la laque. PACK DE VENTE GT72662V 1 paquet 16&#8243; X 12&#8243; &#8211; 100\/caisse<\/p>\n","protected":false},"featured_media":10242,"template":"","meta":[],"product_brand":[],"product_cat":[116],"product_tag":[],"class_list":{"0":"post-12171","1":"product","2":"type-product","3":"status-publish","4":"has-post-thumbnail","6":"product_cat-preparation-nettoyage","8":"first","9":"outofstock","10":"taxable","11":"shipping-taxable","12":"purchasable","13":"product-type-simple"},"yoast_head":"<!-- This site is optimized with the Yoast SEO Premium plugin v21.4 (Yoast SEO v27.4) - https:\/\/yoast.com\/product\/yoast-seo-premium-wordpress\/ -->\n<title>Softouche - Serviette de fen\u00eatre - Gliptone Europe<\/title>\n<meta name=\"description\" content=\"Le chiffon de nettoyage id\u00e9al con\u00e7u sp\u00e9cifiquement pour les fen\u00eatres a un tissage unique, ce qui en fait la serviette id\u00e9ale pour nettoyer et polir toute surface en verre ainsi que le m\u00e9tal, le carrelage, le plastique et la laque.\" \/>\n<meta name=\"robots\" content=\"index, follow, max-snippet:-1, max-image-preview:large, max-video-preview:-1\" \/>\n<link rel=\"canonical\" href=\"https:\/\/gliptoneeurope.com\/fr\/produit\/serviette-de-fenetre-softouch\/\" \/>\n<meta property=\"og:locale\" content=\"fr_FR\" \/>\n<meta property=\"og:type\" content=\"article\" \/>\n<meta property=\"og:title\" content=\"Softouche - Serviette de fen\u00eatre\" \/>\n<meta property=\"og:description\" content=\"Le chiffon de nettoyage id\u00e9al con\u00e7u sp\u00e9cifiquement pour les fen\u00eatres a un tissage unique, ce qui en fait la serviette id\u00e9ale pour nettoyer et polir toute\" \/>\n<meta property=\"og:url\" content=\"https:\/\/gliptoneeurope.com\/fr\/produit\/serviette-de-fenetre-softouch\/\" \/>\n<meta property=\"og:site_name\" content=\"Gliptone Europe\" \/>\n<meta property=\"article:publisher\" content=\"https:\/\/www.facebook.com\/gliptoneeurope\/\" \/>\n<meta property=\"article:modified_time\" content=\"2021-11-30T11:47:53+00:00\" \/>\n<meta property=\"og:image\" content=\"https:\/\/gliptoneeurope.com\/wp-content\/uploads\/Softouch-Window-Towel.jpg\" \/>\n\t<meta property=\"og:image:width\" content=\"1772\" \/>\n\t<meta property=\"og:image:height\" content=\"1772\" \/>\n\t<meta property=\"og:image:type\" content=\"image\/jpeg\" \/>\n<meta name=\"twitter:card\" content=\"summary_large_image\" \/>\n<script type=\"application\/ld+json\" class=\"yoast-schema-graph\">{\"@context\":\"https:\\\/\\\/schema.org\",\"@graph\":[{\"@type\":\"WebPage\",\"@id\":\"https:\\\/\\\/gliptoneeurope.com\\\/fr\\\/produit\\\/serviette-de-fenetre-softouch\\\/\",\"url\":\"https:\\\/\\\/gliptoneeurope.com\\\/fr\\\/produit\\\/serviette-de-fenetre-softouch\\\/\",\"name\":\"Softouche - Serviette de fen\u00eatre - Gliptone Europe\",\"isPartOf\":{\"@id\":\"https:\\\/\\\/gliptoneeurope.com\\\/#website\"},\"primaryImageOfPage\":{\"@id\":\"https:\\\/\\\/gliptoneeurope.com\\\/fr\\\/produit\\\/serviette-de-fenetre-softouch\\\/#primaryimage\"},\"image\":{\"@id\":\"https:\\\/\\\/gliptoneeurope.com\\\/fr\\\/produit\\\/serviette-de-fenetre-softouch\\\/#primaryimage\"},\"thumbnailUrl\":\"https:\\\/\\\/gliptoneeurope.com\\\/wp-content\\\/uploads\\\/Softouch-Window-Towel.jpg\",\"datePublished\":\"2020-04-06T18:59:14+00:00\",\"dateModified\":\"2021-11-30T11:47:53+00:00\",\"description\":\"Le chiffon de nettoyage id\u00e9al con\u00e7u sp\u00e9cifiquement pour les fen\u00eatres a un tissage unique, ce qui en fait la serviette id\u00e9ale pour nettoyer et polir toute surface en verre ainsi que le m\u00e9tal, le carrelage, le plastique et la laque.\",\"breadcrumb\":{\"@id\":\"https:\\\/\\\/gliptoneeurope.com\\\/fr\\\/produit\\\/serviette-de-fenetre-softouch\\\/#breadcrumb\"},\"inLanguage\":\"fr-FR\",\"potentialAction\":[{\"@type\":\"ReadAction\",\"target\":[\"https:\\\/\\\/gliptoneeurope.com\\\/fr\\\/produit\\\/serviette-de-fenetre-softouch\\\/\"]}]},{\"@type\":\"ImageObject\",\"inLanguage\":\"fr-FR\",\"@id\":\"https:\\\/\\\/gliptoneeurope.com\\\/fr\\\/produit\\\/serviette-de-fenetre-softouch\\\/#primaryimage\",\"url\":\"https:\\\/\\\/gliptoneeurope.com\\\/wp-content\\\/uploads\\\/Softouch-Window-Towel.jpg\",\"contentUrl\":\"https:\\\/\\\/gliptoneeurope.com\\\/wp-content\\\/uploads\\\/Softouch-Window-Towel.jpg\",\"width\":1772,\"height\":1772,\"caption\":\"Serviette de fen\u00eatre Softouche\"},{\"@type\":\"BreadcrumbList\",\"@id\":\"https:\\\/\\\/gliptoneeurope.com\\\/fr\\\/produit\\\/serviette-de-fenetre-softouch\\\/#breadcrumb\",\"itemListElement\":[{\"@type\":\"ListItem\",\"position\":1,\"name\":\"Home\",\"item\":\"https:\\\/\\\/gliptoneeurope.com\\\/\"},{\"@type\":\"ListItem\",\"position\":2,\"name\":\"Boutique\",\"item\":\"https:\\\/\\\/gliptoneeurope.com\\\/fr\\\/boutique\\\/\"},{\"@type\":\"ListItem\",\"position\":3,\"name\":\"Softouche &#8211; Serviette de fen\u00eatre\"}]},{\"@type\":\"WebSite\",\"@id\":\"https:\\\/\\\/gliptoneeurope.com\\\/#website\",\"url\":\"https:\\\/\\\/gliptoneeurope.com\\\/\",\"name\":\"Gliptone Europe\",\"description\":\"Professional Car Detailing Products\",\"publisher\":{\"@id\":\"https:\\\/\\\/gliptoneeurope.com\\\/#organization\"},\"potentialAction\":[{\"@type\":\"SearchAction\",\"target\":{\"@type\":\"EntryPoint\",\"urlTemplate\":\"https:\\\/\\\/gliptoneeurope.com\\\/?s={search_term_string}\"},\"query-input\":{\"@type\":\"PropertyValueSpecification\",\"valueRequired\":true,\"valueName\":\"search_term_string\"}}],\"inLanguage\":\"fr-FR\"},{\"@type\":\"Organization\",\"@id\":\"https:\\\/\\\/gliptoneeurope.com\\\/#organization\",\"name\":\"Gliptone Europe\",\"url\":\"https:\\\/\\\/gliptoneeurope.com\\\/\",\"logo\":{\"@type\":\"ImageObject\",\"inLanguage\":\"fr-FR\",\"@id\":\"https:\\\/\\\/gliptoneeurope.com\\\/#\\\/schema\\\/logo\\\/image\\\/\",\"url\":\"https:\\\/\\\/gliptoneeurope.com\\\/wp-content\\\/uploads\\\/Gliptone_Logo.png\",\"contentUrl\":\"https:\\\/\\\/gliptoneeurope.com\\\/wp-content\\\/uploads\\\/Gliptone_Logo.png\",\"width\":1472,\"height\":607,\"caption\":\"Gliptone Europe\"},\"image\":{\"@id\":\"https:\\\/\\\/gliptoneeurope.com\\\/#\\\/schema\\\/logo\\\/image\\\/\"},\"sameAs\":[\"https:\\\/\\\/www.facebook.com\\\/gliptoneeurope\\\/\",\"https:\\\/\\\/www.instagram.com\\\/gliptoneeurope\\\/\",\"https:\\\/\\\/www.pinterest.co.uk\\\/GliptoneEurope\\\/\"]}]}<\/script>\n<!-- \/ Yoast SEO Premium plugin. -->","yoast_head_json":{"title":"Softouche - Serviette de fen\u00eatre - Gliptone Europe","description":"Le chiffon de nettoyage id\u00e9al con\u00e7u sp\u00e9cifiquement pour les fen\u00eatres a un tissage unique, ce qui en fait la serviette id\u00e9ale pour nettoyer et polir toute surface en verre ainsi que le m\u00e9tal, le carrelage, le plastique et la laque.","robots":{"index":"index","follow":"follow","max-snippet":"max-snippet:-1","max-image-preview":"max-image-preview:large","max-video-preview":"max-video-preview:-1"},"canonical":"https:\/\/gliptoneeurope.com\/fr\/produit\/serviette-de-fenetre-softouch\/","og_locale":"fr_FR","og_type":"article","og_title":"Softouche - Serviette de fen\u00eatre","og_description":"Le chiffon de nettoyage id\u00e9al con\u00e7u sp\u00e9cifiquement pour les fen\u00eatres a un tissage unique, ce qui en fait la serviette id\u00e9ale pour nettoyer et polir toute","og_url":"https:\/\/gliptoneeurope.com\/fr\/produit\/serviette-de-fenetre-softouch\/","og_site_name":"Gliptone Europe","article_publisher":"https:\/\/www.facebook.com\/gliptoneeurope\/","article_modified_time":"2021-11-30T11:47:53+00:00","og_image":[{"width":1772,"height":1772,"url":"https:\/\/gliptoneeurope.com\/wp-content\/uploads\/Softouch-Window-Towel.jpg","type":"image\/jpeg"}],"twitter_card":"summary_large_image","schema":{"@context":"https:\/\/schema.org","@graph":[{"@type":"WebPage","@id":"https:\/\/gliptoneeurope.com\/fr\/produit\/serviette-de-fenetre-softouch\/","url":"https:\/\/gliptoneeurope.com\/fr\/produit\/serviette-de-fenetre-softouch\/","name":"Softouche - Serviette de fen\u00eatre - Gliptone Europe","isPartOf":{"@id":"https:\/\/gliptoneeurope.com\/#website"},"primaryImageOfPage":{"@id":"https:\/\/gliptoneeurope.com\/fr\/produit\/serviette-de-fenetre-softouch\/#primaryimage"},"image":{"@id":"https:\/\/gliptoneeurope.com\/fr\/produit\/serviette-de-fenetre-softouch\/#primaryimage"},"thumbnailUrl":"https:\/\/gliptoneeurope.com\/wp-content\/uploads\/Softouch-Window-Towel.jpg","datePublished":"2020-04-06T18:59:14+00:00","dateModified":"2021-11-30T11:47:53+00:00","description":"Le chiffon de nettoyage id\u00e9al con\u00e7u sp\u00e9cifiquement pour les fen\u00eatres a un tissage unique, ce qui en fait la serviette id\u00e9ale pour nettoyer et polir toute surface en verre ainsi que le m\u00e9tal, le carrelage, le plastique et la laque.","breadcrumb":{"@id":"https:\/\/gliptoneeurope.com\/fr\/produit\/serviette-de-fenetre-softouch\/#breadcrumb"},"inLanguage":"fr-FR","potentialAction":[{"@type":"ReadAction","target":["https:\/\/gliptoneeurope.com\/fr\/produit\/serviette-de-fenetre-softouch\/"]}]},{"@type":"ImageObject","inLanguage":"fr-FR","@id":"https:\/\/gliptoneeurope.com\/fr\/produit\/serviette-de-fenetre-softouch\/#primaryimage","url":"https:\/\/gliptoneeurope.com\/wp-content\/uploads\/Softouch-Window-Towel.jpg","contentUrl":"https:\/\/gliptoneeurope.com\/wp-content\/uploads\/Softouch-Window-Towel.jpg","width":1772,"height":1772,"caption":"Serviette de fen\u00eatre Softouche"},{"@type":"BreadcrumbList","@id":"https:\/\/gliptoneeurope.com\/fr\/produit\/serviette-de-fenetre-softouch\/#breadcrumb","itemListElement":[{"@type":"ListItem","position":1,"name":"Home","item":"https:\/\/gliptoneeurope.com\/"},{"@type":"ListItem","position":2,"name":"Boutique","item":"https:\/\/gliptoneeurope.com\/fr\/boutique\/"},{"@type":"ListItem","position":3,"name":"Softouche &#8211; Serviette de fen\u00eatre"}]},{"@type":"WebSite","@id":"https:\/\/gliptoneeurope.com\/#website","url":"https:\/\/gliptoneeurope.com\/","name":"Gliptone Europe","description":"Professional Car Detailing Products","publisher":{"@id":"https:\/\/gliptoneeurope.com\/#organization"},"potentialAction":[{"@type":"SearchAction","target":{"@type":"EntryPoint","urlTemplate":"https:\/\/gliptoneeurope.com\/?s={search_term_string}"},"query-input":{"@type":"PropertyValueSpecification","valueRequired":true,"valueName":"search_term_string"}}],"inLanguage":"fr-FR"},{"@type":"Organization","@id":"https:\/\/gliptoneeurope.com\/#organization","name":"Gliptone Europe","url":"https:\/\/gliptoneeurope.com\/","logo":{"@type":"ImageObject","inLanguage":"fr-FR","@id":"https:\/\/gliptoneeurope.com\/#\/schema\/logo\/image\/","url":"https:\/\/gliptoneeurope.com\/wp-content\/uploads\/Gliptone_Logo.png","contentUrl":"https:\/\/gliptoneeurope.com\/wp-content\/uploads\/Gliptone_Logo.png","width":1472,"height":607,"caption":"Gliptone Europe"},"image":{"@id":"https:\/\/gliptoneeurope.com\/#\/schema\/logo\/image\/"},"sameAs":["https:\/\/www.facebook.com\/gliptoneeurope\/","https:\/\/www.instagram.com\/gliptoneeurope\/","https:\/\/www.pinterest.co.uk\/GliptoneEurope\/"]}]}},"wcpa_form_fields":null,"_links":{"self":[{"href":"https:\/\/gliptoneeurope.com\/fr\/wp-json\/wp\/v2\/product\/12171","targetHints":{"allow":["GET"]}}],"collection":[{"href":"https:\/\/gliptoneeurope.com\/fr\/wp-json\/wp\/v2\/product"}],"about":[{"href":"https:\/\/gliptoneeurope.com\/fr\/wp-json\/wp\/v2\/types\/product"}],"wp:featuredmedia":[{"embeddable":true,"href":"https:\/\/gliptoneeurope.com\/fr\/wp-json\/wp\/v2\/media\/10242"}],"wp:attachment":[{"href":"https:\/\/gliptoneeurope.com\/fr\/wp-json\/wp\/v2\/media?parent=12171"}],"wp:term":[{"taxonomy":"product_brand","embeddable":true,"href":"https:\/\/gliptoneeurope.com\/fr\/wp-json\/wp\/v2\/product_brand?post=12171"},{"taxonomy":"product_cat","embeddable":true,"href":"https:\/\/gliptoneeurope.com\/fr\/wp-json\/wp\/v2\/product_cat?post=12171"},{"taxonomy":"product_tag","embeddable":true,"href":"https:\/\/gliptoneeurope.com\/fr\/wp-json\/wp\/v2\/product_tag?post=12171"}],"curies":[{"name":"wp","href":"https:\/\/api.w.org\/{rel}","templated":true}]}}