{"id":12168,"date":"2020-04-07T22:16:02","date_gmt":"2021-11-30T11:46:24","guid":{"rendered":"https:\/\/gliptoneeurope.com\/product\/cire-creme-platine\/"},"modified":"2021-11-30T11:46:24","modified_gmt":"2021-11-30T11:46:24","slug":"cire-creme-platine","status":"publish","type":"product","link":"https:\/\/gliptoneeurope.com\/fr\/produit\/cire-creme-platine\/","title":{"rendered":"Cire Cr\u00e8me Platine"},"content":{"rendered":"<p>Contient tous les ingr\u00e9dients de qualit\u00e9 de notre cire en p\u00e2te de platine la plus vendue dans une formule de cr\u00e8me facile \u00e0 utiliser, parfaite pour le polissage ext\u00e9rieur.<\/p>\n<p>Conserve tous les avantages de la p\u00e2te, mais a l&#8217;avantage suppl\u00e9mentaire de la technologie nano-c\u00e9ramique pour mettre le produit \u00e0 jour avec les produits de d\u00e9tail modernes.<\/p>\n<p>Ce produit est un excellent choix pour une utilisation dans un service de cire express, une alternative professionnelle \u00e0 l&#8217;utilisation de ce produit serait notre <a href=\"https:\/\/gliptoneeurope.com\/product\/yellow-cream-wax-1-gall-3-8l\/\">cire cr\u00e8me jaune<\/a> disponible \u00e0 l&#8217;achat en bouteille de 3,8 L (1 gallon).<\/p>\n<p>16 onces. 470 ml.<\/p>\n","protected":false},"excerpt":{"rendered":"<p>Contient tous les ingr\u00e9dients de qualit\u00e9 de notre cire en p\u00e2te de platine la plus vendue dans une formule de cr\u00e8me facile \u00e0 utiliser, parfaite pour le polissage ext\u00e9rieur. Conserve tous les avantages de la p\u00e2te, mais a l&#8217;avantage suppl\u00e9mentaire de la technologie nano-c\u00e9ramique pour mettre le produit \u00e0 jour avec les produits de d\u00e9tail [&hellip;]<\/p>\n","protected":false},"featured_media":10630,"template":"","meta":[],"product_brand":[],"product_cat":[103],"product_tag":[],"class_list":{"0":"post-12168","1":"product","2":"type-product","3":"status-publish","4":"has-post-thumbnail","6":"product_cat-decorateurs-dexterieur-polissoirs","8":"first","9":"instock","10":"taxable","11":"shipping-taxable","12":"purchasable","13":"product-type-simple"},"yoast_head":"<!-- This site is optimized with the Yoast SEO Premium plugin v21.4 (Yoast SEO v27.4) - https:\/\/yoast.com\/product\/yoast-seo-premium-wordpress\/ -->\n<title>Cire Cr\u00e8me Platine - Gliptone Europe<\/title>\n<meta name=\"description\" content=\"Contient tous les ingr\u00e9dients de qualit\u00e9 de notre cire en p\u00e2te de platine la plus vendue dans une formule de cr\u00e8me facile \u00e0 utiliser, parfaite pour le polissage ext\u00e9rieur.\" \/>\n<meta name=\"robots\" content=\"index, follow, max-snippet:-1, max-image-preview:large, max-video-preview:-1\" \/>\n<link rel=\"canonical\" href=\"https:\/\/gliptoneeurope.com\/fr\/produit\/cire-creme-platine\/\" \/>\n<meta property=\"og:locale\" content=\"fr_FR\" \/>\n<meta property=\"og:type\" content=\"article\" \/>\n<meta property=\"og:title\" content=\"Cire Cr\u00e8me Platine\" \/>\n<meta property=\"og:description\" content=\"Contient tous les ingr\u00e9dients de qualit\u00e9 de notre cire en p\u00e2te de platine la plus vendue dans une formule de cr\u00e8me facile \u00e0 utiliser, parfaite pour le\" \/>\n<meta property=\"og:url\" content=\"https:\/\/gliptoneeurope.com\/fr\/produit\/cire-creme-platine\/\" \/>\n<meta property=\"og:site_name\" content=\"Gliptone Europe\" \/>\n<meta property=\"article:publisher\" content=\"https:\/\/www.facebook.com\/gliptoneeurope\/\" \/>\n<meta property=\"og:image\" content=\"https:\/\/gliptoneeurope.com\/wp-content\/uploads\/Cream-Wax-470ml-16oz.jpg\" \/>\n\t<meta property=\"og:image:width\" content=\"1450\" \/>\n\t<meta property=\"og:image:height\" content=\"1450\" \/>\n\t<meta property=\"og:image:type\" content=\"image\/jpeg\" \/>\n<meta name=\"twitter:card\" content=\"summary_large_image\" \/>\n<script type=\"application\/ld+json\" class=\"yoast-schema-graph\">{\"@context\":\"https:\\\/\\\/schema.org\",\"@graph\":[{\"@type\":\"WebPage\",\"@id\":\"https:\\\/\\\/gliptoneeurope.com\\\/fr\\\/produit\\\/cire-creme-platine\\\/\",\"url\":\"https:\\\/\\\/gliptoneeurope.com\\\/fr\\\/produit\\\/cire-creme-platine\\\/\",\"name\":\"Cire Cr\u00e8me Platine - Gliptone Europe\",\"isPartOf\":{\"@id\":\"https:\\\/\\\/gliptoneeurope.com\\\/#website\"},\"primaryImageOfPage\":{\"@id\":\"https:\\\/\\\/gliptoneeurope.com\\\/fr\\\/produit\\\/cire-creme-platine\\\/#primaryimage\"},\"image\":{\"@id\":\"https:\\\/\\\/gliptoneeurope.com\\\/fr\\\/produit\\\/cire-creme-platine\\\/#primaryimage\"},\"thumbnailUrl\":\"https:\\\/\\\/gliptoneeurope.com\\\/wp-content\\\/uploads\\\/Cream-Wax-470ml-16oz.jpg\",\"datePublished\":\"2021-11-30T11:46:24+00:00\",\"description\":\"Contient tous les ingr\u00e9dients de qualit\u00e9 de notre cire en p\u00e2te de platine la plus vendue dans une formule de cr\u00e8me facile \u00e0 utiliser, parfaite pour le polissage ext\u00e9rieur.\",\"breadcrumb\":{\"@id\":\"https:\\\/\\\/gliptoneeurope.com\\\/fr\\\/produit\\\/cire-creme-platine\\\/#breadcrumb\"},\"inLanguage\":\"fr-FR\",\"potentialAction\":[{\"@type\":\"ReadAction\",\"target\":[\"https:\\\/\\\/gliptoneeurope.com\\\/fr\\\/produit\\\/cire-creme-platine\\\/\"]}]},{\"@type\":\"ImageObject\",\"inLanguage\":\"fr-FR\",\"@id\":\"https:\\\/\\\/gliptoneeurope.com\\\/fr\\\/produit\\\/cire-creme-platine\\\/#primaryimage\",\"url\":\"https:\\\/\\\/gliptoneeurope.com\\\/wp-content\\\/uploads\\\/Cream-Wax-470ml-16oz.jpg\",\"contentUrl\":\"https:\\\/\\\/gliptoneeurope.com\\\/wp-content\\\/uploads\\\/Cream-Wax-470ml-16oz.jpg\",\"width\":1450,\"height\":1450},{\"@type\":\"BreadcrumbList\",\"@id\":\"https:\\\/\\\/gliptoneeurope.com\\\/fr\\\/produit\\\/cire-creme-platine\\\/#breadcrumb\",\"itemListElement\":[{\"@type\":\"ListItem\",\"position\":1,\"name\":\"Home\",\"item\":\"https:\\\/\\\/gliptoneeurope.com\\\/\"},{\"@type\":\"ListItem\",\"position\":2,\"name\":\"Boutique\",\"item\":\"https:\\\/\\\/gliptoneeurope.com\\\/fr\\\/boutique\\\/\"},{\"@type\":\"ListItem\",\"position\":3,\"name\":\"Cire Cr\u00e8me Platine\"}]},{\"@type\":\"WebSite\",\"@id\":\"https:\\\/\\\/gliptoneeurope.com\\\/#website\",\"url\":\"https:\\\/\\\/gliptoneeurope.com\\\/\",\"name\":\"Gliptone Europe\",\"description\":\"Professional Car Detailing Products\",\"publisher\":{\"@id\":\"https:\\\/\\\/gliptoneeurope.com\\\/#organization\"},\"potentialAction\":[{\"@type\":\"SearchAction\",\"target\":{\"@type\":\"EntryPoint\",\"urlTemplate\":\"https:\\\/\\\/gliptoneeurope.com\\\/?s={search_term_string}\"},\"query-input\":{\"@type\":\"PropertyValueSpecification\",\"valueRequired\":true,\"valueName\":\"search_term_string\"}}],\"inLanguage\":\"fr-FR\"},{\"@type\":\"Organization\",\"@id\":\"https:\\\/\\\/gliptoneeurope.com\\\/#organization\",\"name\":\"Gliptone Europe\",\"url\":\"https:\\\/\\\/gliptoneeurope.com\\\/\",\"logo\":{\"@type\":\"ImageObject\",\"inLanguage\":\"fr-FR\",\"@id\":\"https:\\\/\\\/gliptoneeurope.com\\\/#\\\/schema\\\/logo\\\/image\\\/\",\"url\":\"https:\\\/\\\/gliptoneeurope.com\\\/wp-content\\\/uploads\\\/Gliptone_Logo.png\",\"contentUrl\":\"https:\\\/\\\/gliptoneeurope.com\\\/wp-content\\\/uploads\\\/Gliptone_Logo.png\",\"width\":1472,\"height\":607,\"caption\":\"Gliptone Europe\"},\"image\":{\"@id\":\"https:\\\/\\\/gliptoneeurope.com\\\/#\\\/schema\\\/logo\\\/image\\\/\"},\"sameAs\":[\"https:\\\/\\\/www.facebook.com\\\/gliptoneeurope\\\/\",\"https:\\\/\\\/www.instagram.com\\\/gliptoneeurope\\\/\",\"https:\\\/\\\/www.pinterest.co.uk\\\/GliptoneEurope\\\/\"]}]}<\/script>\n<!-- \/ Yoast SEO Premium plugin. -->","yoast_head_json":{"title":"Cire Cr\u00e8me Platine - Gliptone Europe","description":"Contient tous les ingr\u00e9dients de qualit\u00e9 de notre cire en p\u00e2te de platine la plus vendue dans une formule de cr\u00e8me facile \u00e0 utiliser, parfaite pour le polissage ext\u00e9rieur.","robots":{"index":"index","follow":"follow","max-snippet":"max-snippet:-1","max-image-preview":"max-image-preview:large","max-video-preview":"max-video-preview:-1"},"canonical":"https:\/\/gliptoneeurope.com\/fr\/produit\/cire-creme-platine\/","og_locale":"fr_FR","og_type":"article","og_title":"Cire Cr\u00e8me Platine","og_description":"Contient tous les ingr\u00e9dients de qualit\u00e9 de notre cire en p\u00e2te de platine la plus vendue dans une formule de cr\u00e8me facile \u00e0 utiliser, parfaite pour le","og_url":"https:\/\/gliptoneeurope.com\/fr\/produit\/cire-creme-platine\/","og_site_name":"Gliptone Europe","article_publisher":"https:\/\/www.facebook.com\/gliptoneeurope\/","og_image":[{"width":1450,"height":1450,"url":"https:\/\/gliptoneeurope.com\/wp-content\/uploads\/Cream-Wax-470ml-16oz.jpg","type":"image\/jpeg"}],"twitter_card":"summary_large_image","schema":{"@context":"https:\/\/schema.org","@graph":[{"@type":"WebPage","@id":"https:\/\/gliptoneeurope.com\/fr\/produit\/cire-creme-platine\/","url":"https:\/\/gliptoneeurope.com\/fr\/produit\/cire-creme-platine\/","name":"Cire Cr\u00e8me Platine - Gliptone Europe","isPartOf":{"@id":"https:\/\/gliptoneeurope.com\/#website"},"primaryImageOfPage":{"@id":"https:\/\/gliptoneeurope.com\/fr\/produit\/cire-creme-platine\/#primaryimage"},"image":{"@id":"https:\/\/gliptoneeurope.com\/fr\/produit\/cire-creme-platine\/#primaryimage"},"thumbnailUrl":"https:\/\/gliptoneeurope.com\/wp-content\/uploads\/Cream-Wax-470ml-16oz.jpg","datePublished":"2021-11-30T11:46:24+00:00","description":"Contient tous les ingr\u00e9dients de qualit\u00e9 de notre cire en p\u00e2te de platine la plus vendue dans une formule de cr\u00e8me facile \u00e0 utiliser, parfaite pour le polissage ext\u00e9rieur.","breadcrumb":{"@id":"https:\/\/gliptoneeurope.com\/fr\/produit\/cire-creme-platine\/#breadcrumb"},"inLanguage":"fr-FR","potentialAction":[{"@type":"ReadAction","target":["https:\/\/gliptoneeurope.com\/fr\/produit\/cire-creme-platine\/"]}]},{"@type":"ImageObject","inLanguage":"fr-FR","@id":"https:\/\/gliptoneeurope.com\/fr\/produit\/cire-creme-platine\/#primaryimage","url":"https:\/\/gliptoneeurope.com\/wp-content\/uploads\/Cream-Wax-470ml-16oz.jpg","contentUrl":"https:\/\/gliptoneeurope.com\/wp-content\/uploads\/Cream-Wax-470ml-16oz.jpg","width":1450,"height":1450},{"@type":"BreadcrumbList","@id":"https:\/\/gliptoneeurope.com\/fr\/produit\/cire-creme-platine\/#breadcrumb","itemListElement":[{"@type":"ListItem","position":1,"name":"Home","item":"https:\/\/gliptoneeurope.com\/"},{"@type":"ListItem","position":2,"name":"Boutique","item":"https:\/\/gliptoneeurope.com\/fr\/boutique\/"},{"@type":"ListItem","position":3,"name":"Cire Cr\u00e8me Platine"}]},{"@type":"WebSite","@id":"https:\/\/gliptoneeurope.com\/#website","url":"https:\/\/gliptoneeurope.com\/","name":"Gliptone Europe","description":"Professional Car Detailing Products","publisher":{"@id":"https:\/\/gliptoneeurope.com\/#organization"},"potentialAction":[{"@type":"SearchAction","target":{"@type":"EntryPoint","urlTemplate":"https:\/\/gliptoneeurope.com\/?s={search_term_string}"},"query-input":{"@type":"PropertyValueSpecification","valueRequired":true,"valueName":"search_term_string"}}],"inLanguage":"fr-FR"},{"@type":"Organization","@id":"https:\/\/gliptoneeurope.com\/#organization","name":"Gliptone Europe","url":"https:\/\/gliptoneeurope.com\/","logo":{"@type":"ImageObject","inLanguage":"fr-FR","@id":"https:\/\/gliptoneeurope.com\/#\/schema\/logo\/image\/","url":"https:\/\/gliptoneeurope.com\/wp-content\/uploads\/Gliptone_Logo.png","contentUrl":"https:\/\/gliptoneeurope.com\/wp-content\/uploads\/Gliptone_Logo.png","width":1472,"height":607,"caption":"Gliptone Europe"},"image":{"@id":"https:\/\/gliptoneeurope.com\/#\/schema\/logo\/image\/"},"sameAs":["https:\/\/www.facebook.com\/gliptoneeurope\/","https:\/\/www.instagram.com\/gliptoneeurope\/","https:\/\/www.pinterest.co.uk\/GliptoneEurope\/"]}]}},"wcpa_form_fields":null,"_links":{"self":[{"href":"https:\/\/gliptoneeurope.com\/fr\/wp-json\/wp\/v2\/product\/12168","targetHints":{"allow":["GET"]}}],"collection":[{"href":"https:\/\/gliptoneeurope.com\/fr\/wp-json\/wp\/v2\/product"}],"about":[{"href":"https:\/\/gliptoneeurope.com\/fr\/wp-json\/wp\/v2\/types\/product"}],"wp:featuredmedia":[{"embeddable":true,"href":"https:\/\/gliptoneeurope.com\/fr\/wp-json\/wp\/v2\/media\/10630"}],"wp:attachment":[{"href":"https:\/\/gliptoneeurope.com\/fr\/wp-json\/wp\/v2\/media?parent=12168"}],"wp:term":[{"taxonomy":"product_brand","embeddable":true,"href":"https:\/\/gliptoneeurope.com\/fr\/wp-json\/wp\/v2\/product_brand?post=12168"},{"taxonomy":"product_cat","embeddable":true,"href":"https:\/\/gliptoneeurope.com\/fr\/wp-json\/wp\/v2\/product_cat?post=12168"},{"taxonomy":"product_tag","embeddable":true,"href":"https:\/\/gliptoneeurope.com\/fr\/wp-json\/wp\/v2\/product_tag?post=12168"}],"curies":[{"name":"wp","href":"https:\/\/api.w.org\/{rel}","templated":true}]}}