{"id":12161,"date":"2020-04-07T22:41:33","date_gmt":"2021-11-30T11:46:18","guid":{"rendered":"https:\/\/gliptoneeurope.com\/product\/vinyl-wrap-express-polish\/"},"modified":"2021-11-30T11:46:18","modified_gmt":"2021-11-30T11:46:18","slug":"vinyle-wrap-express-polish","status":"publish","type":"product","link":"https:\/\/gliptoneeurope.com\/fr\/produit\/vinyle-wrap-express-polish\/","title":{"rendered":"Vinyl Wrap Express Polish"},"content":{"rendered":"<p>Excellent pour le vinyle et les v\u00e9hicules peints avec un appr\u00eat. La formule nettoie en douceur, conditionne et prot\u00e8ge la surface des rayons UV nocifs, des d\u00e9tergents agressifs et des polluants environnementaux tout en maintenant une finition riche, non \u00e9blouissante et peu brillante. Formule \u00ab&nbsp;Spray-n-Wipe&nbsp;\u00bb de qualit\u00e9 professionnelle, sans traces, qui soutient le processus de lavage en \u00e9liminant les r\u00e9sidus de salet\u00e9 et d&#8217;insectes d&#8217;un lave-auto de base tout en laissant une protection r\u00e9siduelle pour prot\u00e9ger contre la d\u00e9coloration, les fissures et les dommages caus\u00e9s par les polluants environnementaux.<\/p>\n<p>22oz. 650 ml.<\/p>\n","protected":false},"excerpt":{"rendered":"<p>Excellent pour le vinyle et les v\u00e9hicules peints avec un appr\u00eat. La formule nettoie en douceur, conditionne et prot\u00e8ge la surface des rayons UV nocifs, des d\u00e9tergents agressifs et des polluants environnementaux tout en maintenant une finition riche, non \u00e9blouissante et peu brillante. Formule \u00ab&nbsp;Spray-n-Wipe&nbsp;\u00bb de qualit\u00e9 professionnelle, sans traces, qui soutient le processus de [&hellip;]<\/p>\n","protected":false},"featured_media":18538,"template":"","meta":[],"product_brand":[],"product_cat":[103],"product_tag":[],"class_list":{"0":"post-12161","1":"product","2":"type-product","3":"status-publish","4":"has-post-thumbnail","6":"product_cat-decorateurs-dexterieur-polissoirs","8":"first","9":"instock","10":"taxable","11":"shipping-taxable","12":"purchasable","13":"product-type-variable"},"yoast_head":"<!-- This site is optimized with the Yoast SEO Premium plugin v21.4 (Yoast SEO v27.4) - https:\/\/yoast.com\/product\/yoast-seo-premium-wordpress\/ -->\n<title>Vinyl Wrap Express Polish - Gliptone Europe<\/title>\n<meta name=\"description\" content=\"Excellent pour le vinyle et les v\u00e9hicules peints avec un appr\u00eat. La formule nettoie en douceur, conditionne et prot\u00e8ge la surface des rayons UV nocifs, des d\u00e9tergents agressifs et des polluants environnementaux tout en maintenant une finition riche, non \u00e9blouissante et peu brillante.\" \/>\n<meta name=\"robots\" content=\"index, follow, max-snippet:-1, max-image-preview:large, max-video-preview:-1\" \/>\n<link rel=\"canonical\" href=\"https:\/\/gliptoneeurope.com\/fr\/produit\/vinyle-wrap-express-polish\/\" \/>\n<meta property=\"og:locale\" content=\"fr_FR\" \/>\n<meta property=\"og:type\" content=\"article\" \/>\n<meta property=\"og:title\" content=\"Vinyl Wrap Express Polish\" \/>\n<meta property=\"og:description\" content=\"Excellent pour le vinyle et les v\u00e9hicules peints avec un appr\u00eat. La formule nettoie en douceur, conditionne et prot\u00e8ge la surface des rayons UV nocifs,\" \/>\n<meta property=\"og:url\" content=\"https:\/\/gliptoneeurope.com\/fr\/produit\/vinyle-wrap-express-polish\/\" \/>\n<meta property=\"og:site_name\" content=\"Gliptone Europe\" \/>\n<meta property=\"article:publisher\" content=\"https:\/\/www.facebook.com\/gliptoneeurope\/\" \/>\n<meta property=\"og:image\" content=\"https:\/\/gliptoneeurope.com\/wp-content\/uploads\/Express-Polish-1.jpg\" \/>\n\t<meta property=\"og:image:width\" content=\"1654\" \/>\n\t<meta property=\"og:image:height\" content=\"1621\" \/>\n\t<meta property=\"og:image:type\" content=\"image\/jpeg\" \/>\n<meta name=\"twitter:card\" content=\"summary_large_image\" \/>\n<meta name=\"twitter:label1\" content=\"Dur\u00e9e de lecture estim\u00e9e\" \/>\n\t<meta name=\"twitter:data1\" content=\"1 minute\" \/>\n<script type=\"application\/ld+json\" class=\"yoast-schema-graph\">{\"@context\":\"https:\\\/\\\/schema.org\",\"@graph\":[{\"@type\":\"WebPage\",\"@id\":\"https:\\\/\\\/gliptoneeurope.com\\\/fr\\\/produit\\\/vinyle-wrap-express-polish\\\/\",\"url\":\"https:\\\/\\\/gliptoneeurope.com\\\/fr\\\/produit\\\/vinyle-wrap-express-polish\\\/\",\"name\":\"Vinyl Wrap Express Polish - Gliptone Europe\",\"isPartOf\":{\"@id\":\"https:\\\/\\\/gliptoneeurope.com\\\/#website\"},\"primaryImageOfPage\":{\"@id\":\"https:\\\/\\\/gliptoneeurope.com\\\/fr\\\/produit\\\/vinyle-wrap-express-polish\\\/#primaryimage\"},\"image\":{\"@id\":\"https:\\\/\\\/gliptoneeurope.com\\\/fr\\\/produit\\\/vinyle-wrap-express-polish\\\/#primaryimage\"},\"thumbnailUrl\":\"https:\\\/\\\/gliptoneeurope.com\\\/wp-content\\\/uploads\\\/Express-Polish-1.jpg\",\"datePublished\":\"2021-11-30T11:46:18+00:00\",\"description\":\"Excellent pour le vinyle et les v\u00e9hicules peints avec un appr\u00eat. La formule nettoie en douceur, conditionne et prot\u00e8ge la surface des rayons UV nocifs, des d\u00e9tergents agressifs et des polluants environnementaux tout en maintenant une finition riche, non \u00e9blouissante et peu brillante.\",\"breadcrumb\":{\"@id\":\"https:\\\/\\\/gliptoneeurope.com\\\/fr\\\/produit\\\/vinyle-wrap-express-polish\\\/#breadcrumb\"},\"inLanguage\":\"fr-FR\",\"potentialAction\":[{\"@type\":\"ReadAction\",\"target\":[\"https:\\\/\\\/gliptoneeurope.com\\\/fr\\\/produit\\\/vinyle-wrap-express-polish\\\/\"]}]},{\"@type\":\"ImageObject\",\"inLanguage\":\"fr-FR\",\"@id\":\"https:\\\/\\\/gliptoneeurope.com\\\/fr\\\/produit\\\/vinyle-wrap-express-polish\\\/#primaryimage\",\"url\":\"https:\\\/\\\/gliptoneeurope.com\\\/wp-content\\\/uploads\\\/Express-Polish-1.jpg\",\"contentUrl\":\"https:\\\/\\\/gliptoneeurope.com\\\/wp-content\\\/uploads\\\/Express-Polish-1.jpg\",\"width\":1654,\"height\":1621},{\"@type\":\"BreadcrumbList\",\"@id\":\"https:\\\/\\\/gliptoneeurope.com\\\/fr\\\/produit\\\/vinyle-wrap-express-polish\\\/#breadcrumb\",\"itemListElement\":[{\"@type\":\"ListItem\",\"position\":1,\"name\":\"Home\",\"item\":\"https:\\\/\\\/gliptoneeurope.com\\\/\"},{\"@type\":\"ListItem\",\"position\":2,\"name\":\"Boutique\",\"item\":\"https:\\\/\\\/gliptoneeurope.com\\\/fr\\\/boutique\\\/\"},{\"@type\":\"ListItem\",\"position\":3,\"name\":\"Vinyl Wrap Express Polish\"}]},{\"@type\":\"WebSite\",\"@id\":\"https:\\\/\\\/gliptoneeurope.com\\\/#website\",\"url\":\"https:\\\/\\\/gliptoneeurope.com\\\/\",\"name\":\"Gliptone Europe\",\"description\":\"Professional Car Detailing Products\",\"publisher\":{\"@id\":\"https:\\\/\\\/gliptoneeurope.com\\\/#organization\"},\"potentialAction\":[{\"@type\":\"SearchAction\",\"target\":{\"@type\":\"EntryPoint\",\"urlTemplate\":\"https:\\\/\\\/gliptoneeurope.com\\\/?s={search_term_string}\"},\"query-input\":{\"@type\":\"PropertyValueSpecification\",\"valueRequired\":true,\"valueName\":\"search_term_string\"}}],\"inLanguage\":\"fr-FR\"},{\"@type\":\"Organization\",\"@id\":\"https:\\\/\\\/gliptoneeurope.com\\\/#organization\",\"name\":\"Gliptone Europe\",\"url\":\"https:\\\/\\\/gliptoneeurope.com\\\/\",\"logo\":{\"@type\":\"ImageObject\",\"inLanguage\":\"fr-FR\",\"@id\":\"https:\\\/\\\/gliptoneeurope.com\\\/#\\\/schema\\\/logo\\\/image\\\/\",\"url\":\"https:\\\/\\\/gliptoneeurope.com\\\/wp-content\\\/uploads\\\/Gliptone_Logo.png\",\"contentUrl\":\"https:\\\/\\\/gliptoneeurope.com\\\/wp-content\\\/uploads\\\/Gliptone_Logo.png\",\"width\":1472,\"height\":607,\"caption\":\"Gliptone Europe\"},\"image\":{\"@id\":\"https:\\\/\\\/gliptoneeurope.com\\\/#\\\/schema\\\/logo\\\/image\\\/\"},\"sameAs\":[\"https:\\\/\\\/www.facebook.com\\\/gliptoneeurope\\\/\",\"https:\\\/\\\/www.instagram.com\\\/gliptoneeurope\\\/\",\"https:\\\/\\\/www.pinterest.co.uk\\\/GliptoneEurope\\\/\"]}]}<\/script>\n<!-- \/ Yoast SEO Premium plugin. -->","yoast_head_json":{"title":"Vinyl Wrap Express Polish - Gliptone Europe","description":"Excellent pour le vinyle et les v\u00e9hicules peints avec un appr\u00eat. La formule nettoie en douceur, conditionne et prot\u00e8ge la surface des rayons UV nocifs, des d\u00e9tergents agressifs et des polluants environnementaux tout en maintenant une finition riche, non \u00e9blouissante et peu brillante.","robots":{"index":"index","follow":"follow","max-snippet":"max-snippet:-1","max-image-preview":"max-image-preview:large","max-video-preview":"max-video-preview:-1"},"canonical":"https:\/\/gliptoneeurope.com\/fr\/produit\/vinyle-wrap-express-polish\/","og_locale":"fr_FR","og_type":"article","og_title":"Vinyl Wrap Express Polish","og_description":"Excellent pour le vinyle et les v\u00e9hicules peints avec un appr\u00eat. La formule nettoie en douceur, conditionne et prot\u00e8ge la surface des rayons UV nocifs,","og_url":"https:\/\/gliptoneeurope.com\/fr\/produit\/vinyle-wrap-express-polish\/","og_site_name":"Gliptone Europe","article_publisher":"https:\/\/www.facebook.com\/gliptoneeurope\/","og_image":[{"width":1654,"height":1621,"url":"https:\/\/gliptoneeurope.com\/wp-content\/uploads\/Express-Polish-1.jpg","type":"image\/jpeg"}],"twitter_card":"summary_large_image","twitter_misc":{"Dur\u00e9e de lecture estim\u00e9e":"1 minute"},"schema":{"@context":"https:\/\/schema.org","@graph":[{"@type":"WebPage","@id":"https:\/\/gliptoneeurope.com\/fr\/produit\/vinyle-wrap-express-polish\/","url":"https:\/\/gliptoneeurope.com\/fr\/produit\/vinyle-wrap-express-polish\/","name":"Vinyl Wrap Express Polish - Gliptone Europe","isPartOf":{"@id":"https:\/\/gliptoneeurope.com\/#website"},"primaryImageOfPage":{"@id":"https:\/\/gliptoneeurope.com\/fr\/produit\/vinyle-wrap-express-polish\/#primaryimage"},"image":{"@id":"https:\/\/gliptoneeurope.com\/fr\/produit\/vinyle-wrap-express-polish\/#primaryimage"},"thumbnailUrl":"https:\/\/gliptoneeurope.com\/wp-content\/uploads\/Express-Polish-1.jpg","datePublished":"2021-11-30T11:46:18+00:00","description":"Excellent pour le vinyle et les v\u00e9hicules peints avec un appr\u00eat. La formule nettoie en douceur, conditionne et prot\u00e8ge la surface des rayons UV nocifs, des d\u00e9tergents agressifs et des polluants environnementaux tout en maintenant une finition riche, non \u00e9blouissante et peu brillante.","breadcrumb":{"@id":"https:\/\/gliptoneeurope.com\/fr\/produit\/vinyle-wrap-express-polish\/#breadcrumb"},"inLanguage":"fr-FR","potentialAction":[{"@type":"ReadAction","target":["https:\/\/gliptoneeurope.com\/fr\/produit\/vinyle-wrap-express-polish\/"]}]},{"@type":"ImageObject","inLanguage":"fr-FR","@id":"https:\/\/gliptoneeurope.com\/fr\/produit\/vinyle-wrap-express-polish\/#primaryimage","url":"https:\/\/gliptoneeurope.com\/wp-content\/uploads\/Express-Polish-1.jpg","contentUrl":"https:\/\/gliptoneeurope.com\/wp-content\/uploads\/Express-Polish-1.jpg","width":1654,"height":1621},{"@type":"BreadcrumbList","@id":"https:\/\/gliptoneeurope.com\/fr\/produit\/vinyle-wrap-express-polish\/#breadcrumb","itemListElement":[{"@type":"ListItem","position":1,"name":"Home","item":"https:\/\/gliptoneeurope.com\/"},{"@type":"ListItem","position":2,"name":"Boutique","item":"https:\/\/gliptoneeurope.com\/fr\/boutique\/"},{"@type":"ListItem","position":3,"name":"Vinyl Wrap Express Polish"}]},{"@type":"WebSite","@id":"https:\/\/gliptoneeurope.com\/#website","url":"https:\/\/gliptoneeurope.com\/","name":"Gliptone Europe","description":"Professional Car Detailing Products","publisher":{"@id":"https:\/\/gliptoneeurope.com\/#organization"},"potentialAction":[{"@type":"SearchAction","target":{"@type":"EntryPoint","urlTemplate":"https:\/\/gliptoneeurope.com\/?s={search_term_string}"},"query-input":{"@type":"PropertyValueSpecification","valueRequired":true,"valueName":"search_term_string"}}],"inLanguage":"fr-FR"},{"@type":"Organization","@id":"https:\/\/gliptoneeurope.com\/#organization","name":"Gliptone Europe","url":"https:\/\/gliptoneeurope.com\/","logo":{"@type":"ImageObject","inLanguage":"fr-FR","@id":"https:\/\/gliptoneeurope.com\/#\/schema\/logo\/image\/","url":"https:\/\/gliptoneeurope.com\/wp-content\/uploads\/Gliptone_Logo.png","contentUrl":"https:\/\/gliptoneeurope.com\/wp-content\/uploads\/Gliptone_Logo.png","width":1472,"height":607,"caption":"Gliptone Europe"},"image":{"@id":"https:\/\/gliptoneeurope.com\/#\/schema\/logo\/image\/"},"sameAs":["https:\/\/www.facebook.com\/gliptoneeurope\/","https:\/\/www.instagram.com\/gliptoneeurope\/","https:\/\/www.pinterest.co.uk\/GliptoneEurope\/"]}]}},"wcpa_form_fields":null,"_links":{"self":[{"href":"https:\/\/gliptoneeurope.com\/fr\/wp-json\/wp\/v2\/product\/12161","targetHints":{"allow":["GET"]}}],"collection":[{"href":"https:\/\/gliptoneeurope.com\/fr\/wp-json\/wp\/v2\/product"}],"about":[{"href":"https:\/\/gliptoneeurope.com\/fr\/wp-json\/wp\/v2\/types\/product"}],"wp:featuredmedia":[{"embeddable":true,"href":"https:\/\/gliptoneeurope.com\/fr\/wp-json\/wp\/v2\/media\/18538"}],"wp:attachment":[{"href":"https:\/\/gliptoneeurope.com\/fr\/wp-json\/wp\/v2\/media?parent=12161"}],"wp:term":[{"taxonomy":"product_brand","embeddable":true,"href":"https:\/\/gliptoneeurope.com\/fr\/wp-json\/wp\/v2\/product_brand?post=12161"},{"taxonomy":"product_cat","embeddable":true,"href":"https:\/\/gliptoneeurope.com\/fr\/wp-json\/wp\/v2\/product_cat?post=12161"},{"taxonomy":"product_tag","embeddable":true,"href":"https:\/\/gliptoneeurope.com\/fr\/wp-json\/wp\/v2\/product_tag?post=12161"}],"curies":[{"name":"wp","href":"https:\/\/api.w.org\/{rel}","templated":true}]}}