{"id":12160,"date":"2020-04-07T21:45:51","date_gmt":"2021-11-30T11:46:18","guid":{"rendered":"https:\/\/gliptoneeurope.com\/product\/la-cire-en-pate-de-carnauba-originale\/"},"modified":"2021-11-30T11:46:18","modified_gmt":"2021-11-30T11:46:18","slug":"la-cire-de-pate-de-carnauba-originale","status":"publish","type":"product","link":"https:\/\/gliptoneeurope.com\/fr\/produit\/la-cire-de-pate-de-carnauba-originale\/","title":{"rendered":"La cire en p\u00e2te de carnauba originale"},"content":{"rendered":"<p>Plus de kilom\u00e9trage de cire \u00e0 partir d&#8217;une seule bo\u00eete que n&#8217;importe quelle cire jamais fabriqu\u00e9e&nbsp;! Formule originale de cire de carnauba pure. Fabriqu\u00e9 \u00e0 partir de carnauba br\u00e9silien n\u00b01.<\/p>\n<p>La cire est facile \u00e0 appliquer et tr\u00e8s facile \u00e0 enlever. Ajoutez simplement quelques gouttes d&#8217;eau ti\u00e8de \u00e0 la cire pour am\u00e9liorer la brillance et le placage. Une fois appliqu\u00e9, il offrira une protection de surface maximale et produira une brillance sup\u00e9rieure in\u00e9gal\u00e9e.<\/p>\n<p>Plusieurs couches magnifient la surface peinte. Pas de jaunissement ni d&#8217;accumulation de cire. Ne pleut pas. Ne contient aucun d\u00e9tergent, nettoyant ou abrasif agressif. Ne ternira pas et n&#8217;endommagera pas les finitions de peinture.<\/p>\n<p>Nous proposons \u00e9galement la <a href=\"https:\/\/gliptoneeurope.com\/product\/easy-to-use-carnauba-paste-wax\/\">cire de carnauba facile \u00e0 utiliser<\/a> qui combine la protection de la formule originale pour une durabilit\u00e9 sup\u00e9rieure avec une formule facile \u00e0 utiliser.<\/p>\n<p>10 oz.<\/p>\n","protected":false},"excerpt":{"rendered":"<p>Plus de kilom\u00e9trage de cire \u00e0 partir d&#8217;une seule bo\u00eete que n&#8217;importe quelle cire jamais fabriqu\u00e9e&nbsp;! Formule originale de cire de carnauba pure. Fabriqu\u00e9 \u00e0 partir de carnauba br\u00e9silien n\u00b01. La cire est facile \u00e0 appliquer et tr\u00e8s facile \u00e0 enlever. Ajoutez simplement quelques gouttes d&#8217;eau ti\u00e8de \u00e0 la cire pour am\u00e9liorer la brillance et [&hellip;]<\/p>\n","protected":false},"featured_media":10258,"template":"","meta":[],"product_brand":[],"product_cat":[103,137],"product_tag":[],"class_list":{"0":"post-12160","1":"product","2":"type-product","3":"status-publish","4":"has-post-thumbnail","6":"product_cat-decorateurs-dexterieur-polissoirs","7":"product_cat-meilleures-ventes","9":"first","10":"instock","11":"featured","12":"taxable","13":"shipping-taxable","14":"purchasable","15":"product-type-simple"},"yoast_head":"<!-- This site is optimized with the Yoast SEO Premium plugin v21.4 (Yoast SEO v27.4) - https:\/\/yoast.com\/product\/yoast-seo-premium-wordpress\/ -->\n<title>La cire en p\u00e2te de carnauba originale - Gliptone Europe<\/title>\n<meta name=\"description\" content=\"Plus de kilom\u00e9trage de cire \u00e0 partir d&#039;une seule bo\u00eete que n&#039;importe quelle cire jamais fabriqu\u00e9e\u00a0! Formule originale de cire de carnauba pure. Fabriqu\u00e9 \u00e0 partir de carnauba br\u00e9silien n\u00b01. Facile \u00e0 appliquer, facile \u00e0 enlever. Ajoutez quelques gouttes d&#039;eau ti\u00e8de \u00e0 la cire pour am\u00e9liorer la brillance et le placage.\" \/>\n<meta name=\"robots\" content=\"index, follow, max-snippet:-1, max-image-preview:large, max-video-preview:-1\" \/>\n<link rel=\"canonical\" href=\"https:\/\/gliptoneeurope.com\/fr\/produit\/la-cire-de-pate-de-carnauba-originale\/\" \/>\n<meta property=\"og:locale\" content=\"fr_FR\" \/>\n<meta property=\"og:type\" content=\"article\" \/>\n<meta property=\"og:title\" content=\"La cire en p\u00e2te de carnauba originale\" \/>\n<meta property=\"og:description\" content=\"Plus de kilom\u00e9trage de cire \u00e0 partir d&#039;une seule bo\u00eete que n&#039;importe quelle cire jamais fabriqu\u00e9e&nbsp;! Formule originale de cire de carnauba pure.\" \/>\n<meta property=\"og:url\" content=\"https:\/\/gliptoneeurope.com\/fr\/produit\/la-cire-de-pate-de-carnauba-originale\/\" \/>\n<meta property=\"og:site_name\" content=\"Gliptone Europe\" \/>\n<meta property=\"article:publisher\" content=\"https:\/\/www.facebook.com\/gliptoneeurope\/\" \/>\n<meta property=\"og:image\" content=\"https:\/\/gliptoneeurope.com\/wp-content\/uploads\/Carnauba-Paste.jpg\" \/>\n\t<meta property=\"og:image:width\" content=\"1772\" \/>\n\t<meta property=\"og:image:height\" content=\"1772\" \/>\n\t<meta property=\"og:image:type\" content=\"image\/jpeg\" \/>\n<meta name=\"twitter:card\" content=\"summary_large_image\" \/>\n<meta name=\"twitter:label1\" content=\"Dur\u00e9e de lecture estim\u00e9e\" \/>\n\t<meta name=\"twitter:data1\" content=\"1 minute\" \/>\n<script type=\"application\/ld+json\" class=\"yoast-schema-graph\">{\"@context\":\"https:\\\/\\\/schema.org\",\"@graph\":[{\"@type\":\"WebPage\",\"@id\":\"https:\\\/\\\/gliptoneeurope.com\\\/fr\\\/produit\\\/la-cire-de-pate-de-carnauba-originale\\\/\",\"url\":\"https:\\\/\\\/gliptoneeurope.com\\\/fr\\\/produit\\\/la-cire-de-pate-de-carnauba-originale\\\/\",\"name\":\"La cire en p\u00e2te de carnauba originale - Gliptone Europe\",\"isPartOf\":{\"@id\":\"https:\\\/\\\/gliptoneeurope.com\\\/#website\"},\"primaryImageOfPage\":{\"@id\":\"https:\\\/\\\/gliptoneeurope.com\\\/fr\\\/produit\\\/la-cire-de-pate-de-carnauba-originale\\\/#primaryimage\"},\"image\":{\"@id\":\"https:\\\/\\\/gliptoneeurope.com\\\/fr\\\/produit\\\/la-cire-de-pate-de-carnauba-originale\\\/#primaryimage\"},\"thumbnailUrl\":\"https:\\\/\\\/gliptoneeurope.com\\\/wp-content\\\/uploads\\\/Carnauba-Paste.jpg\",\"datePublished\":\"2021-11-30T11:46:18+00:00\",\"description\":\"Plus de kilom\u00e9trage de cire \u00e0 partir d'une seule bo\u00eete que n'importe quelle cire jamais fabriqu\u00e9e\u00a0! Formule originale de cire de carnauba pure. Fabriqu\u00e9 \u00e0 partir de carnauba br\u00e9silien n\u00b01. Facile \u00e0 appliquer, facile \u00e0 enlever. Ajoutez quelques gouttes d'eau ti\u00e8de \u00e0 la cire pour am\u00e9liorer la brillance et le placage.\",\"breadcrumb\":{\"@id\":\"https:\\\/\\\/gliptoneeurope.com\\\/fr\\\/produit\\\/la-cire-de-pate-de-carnauba-originale\\\/#breadcrumb\"},\"inLanguage\":\"fr-FR\",\"potentialAction\":[{\"@type\":\"ReadAction\",\"target\":[\"https:\\\/\\\/gliptoneeurope.com\\\/fr\\\/produit\\\/la-cire-de-pate-de-carnauba-originale\\\/\"]}]},{\"@type\":\"ImageObject\",\"inLanguage\":\"fr-FR\",\"@id\":\"https:\\\/\\\/gliptoneeurope.com\\\/fr\\\/produit\\\/la-cire-de-pate-de-carnauba-originale\\\/#primaryimage\",\"url\":\"https:\\\/\\\/gliptoneeurope.com\\\/wp-content\\\/uploads\\\/Carnauba-Paste.jpg\",\"contentUrl\":\"https:\\\/\\\/gliptoneeurope.com\\\/wp-content\\\/uploads\\\/Carnauba-Paste.jpg\",\"width\":1772,\"height\":1772,\"caption\":\"Cire en p\u00e2te de carnauba\"},{\"@type\":\"BreadcrumbList\",\"@id\":\"https:\\\/\\\/gliptoneeurope.com\\\/fr\\\/produit\\\/la-cire-de-pate-de-carnauba-originale\\\/#breadcrumb\",\"itemListElement\":[{\"@type\":\"ListItem\",\"position\":1,\"name\":\"Home\",\"item\":\"https:\\\/\\\/gliptoneeurope.com\\\/\"},{\"@type\":\"ListItem\",\"position\":2,\"name\":\"Boutique\",\"item\":\"https:\\\/\\\/gliptoneeurope.com\\\/fr\\\/boutique\\\/\"},{\"@type\":\"ListItem\",\"position\":3,\"name\":\"La cire en p\u00e2te de carnauba originale\"}]},{\"@type\":\"WebSite\",\"@id\":\"https:\\\/\\\/gliptoneeurope.com\\\/#website\",\"url\":\"https:\\\/\\\/gliptoneeurope.com\\\/\",\"name\":\"Gliptone Europe\",\"description\":\"Professional Car Detailing Products\",\"publisher\":{\"@id\":\"https:\\\/\\\/gliptoneeurope.com\\\/#organization\"},\"potentialAction\":[{\"@type\":\"SearchAction\",\"target\":{\"@type\":\"EntryPoint\",\"urlTemplate\":\"https:\\\/\\\/gliptoneeurope.com\\\/?s={search_term_string}\"},\"query-input\":{\"@type\":\"PropertyValueSpecification\",\"valueRequired\":true,\"valueName\":\"search_term_string\"}}],\"inLanguage\":\"fr-FR\"},{\"@type\":\"Organization\",\"@id\":\"https:\\\/\\\/gliptoneeurope.com\\\/#organization\",\"name\":\"Gliptone Europe\",\"url\":\"https:\\\/\\\/gliptoneeurope.com\\\/\",\"logo\":{\"@type\":\"ImageObject\",\"inLanguage\":\"fr-FR\",\"@id\":\"https:\\\/\\\/gliptoneeurope.com\\\/#\\\/schema\\\/logo\\\/image\\\/\",\"url\":\"https:\\\/\\\/gliptoneeurope.com\\\/wp-content\\\/uploads\\\/Gliptone_Logo.png\",\"contentUrl\":\"https:\\\/\\\/gliptoneeurope.com\\\/wp-content\\\/uploads\\\/Gliptone_Logo.png\",\"width\":1472,\"height\":607,\"caption\":\"Gliptone Europe\"},\"image\":{\"@id\":\"https:\\\/\\\/gliptoneeurope.com\\\/#\\\/schema\\\/logo\\\/image\\\/\"},\"sameAs\":[\"https:\\\/\\\/www.facebook.com\\\/gliptoneeurope\\\/\",\"https:\\\/\\\/www.instagram.com\\\/gliptoneeurope\\\/\",\"https:\\\/\\\/www.pinterest.co.uk\\\/GliptoneEurope\\\/\"]}]}<\/script>\n<!-- \/ Yoast SEO Premium plugin. -->","yoast_head_json":{"title":"La cire en p\u00e2te de carnauba originale - Gliptone Europe","description":"Plus de kilom\u00e9trage de cire \u00e0 partir d'une seule bo\u00eete que n'importe quelle cire jamais fabriqu\u00e9e\u00a0! Formule originale de cire de carnauba pure. Fabriqu\u00e9 \u00e0 partir de carnauba br\u00e9silien n\u00b01. Facile \u00e0 appliquer, facile \u00e0 enlever. Ajoutez quelques gouttes d'eau ti\u00e8de \u00e0 la cire pour am\u00e9liorer la brillance et le placage.","robots":{"index":"index","follow":"follow","max-snippet":"max-snippet:-1","max-image-preview":"max-image-preview:large","max-video-preview":"max-video-preview:-1"},"canonical":"https:\/\/gliptoneeurope.com\/fr\/produit\/la-cire-de-pate-de-carnauba-originale\/","og_locale":"fr_FR","og_type":"article","og_title":"La cire en p\u00e2te de carnauba originale","og_description":"Plus de kilom\u00e9trage de cire \u00e0 partir d'une seule bo\u00eete que n'importe quelle cire jamais fabriqu\u00e9e&nbsp;! Formule originale de cire de carnauba pure.","og_url":"https:\/\/gliptoneeurope.com\/fr\/produit\/la-cire-de-pate-de-carnauba-originale\/","og_site_name":"Gliptone Europe","article_publisher":"https:\/\/www.facebook.com\/gliptoneeurope\/","og_image":[{"width":1772,"height":1772,"url":"https:\/\/gliptoneeurope.com\/wp-content\/uploads\/Carnauba-Paste.jpg","type":"image\/jpeg"}],"twitter_card":"summary_large_image","twitter_misc":{"Dur\u00e9e de lecture estim\u00e9e":"1 minute"},"schema":{"@context":"https:\/\/schema.org","@graph":[{"@type":"WebPage","@id":"https:\/\/gliptoneeurope.com\/fr\/produit\/la-cire-de-pate-de-carnauba-originale\/","url":"https:\/\/gliptoneeurope.com\/fr\/produit\/la-cire-de-pate-de-carnauba-originale\/","name":"La cire en p\u00e2te de carnauba originale - Gliptone Europe","isPartOf":{"@id":"https:\/\/gliptoneeurope.com\/#website"},"primaryImageOfPage":{"@id":"https:\/\/gliptoneeurope.com\/fr\/produit\/la-cire-de-pate-de-carnauba-originale\/#primaryimage"},"image":{"@id":"https:\/\/gliptoneeurope.com\/fr\/produit\/la-cire-de-pate-de-carnauba-originale\/#primaryimage"},"thumbnailUrl":"https:\/\/gliptoneeurope.com\/wp-content\/uploads\/Carnauba-Paste.jpg","datePublished":"2021-11-30T11:46:18+00:00","description":"Plus de kilom\u00e9trage de cire \u00e0 partir d'une seule bo\u00eete que n'importe quelle cire jamais fabriqu\u00e9e\u00a0! Formule originale de cire de carnauba pure. Fabriqu\u00e9 \u00e0 partir de carnauba br\u00e9silien n\u00b01. Facile \u00e0 appliquer, facile \u00e0 enlever. Ajoutez quelques gouttes d'eau ti\u00e8de \u00e0 la cire pour am\u00e9liorer la brillance et le placage.","breadcrumb":{"@id":"https:\/\/gliptoneeurope.com\/fr\/produit\/la-cire-de-pate-de-carnauba-originale\/#breadcrumb"},"inLanguage":"fr-FR","potentialAction":[{"@type":"ReadAction","target":["https:\/\/gliptoneeurope.com\/fr\/produit\/la-cire-de-pate-de-carnauba-originale\/"]}]},{"@type":"ImageObject","inLanguage":"fr-FR","@id":"https:\/\/gliptoneeurope.com\/fr\/produit\/la-cire-de-pate-de-carnauba-originale\/#primaryimage","url":"https:\/\/gliptoneeurope.com\/wp-content\/uploads\/Carnauba-Paste.jpg","contentUrl":"https:\/\/gliptoneeurope.com\/wp-content\/uploads\/Carnauba-Paste.jpg","width":1772,"height":1772,"caption":"Cire en p\u00e2te de carnauba"},{"@type":"BreadcrumbList","@id":"https:\/\/gliptoneeurope.com\/fr\/produit\/la-cire-de-pate-de-carnauba-originale\/#breadcrumb","itemListElement":[{"@type":"ListItem","position":1,"name":"Home","item":"https:\/\/gliptoneeurope.com\/"},{"@type":"ListItem","position":2,"name":"Boutique","item":"https:\/\/gliptoneeurope.com\/fr\/boutique\/"},{"@type":"ListItem","position":3,"name":"La cire en p\u00e2te de carnauba originale"}]},{"@type":"WebSite","@id":"https:\/\/gliptoneeurope.com\/#website","url":"https:\/\/gliptoneeurope.com\/","name":"Gliptone Europe","description":"Professional Car Detailing Products","publisher":{"@id":"https:\/\/gliptoneeurope.com\/#organization"},"potentialAction":[{"@type":"SearchAction","target":{"@type":"EntryPoint","urlTemplate":"https:\/\/gliptoneeurope.com\/?s={search_term_string}"},"query-input":{"@type":"PropertyValueSpecification","valueRequired":true,"valueName":"search_term_string"}}],"inLanguage":"fr-FR"},{"@type":"Organization","@id":"https:\/\/gliptoneeurope.com\/#organization","name":"Gliptone Europe","url":"https:\/\/gliptoneeurope.com\/","logo":{"@type":"ImageObject","inLanguage":"fr-FR","@id":"https:\/\/gliptoneeurope.com\/#\/schema\/logo\/image\/","url":"https:\/\/gliptoneeurope.com\/wp-content\/uploads\/Gliptone_Logo.png","contentUrl":"https:\/\/gliptoneeurope.com\/wp-content\/uploads\/Gliptone_Logo.png","width":1472,"height":607,"caption":"Gliptone Europe"},"image":{"@id":"https:\/\/gliptoneeurope.com\/#\/schema\/logo\/image\/"},"sameAs":["https:\/\/www.facebook.com\/gliptoneeurope\/","https:\/\/www.instagram.com\/gliptoneeurope\/","https:\/\/www.pinterest.co.uk\/GliptoneEurope\/"]}]}},"wcpa_form_fields":null,"_links":{"self":[{"href":"https:\/\/gliptoneeurope.com\/fr\/wp-json\/wp\/v2\/product\/12160","targetHints":{"allow":["GET"]}}],"collection":[{"href":"https:\/\/gliptoneeurope.com\/fr\/wp-json\/wp\/v2\/product"}],"about":[{"href":"https:\/\/gliptoneeurope.com\/fr\/wp-json\/wp\/v2\/types\/product"}],"wp:featuredmedia":[{"embeddable":true,"href":"https:\/\/gliptoneeurope.com\/fr\/wp-json\/wp\/v2\/media\/10258"}],"wp:attachment":[{"href":"https:\/\/gliptoneeurope.com\/fr\/wp-json\/wp\/v2\/media?parent=12160"}],"wp:term":[{"taxonomy":"product_brand","embeddable":true,"href":"https:\/\/gliptoneeurope.com\/fr\/wp-json\/wp\/v2\/product_brand?post=12160"},{"taxonomy":"product_cat","embeddable":true,"href":"https:\/\/gliptoneeurope.com\/fr\/wp-json\/wp\/v2\/product_cat?post=12160"},{"taxonomy":"product_tag","embeddable":true,"href":"https:\/\/gliptoneeurope.com\/fr\/wp-json\/wp\/v2\/product_tag?post=12160"}],"curies":[{"name":"wp","href":"https:\/\/api.w.org\/{rel}","templated":true}]}}