{"id":12159,"date":"2020-04-07T22:22:04","date_gmt":"2021-11-30T11:46:18","guid":{"rendered":"https:\/\/gliptoneeurope.com\/product\/protection-totale-du-corps-avec-glipguard\/"},"modified":"2021-11-30T11:46:18","modified_gmt":"2021-11-30T11:46:18","slug":"protection-totale-du-corps-avec-glipguard","status":"publish","type":"product","link":"https:\/\/gliptoneeurope.com\/fr\/produit\/protection-totale-du-corps-avec-glipguard\/","title":{"rendered":"Protection totale du corps avec Glipguard"},"content":{"rendered":"<p>Gliptone\u00ae Total Body Protection avec Glipguard\u00ae apporte la durabilit\u00e9 d&#8217;un produit de pulv\u00e9risation de type \u00abd\u00e9taillant\u00bb \u00e0 un tout nouveau niveau.<\/p>\n<p>Cette formule fonctionne mieux sur les surfaces s\u00e8ches, mais peut \u00e9galement \u00eatre utilis\u00e9e sur les surfaces humides. Il peut \u00eatre dilu\u00e9 jusqu&#8217;\u00e0 75 % avec de l&#8217;eau pour bien fonctionner comme lubrifiant pour le BODY CLAY BAR de Gliptone ou d&#8217;autres produits \u00ab&nbsp;de type argile&nbsp;\u00bb sur le march\u00e9.<\/p>\n<p>La protection totale du corps peut \u00e9galement \u00eatre utilis\u00e9e pour former un rev\u00eatement r\u00e9sistant au lavage sur les housses de caisse en vinyle des camionnettes et les moulures et garnitures en vinyle\/caoutchouc.<\/p>\n<p>Ce produit est \u00e9galement disponible en tant que <a href=\"https:\/\/gliptoneeurope.com\/product\/glipguard-express-1-gall-3-8l\/\">Glipguard Express<\/a> , dans un plus grand volume de 3,8 litres (1 Gal).<\/p>\n<p>22oz. 650 ml.<\/p>\n","protected":false},"excerpt":{"rendered":"<p>Gliptone\u00ae Total Body Protection avec Glipguard\u00ae apporte la durabilit\u00e9 d&#8217;un produit de pulv\u00e9risation de type \u00abd\u00e9taillant\u00bb \u00e0 un tout nouveau niveau. Cette formule fonctionne mieux sur les surfaces s\u00e8ches, mais peut \u00e9galement \u00eatre utilis\u00e9e sur les surfaces humides. Il peut \u00eatre dilu\u00e9 jusqu&#8217;\u00e0 75 % avec de l&#8217;eau pour bien fonctionner comme lubrifiant pour le [&hellip;]<\/p>\n","protected":false},"featured_media":18514,"template":"","meta":[],"product_brand":[],"product_cat":[103],"product_tag":[],"class_list":{"0":"post-12159","1":"product","2":"type-product","3":"status-publish","4":"has-post-thumbnail","6":"product_cat-decorateurs-dexterieur-polissoirs","8":"first","9":"instock","10":"taxable","11":"shipping-taxable","12":"purchasable","13":"product-type-variable"},"yoast_head":"<!-- This site is optimized with the Yoast SEO Premium plugin v21.4 (Yoast SEO v27.5) - https:\/\/yoast.com\/product\/yoast-seo-premium-wordpress\/ -->\n<title>Protection totale du corps avec Glipguard - Gliptone Europe<\/title>\n<meta name=\"description\" content=\"Gliptone\u00ae Total Body Protection avec Glipguard\u00ae apporte la durabilit\u00e9 d&#039;un produit de pulv\u00e9risation de type \u00abd\u00e9taillant\u00bb \u00e0 un tout nouveau niveau.\" \/>\n<meta name=\"robots\" content=\"index, follow, max-snippet:-1, max-image-preview:large, max-video-preview:-1\" \/>\n<link rel=\"canonical\" href=\"https:\/\/gliptoneeurope.com\/fr\/produit\/protection-totale-du-corps-avec-glipguard\/\" \/>\n<meta property=\"og:locale\" content=\"fr_FR\" \/>\n<meta property=\"og:type\" content=\"article\" \/>\n<meta property=\"og:title\" content=\"Protection totale du corps avec Glipguard\" \/>\n<meta property=\"og:description\" content=\"Gliptone\u00ae Total Body Protection avec Glipguard\u00ae apporte la durabilit\u00e9 d&#039;un produit de pulv\u00e9risation de type \u00abd\u00e9taillant\u00bb \u00e0 un tout nouveau niveau. Cette\" \/>\n<meta property=\"og:url\" content=\"https:\/\/gliptoneeurope.com\/fr\/produit\/protection-totale-du-corps-avec-glipguard\/\" \/>\n<meta property=\"og:site_name\" content=\"Gliptone Europe\" \/>\n<meta property=\"article:publisher\" content=\"https:\/\/www.facebook.com\/gliptoneeurope\/\" \/>\n<meta property=\"og:image\" content=\"https:\/\/gliptoneeurope.com\/wp-content\/uploads\/Body-Protection.jpg\" \/>\n\t<meta property=\"og:image:width\" content=\"1654\" \/>\n\t<meta property=\"og:image:height\" content=\"1621\" \/>\n\t<meta property=\"og:image:type\" content=\"image\/jpeg\" \/>\n<meta name=\"twitter:card\" content=\"summary_large_image\" \/>\n<meta name=\"twitter:label1\" content=\"Dur\u00e9e de lecture estim\u00e9e\" \/>\n\t<meta name=\"twitter:data1\" content=\"1 minute\" \/>\n<script type=\"application\/ld+json\" class=\"yoast-schema-graph\">{\"@context\":\"https:\\\/\\\/schema.org\",\"@graph\":[{\"@type\":\"WebPage\",\"@id\":\"https:\\\/\\\/gliptoneeurope.com\\\/fr\\\/produit\\\/protection-totale-du-corps-avec-glipguard\\\/\",\"url\":\"https:\\\/\\\/gliptoneeurope.com\\\/fr\\\/produit\\\/protection-totale-du-corps-avec-glipguard\\\/\",\"name\":\"Protection totale du corps avec Glipguard - Gliptone Europe\",\"isPartOf\":{\"@id\":\"https:\\\/\\\/gliptoneeurope.com\\\/#website\"},\"primaryImageOfPage\":{\"@id\":\"https:\\\/\\\/gliptoneeurope.com\\\/fr\\\/produit\\\/protection-totale-du-corps-avec-glipguard\\\/#primaryimage\"},\"image\":{\"@id\":\"https:\\\/\\\/gliptoneeurope.com\\\/fr\\\/produit\\\/protection-totale-du-corps-avec-glipguard\\\/#primaryimage\"},\"thumbnailUrl\":\"https:\\\/\\\/gliptoneeurope.com\\\/wp-content\\\/uploads\\\/Body-Protection.jpg\",\"datePublished\":\"2021-11-30T11:46:18+00:00\",\"description\":\"Gliptone\u00ae Total Body Protection avec Glipguard\u00ae apporte la durabilit\u00e9 d'un produit de pulv\u00e9risation de type \u00abd\u00e9taillant\u00bb \u00e0 un tout nouveau niveau.\",\"breadcrumb\":{\"@id\":\"https:\\\/\\\/gliptoneeurope.com\\\/fr\\\/produit\\\/protection-totale-du-corps-avec-glipguard\\\/#breadcrumb\"},\"inLanguage\":\"fr-FR\",\"potentialAction\":[{\"@type\":\"ReadAction\",\"target\":[\"https:\\\/\\\/gliptoneeurope.com\\\/fr\\\/produit\\\/protection-totale-du-corps-avec-glipguard\\\/\"]}]},{\"@type\":\"ImageObject\",\"inLanguage\":\"fr-FR\",\"@id\":\"https:\\\/\\\/gliptoneeurope.com\\\/fr\\\/produit\\\/protection-totale-du-corps-avec-glipguard\\\/#primaryimage\",\"url\":\"https:\\\/\\\/gliptoneeurope.com\\\/wp-content\\\/uploads\\\/Body-Protection.jpg\",\"contentUrl\":\"https:\\\/\\\/gliptoneeurope.com\\\/wp-content\\\/uploads\\\/Body-Protection.jpg\",\"width\":1654,\"height\":1621},{\"@type\":\"BreadcrumbList\",\"@id\":\"https:\\\/\\\/gliptoneeurope.com\\\/fr\\\/produit\\\/protection-totale-du-corps-avec-glipguard\\\/#breadcrumb\",\"itemListElement\":[{\"@type\":\"ListItem\",\"position\":1,\"name\":\"Home\",\"item\":\"https:\\\/\\\/gliptoneeurope.com\\\/\"},{\"@type\":\"ListItem\",\"position\":2,\"name\":\"Boutique\",\"item\":\"https:\\\/\\\/gliptoneeurope.com\\\/fr\\\/boutique\\\/\"},{\"@type\":\"ListItem\",\"position\":3,\"name\":\"Protection totale du corps avec Glipguard\"}]},{\"@type\":\"WebSite\",\"@id\":\"https:\\\/\\\/gliptoneeurope.com\\\/#website\",\"url\":\"https:\\\/\\\/gliptoneeurope.com\\\/\",\"name\":\"Gliptone Europe\",\"description\":\"Professional Car Detailing Products\",\"publisher\":{\"@id\":\"https:\\\/\\\/gliptoneeurope.com\\\/#organization\"},\"potentialAction\":[{\"@type\":\"SearchAction\",\"target\":{\"@type\":\"EntryPoint\",\"urlTemplate\":\"https:\\\/\\\/gliptoneeurope.com\\\/?s={search_term_string}\"},\"query-input\":{\"@type\":\"PropertyValueSpecification\",\"valueRequired\":true,\"valueName\":\"search_term_string\"}}],\"inLanguage\":\"fr-FR\"},{\"@type\":\"Organization\",\"@id\":\"https:\\\/\\\/gliptoneeurope.com\\\/#organization\",\"name\":\"Gliptone Europe\",\"url\":\"https:\\\/\\\/gliptoneeurope.com\\\/\",\"logo\":{\"@type\":\"ImageObject\",\"inLanguage\":\"fr-FR\",\"@id\":\"https:\\\/\\\/gliptoneeurope.com\\\/#\\\/schema\\\/logo\\\/image\\\/\",\"url\":\"https:\\\/\\\/gliptoneeurope.com\\\/wp-content\\\/uploads\\\/Gliptone_Logo.png\",\"contentUrl\":\"https:\\\/\\\/gliptoneeurope.com\\\/wp-content\\\/uploads\\\/Gliptone_Logo.png\",\"width\":1472,\"height\":607,\"caption\":\"Gliptone Europe\"},\"image\":{\"@id\":\"https:\\\/\\\/gliptoneeurope.com\\\/#\\\/schema\\\/logo\\\/image\\\/\"},\"sameAs\":[\"https:\\\/\\\/www.facebook.com\\\/gliptoneeurope\\\/\",\"https:\\\/\\\/www.instagram.com\\\/gliptoneeurope\\\/\",\"https:\\\/\\\/www.pinterest.co.uk\\\/GliptoneEurope\\\/\"]}]}<\/script>\n<!-- \/ Yoast SEO Premium plugin. -->","yoast_head_json":{"title":"Protection totale du corps avec Glipguard - Gliptone Europe","description":"Gliptone\u00ae Total Body Protection avec Glipguard\u00ae apporte la durabilit\u00e9 d'un produit de pulv\u00e9risation de type \u00abd\u00e9taillant\u00bb \u00e0 un tout nouveau niveau.","robots":{"index":"index","follow":"follow","max-snippet":"max-snippet:-1","max-image-preview":"max-image-preview:large","max-video-preview":"max-video-preview:-1"},"canonical":"https:\/\/gliptoneeurope.com\/fr\/produit\/protection-totale-du-corps-avec-glipguard\/","og_locale":"fr_FR","og_type":"article","og_title":"Protection totale du corps avec Glipguard","og_description":"Gliptone\u00ae Total Body Protection avec Glipguard\u00ae apporte la durabilit\u00e9 d'un produit de pulv\u00e9risation de type \u00abd\u00e9taillant\u00bb \u00e0 un tout nouveau niveau. Cette","og_url":"https:\/\/gliptoneeurope.com\/fr\/produit\/protection-totale-du-corps-avec-glipguard\/","og_site_name":"Gliptone Europe","article_publisher":"https:\/\/www.facebook.com\/gliptoneeurope\/","og_image":[{"width":1654,"height":1621,"url":"https:\/\/gliptoneeurope.com\/wp-content\/uploads\/Body-Protection.jpg","type":"image\/jpeg"}],"twitter_card":"summary_large_image","twitter_misc":{"Dur\u00e9e de lecture estim\u00e9e":"1 minute"},"schema":{"@context":"https:\/\/schema.org","@graph":[{"@type":"WebPage","@id":"https:\/\/gliptoneeurope.com\/fr\/produit\/protection-totale-du-corps-avec-glipguard\/","url":"https:\/\/gliptoneeurope.com\/fr\/produit\/protection-totale-du-corps-avec-glipguard\/","name":"Protection totale du corps avec Glipguard - Gliptone Europe","isPartOf":{"@id":"https:\/\/gliptoneeurope.com\/#website"},"primaryImageOfPage":{"@id":"https:\/\/gliptoneeurope.com\/fr\/produit\/protection-totale-du-corps-avec-glipguard\/#primaryimage"},"image":{"@id":"https:\/\/gliptoneeurope.com\/fr\/produit\/protection-totale-du-corps-avec-glipguard\/#primaryimage"},"thumbnailUrl":"https:\/\/gliptoneeurope.com\/wp-content\/uploads\/Body-Protection.jpg","datePublished":"2021-11-30T11:46:18+00:00","description":"Gliptone\u00ae Total Body Protection avec Glipguard\u00ae apporte la durabilit\u00e9 d'un produit de pulv\u00e9risation de type \u00abd\u00e9taillant\u00bb \u00e0 un tout nouveau niveau.","breadcrumb":{"@id":"https:\/\/gliptoneeurope.com\/fr\/produit\/protection-totale-du-corps-avec-glipguard\/#breadcrumb"},"inLanguage":"fr-FR","potentialAction":[{"@type":"ReadAction","target":["https:\/\/gliptoneeurope.com\/fr\/produit\/protection-totale-du-corps-avec-glipguard\/"]}]},{"@type":"ImageObject","inLanguage":"fr-FR","@id":"https:\/\/gliptoneeurope.com\/fr\/produit\/protection-totale-du-corps-avec-glipguard\/#primaryimage","url":"https:\/\/gliptoneeurope.com\/wp-content\/uploads\/Body-Protection.jpg","contentUrl":"https:\/\/gliptoneeurope.com\/wp-content\/uploads\/Body-Protection.jpg","width":1654,"height":1621},{"@type":"BreadcrumbList","@id":"https:\/\/gliptoneeurope.com\/fr\/produit\/protection-totale-du-corps-avec-glipguard\/#breadcrumb","itemListElement":[{"@type":"ListItem","position":1,"name":"Home","item":"https:\/\/gliptoneeurope.com\/"},{"@type":"ListItem","position":2,"name":"Boutique","item":"https:\/\/gliptoneeurope.com\/fr\/boutique\/"},{"@type":"ListItem","position":3,"name":"Protection totale du corps avec Glipguard"}]},{"@type":"WebSite","@id":"https:\/\/gliptoneeurope.com\/#website","url":"https:\/\/gliptoneeurope.com\/","name":"Gliptone Europe","description":"Professional Car Detailing Products","publisher":{"@id":"https:\/\/gliptoneeurope.com\/#organization"},"potentialAction":[{"@type":"SearchAction","target":{"@type":"EntryPoint","urlTemplate":"https:\/\/gliptoneeurope.com\/?s={search_term_string}"},"query-input":{"@type":"PropertyValueSpecification","valueRequired":true,"valueName":"search_term_string"}}],"inLanguage":"fr-FR"},{"@type":"Organization","@id":"https:\/\/gliptoneeurope.com\/#organization","name":"Gliptone Europe","url":"https:\/\/gliptoneeurope.com\/","logo":{"@type":"ImageObject","inLanguage":"fr-FR","@id":"https:\/\/gliptoneeurope.com\/#\/schema\/logo\/image\/","url":"https:\/\/gliptoneeurope.com\/wp-content\/uploads\/Gliptone_Logo.png","contentUrl":"https:\/\/gliptoneeurope.com\/wp-content\/uploads\/Gliptone_Logo.png","width":1472,"height":607,"caption":"Gliptone Europe"},"image":{"@id":"https:\/\/gliptoneeurope.com\/#\/schema\/logo\/image\/"},"sameAs":["https:\/\/www.facebook.com\/gliptoneeurope\/","https:\/\/www.instagram.com\/gliptoneeurope\/","https:\/\/www.pinterest.co.uk\/GliptoneEurope\/"]}]}},"wcpa_form_fields":null,"_links":{"self":[{"href":"https:\/\/gliptoneeurope.com\/fr\/wp-json\/wp\/v2\/product\/12159","targetHints":{"allow":["GET"]}}],"collection":[{"href":"https:\/\/gliptoneeurope.com\/fr\/wp-json\/wp\/v2\/product"}],"about":[{"href":"https:\/\/gliptoneeurope.com\/fr\/wp-json\/wp\/v2\/types\/product"}],"wp:featuredmedia":[{"embeddable":true,"href":"https:\/\/gliptoneeurope.com\/fr\/wp-json\/wp\/v2\/media\/18514"}],"wp:attachment":[{"href":"https:\/\/gliptoneeurope.com\/fr\/wp-json\/wp\/v2\/media?parent=12159"}],"wp:term":[{"taxonomy":"product_brand","embeddable":true,"href":"https:\/\/gliptoneeurope.com\/fr\/wp-json\/wp\/v2\/product_brand?post=12159"},{"taxonomy":"product_cat","embeddable":true,"href":"https:\/\/gliptoneeurope.com\/fr\/wp-json\/wp\/v2\/product_cat?post=12159"},{"taxonomy":"product_tag","embeddable":true,"href":"https:\/\/gliptoneeurope.com\/fr\/wp-json\/wp\/v2\/product_tag?post=12159"}],"curies":[{"name":"wp","href":"https:\/\/api.w.org\/{rel}","templated":true}]}}