{"id":12153,"date":"2020-04-07T23:12:15","date_gmt":"2021-11-30T11:46:14","guid":{"rendered":"https:\/\/gliptoneeurope.com\/product\/nettoyant-pour-vitres-avec-antistatique\/"},"modified":"2023-02-03T07:25:53","modified_gmt":"2023-02-03T07:25:53","slug":"nettoyant-verre-avec-antistatique","status":"publish","type":"product","link":"https:\/\/gliptoneeurope.com\/fr\/produit\/nettoyant-verre-avec-antistatique\/","title":{"rendered":"Nettoyant pour vitres avec antistatique"},"content":{"rendered":"<p>Le nettoyant pour vitres GLIPTONE est une formulation sans traces qui ne n\u00e9cessite aucune dilution. Ce nettoyant pour vitres repousse la poussi\u00e8re et les d\u00e9bris tout en gardant le nettoyant pour vitres plus longtemps. Parfait pour toutes les applications de nettoyage de vitres et de surfaces dures. \u00c0 utiliser avec une serviette pour fen\u00eatre au toucher doux ou un chiffon gaufr\u00e9 Gliptone pour de meilleurs r\u00e9sultats. N&#8217;utilisez pas trop de produit &#8211; moins c&#8217;est plus ! Si n\u00e9cessaire 2 faire des applications. N&#8217;endommagera pas le film teint\u00e9 pour vitres.<\/p>\n<p>22oz. 470 ml.<\/p>\n","protected":false},"excerpt":{"rendered":"<p>Le nettoyant pour vitres GLIPTONE est une formulation sans traces qui ne n\u00e9cessite aucune dilution. Ce nettoyant pour vitres repousse la poussi\u00e8re et les d\u00e9bris tout en gardant le nettoyant pour vitres plus longtemps. Parfait pour toutes les applications de nettoyage de vitres et de surfaces dures. \u00c0 utiliser avec une serviette pour fen\u00eatre au [&hellip;]<\/p>\n","protected":false},"featured_media":18505,"template":"","meta":[],"product_brand":[],"product_cat":[152],"product_tag":[],"class_list":{"0":"post-12153","1":"product","2":"type-product","3":"status-publish","4":"has-post-thumbnail","6":"product_cat-pansements-exterieurs","8":"first","9":"instock","10":"taxable","11":"shipping-taxable","12":"purchasable","13":"product-type-variable"},"yoast_head":"<!-- This site is optimized with the Yoast SEO Premium plugin v21.4 (Yoast SEO v27.5) - https:\/\/yoast.com\/product\/yoast-seo-premium-wordpress\/ -->\n<title>Nettoyant pour vitres avec antistatique - Gliptone Europe<\/title>\n<meta name=\"description\" content=\"Notre nettoyant pour vitres est une formulation sans traces qui ne n\u00e9cessite aucune dilution. Fonctionne bien pour repousser la poussi\u00e8re et les d\u00e9bris tout en gardant le verre plus propre.\" \/>\n<meta name=\"robots\" content=\"index, follow, max-snippet:-1, max-image-preview:large, max-video-preview:-1\" \/>\n<link rel=\"canonical\" href=\"https:\/\/gliptoneeurope.com\/fr\/produit\/nettoyant-verre-avec-antistatique\/\" \/>\n<meta property=\"og:locale\" content=\"fr_FR\" \/>\n<meta property=\"og:type\" content=\"article\" \/>\n<meta property=\"og:title\" content=\"Nettoyant pour vitres avec antistatique\" \/>\n<meta property=\"og:description\" content=\"Le nettoyant pour vitres GLIPTONE est une formulation sans traces qui ne n\u00e9cessite aucune dilution. Ce nettoyant pour vitres repousse la poussi\u00e8re et les\" \/>\n<meta property=\"og:url\" content=\"https:\/\/gliptoneeurope.com\/fr\/produit\/nettoyant-verre-avec-antistatique\/\" \/>\n<meta property=\"og:site_name\" content=\"Gliptone Europe\" \/>\n<meta property=\"article:publisher\" content=\"https:\/\/www.facebook.com\/gliptoneeurope\/\" \/>\n<meta property=\"article:modified_time\" content=\"2023-02-03T07:25:53+00:00\" \/>\n<meta property=\"og:image\" content=\"https:\/\/gliptoneeurope.com\/wp-content\/uploads\/Glass-Cleaner-1.jpg\" \/>\n\t<meta property=\"og:image:width\" content=\"1654\" \/>\n\t<meta property=\"og:image:height\" content=\"1621\" \/>\n\t<meta property=\"og:image:type\" content=\"image\/jpeg\" \/>\n<meta name=\"twitter:card\" content=\"summary_large_image\" \/>\n<script type=\"application\/ld+json\" class=\"yoast-schema-graph\">{\"@context\":\"https:\\\/\\\/schema.org\",\"@graph\":[{\"@type\":\"WebPage\",\"@id\":\"https:\\\/\\\/gliptoneeurope.com\\\/fr\\\/produit\\\/nettoyant-verre-avec-antistatique\\\/\",\"url\":\"https:\\\/\\\/gliptoneeurope.com\\\/fr\\\/produit\\\/nettoyant-verre-avec-antistatique\\\/\",\"name\":\"Nettoyant pour vitres avec antistatique - Gliptone Europe\",\"isPartOf\":{\"@id\":\"https:\\\/\\\/gliptoneeurope.com\\\/#website\"},\"primaryImageOfPage\":{\"@id\":\"https:\\\/\\\/gliptoneeurope.com\\\/fr\\\/produit\\\/nettoyant-verre-avec-antistatique\\\/#primaryimage\"},\"image\":{\"@id\":\"https:\\\/\\\/gliptoneeurope.com\\\/fr\\\/produit\\\/nettoyant-verre-avec-antistatique\\\/#primaryimage\"},\"thumbnailUrl\":\"https:\\\/\\\/gliptoneeurope.com\\\/wp-content\\\/uploads\\\/Glass-Cleaner-1.jpg\",\"datePublished\":\"2021-11-30T11:46:14+00:00\",\"dateModified\":\"2023-02-03T07:25:53+00:00\",\"description\":\"Notre nettoyant pour vitres est une formulation sans traces qui ne n\u00e9cessite aucune dilution. Fonctionne bien pour repousser la poussi\u00e8re et les d\u00e9bris tout en gardant le verre plus propre.\",\"breadcrumb\":{\"@id\":\"https:\\\/\\\/gliptoneeurope.com\\\/fr\\\/produit\\\/nettoyant-verre-avec-antistatique\\\/#breadcrumb\"},\"inLanguage\":\"fr-FR\",\"potentialAction\":[{\"@type\":\"ReadAction\",\"target\":[\"https:\\\/\\\/gliptoneeurope.com\\\/fr\\\/produit\\\/nettoyant-verre-avec-antistatique\\\/\"]}]},{\"@type\":\"ImageObject\",\"inLanguage\":\"fr-FR\",\"@id\":\"https:\\\/\\\/gliptoneeurope.com\\\/fr\\\/produit\\\/nettoyant-verre-avec-antistatique\\\/#primaryimage\",\"url\":\"https:\\\/\\\/gliptoneeurope.com\\\/wp-content\\\/uploads\\\/Glass-Cleaner-1.jpg\",\"contentUrl\":\"https:\\\/\\\/gliptoneeurope.com\\\/wp-content\\\/uploads\\\/Glass-Cleaner-1.jpg\",\"width\":1654,\"height\":1621},{\"@type\":\"BreadcrumbList\",\"@id\":\"https:\\\/\\\/gliptoneeurope.com\\\/fr\\\/produit\\\/nettoyant-verre-avec-antistatique\\\/#breadcrumb\",\"itemListElement\":[{\"@type\":\"ListItem\",\"position\":1,\"name\":\"Home\",\"item\":\"https:\\\/\\\/gliptoneeurope.com\\\/\"},{\"@type\":\"ListItem\",\"position\":2,\"name\":\"Boutique\",\"item\":\"https:\\\/\\\/gliptoneeurope.com\\\/fr\\\/boutique\\\/\"},{\"@type\":\"ListItem\",\"position\":3,\"name\":\"Nettoyant pour vitres avec antistatique\"}]},{\"@type\":\"WebSite\",\"@id\":\"https:\\\/\\\/gliptoneeurope.com\\\/#website\",\"url\":\"https:\\\/\\\/gliptoneeurope.com\\\/\",\"name\":\"Gliptone Europe\",\"description\":\"Professional Car Detailing Products\",\"publisher\":{\"@id\":\"https:\\\/\\\/gliptoneeurope.com\\\/#organization\"},\"potentialAction\":[{\"@type\":\"SearchAction\",\"target\":{\"@type\":\"EntryPoint\",\"urlTemplate\":\"https:\\\/\\\/gliptoneeurope.com\\\/?s={search_term_string}\"},\"query-input\":{\"@type\":\"PropertyValueSpecification\",\"valueRequired\":true,\"valueName\":\"search_term_string\"}}],\"inLanguage\":\"fr-FR\"},{\"@type\":\"Organization\",\"@id\":\"https:\\\/\\\/gliptoneeurope.com\\\/#organization\",\"name\":\"Gliptone Europe\",\"url\":\"https:\\\/\\\/gliptoneeurope.com\\\/\",\"logo\":{\"@type\":\"ImageObject\",\"inLanguage\":\"fr-FR\",\"@id\":\"https:\\\/\\\/gliptoneeurope.com\\\/#\\\/schema\\\/logo\\\/image\\\/\",\"url\":\"https:\\\/\\\/gliptoneeurope.com\\\/wp-content\\\/uploads\\\/Gliptone_Logo.png\",\"contentUrl\":\"https:\\\/\\\/gliptoneeurope.com\\\/wp-content\\\/uploads\\\/Gliptone_Logo.png\",\"width\":1472,\"height\":607,\"caption\":\"Gliptone Europe\"},\"image\":{\"@id\":\"https:\\\/\\\/gliptoneeurope.com\\\/#\\\/schema\\\/logo\\\/image\\\/\"},\"sameAs\":[\"https:\\\/\\\/www.facebook.com\\\/gliptoneeurope\\\/\",\"https:\\\/\\\/www.instagram.com\\\/gliptoneeurope\\\/\",\"https:\\\/\\\/www.pinterest.co.uk\\\/GliptoneEurope\\\/\"]}]}<\/script>\n<!-- \/ Yoast SEO Premium plugin. -->","yoast_head_json":{"title":"Nettoyant pour vitres avec antistatique - Gliptone Europe","description":"Notre nettoyant pour vitres est une formulation sans traces qui ne n\u00e9cessite aucune dilution. Fonctionne bien pour repousser la poussi\u00e8re et les d\u00e9bris tout en gardant le verre plus propre.","robots":{"index":"index","follow":"follow","max-snippet":"max-snippet:-1","max-image-preview":"max-image-preview:large","max-video-preview":"max-video-preview:-1"},"canonical":"https:\/\/gliptoneeurope.com\/fr\/produit\/nettoyant-verre-avec-antistatique\/","og_locale":"fr_FR","og_type":"article","og_title":"Nettoyant pour vitres avec antistatique","og_description":"Le nettoyant pour vitres GLIPTONE est une formulation sans traces qui ne n\u00e9cessite aucune dilution. Ce nettoyant pour vitres repousse la poussi\u00e8re et les","og_url":"https:\/\/gliptoneeurope.com\/fr\/produit\/nettoyant-verre-avec-antistatique\/","og_site_name":"Gliptone Europe","article_publisher":"https:\/\/www.facebook.com\/gliptoneeurope\/","article_modified_time":"2023-02-03T07:25:53+00:00","og_image":[{"width":1654,"height":1621,"url":"https:\/\/gliptoneeurope.com\/wp-content\/uploads\/Glass-Cleaner-1.jpg","type":"image\/jpeg"}],"twitter_card":"summary_large_image","schema":{"@context":"https:\/\/schema.org","@graph":[{"@type":"WebPage","@id":"https:\/\/gliptoneeurope.com\/fr\/produit\/nettoyant-verre-avec-antistatique\/","url":"https:\/\/gliptoneeurope.com\/fr\/produit\/nettoyant-verre-avec-antistatique\/","name":"Nettoyant pour vitres avec antistatique - Gliptone Europe","isPartOf":{"@id":"https:\/\/gliptoneeurope.com\/#website"},"primaryImageOfPage":{"@id":"https:\/\/gliptoneeurope.com\/fr\/produit\/nettoyant-verre-avec-antistatique\/#primaryimage"},"image":{"@id":"https:\/\/gliptoneeurope.com\/fr\/produit\/nettoyant-verre-avec-antistatique\/#primaryimage"},"thumbnailUrl":"https:\/\/gliptoneeurope.com\/wp-content\/uploads\/Glass-Cleaner-1.jpg","datePublished":"2021-11-30T11:46:14+00:00","dateModified":"2023-02-03T07:25:53+00:00","description":"Notre nettoyant pour vitres est une formulation sans traces qui ne n\u00e9cessite aucune dilution. Fonctionne bien pour repousser la poussi\u00e8re et les d\u00e9bris tout en gardant le verre plus propre.","breadcrumb":{"@id":"https:\/\/gliptoneeurope.com\/fr\/produit\/nettoyant-verre-avec-antistatique\/#breadcrumb"},"inLanguage":"fr-FR","potentialAction":[{"@type":"ReadAction","target":["https:\/\/gliptoneeurope.com\/fr\/produit\/nettoyant-verre-avec-antistatique\/"]}]},{"@type":"ImageObject","inLanguage":"fr-FR","@id":"https:\/\/gliptoneeurope.com\/fr\/produit\/nettoyant-verre-avec-antistatique\/#primaryimage","url":"https:\/\/gliptoneeurope.com\/wp-content\/uploads\/Glass-Cleaner-1.jpg","contentUrl":"https:\/\/gliptoneeurope.com\/wp-content\/uploads\/Glass-Cleaner-1.jpg","width":1654,"height":1621},{"@type":"BreadcrumbList","@id":"https:\/\/gliptoneeurope.com\/fr\/produit\/nettoyant-verre-avec-antistatique\/#breadcrumb","itemListElement":[{"@type":"ListItem","position":1,"name":"Home","item":"https:\/\/gliptoneeurope.com\/"},{"@type":"ListItem","position":2,"name":"Boutique","item":"https:\/\/gliptoneeurope.com\/fr\/boutique\/"},{"@type":"ListItem","position":3,"name":"Nettoyant pour vitres avec antistatique"}]},{"@type":"WebSite","@id":"https:\/\/gliptoneeurope.com\/#website","url":"https:\/\/gliptoneeurope.com\/","name":"Gliptone Europe","description":"Professional Car Detailing Products","publisher":{"@id":"https:\/\/gliptoneeurope.com\/#organization"},"potentialAction":[{"@type":"SearchAction","target":{"@type":"EntryPoint","urlTemplate":"https:\/\/gliptoneeurope.com\/?s={search_term_string}"},"query-input":{"@type":"PropertyValueSpecification","valueRequired":true,"valueName":"search_term_string"}}],"inLanguage":"fr-FR"},{"@type":"Organization","@id":"https:\/\/gliptoneeurope.com\/#organization","name":"Gliptone Europe","url":"https:\/\/gliptoneeurope.com\/","logo":{"@type":"ImageObject","inLanguage":"fr-FR","@id":"https:\/\/gliptoneeurope.com\/#\/schema\/logo\/image\/","url":"https:\/\/gliptoneeurope.com\/wp-content\/uploads\/Gliptone_Logo.png","contentUrl":"https:\/\/gliptoneeurope.com\/wp-content\/uploads\/Gliptone_Logo.png","width":1472,"height":607,"caption":"Gliptone Europe"},"image":{"@id":"https:\/\/gliptoneeurope.com\/#\/schema\/logo\/image\/"},"sameAs":["https:\/\/www.facebook.com\/gliptoneeurope\/","https:\/\/www.instagram.com\/gliptoneeurope\/","https:\/\/www.pinterest.co.uk\/GliptoneEurope\/"]}]}},"wcpa_form_fields":null,"_links":{"self":[{"href":"https:\/\/gliptoneeurope.com\/fr\/wp-json\/wp\/v2\/product\/12153","targetHints":{"allow":["GET"]}}],"collection":[{"href":"https:\/\/gliptoneeurope.com\/fr\/wp-json\/wp\/v2\/product"}],"about":[{"href":"https:\/\/gliptoneeurope.com\/fr\/wp-json\/wp\/v2\/types\/product"}],"wp:featuredmedia":[{"embeddable":true,"href":"https:\/\/gliptoneeurope.com\/fr\/wp-json\/wp\/v2\/media\/18505"}],"wp:attachment":[{"href":"https:\/\/gliptoneeurope.com\/fr\/wp-json\/wp\/v2\/media?parent=12153"}],"wp:term":[{"taxonomy":"product_brand","embeddable":true,"href":"https:\/\/gliptoneeurope.com\/fr\/wp-json\/wp\/v2\/product_brand?post=12153"},{"taxonomy":"product_cat","embeddable":true,"href":"https:\/\/gliptoneeurope.com\/fr\/wp-json\/wp\/v2\/product_cat?post=12153"},{"taxonomy":"product_tag","embeddable":true,"href":"https:\/\/gliptoneeurope.com\/fr\/wp-json\/wp\/v2\/product_tag?post=12153"}],"curies":[{"name":"wp","href":"https:\/\/api.w.org\/{rel}","templated":true}]}}