{"id":12147,"date":"2020-04-07T22:29:02","date_gmt":"2021-11-30T11:46:11","guid":{"rendered":"https:\/\/gliptoneeurope.com\/product\/glipgloss-cire-apres-lavage\/"},"modified":"2021-11-30T11:46:11","modified_gmt":"2021-11-30T11:46:11","slug":"glipgloss-cire-apres-lavage","status":"publish","type":"product","link":"https:\/\/gliptoneeurope.com\/fr\/produit\/glipgloss-cire-apres-lavage\/","title":{"rendered":"Glipgloss &#8211; Cire-Apr\u00e8s-Lavage"},"content":{"rendered":"<h4><span style=\"color: #ff0000;\"><strong>LIVRAISON GRATUITE SUR TOUTES LES COMMANDES DE PLUS DE 25\u20ac<\/strong><\/span><\/h4>\n<p>Express Wax-After-Wash de Gliptone est une formulation de pointe combinant des polym\u00e8res durcissables, des polym\u00e8res hydrophobes et de la vraie cire de carnauba.<\/p>\n<p>Une fois appliqu\u00e9e, la formule brillera rapidement et prot\u00e9gera toutes les surfaces automobiles ext\u00e9rieures.<\/p>\n<p>Cette formule peut \u00e9galement \u00eatre utilis\u00e9e comme lubrifiant pour le BODY CLAY BAR de Gliptone ou d&#8217;autres produits \u00ab&nbsp;de type argile&nbsp;\u00bb sur le march\u00e9. Son brillant, sa durabilit\u00e9 et sa polyvalence de qualit\u00e9 sup\u00e9rieure se combinent pour surpasser tous les concurrents dans cette cat\u00e9gorie de produits.<\/p>\n<p>Ce produit est un excellent choix pour une utilisation dans un service de cire express, <a href=\"https:\/\/gliptoneeurope.com\/product\/glipgloss-wax-after-wash-2\/\">Glipgloss<\/a> est \u00e9galement disponible \u00e0 l&#8217;achat dans une bouteille de 3,8 litres (1 gallon).<\/p>\n","protected":false},"excerpt":{"rendered":"<p>LIVRAISON GRATUITE SUR TOUTES LES COMMANDES DE PLUS DE 25\u20ac Express Wax-After-Wash de Gliptone est une formulation de pointe combinant des polym\u00e8res durcissables, des polym\u00e8res hydrophobes et de la vraie cire de carnauba. Une fois appliqu\u00e9e, la formule brillera rapidement et prot\u00e9gera toutes les surfaces automobiles ext\u00e9rieures. Cette formule peut \u00e9galement \u00eatre utilis\u00e9e comme lubrifiant [&hellip;]<\/p>\n","protected":false},"featured_media":18532,"template":"","meta":[],"product_brand":[],"product_cat":[103,137],"product_tag":[],"class_list":{"0":"post-12147","1":"product","2":"type-product","3":"status-publish","4":"has-post-thumbnail","6":"product_cat-decorateurs-dexterieur-polissoirs","7":"product_cat-meilleures-ventes","9":"first","10":"instock","11":"featured","12":"taxable","13":"shipping-taxable","14":"purchasable","15":"product-type-variable"},"yoast_head":"<!-- This site is optimized with the Yoast SEO Premium plugin v21.4 (Yoast SEO v27.4) - https:\/\/yoast.com\/product\/yoast-seo-premium-wordpress\/ -->\n<title>Glipgloss - Cire-Apr\u00e8s-Lavage - Gliptone Europe<\/title>\n<meta name=\"description\" content=\"Express Wax-After-Wash de Gliptone est vraiment une formulation de pointe pour faire briller et prot\u00e9ger rapidement toutes les surfaces automobiles ext\u00e9rieures.\" \/>\n<meta name=\"robots\" content=\"index, follow, max-snippet:-1, max-image-preview:large, max-video-preview:-1\" \/>\n<link rel=\"canonical\" href=\"https:\/\/gliptoneeurope.com\/fr\/produit\/glipgloss-cire-apres-lavage\/\" \/>\n<meta property=\"og:locale\" content=\"fr_FR\" \/>\n<meta property=\"og:type\" content=\"article\" \/>\n<meta property=\"og:title\" content=\"Glipgloss - Cire-Apr\u00e8s-Lavage\" \/>\n<meta property=\"og:description\" content=\"LIVRAISON GRATUITE SUR TOUTES LES COMMANDES DE PLUS DE 25\u20ac Express Wax-After-Wash de Gliptone est une formulation de pointe combinant des polym\u00e8res\" \/>\n<meta property=\"og:url\" content=\"https:\/\/gliptoneeurope.com\/fr\/produit\/glipgloss-cire-apres-lavage\/\" \/>\n<meta property=\"og:site_name\" content=\"Gliptone Europe\" \/>\n<meta property=\"article:publisher\" content=\"https:\/\/www.facebook.com\/gliptoneeurope\/\" \/>\n<meta property=\"og:image\" content=\"https:\/\/gliptoneeurope.com\/wp-content\/uploads\/wax-after-wash-1.jpg\" \/>\n\t<meta property=\"og:image:width\" content=\"1654\" \/>\n\t<meta property=\"og:image:height\" content=\"1621\" \/>\n\t<meta property=\"og:image:type\" content=\"image\/jpeg\" \/>\n<meta name=\"twitter:card\" content=\"summary_large_image\" \/>\n<meta name=\"twitter:label1\" content=\"Dur\u00e9e de lecture estim\u00e9e\" \/>\n\t<meta name=\"twitter:data1\" content=\"1 minute\" \/>\n<script type=\"application\/ld+json\" class=\"yoast-schema-graph\">{\"@context\":\"https:\\\/\\\/schema.org\",\"@graph\":[{\"@type\":\"WebPage\",\"@id\":\"https:\\\/\\\/gliptoneeurope.com\\\/fr\\\/produit\\\/glipgloss-cire-apres-lavage\\\/\",\"url\":\"https:\\\/\\\/gliptoneeurope.com\\\/fr\\\/produit\\\/glipgloss-cire-apres-lavage\\\/\",\"name\":\"Glipgloss - Cire-Apr\u00e8s-Lavage - Gliptone Europe\",\"isPartOf\":{\"@id\":\"https:\\\/\\\/gliptoneeurope.com\\\/#website\"},\"primaryImageOfPage\":{\"@id\":\"https:\\\/\\\/gliptoneeurope.com\\\/fr\\\/produit\\\/glipgloss-cire-apres-lavage\\\/#primaryimage\"},\"image\":{\"@id\":\"https:\\\/\\\/gliptoneeurope.com\\\/fr\\\/produit\\\/glipgloss-cire-apres-lavage\\\/#primaryimage\"},\"thumbnailUrl\":\"https:\\\/\\\/gliptoneeurope.com\\\/wp-content\\\/uploads\\\/wax-after-wash-1.jpg\",\"datePublished\":\"2021-11-30T11:46:11+00:00\",\"description\":\"Express Wax-After-Wash de Gliptone est vraiment une formulation de pointe pour faire briller et prot\u00e9ger rapidement toutes les surfaces automobiles ext\u00e9rieures.\",\"breadcrumb\":{\"@id\":\"https:\\\/\\\/gliptoneeurope.com\\\/fr\\\/produit\\\/glipgloss-cire-apres-lavage\\\/#breadcrumb\"},\"inLanguage\":\"fr-FR\",\"potentialAction\":[{\"@type\":\"ReadAction\",\"target\":[\"https:\\\/\\\/gliptoneeurope.com\\\/fr\\\/produit\\\/glipgloss-cire-apres-lavage\\\/\"]}]},{\"@type\":\"ImageObject\",\"inLanguage\":\"fr-FR\",\"@id\":\"https:\\\/\\\/gliptoneeurope.com\\\/fr\\\/produit\\\/glipgloss-cire-apres-lavage\\\/#primaryimage\",\"url\":\"https:\\\/\\\/gliptoneeurope.com\\\/wp-content\\\/uploads\\\/wax-after-wash-1.jpg\",\"contentUrl\":\"https:\\\/\\\/gliptoneeurope.com\\\/wp-content\\\/uploads\\\/wax-after-wash-1.jpg\",\"width\":1654,\"height\":1621},{\"@type\":\"BreadcrumbList\",\"@id\":\"https:\\\/\\\/gliptoneeurope.com\\\/fr\\\/produit\\\/glipgloss-cire-apres-lavage\\\/#breadcrumb\",\"itemListElement\":[{\"@type\":\"ListItem\",\"position\":1,\"name\":\"Home\",\"item\":\"https:\\\/\\\/gliptoneeurope.com\\\/\"},{\"@type\":\"ListItem\",\"position\":2,\"name\":\"Boutique\",\"item\":\"https:\\\/\\\/gliptoneeurope.com\\\/fr\\\/boutique\\\/\"},{\"@type\":\"ListItem\",\"position\":3,\"name\":\"Glipgloss &#8211; Cire-Apr\u00e8s-Lavage\"}]},{\"@type\":\"WebSite\",\"@id\":\"https:\\\/\\\/gliptoneeurope.com\\\/#website\",\"url\":\"https:\\\/\\\/gliptoneeurope.com\\\/\",\"name\":\"Gliptone Europe\",\"description\":\"Professional Car Detailing Products\",\"publisher\":{\"@id\":\"https:\\\/\\\/gliptoneeurope.com\\\/#organization\"},\"potentialAction\":[{\"@type\":\"SearchAction\",\"target\":{\"@type\":\"EntryPoint\",\"urlTemplate\":\"https:\\\/\\\/gliptoneeurope.com\\\/?s={search_term_string}\"},\"query-input\":{\"@type\":\"PropertyValueSpecification\",\"valueRequired\":true,\"valueName\":\"search_term_string\"}}],\"inLanguage\":\"fr-FR\"},{\"@type\":\"Organization\",\"@id\":\"https:\\\/\\\/gliptoneeurope.com\\\/#organization\",\"name\":\"Gliptone Europe\",\"url\":\"https:\\\/\\\/gliptoneeurope.com\\\/\",\"logo\":{\"@type\":\"ImageObject\",\"inLanguage\":\"fr-FR\",\"@id\":\"https:\\\/\\\/gliptoneeurope.com\\\/#\\\/schema\\\/logo\\\/image\\\/\",\"url\":\"https:\\\/\\\/gliptoneeurope.com\\\/wp-content\\\/uploads\\\/Gliptone_Logo.png\",\"contentUrl\":\"https:\\\/\\\/gliptoneeurope.com\\\/wp-content\\\/uploads\\\/Gliptone_Logo.png\",\"width\":1472,\"height\":607,\"caption\":\"Gliptone Europe\"},\"image\":{\"@id\":\"https:\\\/\\\/gliptoneeurope.com\\\/#\\\/schema\\\/logo\\\/image\\\/\"},\"sameAs\":[\"https:\\\/\\\/www.facebook.com\\\/gliptoneeurope\\\/\",\"https:\\\/\\\/www.instagram.com\\\/gliptoneeurope\\\/\",\"https:\\\/\\\/www.pinterest.co.uk\\\/GliptoneEurope\\\/\"]}]}<\/script>\n<!-- \/ Yoast SEO Premium plugin. -->","yoast_head_json":{"title":"Glipgloss - Cire-Apr\u00e8s-Lavage - Gliptone Europe","description":"Express Wax-After-Wash de Gliptone est vraiment une formulation de pointe pour faire briller et prot\u00e9ger rapidement toutes les surfaces automobiles ext\u00e9rieures.","robots":{"index":"index","follow":"follow","max-snippet":"max-snippet:-1","max-image-preview":"max-image-preview:large","max-video-preview":"max-video-preview:-1"},"canonical":"https:\/\/gliptoneeurope.com\/fr\/produit\/glipgloss-cire-apres-lavage\/","og_locale":"fr_FR","og_type":"article","og_title":"Glipgloss - Cire-Apr\u00e8s-Lavage","og_description":"LIVRAISON GRATUITE SUR TOUTES LES COMMANDES DE PLUS DE 25\u20ac Express Wax-After-Wash de Gliptone est une formulation de pointe combinant des polym\u00e8res","og_url":"https:\/\/gliptoneeurope.com\/fr\/produit\/glipgloss-cire-apres-lavage\/","og_site_name":"Gliptone Europe","article_publisher":"https:\/\/www.facebook.com\/gliptoneeurope\/","og_image":[{"width":1654,"height":1621,"url":"https:\/\/gliptoneeurope.com\/wp-content\/uploads\/wax-after-wash-1.jpg","type":"image\/jpeg"}],"twitter_card":"summary_large_image","twitter_misc":{"Dur\u00e9e de lecture estim\u00e9e":"1 minute"},"schema":{"@context":"https:\/\/schema.org","@graph":[{"@type":"WebPage","@id":"https:\/\/gliptoneeurope.com\/fr\/produit\/glipgloss-cire-apres-lavage\/","url":"https:\/\/gliptoneeurope.com\/fr\/produit\/glipgloss-cire-apres-lavage\/","name":"Glipgloss - Cire-Apr\u00e8s-Lavage - Gliptone Europe","isPartOf":{"@id":"https:\/\/gliptoneeurope.com\/#website"},"primaryImageOfPage":{"@id":"https:\/\/gliptoneeurope.com\/fr\/produit\/glipgloss-cire-apres-lavage\/#primaryimage"},"image":{"@id":"https:\/\/gliptoneeurope.com\/fr\/produit\/glipgloss-cire-apres-lavage\/#primaryimage"},"thumbnailUrl":"https:\/\/gliptoneeurope.com\/wp-content\/uploads\/wax-after-wash-1.jpg","datePublished":"2021-11-30T11:46:11+00:00","description":"Express Wax-After-Wash de Gliptone est vraiment une formulation de pointe pour faire briller et prot\u00e9ger rapidement toutes les surfaces automobiles ext\u00e9rieures.","breadcrumb":{"@id":"https:\/\/gliptoneeurope.com\/fr\/produit\/glipgloss-cire-apres-lavage\/#breadcrumb"},"inLanguage":"fr-FR","potentialAction":[{"@type":"ReadAction","target":["https:\/\/gliptoneeurope.com\/fr\/produit\/glipgloss-cire-apres-lavage\/"]}]},{"@type":"ImageObject","inLanguage":"fr-FR","@id":"https:\/\/gliptoneeurope.com\/fr\/produit\/glipgloss-cire-apres-lavage\/#primaryimage","url":"https:\/\/gliptoneeurope.com\/wp-content\/uploads\/wax-after-wash-1.jpg","contentUrl":"https:\/\/gliptoneeurope.com\/wp-content\/uploads\/wax-after-wash-1.jpg","width":1654,"height":1621},{"@type":"BreadcrumbList","@id":"https:\/\/gliptoneeurope.com\/fr\/produit\/glipgloss-cire-apres-lavage\/#breadcrumb","itemListElement":[{"@type":"ListItem","position":1,"name":"Home","item":"https:\/\/gliptoneeurope.com\/"},{"@type":"ListItem","position":2,"name":"Boutique","item":"https:\/\/gliptoneeurope.com\/fr\/boutique\/"},{"@type":"ListItem","position":3,"name":"Glipgloss &#8211; Cire-Apr\u00e8s-Lavage"}]},{"@type":"WebSite","@id":"https:\/\/gliptoneeurope.com\/#website","url":"https:\/\/gliptoneeurope.com\/","name":"Gliptone Europe","description":"Professional Car Detailing Products","publisher":{"@id":"https:\/\/gliptoneeurope.com\/#organization"},"potentialAction":[{"@type":"SearchAction","target":{"@type":"EntryPoint","urlTemplate":"https:\/\/gliptoneeurope.com\/?s={search_term_string}"},"query-input":{"@type":"PropertyValueSpecification","valueRequired":true,"valueName":"search_term_string"}}],"inLanguage":"fr-FR"},{"@type":"Organization","@id":"https:\/\/gliptoneeurope.com\/#organization","name":"Gliptone Europe","url":"https:\/\/gliptoneeurope.com\/","logo":{"@type":"ImageObject","inLanguage":"fr-FR","@id":"https:\/\/gliptoneeurope.com\/#\/schema\/logo\/image\/","url":"https:\/\/gliptoneeurope.com\/wp-content\/uploads\/Gliptone_Logo.png","contentUrl":"https:\/\/gliptoneeurope.com\/wp-content\/uploads\/Gliptone_Logo.png","width":1472,"height":607,"caption":"Gliptone Europe"},"image":{"@id":"https:\/\/gliptoneeurope.com\/#\/schema\/logo\/image\/"},"sameAs":["https:\/\/www.facebook.com\/gliptoneeurope\/","https:\/\/www.instagram.com\/gliptoneeurope\/","https:\/\/www.pinterest.co.uk\/GliptoneEurope\/"]}]}},"wcpa_form_fields":null,"_links":{"self":[{"href":"https:\/\/gliptoneeurope.com\/fr\/wp-json\/wp\/v2\/product\/12147","targetHints":{"allow":["GET"]}}],"collection":[{"href":"https:\/\/gliptoneeurope.com\/fr\/wp-json\/wp\/v2\/product"}],"about":[{"href":"https:\/\/gliptoneeurope.com\/fr\/wp-json\/wp\/v2\/types\/product"}],"wp:featuredmedia":[{"embeddable":true,"href":"https:\/\/gliptoneeurope.com\/fr\/wp-json\/wp\/v2\/media\/18532"}],"wp:attachment":[{"href":"https:\/\/gliptoneeurope.com\/fr\/wp-json\/wp\/v2\/media?parent=12147"}],"wp:term":[{"taxonomy":"product_brand","embeddable":true,"href":"https:\/\/gliptoneeurope.com\/fr\/wp-json\/wp\/v2\/product_brand?post=12147"},{"taxonomy":"product_cat","embeddable":true,"href":"https:\/\/gliptoneeurope.com\/fr\/wp-json\/wp\/v2\/product_cat?post=12147"},{"taxonomy":"product_tag","embeddable":true,"href":"https:\/\/gliptoneeurope.com\/fr\/wp-json\/wp\/v2\/product_tag?post=12147"}],"curies":[{"name":"wp","href":"https:\/\/api.w.org\/{rel}","templated":true}]}}