{"id":12146,"date":"2020-04-07T23:15:27","date_gmt":"2021-11-30T11:46:09","guid":{"rendered":"https:\/\/gliptoneeurope.com\/product\/gelee-protectrice-pour-pneus-et-garnitures\/"},"modified":"2022-05-06T15:19:52","modified_gmt":"2022-05-06T15:19:52","slug":"protecteur-de-gel-de-pneu","status":"publish","type":"product","link":"https:\/\/gliptoneeurope.com\/fr\/produit\/protecteur-de-gel-de-pneu\/","title":{"rendered":"Gel\u00e9e protectrice pour pneus et garnitures"},"content":{"rendered":"<p>La meilleure protection et brillance de tous les pansements Tire &amp; Trim.<\/p>\n<p>Le gel \u00e9pais et facile \u00e0 appliquer permet un contr\u00f4le maximal pendant l&#8217;application. Ne coulera pas et ne coulera pas. S&#8217;\u00e9tale facilement et reste l\u00e0 o\u00f9 vous le mettez. Conforme aux COV.<\/p>\n<p>Outil d&#8217;application recommand\u00e9&nbsp;: Applicateurs de <a href=\"https:\/\/gliptoneeurope.com\/product\/tyre-shine-applicators-2-pack\/\">mousse pour pneus<\/a> GT9402.<\/p>\n<p>Notre <a href=\"https:\/\/gliptoneeurope.com\/product\/rubber-dressing-1-gall-3-8l\/\">pansement en caoutchouc<\/a> est une excellente alternative pour un usage professionnel, disponible \u00e0 l&#8217;achat dans une bouteille de 3,8 L (1 gallon).<\/p>\n<p>16 onces. 470 ml.<\/p>\n","protected":false},"excerpt":{"rendered":"<p>La meilleure protection et brillance de tous les pansements Tire &amp; Trim. Le gel \u00e9pais et facile \u00e0 appliquer permet un contr\u00f4le maximal pendant l&#8217;application. Ne coulera pas et ne coulera pas. S&#8217;\u00e9tale facilement et reste l\u00e0 o\u00f9 vous le mettez. Conforme aux COV. Outil d&#8217;application recommand\u00e9&nbsp;: Applicateurs de mousse pour pneus GT9402. Notre pansement [&hellip;]<\/p>\n","protected":false},"featured_media":10278,"template":"","meta":[],"product_brand":[],"product_cat":[152,105],"product_tag":[],"class_list":{"0":"post-12146","1":"product","2":"type-product","3":"status-publish","4":"has-post-thumbnail","6":"product_cat-pansements-exterieurs","7":"product_cat-roues","9":"first","10":"instock","11":"taxable","12":"shipping-taxable","13":"purchasable","14":"product-type-simple"},"yoast_head":"<!-- This site is optimized with the Yoast SEO Premium plugin v21.4 (Yoast SEO v27.5) - https:\/\/yoast.com\/product\/yoast-seo-premium-wordpress\/ -->\n<title>Gel\u00e9e protectrice pour pneus et garnitures - Gliptone Europe<\/title>\n<meta name=\"description\" content=\"La meilleure protection et brillance de tous les pansements Tire &amp; Trim. Le gel \u00e9pais et facile \u00e0 appliquer permet un contr\u00f4le maximal pendant l&#039;application.\" \/>\n<meta name=\"robots\" content=\"index, follow, max-snippet:-1, max-image-preview:large, max-video-preview:-1\" \/>\n<link rel=\"canonical\" href=\"https:\/\/gliptoneeurope.com\/fr\/produit\/protecteur-de-gel-de-pneu\/\" \/>\n<meta property=\"og:locale\" content=\"fr_FR\" \/>\n<meta property=\"og:type\" content=\"article\" \/>\n<meta property=\"og:title\" content=\"Gel\u00e9e protectrice pour pneus et garnitures\" \/>\n<meta property=\"og:description\" content=\"La meilleure protection et brillance de tous les pansements Tire &amp; Trim. Le gel \u00e9pais et facile \u00e0 appliquer permet un contr\u00f4le maximal pendant\" \/>\n<meta property=\"og:url\" content=\"https:\/\/gliptoneeurope.com\/fr\/produit\/protecteur-de-gel-de-pneu\/\" \/>\n<meta property=\"og:site_name\" content=\"Gliptone Europe\" \/>\n<meta property=\"article:publisher\" content=\"https:\/\/www.facebook.com\/gliptoneeurope\/\" \/>\n<meta property=\"article:modified_time\" content=\"2022-05-06T15:19:52+00:00\" \/>\n<meta property=\"og:image\" content=\"https:\/\/gliptoneeurope.com\/wp-content\/uploads\/Tire-Trim-Jelly.jpg\" \/>\n\t<meta property=\"og:image:width\" content=\"1772\" \/>\n\t<meta property=\"og:image:height\" content=\"1772\" \/>\n\t<meta property=\"og:image:type\" content=\"image\/jpeg\" \/>\n<meta name=\"twitter:card\" content=\"summary_large_image\" \/>\n<script type=\"application\/ld+json\" class=\"yoast-schema-graph\">{\"@context\":\"https:\\\/\\\/schema.org\",\"@graph\":[{\"@type\":\"WebPage\",\"@id\":\"https:\\\/\\\/gliptoneeurope.com\\\/fr\\\/produit\\\/protecteur-de-gel-de-pneu\\\/\",\"url\":\"https:\\\/\\\/gliptoneeurope.com\\\/fr\\\/produit\\\/protecteur-de-gel-de-pneu\\\/\",\"name\":\"Gel\u00e9e protectrice pour pneus et garnitures - Gliptone Europe\",\"isPartOf\":{\"@id\":\"https:\\\/\\\/gliptoneeurope.com\\\/#website\"},\"primaryImageOfPage\":{\"@id\":\"https:\\\/\\\/gliptoneeurope.com\\\/fr\\\/produit\\\/protecteur-de-gel-de-pneu\\\/#primaryimage\"},\"image\":{\"@id\":\"https:\\\/\\\/gliptoneeurope.com\\\/fr\\\/produit\\\/protecteur-de-gel-de-pneu\\\/#primaryimage\"},\"thumbnailUrl\":\"https:\\\/\\\/gliptoneeurope.com\\\/wp-content\\\/uploads\\\/Tire-Trim-Jelly.jpg\",\"datePublished\":\"2021-11-30T11:46:09+00:00\",\"dateModified\":\"2022-05-06T15:19:52+00:00\",\"description\":\"La meilleure protection et brillance de tous les pansements Tire & Trim. Le gel \u00e9pais et facile \u00e0 appliquer permet un contr\u00f4le maximal pendant l'application.\",\"breadcrumb\":{\"@id\":\"https:\\\/\\\/gliptoneeurope.com\\\/fr\\\/produit\\\/protecteur-de-gel-de-pneu\\\/#breadcrumb\"},\"inLanguage\":\"fr-FR\",\"potentialAction\":[{\"@type\":\"ReadAction\",\"target\":[\"https:\\\/\\\/gliptoneeurope.com\\\/fr\\\/produit\\\/protecteur-de-gel-de-pneu\\\/\"]}]},{\"@type\":\"ImageObject\",\"inLanguage\":\"fr-FR\",\"@id\":\"https:\\\/\\\/gliptoneeurope.com\\\/fr\\\/produit\\\/protecteur-de-gel-de-pneu\\\/#primaryimage\",\"url\":\"https:\\\/\\\/gliptoneeurope.com\\\/wp-content\\\/uploads\\\/Tire-Trim-Jelly.jpg\",\"contentUrl\":\"https:\\\/\\\/gliptoneeurope.com\\\/wp-content\\\/uploads\\\/Tire-Trim-Jelly.jpg\",\"width\":1772,\"height\":1772,\"caption\":\"Gel\u00e9e pour pneus et garnitures\"},{\"@type\":\"BreadcrumbList\",\"@id\":\"https:\\\/\\\/gliptoneeurope.com\\\/fr\\\/produit\\\/protecteur-de-gel-de-pneu\\\/#breadcrumb\",\"itemListElement\":[{\"@type\":\"ListItem\",\"position\":1,\"name\":\"Home\",\"item\":\"https:\\\/\\\/gliptoneeurope.com\\\/\"},{\"@type\":\"ListItem\",\"position\":2,\"name\":\"Boutique\",\"item\":\"https:\\\/\\\/gliptoneeurope.com\\\/fr\\\/boutique\\\/\"},{\"@type\":\"ListItem\",\"position\":3,\"name\":\"Gel\u00e9e protectrice pour pneus et garnitures\"}]},{\"@type\":\"WebSite\",\"@id\":\"https:\\\/\\\/gliptoneeurope.com\\\/#website\",\"url\":\"https:\\\/\\\/gliptoneeurope.com\\\/\",\"name\":\"Gliptone Europe\",\"description\":\"Professional Car Detailing Products\",\"publisher\":{\"@id\":\"https:\\\/\\\/gliptoneeurope.com\\\/#organization\"},\"potentialAction\":[{\"@type\":\"SearchAction\",\"target\":{\"@type\":\"EntryPoint\",\"urlTemplate\":\"https:\\\/\\\/gliptoneeurope.com\\\/?s={search_term_string}\"},\"query-input\":{\"@type\":\"PropertyValueSpecification\",\"valueRequired\":true,\"valueName\":\"search_term_string\"}}],\"inLanguage\":\"fr-FR\"},{\"@type\":\"Organization\",\"@id\":\"https:\\\/\\\/gliptoneeurope.com\\\/#organization\",\"name\":\"Gliptone Europe\",\"url\":\"https:\\\/\\\/gliptoneeurope.com\\\/\",\"logo\":{\"@type\":\"ImageObject\",\"inLanguage\":\"fr-FR\",\"@id\":\"https:\\\/\\\/gliptoneeurope.com\\\/#\\\/schema\\\/logo\\\/image\\\/\",\"url\":\"https:\\\/\\\/gliptoneeurope.com\\\/wp-content\\\/uploads\\\/Gliptone_Logo.png\",\"contentUrl\":\"https:\\\/\\\/gliptoneeurope.com\\\/wp-content\\\/uploads\\\/Gliptone_Logo.png\",\"width\":1472,\"height\":607,\"caption\":\"Gliptone Europe\"},\"image\":{\"@id\":\"https:\\\/\\\/gliptoneeurope.com\\\/#\\\/schema\\\/logo\\\/image\\\/\"},\"sameAs\":[\"https:\\\/\\\/www.facebook.com\\\/gliptoneeurope\\\/\",\"https:\\\/\\\/www.instagram.com\\\/gliptoneeurope\\\/\",\"https:\\\/\\\/www.pinterest.co.uk\\\/GliptoneEurope\\\/\"]}]}<\/script>\n<!-- \/ Yoast SEO Premium plugin. -->","yoast_head_json":{"title":"Gel\u00e9e protectrice pour pneus et garnitures - Gliptone Europe","description":"La meilleure protection et brillance de tous les pansements Tire & Trim. Le gel \u00e9pais et facile \u00e0 appliquer permet un contr\u00f4le maximal pendant l'application.","robots":{"index":"index","follow":"follow","max-snippet":"max-snippet:-1","max-image-preview":"max-image-preview:large","max-video-preview":"max-video-preview:-1"},"canonical":"https:\/\/gliptoneeurope.com\/fr\/produit\/protecteur-de-gel-de-pneu\/","og_locale":"fr_FR","og_type":"article","og_title":"Gel\u00e9e protectrice pour pneus et garnitures","og_description":"La meilleure protection et brillance de tous les pansements Tire &amp; Trim. Le gel \u00e9pais et facile \u00e0 appliquer permet un contr\u00f4le maximal pendant","og_url":"https:\/\/gliptoneeurope.com\/fr\/produit\/protecteur-de-gel-de-pneu\/","og_site_name":"Gliptone Europe","article_publisher":"https:\/\/www.facebook.com\/gliptoneeurope\/","article_modified_time":"2022-05-06T15:19:52+00:00","og_image":[{"width":1772,"height":1772,"url":"https:\/\/gliptoneeurope.com\/wp-content\/uploads\/Tire-Trim-Jelly.jpg","type":"image\/jpeg"}],"twitter_card":"summary_large_image","schema":{"@context":"https:\/\/schema.org","@graph":[{"@type":"WebPage","@id":"https:\/\/gliptoneeurope.com\/fr\/produit\/protecteur-de-gel-de-pneu\/","url":"https:\/\/gliptoneeurope.com\/fr\/produit\/protecteur-de-gel-de-pneu\/","name":"Gel\u00e9e protectrice pour pneus et garnitures - Gliptone Europe","isPartOf":{"@id":"https:\/\/gliptoneeurope.com\/#website"},"primaryImageOfPage":{"@id":"https:\/\/gliptoneeurope.com\/fr\/produit\/protecteur-de-gel-de-pneu\/#primaryimage"},"image":{"@id":"https:\/\/gliptoneeurope.com\/fr\/produit\/protecteur-de-gel-de-pneu\/#primaryimage"},"thumbnailUrl":"https:\/\/gliptoneeurope.com\/wp-content\/uploads\/Tire-Trim-Jelly.jpg","datePublished":"2021-11-30T11:46:09+00:00","dateModified":"2022-05-06T15:19:52+00:00","description":"La meilleure protection et brillance de tous les pansements Tire & Trim. Le gel \u00e9pais et facile \u00e0 appliquer permet un contr\u00f4le maximal pendant l'application.","breadcrumb":{"@id":"https:\/\/gliptoneeurope.com\/fr\/produit\/protecteur-de-gel-de-pneu\/#breadcrumb"},"inLanguage":"fr-FR","potentialAction":[{"@type":"ReadAction","target":["https:\/\/gliptoneeurope.com\/fr\/produit\/protecteur-de-gel-de-pneu\/"]}]},{"@type":"ImageObject","inLanguage":"fr-FR","@id":"https:\/\/gliptoneeurope.com\/fr\/produit\/protecteur-de-gel-de-pneu\/#primaryimage","url":"https:\/\/gliptoneeurope.com\/wp-content\/uploads\/Tire-Trim-Jelly.jpg","contentUrl":"https:\/\/gliptoneeurope.com\/wp-content\/uploads\/Tire-Trim-Jelly.jpg","width":1772,"height":1772,"caption":"Gel\u00e9e pour pneus et garnitures"},{"@type":"BreadcrumbList","@id":"https:\/\/gliptoneeurope.com\/fr\/produit\/protecteur-de-gel-de-pneu\/#breadcrumb","itemListElement":[{"@type":"ListItem","position":1,"name":"Home","item":"https:\/\/gliptoneeurope.com\/"},{"@type":"ListItem","position":2,"name":"Boutique","item":"https:\/\/gliptoneeurope.com\/fr\/boutique\/"},{"@type":"ListItem","position":3,"name":"Gel\u00e9e protectrice pour pneus et garnitures"}]},{"@type":"WebSite","@id":"https:\/\/gliptoneeurope.com\/#website","url":"https:\/\/gliptoneeurope.com\/","name":"Gliptone Europe","description":"Professional Car Detailing Products","publisher":{"@id":"https:\/\/gliptoneeurope.com\/#organization"},"potentialAction":[{"@type":"SearchAction","target":{"@type":"EntryPoint","urlTemplate":"https:\/\/gliptoneeurope.com\/?s={search_term_string}"},"query-input":{"@type":"PropertyValueSpecification","valueRequired":true,"valueName":"search_term_string"}}],"inLanguage":"fr-FR"},{"@type":"Organization","@id":"https:\/\/gliptoneeurope.com\/#organization","name":"Gliptone Europe","url":"https:\/\/gliptoneeurope.com\/","logo":{"@type":"ImageObject","inLanguage":"fr-FR","@id":"https:\/\/gliptoneeurope.com\/#\/schema\/logo\/image\/","url":"https:\/\/gliptoneeurope.com\/wp-content\/uploads\/Gliptone_Logo.png","contentUrl":"https:\/\/gliptoneeurope.com\/wp-content\/uploads\/Gliptone_Logo.png","width":1472,"height":607,"caption":"Gliptone Europe"},"image":{"@id":"https:\/\/gliptoneeurope.com\/#\/schema\/logo\/image\/"},"sameAs":["https:\/\/www.facebook.com\/gliptoneeurope\/","https:\/\/www.instagram.com\/gliptoneeurope\/","https:\/\/www.pinterest.co.uk\/GliptoneEurope\/"]}]}},"wcpa_form_fields":null,"_links":{"self":[{"href":"https:\/\/gliptoneeurope.com\/fr\/wp-json\/wp\/v2\/product\/12146","targetHints":{"allow":["GET"]}}],"collection":[{"href":"https:\/\/gliptoneeurope.com\/fr\/wp-json\/wp\/v2\/product"}],"about":[{"href":"https:\/\/gliptoneeurope.com\/fr\/wp-json\/wp\/v2\/types\/product"}],"wp:featuredmedia":[{"embeddable":true,"href":"https:\/\/gliptoneeurope.com\/fr\/wp-json\/wp\/v2\/media\/10278"}],"wp:attachment":[{"href":"https:\/\/gliptoneeurope.com\/fr\/wp-json\/wp\/v2\/media?parent=12146"}],"wp:term":[{"taxonomy":"product_brand","embeddable":true,"href":"https:\/\/gliptoneeurope.com\/fr\/wp-json\/wp\/v2\/product_brand?post=12146"},{"taxonomy":"product_cat","embeddable":true,"href":"https:\/\/gliptoneeurope.com\/fr\/wp-json\/wp\/v2\/product_cat?post=12146"},{"taxonomy":"product_tag","embeddable":true,"href":"https:\/\/gliptoneeurope.com\/fr\/wp-json\/wp\/v2\/product_tag?post=12146"}],"curies":[{"name":"wp","href":"https:\/\/api.w.org\/{rel}","templated":true}]}}