{"id":12118,"date":"2020-04-07T23:17:58","date_gmt":"2021-11-30T11:45:57","guid":{"rendered":"https:\/\/gliptoneeurope.com\/product\/brillant-a-pneus-professionnel-true-blue\/"},"modified":"2022-08-04T00:40:18","modified_gmt":"2022-08-04T00:40:18","slug":"veritable-bleu-professionnel-brillance-pneu","status":"publish","type":"product","link":"https:\/\/gliptoneeurope.com\/fr\/produit\/veritable-bleu-professionnel-brillance-pneu\/","title":{"rendered":"Brillant \u00e0 pneus professionnel True Blue"},"content":{"rendered":"<p>Habillage ext\u00e9rieur de qualit\u00e9 professionnelle pour pneus, moulures, pare-chocs et garnitures en vinyle. Brillance et durabilit\u00e9 de qualit\u00e9 professionnelle. P\u00e9n\u00e8tre la surface pour produire une brillance durable et hydrofuge. Sur les pneus, appliquez avec un pinceau doux pour une couverture et un effet maximum. Les billes arrosent vos pneus comme s&#8217;ils \u00e9taient cir\u00e9s. Conforme aux COV.<\/p>\n<p>Ce produit se trouve dans notre <a href=\"https:\/\/gliptoneeurope.com\/product\/wheel-wash-protect-kit\/\">kit de lavage et de protection des roues<\/a> qui contient tout ce dont vous aurez besoin pour nettoyer vos pneus et jantes en toute s\u00e9curit\u00e9, tout en les prot\u00e9geant de l&#8217;accumulation de poussi\u00e8re de frein, de salet\u00e9 de la route et de rouille de surface.<\/p>\n<p>22oz. 650 ml.<\/p>\n<hr>\n<div class='avia-iframe-wrap'><iframe loading=\"lazy\" title=\"Gliptone Autocare uk - 1969 Dodge Charger R\/T GeneralLee Detail\" width=\"1333\" height=\"1000\" src=\"https:\/\/www.youtube.com\/embed\/p5WQBUfVoPg?feature=oembed\" frameborder=\"0\" allow=\"accelerometer; autoplay; clipboard-write; encrypted-media; gyroscope; picture-in-picture\" allowfullscreen><\/iframe><\/div>\n","protected":false},"excerpt":{"rendered":"<p>Habillage ext\u00e9rieur de qualit\u00e9 professionnelle pour pneus, moulures, pare-chocs et garnitures en vinyle. Brillance et durabilit\u00e9 de qualit\u00e9 professionnelle. P\u00e9n\u00e8tre la surface pour produire une brillance durable et hydrofuge. Sur les pneus, appliquez avec un pinceau doux pour une couverture et un effet maximum. Les billes arrosent vos pneus comme s&#8217;ils \u00e9taient cir\u00e9s. Conforme aux [&hellip;]<\/p>\n","protected":false},"featured_media":18541,"template":"","meta":[],"product_brand":[],"product_cat":[152,105],"product_tag":[],"class_list":{"0":"post-12118","1":"product","2":"type-product","3":"status-publish","4":"has-post-thumbnail","6":"product_cat-pansements-exterieurs","7":"product_cat-roues","9":"first","10":"instock","11":"featured","12":"taxable","13":"shipping-taxable","14":"purchasable","15":"product-type-variable"},"yoast_head":"<!-- This site is optimized with the Yoast SEO Premium plugin v21.4 (Yoast SEO v27.5) - https:\/\/yoast.com\/product\/yoast-seo-premium-wordpress\/ -->\n<title>Brillant \u00e0 pneus professionnel True Blue - Gliptone Europe<\/title>\n<meta name=\"description\" content=\"Habillage ext\u00e9rieur de qualit\u00e9 professionnelle pour pneus, moulures, pare-chocs et garnitures en vinyle. Brillance et durabilit\u00e9 de qualit\u00e9 professionnelle.\" \/>\n<meta name=\"robots\" content=\"index, follow, max-snippet:-1, max-image-preview:large, max-video-preview:-1\" \/>\n<link rel=\"canonical\" href=\"https:\/\/gliptoneeurope.com\/fr\/produit\/veritable-bleu-professionnel-brillance-pneu\/\" \/>\n<meta property=\"og:locale\" content=\"fr_FR\" \/>\n<meta property=\"og:type\" content=\"article\" \/>\n<meta property=\"og:title\" content=\"Brillant \u00e0 pneus professionnel True Blue\" \/>\n<meta property=\"og:description\" content=\"Habillage ext\u00e9rieur de qualit\u00e9 professionnelle pour pneus, moulures, pare-chocs et garnitures en vinyle. Brillance et durabilit\u00e9 de qualit\u00e9\" \/>\n<meta property=\"og:url\" content=\"https:\/\/gliptoneeurope.com\/fr\/produit\/veritable-bleu-professionnel-brillance-pneu\/\" \/>\n<meta property=\"og:site_name\" content=\"Gliptone Europe\" \/>\n<meta property=\"article:publisher\" content=\"https:\/\/www.facebook.com\/gliptoneeurope\/\" \/>\n<meta property=\"article:modified_time\" content=\"2022-08-04T00:40:18+00:00\" \/>\n<meta property=\"og:image\" content=\"https:\/\/gliptoneeurope.com\/wp-content\/uploads\/True-Blue.jpg\" \/>\n\t<meta property=\"og:image:width\" content=\"1654\" \/>\n\t<meta property=\"og:image:height\" content=\"1621\" \/>\n\t<meta property=\"og:image:type\" content=\"image\/jpeg\" \/>\n<meta name=\"twitter:card\" content=\"summary_large_image\" \/>\n<meta name=\"twitter:label1\" content=\"Dur\u00e9e de lecture estim\u00e9e\" \/>\n\t<meta name=\"twitter:data1\" content=\"1 minute\" \/>\n<script type=\"application\/ld+json\" class=\"yoast-schema-graph\">{\"@context\":\"https:\\\/\\\/schema.org\",\"@graph\":[{\"@type\":\"WebPage\",\"@id\":\"https:\\\/\\\/gliptoneeurope.com\\\/fr\\\/produit\\\/veritable-bleu-professionnel-brillance-pneu\\\/\",\"url\":\"https:\\\/\\\/gliptoneeurope.com\\\/fr\\\/produit\\\/veritable-bleu-professionnel-brillance-pneu\\\/\",\"name\":\"Brillant \u00e0 pneus professionnel True Blue - Gliptone Europe\",\"isPartOf\":{\"@id\":\"https:\\\/\\\/gliptoneeurope.com\\\/#website\"},\"primaryImageOfPage\":{\"@id\":\"https:\\\/\\\/gliptoneeurope.com\\\/fr\\\/produit\\\/veritable-bleu-professionnel-brillance-pneu\\\/#primaryimage\"},\"image\":{\"@id\":\"https:\\\/\\\/gliptoneeurope.com\\\/fr\\\/produit\\\/veritable-bleu-professionnel-brillance-pneu\\\/#primaryimage\"},\"thumbnailUrl\":\"https:\\\/\\\/gliptoneeurope.com\\\/wp-content\\\/uploads\\\/True-Blue.jpg\",\"datePublished\":\"2021-11-30T11:45:57+00:00\",\"dateModified\":\"2022-08-04T00:40:18+00:00\",\"description\":\"Habillage ext\u00e9rieur de qualit\u00e9 professionnelle pour pneus, moulures, pare-chocs et garnitures en vinyle. Brillance et durabilit\u00e9 de qualit\u00e9 professionnelle.\",\"breadcrumb\":{\"@id\":\"https:\\\/\\\/gliptoneeurope.com\\\/fr\\\/produit\\\/veritable-bleu-professionnel-brillance-pneu\\\/#breadcrumb\"},\"inLanguage\":\"fr-FR\",\"potentialAction\":[{\"@type\":\"ReadAction\",\"target\":[\"https:\\\/\\\/gliptoneeurope.com\\\/fr\\\/produit\\\/veritable-bleu-professionnel-brillance-pneu\\\/\"]}]},{\"@type\":\"ImageObject\",\"inLanguage\":\"fr-FR\",\"@id\":\"https:\\\/\\\/gliptoneeurope.com\\\/fr\\\/produit\\\/veritable-bleu-professionnel-brillance-pneu\\\/#primaryimage\",\"url\":\"https:\\\/\\\/gliptoneeurope.com\\\/wp-content\\\/uploads\\\/True-Blue.jpg\",\"contentUrl\":\"https:\\\/\\\/gliptoneeurope.com\\\/wp-content\\\/uploads\\\/True-Blue.jpg\",\"width\":1654,\"height\":1621},{\"@type\":\"BreadcrumbList\",\"@id\":\"https:\\\/\\\/gliptoneeurope.com\\\/fr\\\/produit\\\/veritable-bleu-professionnel-brillance-pneu\\\/#breadcrumb\",\"itemListElement\":[{\"@type\":\"ListItem\",\"position\":1,\"name\":\"Home\",\"item\":\"https:\\\/\\\/gliptoneeurope.com\\\/\"},{\"@type\":\"ListItem\",\"position\":2,\"name\":\"Boutique\",\"item\":\"https:\\\/\\\/gliptoneeurope.com\\\/fr\\\/boutique\\\/\"},{\"@type\":\"ListItem\",\"position\":3,\"name\":\"Brillant \u00e0 pneus professionnel True Blue\"}]},{\"@type\":\"WebSite\",\"@id\":\"https:\\\/\\\/gliptoneeurope.com\\\/#website\",\"url\":\"https:\\\/\\\/gliptoneeurope.com\\\/\",\"name\":\"Gliptone Europe\",\"description\":\"Professional Car Detailing Products\",\"publisher\":{\"@id\":\"https:\\\/\\\/gliptoneeurope.com\\\/#organization\"},\"potentialAction\":[{\"@type\":\"SearchAction\",\"target\":{\"@type\":\"EntryPoint\",\"urlTemplate\":\"https:\\\/\\\/gliptoneeurope.com\\\/?s={search_term_string}\"},\"query-input\":{\"@type\":\"PropertyValueSpecification\",\"valueRequired\":true,\"valueName\":\"search_term_string\"}}],\"inLanguage\":\"fr-FR\"},{\"@type\":\"Organization\",\"@id\":\"https:\\\/\\\/gliptoneeurope.com\\\/#organization\",\"name\":\"Gliptone Europe\",\"url\":\"https:\\\/\\\/gliptoneeurope.com\\\/\",\"logo\":{\"@type\":\"ImageObject\",\"inLanguage\":\"fr-FR\",\"@id\":\"https:\\\/\\\/gliptoneeurope.com\\\/#\\\/schema\\\/logo\\\/image\\\/\",\"url\":\"https:\\\/\\\/gliptoneeurope.com\\\/wp-content\\\/uploads\\\/Gliptone_Logo.png\",\"contentUrl\":\"https:\\\/\\\/gliptoneeurope.com\\\/wp-content\\\/uploads\\\/Gliptone_Logo.png\",\"width\":1472,\"height\":607,\"caption\":\"Gliptone Europe\"},\"image\":{\"@id\":\"https:\\\/\\\/gliptoneeurope.com\\\/#\\\/schema\\\/logo\\\/image\\\/\"},\"sameAs\":[\"https:\\\/\\\/www.facebook.com\\\/gliptoneeurope\\\/\",\"https:\\\/\\\/www.instagram.com\\\/gliptoneeurope\\\/\",\"https:\\\/\\\/www.pinterest.co.uk\\\/GliptoneEurope\\\/\"]}]}<\/script>\n<!-- \/ Yoast SEO Premium plugin. -->","yoast_head_json":{"title":"Brillant \u00e0 pneus professionnel True Blue - Gliptone Europe","description":"Habillage ext\u00e9rieur de qualit\u00e9 professionnelle pour pneus, moulures, pare-chocs et garnitures en vinyle. Brillance et durabilit\u00e9 de qualit\u00e9 professionnelle.","robots":{"index":"index","follow":"follow","max-snippet":"max-snippet:-1","max-image-preview":"max-image-preview:large","max-video-preview":"max-video-preview:-1"},"canonical":"https:\/\/gliptoneeurope.com\/fr\/produit\/veritable-bleu-professionnel-brillance-pneu\/","og_locale":"fr_FR","og_type":"article","og_title":"Brillant \u00e0 pneus professionnel True Blue","og_description":"Habillage ext\u00e9rieur de qualit\u00e9 professionnelle pour pneus, moulures, pare-chocs et garnitures en vinyle. Brillance et durabilit\u00e9 de qualit\u00e9","og_url":"https:\/\/gliptoneeurope.com\/fr\/produit\/veritable-bleu-professionnel-brillance-pneu\/","og_site_name":"Gliptone Europe","article_publisher":"https:\/\/www.facebook.com\/gliptoneeurope\/","article_modified_time":"2022-08-04T00:40:18+00:00","og_image":[{"width":1654,"height":1621,"url":"https:\/\/gliptoneeurope.com\/wp-content\/uploads\/True-Blue.jpg","type":"image\/jpeg"}],"twitter_card":"summary_large_image","twitter_misc":{"Dur\u00e9e de lecture estim\u00e9e":"1 minute"},"schema":{"@context":"https:\/\/schema.org","@graph":[{"@type":"WebPage","@id":"https:\/\/gliptoneeurope.com\/fr\/produit\/veritable-bleu-professionnel-brillance-pneu\/","url":"https:\/\/gliptoneeurope.com\/fr\/produit\/veritable-bleu-professionnel-brillance-pneu\/","name":"Brillant \u00e0 pneus professionnel True Blue - Gliptone Europe","isPartOf":{"@id":"https:\/\/gliptoneeurope.com\/#website"},"primaryImageOfPage":{"@id":"https:\/\/gliptoneeurope.com\/fr\/produit\/veritable-bleu-professionnel-brillance-pneu\/#primaryimage"},"image":{"@id":"https:\/\/gliptoneeurope.com\/fr\/produit\/veritable-bleu-professionnel-brillance-pneu\/#primaryimage"},"thumbnailUrl":"https:\/\/gliptoneeurope.com\/wp-content\/uploads\/True-Blue.jpg","datePublished":"2021-11-30T11:45:57+00:00","dateModified":"2022-08-04T00:40:18+00:00","description":"Habillage ext\u00e9rieur de qualit\u00e9 professionnelle pour pneus, moulures, pare-chocs et garnitures en vinyle. Brillance et durabilit\u00e9 de qualit\u00e9 professionnelle.","breadcrumb":{"@id":"https:\/\/gliptoneeurope.com\/fr\/produit\/veritable-bleu-professionnel-brillance-pneu\/#breadcrumb"},"inLanguage":"fr-FR","potentialAction":[{"@type":"ReadAction","target":["https:\/\/gliptoneeurope.com\/fr\/produit\/veritable-bleu-professionnel-brillance-pneu\/"]}]},{"@type":"ImageObject","inLanguage":"fr-FR","@id":"https:\/\/gliptoneeurope.com\/fr\/produit\/veritable-bleu-professionnel-brillance-pneu\/#primaryimage","url":"https:\/\/gliptoneeurope.com\/wp-content\/uploads\/True-Blue.jpg","contentUrl":"https:\/\/gliptoneeurope.com\/wp-content\/uploads\/True-Blue.jpg","width":1654,"height":1621},{"@type":"BreadcrumbList","@id":"https:\/\/gliptoneeurope.com\/fr\/produit\/veritable-bleu-professionnel-brillance-pneu\/#breadcrumb","itemListElement":[{"@type":"ListItem","position":1,"name":"Home","item":"https:\/\/gliptoneeurope.com\/"},{"@type":"ListItem","position":2,"name":"Boutique","item":"https:\/\/gliptoneeurope.com\/fr\/boutique\/"},{"@type":"ListItem","position":3,"name":"Brillant \u00e0 pneus professionnel True Blue"}]},{"@type":"WebSite","@id":"https:\/\/gliptoneeurope.com\/#website","url":"https:\/\/gliptoneeurope.com\/","name":"Gliptone Europe","description":"Professional Car Detailing Products","publisher":{"@id":"https:\/\/gliptoneeurope.com\/#organization"},"potentialAction":[{"@type":"SearchAction","target":{"@type":"EntryPoint","urlTemplate":"https:\/\/gliptoneeurope.com\/?s={search_term_string}"},"query-input":{"@type":"PropertyValueSpecification","valueRequired":true,"valueName":"search_term_string"}}],"inLanguage":"fr-FR"},{"@type":"Organization","@id":"https:\/\/gliptoneeurope.com\/#organization","name":"Gliptone Europe","url":"https:\/\/gliptoneeurope.com\/","logo":{"@type":"ImageObject","inLanguage":"fr-FR","@id":"https:\/\/gliptoneeurope.com\/#\/schema\/logo\/image\/","url":"https:\/\/gliptoneeurope.com\/wp-content\/uploads\/Gliptone_Logo.png","contentUrl":"https:\/\/gliptoneeurope.com\/wp-content\/uploads\/Gliptone_Logo.png","width":1472,"height":607,"caption":"Gliptone Europe"},"image":{"@id":"https:\/\/gliptoneeurope.com\/#\/schema\/logo\/image\/"},"sameAs":["https:\/\/www.facebook.com\/gliptoneeurope\/","https:\/\/www.instagram.com\/gliptoneeurope\/","https:\/\/www.pinterest.co.uk\/GliptoneEurope\/"]}]}},"wcpa_form_fields":null,"_links":{"self":[{"href":"https:\/\/gliptoneeurope.com\/fr\/wp-json\/wp\/v2\/product\/12118","targetHints":{"allow":["GET"]}}],"collection":[{"href":"https:\/\/gliptoneeurope.com\/fr\/wp-json\/wp\/v2\/product"}],"about":[{"href":"https:\/\/gliptoneeurope.com\/fr\/wp-json\/wp\/v2\/types\/product"}],"wp:featuredmedia":[{"embeddable":true,"href":"https:\/\/gliptoneeurope.com\/fr\/wp-json\/wp\/v2\/media\/18541"}],"wp:attachment":[{"href":"https:\/\/gliptoneeurope.com\/fr\/wp-json\/wp\/v2\/media?parent=12118"}],"wp:term":[{"taxonomy":"product_brand","embeddable":true,"href":"https:\/\/gliptoneeurope.com\/fr\/wp-json\/wp\/v2\/product_brand?post=12118"},{"taxonomy":"product_cat","embeddable":true,"href":"https:\/\/gliptoneeurope.com\/fr\/wp-json\/wp\/v2\/product_cat?post=12118"},{"taxonomy":"product_tag","embeddable":true,"href":"https:\/\/gliptoneeurope.com\/fr\/wp-json\/wp\/v2\/product_tag?post=12118"}],"curies":[{"name":"wp","href":"https:\/\/api.w.org\/{rel}","templated":true}]}}