{"id":12115,"date":"2020-04-08T09:16:57","date_gmt":"2021-11-30T11:45:56","guid":{"rendered":"https:\/\/gliptoneeurope.com\/product\/revetement-en-nano-ceramique-gt-quartz-select\/"},"modified":"2021-11-30T11:45:56","modified_gmt":"2021-11-30T11:45:56","slug":"revetement-nano-ceramique-gt-quartz-select","status":"publish","type":"product","link":"https:\/\/gliptoneeurope.com\/fr\/produit\/revetement-nano-ceramique-gt-quartz-select\/","title":{"rendered":"Rev\u00eatement en nano-c\u00e9ramique GT Quartz Select"},"content":{"rendered":"<p>Le Rev\u00eatement Nano-C\u00e9ramique pour peinture qui offre une protection ext\u00e9rieure pendant trois ans. GT Quartz Select s&#8217;av\u00e8re r\u00e9sistant aux sels de voirie et offre une protection contre la salet\u00e9, le goudron, les insectes et les fientes d&#8217;oiseaux. Ce rev\u00eatement est garanti 3 ans s&#8217;il est appliqu\u00e9 par un applicateur agr\u00e9\u00e9 Gliptone. Bien que ce produit puisse \u00eatre appliqu\u00e9 par un non-professionnel, nous vous recommandons de nous contacter pour des conseils sp\u00e9cifiques avant l&#8217;application.<\/p>\n<p>50 ml.<\/p>\n<hr>\n<div class='avia-iframe-wrap'><iframe loading=\"lazy\" title=\"GLIPTONE GT Quartz Video\" width=\"1500\" height=\"844\" src=\"https:\/\/www.youtube.com\/embed\/2VV7ctvXl4U?feature=oembed\" frameborder=\"0\" allow=\"accelerometer; autoplay; clipboard-write; encrypted-media; gyroscope; picture-in-picture\" allowfullscreen><\/iframe><\/div>\n<hr>\n<div class='avia-iframe-wrap'><iframe loading=\"lazy\" title=\"Gliptone Autocare uk - 1969 Dodge Charger R\/T GeneralLee Detail\" width=\"1333\" height=\"1000\" src=\"https:\/\/www.youtube.com\/embed\/p5WQBUfVoPg?feature=oembed\" frameborder=\"0\" allow=\"accelerometer; autoplay; clipboard-write; encrypted-media; gyroscope; picture-in-picture\" allowfullscreen><\/iframe><\/div>\n","protected":false},"excerpt":{"rendered":"<p>Le Rev\u00eatement Nano-C\u00e9ramique pour peinture qui offre une protection ext\u00e9rieure pendant trois ans. GT Quartz Select s&#8217;av\u00e8re r\u00e9sistant aux sels de voirie et offre une protection contre la salet\u00e9, le goudron, les insectes et les fientes d&#8217;oiseaux. Ce rev\u00eatement est garanti 3 ans s&#8217;il est appliqu\u00e9 par un applicateur agr\u00e9\u00e9 Gliptone. Bien que ce produit [&hellip;]<\/p>\n","protected":false},"featured_media":10288,"template":"","meta":[],"product_brand":[],"product_cat":[160],"product_tag":[],"class_list":{"0":"post-12115","1":"product","2":"type-product","3":"status-publish","4":"has-post-thumbnail","6":"product_cat-revetements-en-ceramique","8":"first","9":"instock","10":"taxable","11":"shipping-taxable","12":"purchasable","13":"product-type-simple"},"yoast_head":"<!-- This site is optimized with the Yoast SEO Premium plugin v21.4 (Yoast SEO v27.4) - https:\/\/yoast.com\/product\/yoast-seo-premium-wordpress\/ -->\n<title>Rev\u00eatement en nano-c\u00e9ramique GT Quartz Select - Gliptone Europe<\/title>\n<meta name=\"description\" content=\"Le Rev\u00eatement Nano-C\u00e9ramique pour peinture qui offre une protection ext\u00e9rieure pendant trois ans. GT Quartz Select s&#039;av\u00e8re r\u00e9sistant aux sels de voirie et offre une protection contre la salet\u00e9, le goudron, les insectes et les fientes d&#039;oiseaux.\" \/>\n<meta name=\"robots\" content=\"index, follow, max-snippet:-1, max-image-preview:large, max-video-preview:-1\" \/>\n<link rel=\"canonical\" href=\"https:\/\/gliptoneeurope.com\/fr\/produit\/revetement-nano-ceramique-gt-quartz-select\/\" \/>\n<meta property=\"og:locale\" content=\"fr_FR\" \/>\n<meta property=\"og:type\" content=\"article\" \/>\n<meta property=\"og:title\" content=\"Rev\u00eatement en nano-c\u00e9ramique GT Quartz Select\" \/>\n<meta property=\"og:description\" content=\"Le Rev\u00eatement Nano-C\u00e9ramique pour peinture qui offre une protection ext\u00e9rieure pendant trois ans. GT Quartz Select s&#039;av\u00e8re r\u00e9sistant aux sels de voirie et\" \/>\n<meta property=\"og:url\" content=\"https:\/\/gliptoneeurope.com\/fr\/produit\/revetement-nano-ceramique-gt-quartz-select\/\" \/>\n<meta property=\"og:site_name\" content=\"Gliptone Europe\" \/>\n<meta property=\"article:publisher\" content=\"https:\/\/www.facebook.com\/gliptoneeurope\/\" \/>\n<meta property=\"og:image\" content=\"https:\/\/gliptoneeurope.com\/wp-content\/uploads\/GT-Quartz.jpg\" \/>\n\t<meta property=\"og:image:width\" content=\"1772\" \/>\n\t<meta property=\"og:image:height\" content=\"1772\" \/>\n\t<meta property=\"og:image:type\" content=\"image\/jpeg\" \/>\n<meta name=\"twitter:card\" content=\"summary_large_image\" \/>\n<script type=\"application\/ld+json\" class=\"yoast-schema-graph\">{\"@context\":\"https:\\\/\\\/schema.org\",\"@graph\":[{\"@type\":\"WebPage\",\"@id\":\"https:\\\/\\\/gliptoneeurope.com\\\/fr\\\/produit\\\/revetement-nano-ceramique-gt-quartz-select\\\/\",\"url\":\"https:\\\/\\\/gliptoneeurope.com\\\/fr\\\/produit\\\/revetement-nano-ceramique-gt-quartz-select\\\/\",\"name\":\"Rev\u00eatement en nano-c\u00e9ramique GT Quartz Select - Gliptone Europe\",\"isPartOf\":{\"@id\":\"https:\\\/\\\/gliptoneeurope.com\\\/#website\"},\"primaryImageOfPage\":{\"@id\":\"https:\\\/\\\/gliptoneeurope.com\\\/fr\\\/produit\\\/revetement-nano-ceramique-gt-quartz-select\\\/#primaryimage\"},\"image\":{\"@id\":\"https:\\\/\\\/gliptoneeurope.com\\\/fr\\\/produit\\\/revetement-nano-ceramique-gt-quartz-select\\\/#primaryimage\"},\"thumbnailUrl\":\"https:\\\/\\\/gliptoneeurope.com\\\/wp-content\\\/uploads\\\/GT-Quartz.jpg\",\"datePublished\":\"2021-11-30T11:45:56+00:00\",\"description\":\"Le Rev\u00eatement Nano-C\u00e9ramique pour peinture qui offre une protection ext\u00e9rieure pendant trois ans. GT Quartz Select s'av\u00e8re r\u00e9sistant aux sels de voirie et offre une protection contre la salet\u00e9, le goudron, les insectes et les fientes d'oiseaux.\",\"breadcrumb\":{\"@id\":\"https:\\\/\\\/gliptoneeurope.com\\\/fr\\\/produit\\\/revetement-nano-ceramique-gt-quartz-select\\\/#breadcrumb\"},\"inLanguage\":\"fr-FR\",\"potentialAction\":[{\"@type\":\"ReadAction\",\"target\":[\"https:\\\/\\\/gliptoneeurope.com\\\/fr\\\/produit\\\/revetement-nano-ceramique-gt-quartz-select\\\/\"]}]},{\"@type\":\"ImageObject\",\"inLanguage\":\"fr-FR\",\"@id\":\"https:\\\/\\\/gliptoneeurope.com\\\/fr\\\/produit\\\/revetement-nano-ceramique-gt-quartz-select\\\/#primaryimage\",\"url\":\"https:\\\/\\\/gliptoneeurope.com\\\/wp-content\\\/uploads\\\/GT-Quartz.jpg\",\"contentUrl\":\"https:\\\/\\\/gliptoneeurope.com\\\/wp-content\\\/uploads\\\/GT-Quartz.jpg\",\"width\":1772,\"height\":1772,\"caption\":\"GT-Quartz\"},{\"@type\":\"BreadcrumbList\",\"@id\":\"https:\\\/\\\/gliptoneeurope.com\\\/fr\\\/produit\\\/revetement-nano-ceramique-gt-quartz-select\\\/#breadcrumb\",\"itemListElement\":[{\"@type\":\"ListItem\",\"position\":1,\"name\":\"Home\",\"item\":\"https:\\\/\\\/gliptoneeurope.com\\\/\"},{\"@type\":\"ListItem\",\"position\":2,\"name\":\"Boutique\",\"item\":\"https:\\\/\\\/gliptoneeurope.com\\\/fr\\\/boutique\\\/\"},{\"@type\":\"ListItem\",\"position\":3,\"name\":\"Rev\u00eatement en nano-c\u00e9ramique GT Quartz Select\"}]},{\"@type\":\"WebSite\",\"@id\":\"https:\\\/\\\/gliptoneeurope.com\\\/#website\",\"url\":\"https:\\\/\\\/gliptoneeurope.com\\\/\",\"name\":\"Gliptone Europe\",\"description\":\"Professional Car Detailing Products\",\"publisher\":{\"@id\":\"https:\\\/\\\/gliptoneeurope.com\\\/#organization\"},\"potentialAction\":[{\"@type\":\"SearchAction\",\"target\":{\"@type\":\"EntryPoint\",\"urlTemplate\":\"https:\\\/\\\/gliptoneeurope.com\\\/?s={search_term_string}\"},\"query-input\":{\"@type\":\"PropertyValueSpecification\",\"valueRequired\":true,\"valueName\":\"search_term_string\"}}],\"inLanguage\":\"fr-FR\"},{\"@type\":\"Organization\",\"@id\":\"https:\\\/\\\/gliptoneeurope.com\\\/#organization\",\"name\":\"Gliptone Europe\",\"url\":\"https:\\\/\\\/gliptoneeurope.com\\\/\",\"logo\":{\"@type\":\"ImageObject\",\"inLanguage\":\"fr-FR\",\"@id\":\"https:\\\/\\\/gliptoneeurope.com\\\/#\\\/schema\\\/logo\\\/image\\\/\",\"url\":\"https:\\\/\\\/gliptoneeurope.com\\\/wp-content\\\/uploads\\\/Gliptone_Logo.png\",\"contentUrl\":\"https:\\\/\\\/gliptoneeurope.com\\\/wp-content\\\/uploads\\\/Gliptone_Logo.png\",\"width\":1472,\"height\":607,\"caption\":\"Gliptone Europe\"},\"image\":{\"@id\":\"https:\\\/\\\/gliptoneeurope.com\\\/#\\\/schema\\\/logo\\\/image\\\/\"},\"sameAs\":[\"https:\\\/\\\/www.facebook.com\\\/gliptoneeurope\\\/\",\"https:\\\/\\\/www.instagram.com\\\/gliptoneeurope\\\/\",\"https:\\\/\\\/www.pinterest.co.uk\\\/GliptoneEurope\\\/\"]}]}<\/script>\n<!-- \/ Yoast SEO Premium plugin. -->","yoast_head_json":{"title":"Rev\u00eatement en nano-c\u00e9ramique GT Quartz Select - Gliptone Europe","description":"Le Rev\u00eatement Nano-C\u00e9ramique pour peinture qui offre une protection ext\u00e9rieure pendant trois ans. GT Quartz Select s'av\u00e8re r\u00e9sistant aux sels de voirie et offre une protection contre la salet\u00e9, le goudron, les insectes et les fientes d'oiseaux.","robots":{"index":"index","follow":"follow","max-snippet":"max-snippet:-1","max-image-preview":"max-image-preview:large","max-video-preview":"max-video-preview:-1"},"canonical":"https:\/\/gliptoneeurope.com\/fr\/produit\/revetement-nano-ceramique-gt-quartz-select\/","og_locale":"fr_FR","og_type":"article","og_title":"Rev\u00eatement en nano-c\u00e9ramique GT Quartz Select","og_description":"Le Rev\u00eatement Nano-C\u00e9ramique pour peinture qui offre une protection ext\u00e9rieure pendant trois ans. GT Quartz Select s'av\u00e8re r\u00e9sistant aux sels de voirie et","og_url":"https:\/\/gliptoneeurope.com\/fr\/produit\/revetement-nano-ceramique-gt-quartz-select\/","og_site_name":"Gliptone Europe","article_publisher":"https:\/\/www.facebook.com\/gliptoneeurope\/","og_image":[{"width":1772,"height":1772,"url":"https:\/\/gliptoneeurope.com\/wp-content\/uploads\/GT-Quartz.jpg","type":"image\/jpeg"}],"twitter_card":"summary_large_image","schema":{"@context":"https:\/\/schema.org","@graph":[{"@type":"WebPage","@id":"https:\/\/gliptoneeurope.com\/fr\/produit\/revetement-nano-ceramique-gt-quartz-select\/","url":"https:\/\/gliptoneeurope.com\/fr\/produit\/revetement-nano-ceramique-gt-quartz-select\/","name":"Rev\u00eatement en nano-c\u00e9ramique GT Quartz Select - Gliptone Europe","isPartOf":{"@id":"https:\/\/gliptoneeurope.com\/#website"},"primaryImageOfPage":{"@id":"https:\/\/gliptoneeurope.com\/fr\/produit\/revetement-nano-ceramique-gt-quartz-select\/#primaryimage"},"image":{"@id":"https:\/\/gliptoneeurope.com\/fr\/produit\/revetement-nano-ceramique-gt-quartz-select\/#primaryimage"},"thumbnailUrl":"https:\/\/gliptoneeurope.com\/wp-content\/uploads\/GT-Quartz.jpg","datePublished":"2021-11-30T11:45:56+00:00","description":"Le Rev\u00eatement Nano-C\u00e9ramique pour peinture qui offre une protection ext\u00e9rieure pendant trois ans. GT Quartz Select s'av\u00e8re r\u00e9sistant aux sels de voirie et offre une protection contre la salet\u00e9, le goudron, les insectes et les fientes d'oiseaux.","breadcrumb":{"@id":"https:\/\/gliptoneeurope.com\/fr\/produit\/revetement-nano-ceramique-gt-quartz-select\/#breadcrumb"},"inLanguage":"fr-FR","potentialAction":[{"@type":"ReadAction","target":["https:\/\/gliptoneeurope.com\/fr\/produit\/revetement-nano-ceramique-gt-quartz-select\/"]}]},{"@type":"ImageObject","inLanguage":"fr-FR","@id":"https:\/\/gliptoneeurope.com\/fr\/produit\/revetement-nano-ceramique-gt-quartz-select\/#primaryimage","url":"https:\/\/gliptoneeurope.com\/wp-content\/uploads\/GT-Quartz.jpg","contentUrl":"https:\/\/gliptoneeurope.com\/wp-content\/uploads\/GT-Quartz.jpg","width":1772,"height":1772,"caption":"GT-Quartz"},{"@type":"BreadcrumbList","@id":"https:\/\/gliptoneeurope.com\/fr\/produit\/revetement-nano-ceramique-gt-quartz-select\/#breadcrumb","itemListElement":[{"@type":"ListItem","position":1,"name":"Home","item":"https:\/\/gliptoneeurope.com\/"},{"@type":"ListItem","position":2,"name":"Boutique","item":"https:\/\/gliptoneeurope.com\/fr\/boutique\/"},{"@type":"ListItem","position":3,"name":"Rev\u00eatement en nano-c\u00e9ramique GT Quartz Select"}]},{"@type":"WebSite","@id":"https:\/\/gliptoneeurope.com\/#website","url":"https:\/\/gliptoneeurope.com\/","name":"Gliptone Europe","description":"Professional Car Detailing Products","publisher":{"@id":"https:\/\/gliptoneeurope.com\/#organization"},"potentialAction":[{"@type":"SearchAction","target":{"@type":"EntryPoint","urlTemplate":"https:\/\/gliptoneeurope.com\/?s={search_term_string}"},"query-input":{"@type":"PropertyValueSpecification","valueRequired":true,"valueName":"search_term_string"}}],"inLanguage":"fr-FR"},{"@type":"Organization","@id":"https:\/\/gliptoneeurope.com\/#organization","name":"Gliptone Europe","url":"https:\/\/gliptoneeurope.com\/","logo":{"@type":"ImageObject","inLanguage":"fr-FR","@id":"https:\/\/gliptoneeurope.com\/#\/schema\/logo\/image\/","url":"https:\/\/gliptoneeurope.com\/wp-content\/uploads\/Gliptone_Logo.png","contentUrl":"https:\/\/gliptoneeurope.com\/wp-content\/uploads\/Gliptone_Logo.png","width":1472,"height":607,"caption":"Gliptone Europe"},"image":{"@id":"https:\/\/gliptoneeurope.com\/#\/schema\/logo\/image\/"},"sameAs":["https:\/\/www.facebook.com\/gliptoneeurope\/","https:\/\/www.instagram.com\/gliptoneeurope\/","https:\/\/www.pinterest.co.uk\/GliptoneEurope\/"]}]}},"wcpa_form_fields":null,"_links":{"self":[{"href":"https:\/\/gliptoneeurope.com\/fr\/wp-json\/wp\/v2\/product\/12115","targetHints":{"allow":["GET"]}}],"collection":[{"href":"https:\/\/gliptoneeurope.com\/fr\/wp-json\/wp\/v2\/product"}],"about":[{"href":"https:\/\/gliptoneeurope.com\/fr\/wp-json\/wp\/v2\/types\/product"}],"wp:featuredmedia":[{"embeddable":true,"href":"https:\/\/gliptoneeurope.com\/fr\/wp-json\/wp\/v2\/media\/10288"}],"wp:attachment":[{"href":"https:\/\/gliptoneeurope.com\/fr\/wp-json\/wp\/v2\/media?parent=12115"}],"wp:term":[{"taxonomy":"product_brand","embeddable":true,"href":"https:\/\/gliptoneeurope.com\/fr\/wp-json\/wp\/v2\/product_brand?post=12115"},{"taxonomy":"product_cat","embeddable":true,"href":"https:\/\/gliptoneeurope.com\/fr\/wp-json\/wp\/v2\/product_cat?post=12115"},{"taxonomy":"product_tag","embeddable":true,"href":"https:\/\/gliptoneeurope.com\/fr\/wp-json\/wp\/v2\/product_tag?post=12115"}],"curies":[{"name":"wp","href":"https:\/\/api.w.org\/{rel}","templated":true}]}}