{"id":12108,"date":"2020-04-07T22:34:15","date_gmt":"2021-11-30T11:45:55","guid":{"rendered":"https:\/\/gliptoneeurope.com\/product\/gloss-pour-le-corps-carnauba-spray-n-wipe\/"},"modified":"2022-06-18T09:58:49","modified_gmt":"2022-06-18T09:58:49","slug":"body-gloss-carnauba-spray-n-wipe-2","status":"publish","type":"product","link":"https:\/\/gliptoneeurope.com\/fr\/produit\/body-gloss-carnauba-spray-n-wipe-2\/","title":{"rendered":"Gloss pour le corps &#8211; Carnauba (Spray-n-Wipe)"},"content":{"rendered":"<p>Vaporisez et essuyez simplement. Le poli pour voiture Body Gloss peut rapidement \u00e9liminer la poussi\u00e8re et les traces de doigts sur les surfaces de peinture, de chrome, de verre, de plastique et de vinyle. Pour de meilleurs r\u00e9sultats, utilisez la m\u00e9thode 1 chiffon et 1 chiffon enlev\u00e9. Il nettoie et fait briller instantan\u00e9ment sans rayer. \u00c0 utiliser pendant le processus de finition pour \u00e9liminer la poussi\u00e8re et la cire s\u00e9ch\u00e9e des fissures et des crevasses. Parfait pour les spiff-ups de showcar.<\/p>\n<p>22oz. 650 ml.<br \/>\n64oz. Recharges.<\/p>\n","protected":false},"excerpt":{"rendered":"<p>Vaporisez et essuyez simplement. Le poli pour voiture Body Gloss peut rapidement \u00e9liminer la poussi\u00e8re et les traces de doigts sur les surfaces de peinture, de chrome, de verre, de plastique et de vinyle. Pour de meilleurs r\u00e9sultats, utilisez la m\u00e9thode 1 chiffon et 1 chiffon enlev\u00e9. Il nettoie et fait briller instantan\u00e9ment sans rayer. [&hellip;]<\/p>\n","protected":false},"featured_media":18517,"template":"","meta":[],"product_brand":[],"product_cat":[103],"product_tag":[169,168],"class_list":{"0":"post-12108","1":"product","2":"type-product","3":"status-publish","4":"has-post-thumbnail","6":"product_cat-decorateurs-dexterieur-polissoirs","7":"product_tag-brillance-du-corps","8":"product_tag-polissage-de-voiture","10":"first","11":"instock","12":"featured","13":"taxable","14":"shipping-taxable","15":"purchasable","16":"product-type-variable"},"yoast_head":"<!-- This site is optimized with the Yoast SEO Premium plugin v21.4 (Yoast SEO v27.4) - https:\/\/yoast.com\/product\/yoast-seo-premium-wordpress\/ -->\n<title>Gloss pour le corps - Carnauba (Spray-n-Wipe) - Gliptone Europe<\/title>\n<meta name=\"description\" content=\"Vaporisez et essuyez simplement. Le poli pour voiture Body Gloss peut rapidement \u00e9liminer la poussi\u00e8re et les traces de doigts sur les surfaces de peinture, de chrome, de verre, de plastique et de vinyle.\" \/>\n<meta name=\"robots\" content=\"index, follow, max-snippet:-1, max-image-preview:large, max-video-preview:-1\" \/>\n<link rel=\"canonical\" href=\"https:\/\/gliptoneeurope.com\/fr\/produit\/body-gloss-carnauba-spray-n-wipe-2\/\" \/>\n<meta property=\"og:locale\" content=\"fr_FR\" \/>\n<meta property=\"og:type\" content=\"article\" \/>\n<meta property=\"og:title\" content=\"Gloss pour le corps - Carnauba (Spray-n-Wipe)\" \/>\n<meta property=\"og:description\" content=\"Vaporisez et essuyez simplement. Le poli pour voiture Body Gloss peut rapidement \u00e9liminer la poussi\u00e8re et les traces de doigts sur les surfaces de\" \/>\n<meta property=\"og:url\" content=\"https:\/\/gliptoneeurope.com\/fr\/produit\/body-gloss-carnauba-spray-n-wipe-2\/\" \/>\n<meta property=\"og:site_name\" content=\"Gliptone Europe\" \/>\n<meta property=\"article:publisher\" content=\"https:\/\/www.facebook.com\/gliptoneeurope\/\" \/>\n<meta property=\"article:modified_time\" content=\"2022-06-18T09:58:49+00:00\" \/>\n<meta property=\"og:image\" content=\"https:\/\/gliptoneeurope.com\/wp-content\/uploads\/Body-Gloss.jpg\" \/>\n\t<meta property=\"og:image:width\" content=\"1654\" \/>\n\t<meta property=\"og:image:height\" content=\"1621\" \/>\n\t<meta property=\"og:image:type\" content=\"image\/jpeg\" \/>\n<meta name=\"twitter:card\" content=\"summary_large_image\" \/>\n<script type=\"application\/ld+json\" class=\"yoast-schema-graph\">{\"@context\":\"https:\\\/\\\/schema.org\",\"@graph\":[{\"@type\":\"WebPage\",\"@id\":\"https:\\\/\\\/gliptoneeurope.com\\\/fr\\\/produit\\\/body-gloss-carnauba-spray-n-wipe-2\\\/\",\"url\":\"https:\\\/\\\/gliptoneeurope.com\\\/fr\\\/produit\\\/body-gloss-carnauba-spray-n-wipe-2\\\/\",\"name\":\"Gloss pour le corps - Carnauba (Spray-n-Wipe) - Gliptone Europe\",\"isPartOf\":{\"@id\":\"https:\\\/\\\/gliptoneeurope.com\\\/#website\"},\"primaryImageOfPage\":{\"@id\":\"https:\\\/\\\/gliptoneeurope.com\\\/fr\\\/produit\\\/body-gloss-carnauba-spray-n-wipe-2\\\/#primaryimage\"},\"image\":{\"@id\":\"https:\\\/\\\/gliptoneeurope.com\\\/fr\\\/produit\\\/body-gloss-carnauba-spray-n-wipe-2\\\/#primaryimage\"},\"thumbnailUrl\":\"https:\\\/\\\/gliptoneeurope.com\\\/wp-content\\\/uploads\\\/Body-Gloss.jpg\",\"datePublished\":\"2021-11-30T11:45:55+00:00\",\"dateModified\":\"2022-06-18T09:58:49+00:00\",\"description\":\"Vaporisez et essuyez simplement. Le poli pour voiture Body Gloss peut rapidement \u00e9liminer la poussi\u00e8re et les traces de doigts sur les surfaces de peinture, de chrome, de verre, de plastique et de vinyle.\",\"breadcrumb\":{\"@id\":\"https:\\\/\\\/gliptoneeurope.com\\\/fr\\\/produit\\\/body-gloss-carnauba-spray-n-wipe-2\\\/#breadcrumb\"},\"inLanguage\":\"fr-FR\",\"potentialAction\":[{\"@type\":\"ReadAction\",\"target\":[\"https:\\\/\\\/gliptoneeurope.com\\\/fr\\\/produit\\\/body-gloss-carnauba-spray-n-wipe-2\\\/\"]}]},{\"@type\":\"ImageObject\",\"inLanguage\":\"fr-FR\",\"@id\":\"https:\\\/\\\/gliptoneeurope.com\\\/fr\\\/produit\\\/body-gloss-carnauba-spray-n-wipe-2\\\/#primaryimage\",\"url\":\"https:\\\/\\\/gliptoneeurope.com\\\/wp-content\\\/uploads\\\/Body-Gloss.jpg\",\"contentUrl\":\"https:\\\/\\\/gliptoneeurope.com\\\/wp-content\\\/uploads\\\/Body-Gloss.jpg\",\"width\":1654,\"height\":1621},{\"@type\":\"BreadcrumbList\",\"@id\":\"https:\\\/\\\/gliptoneeurope.com\\\/fr\\\/produit\\\/body-gloss-carnauba-spray-n-wipe-2\\\/#breadcrumb\",\"itemListElement\":[{\"@type\":\"ListItem\",\"position\":1,\"name\":\"Home\",\"item\":\"https:\\\/\\\/gliptoneeurope.com\\\/\"},{\"@type\":\"ListItem\",\"position\":2,\"name\":\"Boutique\",\"item\":\"https:\\\/\\\/gliptoneeurope.com\\\/fr\\\/boutique\\\/\"},{\"@type\":\"ListItem\",\"position\":3,\"name\":\"Gloss pour le corps &#8211; Carnauba (Spray-n-Wipe)\"}]},{\"@type\":\"WebSite\",\"@id\":\"https:\\\/\\\/gliptoneeurope.com\\\/#website\",\"url\":\"https:\\\/\\\/gliptoneeurope.com\\\/\",\"name\":\"Gliptone Europe\",\"description\":\"Professional Car Detailing Products\",\"publisher\":{\"@id\":\"https:\\\/\\\/gliptoneeurope.com\\\/#organization\"},\"potentialAction\":[{\"@type\":\"SearchAction\",\"target\":{\"@type\":\"EntryPoint\",\"urlTemplate\":\"https:\\\/\\\/gliptoneeurope.com\\\/?s={search_term_string}\"},\"query-input\":{\"@type\":\"PropertyValueSpecification\",\"valueRequired\":true,\"valueName\":\"search_term_string\"}}],\"inLanguage\":\"fr-FR\"},{\"@type\":\"Organization\",\"@id\":\"https:\\\/\\\/gliptoneeurope.com\\\/#organization\",\"name\":\"Gliptone Europe\",\"url\":\"https:\\\/\\\/gliptoneeurope.com\\\/\",\"logo\":{\"@type\":\"ImageObject\",\"inLanguage\":\"fr-FR\",\"@id\":\"https:\\\/\\\/gliptoneeurope.com\\\/#\\\/schema\\\/logo\\\/image\\\/\",\"url\":\"https:\\\/\\\/gliptoneeurope.com\\\/wp-content\\\/uploads\\\/Gliptone_Logo.png\",\"contentUrl\":\"https:\\\/\\\/gliptoneeurope.com\\\/wp-content\\\/uploads\\\/Gliptone_Logo.png\",\"width\":1472,\"height\":607,\"caption\":\"Gliptone Europe\"},\"image\":{\"@id\":\"https:\\\/\\\/gliptoneeurope.com\\\/#\\\/schema\\\/logo\\\/image\\\/\"},\"sameAs\":[\"https:\\\/\\\/www.facebook.com\\\/gliptoneeurope\\\/\",\"https:\\\/\\\/www.instagram.com\\\/gliptoneeurope\\\/\",\"https:\\\/\\\/www.pinterest.co.uk\\\/GliptoneEurope\\\/\"]}]}<\/script>\n<!-- \/ Yoast SEO Premium plugin. -->","yoast_head_json":{"title":"Gloss pour le corps - Carnauba (Spray-n-Wipe) - Gliptone Europe","description":"Vaporisez et essuyez simplement. Le poli pour voiture Body Gloss peut rapidement \u00e9liminer la poussi\u00e8re et les traces de doigts sur les surfaces de peinture, de chrome, de verre, de plastique et de vinyle.","robots":{"index":"index","follow":"follow","max-snippet":"max-snippet:-1","max-image-preview":"max-image-preview:large","max-video-preview":"max-video-preview:-1"},"canonical":"https:\/\/gliptoneeurope.com\/fr\/produit\/body-gloss-carnauba-spray-n-wipe-2\/","og_locale":"fr_FR","og_type":"article","og_title":"Gloss pour le corps - Carnauba (Spray-n-Wipe)","og_description":"Vaporisez et essuyez simplement. Le poli pour voiture Body Gloss peut rapidement \u00e9liminer la poussi\u00e8re et les traces de doigts sur les surfaces de","og_url":"https:\/\/gliptoneeurope.com\/fr\/produit\/body-gloss-carnauba-spray-n-wipe-2\/","og_site_name":"Gliptone Europe","article_publisher":"https:\/\/www.facebook.com\/gliptoneeurope\/","article_modified_time":"2022-06-18T09:58:49+00:00","og_image":[{"width":1654,"height":1621,"url":"https:\/\/gliptoneeurope.com\/wp-content\/uploads\/Body-Gloss.jpg","type":"image\/jpeg"}],"twitter_card":"summary_large_image","schema":{"@context":"https:\/\/schema.org","@graph":[{"@type":"WebPage","@id":"https:\/\/gliptoneeurope.com\/fr\/produit\/body-gloss-carnauba-spray-n-wipe-2\/","url":"https:\/\/gliptoneeurope.com\/fr\/produit\/body-gloss-carnauba-spray-n-wipe-2\/","name":"Gloss pour le corps - Carnauba (Spray-n-Wipe) - Gliptone Europe","isPartOf":{"@id":"https:\/\/gliptoneeurope.com\/#website"},"primaryImageOfPage":{"@id":"https:\/\/gliptoneeurope.com\/fr\/produit\/body-gloss-carnauba-spray-n-wipe-2\/#primaryimage"},"image":{"@id":"https:\/\/gliptoneeurope.com\/fr\/produit\/body-gloss-carnauba-spray-n-wipe-2\/#primaryimage"},"thumbnailUrl":"https:\/\/gliptoneeurope.com\/wp-content\/uploads\/Body-Gloss.jpg","datePublished":"2021-11-30T11:45:55+00:00","dateModified":"2022-06-18T09:58:49+00:00","description":"Vaporisez et essuyez simplement. Le poli pour voiture Body Gloss peut rapidement \u00e9liminer la poussi\u00e8re et les traces de doigts sur les surfaces de peinture, de chrome, de verre, de plastique et de vinyle.","breadcrumb":{"@id":"https:\/\/gliptoneeurope.com\/fr\/produit\/body-gloss-carnauba-spray-n-wipe-2\/#breadcrumb"},"inLanguage":"fr-FR","potentialAction":[{"@type":"ReadAction","target":["https:\/\/gliptoneeurope.com\/fr\/produit\/body-gloss-carnauba-spray-n-wipe-2\/"]}]},{"@type":"ImageObject","inLanguage":"fr-FR","@id":"https:\/\/gliptoneeurope.com\/fr\/produit\/body-gloss-carnauba-spray-n-wipe-2\/#primaryimage","url":"https:\/\/gliptoneeurope.com\/wp-content\/uploads\/Body-Gloss.jpg","contentUrl":"https:\/\/gliptoneeurope.com\/wp-content\/uploads\/Body-Gloss.jpg","width":1654,"height":1621},{"@type":"BreadcrumbList","@id":"https:\/\/gliptoneeurope.com\/fr\/produit\/body-gloss-carnauba-spray-n-wipe-2\/#breadcrumb","itemListElement":[{"@type":"ListItem","position":1,"name":"Home","item":"https:\/\/gliptoneeurope.com\/"},{"@type":"ListItem","position":2,"name":"Boutique","item":"https:\/\/gliptoneeurope.com\/fr\/boutique\/"},{"@type":"ListItem","position":3,"name":"Gloss pour le corps &#8211; Carnauba (Spray-n-Wipe)"}]},{"@type":"WebSite","@id":"https:\/\/gliptoneeurope.com\/#website","url":"https:\/\/gliptoneeurope.com\/","name":"Gliptone Europe","description":"Professional Car Detailing Products","publisher":{"@id":"https:\/\/gliptoneeurope.com\/#organization"},"potentialAction":[{"@type":"SearchAction","target":{"@type":"EntryPoint","urlTemplate":"https:\/\/gliptoneeurope.com\/?s={search_term_string}"},"query-input":{"@type":"PropertyValueSpecification","valueRequired":true,"valueName":"search_term_string"}}],"inLanguage":"fr-FR"},{"@type":"Organization","@id":"https:\/\/gliptoneeurope.com\/#organization","name":"Gliptone Europe","url":"https:\/\/gliptoneeurope.com\/","logo":{"@type":"ImageObject","inLanguage":"fr-FR","@id":"https:\/\/gliptoneeurope.com\/#\/schema\/logo\/image\/","url":"https:\/\/gliptoneeurope.com\/wp-content\/uploads\/Gliptone_Logo.png","contentUrl":"https:\/\/gliptoneeurope.com\/wp-content\/uploads\/Gliptone_Logo.png","width":1472,"height":607,"caption":"Gliptone Europe"},"image":{"@id":"https:\/\/gliptoneeurope.com\/#\/schema\/logo\/image\/"},"sameAs":["https:\/\/www.facebook.com\/gliptoneeurope\/","https:\/\/www.instagram.com\/gliptoneeurope\/","https:\/\/www.pinterest.co.uk\/GliptoneEurope\/"]}]}},"wcpa_form_fields":null,"_links":{"self":[{"href":"https:\/\/gliptoneeurope.com\/fr\/wp-json\/wp\/v2\/product\/12108","targetHints":{"allow":["GET"]}}],"collection":[{"href":"https:\/\/gliptoneeurope.com\/fr\/wp-json\/wp\/v2\/product"}],"about":[{"href":"https:\/\/gliptoneeurope.com\/fr\/wp-json\/wp\/v2\/types\/product"}],"wp:featuredmedia":[{"embeddable":true,"href":"https:\/\/gliptoneeurope.com\/fr\/wp-json\/wp\/v2\/media\/18517"}],"wp:attachment":[{"href":"https:\/\/gliptoneeurope.com\/fr\/wp-json\/wp\/v2\/media?parent=12108"}],"wp:term":[{"taxonomy":"product_brand","embeddable":true,"href":"https:\/\/gliptoneeurope.com\/fr\/wp-json\/wp\/v2\/product_brand?post=12108"},{"taxonomy":"product_cat","embeddable":true,"href":"https:\/\/gliptoneeurope.com\/fr\/wp-json\/wp\/v2\/product_cat?post=12108"},{"taxonomy":"product_tag","embeddable":true,"href":"https:\/\/gliptoneeurope.com\/fr\/wp-json\/wp\/v2\/product_tag?post=12108"}],"curies":[{"name":"wp","href":"https:\/\/api.w.org\/{rel}","templated":true}]}}