{"id":12101,"date":"2020-04-07T23:19:47","date_gmt":"2021-11-30T11:45:53","guid":{"rendered":"https:\/\/gliptoneeurope.com\/product\/applicateurs-declat-de-pneus-paquet-de-2\/"},"modified":"2021-11-30T11:45:53","modified_gmt":"2021-11-30T11:45:53","slug":"pack-de-2-applicateurs-de-brillance-des-pneus","status":"publish","type":"product","link":"https:\/\/gliptoneeurope.com\/fr\/produit\/pack-de-2-applicateurs-de-brillance-des-pneus\/","title":{"rendered":"Applicateurs d&#8217;\u00e9clat de pneus &#8211; Paquet de 2"},"content":{"rendered":"<p>Tampons applicateurs en mousse pour aider \u00e0 r\u00e9partir uniform\u00e9ment <a href=\"https:\/\/gliptoneeurope.com\/product\/true-blue-professional-tyre-shine\/\">Tire Shine<\/a> et <a href=\"https:\/\/gliptoneeurope.com\/product\/tire-trim-jelly-protectant\/\">Tire &amp; Trim Jelly Protectant<\/a> l&#8217;emp\u00eachant de monter sur les roues et l&#8217;all\u00e9e.<\/p>\n<p>Les coussinets sont facilement r\u00e9utilisables et gardent vos mains propres tout en \u00e9vitant les coulures et les gouttes. Leur forme unique aide \u00e0 fournir des r\u00e9sultats professionnels.<\/p>\n<p>Ce produit se trouve dans notre <a href=\"https:\/\/gliptoneeurope.com\/product\/wheel-wash-protect-kit\/\">kit de lavage et de protection des roues<\/a> qui contient tout ce dont vous aurez besoin pour nettoyer vos pneus et jantes en toute s\u00e9curit\u00e9, tout en les prot\u00e9geant de l&#8217;accumulation de poussi\u00e8re de frein, de salet\u00e9 de la route et de rouille de surface.<\/p>\n<p>&nbsp;<\/p>\n","protected":false},"excerpt":{"rendered":"<p>Tampons applicateurs en mousse pour aider \u00e0 r\u00e9partir uniform\u00e9ment Tire Shine et Tire &amp; Trim Jelly Protectant l&#8217;emp\u00eachant de monter sur les roues et l&#8217;all\u00e9e. Les coussinets sont facilement r\u00e9utilisables et gardent vos mains propres tout en \u00e9vitant les coulures et les gouttes. Leur forme unique aide \u00e0 fournir des r\u00e9sultats professionnels. Ce produit se [&hellip;]<\/p>\n","protected":false},"featured_media":11022,"template":"","meta":[],"product_brand":[],"product_cat":[152,105],"product_tag":[],"class_list":{"0":"post-12101","1":"product","2":"type-product","3":"status-publish","4":"has-post-thumbnail","6":"product_cat-pansements-exterieurs","7":"product_cat-roues","9":"first","10":"instock","11":"taxable","12":"shipping-taxable","13":"purchasable","14":"product-type-simple"},"yoast_head":"<!-- This site is optimized with the Yoast SEO Premium plugin v21.4 (Yoast SEO v27.5) - https:\/\/yoast.com\/product\/yoast-seo-premium-wordpress\/ -->\n<title>Applicateurs d&#039;\u00e9clat de pneus - Paquet de 2 - Gliptone Europe<\/title>\n<meta name=\"description\" content=\"Tampons applicateurs en mousse pour aider \u00e0 r\u00e9partir uniform\u00e9ment Tire Shine. Emp\u00eache Tire Shine de monter sur les roues et l&#039;all\u00e9e.\" \/>\n<meta name=\"robots\" content=\"index, follow, max-snippet:-1, max-image-preview:large, max-video-preview:-1\" \/>\n<link rel=\"canonical\" href=\"https:\/\/gliptoneeurope.com\/fr\/produit\/pack-de-2-applicateurs-de-brillance-des-pneus\/\" \/>\n<meta property=\"og:locale\" content=\"fr_FR\" \/>\n<meta property=\"og:type\" content=\"article\" \/>\n<meta property=\"og:title\" content=\"Applicateurs d&#039;\u00e9clat de pneus - Paquet de 2\" \/>\n<meta property=\"og:description\" content=\"Tampons applicateurs en mousse pour aider \u00e0 r\u00e9partir uniform\u00e9ment Tire Shine et Tire &amp; Trim Jelly Protectant l&#039;emp\u00eachant de monter sur les roues et\" \/>\n<meta property=\"og:url\" content=\"https:\/\/gliptoneeurope.com\/fr\/produit\/pack-de-2-applicateurs-de-brillance-des-pneus\/\" \/>\n<meta property=\"og:site_name\" content=\"Gliptone Europe\" \/>\n<meta property=\"article:publisher\" content=\"https:\/\/www.facebook.com\/gliptoneeurope\/\" \/>\n<meta property=\"og:image\" content=\"https:\/\/gliptoneeurope.com\/wp-content\/uploads\/Tyre-Shine-Applicators.jpg\" \/>\n\t<meta property=\"og:image:width\" content=\"1701\" \/>\n\t<meta property=\"og:image:height\" content=\"1701\" \/>\n\t<meta property=\"og:image:type\" content=\"image\/jpeg\" \/>\n<meta name=\"twitter:card\" content=\"summary_large_image\" \/>\n<meta name=\"twitter:label1\" content=\"Dur\u00e9e de lecture estim\u00e9e\" \/>\n\t<meta name=\"twitter:data1\" content=\"1 minute\" \/>\n<script type=\"application\/ld+json\" class=\"yoast-schema-graph\">{\"@context\":\"https:\\\/\\\/schema.org\",\"@graph\":[{\"@type\":\"WebPage\",\"@id\":\"https:\\\/\\\/gliptoneeurope.com\\\/fr\\\/produit\\\/pack-de-2-applicateurs-de-brillance-des-pneus\\\/\",\"url\":\"https:\\\/\\\/gliptoneeurope.com\\\/fr\\\/produit\\\/pack-de-2-applicateurs-de-brillance-des-pneus\\\/\",\"name\":\"Applicateurs d'\u00e9clat de pneus - Paquet de 2 - Gliptone Europe\",\"isPartOf\":{\"@id\":\"https:\\\/\\\/gliptoneeurope.com\\\/#website\"},\"primaryImageOfPage\":{\"@id\":\"https:\\\/\\\/gliptoneeurope.com\\\/fr\\\/produit\\\/pack-de-2-applicateurs-de-brillance-des-pneus\\\/#primaryimage\"},\"image\":{\"@id\":\"https:\\\/\\\/gliptoneeurope.com\\\/fr\\\/produit\\\/pack-de-2-applicateurs-de-brillance-des-pneus\\\/#primaryimage\"},\"thumbnailUrl\":\"https:\\\/\\\/gliptoneeurope.com\\\/wp-content\\\/uploads\\\/Tyre-Shine-Applicators.jpg\",\"datePublished\":\"2021-11-30T11:45:53+00:00\",\"description\":\"Tampons applicateurs en mousse pour aider \u00e0 r\u00e9partir uniform\u00e9ment Tire Shine. Emp\u00eache Tire Shine de monter sur les roues et l'all\u00e9e.\",\"breadcrumb\":{\"@id\":\"https:\\\/\\\/gliptoneeurope.com\\\/fr\\\/produit\\\/pack-de-2-applicateurs-de-brillance-des-pneus\\\/#breadcrumb\"},\"inLanguage\":\"fr-FR\",\"potentialAction\":[{\"@type\":\"ReadAction\",\"target\":[\"https:\\\/\\\/gliptoneeurope.com\\\/fr\\\/produit\\\/pack-de-2-applicateurs-de-brillance-des-pneus\\\/\"]}]},{\"@type\":\"ImageObject\",\"inLanguage\":\"fr-FR\",\"@id\":\"https:\\\/\\\/gliptoneeurope.com\\\/fr\\\/produit\\\/pack-de-2-applicateurs-de-brillance-des-pneus\\\/#primaryimage\",\"url\":\"https:\\\/\\\/gliptoneeurope.com\\\/wp-content\\\/uploads\\\/Tyre-Shine-Applicators.jpg\",\"contentUrl\":\"https:\\\/\\\/gliptoneeurope.com\\\/wp-content\\\/uploads\\\/Tyre-Shine-Applicators.jpg\",\"width\":1701,\"height\":1701},{\"@type\":\"BreadcrumbList\",\"@id\":\"https:\\\/\\\/gliptoneeurope.com\\\/fr\\\/produit\\\/pack-de-2-applicateurs-de-brillance-des-pneus\\\/#breadcrumb\",\"itemListElement\":[{\"@type\":\"ListItem\",\"position\":1,\"name\":\"Home\",\"item\":\"https:\\\/\\\/gliptoneeurope.com\\\/\"},{\"@type\":\"ListItem\",\"position\":2,\"name\":\"Boutique\",\"item\":\"https:\\\/\\\/gliptoneeurope.com\\\/fr\\\/boutique\\\/\"},{\"@type\":\"ListItem\",\"position\":3,\"name\":\"Applicateurs d&#8217;\u00e9clat de pneus &#8211; Paquet de 2\"}]},{\"@type\":\"WebSite\",\"@id\":\"https:\\\/\\\/gliptoneeurope.com\\\/#website\",\"url\":\"https:\\\/\\\/gliptoneeurope.com\\\/\",\"name\":\"Gliptone Europe\",\"description\":\"Professional Car Detailing Products\",\"publisher\":{\"@id\":\"https:\\\/\\\/gliptoneeurope.com\\\/#organization\"},\"potentialAction\":[{\"@type\":\"SearchAction\",\"target\":{\"@type\":\"EntryPoint\",\"urlTemplate\":\"https:\\\/\\\/gliptoneeurope.com\\\/?s={search_term_string}\"},\"query-input\":{\"@type\":\"PropertyValueSpecification\",\"valueRequired\":true,\"valueName\":\"search_term_string\"}}],\"inLanguage\":\"fr-FR\"},{\"@type\":\"Organization\",\"@id\":\"https:\\\/\\\/gliptoneeurope.com\\\/#organization\",\"name\":\"Gliptone Europe\",\"url\":\"https:\\\/\\\/gliptoneeurope.com\\\/\",\"logo\":{\"@type\":\"ImageObject\",\"inLanguage\":\"fr-FR\",\"@id\":\"https:\\\/\\\/gliptoneeurope.com\\\/#\\\/schema\\\/logo\\\/image\\\/\",\"url\":\"https:\\\/\\\/gliptoneeurope.com\\\/wp-content\\\/uploads\\\/Gliptone_Logo.png\",\"contentUrl\":\"https:\\\/\\\/gliptoneeurope.com\\\/wp-content\\\/uploads\\\/Gliptone_Logo.png\",\"width\":1472,\"height\":607,\"caption\":\"Gliptone Europe\"},\"image\":{\"@id\":\"https:\\\/\\\/gliptoneeurope.com\\\/#\\\/schema\\\/logo\\\/image\\\/\"},\"sameAs\":[\"https:\\\/\\\/www.facebook.com\\\/gliptoneeurope\\\/\",\"https:\\\/\\\/www.instagram.com\\\/gliptoneeurope\\\/\",\"https:\\\/\\\/www.pinterest.co.uk\\\/GliptoneEurope\\\/\"]}]}<\/script>\n<!-- \/ Yoast SEO Premium plugin. -->","yoast_head_json":{"title":"Applicateurs d'\u00e9clat de pneus - Paquet de 2 - Gliptone Europe","description":"Tampons applicateurs en mousse pour aider \u00e0 r\u00e9partir uniform\u00e9ment Tire Shine. Emp\u00eache Tire Shine de monter sur les roues et l'all\u00e9e.","robots":{"index":"index","follow":"follow","max-snippet":"max-snippet:-1","max-image-preview":"max-image-preview:large","max-video-preview":"max-video-preview:-1"},"canonical":"https:\/\/gliptoneeurope.com\/fr\/produit\/pack-de-2-applicateurs-de-brillance-des-pneus\/","og_locale":"fr_FR","og_type":"article","og_title":"Applicateurs d'\u00e9clat de pneus - Paquet de 2","og_description":"Tampons applicateurs en mousse pour aider \u00e0 r\u00e9partir uniform\u00e9ment Tire Shine et Tire &amp; Trim Jelly Protectant l'emp\u00eachant de monter sur les roues et","og_url":"https:\/\/gliptoneeurope.com\/fr\/produit\/pack-de-2-applicateurs-de-brillance-des-pneus\/","og_site_name":"Gliptone Europe","article_publisher":"https:\/\/www.facebook.com\/gliptoneeurope\/","og_image":[{"width":1701,"height":1701,"url":"https:\/\/gliptoneeurope.com\/wp-content\/uploads\/Tyre-Shine-Applicators.jpg","type":"image\/jpeg"}],"twitter_card":"summary_large_image","twitter_misc":{"Dur\u00e9e de lecture estim\u00e9e":"1 minute"},"schema":{"@context":"https:\/\/schema.org","@graph":[{"@type":"WebPage","@id":"https:\/\/gliptoneeurope.com\/fr\/produit\/pack-de-2-applicateurs-de-brillance-des-pneus\/","url":"https:\/\/gliptoneeurope.com\/fr\/produit\/pack-de-2-applicateurs-de-brillance-des-pneus\/","name":"Applicateurs d'\u00e9clat de pneus - Paquet de 2 - Gliptone Europe","isPartOf":{"@id":"https:\/\/gliptoneeurope.com\/#website"},"primaryImageOfPage":{"@id":"https:\/\/gliptoneeurope.com\/fr\/produit\/pack-de-2-applicateurs-de-brillance-des-pneus\/#primaryimage"},"image":{"@id":"https:\/\/gliptoneeurope.com\/fr\/produit\/pack-de-2-applicateurs-de-brillance-des-pneus\/#primaryimage"},"thumbnailUrl":"https:\/\/gliptoneeurope.com\/wp-content\/uploads\/Tyre-Shine-Applicators.jpg","datePublished":"2021-11-30T11:45:53+00:00","description":"Tampons applicateurs en mousse pour aider \u00e0 r\u00e9partir uniform\u00e9ment Tire Shine. Emp\u00eache Tire Shine de monter sur les roues et l'all\u00e9e.","breadcrumb":{"@id":"https:\/\/gliptoneeurope.com\/fr\/produit\/pack-de-2-applicateurs-de-brillance-des-pneus\/#breadcrumb"},"inLanguage":"fr-FR","potentialAction":[{"@type":"ReadAction","target":["https:\/\/gliptoneeurope.com\/fr\/produit\/pack-de-2-applicateurs-de-brillance-des-pneus\/"]}]},{"@type":"ImageObject","inLanguage":"fr-FR","@id":"https:\/\/gliptoneeurope.com\/fr\/produit\/pack-de-2-applicateurs-de-brillance-des-pneus\/#primaryimage","url":"https:\/\/gliptoneeurope.com\/wp-content\/uploads\/Tyre-Shine-Applicators.jpg","contentUrl":"https:\/\/gliptoneeurope.com\/wp-content\/uploads\/Tyre-Shine-Applicators.jpg","width":1701,"height":1701},{"@type":"BreadcrumbList","@id":"https:\/\/gliptoneeurope.com\/fr\/produit\/pack-de-2-applicateurs-de-brillance-des-pneus\/#breadcrumb","itemListElement":[{"@type":"ListItem","position":1,"name":"Home","item":"https:\/\/gliptoneeurope.com\/"},{"@type":"ListItem","position":2,"name":"Boutique","item":"https:\/\/gliptoneeurope.com\/fr\/boutique\/"},{"@type":"ListItem","position":3,"name":"Applicateurs d&#8217;\u00e9clat de pneus &#8211; Paquet de 2"}]},{"@type":"WebSite","@id":"https:\/\/gliptoneeurope.com\/#website","url":"https:\/\/gliptoneeurope.com\/","name":"Gliptone Europe","description":"Professional Car Detailing Products","publisher":{"@id":"https:\/\/gliptoneeurope.com\/#organization"},"potentialAction":[{"@type":"SearchAction","target":{"@type":"EntryPoint","urlTemplate":"https:\/\/gliptoneeurope.com\/?s={search_term_string}"},"query-input":{"@type":"PropertyValueSpecification","valueRequired":true,"valueName":"search_term_string"}}],"inLanguage":"fr-FR"},{"@type":"Organization","@id":"https:\/\/gliptoneeurope.com\/#organization","name":"Gliptone Europe","url":"https:\/\/gliptoneeurope.com\/","logo":{"@type":"ImageObject","inLanguage":"fr-FR","@id":"https:\/\/gliptoneeurope.com\/#\/schema\/logo\/image\/","url":"https:\/\/gliptoneeurope.com\/wp-content\/uploads\/Gliptone_Logo.png","contentUrl":"https:\/\/gliptoneeurope.com\/wp-content\/uploads\/Gliptone_Logo.png","width":1472,"height":607,"caption":"Gliptone Europe"},"image":{"@id":"https:\/\/gliptoneeurope.com\/#\/schema\/logo\/image\/"},"sameAs":["https:\/\/www.facebook.com\/gliptoneeurope\/","https:\/\/www.instagram.com\/gliptoneeurope\/","https:\/\/www.pinterest.co.uk\/GliptoneEurope\/"]}]}},"wcpa_form_fields":null,"_links":{"self":[{"href":"https:\/\/gliptoneeurope.com\/fr\/wp-json\/wp\/v2\/product\/12101","targetHints":{"allow":["GET"]}}],"collection":[{"href":"https:\/\/gliptoneeurope.com\/fr\/wp-json\/wp\/v2\/product"}],"about":[{"href":"https:\/\/gliptoneeurope.com\/fr\/wp-json\/wp\/v2\/types\/product"}],"wp:featuredmedia":[{"embeddable":true,"href":"https:\/\/gliptoneeurope.com\/fr\/wp-json\/wp\/v2\/media\/11022"}],"wp:attachment":[{"href":"https:\/\/gliptoneeurope.com\/fr\/wp-json\/wp\/v2\/media?parent=12101"}],"wp:term":[{"taxonomy":"product_brand","embeddable":true,"href":"https:\/\/gliptoneeurope.com\/fr\/wp-json\/wp\/v2\/product_brand?post=12101"},{"taxonomy":"product_cat","embeddable":true,"href":"https:\/\/gliptoneeurope.com\/fr\/wp-json\/wp\/v2\/product_cat?post=12101"},{"taxonomy":"product_tag","embeddable":true,"href":"https:\/\/gliptoneeurope.com\/fr\/wp-json\/wp\/v2\/product_tag?post=12101"}],"curies":[{"name":"wp","href":"https:\/\/api.w.org\/{rel}","templated":true}]}}