{"id":12100,"date":"2020-04-08T09:48:42","date_gmt":"2021-11-30T11:45:52","guid":{"rendered":"https:\/\/gliptoneeurope.com\/product\/apres-shampooing-avec-repulsif\/"},"modified":"2021-11-30T11:45:52","modified_gmt":"2021-11-30T11:45:52","slug":"revitalisant-avec-repulsif","status":"publish","type":"product","link":"https:\/\/gliptoneeurope.com\/fr\/produit\/revitalisant-avec-repulsif\/","title":{"rendered":"Apr\u00e8s-shampooing avec r\u00e9pulsif"},"content":{"rendered":"<p>Le revitalisant GT13 avec r\u00e9pulsif restaure, adoucit et prot\u00e8ge le cuir qui est soumis \u00e0 des conditions ext\u00e9rieures avec un produit non gras hydrofuge, ol\u00e9ofuge et antisalissure. GT13 est id\u00e9al pour les cuirs de motos, les voitures anciennes sans toit et le cuir sur lequel il peut pleuvoir, comme les \u00e9quipements \u00e9questres et sportifs, les articles de marche, les vestes et les sacs \u00e0 main.<\/p>\n<p>250 ml.<br \/>\n1 litre.<br \/>\n5 litres.<\/p>\n","protected":false},"excerpt":{"rendered":"<p>Le revitalisant GT13 avec r\u00e9pulsif restaure, adoucit et prot\u00e8ge le cuir qui est soumis \u00e0 des conditions ext\u00e9rieures avec un produit non gras hydrofuge, ol\u00e9ofuge et antisalissure. GT13 est id\u00e9al pour les cuirs de motos, les voitures anciennes sans toit et le cuir sur lequel il peut pleuvoir, comme les \u00e9quipements \u00e9questres et sportifs, les [&hellip;]<\/p>\n","protected":false},"featured_media":10298,"template":"","meta":[],"product_brand":[],"product_cat":[114,124,137],"product_tag":[],"class_list":{"0":"post-12100","1":"product","2":"type-product","3":"status-publish","4":"has-post-thumbnail","6":"product_cat-cuir","7":"product_cat-interieur","8":"product_cat-meilleures-ventes","10":"first","11":"instock","12":"taxable","13":"shipping-taxable","14":"purchasable","15":"product-type-variable"},"yoast_head":"<!-- This site is optimized with the Yoast SEO Premium plugin v21.4 (Yoast SEO v27.5) - https:\/\/yoast.com\/product\/yoast-seo-premium-wordpress\/ -->\n<title>Apr\u00e8s-shampooing avec r\u00e9pulsif - Gliptone Europe<\/title>\n<meta name=\"description\" content=\"Le revitalisant GT13 avec r\u00e9pulsif restaure, adoucit et prot\u00e8ge le cuir qui est soumis \u00e0 des conditions ext\u00e9rieures avec un produit non gras hydrofuge, ol\u00e9ofuge et antisalissure.\" \/>\n<meta name=\"robots\" content=\"index, follow, max-snippet:-1, max-image-preview:large, max-video-preview:-1\" \/>\n<link rel=\"canonical\" href=\"https:\/\/gliptoneeurope.com\/fr\/produit\/revitalisant-avec-repulsif\/\" \/>\n<meta property=\"og:locale\" content=\"fr_FR\" \/>\n<meta property=\"og:type\" content=\"article\" \/>\n<meta property=\"og:title\" content=\"Apr\u00e8s-shampooing avec r\u00e9pulsif\" \/>\n<meta property=\"og:description\" content=\"Le revitalisant GT13 avec r\u00e9pulsif restaure, adoucit et prot\u00e8ge le cuir qui est soumis \u00e0 des conditions ext\u00e9rieures avec un produit non gras hydrofuge,\" \/>\n<meta property=\"og:url\" content=\"https:\/\/gliptoneeurope.com\/fr\/produit\/revitalisant-avec-repulsif\/\" \/>\n<meta property=\"og:site_name\" content=\"Gliptone Europe\" \/>\n<meta property=\"article:publisher\" content=\"https:\/\/www.facebook.com\/gliptoneeurope\/\" \/>\n<meta property=\"og:image\" content=\"https:\/\/gliptoneeurope.com\/wp-content\/uploads\/Conditioner-with-repellent.jpg\" \/>\n\t<meta property=\"og:image:width\" content=\"1772\" \/>\n\t<meta property=\"og:image:height\" content=\"1772\" \/>\n\t<meta property=\"og:image:type\" content=\"image\/jpeg\" \/>\n<meta name=\"twitter:card\" content=\"summary_large_image\" \/>\n<script type=\"application\/ld+json\" class=\"yoast-schema-graph\">{\"@context\":\"https:\\\/\\\/schema.org\",\"@graph\":[{\"@type\":\"WebPage\",\"@id\":\"https:\\\/\\\/gliptoneeurope.com\\\/fr\\\/produit\\\/revitalisant-avec-repulsif\\\/\",\"url\":\"https:\\\/\\\/gliptoneeurope.com\\\/fr\\\/produit\\\/revitalisant-avec-repulsif\\\/\",\"name\":\"Apr\u00e8s-shampooing avec r\u00e9pulsif - Gliptone Europe\",\"isPartOf\":{\"@id\":\"https:\\\/\\\/gliptoneeurope.com\\\/#website\"},\"primaryImageOfPage\":{\"@id\":\"https:\\\/\\\/gliptoneeurope.com\\\/fr\\\/produit\\\/revitalisant-avec-repulsif\\\/#primaryimage\"},\"image\":{\"@id\":\"https:\\\/\\\/gliptoneeurope.com\\\/fr\\\/produit\\\/revitalisant-avec-repulsif\\\/#primaryimage\"},\"thumbnailUrl\":\"https:\\\/\\\/gliptoneeurope.com\\\/wp-content\\\/uploads\\\/Conditioner-with-repellent.jpg\",\"datePublished\":\"2021-11-30T11:45:52+00:00\",\"description\":\"Le revitalisant GT13 avec r\u00e9pulsif restaure, adoucit et prot\u00e8ge le cuir qui est soumis \u00e0 des conditions ext\u00e9rieures avec un produit non gras hydrofuge, ol\u00e9ofuge et antisalissure.\",\"breadcrumb\":{\"@id\":\"https:\\\/\\\/gliptoneeurope.com\\\/fr\\\/produit\\\/revitalisant-avec-repulsif\\\/#breadcrumb\"},\"inLanguage\":\"fr-FR\",\"potentialAction\":[{\"@type\":\"ReadAction\",\"target\":[\"https:\\\/\\\/gliptoneeurope.com\\\/fr\\\/produit\\\/revitalisant-avec-repulsif\\\/\"]}]},{\"@type\":\"ImageObject\",\"inLanguage\":\"fr-FR\",\"@id\":\"https:\\\/\\\/gliptoneeurope.com\\\/fr\\\/produit\\\/revitalisant-avec-repulsif\\\/#primaryimage\",\"url\":\"https:\\\/\\\/gliptoneeurope.com\\\/wp-content\\\/uploads\\\/Conditioner-with-repellent.jpg\",\"contentUrl\":\"https:\\\/\\\/gliptoneeurope.com\\\/wp-content\\\/uploads\\\/Conditioner-with-repellent.jpg\",\"width\":1772,\"height\":1772,\"caption\":\"Apr\u00e8s-shampooing avec r\u00e9pulsif\"},{\"@type\":\"BreadcrumbList\",\"@id\":\"https:\\\/\\\/gliptoneeurope.com\\\/fr\\\/produit\\\/revitalisant-avec-repulsif\\\/#breadcrumb\",\"itemListElement\":[{\"@type\":\"ListItem\",\"position\":1,\"name\":\"Home\",\"item\":\"https:\\\/\\\/gliptoneeurope.com\\\/\"},{\"@type\":\"ListItem\",\"position\":2,\"name\":\"Boutique\",\"item\":\"https:\\\/\\\/gliptoneeurope.com\\\/fr\\\/boutique\\\/\"},{\"@type\":\"ListItem\",\"position\":3,\"name\":\"Apr\u00e8s-shampooing avec r\u00e9pulsif\"}]},{\"@type\":\"WebSite\",\"@id\":\"https:\\\/\\\/gliptoneeurope.com\\\/#website\",\"url\":\"https:\\\/\\\/gliptoneeurope.com\\\/\",\"name\":\"Gliptone Europe\",\"description\":\"Professional Car Detailing Products\",\"publisher\":{\"@id\":\"https:\\\/\\\/gliptoneeurope.com\\\/#organization\"},\"potentialAction\":[{\"@type\":\"SearchAction\",\"target\":{\"@type\":\"EntryPoint\",\"urlTemplate\":\"https:\\\/\\\/gliptoneeurope.com\\\/?s={search_term_string}\"},\"query-input\":{\"@type\":\"PropertyValueSpecification\",\"valueRequired\":true,\"valueName\":\"search_term_string\"}}],\"inLanguage\":\"fr-FR\"},{\"@type\":\"Organization\",\"@id\":\"https:\\\/\\\/gliptoneeurope.com\\\/#organization\",\"name\":\"Gliptone Europe\",\"url\":\"https:\\\/\\\/gliptoneeurope.com\\\/\",\"logo\":{\"@type\":\"ImageObject\",\"inLanguage\":\"fr-FR\",\"@id\":\"https:\\\/\\\/gliptoneeurope.com\\\/#\\\/schema\\\/logo\\\/image\\\/\",\"url\":\"https:\\\/\\\/gliptoneeurope.com\\\/wp-content\\\/uploads\\\/Gliptone_Logo.png\",\"contentUrl\":\"https:\\\/\\\/gliptoneeurope.com\\\/wp-content\\\/uploads\\\/Gliptone_Logo.png\",\"width\":1472,\"height\":607,\"caption\":\"Gliptone Europe\"},\"image\":{\"@id\":\"https:\\\/\\\/gliptoneeurope.com\\\/#\\\/schema\\\/logo\\\/image\\\/\"},\"sameAs\":[\"https:\\\/\\\/www.facebook.com\\\/gliptoneeurope\\\/\",\"https:\\\/\\\/www.instagram.com\\\/gliptoneeurope\\\/\",\"https:\\\/\\\/www.pinterest.co.uk\\\/GliptoneEurope\\\/\"]}]}<\/script>\n<!-- \/ Yoast SEO Premium plugin. -->","yoast_head_json":{"title":"Apr\u00e8s-shampooing avec r\u00e9pulsif - Gliptone Europe","description":"Le revitalisant GT13 avec r\u00e9pulsif restaure, adoucit et prot\u00e8ge le cuir qui est soumis \u00e0 des conditions ext\u00e9rieures avec un produit non gras hydrofuge, ol\u00e9ofuge et antisalissure.","robots":{"index":"index","follow":"follow","max-snippet":"max-snippet:-1","max-image-preview":"max-image-preview:large","max-video-preview":"max-video-preview:-1"},"canonical":"https:\/\/gliptoneeurope.com\/fr\/produit\/revitalisant-avec-repulsif\/","og_locale":"fr_FR","og_type":"article","og_title":"Apr\u00e8s-shampooing avec r\u00e9pulsif","og_description":"Le revitalisant GT13 avec r\u00e9pulsif restaure, adoucit et prot\u00e8ge le cuir qui est soumis \u00e0 des conditions ext\u00e9rieures avec un produit non gras hydrofuge,","og_url":"https:\/\/gliptoneeurope.com\/fr\/produit\/revitalisant-avec-repulsif\/","og_site_name":"Gliptone Europe","article_publisher":"https:\/\/www.facebook.com\/gliptoneeurope\/","og_image":[{"width":1772,"height":1772,"url":"https:\/\/gliptoneeurope.com\/wp-content\/uploads\/Conditioner-with-repellent.jpg","type":"image\/jpeg"}],"twitter_card":"summary_large_image","schema":{"@context":"https:\/\/schema.org","@graph":[{"@type":"WebPage","@id":"https:\/\/gliptoneeurope.com\/fr\/produit\/revitalisant-avec-repulsif\/","url":"https:\/\/gliptoneeurope.com\/fr\/produit\/revitalisant-avec-repulsif\/","name":"Apr\u00e8s-shampooing avec r\u00e9pulsif - Gliptone Europe","isPartOf":{"@id":"https:\/\/gliptoneeurope.com\/#website"},"primaryImageOfPage":{"@id":"https:\/\/gliptoneeurope.com\/fr\/produit\/revitalisant-avec-repulsif\/#primaryimage"},"image":{"@id":"https:\/\/gliptoneeurope.com\/fr\/produit\/revitalisant-avec-repulsif\/#primaryimage"},"thumbnailUrl":"https:\/\/gliptoneeurope.com\/wp-content\/uploads\/Conditioner-with-repellent.jpg","datePublished":"2021-11-30T11:45:52+00:00","description":"Le revitalisant GT13 avec r\u00e9pulsif restaure, adoucit et prot\u00e8ge le cuir qui est soumis \u00e0 des conditions ext\u00e9rieures avec un produit non gras hydrofuge, ol\u00e9ofuge et antisalissure.","breadcrumb":{"@id":"https:\/\/gliptoneeurope.com\/fr\/produit\/revitalisant-avec-repulsif\/#breadcrumb"},"inLanguage":"fr-FR","potentialAction":[{"@type":"ReadAction","target":["https:\/\/gliptoneeurope.com\/fr\/produit\/revitalisant-avec-repulsif\/"]}]},{"@type":"ImageObject","inLanguage":"fr-FR","@id":"https:\/\/gliptoneeurope.com\/fr\/produit\/revitalisant-avec-repulsif\/#primaryimage","url":"https:\/\/gliptoneeurope.com\/wp-content\/uploads\/Conditioner-with-repellent.jpg","contentUrl":"https:\/\/gliptoneeurope.com\/wp-content\/uploads\/Conditioner-with-repellent.jpg","width":1772,"height":1772,"caption":"Apr\u00e8s-shampooing avec r\u00e9pulsif"},{"@type":"BreadcrumbList","@id":"https:\/\/gliptoneeurope.com\/fr\/produit\/revitalisant-avec-repulsif\/#breadcrumb","itemListElement":[{"@type":"ListItem","position":1,"name":"Home","item":"https:\/\/gliptoneeurope.com\/"},{"@type":"ListItem","position":2,"name":"Boutique","item":"https:\/\/gliptoneeurope.com\/fr\/boutique\/"},{"@type":"ListItem","position":3,"name":"Apr\u00e8s-shampooing avec r\u00e9pulsif"}]},{"@type":"WebSite","@id":"https:\/\/gliptoneeurope.com\/#website","url":"https:\/\/gliptoneeurope.com\/","name":"Gliptone Europe","description":"Professional Car Detailing Products","publisher":{"@id":"https:\/\/gliptoneeurope.com\/#organization"},"potentialAction":[{"@type":"SearchAction","target":{"@type":"EntryPoint","urlTemplate":"https:\/\/gliptoneeurope.com\/?s={search_term_string}"},"query-input":{"@type":"PropertyValueSpecification","valueRequired":true,"valueName":"search_term_string"}}],"inLanguage":"fr-FR"},{"@type":"Organization","@id":"https:\/\/gliptoneeurope.com\/#organization","name":"Gliptone Europe","url":"https:\/\/gliptoneeurope.com\/","logo":{"@type":"ImageObject","inLanguage":"fr-FR","@id":"https:\/\/gliptoneeurope.com\/#\/schema\/logo\/image\/","url":"https:\/\/gliptoneeurope.com\/wp-content\/uploads\/Gliptone_Logo.png","contentUrl":"https:\/\/gliptoneeurope.com\/wp-content\/uploads\/Gliptone_Logo.png","width":1472,"height":607,"caption":"Gliptone Europe"},"image":{"@id":"https:\/\/gliptoneeurope.com\/#\/schema\/logo\/image\/"},"sameAs":["https:\/\/www.facebook.com\/gliptoneeurope\/","https:\/\/www.instagram.com\/gliptoneeurope\/","https:\/\/www.pinterest.co.uk\/GliptoneEurope\/"]}]}},"wcpa_form_fields":null,"_links":{"self":[{"href":"https:\/\/gliptoneeurope.com\/fr\/wp-json\/wp\/v2\/product\/12100","targetHints":{"allow":["GET"]}}],"collection":[{"href":"https:\/\/gliptoneeurope.com\/fr\/wp-json\/wp\/v2\/product"}],"about":[{"href":"https:\/\/gliptoneeurope.com\/fr\/wp-json\/wp\/v2\/types\/product"}],"wp:featuredmedia":[{"embeddable":true,"href":"https:\/\/gliptoneeurope.com\/fr\/wp-json\/wp\/v2\/media\/10298"}],"wp:attachment":[{"href":"https:\/\/gliptoneeurope.com\/fr\/wp-json\/wp\/v2\/media?parent=12100"}],"wp:term":[{"taxonomy":"product_brand","embeddable":true,"href":"https:\/\/gliptoneeurope.com\/fr\/wp-json\/wp\/v2\/product_brand?post=12100"},{"taxonomy":"product_cat","embeddable":true,"href":"https:\/\/gliptoneeurope.com\/fr\/wp-json\/wp\/v2\/product_cat?post=12100"},{"taxonomy":"product_tag","embeddable":true,"href":"https:\/\/gliptoneeurope.com\/fr\/wp-json\/wp\/v2\/product_tag?post=12100"}],"curies":[{"name":"wp","href":"https:\/\/api.w.org\/{rel}","templated":true}]}}