{"id":12087,"date":"2020-04-08T09:20:14","date_gmt":"2021-11-30T11:45:48","guid":{"rendered":"https:\/\/gliptoneeurope.com\/product\/gt-surface-clenz\/"},"modified":"2021-11-30T11:45:48","modified_gmt":"2021-11-30T11:45:48","slug":"gt-surface-clenz-2","status":"publish","type":"product","link":"https:\/\/gliptoneeurope.com\/fr\/produit\/gt-surface-clenz-2\/","title":{"rendered":"GT Surface Clenz"},"content":{"rendered":"<p>GT Surface Clenz\u00ae de Gliptone est une solution de nettoyage en profondeur au pH neutre, non abrasive qui \u00e9limine efficacement et en toute s\u00e9curit\u00e9 les r\u00e9sidus persistants, de crasse, de cire et d&#8217;huile des surfaces de peinture, de verre, de m\u00e9tal, de vinyle et de plastique. L&#8217;objectif principal de ce produit est de pr\u00e9parer la surface cible pour le rev\u00eatement. Utilisez l\u00e0 o\u00f9 vous pourriez utiliser une IPA. N&#8217;en utilisez pas trop, \u00e9vitez la saturation. GT SURFACE CLENZ\u00ae va bien au-del\u00e0 de ce que peuvent apporter les d\u00e9graissants, l&#8217;alcool isopropylique et les solutions de solvants. GT SURFACE CLENZ\u00ae offre une surface parfaitement propre, lisse, sans traces et sans r\u00e9sidus. GT SURFACE CLENZ\u00ae laisse \u00e9galement la surface sans \u00e9lectricit\u00e9 statique, vous offrant une tranquillit\u00e9 d&#8217;esprit suppl\u00e9mentaire dans vos efforts pour maintenir une surface sans poussi\u00e8re juste avant l&#8217;application du rev\u00eatement.<\/p>\n<p>32 onces 900 ml.<br \/>\nGallon. 3800 ml.<\/p>\n","protected":false},"excerpt":{"rendered":"<p>GT Surface Clenz\u00ae de Gliptone est une solution de nettoyage en profondeur au pH neutre, non abrasive qui \u00e9limine efficacement et en toute s\u00e9curit\u00e9 les r\u00e9sidus persistants, de crasse, de cire et d&#8217;huile des surfaces de peinture, de verre, de m\u00e9tal, de vinyle et de plastique. L&#8217;objectif principal de ce produit est de pr\u00e9parer la [&hellip;]<\/p>\n","protected":false},"featured_media":10670,"template":"","meta":[],"product_brand":[],"product_cat":[160],"product_tag":[],"class_list":{"0":"post-12087","1":"product","2":"type-product","3":"status-publish","4":"has-post-thumbnail","6":"product_cat-revetements-en-ceramique","8":"first","9":"instock","10":"taxable","11":"shipping-taxable","12":"purchasable","13":"product-type-variable"},"yoast_head":"<!-- This site is optimized with the Yoast SEO Premium plugin v21.4 (Yoast SEO v27.4) - https:\/\/yoast.com\/product\/yoast-seo-premium-wordpress\/ -->\n<title>GT Surface Clenz - Gliptone Europe<\/title>\n<meta name=\"description\" content=\"GT Surface Clenz\u00ae de Gliptone est une solution de nettoyage en profondeur au pH neutre, non abrasive qui \u00e9limine efficacement et en toute s\u00e9curit\u00e9 les r\u00e9sidus persistants, de crasse, de cire et d&#039;huile des surfaces de peinture, de verre, de m\u00e9tal, de vinyle et de plastique.\" \/>\n<meta name=\"robots\" content=\"index, follow, max-snippet:-1, max-image-preview:large, max-video-preview:-1\" \/>\n<link rel=\"canonical\" href=\"https:\/\/gliptoneeurope.com\/fr\/produit\/gt-surface-clenz-2\/\" \/>\n<meta property=\"og:locale\" content=\"fr_FR\" \/>\n<meta property=\"og:type\" content=\"article\" \/>\n<meta property=\"og:title\" content=\"GT Surface Clenz\" \/>\n<meta property=\"og:description\" content=\"GT Surface Clenz\u00ae de Gliptone est une solution de nettoyage en profondeur au pH neutre, non abrasive qui \u00e9limine efficacement et en toute s\u00e9curit\u00e9 les\" \/>\n<meta property=\"og:url\" content=\"https:\/\/gliptoneeurope.com\/fr\/produit\/gt-surface-clenz-2\/\" \/>\n<meta property=\"og:site_name\" content=\"Gliptone Europe\" \/>\n<meta property=\"article:publisher\" content=\"https:\/\/www.facebook.com\/gliptoneeurope\/\" \/>\n<meta property=\"og:image\" content=\"https:\/\/gliptoneeurope.com\/wp-content\/uploads\/GT-Surface-Clenz-950ml-32oz.jpg\" \/>\n\t<meta property=\"og:image:width\" content=\"1531\" \/>\n\t<meta property=\"og:image:height\" content=\"1532\" \/>\n\t<meta property=\"og:image:type\" content=\"image\/jpeg\" \/>\n<meta name=\"twitter:card\" content=\"summary_large_image\" \/>\n<meta name=\"twitter:label1\" content=\"Dur\u00e9e de lecture estim\u00e9e\" \/>\n\t<meta name=\"twitter:data1\" content=\"1 minute\" \/>\n<script type=\"application\/ld+json\" class=\"yoast-schema-graph\">{\"@context\":\"https:\\\/\\\/schema.org\",\"@graph\":[{\"@type\":\"WebPage\",\"@id\":\"https:\\\/\\\/gliptoneeurope.com\\\/fr\\\/produit\\\/gt-surface-clenz-2\\\/\",\"url\":\"https:\\\/\\\/gliptoneeurope.com\\\/fr\\\/produit\\\/gt-surface-clenz-2\\\/\",\"name\":\"GT Surface Clenz - Gliptone Europe\",\"isPartOf\":{\"@id\":\"https:\\\/\\\/gliptoneeurope.com\\\/#website\"},\"primaryImageOfPage\":{\"@id\":\"https:\\\/\\\/gliptoneeurope.com\\\/fr\\\/produit\\\/gt-surface-clenz-2\\\/#primaryimage\"},\"image\":{\"@id\":\"https:\\\/\\\/gliptoneeurope.com\\\/fr\\\/produit\\\/gt-surface-clenz-2\\\/#primaryimage\"},\"thumbnailUrl\":\"https:\\\/\\\/gliptoneeurope.com\\\/wp-content\\\/uploads\\\/GT-Surface-Clenz-950ml-32oz.jpg\",\"datePublished\":\"2021-11-30T11:45:48+00:00\",\"description\":\"GT Surface Clenz\u00ae de Gliptone est une solution de nettoyage en profondeur au pH neutre, non abrasive qui \u00e9limine efficacement et en toute s\u00e9curit\u00e9 les r\u00e9sidus persistants, de crasse, de cire et d'huile des surfaces de peinture, de verre, de m\u00e9tal, de vinyle et de plastique.\",\"breadcrumb\":{\"@id\":\"https:\\\/\\\/gliptoneeurope.com\\\/fr\\\/produit\\\/gt-surface-clenz-2\\\/#breadcrumb\"},\"inLanguage\":\"fr-FR\",\"potentialAction\":[{\"@type\":\"ReadAction\",\"target\":[\"https:\\\/\\\/gliptoneeurope.com\\\/fr\\\/produit\\\/gt-surface-clenz-2\\\/\"]}]},{\"@type\":\"ImageObject\",\"inLanguage\":\"fr-FR\",\"@id\":\"https:\\\/\\\/gliptoneeurope.com\\\/fr\\\/produit\\\/gt-surface-clenz-2\\\/#primaryimage\",\"url\":\"https:\\\/\\\/gliptoneeurope.com\\\/wp-content\\\/uploads\\\/GT-Surface-Clenz-950ml-32oz.jpg\",\"contentUrl\":\"https:\\\/\\\/gliptoneeurope.com\\\/wp-content\\\/uploads\\\/GT-Surface-Clenz-950ml-32oz.jpg\",\"width\":1531,\"height\":1532},{\"@type\":\"BreadcrumbList\",\"@id\":\"https:\\\/\\\/gliptoneeurope.com\\\/fr\\\/produit\\\/gt-surface-clenz-2\\\/#breadcrumb\",\"itemListElement\":[{\"@type\":\"ListItem\",\"position\":1,\"name\":\"Home\",\"item\":\"https:\\\/\\\/gliptoneeurope.com\\\/\"},{\"@type\":\"ListItem\",\"position\":2,\"name\":\"Boutique\",\"item\":\"https:\\\/\\\/gliptoneeurope.com\\\/fr\\\/boutique\\\/\"},{\"@type\":\"ListItem\",\"position\":3,\"name\":\"GT Surface Clenz\"}]},{\"@type\":\"WebSite\",\"@id\":\"https:\\\/\\\/gliptoneeurope.com\\\/#website\",\"url\":\"https:\\\/\\\/gliptoneeurope.com\\\/\",\"name\":\"Gliptone Europe\",\"description\":\"Professional Car Detailing Products\",\"publisher\":{\"@id\":\"https:\\\/\\\/gliptoneeurope.com\\\/#organization\"},\"potentialAction\":[{\"@type\":\"SearchAction\",\"target\":{\"@type\":\"EntryPoint\",\"urlTemplate\":\"https:\\\/\\\/gliptoneeurope.com\\\/?s={search_term_string}\"},\"query-input\":{\"@type\":\"PropertyValueSpecification\",\"valueRequired\":true,\"valueName\":\"search_term_string\"}}],\"inLanguage\":\"fr-FR\"},{\"@type\":\"Organization\",\"@id\":\"https:\\\/\\\/gliptoneeurope.com\\\/#organization\",\"name\":\"Gliptone Europe\",\"url\":\"https:\\\/\\\/gliptoneeurope.com\\\/\",\"logo\":{\"@type\":\"ImageObject\",\"inLanguage\":\"fr-FR\",\"@id\":\"https:\\\/\\\/gliptoneeurope.com\\\/#\\\/schema\\\/logo\\\/image\\\/\",\"url\":\"https:\\\/\\\/gliptoneeurope.com\\\/wp-content\\\/uploads\\\/Gliptone_Logo.png\",\"contentUrl\":\"https:\\\/\\\/gliptoneeurope.com\\\/wp-content\\\/uploads\\\/Gliptone_Logo.png\",\"width\":1472,\"height\":607,\"caption\":\"Gliptone Europe\"},\"image\":{\"@id\":\"https:\\\/\\\/gliptoneeurope.com\\\/#\\\/schema\\\/logo\\\/image\\\/\"},\"sameAs\":[\"https:\\\/\\\/www.facebook.com\\\/gliptoneeurope\\\/\",\"https:\\\/\\\/www.instagram.com\\\/gliptoneeurope\\\/\",\"https:\\\/\\\/www.pinterest.co.uk\\\/GliptoneEurope\\\/\"]}]}<\/script>\n<!-- \/ Yoast SEO Premium plugin. -->","yoast_head_json":{"title":"GT Surface Clenz - Gliptone Europe","description":"GT Surface Clenz\u00ae de Gliptone est une solution de nettoyage en profondeur au pH neutre, non abrasive qui \u00e9limine efficacement et en toute s\u00e9curit\u00e9 les r\u00e9sidus persistants, de crasse, de cire et d'huile des surfaces de peinture, de verre, de m\u00e9tal, de vinyle et de plastique.","robots":{"index":"index","follow":"follow","max-snippet":"max-snippet:-1","max-image-preview":"max-image-preview:large","max-video-preview":"max-video-preview:-1"},"canonical":"https:\/\/gliptoneeurope.com\/fr\/produit\/gt-surface-clenz-2\/","og_locale":"fr_FR","og_type":"article","og_title":"GT Surface Clenz","og_description":"GT Surface Clenz\u00ae de Gliptone est une solution de nettoyage en profondeur au pH neutre, non abrasive qui \u00e9limine efficacement et en toute s\u00e9curit\u00e9 les","og_url":"https:\/\/gliptoneeurope.com\/fr\/produit\/gt-surface-clenz-2\/","og_site_name":"Gliptone Europe","article_publisher":"https:\/\/www.facebook.com\/gliptoneeurope\/","og_image":[{"width":1531,"height":1532,"url":"https:\/\/gliptoneeurope.com\/wp-content\/uploads\/GT-Surface-Clenz-950ml-32oz.jpg","type":"image\/jpeg"}],"twitter_card":"summary_large_image","twitter_misc":{"Dur\u00e9e de lecture estim\u00e9e":"1 minute"},"schema":{"@context":"https:\/\/schema.org","@graph":[{"@type":"WebPage","@id":"https:\/\/gliptoneeurope.com\/fr\/produit\/gt-surface-clenz-2\/","url":"https:\/\/gliptoneeurope.com\/fr\/produit\/gt-surface-clenz-2\/","name":"GT Surface Clenz - Gliptone Europe","isPartOf":{"@id":"https:\/\/gliptoneeurope.com\/#website"},"primaryImageOfPage":{"@id":"https:\/\/gliptoneeurope.com\/fr\/produit\/gt-surface-clenz-2\/#primaryimage"},"image":{"@id":"https:\/\/gliptoneeurope.com\/fr\/produit\/gt-surface-clenz-2\/#primaryimage"},"thumbnailUrl":"https:\/\/gliptoneeurope.com\/wp-content\/uploads\/GT-Surface-Clenz-950ml-32oz.jpg","datePublished":"2021-11-30T11:45:48+00:00","description":"GT Surface Clenz\u00ae de Gliptone est une solution de nettoyage en profondeur au pH neutre, non abrasive qui \u00e9limine efficacement et en toute s\u00e9curit\u00e9 les r\u00e9sidus persistants, de crasse, de cire et d'huile des surfaces de peinture, de verre, de m\u00e9tal, de vinyle et de plastique.","breadcrumb":{"@id":"https:\/\/gliptoneeurope.com\/fr\/produit\/gt-surface-clenz-2\/#breadcrumb"},"inLanguage":"fr-FR","potentialAction":[{"@type":"ReadAction","target":["https:\/\/gliptoneeurope.com\/fr\/produit\/gt-surface-clenz-2\/"]}]},{"@type":"ImageObject","inLanguage":"fr-FR","@id":"https:\/\/gliptoneeurope.com\/fr\/produit\/gt-surface-clenz-2\/#primaryimage","url":"https:\/\/gliptoneeurope.com\/wp-content\/uploads\/GT-Surface-Clenz-950ml-32oz.jpg","contentUrl":"https:\/\/gliptoneeurope.com\/wp-content\/uploads\/GT-Surface-Clenz-950ml-32oz.jpg","width":1531,"height":1532},{"@type":"BreadcrumbList","@id":"https:\/\/gliptoneeurope.com\/fr\/produit\/gt-surface-clenz-2\/#breadcrumb","itemListElement":[{"@type":"ListItem","position":1,"name":"Home","item":"https:\/\/gliptoneeurope.com\/"},{"@type":"ListItem","position":2,"name":"Boutique","item":"https:\/\/gliptoneeurope.com\/fr\/boutique\/"},{"@type":"ListItem","position":3,"name":"GT Surface Clenz"}]},{"@type":"WebSite","@id":"https:\/\/gliptoneeurope.com\/#website","url":"https:\/\/gliptoneeurope.com\/","name":"Gliptone Europe","description":"Professional Car Detailing Products","publisher":{"@id":"https:\/\/gliptoneeurope.com\/#organization"},"potentialAction":[{"@type":"SearchAction","target":{"@type":"EntryPoint","urlTemplate":"https:\/\/gliptoneeurope.com\/?s={search_term_string}"},"query-input":{"@type":"PropertyValueSpecification","valueRequired":true,"valueName":"search_term_string"}}],"inLanguage":"fr-FR"},{"@type":"Organization","@id":"https:\/\/gliptoneeurope.com\/#organization","name":"Gliptone Europe","url":"https:\/\/gliptoneeurope.com\/","logo":{"@type":"ImageObject","inLanguage":"fr-FR","@id":"https:\/\/gliptoneeurope.com\/#\/schema\/logo\/image\/","url":"https:\/\/gliptoneeurope.com\/wp-content\/uploads\/Gliptone_Logo.png","contentUrl":"https:\/\/gliptoneeurope.com\/wp-content\/uploads\/Gliptone_Logo.png","width":1472,"height":607,"caption":"Gliptone Europe"},"image":{"@id":"https:\/\/gliptoneeurope.com\/#\/schema\/logo\/image\/"},"sameAs":["https:\/\/www.facebook.com\/gliptoneeurope\/","https:\/\/www.instagram.com\/gliptoneeurope\/","https:\/\/www.pinterest.co.uk\/GliptoneEurope\/"]}]}},"wcpa_form_fields":null,"_links":{"self":[{"href":"https:\/\/gliptoneeurope.com\/fr\/wp-json\/wp\/v2\/product\/12087","targetHints":{"allow":["GET"]}}],"collection":[{"href":"https:\/\/gliptoneeurope.com\/fr\/wp-json\/wp\/v2\/product"}],"about":[{"href":"https:\/\/gliptoneeurope.com\/fr\/wp-json\/wp\/v2\/types\/product"}],"wp:featuredmedia":[{"embeddable":true,"href":"https:\/\/gliptoneeurope.com\/fr\/wp-json\/wp\/v2\/media\/10670"}],"wp:attachment":[{"href":"https:\/\/gliptoneeurope.com\/fr\/wp-json\/wp\/v2\/media?parent=12087"}],"wp:term":[{"taxonomy":"product_brand","embeddable":true,"href":"https:\/\/gliptoneeurope.com\/fr\/wp-json\/wp\/v2\/product_brand?post=12087"},{"taxonomy":"product_cat","embeddable":true,"href":"https:\/\/gliptoneeurope.com\/fr\/wp-json\/wp\/v2\/product_cat?post=12087"},{"taxonomy":"product_tag","embeddable":true,"href":"https:\/\/gliptoneeurope.com\/fr\/wp-json\/wp\/v2\/product_tag?post=12087"}],"curies":[{"name":"wp","href":"https:\/\/api.w.org\/{rel}","templated":true}]}}