{"id":12070,"date":"2020-04-08T10:00:46","date_gmt":"2021-11-30T11:44:25","guid":{"rendered":"https:\/\/gliptoneeurope.com\/product\/vernis-a-metaux-liquide-grade-moyen-vert\/"},"modified":"2021-11-30T11:44:25","modified_gmt":"2021-11-30T11:44:25","slug":"metal-liquide-polonais-degre-moyen-vert","status":"publish","type":"product","link":"https:\/\/gliptoneeurope.com\/fr\/produit\/metal-liquide-polonais-degre-moyen-vert\/","title":{"rendered":"Vernis \u00e0 m\u00e9taux liquide GRADE MOYEN (VERT)"},"content":{"rendered":"<p>Le polissage pour m\u00e9taux liquide de qualit\u00e9 moyenne abrasive de GLIPTONE est recommand\u00e9 pour le polissage et l&#8217;entretien des m\u00e9taux durs comme l&#8217;acier inoxydable, le chrome, le nickel ou le magn\u00e9sium. Il s&#8217;attaquera \u00e9galement \u00e0 la corrosion \u00e0 moyenne port\u00e9e, \u00e0 l&#8217;oxydation, au goudron, \u00e0 la rouille, aux taches et au ternissement de l&#8217;aluminium, du laiton, du cuivre et du bronze avec la plus grande facilit\u00e9. REMARQUE : Ce polish ne contient ni ammoniaque, ni acide, ni eau. Par cons\u00e9quent, GLIPTONE metal polish s&#8217;applique et s&#8217;enl\u00e8ve plus facilement et va deux fois plus loin que n&#8217;importe quel autre polish m\u00e9tal. GLIPTONE Metal Polish scelle et prot\u00e8ge avec des huiles et des cires p\u00e9n\u00e9trantes pour un \u00e9clat brillant de longue dur\u00e9e.<\/p>\n<p>16 onces. 470 ml.<\/p>\n<hr>\n<div class='avia-iframe-wrap'><iframe loading=\"lazy\" title=\"Gliptone Metal Polish Demo from SEMA 2017\" width=\"1500\" height=\"844\" src=\"https:\/\/www.youtube.com\/embed\/Kn7ncHXGDsA?feature=oembed\" frameborder=\"0\" allow=\"accelerometer; autoplay; clipboard-write; encrypted-media; gyroscope; picture-in-picture\" allowfullscreen><\/iframe><\/div>\n","protected":false},"excerpt":{"rendered":"<p>Le polissage pour m\u00e9taux liquide de qualit\u00e9 moyenne abrasive de GLIPTONE est recommand\u00e9 pour le polissage et l&#8217;entretien des m\u00e9taux durs comme l&#8217;acier inoxydable, le chrome, le nickel ou le magn\u00e9sium. Il s&#8217;attaquera \u00e9galement \u00e0 la corrosion \u00e0 moyenne port\u00e9e, \u00e0 l&#8217;oxydation, au goudron, \u00e0 la rouille, aux taches et au ternissement de l&#8217;aluminium, du [&hellip;]<\/p>\n","protected":false},"featured_media":10306,"template":"","meta":[],"product_brand":[],"product_cat":[103,157],"product_tag":[],"class_list":{"0":"post-12070","1":"product","2":"type-product","3":"status-publish","4":"has-post-thumbnail","6":"product_cat-decorateurs-dexterieur-polissoirs","7":"product_cat-moteur","9":"first","10":"instock","11":"taxable","12":"shipping-taxable","13":"purchasable","14":"product-type-simple"},"yoast_head":"<!-- This site is optimized with the Yoast SEO Premium plugin v21.4 (Yoast SEO v27.5) - https:\/\/yoast.com\/product\/yoast-seo-premium-wordpress\/ -->\n<title>Vernis \u00e0 m\u00e9taux liquide GRADE MOYEN (VERT) - Gliptone Europe<\/title>\n<meta name=\"description\" content=\"Le polissage pour m\u00e9taux liquide de qualit\u00e9 moyenne abrasive de GLIPTONE est recommand\u00e9 pour le polissage et l&#039;entretien des m\u00e9taux durs comme l&#039;acier inoxydable, le chrome, le nickel ou le magn\u00e9sium.\" \/>\n<meta name=\"robots\" content=\"index, follow, max-snippet:-1, max-image-preview:large, max-video-preview:-1\" \/>\n<link rel=\"canonical\" href=\"https:\/\/gliptoneeurope.com\/fr\/produit\/metal-liquide-polonais-degre-moyen-vert\/\" \/>\n<meta property=\"og:locale\" content=\"fr_FR\" \/>\n<meta property=\"og:type\" content=\"article\" \/>\n<meta property=\"og:title\" content=\"Vernis \u00e0 m\u00e9taux liquide GRADE MOYEN (VERT)\" \/>\n<meta property=\"og:description\" content=\"Le polissage pour m\u00e9taux liquide de qualit\u00e9 moyenne abrasive de GLIPTONE est recommand\u00e9 pour le polissage et l&#039;entretien des m\u00e9taux durs comme l&#039;acier\" \/>\n<meta property=\"og:url\" content=\"https:\/\/gliptoneeurope.com\/fr\/produit\/metal-liquide-polonais-degre-moyen-vert\/\" \/>\n<meta property=\"og:site_name\" content=\"Gliptone Europe\" \/>\n<meta property=\"article:publisher\" content=\"https:\/\/www.facebook.com\/gliptoneeurope\/\" \/>\n<meta property=\"og:image\" content=\"https:\/\/gliptoneeurope.com\/wp-content\/uploads\/Liquid-Metal-Polish-Medium-Grade.jpg\" \/>\n\t<meta property=\"og:image:width\" content=\"1772\" \/>\n\t<meta property=\"og:image:height\" content=\"1772\" \/>\n\t<meta property=\"og:image:type\" content=\"image\/jpeg\" \/>\n<meta name=\"twitter:card\" content=\"summary_large_image\" \/>\n<meta name=\"twitter:label1\" content=\"Dur\u00e9e de lecture estim\u00e9e\" \/>\n\t<meta name=\"twitter:data1\" content=\"1 minute\" \/>\n<script type=\"application\/ld+json\" class=\"yoast-schema-graph\">{\"@context\":\"https:\\\/\\\/schema.org\",\"@graph\":[{\"@type\":\"WebPage\",\"@id\":\"https:\\\/\\\/gliptoneeurope.com\\\/fr\\\/produit\\\/metal-liquide-polonais-degre-moyen-vert\\\/\",\"url\":\"https:\\\/\\\/gliptoneeurope.com\\\/fr\\\/produit\\\/metal-liquide-polonais-degre-moyen-vert\\\/\",\"name\":\"Vernis \u00e0 m\u00e9taux liquide GRADE MOYEN (VERT) - Gliptone Europe\",\"isPartOf\":{\"@id\":\"https:\\\/\\\/gliptoneeurope.com\\\/#website\"},\"primaryImageOfPage\":{\"@id\":\"https:\\\/\\\/gliptoneeurope.com\\\/fr\\\/produit\\\/metal-liquide-polonais-degre-moyen-vert\\\/#primaryimage\"},\"image\":{\"@id\":\"https:\\\/\\\/gliptoneeurope.com\\\/fr\\\/produit\\\/metal-liquide-polonais-degre-moyen-vert\\\/#primaryimage\"},\"thumbnailUrl\":\"https:\\\/\\\/gliptoneeurope.com\\\/wp-content\\\/uploads\\\/Liquid-Metal-Polish-Medium-Grade.jpg\",\"datePublished\":\"2021-11-30T11:44:25+00:00\",\"description\":\"Le polissage pour m\u00e9taux liquide de qualit\u00e9 moyenne abrasive de GLIPTONE est recommand\u00e9 pour le polissage et l'entretien des m\u00e9taux durs comme l'acier inoxydable, le chrome, le nickel ou le magn\u00e9sium.\",\"breadcrumb\":{\"@id\":\"https:\\\/\\\/gliptoneeurope.com\\\/fr\\\/produit\\\/metal-liquide-polonais-degre-moyen-vert\\\/#breadcrumb\"},\"inLanguage\":\"fr-FR\",\"potentialAction\":[{\"@type\":\"ReadAction\",\"target\":[\"https:\\\/\\\/gliptoneeurope.com\\\/fr\\\/produit\\\/metal-liquide-polonais-degre-moyen-vert\\\/\"]}]},{\"@type\":\"ImageObject\",\"inLanguage\":\"fr-FR\",\"@id\":\"https:\\\/\\\/gliptoneeurope.com\\\/fr\\\/produit\\\/metal-liquide-polonais-degre-moyen-vert\\\/#primaryimage\",\"url\":\"https:\\\/\\\/gliptoneeurope.com\\\/wp-content\\\/uploads\\\/Liquid-Metal-Polish-Medium-Grade.jpg\",\"contentUrl\":\"https:\\\/\\\/gliptoneeurope.com\\\/wp-content\\\/uploads\\\/Liquid-Metal-Polish-Medium-Grade.jpg\",\"width\":1772,\"height\":1772,\"caption\":\"Vernis \u00e0 m\u00e9taux liquide - Qualit\u00e9 moyenne\"},{\"@type\":\"BreadcrumbList\",\"@id\":\"https:\\\/\\\/gliptoneeurope.com\\\/fr\\\/produit\\\/metal-liquide-polonais-degre-moyen-vert\\\/#breadcrumb\",\"itemListElement\":[{\"@type\":\"ListItem\",\"position\":1,\"name\":\"Home\",\"item\":\"https:\\\/\\\/gliptoneeurope.com\\\/\"},{\"@type\":\"ListItem\",\"position\":2,\"name\":\"Boutique\",\"item\":\"https:\\\/\\\/gliptoneeurope.com\\\/fr\\\/boutique\\\/\"},{\"@type\":\"ListItem\",\"position\":3,\"name\":\"Vernis \u00e0 m\u00e9taux liquide GRADE MOYEN (VERT)\"}]},{\"@type\":\"WebSite\",\"@id\":\"https:\\\/\\\/gliptoneeurope.com\\\/#website\",\"url\":\"https:\\\/\\\/gliptoneeurope.com\\\/\",\"name\":\"Gliptone Europe\",\"description\":\"Professional Car Detailing Products\",\"publisher\":{\"@id\":\"https:\\\/\\\/gliptoneeurope.com\\\/#organization\"},\"potentialAction\":[{\"@type\":\"SearchAction\",\"target\":{\"@type\":\"EntryPoint\",\"urlTemplate\":\"https:\\\/\\\/gliptoneeurope.com\\\/?s={search_term_string}\"},\"query-input\":{\"@type\":\"PropertyValueSpecification\",\"valueRequired\":true,\"valueName\":\"search_term_string\"}}],\"inLanguage\":\"fr-FR\"},{\"@type\":\"Organization\",\"@id\":\"https:\\\/\\\/gliptoneeurope.com\\\/#organization\",\"name\":\"Gliptone Europe\",\"url\":\"https:\\\/\\\/gliptoneeurope.com\\\/\",\"logo\":{\"@type\":\"ImageObject\",\"inLanguage\":\"fr-FR\",\"@id\":\"https:\\\/\\\/gliptoneeurope.com\\\/#\\\/schema\\\/logo\\\/image\\\/\",\"url\":\"https:\\\/\\\/gliptoneeurope.com\\\/wp-content\\\/uploads\\\/Gliptone_Logo.png\",\"contentUrl\":\"https:\\\/\\\/gliptoneeurope.com\\\/wp-content\\\/uploads\\\/Gliptone_Logo.png\",\"width\":1472,\"height\":607,\"caption\":\"Gliptone Europe\"},\"image\":{\"@id\":\"https:\\\/\\\/gliptoneeurope.com\\\/#\\\/schema\\\/logo\\\/image\\\/\"},\"sameAs\":[\"https:\\\/\\\/www.facebook.com\\\/gliptoneeurope\\\/\",\"https:\\\/\\\/www.instagram.com\\\/gliptoneeurope\\\/\",\"https:\\\/\\\/www.pinterest.co.uk\\\/GliptoneEurope\\\/\"]}]}<\/script>\n<!-- \/ Yoast SEO Premium plugin. -->","yoast_head_json":{"title":"Vernis \u00e0 m\u00e9taux liquide GRADE MOYEN (VERT) - Gliptone Europe","description":"Le polissage pour m\u00e9taux liquide de qualit\u00e9 moyenne abrasive de GLIPTONE est recommand\u00e9 pour le polissage et l'entretien des m\u00e9taux durs comme l'acier inoxydable, le chrome, le nickel ou le magn\u00e9sium.","robots":{"index":"index","follow":"follow","max-snippet":"max-snippet:-1","max-image-preview":"max-image-preview:large","max-video-preview":"max-video-preview:-1"},"canonical":"https:\/\/gliptoneeurope.com\/fr\/produit\/metal-liquide-polonais-degre-moyen-vert\/","og_locale":"fr_FR","og_type":"article","og_title":"Vernis \u00e0 m\u00e9taux liquide GRADE MOYEN (VERT)","og_description":"Le polissage pour m\u00e9taux liquide de qualit\u00e9 moyenne abrasive de GLIPTONE est recommand\u00e9 pour le polissage et l'entretien des m\u00e9taux durs comme l'acier","og_url":"https:\/\/gliptoneeurope.com\/fr\/produit\/metal-liquide-polonais-degre-moyen-vert\/","og_site_name":"Gliptone Europe","article_publisher":"https:\/\/www.facebook.com\/gliptoneeurope\/","og_image":[{"width":1772,"height":1772,"url":"https:\/\/gliptoneeurope.com\/wp-content\/uploads\/Liquid-Metal-Polish-Medium-Grade.jpg","type":"image\/jpeg"}],"twitter_card":"summary_large_image","twitter_misc":{"Dur\u00e9e de lecture estim\u00e9e":"1 minute"},"schema":{"@context":"https:\/\/schema.org","@graph":[{"@type":"WebPage","@id":"https:\/\/gliptoneeurope.com\/fr\/produit\/metal-liquide-polonais-degre-moyen-vert\/","url":"https:\/\/gliptoneeurope.com\/fr\/produit\/metal-liquide-polonais-degre-moyen-vert\/","name":"Vernis \u00e0 m\u00e9taux liquide GRADE MOYEN (VERT) - Gliptone Europe","isPartOf":{"@id":"https:\/\/gliptoneeurope.com\/#website"},"primaryImageOfPage":{"@id":"https:\/\/gliptoneeurope.com\/fr\/produit\/metal-liquide-polonais-degre-moyen-vert\/#primaryimage"},"image":{"@id":"https:\/\/gliptoneeurope.com\/fr\/produit\/metal-liquide-polonais-degre-moyen-vert\/#primaryimage"},"thumbnailUrl":"https:\/\/gliptoneeurope.com\/wp-content\/uploads\/Liquid-Metal-Polish-Medium-Grade.jpg","datePublished":"2021-11-30T11:44:25+00:00","description":"Le polissage pour m\u00e9taux liquide de qualit\u00e9 moyenne abrasive de GLIPTONE est recommand\u00e9 pour le polissage et l'entretien des m\u00e9taux durs comme l'acier inoxydable, le chrome, le nickel ou le magn\u00e9sium.","breadcrumb":{"@id":"https:\/\/gliptoneeurope.com\/fr\/produit\/metal-liquide-polonais-degre-moyen-vert\/#breadcrumb"},"inLanguage":"fr-FR","potentialAction":[{"@type":"ReadAction","target":["https:\/\/gliptoneeurope.com\/fr\/produit\/metal-liquide-polonais-degre-moyen-vert\/"]}]},{"@type":"ImageObject","inLanguage":"fr-FR","@id":"https:\/\/gliptoneeurope.com\/fr\/produit\/metal-liquide-polonais-degre-moyen-vert\/#primaryimage","url":"https:\/\/gliptoneeurope.com\/wp-content\/uploads\/Liquid-Metal-Polish-Medium-Grade.jpg","contentUrl":"https:\/\/gliptoneeurope.com\/wp-content\/uploads\/Liquid-Metal-Polish-Medium-Grade.jpg","width":1772,"height":1772,"caption":"Vernis \u00e0 m\u00e9taux liquide - Qualit\u00e9 moyenne"},{"@type":"BreadcrumbList","@id":"https:\/\/gliptoneeurope.com\/fr\/produit\/metal-liquide-polonais-degre-moyen-vert\/#breadcrumb","itemListElement":[{"@type":"ListItem","position":1,"name":"Home","item":"https:\/\/gliptoneeurope.com\/"},{"@type":"ListItem","position":2,"name":"Boutique","item":"https:\/\/gliptoneeurope.com\/fr\/boutique\/"},{"@type":"ListItem","position":3,"name":"Vernis \u00e0 m\u00e9taux liquide GRADE MOYEN (VERT)"}]},{"@type":"WebSite","@id":"https:\/\/gliptoneeurope.com\/#website","url":"https:\/\/gliptoneeurope.com\/","name":"Gliptone Europe","description":"Professional Car Detailing Products","publisher":{"@id":"https:\/\/gliptoneeurope.com\/#organization"},"potentialAction":[{"@type":"SearchAction","target":{"@type":"EntryPoint","urlTemplate":"https:\/\/gliptoneeurope.com\/?s={search_term_string}"},"query-input":{"@type":"PropertyValueSpecification","valueRequired":true,"valueName":"search_term_string"}}],"inLanguage":"fr-FR"},{"@type":"Organization","@id":"https:\/\/gliptoneeurope.com\/#organization","name":"Gliptone Europe","url":"https:\/\/gliptoneeurope.com\/","logo":{"@type":"ImageObject","inLanguage":"fr-FR","@id":"https:\/\/gliptoneeurope.com\/#\/schema\/logo\/image\/","url":"https:\/\/gliptoneeurope.com\/wp-content\/uploads\/Gliptone_Logo.png","contentUrl":"https:\/\/gliptoneeurope.com\/wp-content\/uploads\/Gliptone_Logo.png","width":1472,"height":607,"caption":"Gliptone Europe"},"image":{"@id":"https:\/\/gliptoneeurope.com\/#\/schema\/logo\/image\/"},"sameAs":["https:\/\/www.facebook.com\/gliptoneeurope\/","https:\/\/www.instagram.com\/gliptoneeurope\/","https:\/\/www.pinterest.co.uk\/GliptoneEurope\/"]}]}},"wcpa_form_fields":null,"_links":{"self":[{"href":"https:\/\/gliptoneeurope.com\/fr\/wp-json\/wp\/v2\/product\/12070","targetHints":{"allow":["GET"]}}],"collection":[{"href":"https:\/\/gliptoneeurope.com\/fr\/wp-json\/wp\/v2\/product"}],"about":[{"href":"https:\/\/gliptoneeurope.com\/fr\/wp-json\/wp\/v2\/types\/product"}],"wp:featuredmedia":[{"embeddable":true,"href":"https:\/\/gliptoneeurope.com\/fr\/wp-json\/wp\/v2\/media\/10306"}],"wp:attachment":[{"href":"https:\/\/gliptoneeurope.com\/fr\/wp-json\/wp\/v2\/media?parent=12070"}],"wp:term":[{"taxonomy":"product_brand","embeddable":true,"href":"https:\/\/gliptoneeurope.com\/fr\/wp-json\/wp\/v2\/product_brand?post=12070"},{"taxonomy":"product_cat","embeddable":true,"href":"https:\/\/gliptoneeurope.com\/fr\/wp-json\/wp\/v2\/product_cat?post=12070"},{"taxonomy":"product_tag","embeddable":true,"href":"https:\/\/gliptoneeurope.com\/fr\/wp-json\/wp\/v2\/product_tag?post=12070"}],"curies":[{"name":"wp","href":"https:\/\/api.w.org\/{rel}","templated":true}]}}