{"id":12069,"date":"2020-04-08T09:56:21","date_gmt":"2021-11-30T11:44:24","guid":{"rendered":"https:\/\/gliptoneeurope.com\/product\/detaillant-dinterieur-express\/"},"modified":"2021-11-30T11:44:24","modified_gmt":"2021-11-30T11:44:24","slug":"express-interieur-detailer","status":"publish","type":"product","link":"https:\/\/gliptoneeurope.com\/fr\/produit\/express-interieur-detailer\/","title":{"rendered":"D\u00e9taillant d&#8217;int\u00e9rieur express"},"content":{"rendered":"<p>Express Interior Detailer de Gliptone est une formule de qualit\u00e9 professionnelle, non grasse, \u00e0 vaporiser et \u00e0 essuyer, qui fournit un nettoyage et un conditionnement l\u00e9gers \u00e0 toutes les surfaces int\u00e9rieures des automobiles. S\u00fbr et efficace sur le vinyle, le plastique, le caoutchouc, le grain de bois et les panneaux int\u00e9rieurs peints. \u00c9limine la salet\u00e9, la poussi\u00e8re, les empreintes digitales, le film de cigarette, les huiles corporelles et la pollution tout en conditionnant la surface et en laissant un \u00ab aspect naturel, fini non brillant \u00bb.<\/p>\n<p>Ce produit se trouve dans notre <a href=\"https:\/\/gliptoneeurope.com\/product\/car-interior-cleaning-kit\/\">kit d&#8217;esth\u00e9tique int\u00e9rieure de voiture<\/a> contenant tous les produits d&#8217;esth\u00e9tique pour aider au nettoyage de l&#8217;int\u00e9rieur de votre voiture et notre <a href=\"https:\/\/gliptoneeurope.com\/product\/decontamination-kit\/\">kit de d\u00e9contamination<\/a> pour \u00e9liminer en toute s\u00e9curit\u00e9 tout contaminant de votre peinture.<\/p>\n<p>22oz. 650 ml.<\/p>\n<hr>\n<div class='avia-iframe-wrap'><iframe loading=\"lazy\" title=\"Gliptone Express Interior Detailer Demo\" width=\"1500\" height=\"844\" src=\"https:\/\/www.youtube.com\/embed\/3-1JrDsgY_I?feature=oembed\" frameborder=\"0\" allow=\"accelerometer; autoplay; clipboard-write; encrypted-media; gyroscope; picture-in-picture\" allowfullscreen><\/iframe><\/div>\n<p>&nbsp;<\/p>\n<p>&nbsp;<\/p>\n","protected":false},"excerpt":{"rendered":"<p>Express Interior Detailer de Gliptone est une formule de qualit\u00e9 professionnelle, non grasse, \u00e0 vaporiser et \u00e0 essuyer, qui fournit un nettoyage et un conditionnement l\u00e9gers \u00e0 toutes les surfaces int\u00e9rieures des automobiles. S\u00fbr et efficace sur le vinyle, le plastique, le caoutchouc, le grain de bois et les panneaux int\u00e9rieurs peints. \u00c9limine la salet\u00e9, [&hellip;]<\/p>\n","protected":false},"featured_media":18523,"template":"","meta":[],"product_brand":[],"product_cat":[124,137],"product_tag":[],"class_list":{"0":"post-12069","1":"product","2":"type-product","3":"status-publish","4":"has-post-thumbnail","6":"product_cat-interieur","7":"product_cat-meilleures-ventes","9":"first","10":"instock","11":"featured","12":"taxable","13":"shipping-taxable","14":"purchasable","15":"product-type-variable"},"yoast_head":"<!-- This site is optimized with the Yoast SEO Premium plugin v21.4 (Yoast SEO v27.4) - https:\/\/yoast.com\/product\/yoast-seo-premium-wordpress\/ -->\n<title>D\u00e9taillant d&#039;int\u00e9rieur express - Gliptone Europe<\/title>\n<meta name=\"description\" content=\"Notre Express Interior Detailer est une formule de qualit\u00e9 professionnelle, non grasse, \u00ab\u00a0spray-n-wipe\u00a0\u00bb fournissant un nettoyage et un conditionnement l\u00e9gers \u00e0 toutes les surfaces int\u00e9rieures des automobiles.\" \/>\n<meta name=\"robots\" content=\"index, follow, max-snippet:-1, max-image-preview:large, max-video-preview:-1\" \/>\n<link rel=\"canonical\" href=\"https:\/\/gliptoneeurope.com\/fr\/produit\/express-interieur-detailer\/\" \/>\n<meta property=\"og:locale\" content=\"fr_FR\" \/>\n<meta property=\"og:type\" content=\"article\" \/>\n<meta property=\"og:title\" content=\"D\u00e9taillant d&#039;int\u00e9rieur express\" \/>\n<meta property=\"og:description\" content=\"Express Interior Detailer de Gliptone est une formule de qualit\u00e9 professionnelle, non grasse, \u00e0 vaporiser et \u00e0 essuyer, qui fournit un nettoyage et un\" \/>\n<meta property=\"og:url\" content=\"https:\/\/gliptoneeurope.com\/fr\/produit\/express-interieur-detailer\/\" \/>\n<meta property=\"og:site_name\" content=\"Gliptone Europe\" \/>\n<meta property=\"article:publisher\" content=\"https:\/\/www.facebook.com\/gliptoneeurope\/\" \/>\n<meta property=\"og:image\" content=\"https:\/\/gliptoneeurope.com\/wp-content\/uploads\/Interior-Detailer-1.jpg\" \/>\n\t<meta property=\"og:image:width\" content=\"1654\" \/>\n\t<meta property=\"og:image:height\" content=\"1621\" \/>\n\t<meta property=\"og:image:type\" content=\"image\/jpeg\" \/>\n<meta name=\"twitter:card\" content=\"summary_large_image\" \/>\n<meta name=\"twitter:label1\" content=\"Dur\u00e9e de lecture estim\u00e9e\" \/>\n\t<meta name=\"twitter:data1\" content=\"1 minute\" \/>\n<script type=\"application\/ld+json\" class=\"yoast-schema-graph\">{\"@context\":\"https:\\\/\\\/schema.org\",\"@graph\":[{\"@type\":\"WebPage\",\"@id\":\"https:\\\/\\\/gliptoneeurope.com\\\/fr\\\/produit\\\/express-interieur-detailer\\\/\",\"url\":\"https:\\\/\\\/gliptoneeurope.com\\\/fr\\\/produit\\\/express-interieur-detailer\\\/\",\"name\":\"D\u00e9taillant d'int\u00e9rieur express - Gliptone Europe\",\"isPartOf\":{\"@id\":\"https:\\\/\\\/gliptoneeurope.com\\\/#website\"},\"primaryImageOfPage\":{\"@id\":\"https:\\\/\\\/gliptoneeurope.com\\\/fr\\\/produit\\\/express-interieur-detailer\\\/#primaryimage\"},\"image\":{\"@id\":\"https:\\\/\\\/gliptoneeurope.com\\\/fr\\\/produit\\\/express-interieur-detailer\\\/#primaryimage\"},\"thumbnailUrl\":\"https:\\\/\\\/gliptoneeurope.com\\\/wp-content\\\/uploads\\\/Interior-Detailer-1.jpg\",\"datePublished\":\"2021-11-30T11:44:24+00:00\",\"description\":\"Notre Express Interior Detailer est une formule de qualit\u00e9 professionnelle, non grasse, \u00ab\u00a0spray-n-wipe\u00a0\u00bb fournissant un nettoyage et un conditionnement l\u00e9gers \u00e0 toutes les surfaces int\u00e9rieures des automobiles.\",\"breadcrumb\":{\"@id\":\"https:\\\/\\\/gliptoneeurope.com\\\/fr\\\/produit\\\/express-interieur-detailer\\\/#breadcrumb\"},\"inLanguage\":\"fr-FR\",\"potentialAction\":[{\"@type\":\"ReadAction\",\"target\":[\"https:\\\/\\\/gliptoneeurope.com\\\/fr\\\/produit\\\/express-interieur-detailer\\\/\"]}]},{\"@type\":\"ImageObject\",\"inLanguage\":\"fr-FR\",\"@id\":\"https:\\\/\\\/gliptoneeurope.com\\\/fr\\\/produit\\\/express-interieur-detailer\\\/#primaryimage\",\"url\":\"https:\\\/\\\/gliptoneeurope.com\\\/wp-content\\\/uploads\\\/Interior-Detailer-1.jpg\",\"contentUrl\":\"https:\\\/\\\/gliptoneeurope.com\\\/wp-content\\\/uploads\\\/Interior-Detailer-1.jpg\",\"width\":1654,\"height\":1621},{\"@type\":\"BreadcrumbList\",\"@id\":\"https:\\\/\\\/gliptoneeurope.com\\\/fr\\\/produit\\\/express-interieur-detailer\\\/#breadcrumb\",\"itemListElement\":[{\"@type\":\"ListItem\",\"position\":1,\"name\":\"Home\",\"item\":\"https:\\\/\\\/gliptoneeurope.com\\\/\"},{\"@type\":\"ListItem\",\"position\":2,\"name\":\"Boutique\",\"item\":\"https:\\\/\\\/gliptoneeurope.com\\\/fr\\\/boutique\\\/\"},{\"@type\":\"ListItem\",\"position\":3,\"name\":\"D\u00e9taillant d&#8217;int\u00e9rieur express\"}]},{\"@type\":\"WebSite\",\"@id\":\"https:\\\/\\\/gliptoneeurope.com\\\/#website\",\"url\":\"https:\\\/\\\/gliptoneeurope.com\\\/\",\"name\":\"Gliptone Europe\",\"description\":\"Professional Car Detailing Products\",\"publisher\":{\"@id\":\"https:\\\/\\\/gliptoneeurope.com\\\/#organization\"},\"potentialAction\":[{\"@type\":\"SearchAction\",\"target\":{\"@type\":\"EntryPoint\",\"urlTemplate\":\"https:\\\/\\\/gliptoneeurope.com\\\/?s={search_term_string}\"},\"query-input\":{\"@type\":\"PropertyValueSpecification\",\"valueRequired\":true,\"valueName\":\"search_term_string\"}}],\"inLanguage\":\"fr-FR\"},{\"@type\":\"Organization\",\"@id\":\"https:\\\/\\\/gliptoneeurope.com\\\/#organization\",\"name\":\"Gliptone Europe\",\"url\":\"https:\\\/\\\/gliptoneeurope.com\\\/\",\"logo\":{\"@type\":\"ImageObject\",\"inLanguage\":\"fr-FR\",\"@id\":\"https:\\\/\\\/gliptoneeurope.com\\\/#\\\/schema\\\/logo\\\/image\\\/\",\"url\":\"https:\\\/\\\/gliptoneeurope.com\\\/wp-content\\\/uploads\\\/Gliptone_Logo.png\",\"contentUrl\":\"https:\\\/\\\/gliptoneeurope.com\\\/wp-content\\\/uploads\\\/Gliptone_Logo.png\",\"width\":1472,\"height\":607,\"caption\":\"Gliptone Europe\"},\"image\":{\"@id\":\"https:\\\/\\\/gliptoneeurope.com\\\/#\\\/schema\\\/logo\\\/image\\\/\"},\"sameAs\":[\"https:\\\/\\\/www.facebook.com\\\/gliptoneeurope\\\/\",\"https:\\\/\\\/www.instagram.com\\\/gliptoneeurope\\\/\",\"https:\\\/\\\/www.pinterest.co.uk\\\/GliptoneEurope\\\/\"]}]}<\/script>\n<!-- \/ Yoast SEO Premium plugin. -->","yoast_head_json":{"title":"D\u00e9taillant d'int\u00e9rieur express - Gliptone Europe","description":"Notre Express Interior Detailer est une formule de qualit\u00e9 professionnelle, non grasse, \u00ab\u00a0spray-n-wipe\u00a0\u00bb fournissant un nettoyage et un conditionnement l\u00e9gers \u00e0 toutes les surfaces int\u00e9rieures des automobiles.","robots":{"index":"index","follow":"follow","max-snippet":"max-snippet:-1","max-image-preview":"max-image-preview:large","max-video-preview":"max-video-preview:-1"},"canonical":"https:\/\/gliptoneeurope.com\/fr\/produit\/express-interieur-detailer\/","og_locale":"fr_FR","og_type":"article","og_title":"D\u00e9taillant d'int\u00e9rieur express","og_description":"Express Interior Detailer de Gliptone est une formule de qualit\u00e9 professionnelle, non grasse, \u00e0 vaporiser et \u00e0 essuyer, qui fournit un nettoyage et un","og_url":"https:\/\/gliptoneeurope.com\/fr\/produit\/express-interieur-detailer\/","og_site_name":"Gliptone Europe","article_publisher":"https:\/\/www.facebook.com\/gliptoneeurope\/","og_image":[{"width":1654,"height":1621,"url":"https:\/\/gliptoneeurope.com\/wp-content\/uploads\/Interior-Detailer-1.jpg","type":"image\/jpeg"}],"twitter_card":"summary_large_image","twitter_misc":{"Dur\u00e9e de lecture estim\u00e9e":"1 minute"},"schema":{"@context":"https:\/\/schema.org","@graph":[{"@type":"WebPage","@id":"https:\/\/gliptoneeurope.com\/fr\/produit\/express-interieur-detailer\/","url":"https:\/\/gliptoneeurope.com\/fr\/produit\/express-interieur-detailer\/","name":"D\u00e9taillant d'int\u00e9rieur express - Gliptone Europe","isPartOf":{"@id":"https:\/\/gliptoneeurope.com\/#website"},"primaryImageOfPage":{"@id":"https:\/\/gliptoneeurope.com\/fr\/produit\/express-interieur-detailer\/#primaryimage"},"image":{"@id":"https:\/\/gliptoneeurope.com\/fr\/produit\/express-interieur-detailer\/#primaryimage"},"thumbnailUrl":"https:\/\/gliptoneeurope.com\/wp-content\/uploads\/Interior-Detailer-1.jpg","datePublished":"2021-11-30T11:44:24+00:00","description":"Notre Express Interior Detailer est une formule de qualit\u00e9 professionnelle, non grasse, \u00ab\u00a0spray-n-wipe\u00a0\u00bb fournissant un nettoyage et un conditionnement l\u00e9gers \u00e0 toutes les surfaces int\u00e9rieures des automobiles.","breadcrumb":{"@id":"https:\/\/gliptoneeurope.com\/fr\/produit\/express-interieur-detailer\/#breadcrumb"},"inLanguage":"fr-FR","potentialAction":[{"@type":"ReadAction","target":["https:\/\/gliptoneeurope.com\/fr\/produit\/express-interieur-detailer\/"]}]},{"@type":"ImageObject","inLanguage":"fr-FR","@id":"https:\/\/gliptoneeurope.com\/fr\/produit\/express-interieur-detailer\/#primaryimage","url":"https:\/\/gliptoneeurope.com\/wp-content\/uploads\/Interior-Detailer-1.jpg","contentUrl":"https:\/\/gliptoneeurope.com\/wp-content\/uploads\/Interior-Detailer-1.jpg","width":1654,"height":1621},{"@type":"BreadcrumbList","@id":"https:\/\/gliptoneeurope.com\/fr\/produit\/express-interieur-detailer\/#breadcrumb","itemListElement":[{"@type":"ListItem","position":1,"name":"Home","item":"https:\/\/gliptoneeurope.com\/"},{"@type":"ListItem","position":2,"name":"Boutique","item":"https:\/\/gliptoneeurope.com\/fr\/boutique\/"},{"@type":"ListItem","position":3,"name":"D\u00e9taillant d&#8217;int\u00e9rieur express"}]},{"@type":"WebSite","@id":"https:\/\/gliptoneeurope.com\/#website","url":"https:\/\/gliptoneeurope.com\/","name":"Gliptone Europe","description":"Professional Car Detailing Products","publisher":{"@id":"https:\/\/gliptoneeurope.com\/#organization"},"potentialAction":[{"@type":"SearchAction","target":{"@type":"EntryPoint","urlTemplate":"https:\/\/gliptoneeurope.com\/?s={search_term_string}"},"query-input":{"@type":"PropertyValueSpecification","valueRequired":true,"valueName":"search_term_string"}}],"inLanguage":"fr-FR"},{"@type":"Organization","@id":"https:\/\/gliptoneeurope.com\/#organization","name":"Gliptone Europe","url":"https:\/\/gliptoneeurope.com\/","logo":{"@type":"ImageObject","inLanguage":"fr-FR","@id":"https:\/\/gliptoneeurope.com\/#\/schema\/logo\/image\/","url":"https:\/\/gliptoneeurope.com\/wp-content\/uploads\/Gliptone_Logo.png","contentUrl":"https:\/\/gliptoneeurope.com\/wp-content\/uploads\/Gliptone_Logo.png","width":1472,"height":607,"caption":"Gliptone Europe"},"image":{"@id":"https:\/\/gliptoneeurope.com\/#\/schema\/logo\/image\/"},"sameAs":["https:\/\/www.facebook.com\/gliptoneeurope\/","https:\/\/www.instagram.com\/gliptoneeurope\/","https:\/\/www.pinterest.co.uk\/GliptoneEurope\/"]}]}},"wcpa_form_fields":null,"_links":{"self":[{"href":"https:\/\/gliptoneeurope.com\/fr\/wp-json\/wp\/v2\/product\/12069","targetHints":{"allow":["GET"]}}],"collection":[{"href":"https:\/\/gliptoneeurope.com\/fr\/wp-json\/wp\/v2\/product"}],"about":[{"href":"https:\/\/gliptoneeurope.com\/fr\/wp-json\/wp\/v2\/types\/product"}],"wp:featuredmedia":[{"embeddable":true,"href":"https:\/\/gliptoneeurope.com\/fr\/wp-json\/wp\/v2\/media\/18523"}],"wp:attachment":[{"href":"https:\/\/gliptoneeurope.com\/fr\/wp-json\/wp\/v2\/media?parent=12069"}],"wp:term":[{"taxonomy":"product_brand","embeddable":true,"href":"https:\/\/gliptoneeurope.com\/fr\/wp-json\/wp\/v2\/product_brand?post=12069"},{"taxonomy":"product_cat","embeddable":true,"href":"https:\/\/gliptoneeurope.com\/fr\/wp-json\/wp\/v2\/product_cat?post=12069"},{"taxonomy":"product_tag","embeddable":true,"href":"https:\/\/gliptoneeurope.com\/fr\/wp-json\/wp\/v2\/product_tag?post=12069"}],"curies":[{"name":"wp","href":"https:\/\/api.w.org\/{rel}","templated":true}]}}