{"id":12057,"date":"2020-04-08T10:02:27","date_gmt":"2021-11-30T11:44:21","guid":{"rendered":"https:\/\/gliptoneeurope.com\/product\/liquid-metal-polish-grade-grade-rouge\/"},"modified":"2021-11-30T11:44:21","modified_gmt":"2021-11-30T11:44:21","slug":"metal-liquide-polish-gros-grade-rouge","status":"publish","type":"product","link":"https:\/\/gliptoneeurope.com\/fr\/produit\/metal-liquide-polish-gros-grade-rouge\/","title":{"rendered":"Liquid Metal Polish GRADE GRADE (ROUGE)"},"content":{"rendered":"<p>Gliptone Coarse Grade Metal Polish &#8211; recommand\u00e9 pour une utilisation comme agent de d\u00e9capage et de lissage sur les m\u00e9taux rugueux fortement oxyd\u00e9s ou corrod\u00e9s non plaqu\u00e9s. Il fonctionne de la m\u00eame mani\u00e8re que le papier de verre liquide. Ne pas utiliser sur l&#8217;inox miroir, le chrome, le nickel ou tout autre mat\u00e9riau plaqu\u00e9. Ne contient pas d&#8217;ammoniac, d&#8217;acide ou d&#8217;eau, il s&#8217;applique et s&#8217;enl\u00e8ve donc facilement et va deux fois plus loin que n&#8217;importe quel autre produit de polissage pour m\u00e9taux. Scelle et prot\u00e8ge avec des huiles et des cires p\u00e9n\u00e9trantes, vous donnant un \u00e9clat brillant de longue dur\u00e9e (Applications : aluminium, cuivre, laiton, bronze et magn\u00e9sium).<\/p>\n<p>16 onces. 470 ml.<\/p>\n<hr>\n<div class='avia-iframe-wrap'><iframe loading=\"lazy\" title=\"Gliptone Metal Polish Demo from SEMA 2017\" width=\"1500\" height=\"844\" src=\"https:\/\/www.youtube.com\/embed\/Kn7ncHXGDsA?feature=oembed\" frameborder=\"0\" allow=\"accelerometer; autoplay; clipboard-write; encrypted-media; gyroscope; picture-in-picture\" allowfullscreen><\/iframe><\/div>\n<p>&nbsp;<\/p>\n","protected":false},"excerpt":{"rendered":"<p>Gliptone Coarse Grade Metal Polish &#8211; recommand\u00e9 pour une utilisation comme agent de d\u00e9capage et de lissage sur les m\u00e9taux rugueux fortement oxyd\u00e9s ou corrod\u00e9s non plaqu\u00e9s. Il fonctionne de la m\u00eame mani\u00e8re que le papier de verre liquide. Ne pas utiliser sur l&#8217;inox miroir, le chrome, le nickel ou tout autre mat\u00e9riau plaqu\u00e9. Ne [&hellip;]<\/p>\n","protected":false},"featured_media":10308,"template":"","meta":[],"product_brand":[],"product_cat":[103,157],"product_tag":[],"class_list":{"0":"post-12057","1":"product","2":"type-product","3":"status-publish","4":"has-post-thumbnail","6":"product_cat-decorateurs-dexterieur-polissoirs","7":"product_cat-moteur","9":"first","10":"instock","11":"taxable","12":"shipping-taxable","13":"purchasable","14":"product-type-simple"},"yoast_head":"<!-- This site is optimized with the Yoast SEO Premium plugin v21.4 (Yoast SEO v27.5) - https:\/\/yoast.com\/product\/yoast-seo-premium-wordpress\/ -->\n<title>Liquid Metal Polish GRADE GRADE (ROUGE) - Gliptone Europe<\/title>\n<meta name=\"description\" content=\"Gliptone Coarse Grade Metal Polish - recommand\u00e9 pour une utilisation comme agent de d\u00e9capage et de lissage sur les m\u00e9taux rugueux fortement oxyd\u00e9s ou corrod\u00e9s non plaqu\u00e9s. Il fonctionne de la m\u00eame mani\u00e8re que le papier de verre liquide. Ne pas utiliser sur l&#039;inox miroir, le chrome, le nickel ou tout autre mat\u00e9riau plaqu\u00e9.\" \/>\n<meta name=\"robots\" content=\"index, follow, max-snippet:-1, max-image-preview:large, max-video-preview:-1\" \/>\n<link rel=\"canonical\" href=\"https:\/\/gliptoneeurope.com\/fr\/produit\/metal-liquide-polish-gros-grade-rouge\/\" \/>\n<meta property=\"og:locale\" content=\"fr_FR\" \/>\n<meta property=\"og:type\" content=\"article\" \/>\n<meta property=\"og:title\" content=\"Liquid Metal Polish GRADE GRADE (ROUGE)\" \/>\n<meta property=\"og:description\" content=\"Gliptone Coarse Grade Metal Polish - recommand\u00e9 pour une utilisation comme agent de d\u00e9capage et de lissage sur les m\u00e9taux rugueux fortement oxyd\u00e9s ou\" \/>\n<meta property=\"og:url\" content=\"https:\/\/gliptoneeurope.com\/fr\/produit\/metal-liquide-polish-gros-grade-rouge\/\" \/>\n<meta property=\"og:site_name\" content=\"Gliptone Europe\" \/>\n<meta property=\"article:publisher\" content=\"https:\/\/www.facebook.com\/gliptoneeurope\/\" \/>\n<meta property=\"og:image\" content=\"https:\/\/gliptoneeurope.com\/wp-content\/uploads\/Liquid-Metal-Polish-Coarse-Grade.jpg\" \/>\n\t<meta property=\"og:image:width\" content=\"1772\" \/>\n\t<meta property=\"og:image:height\" content=\"1772\" \/>\n\t<meta property=\"og:image:type\" content=\"image\/jpeg\" \/>\n<meta name=\"twitter:card\" content=\"summary_large_image\" \/>\n<meta name=\"twitter:label1\" content=\"Dur\u00e9e de lecture estim\u00e9e\" \/>\n\t<meta name=\"twitter:data1\" content=\"1 minute\" \/>\n<script type=\"application\/ld+json\" class=\"yoast-schema-graph\">{\"@context\":\"https:\\\/\\\/schema.org\",\"@graph\":[{\"@type\":\"WebPage\",\"@id\":\"https:\\\/\\\/gliptoneeurope.com\\\/fr\\\/produit\\\/metal-liquide-polish-gros-grade-rouge\\\/\",\"url\":\"https:\\\/\\\/gliptoneeurope.com\\\/fr\\\/produit\\\/metal-liquide-polish-gros-grade-rouge\\\/\",\"name\":\"Liquid Metal Polish GRADE GRADE (ROUGE) - Gliptone Europe\",\"isPartOf\":{\"@id\":\"https:\\\/\\\/gliptoneeurope.com\\\/#website\"},\"primaryImageOfPage\":{\"@id\":\"https:\\\/\\\/gliptoneeurope.com\\\/fr\\\/produit\\\/metal-liquide-polish-gros-grade-rouge\\\/#primaryimage\"},\"image\":{\"@id\":\"https:\\\/\\\/gliptoneeurope.com\\\/fr\\\/produit\\\/metal-liquide-polish-gros-grade-rouge\\\/#primaryimage\"},\"thumbnailUrl\":\"https:\\\/\\\/gliptoneeurope.com\\\/wp-content\\\/uploads\\\/Liquid-Metal-Polish-Coarse-Grade.jpg\",\"datePublished\":\"2021-11-30T11:44:21+00:00\",\"description\":\"Gliptone Coarse Grade Metal Polish - recommand\u00e9 pour une utilisation comme agent de d\u00e9capage et de lissage sur les m\u00e9taux rugueux fortement oxyd\u00e9s ou corrod\u00e9s non plaqu\u00e9s. Il fonctionne de la m\u00eame mani\u00e8re que le papier de verre liquide. Ne pas utiliser sur l'inox miroir, le chrome, le nickel ou tout autre mat\u00e9riau plaqu\u00e9.\",\"breadcrumb\":{\"@id\":\"https:\\\/\\\/gliptoneeurope.com\\\/fr\\\/produit\\\/metal-liquide-polish-gros-grade-rouge\\\/#breadcrumb\"},\"inLanguage\":\"fr-FR\",\"potentialAction\":[{\"@type\":\"ReadAction\",\"target\":[\"https:\\\/\\\/gliptoneeurope.com\\\/fr\\\/produit\\\/metal-liquide-polish-gros-grade-rouge\\\/\"]}]},{\"@type\":\"ImageObject\",\"inLanguage\":\"fr-FR\",\"@id\":\"https:\\\/\\\/gliptoneeurope.com\\\/fr\\\/produit\\\/metal-liquide-polish-gros-grade-rouge\\\/#primaryimage\",\"url\":\"https:\\\/\\\/gliptoneeurope.com\\\/wp-content\\\/uploads\\\/Liquid-Metal-Polish-Coarse-Grade.jpg\",\"contentUrl\":\"https:\\\/\\\/gliptoneeurope.com\\\/wp-content\\\/uploads\\\/Liquid-Metal-Polish-Coarse-Grade.jpg\",\"width\":1772,\"height\":1772,\"caption\":\"Vernis \u00e0 m\u00e9taux liquide - Grade grossier\"},{\"@type\":\"BreadcrumbList\",\"@id\":\"https:\\\/\\\/gliptoneeurope.com\\\/fr\\\/produit\\\/metal-liquide-polish-gros-grade-rouge\\\/#breadcrumb\",\"itemListElement\":[{\"@type\":\"ListItem\",\"position\":1,\"name\":\"Home\",\"item\":\"https:\\\/\\\/gliptoneeurope.com\\\/\"},{\"@type\":\"ListItem\",\"position\":2,\"name\":\"Boutique\",\"item\":\"https:\\\/\\\/gliptoneeurope.com\\\/fr\\\/boutique\\\/\"},{\"@type\":\"ListItem\",\"position\":3,\"name\":\"Liquid Metal Polish GRADE GRADE (ROUGE)\"}]},{\"@type\":\"WebSite\",\"@id\":\"https:\\\/\\\/gliptoneeurope.com\\\/#website\",\"url\":\"https:\\\/\\\/gliptoneeurope.com\\\/\",\"name\":\"Gliptone Europe\",\"description\":\"Professional Car Detailing Products\",\"publisher\":{\"@id\":\"https:\\\/\\\/gliptoneeurope.com\\\/#organization\"},\"potentialAction\":[{\"@type\":\"SearchAction\",\"target\":{\"@type\":\"EntryPoint\",\"urlTemplate\":\"https:\\\/\\\/gliptoneeurope.com\\\/?s={search_term_string}\"},\"query-input\":{\"@type\":\"PropertyValueSpecification\",\"valueRequired\":true,\"valueName\":\"search_term_string\"}}],\"inLanguage\":\"fr-FR\"},{\"@type\":\"Organization\",\"@id\":\"https:\\\/\\\/gliptoneeurope.com\\\/#organization\",\"name\":\"Gliptone Europe\",\"url\":\"https:\\\/\\\/gliptoneeurope.com\\\/\",\"logo\":{\"@type\":\"ImageObject\",\"inLanguage\":\"fr-FR\",\"@id\":\"https:\\\/\\\/gliptoneeurope.com\\\/#\\\/schema\\\/logo\\\/image\\\/\",\"url\":\"https:\\\/\\\/gliptoneeurope.com\\\/wp-content\\\/uploads\\\/Gliptone_Logo.png\",\"contentUrl\":\"https:\\\/\\\/gliptoneeurope.com\\\/wp-content\\\/uploads\\\/Gliptone_Logo.png\",\"width\":1472,\"height\":607,\"caption\":\"Gliptone Europe\"},\"image\":{\"@id\":\"https:\\\/\\\/gliptoneeurope.com\\\/#\\\/schema\\\/logo\\\/image\\\/\"},\"sameAs\":[\"https:\\\/\\\/www.facebook.com\\\/gliptoneeurope\\\/\",\"https:\\\/\\\/www.instagram.com\\\/gliptoneeurope\\\/\",\"https:\\\/\\\/www.pinterest.co.uk\\\/GliptoneEurope\\\/\"]}]}<\/script>\n<!-- \/ Yoast SEO Premium plugin. -->","yoast_head_json":{"title":"Liquid Metal Polish GRADE GRADE (ROUGE) - Gliptone Europe","description":"Gliptone Coarse Grade Metal Polish - recommand\u00e9 pour une utilisation comme agent de d\u00e9capage et de lissage sur les m\u00e9taux rugueux fortement oxyd\u00e9s ou corrod\u00e9s non plaqu\u00e9s. Il fonctionne de la m\u00eame mani\u00e8re que le papier de verre liquide. Ne pas utiliser sur l'inox miroir, le chrome, le nickel ou tout autre mat\u00e9riau plaqu\u00e9.","robots":{"index":"index","follow":"follow","max-snippet":"max-snippet:-1","max-image-preview":"max-image-preview:large","max-video-preview":"max-video-preview:-1"},"canonical":"https:\/\/gliptoneeurope.com\/fr\/produit\/metal-liquide-polish-gros-grade-rouge\/","og_locale":"fr_FR","og_type":"article","og_title":"Liquid Metal Polish GRADE GRADE (ROUGE)","og_description":"Gliptone Coarse Grade Metal Polish - recommand\u00e9 pour une utilisation comme agent de d\u00e9capage et de lissage sur les m\u00e9taux rugueux fortement oxyd\u00e9s ou","og_url":"https:\/\/gliptoneeurope.com\/fr\/produit\/metal-liquide-polish-gros-grade-rouge\/","og_site_name":"Gliptone Europe","article_publisher":"https:\/\/www.facebook.com\/gliptoneeurope\/","og_image":[{"width":1772,"height":1772,"url":"https:\/\/gliptoneeurope.com\/wp-content\/uploads\/Liquid-Metal-Polish-Coarse-Grade.jpg","type":"image\/jpeg"}],"twitter_card":"summary_large_image","twitter_misc":{"Dur\u00e9e de lecture estim\u00e9e":"1 minute"},"schema":{"@context":"https:\/\/schema.org","@graph":[{"@type":"WebPage","@id":"https:\/\/gliptoneeurope.com\/fr\/produit\/metal-liquide-polish-gros-grade-rouge\/","url":"https:\/\/gliptoneeurope.com\/fr\/produit\/metal-liquide-polish-gros-grade-rouge\/","name":"Liquid Metal Polish GRADE GRADE (ROUGE) - Gliptone Europe","isPartOf":{"@id":"https:\/\/gliptoneeurope.com\/#website"},"primaryImageOfPage":{"@id":"https:\/\/gliptoneeurope.com\/fr\/produit\/metal-liquide-polish-gros-grade-rouge\/#primaryimage"},"image":{"@id":"https:\/\/gliptoneeurope.com\/fr\/produit\/metal-liquide-polish-gros-grade-rouge\/#primaryimage"},"thumbnailUrl":"https:\/\/gliptoneeurope.com\/wp-content\/uploads\/Liquid-Metal-Polish-Coarse-Grade.jpg","datePublished":"2021-11-30T11:44:21+00:00","description":"Gliptone Coarse Grade Metal Polish - recommand\u00e9 pour une utilisation comme agent de d\u00e9capage et de lissage sur les m\u00e9taux rugueux fortement oxyd\u00e9s ou corrod\u00e9s non plaqu\u00e9s. Il fonctionne de la m\u00eame mani\u00e8re que le papier de verre liquide. Ne pas utiliser sur l'inox miroir, le chrome, le nickel ou tout autre mat\u00e9riau plaqu\u00e9.","breadcrumb":{"@id":"https:\/\/gliptoneeurope.com\/fr\/produit\/metal-liquide-polish-gros-grade-rouge\/#breadcrumb"},"inLanguage":"fr-FR","potentialAction":[{"@type":"ReadAction","target":["https:\/\/gliptoneeurope.com\/fr\/produit\/metal-liquide-polish-gros-grade-rouge\/"]}]},{"@type":"ImageObject","inLanguage":"fr-FR","@id":"https:\/\/gliptoneeurope.com\/fr\/produit\/metal-liquide-polish-gros-grade-rouge\/#primaryimage","url":"https:\/\/gliptoneeurope.com\/wp-content\/uploads\/Liquid-Metal-Polish-Coarse-Grade.jpg","contentUrl":"https:\/\/gliptoneeurope.com\/wp-content\/uploads\/Liquid-Metal-Polish-Coarse-Grade.jpg","width":1772,"height":1772,"caption":"Vernis \u00e0 m\u00e9taux liquide - Grade grossier"},{"@type":"BreadcrumbList","@id":"https:\/\/gliptoneeurope.com\/fr\/produit\/metal-liquide-polish-gros-grade-rouge\/#breadcrumb","itemListElement":[{"@type":"ListItem","position":1,"name":"Home","item":"https:\/\/gliptoneeurope.com\/"},{"@type":"ListItem","position":2,"name":"Boutique","item":"https:\/\/gliptoneeurope.com\/fr\/boutique\/"},{"@type":"ListItem","position":3,"name":"Liquid Metal Polish GRADE GRADE (ROUGE)"}]},{"@type":"WebSite","@id":"https:\/\/gliptoneeurope.com\/#website","url":"https:\/\/gliptoneeurope.com\/","name":"Gliptone Europe","description":"Professional Car Detailing Products","publisher":{"@id":"https:\/\/gliptoneeurope.com\/#organization"},"potentialAction":[{"@type":"SearchAction","target":{"@type":"EntryPoint","urlTemplate":"https:\/\/gliptoneeurope.com\/?s={search_term_string}"},"query-input":{"@type":"PropertyValueSpecification","valueRequired":true,"valueName":"search_term_string"}}],"inLanguage":"fr-FR"},{"@type":"Organization","@id":"https:\/\/gliptoneeurope.com\/#organization","name":"Gliptone Europe","url":"https:\/\/gliptoneeurope.com\/","logo":{"@type":"ImageObject","inLanguage":"fr-FR","@id":"https:\/\/gliptoneeurope.com\/#\/schema\/logo\/image\/","url":"https:\/\/gliptoneeurope.com\/wp-content\/uploads\/Gliptone_Logo.png","contentUrl":"https:\/\/gliptoneeurope.com\/wp-content\/uploads\/Gliptone_Logo.png","width":1472,"height":607,"caption":"Gliptone Europe"},"image":{"@id":"https:\/\/gliptoneeurope.com\/#\/schema\/logo\/image\/"},"sameAs":["https:\/\/www.facebook.com\/gliptoneeurope\/","https:\/\/www.instagram.com\/gliptoneeurope\/","https:\/\/www.pinterest.co.uk\/GliptoneEurope\/"]}]}},"wcpa_form_fields":null,"_links":{"self":[{"href":"https:\/\/gliptoneeurope.com\/fr\/wp-json\/wp\/v2\/product\/12057","targetHints":{"allow":["GET"]}}],"collection":[{"href":"https:\/\/gliptoneeurope.com\/fr\/wp-json\/wp\/v2\/product"}],"about":[{"href":"https:\/\/gliptoneeurope.com\/fr\/wp-json\/wp\/v2\/types\/product"}],"wp:featuredmedia":[{"embeddable":true,"href":"https:\/\/gliptoneeurope.com\/fr\/wp-json\/wp\/v2\/media\/10308"}],"wp:attachment":[{"href":"https:\/\/gliptoneeurope.com\/fr\/wp-json\/wp\/v2\/media?parent=12057"}],"wp:term":[{"taxonomy":"product_brand","embeddable":true,"href":"https:\/\/gliptoneeurope.com\/fr\/wp-json\/wp\/v2\/product_brand?post=12057"},{"taxonomy":"product_cat","embeddable":true,"href":"https:\/\/gliptoneeurope.com\/fr\/wp-json\/wp\/v2\/product_cat?post=12057"},{"taxonomy":"product_tag","embeddable":true,"href":"https:\/\/gliptoneeurope.com\/fr\/wp-json\/wp\/v2\/product_tag?post=12057"}],"curies":[{"name":"wp","href":"https:\/\/api.w.org\/{rel}","templated":true}]}}