{"id":12055,"date":"2020-04-08T09:59:10","date_gmt":"2021-11-30T11:44:20","guid":{"rendered":"https:\/\/gliptoneeurope.com\/product\/liquid-metal-polish-ultra-fine-grade-bleu\/"},"modified":"2021-11-30T11:44:20","modified_gmt":"2021-11-30T11:44:20","slug":"metal-liquide-polish-ultra-fin-grade-bleu","status":"publish","type":"product","link":"https:\/\/gliptoneeurope.com\/fr\/produit\/metal-liquide-polish-ultra-fin-grade-bleu\/","title":{"rendered":"Liquid Metal Polish ULTRA FINE GRADE (BLEU)"},"content":{"rendered":"<p>Le polissage pour m\u00e9taux ultra fin de qualit\u00e9 abrasive de GLIPTONE est recommand\u00e9 pour le polissage et le maintien de m\u00e9taux lisses l\u00e9g\u00e8rement oxyd\u00e9s. Il \u00e9limine la corrosion l\u00e9g\u00e8re, l&#8217;oxydation, le goudron, la rouille, les taches et le ternissement de l&#8217;acier inoxydable lisse, de l&#8217;aluminium, du bronze, du laiton, du cuivre, du chrome et peut \u00eatre utilis\u00e9 en toute s\u00e9curit\u00e9 sur l&#8217;argent massif et l&#8217;or.<\/p>\n<p>16 onces. 470 ml.<\/p>\n<hr>\n<div class='avia-iframe-wrap'><iframe loading=\"lazy\" title=\"Gliptone Metal Polish Demo from SEMA 2017\" width=\"1500\" height=\"844\" src=\"https:\/\/www.youtube.com\/embed\/Kn7ncHXGDsA?feature=oembed\" frameborder=\"0\" allow=\"accelerometer; autoplay; clipboard-write; encrypted-media; gyroscope; picture-in-picture\" allowfullscreen><\/iframe><\/div>\n","protected":false},"excerpt":{"rendered":"<p>Le polissage pour m\u00e9taux ultra fin de qualit\u00e9 abrasive de GLIPTONE est recommand\u00e9 pour le polissage et le maintien de m\u00e9taux lisses l\u00e9g\u00e8rement oxyd\u00e9s. Il \u00e9limine la corrosion l\u00e9g\u00e8re, l&#8217;oxydation, le goudron, la rouille, les taches et le ternissement de l&#8217;acier inoxydable lisse, de l&#8217;aluminium, du bronze, du laiton, du cuivre, du chrome et peut [&hellip;]<\/p>\n","protected":false},"featured_media":10304,"template":"","meta":[],"product_brand":[],"product_cat":[103,157],"product_tag":[],"class_list":{"0":"post-12055","1":"product","2":"type-product","3":"status-publish","4":"has-post-thumbnail","6":"product_cat-decorateurs-dexterieur-polissoirs","7":"product_cat-moteur","9":"first","10":"instock","11":"taxable","12":"shipping-taxable","13":"purchasable","14":"product-type-simple"},"yoast_head":"<!-- This site is optimized with the Yoast SEO Premium plugin v21.4 (Yoast SEO v27.5) - https:\/\/yoast.com\/product\/yoast-seo-premium-wordpress\/ -->\n<title>Liquid Metal Polish ULTRA FINE GRADE (BLEU) - Gliptone Europe<\/title>\n<meta name=\"description\" content=\"Le polissage pour m\u00e9taux ultra fin de qualit\u00e9 abrasive de GLIPTONE est recommand\u00e9 pour le polissage et le maintien de m\u00e9taux lisses l\u00e9g\u00e8rement oxyd\u00e9s. Il \u00e9limine la corrosion l\u00e9g\u00e8re, l&#039;oxydation, le goudron, la rouille, les taches et le ternissement de l&#039;acier inoxydable lisse, de l&#039;aluminium, du bronze, du laiton, du cuivre, du chrome et peut \u00eatre utilis\u00e9 en toute s\u00e9curit\u00e9 sur l&#039;argent massif et l&#039;or.\" \/>\n<meta name=\"robots\" content=\"index, follow, max-snippet:-1, max-image-preview:large, max-video-preview:-1\" \/>\n<link rel=\"canonical\" href=\"https:\/\/gliptoneeurope.com\/fr\/produit\/metal-liquide-polish-ultra-fin-grade-bleu\/\" \/>\n<meta property=\"og:locale\" content=\"fr_FR\" \/>\n<meta property=\"og:type\" content=\"article\" \/>\n<meta property=\"og:title\" content=\"Liquid Metal Polish ULTRA FINE GRADE (BLEU)\" \/>\n<meta property=\"og:description\" content=\"Le polissage pour m\u00e9taux ultra fin de qualit\u00e9 abrasive de GLIPTONE est recommand\u00e9 pour le polissage et le maintien de m\u00e9taux lisses l\u00e9g\u00e8rement oxyd\u00e9s. Il\" \/>\n<meta property=\"og:url\" content=\"https:\/\/gliptoneeurope.com\/fr\/produit\/metal-liquide-polish-ultra-fin-grade-bleu\/\" \/>\n<meta property=\"og:site_name\" content=\"Gliptone Europe\" \/>\n<meta property=\"article:publisher\" content=\"https:\/\/www.facebook.com\/gliptoneeurope\/\" \/>\n<meta property=\"og:image\" content=\"https:\/\/gliptoneeurope.com\/wp-content\/uploads\/Liquid-Metal-Polish-Ultra-Fine.jpg\" \/>\n\t<meta property=\"og:image:width\" content=\"1772\" \/>\n\t<meta property=\"og:image:height\" content=\"1772\" \/>\n\t<meta property=\"og:image:type\" content=\"image\/jpeg\" \/>\n<meta name=\"twitter:card\" content=\"summary_large_image\" \/>\n<script type=\"application\/ld+json\" class=\"yoast-schema-graph\">{\"@context\":\"https:\\\/\\\/schema.org\",\"@graph\":[{\"@type\":\"WebPage\",\"@id\":\"https:\\\/\\\/gliptoneeurope.com\\\/fr\\\/produit\\\/metal-liquide-polish-ultra-fin-grade-bleu\\\/\",\"url\":\"https:\\\/\\\/gliptoneeurope.com\\\/fr\\\/produit\\\/metal-liquide-polish-ultra-fin-grade-bleu\\\/\",\"name\":\"Liquid Metal Polish ULTRA FINE GRADE (BLEU) - Gliptone Europe\",\"isPartOf\":{\"@id\":\"https:\\\/\\\/gliptoneeurope.com\\\/#website\"},\"primaryImageOfPage\":{\"@id\":\"https:\\\/\\\/gliptoneeurope.com\\\/fr\\\/produit\\\/metal-liquide-polish-ultra-fin-grade-bleu\\\/#primaryimage\"},\"image\":{\"@id\":\"https:\\\/\\\/gliptoneeurope.com\\\/fr\\\/produit\\\/metal-liquide-polish-ultra-fin-grade-bleu\\\/#primaryimage\"},\"thumbnailUrl\":\"https:\\\/\\\/gliptoneeurope.com\\\/wp-content\\\/uploads\\\/Liquid-Metal-Polish-Ultra-Fine.jpg\",\"datePublished\":\"2021-11-30T11:44:20+00:00\",\"description\":\"Le polissage pour m\u00e9taux ultra fin de qualit\u00e9 abrasive de GLIPTONE est recommand\u00e9 pour le polissage et le maintien de m\u00e9taux lisses l\u00e9g\u00e8rement oxyd\u00e9s. Il \u00e9limine la corrosion l\u00e9g\u00e8re, l'oxydation, le goudron, la rouille, les taches et le ternissement de l'acier inoxydable lisse, de l'aluminium, du bronze, du laiton, du cuivre, du chrome et peut \u00eatre utilis\u00e9 en toute s\u00e9curit\u00e9 sur l'argent massif et l'or.\",\"breadcrumb\":{\"@id\":\"https:\\\/\\\/gliptoneeurope.com\\\/fr\\\/produit\\\/metal-liquide-polish-ultra-fin-grade-bleu\\\/#breadcrumb\"},\"inLanguage\":\"fr-FR\",\"potentialAction\":[{\"@type\":\"ReadAction\",\"target\":[\"https:\\\/\\\/gliptoneeurope.com\\\/fr\\\/produit\\\/metal-liquide-polish-ultra-fin-grade-bleu\\\/\"]}]},{\"@type\":\"ImageObject\",\"inLanguage\":\"fr-FR\",\"@id\":\"https:\\\/\\\/gliptoneeurope.com\\\/fr\\\/produit\\\/metal-liquide-polish-ultra-fin-grade-bleu\\\/#primaryimage\",\"url\":\"https:\\\/\\\/gliptoneeurope.com\\\/wp-content\\\/uploads\\\/Liquid-Metal-Polish-Ultra-Fine.jpg\",\"contentUrl\":\"https:\\\/\\\/gliptoneeurope.com\\\/wp-content\\\/uploads\\\/Liquid-Metal-Polish-Ultra-Fine.jpg\",\"width\":1772,\"height\":1772,\"caption\":\"Vernis \u00e0 m\u00e9taux liquide - Ultra fin\"},{\"@type\":\"BreadcrumbList\",\"@id\":\"https:\\\/\\\/gliptoneeurope.com\\\/fr\\\/produit\\\/metal-liquide-polish-ultra-fin-grade-bleu\\\/#breadcrumb\",\"itemListElement\":[{\"@type\":\"ListItem\",\"position\":1,\"name\":\"Home\",\"item\":\"https:\\\/\\\/gliptoneeurope.com\\\/\"},{\"@type\":\"ListItem\",\"position\":2,\"name\":\"Boutique\",\"item\":\"https:\\\/\\\/gliptoneeurope.com\\\/fr\\\/boutique\\\/\"},{\"@type\":\"ListItem\",\"position\":3,\"name\":\"Liquid Metal Polish ULTRA FINE GRADE (BLEU)\"}]},{\"@type\":\"WebSite\",\"@id\":\"https:\\\/\\\/gliptoneeurope.com\\\/#website\",\"url\":\"https:\\\/\\\/gliptoneeurope.com\\\/\",\"name\":\"Gliptone Europe\",\"description\":\"Professional Car Detailing Products\",\"publisher\":{\"@id\":\"https:\\\/\\\/gliptoneeurope.com\\\/#organization\"},\"potentialAction\":[{\"@type\":\"SearchAction\",\"target\":{\"@type\":\"EntryPoint\",\"urlTemplate\":\"https:\\\/\\\/gliptoneeurope.com\\\/?s={search_term_string}\"},\"query-input\":{\"@type\":\"PropertyValueSpecification\",\"valueRequired\":true,\"valueName\":\"search_term_string\"}}],\"inLanguage\":\"fr-FR\"},{\"@type\":\"Organization\",\"@id\":\"https:\\\/\\\/gliptoneeurope.com\\\/#organization\",\"name\":\"Gliptone Europe\",\"url\":\"https:\\\/\\\/gliptoneeurope.com\\\/\",\"logo\":{\"@type\":\"ImageObject\",\"inLanguage\":\"fr-FR\",\"@id\":\"https:\\\/\\\/gliptoneeurope.com\\\/#\\\/schema\\\/logo\\\/image\\\/\",\"url\":\"https:\\\/\\\/gliptoneeurope.com\\\/wp-content\\\/uploads\\\/Gliptone_Logo.png\",\"contentUrl\":\"https:\\\/\\\/gliptoneeurope.com\\\/wp-content\\\/uploads\\\/Gliptone_Logo.png\",\"width\":1472,\"height\":607,\"caption\":\"Gliptone Europe\"},\"image\":{\"@id\":\"https:\\\/\\\/gliptoneeurope.com\\\/#\\\/schema\\\/logo\\\/image\\\/\"},\"sameAs\":[\"https:\\\/\\\/www.facebook.com\\\/gliptoneeurope\\\/\",\"https:\\\/\\\/www.instagram.com\\\/gliptoneeurope\\\/\",\"https:\\\/\\\/www.pinterest.co.uk\\\/GliptoneEurope\\\/\"]}]}<\/script>\n<!-- \/ Yoast SEO Premium plugin. -->","yoast_head_json":{"title":"Liquid Metal Polish ULTRA FINE GRADE (BLEU) - Gliptone Europe","description":"Le polissage pour m\u00e9taux ultra fin de qualit\u00e9 abrasive de GLIPTONE est recommand\u00e9 pour le polissage et le maintien de m\u00e9taux lisses l\u00e9g\u00e8rement oxyd\u00e9s. Il \u00e9limine la corrosion l\u00e9g\u00e8re, l'oxydation, le goudron, la rouille, les taches et le ternissement de l'acier inoxydable lisse, de l'aluminium, du bronze, du laiton, du cuivre, du chrome et peut \u00eatre utilis\u00e9 en toute s\u00e9curit\u00e9 sur l'argent massif et l'or.","robots":{"index":"index","follow":"follow","max-snippet":"max-snippet:-1","max-image-preview":"max-image-preview:large","max-video-preview":"max-video-preview:-1"},"canonical":"https:\/\/gliptoneeurope.com\/fr\/produit\/metal-liquide-polish-ultra-fin-grade-bleu\/","og_locale":"fr_FR","og_type":"article","og_title":"Liquid Metal Polish ULTRA FINE GRADE (BLEU)","og_description":"Le polissage pour m\u00e9taux ultra fin de qualit\u00e9 abrasive de GLIPTONE est recommand\u00e9 pour le polissage et le maintien de m\u00e9taux lisses l\u00e9g\u00e8rement oxyd\u00e9s. Il","og_url":"https:\/\/gliptoneeurope.com\/fr\/produit\/metal-liquide-polish-ultra-fin-grade-bleu\/","og_site_name":"Gliptone Europe","article_publisher":"https:\/\/www.facebook.com\/gliptoneeurope\/","og_image":[{"width":1772,"height":1772,"url":"https:\/\/gliptoneeurope.com\/wp-content\/uploads\/Liquid-Metal-Polish-Ultra-Fine.jpg","type":"image\/jpeg"}],"twitter_card":"summary_large_image","schema":{"@context":"https:\/\/schema.org","@graph":[{"@type":"WebPage","@id":"https:\/\/gliptoneeurope.com\/fr\/produit\/metal-liquide-polish-ultra-fin-grade-bleu\/","url":"https:\/\/gliptoneeurope.com\/fr\/produit\/metal-liquide-polish-ultra-fin-grade-bleu\/","name":"Liquid Metal Polish ULTRA FINE GRADE (BLEU) - Gliptone Europe","isPartOf":{"@id":"https:\/\/gliptoneeurope.com\/#website"},"primaryImageOfPage":{"@id":"https:\/\/gliptoneeurope.com\/fr\/produit\/metal-liquide-polish-ultra-fin-grade-bleu\/#primaryimage"},"image":{"@id":"https:\/\/gliptoneeurope.com\/fr\/produit\/metal-liquide-polish-ultra-fin-grade-bleu\/#primaryimage"},"thumbnailUrl":"https:\/\/gliptoneeurope.com\/wp-content\/uploads\/Liquid-Metal-Polish-Ultra-Fine.jpg","datePublished":"2021-11-30T11:44:20+00:00","description":"Le polissage pour m\u00e9taux ultra fin de qualit\u00e9 abrasive de GLIPTONE est recommand\u00e9 pour le polissage et le maintien de m\u00e9taux lisses l\u00e9g\u00e8rement oxyd\u00e9s. Il \u00e9limine la corrosion l\u00e9g\u00e8re, l'oxydation, le goudron, la rouille, les taches et le ternissement de l'acier inoxydable lisse, de l'aluminium, du bronze, du laiton, du cuivre, du chrome et peut \u00eatre utilis\u00e9 en toute s\u00e9curit\u00e9 sur l'argent massif et l'or.","breadcrumb":{"@id":"https:\/\/gliptoneeurope.com\/fr\/produit\/metal-liquide-polish-ultra-fin-grade-bleu\/#breadcrumb"},"inLanguage":"fr-FR","potentialAction":[{"@type":"ReadAction","target":["https:\/\/gliptoneeurope.com\/fr\/produit\/metal-liquide-polish-ultra-fin-grade-bleu\/"]}]},{"@type":"ImageObject","inLanguage":"fr-FR","@id":"https:\/\/gliptoneeurope.com\/fr\/produit\/metal-liquide-polish-ultra-fin-grade-bleu\/#primaryimage","url":"https:\/\/gliptoneeurope.com\/wp-content\/uploads\/Liquid-Metal-Polish-Ultra-Fine.jpg","contentUrl":"https:\/\/gliptoneeurope.com\/wp-content\/uploads\/Liquid-Metal-Polish-Ultra-Fine.jpg","width":1772,"height":1772,"caption":"Vernis \u00e0 m\u00e9taux liquide - Ultra fin"},{"@type":"BreadcrumbList","@id":"https:\/\/gliptoneeurope.com\/fr\/produit\/metal-liquide-polish-ultra-fin-grade-bleu\/#breadcrumb","itemListElement":[{"@type":"ListItem","position":1,"name":"Home","item":"https:\/\/gliptoneeurope.com\/"},{"@type":"ListItem","position":2,"name":"Boutique","item":"https:\/\/gliptoneeurope.com\/fr\/boutique\/"},{"@type":"ListItem","position":3,"name":"Liquid Metal Polish ULTRA FINE GRADE (BLEU)"}]},{"@type":"WebSite","@id":"https:\/\/gliptoneeurope.com\/#website","url":"https:\/\/gliptoneeurope.com\/","name":"Gliptone Europe","description":"Professional Car Detailing Products","publisher":{"@id":"https:\/\/gliptoneeurope.com\/#organization"},"potentialAction":[{"@type":"SearchAction","target":{"@type":"EntryPoint","urlTemplate":"https:\/\/gliptoneeurope.com\/?s={search_term_string}"},"query-input":{"@type":"PropertyValueSpecification","valueRequired":true,"valueName":"search_term_string"}}],"inLanguage":"fr-FR"},{"@type":"Organization","@id":"https:\/\/gliptoneeurope.com\/#organization","name":"Gliptone Europe","url":"https:\/\/gliptoneeurope.com\/","logo":{"@type":"ImageObject","inLanguage":"fr-FR","@id":"https:\/\/gliptoneeurope.com\/#\/schema\/logo\/image\/","url":"https:\/\/gliptoneeurope.com\/wp-content\/uploads\/Gliptone_Logo.png","contentUrl":"https:\/\/gliptoneeurope.com\/wp-content\/uploads\/Gliptone_Logo.png","width":1472,"height":607,"caption":"Gliptone Europe"},"image":{"@id":"https:\/\/gliptoneeurope.com\/#\/schema\/logo\/image\/"},"sameAs":["https:\/\/www.facebook.com\/gliptoneeurope\/","https:\/\/www.instagram.com\/gliptoneeurope\/","https:\/\/www.pinterest.co.uk\/GliptoneEurope\/"]}]}},"wcpa_form_fields":null,"_links":{"self":[{"href":"https:\/\/gliptoneeurope.com\/fr\/wp-json\/wp\/v2\/product\/12055","targetHints":{"allow":["GET"]}}],"collection":[{"href":"https:\/\/gliptoneeurope.com\/fr\/wp-json\/wp\/v2\/product"}],"about":[{"href":"https:\/\/gliptoneeurope.com\/fr\/wp-json\/wp\/v2\/types\/product"}],"wp:featuredmedia":[{"embeddable":true,"href":"https:\/\/gliptoneeurope.com\/fr\/wp-json\/wp\/v2\/media\/10304"}],"wp:attachment":[{"href":"https:\/\/gliptoneeurope.com\/fr\/wp-json\/wp\/v2\/media?parent=12055"}],"wp:term":[{"taxonomy":"product_brand","embeddable":true,"href":"https:\/\/gliptoneeurope.com\/fr\/wp-json\/wp\/v2\/product_brand?post=12055"},{"taxonomy":"product_cat","embeddable":true,"href":"https:\/\/gliptoneeurope.com\/fr\/wp-json\/wp\/v2\/product_cat?post=12055"},{"taxonomy":"product_tag","embeddable":true,"href":"https:\/\/gliptoneeurope.com\/fr\/wp-json\/wp\/v2\/product_tag?post=12055"}],"curies":[{"name":"wp","href":"https:\/\/api.w.org\/{rel}","templated":true}]}}