{"id":12009,"date":"2020-08-07T10:54:16","date_gmt":"2020-08-07T10:54:16","guid":{"rendered":"https:\/\/gliptoneeurope.com\/product\/gt17-wax-pull-up-revivor\/"},"modified":"2023-02-04T16:03:32","modified_gmt":"2023-02-04T16:03:32","slug":"gt17-wax-pull-up-revivor-2","status":"publish","type":"product","link":"https:\/\/gliptoneeurope.com\/fr\/produit\/gt17-wax-pull-up-revivor-2\/","title":{"rendered":"GT17 Wax Pull-Up Revivor"},"content":{"rendered":"<p>Le cuir Wax Pull-Up est un cuir aniline pur qui est impr\u00e9gn\u00e9 d&#8217;huiles et de cires qui le gardent doux et l&#8217;emp\u00eachent de se dess\u00e9cher. Avec le temps, ces cires s&#8217;useront, la couleur s&#8217;estompera et les rayures deviendront plus prononc\u00e9es. GT17 Wax Pull-Up Revivor reconstitue les huiles vitales du cuir aniline pur, se fond dans les rayures l\u00e9g\u00e8res et rehausse la couleur.<\/p>\n","protected":false},"excerpt":{"rendered":"<p>Le cuir Wax Pull-Up est un cuir aniline pur qui est impr\u00e9gn\u00e9 d&#8217;huiles et de cires qui le gardent doux et l&#8217;emp\u00eachent de se dess\u00e9cher. Avec le temps, ces cires s&#8217;useront, la couleur s&#8217;estompera et les rayures deviendront plus prononc\u00e9es. GT17 Wax Pull-Up Revivor reconstitue les huiles vitales du cuir aniline pur, se fond dans [&hellip;]<\/p>\n","protected":false},"featured_media":10432,"template":"","meta":[],"product_brand":[],"product_cat":[114],"product_tag":[],"class_list":{"0":"post-12009","1":"product","2":"type-product","3":"status-publish","4":"has-post-thumbnail","6":"product_cat-cuir","8":"first","9":"instock","10":"taxable","11":"shipping-taxable","12":"purchasable","13":"product-type-variable"},"yoast_head":"<!-- This site is optimized with the Yoast SEO Premium plugin v21.4 (Yoast SEO v27.4) - https:\/\/yoast.com\/product\/yoast-seo-premium-wordpress\/ -->\n<title>GT17 Wax Pull-Up Revivor - Gliptone Europe<\/title>\n<meta name=\"description\" content=\"Wax Pull-Up Revivor reconstitue les huiles vitales du cuir aniline pur, se fond dans les rayures l\u00e9g\u00e8res et rehausse la couleur.\" \/>\n<meta name=\"robots\" content=\"index, follow, max-snippet:-1, max-image-preview:large, max-video-preview:-1\" \/>\n<link rel=\"canonical\" href=\"https:\/\/gliptoneeurope.com\/fr\/produit\/gt17-wax-pull-up-revivor-2\/\" \/>\n<meta property=\"og:locale\" content=\"fr_FR\" \/>\n<meta property=\"og:type\" content=\"article\" \/>\n<meta property=\"og:title\" content=\"GT17 Wax Pull-Up Revivor\" \/>\n<meta property=\"og:description\" content=\"Le cuir Wax Pull-Up est un cuir aniline pur qui est impr\u00e9gn\u00e9 d&#039;huiles et de cires qui le gardent doux et l&#039;emp\u00eachent de se dess\u00e9cher. Avec le temps, ces\" \/>\n<meta property=\"og:url\" content=\"https:\/\/gliptoneeurope.com\/fr\/produit\/gt17-wax-pull-up-revivor-2\/\" \/>\n<meta property=\"og:site_name\" content=\"Gliptone Europe\" \/>\n<meta property=\"article:publisher\" content=\"https:\/\/www.facebook.com\/gliptoneeurope\/\" \/>\n<meta property=\"article:modified_time\" content=\"2023-02-04T16:03:32+00:00\" \/>\n<meta property=\"og:image\" content=\"https:\/\/gliptoneeurope.com\/wp-content\/uploads\/GT17-Wax-Pull-Up-Revivor-1.jpg\" \/>\n\t<meta property=\"og:image:width\" content=\"1218\" \/>\n\t<meta property=\"og:image:height\" content=\"1218\" \/>\n\t<meta property=\"og:image:type\" content=\"image\/jpeg\" \/>\n<meta name=\"twitter:card\" content=\"summary_large_image\" \/>\n<script type=\"application\/ld+json\" class=\"yoast-schema-graph\">{\"@context\":\"https:\\\/\\\/schema.org\",\"@graph\":[{\"@type\":\"WebPage\",\"@id\":\"https:\\\/\\\/gliptoneeurope.com\\\/fr\\\/produit\\\/gt17-wax-pull-up-revivor-2\\\/\",\"url\":\"https:\\\/\\\/gliptoneeurope.com\\\/fr\\\/produit\\\/gt17-wax-pull-up-revivor-2\\\/\",\"name\":\"GT17 Wax Pull-Up Revivor - Gliptone Europe\",\"isPartOf\":{\"@id\":\"https:\\\/\\\/gliptoneeurope.com\\\/#website\"},\"primaryImageOfPage\":{\"@id\":\"https:\\\/\\\/gliptoneeurope.com\\\/fr\\\/produit\\\/gt17-wax-pull-up-revivor-2\\\/#primaryimage\"},\"image\":{\"@id\":\"https:\\\/\\\/gliptoneeurope.com\\\/fr\\\/produit\\\/gt17-wax-pull-up-revivor-2\\\/#primaryimage\"},\"thumbnailUrl\":\"https:\\\/\\\/gliptoneeurope.com\\\/wp-content\\\/uploads\\\/GT17-Wax-Pull-Up-Revivor-1.jpg\",\"datePublished\":\"2020-08-07T10:54:16+00:00\",\"dateModified\":\"2023-02-04T16:03:32+00:00\",\"description\":\"Wax Pull-Up Revivor reconstitue les huiles vitales du cuir aniline pur, se fond dans les rayures l\u00e9g\u00e8res et rehausse la couleur.\",\"breadcrumb\":{\"@id\":\"https:\\\/\\\/gliptoneeurope.com\\\/fr\\\/produit\\\/gt17-wax-pull-up-revivor-2\\\/#breadcrumb\"},\"inLanguage\":\"fr-FR\",\"potentialAction\":[{\"@type\":\"ReadAction\",\"target\":[\"https:\\\/\\\/gliptoneeurope.com\\\/fr\\\/produit\\\/gt17-wax-pull-up-revivor-2\\\/\"]}]},{\"@type\":\"ImageObject\",\"inLanguage\":\"fr-FR\",\"@id\":\"https:\\\/\\\/gliptoneeurope.com\\\/fr\\\/produit\\\/gt17-wax-pull-up-revivor-2\\\/#primaryimage\",\"url\":\"https:\\\/\\\/gliptoneeurope.com\\\/wp-content\\\/uploads\\\/GT17-Wax-Pull-Up-Revivor-1.jpg\",\"contentUrl\":\"https:\\\/\\\/gliptoneeurope.com\\\/wp-content\\\/uploads\\\/GT17-Wax-Pull-Up-Revivor-1.jpg\",\"width\":1218,\"height\":1218},{\"@type\":\"BreadcrumbList\",\"@id\":\"https:\\\/\\\/gliptoneeurope.com\\\/fr\\\/produit\\\/gt17-wax-pull-up-revivor-2\\\/#breadcrumb\",\"itemListElement\":[{\"@type\":\"ListItem\",\"position\":1,\"name\":\"Home\",\"item\":\"https:\\\/\\\/gliptoneeurope.com\\\/\"},{\"@type\":\"ListItem\",\"position\":2,\"name\":\"Boutique\",\"item\":\"https:\\\/\\\/gliptoneeurope.com\\\/fr\\\/boutique\\\/\"},{\"@type\":\"ListItem\",\"position\":3,\"name\":\"GT17 Wax Pull-Up Revivor\"}]},{\"@type\":\"WebSite\",\"@id\":\"https:\\\/\\\/gliptoneeurope.com\\\/#website\",\"url\":\"https:\\\/\\\/gliptoneeurope.com\\\/\",\"name\":\"Gliptone Europe\",\"description\":\"Professional Car Detailing Products\",\"publisher\":{\"@id\":\"https:\\\/\\\/gliptoneeurope.com\\\/#organization\"},\"potentialAction\":[{\"@type\":\"SearchAction\",\"target\":{\"@type\":\"EntryPoint\",\"urlTemplate\":\"https:\\\/\\\/gliptoneeurope.com\\\/?s={search_term_string}\"},\"query-input\":{\"@type\":\"PropertyValueSpecification\",\"valueRequired\":true,\"valueName\":\"search_term_string\"}}],\"inLanguage\":\"fr-FR\"},{\"@type\":\"Organization\",\"@id\":\"https:\\\/\\\/gliptoneeurope.com\\\/#organization\",\"name\":\"Gliptone Europe\",\"url\":\"https:\\\/\\\/gliptoneeurope.com\\\/\",\"logo\":{\"@type\":\"ImageObject\",\"inLanguage\":\"fr-FR\",\"@id\":\"https:\\\/\\\/gliptoneeurope.com\\\/#\\\/schema\\\/logo\\\/image\\\/\",\"url\":\"https:\\\/\\\/gliptoneeurope.com\\\/wp-content\\\/uploads\\\/Gliptone_Logo.png\",\"contentUrl\":\"https:\\\/\\\/gliptoneeurope.com\\\/wp-content\\\/uploads\\\/Gliptone_Logo.png\",\"width\":1472,\"height\":607,\"caption\":\"Gliptone Europe\"},\"image\":{\"@id\":\"https:\\\/\\\/gliptoneeurope.com\\\/#\\\/schema\\\/logo\\\/image\\\/\"},\"sameAs\":[\"https:\\\/\\\/www.facebook.com\\\/gliptoneeurope\\\/\",\"https:\\\/\\\/www.instagram.com\\\/gliptoneeurope\\\/\",\"https:\\\/\\\/www.pinterest.co.uk\\\/GliptoneEurope\\\/\"]}]}<\/script>\n<!-- \/ Yoast SEO Premium plugin. -->","yoast_head_json":{"title":"GT17 Wax Pull-Up Revivor - Gliptone Europe","description":"Wax Pull-Up Revivor reconstitue les huiles vitales du cuir aniline pur, se fond dans les rayures l\u00e9g\u00e8res et rehausse la couleur.","robots":{"index":"index","follow":"follow","max-snippet":"max-snippet:-1","max-image-preview":"max-image-preview:large","max-video-preview":"max-video-preview:-1"},"canonical":"https:\/\/gliptoneeurope.com\/fr\/produit\/gt17-wax-pull-up-revivor-2\/","og_locale":"fr_FR","og_type":"article","og_title":"GT17 Wax Pull-Up Revivor","og_description":"Le cuir Wax Pull-Up est un cuir aniline pur qui est impr\u00e9gn\u00e9 d'huiles et de cires qui le gardent doux et l'emp\u00eachent de se dess\u00e9cher. Avec le temps, ces","og_url":"https:\/\/gliptoneeurope.com\/fr\/produit\/gt17-wax-pull-up-revivor-2\/","og_site_name":"Gliptone Europe","article_publisher":"https:\/\/www.facebook.com\/gliptoneeurope\/","article_modified_time":"2023-02-04T16:03:32+00:00","og_image":[{"width":1218,"height":1218,"url":"https:\/\/gliptoneeurope.com\/wp-content\/uploads\/GT17-Wax-Pull-Up-Revivor-1.jpg","type":"image\/jpeg"}],"twitter_card":"summary_large_image","schema":{"@context":"https:\/\/schema.org","@graph":[{"@type":"WebPage","@id":"https:\/\/gliptoneeurope.com\/fr\/produit\/gt17-wax-pull-up-revivor-2\/","url":"https:\/\/gliptoneeurope.com\/fr\/produit\/gt17-wax-pull-up-revivor-2\/","name":"GT17 Wax Pull-Up Revivor - Gliptone Europe","isPartOf":{"@id":"https:\/\/gliptoneeurope.com\/#website"},"primaryImageOfPage":{"@id":"https:\/\/gliptoneeurope.com\/fr\/produit\/gt17-wax-pull-up-revivor-2\/#primaryimage"},"image":{"@id":"https:\/\/gliptoneeurope.com\/fr\/produit\/gt17-wax-pull-up-revivor-2\/#primaryimage"},"thumbnailUrl":"https:\/\/gliptoneeurope.com\/wp-content\/uploads\/GT17-Wax-Pull-Up-Revivor-1.jpg","datePublished":"2020-08-07T10:54:16+00:00","dateModified":"2023-02-04T16:03:32+00:00","description":"Wax Pull-Up Revivor reconstitue les huiles vitales du cuir aniline pur, se fond dans les rayures l\u00e9g\u00e8res et rehausse la couleur.","breadcrumb":{"@id":"https:\/\/gliptoneeurope.com\/fr\/produit\/gt17-wax-pull-up-revivor-2\/#breadcrumb"},"inLanguage":"fr-FR","potentialAction":[{"@type":"ReadAction","target":["https:\/\/gliptoneeurope.com\/fr\/produit\/gt17-wax-pull-up-revivor-2\/"]}]},{"@type":"ImageObject","inLanguage":"fr-FR","@id":"https:\/\/gliptoneeurope.com\/fr\/produit\/gt17-wax-pull-up-revivor-2\/#primaryimage","url":"https:\/\/gliptoneeurope.com\/wp-content\/uploads\/GT17-Wax-Pull-Up-Revivor-1.jpg","contentUrl":"https:\/\/gliptoneeurope.com\/wp-content\/uploads\/GT17-Wax-Pull-Up-Revivor-1.jpg","width":1218,"height":1218},{"@type":"BreadcrumbList","@id":"https:\/\/gliptoneeurope.com\/fr\/produit\/gt17-wax-pull-up-revivor-2\/#breadcrumb","itemListElement":[{"@type":"ListItem","position":1,"name":"Home","item":"https:\/\/gliptoneeurope.com\/"},{"@type":"ListItem","position":2,"name":"Boutique","item":"https:\/\/gliptoneeurope.com\/fr\/boutique\/"},{"@type":"ListItem","position":3,"name":"GT17 Wax Pull-Up Revivor"}]},{"@type":"WebSite","@id":"https:\/\/gliptoneeurope.com\/#website","url":"https:\/\/gliptoneeurope.com\/","name":"Gliptone Europe","description":"Professional Car Detailing Products","publisher":{"@id":"https:\/\/gliptoneeurope.com\/#organization"},"potentialAction":[{"@type":"SearchAction","target":{"@type":"EntryPoint","urlTemplate":"https:\/\/gliptoneeurope.com\/?s={search_term_string}"},"query-input":{"@type":"PropertyValueSpecification","valueRequired":true,"valueName":"search_term_string"}}],"inLanguage":"fr-FR"},{"@type":"Organization","@id":"https:\/\/gliptoneeurope.com\/#organization","name":"Gliptone Europe","url":"https:\/\/gliptoneeurope.com\/","logo":{"@type":"ImageObject","inLanguage":"fr-FR","@id":"https:\/\/gliptoneeurope.com\/#\/schema\/logo\/image\/","url":"https:\/\/gliptoneeurope.com\/wp-content\/uploads\/Gliptone_Logo.png","contentUrl":"https:\/\/gliptoneeurope.com\/wp-content\/uploads\/Gliptone_Logo.png","width":1472,"height":607,"caption":"Gliptone Europe"},"image":{"@id":"https:\/\/gliptoneeurope.com\/#\/schema\/logo\/image\/"},"sameAs":["https:\/\/www.facebook.com\/gliptoneeurope\/","https:\/\/www.instagram.com\/gliptoneeurope\/","https:\/\/www.pinterest.co.uk\/GliptoneEurope\/"]}]}},"wcpa_form_fields":null,"_links":{"self":[{"href":"https:\/\/gliptoneeurope.com\/fr\/wp-json\/wp\/v2\/product\/12009","targetHints":{"allow":["GET"]}}],"collection":[{"href":"https:\/\/gliptoneeurope.com\/fr\/wp-json\/wp\/v2\/product"}],"about":[{"href":"https:\/\/gliptoneeurope.com\/fr\/wp-json\/wp\/v2\/types\/product"}],"wp:featuredmedia":[{"embeddable":true,"href":"https:\/\/gliptoneeurope.com\/fr\/wp-json\/wp\/v2\/media\/10432"}],"wp:attachment":[{"href":"https:\/\/gliptoneeurope.com\/fr\/wp-json\/wp\/v2\/media?parent=12009"}],"wp:term":[{"taxonomy":"product_brand","embeddable":true,"href":"https:\/\/gliptoneeurope.com\/fr\/wp-json\/wp\/v2\/product_brand?post=12009"},{"taxonomy":"product_cat","embeddable":true,"href":"https:\/\/gliptoneeurope.com\/fr\/wp-json\/wp\/v2\/product_cat?post=12009"},{"taxonomy":"product_tag","embeddable":true,"href":"https:\/\/gliptoneeurope.com\/fr\/wp-json\/wp\/v2\/product_tag?post=12009"}],"curies":[{"name":"wp","href":"https:\/\/api.w.org\/{rel}","templated":true}]}}