{"id":12008,"date":"2020-08-07T10:38:44","date_gmt":"2021-11-30T11:44:03","guid":{"rendered":"https:\/\/gliptoneeurope.com\/product\/solvant-de-decapage-gt19\/"},"modified":"2021-11-30T11:44:03","modified_gmt":"2021-11-30T11:44:03","slug":"gt19-solvant-denudage","status":"publish","type":"product","link":"https:\/\/gliptoneeurope.com\/fr\/produit\/gt19-solvant-denudage\/","title":{"rendered":"Solvant de d\u00e9capage GT19"},"content":{"rendered":"<p>Le solvant de d\u00e9capage GT19 est un solvant puissant qui enl\u00e8ve la couche\/couche de laque sup\u00e9rieure et la couche de teinture de couleur sup\u00e9rieure ainsi que la graisse capillaire du cuir pigment\u00e9 en vue de la recoloration et de la r\u00e9paration. Ne convient pas pour l&#8217;aniline, la semi-aniline, le daim ou le nubuck<\/p>\n","protected":false},"excerpt":{"rendered":"<p>Le solvant de d\u00e9capage GT19 est un solvant puissant qui enl\u00e8ve la couche\/couche de laque sup\u00e9rieure et la couche de teinture de couleur sup\u00e9rieure ainsi que la graisse capillaire du cuir pigment\u00e9 en vue de la recoloration et de la r\u00e9paration. Ne convient pas pour l&#8217;aniline, la semi-aniline, le daim ou le nubuck<\/p>\n","protected":false},"featured_media":10434,"template":"","meta":[],"product_brand":[],"product_cat":[114],"product_tag":[],"class_list":{"0":"post-12008","1":"product","2":"type-product","3":"status-publish","4":"has-post-thumbnail","6":"product_cat-cuir","8":"first","9":"instock","10":"taxable","11":"shipping-taxable","12":"purchasable","13":"product-type-simple"},"yoast_head":"<!-- This site is optimized with the Yoast SEO Premium plugin v21.4 (Yoast SEO v27.4) - https:\/\/yoast.com\/product\/yoast-seo-premium-wordpress\/ -->\n<title>Solvant de d\u00e9capage GT19 - Gliptone Europe<\/title>\n<meta name=\"description\" content=\"Le solvant de d\u00e9capage enl\u00e8ve la couche de laque de finition et la couche de teinture de couleur sup\u00e9rieure ainsi que la graisse capillaire du cuir pigment\u00e9 pour pr\u00e9parer la recoloration et la r\u00e9paration.\" \/>\n<meta name=\"robots\" content=\"index, follow, max-snippet:-1, max-image-preview:large, max-video-preview:-1\" \/>\n<link rel=\"canonical\" href=\"https:\/\/gliptoneeurope.com\/fr\/produit\/gt19-solvant-denudage\/\" \/>\n<meta property=\"og:locale\" content=\"fr_FR\" \/>\n<meta property=\"og:type\" content=\"article\" \/>\n<meta property=\"og:title\" content=\"Solvant de d\u00e9capage GT19\" \/>\n<meta property=\"og:description\" content=\"Le solvant de d\u00e9capage GT19 est un solvant puissant qui enl\u00e8ve la couche\/couche de laque sup\u00e9rieure et la couche de teinture de couleur sup\u00e9rieure ainsi\" \/>\n<meta property=\"og:url\" content=\"https:\/\/gliptoneeurope.com\/fr\/produit\/gt19-solvant-denudage\/\" \/>\n<meta property=\"og:site_name\" content=\"Gliptone Europe\" \/>\n<meta property=\"article:publisher\" content=\"https:\/\/www.facebook.com\/gliptoneeurope\/\" \/>\n<meta property=\"og:image\" content=\"https:\/\/gliptoneeurope.com\/wp-content\/uploads\/GT19-Stripping-Solvent-1.jpg\" \/>\n\t<meta property=\"og:image:width\" content=\"1471\" \/>\n\t<meta property=\"og:image:height\" content=\"1471\" \/>\n\t<meta property=\"og:image:type\" content=\"image\/jpeg\" \/>\n<meta name=\"twitter:card\" content=\"summary_large_image\" \/>\n<script type=\"application\/ld+json\" class=\"yoast-schema-graph\">{\"@context\":\"https:\\\/\\\/schema.org\",\"@graph\":[{\"@type\":\"WebPage\",\"@id\":\"https:\\\/\\\/gliptoneeurope.com\\\/fr\\\/produit\\\/gt19-solvant-denudage\\\/\",\"url\":\"https:\\\/\\\/gliptoneeurope.com\\\/fr\\\/produit\\\/gt19-solvant-denudage\\\/\",\"name\":\"Solvant de d\u00e9capage GT19 - Gliptone Europe\",\"isPartOf\":{\"@id\":\"https:\\\/\\\/gliptoneeurope.com\\\/#website\"},\"primaryImageOfPage\":{\"@id\":\"https:\\\/\\\/gliptoneeurope.com\\\/fr\\\/produit\\\/gt19-solvant-denudage\\\/#primaryimage\"},\"image\":{\"@id\":\"https:\\\/\\\/gliptoneeurope.com\\\/fr\\\/produit\\\/gt19-solvant-denudage\\\/#primaryimage\"},\"thumbnailUrl\":\"https:\\\/\\\/gliptoneeurope.com\\\/wp-content\\\/uploads\\\/GT19-Stripping-Solvent-1.jpg\",\"datePublished\":\"2021-11-30T11:44:03+00:00\",\"description\":\"Le solvant de d\u00e9capage enl\u00e8ve la couche de laque de finition et la couche de teinture de couleur sup\u00e9rieure ainsi que la graisse capillaire du cuir pigment\u00e9 pour pr\u00e9parer la recoloration et la r\u00e9paration.\",\"breadcrumb\":{\"@id\":\"https:\\\/\\\/gliptoneeurope.com\\\/fr\\\/produit\\\/gt19-solvant-denudage\\\/#breadcrumb\"},\"inLanguage\":\"fr-FR\",\"potentialAction\":[{\"@type\":\"ReadAction\",\"target\":[\"https:\\\/\\\/gliptoneeurope.com\\\/fr\\\/produit\\\/gt19-solvant-denudage\\\/\"]}]},{\"@type\":\"ImageObject\",\"inLanguage\":\"fr-FR\",\"@id\":\"https:\\\/\\\/gliptoneeurope.com\\\/fr\\\/produit\\\/gt19-solvant-denudage\\\/#primaryimage\",\"url\":\"https:\\\/\\\/gliptoneeurope.com\\\/wp-content\\\/uploads\\\/GT19-Stripping-Solvent-1.jpg\",\"contentUrl\":\"https:\\\/\\\/gliptoneeurope.com\\\/wp-content\\\/uploads\\\/GT19-Stripping-Solvent-1.jpg\",\"width\":1471,\"height\":1471},{\"@type\":\"BreadcrumbList\",\"@id\":\"https:\\\/\\\/gliptoneeurope.com\\\/fr\\\/produit\\\/gt19-solvant-denudage\\\/#breadcrumb\",\"itemListElement\":[{\"@type\":\"ListItem\",\"position\":1,\"name\":\"Home\",\"item\":\"https:\\\/\\\/gliptoneeurope.com\\\/\"},{\"@type\":\"ListItem\",\"position\":2,\"name\":\"Boutique\",\"item\":\"https:\\\/\\\/gliptoneeurope.com\\\/fr\\\/boutique\\\/\"},{\"@type\":\"ListItem\",\"position\":3,\"name\":\"Solvant de d\u00e9capage GT19\"}]},{\"@type\":\"WebSite\",\"@id\":\"https:\\\/\\\/gliptoneeurope.com\\\/#website\",\"url\":\"https:\\\/\\\/gliptoneeurope.com\\\/\",\"name\":\"Gliptone Europe\",\"description\":\"Professional Car Detailing Products\",\"publisher\":{\"@id\":\"https:\\\/\\\/gliptoneeurope.com\\\/#organization\"},\"potentialAction\":[{\"@type\":\"SearchAction\",\"target\":{\"@type\":\"EntryPoint\",\"urlTemplate\":\"https:\\\/\\\/gliptoneeurope.com\\\/?s={search_term_string}\"},\"query-input\":{\"@type\":\"PropertyValueSpecification\",\"valueRequired\":true,\"valueName\":\"search_term_string\"}}],\"inLanguage\":\"fr-FR\"},{\"@type\":\"Organization\",\"@id\":\"https:\\\/\\\/gliptoneeurope.com\\\/#organization\",\"name\":\"Gliptone Europe\",\"url\":\"https:\\\/\\\/gliptoneeurope.com\\\/\",\"logo\":{\"@type\":\"ImageObject\",\"inLanguage\":\"fr-FR\",\"@id\":\"https:\\\/\\\/gliptoneeurope.com\\\/#\\\/schema\\\/logo\\\/image\\\/\",\"url\":\"https:\\\/\\\/gliptoneeurope.com\\\/wp-content\\\/uploads\\\/Gliptone_Logo.png\",\"contentUrl\":\"https:\\\/\\\/gliptoneeurope.com\\\/wp-content\\\/uploads\\\/Gliptone_Logo.png\",\"width\":1472,\"height\":607,\"caption\":\"Gliptone Europe\"},\"image\":{\"@id\":\"https:\\\/\\\/gliptoneeurope.com\\\/#\\\/schema\\\/logo\\\/image\\\/\"},\"sameAs\":[\"https:\\\/\\\/www.facebook.com\\\/gliptoneeurope\\\/\",\"https:\\\/\\\/www.instagram.com\\\/gliptoneeurope\\\/\",\"https:\\\/\\\/www.pinterest.co.uk\\\/GliptoneEurope\\\/\"]}]}<\/script>\n<!-- \/ Yoast SEO Premium plugin. -->","yoast_head_json":{"title":"Solvant de d\u00e9capage GT19 - Gliptone Europe","description":"Le solvant de d\u00e9capage enl\u00e8ve la couche de laque de finition et la couche de teinture de couleur sup\u00e9rieure ainsi que la graisse capillaire du cuir pigment\u00e9 pour pr\u00e9parer la recoloration et la r\u00e9paration.","robots":{"index":"index","follow":"follow","max-snippet":"max-snippet:-1","max-image-preview":"max-image-preview:large","max-video-preview":"max-video-preview:-1"},"canonical":"https:\/\/gliptoneeurope.com\/fr\/produit\/gt19-solvant-denudage\/","og_locale":"fr_FR","og_type":"article","og_title":"Solvant de d\u00e9capage GT19","og_description":"Le solvant de d\u00e9capage GT19 est un solvant puissant qui enl\u00e8ve la couche\/couche de laque sup\u00e9rieure et la couche de teinture de couleur sup\u00e9rieure ainsi","og_url":"https:\/\/gliptoneeurope.com\/fr\/produit\/gt19-solvant-denudage\/","og_site_name":"Gliptone Europe","article_publisher":"https:\/\/www.facebook.com\/gliptoneeurope\/","og_image":[{"width":1471,"height":1471,"url":"https:\/\/gliptoneeurope.com\/wp-content\/uploads\/GT19-Stripping-Solvent-1.jpg","type":"image\/jpeg"}],"twitter_card":"summary_large_image","schema":{"@context":"https:\/\/schema.org","@graph":[{"@type":"WebPage","@id":"https:\/\/gliptoneeurope.com\/fr\/produit\/gt19-solvant-denudage\/","url":"https:\/\/gliptoneeurope.com\/fr\/produit\/gt19-solvant-denudage\/","name":"Solvant de d\u00e9capage GT19 - Gliptone Europe","isPartOf":{"@id":"https:\/\/gliptoneeurope.com\/#website"},"primaryImageOfPage":{"@id":"https:\/\/gliptoneeurope.com\/fr\/produit\/gt19-solvant-denudage\/#primaryimage"},"image":{"@id":"https:\/\/gliptoneeurope.com\/fr\/produit\/gt19-solvant-denudage\/#primaryimage"},"thumbnailUrl":"https:\/\/gliptoneeurope.com\/wp-content\/uploads\/GT19-Stripping-Solvent-1.jpg","datePublished":"2021-11-30T11:44:03+00:00","description":"Le solvant de d\u00e9capage enl\u00e8ve la couche de laque de finition et la couche de teinture de couleur sup\u00e9rieure ainsi que la graisse capillaire du cuir pigment\u00e9 pour pr\u00e9parer la recoloration et la r\u00e9paration.","breadcrumb":{"@id":"https:\/\/gliptoneeurope.com\/fr\/produit\/gt19-solvant-denudage\/#breadcrumb"},"inLanguage":"fr-FR","potentialAction":[{"@type":"ReadAction","target":["https:\/\/gliptoneeurope.com\/fr\/produit\/gt19-solvant-denudage\/"]}]},{"@type":"ImageObject","inLanguage":"fr-FR","@id":"https:\/\/gliptoneeurope.com\/fr\/produit\/gt19-solvant-denudage\/#primaryimage","url":"https:\/\/gliptoneeurope.com\/wp-content\/uploads\/GT19-Stripping-Solvent-1.jpg","contentUrl":"https:\/\/gliptoneeurope.com\/wp-content\/uploads\/GT19-Stripping-Solvent-1.jpg","width":1471,"height":1471},{"@type":"BreadcrumbList","@id":"https:\/\/gliptoneeurope.com\/fr\/produit\/gt19-solvant-denudage\/#breadcrumb","itemListElement":[{"@type":"ListItem","position":1,"name":"Home","item":"https:\/\/gliptoneeurope.com\/"},{"@type":"ListItem","position":2,"name":"Boutique","item":"https:\/\/gliptoneeurope.com\/fr\/boutique\/"},{"@type":"ListItem","position":3,"name":"Solvant de d\u00e9capage GT19"}]},{"@type":"WebSite","@id":"https:\/\/gliptoneeurope.com\/#website","url":"https:\/\/gliptoneeurope.com\/","name":"Gliptone Europe","description":"Professional Car Detailing Products","publisher":{"@id":"https:\/\/gliptoneeurope.com\/#organization"},"potentialAction":[{"@type":"SearchAction","target":{"@type":"EntryPoint","urlTemplate":"https:\/\/gliptoneeurope.com\/?s={search_term_string}"},"query-input":{"@type":"PropertyValueSpecification","valueRequired":true,"valueName":"search_term_string"}}],"inLanguage":"fr-FR"},{"@type":"Organization","@id":"https:\/\/gliptoneeurope.com\/#organization","name":"Gliptone Europe","url":"https:\/\/gliptoneeurope.com\/","logo":{"@type":"ImageObject","inLanguage":"fr-FR","@id":"https:\/\/gliptoneeurope.com\/#\/schema\/logo\/image\/","url":"https:\/\/gliptoneeurope.com\/wp-content\/uploads\/Gliptone_Logo.png","contentUrl":"https:\/\/gliptoneeurope.com\/wp-content\/uploads\/Gliptone_Logo.png","width":1472,"height":607,"caption":"Gliptone Europe"},"image":{"@id":"https:\/\/gliptoneeurope.com\/#\/schema\/logo\/image\/"},"sameAs":["https:\/\/www.facebook.com\/gliptoneeurope\/","https:\/\/www.instagram.com\/gliptoneeurope\/","https:\/\/www.pinterest.co.uk\/GliptoneEurope\/"]}]}},"wcpa_form_fields":null,"_links":{"self":[{"href":"https:\/\/gliptoneeurope.com\/fr\/wp-json\/wp\/v2\/product\/12008","targetHints":{"allow":["GET"]}}],"collection":[{"href":"https:\/\/gliptoneeurope.com\/fr\/wp-json\/wp\/v2\/product"}],"about":[{"href":"https:\/\/gliptoneeurope.com\/fr\/wp-json\/wp\/v2\/types\/product"}],"wp:featuredmedia":[{"embeddable":true,"href":"https:\/\/gliptoneeurope.com\/fr\/wp-json\/wp\/v2\/media\/10434"}],"wp:attachment":[{"href":"https:\/\/gliptoneeurope.com\/fr\/wp-json\/wp\/v2\/media?parent=12008"}],"wp:term":[{"taxonomy":"product_brand","embeddable":true,"href":"https:\/\/gliptoneeurope.com\/fr\/wp-json\/wp\/v2\/product_brand?post=12008"},{"taxonomy":"product_cat","embeddable":true,"href":"https:\/\/gliptoneeurope.com\/fr\/wp-json\/wp\/v2\/product_cat?post=12008"},{"taxonomy":"product_tag","embeddable":true,"href":"https:\/\/gliptoneeurope.com\/fr\/wp-json\/wp\/v2\/product_tag?post=12008"}],"curies":[{"name":"wp","href":"https:\/\/api.w.org\/{rel}","templated":true}]}}