{"id":11992,"date":"2020-08-07T10:56:36","date_gmt":"2021-11-30T11:43:58","guid":{"rendered":"https:\/\/gliptoneeurope.com\/product\/protecteur-textile-et-cuir-gt16\/"},"modified":"2021-11-30T11:43:58","modified_gmt":"2021-11-30T11:43:58","slug":"gt16-textile-leather-protector-2","status":"publish","type":"product","link":"https:\/\/gliptoneeurope.com\/fr\/produit\/gt16-textile-leather-protector-2\/","title":{"rendered":"Protecteur textile et cuir GT16"},"content":{"rendered":"<p>GT16 Textile &amp; Leather Protector offre une protection contre les d\u00e9versements et la salet\u00e9 sur les textiles et les cuirs sp\u00e9cialis\u00e9s tels que le daim, le nubuck et certaines anilines, en laissant le temps de les essuyer. GT16 Textile &amp; Leather Protector peut \u00e9galement \u00eatre utilis\u00e9 comme pansement \u00e0 vaporiser pour prot\u00e9ger les v\u00eatements, les chaussures, les sacs et les \u00e9tuis.<\/p>\n","protected":false},"excerpt":{"rendered":"<p>GT16 Textile &amp; Leather Protector offre une protection contre les d\u00e9versements et la salet\u00e9 sur les textiles et les cuirs sp\u00e9cialis\u00e9s tels que le daim, le nubuck et certaines anilines, en laissant le temps de les essuyer. GT16 Textile &amp; Leather Protector peut \u00e9galement \u00eatre utilis\u00e9 comme pansement \u00e0 vaporiser pour prot\u00e9ger les v\u00eatements, les [&hellip;]<\/p>\n","protected":false},"featured_media":10430,"template":"","meta":[],"product_brand":[],"product_cat":[114,124],"product_tag":[],"class_list":{"0":"post-11992","1":"product","2":"type-product","3":"status-publish","4":"has-post-thumbnail","6":"product_cat-cuir","7":"product_cat-interieur","9":"first","10":"instock","11":"taxable","12":"shipping-taxable","13":"purchasable","14":"product-type-simple"},"yoast_head":"<!-- This site is optimized with the Yoast SEO Premium plugin v21.4 (Yoast SEO v27.5) - https:\/\/yoast.com\/product\/yoast-seo-premium-wordpress\/ -->\n<title>Protecteur textile et cuir GT16 - Gliptone Europe<\/title>\n<meta name=\"description\" content=\"Textile &amp; Leather Protector offre une protection contre les d\u00e9versements et la salet\u00e9 sur les textiles et les cuirs sp\u00e9cialis\u00e9s tels que le daim, le nubuck et certaines anilines.\" \/>\n<meta name=\"robots\" content=\"index, follow, max-snippet:-1, max-image-preview:large, max-video-preview:-1\" \/>\n<link rel=\"canonical\" href=\"https:\/\/gliptoneeurope.com\/fr\/produit\/gt16-textile-leather-protector-2\/\" \/>\n<meta property=\"og:locale\" content=\"fr_FR\" \/>\n<meta property=\"og:type\" content=\"article\" \/>\n<meta property=\"og:title\" content=\"Protecteur textile et cuir GT16\" \/>\n<meta property=\"og:description\" content=\"GT16 Textile &amp; Leather Protector offre une protection contre les d\u00e9versements et la salet\u00e9 sur les textiles et les cuirs sp\u00e9cialis\u00e9s tels que le daim,\" \/>\n<meta property=\"og:url\" content=\"https:\/\/gliptoneeurope.com\/fr\/produit\/gt16-textile-leather-protector-2\/\" \/>\n<meta property=\"og:site_name\" content=\"Gliptone Europe\" \/>\n<meta property=\"article:publisher\" content=\"https:\/\/www.facebook.com\/gliptoneeurope\/\" \/>\n<meta property=\"og:image\" content=\"https:\/\/gliptoneeurope.com\/wp-content\/uploads\/GT16-Textile-Leather-Protector-1.jpg\" \/>\n\t<meta property=\"og:image:width\" content=\"1272\" \/>\n\t<meta property=\"og:image:height\" content=\"1272\" \/>\n\t<meta property=\"og:image:type\" content=\"image\/jpeg\" \/>\n<meta name=\"twitter:card\" content=\"summary_large_image\" \/>\n<script type=\"application\/ld+json\" class=\"yoast-schema-graph\">{\"@context\":\"https:\\\/\\\/schema.org\",\"@graph\":[{\"@type\":\"WebPage\",\"@id\":\"https:\\\/\\\/gliptoneeurope.com\\\/fr\\\/produit\\\/gt16-textile-leather-protector-2\\\/\",\"url\":\"https:\\\/\\\/gliptoneeurope.com\\\/fr\\\/produit\\\/gt16-textile-leather-protector-2\\\/\",\"name\":\"Protecteur textile et cuir GT16 - Gliptone Europe\",\"isPartOf\":{\"@id\":\"https:\\\/\\\/gliptoneeurope.com\\\/#website\"},\"primaryImageOfPage\":{\"@id\":\"https:\\\/\\\/gliptoneeurope.com\\\/fr\\\/produit\\\/gt16-textile-leather-protector-2\\\/#primaryimage\"},\"image\":{\"@id\":\"https:\\\/\\\/gliptoneeurope.com\\\/fr\\\/produit\\\/gt16-textile-leather-protector-2\\\/#primaryimage\"},\"thumbnailUrl\":\"https:\\\/\\\/gliptoneeurope.com\\\/wp-content\\\/uploads\\\/GT16-Textile-Leather-Protector-1.jpg\",\"datePublished\":\"2021-11-30T11:43:58+00:00\",\"description\":\"Textile & Leather Protector offre une protection contre les d\u00e9versements et la salet\u00e9 sur les textiles et les cuirs sp\u00e9cialis\u00e9s tels que le daim, le nubuck et certaines anilines.\",\"breadcrumb\":{\"@id\":\"https:\\\/\\\/gliptoneeurope.com\\\/fr\\\/produit\\\/gt16-textile-leather-protector-2\\\/#breadcrumb\"},\"inLanguage\":\"fr-FR\",\"potentialAction\":[{\"@type\":\"ReadAction\",\"target\":[\"https:\\\/\\\/gliptoneeurope.com\\\/fr\\\/produit\\\/gt16-textile-leather-protector-2\\\/\"]}]},{\"@type\":\"ImageObject\",\"inLanguage\":\"fr-FR\",\"@id\":\"https:\\\/\\\/gliptoneeurope.com\\\/fr\\\/produit\\\/gt16-textile-leather-protector-2\\\/#primaryimage\",\"url\":\"https:\\\/\\\/gliptoneeurope.com\\\/wp-content\\\/uploads\\\/GT16-Textile-Leather-Protector-1.jpg\",\"contentUrl\":\"https:\\\/\\\/gliptoneeurope.com\\\/wp-content\\\/uploads\\\/GT16-Textile-Leather-Protector-1.jpg\",\"width\":1272,\"height\":1272},{\"@type\":\"BreadcrumbList\",\"@id\":\"https:\\\/\\\/gliptoneeurope.com\\\/fr\\\/produit\\\/gt16-textile-leather-protector-2\\\/#breadcrumb\",\"itemListElement\":[{\"@type\":\"ListItem\",\"position\":1,\"name\":\"Home\",\"item\":\"https:\\\/\\\/gliptoneeurope.com\\\/\"},{\"@type\":\"ListItem\",\"position\":2,\"name\":\"Boutique\",\"item\":\"https:\\\/\\\/gliptoneeurope.com\\\/fr\\\/boutique\\\/\"},{\"@type\":\"ListItem\",\"position\":3,\"name\":\"Protecteur textile et cuir GT16\"}]},{\"@type\":\"WebSite\",\"@id\":\"https:\\\/\\\/gliptoneeurope.com\\\/#website\",\"url\":\"https:\\\/\\\/gliptoneeurope.com\\\/\",\"name\":\"Gliptone Europe\",\"description\":\"Professional Car Detailing Products\",\"publisher\":{\"@id\":\"https:\\\/\\\/gliptoneeurope.com\\\/#organization\"},\"potentialAction\":[{\"@type\":\"SearchAction\",\"target\":{\"@type\":\"EntryPoint\",\"urlTemplate\":\"https:\\\/\\\/gliptoneeurope.com\\\/?s={search_term_string}\"},\"query-input\":{\"@type\":\"PropertyValueSpecification\",\"valueRequired\":true,\"valueName\":\"search_term_string\"}}],\"inLanguage\":\"fr-FR\"},{\"@type\":\"Organization\",\"@id\":\"https:\\\/\\\/gliptoneeurope.com\\\/#organization\",\"name\":\"Gliptone Europe\",\"url\":\"https:\\\/\\\/gliptoneeurope.com\\\/\",\"logo\":{\"@type\":\"ImageObject\",\"inLanguage\":\"fr-FR\",\"@id\":\"https:\\\/\\\/gliptoneeurope.com\\\/#\\\/schema\\\/logo\\\/image\\\/\",\"url\":\"https:\\\/\\\/gliptoneeurope.com\\\/wp-content\\\/uploads\\\/Gliptone_Logo.png\",\"contentUrl\":\"https:\\\/\\\/gliptoneeurope.com\\\/wp-content\\\/uploads\\\/Gliptone_Logo.png\",\"width\":1472,\"height\":607,\"caption\":\"Gliptone Europe\"},\"image\":{\"@id\":\"https:\\\/\\\/gliptoneeurope.com\\\/#\\\/schema\\\/logo\\\/image\\\/\"},\"sameAs\":[\"https:\\\/\\\/www.facebook.com\\\/gliptoneeurope\\\/\",\"https:\\\/\\\/www.instagram.com\\\/gliptoneeurope\\\/\",\"https:\\\/\\\/www.pinterest.co.uk\\\/GliptoneEurope\\\/\"]}]}<\/script>\n<!-- \/ Yoast SEO Premium plugin. -->","yoast_head_json":{"title":"Protecteur textile et cuir GT16 - Gliptone Europe","description":"Textile & Leather Protector offre une protection contre les d\u00e9versements et la salet\u00e9 sur les textiles et les cuirs sp\u00e9cialis\u00e9s tels que le daim, le nubuck et certaines anilines.","robots":{"index":"index","follow":"follow","max-snippet":"max-snippet:-1","max-image-preview":"max-image-preview:large","max-video-preview":"max-video-preview:-1"},"canonical":"https:\/\/gliptoneeurope.com\/fr\/produit\/gt16-textile-leather-protector-2\/","og_locale":"fr_FR","og_type":"article","og_title":"Protecteur textile et cuir GT16","og_description":"GT16 Textile &amp; Leather Protector offre une protection contre les d\u00e9versements et la salet\u00e9 sur les textiles et les cuirs sp\u00e9cialis\u00e9s tels que le daim,","og_url":"https:\/\/gliptoneeurope.com\/fr\/produit\/gt16-textile-leather-protector-2\/","og_site_name":"Gliptone Europe","article_publisher":"https:\/\/www.facebook.com\/gliptoneeurope\/","og_image":[{"width":1272,"height":1272,"url":"https:\/\/gliptoneeurope.com\/wp-content\/uploads\/GT16-Textile-Leather-Protector-1.jpg","type":"image\/jpeg"}],"twitter_card":"summary_large_image","schema":{"@context":"https:\/\/schema.org","@graph":[{"@type":"WebPage","@id":"https:\/\/gliptoneeurope.com\/fr\/produit\/gt16-textile-leather-protector-2\/","url":"https:\/\/gliptoneeurope.com\/fr\/produit\/gt16-textile-leather-protector-2\/","name":"Protecteur textile et cuir GT16 - Gliptone Europe","isPartOf":{"@id":"https:\/\/gliptoneeurope.com\/#website"},"primaryImageOfPage":{"@id":"https:\/\/gliptoneeurope.com\/fr\/produit\/gt16-textile-leather-protector-2\/#primaryimage"},"image":{"@id":"https:\/\/gliptoneeurope.com\/fr\/produit\/gt16-textile-leather-protector-2\/#primaryimage"},"thumbnailUrl":"https:\/\/gliptoneeurope.com\/wp-content\/uploads\/GT16-Textile-Leather-Protector-1.jpg","datePublished":"2021-11-30T11:43:58+00:00","description":"Textile & Leather Protector offre une protection contre les d\u00e9versements et la salet\u00e9 sur les textiles et les cuirs sp\u00e9cialis\u00e9s tels que le daim, le nubuck et certaines anilines.","breadcrumb":{"@id":"https:\/\/gliptoneeurope.com\/fr\/produit\/gt16-textile-leather-protector-2\/#breadcrumb"},"inLanguage":"fr-FR","potentialAction":[{"@type":"ReadAction","target":["https:\/\/gliptoneeurope.com\/fr\/produit\/gt16-textile-leather-protector-2\/"]}]},{"@type":"ImageObject","inLanguage":"fr-FR","@id":"https:\/\/gliptoneeurope.com\/fr\/produit\/gt16-textile-leather-protector-2\/#primaryimage","url":"https:\/\/gliptoneeurope.com\/wp-content\/uploads\/GT16-Textile-Leather-Protector-1.jpg","contentUrl":"https:\/\/gliptoneeurope.com\/wp-content\/uploads\/GT16-Textile-Leather-Protector-1.jpg","width":1272,"height":1272},{"@type":"BreadcrumbList","@id":"https:\/\/gliptoneeurope.com\/fr\/produit\/gt16-textile-leather-protector-2\/#breadcrumb","itemListElement":[{"@type":"ListItem","position":1,"name":"Home","item":"https:\/\/gliptoneeurope.com\/"},{"@type":"ListItem","position":2,"name":"Boutique","item":"https:\/\/gliptoneeurope.com\/fr\/boutique\/"},{"@type":"ListItem","position":3,"name":"Protecteur textile et cuir GT16"}]},{"@type":"WebSite","@id":"https:\/\/gliptoneeurope.com\/#website","url":"https:\/\/gliptoneeurope.com\/","name":"Gliptone Europe","description":"Professional Car Detailing Products","publisher":{"@id":"https:\/\/gliptoneeurope.com\/#organization"},"potentialAction":[{"@type":"SearchAction","target":{"@type":"EntryPoint","urlTemplate":"https:\/\/gliptoneeurope.com\/?s={search_term_string}"},"query-input":{"@type":"PropertyValueSpecification","valueRequired":true,"valueName":"search_term_string"}}],"inLanguage":"fr-FR"},{"@type":"Organization","@id":"https:\/\/gliptoneeurope.com\/#organization","name":"Gliptone Europe","url":"https:\/\/gliptoneeurope.com\/","logo":{"@type":"ImageObject","inLanguage":"fr-FR","@id":"https:\/\/gliptoneeurope.com\/#\/schema\/logo\/image\/","url":"https:\/\/gliptoneeurope.com\/wp-content\/uploads\/Gliptone_Logo.png","contentUrl":"https:\/\/gliptoneeurope.com\/wp-content\/uploads\/Gliptone_Logo.png","width":1472,"height":607,"caption":"Gliptone Europe"},"image":{"@id":"https:\/\/gliptoneeurope.com\/#\/schema\/logo\/image\/"},"sameAs":["https:\/\/www.facebook.com\/gliptoneeurope\/","https:\/\/www.instagram.com\/gliptoneeurope\/","https:\/\/www.pinterest.co.uk\/GliptoneEurope\/"]}]}},"wcpa_form_fields":null,"_links":{"self":[{"href":"https:\/\/gliptoneeurope.com\/fr\/wp-json\/wp\/v2\/product\/11992","targetHints":{"allow":["GET"]}}],"collection":[{"href":"https:\/\/gliptoneeurope.com\/fr\/wp-json\/wp\/v2\/product"}],"about":[{"href":"https:\/\/gliptoneeurope.com\/fr\/wp-json\/wp\/v2\/types\/product"}],"wp:featuredmedia":[{"embeddable":true,"href":"https:\/\/gliptoneeurope.com\/fr\/wp-json\/wp\/v2\/media\/10430"}],"wp:attachment":[{"href":"https:\/\/gliptoneeurope.com\/fr\/wp-json\/wp\/v2\/media?parent=11992"}],"wp:term":[{"taxonomy":"product_brand","embeddable":true,"href":"https:\/\/gliptoneeurope.com\/fr\/wp-json\/wp\/v2\/product_brand?post=11992"},{"taxonomy":"product_cat","embeddable":true,"href":"https:\/\/gliptoneeurope.com\/fr\/wp-json\/wp\/v2\/product_cat?post=11992"},{"taxonomy":"product_tag","embeddable":true,"href":"https:\/\/gliptoneeurope.com\/fr\/wp-json\/wp\/v2\/product_tag?post=11992"}],"curies":[{"name":"wp","href":"https:\/\/api.w.org\/{rel}","templated":true}]}}