{"id":11934,"date":"2020-08-07T11:26:22","date_gmt":"2021-11-30T11:42:31","guid":{"rendered":"https:\/\/gliptoneeurope.com\/product\/gt1-top-coat-t1-scellant-brillant\/"},"modified":"2021-11-30T11:42:31","modified_gmt":"2021-11-30T11:42:31","slug":"gt1-top-coat-t1-gloss-scellant","status":"publish","type":"product","link":"https:\/\/gliptoneeurope.com\/fr\/produit\/gt1-top-coat-t1-gloss-scellant\/","title":{"rendered":"GT1 Top Coat T1 Scellant Brillant"},"content":{"rendered":"<p>GT1 Top Coat T1 Gloss Sealant est un mastic protecteur \u00e0 base d&#8217;eau avec une finition brillante qui s&#8217;applique sur le cuir par pulv\u00e9risation. GT1 Top Coat T1 Gloss Sealant peut \u00eatre m\u00e9lang\u00e9 avec GT3 Top Coat T3 Extra Matt Sealant pour r\u00e9duire la brillance et obtenir la \ufb01nition souhait\u00e9e.<\/p>\n","protected":false},"excerpt":{"rendered":"<p>GT1 Top Coat T1 Gloss Sealant est un mastic protecteur \u00e0 base d&#8217;eau avec une finition brillante qui s&#8217;applique sur le cuir par pulv\u00e9risation. GT1 Top Coat T1 Gloss Sealant peut \u00eatre m\u00e9lang\u00e9 avec GT3 Top Coat T3 Extra Matt Sealant pour r\u00e9duire la brillance et obtenir la \ufb01nition souhait\u00e9e.<\/p>\n","protected":false},"featured_media":10426,"template":"","meta":[],"product_brand":[],"product_cat":[114],"product_tag":[],"class_list":{"0":"post-11934","1":"product","2":"type-product","3":"status-publish","4":"has-post-thumbnail","6":"product_cat-cuir","8":"first","9":"instock","10":"taxable","11":"shipping-taxable","12":"purchasable","13":"product-type-variable"},"yoast_head":"<!-- This site is optimized with the Yoast SEO Premium plugin v21.4 (Yoast SEO v27.4) - https:\/\/yoast.com\/product\/yoast-seo-premium-wordpress\/ -->\n<title>GT1 Top Coat T1 Scellant Brillant - Gliptone Europe<\/title>\n<meta name=\"description\" content=\"GT1 Top Coat T1 Gloss Sealant est un mastic protecteur \u00e0 base d&#039;eau avec une finition brillante qui est appliqu\u00e9 sur le cuir par pulv\u00e9risation\" \/>\n<meta name=\"robots\" content=\"index, follow, max-snippet:-1, max-image-preview:large, max-video-preview:-1\" \/>\n<link rel=\"canonical\" href=\"https:\/\/gliptoneeurope.com\/fr\/produit\/gt1-top-coat-t1-gloss-scellant\/\" \/>\n<meta property=\"og:locale\" content=\"fr_FR\" \/>\n<meta property=\"og:type\" content=\"article\" \/>\n<meta property=\"og:title\" content=\"GT1 Top Coat T1 Scellant Brillant\" \/>\n<meta property=\"og:description\" content=\"GT1 Top Coat T1 Gloss Sealant est un mastic protecteur \u00e0 base d&#039;eau avec une finition brillante qui s&#039;applique sur le cuir par pulv\u00e9risation. GT1 Top Coat\" \/>\n<meta property=\"og:url\" content=\"https:\/\/gliptoneeurope.com\/fr\/produit\/gt1-top-coat-t1-gloss-scellant\/\" \/>\n<meta property=\"og:site_name\" content=\"Gliptone Europe\" \/>\n<meta property=\"article:publisher\" content=\"https:\/\/www.facebook.com\/gliptoneeurope\/\" \/>\n<meta property=\"og:image\" content=\"https:\/\/gliptoneeurope.com\/wp-content\/uploads\/GT1-Top-Coat-T1-1.jpg\" \/>\n\t<meta property=\"og:image:width\" content=\"1236\" \/>\n\t<meta property=\"og:image:height\" content=\"1236\" \/>\n\t<meta property=\"og:image:type\" content=\"image\/jpeg\" \/>\n<meta name=\"twitter:card\" content=\"summary_large_image\" \/>\n<script type=\"application\/ld+json\" class=\"yoast-schema-graph\">{\"@context\":\"https:\\\/\\\/schema.org\",\"@graph\":[{\"@type\":\"WebPage\",\"@id\":\"https:\\\/\\\/gliptoneeurope.com\\\/fr\\\/produit\\\/gt1-top-coat-t1-gloss-scellant\\\/\",\"url\":\"https:\\\/\\\/gliptoneeurope.com\\\/fr\\\/produit\\\/gt1-top-coat-t1-gloss-scellant\\\/\",\"name\":\"GT1 Top Coat T1 Scellant Brillant - Gliptone Europe\",\"isPartOf\":{\"@id\":\"https:\\\/\\\/gliptoneeurope.com\\\/#website\"},\"primaryImageOfPage\":{\"@id\":\"https:\\\/\\\/gliptoneeurope.com\\\/fr\\\/produit\\\/gt1-top-coat-t1-gloss-scellant\\\/#primaryimage\"},\"image\":{\"@id\":\"https:\\\/\\\/gliptoneeurope.com\\\/fr\\\/produit\\\/gt1-top-coat-t1-gloss-scellant\\\/#primaryimage\"},\"thumbnailUrl\":\"https:\\\/\\\/gliptoneeurope.com\\\/wp-content\\\/uploads\\\/GT1-Top-Coat-T1-1.jpg\",\"datePublished\":\"2021-11-30T11:42:31+00:00\",\"description\":\"GT1 Top Coat T1 Gloss Sealant est un mastic protecteur \u00e0 base d'eau avec une finition brillante qui est appliqu\u00e9 sur le cuir par pulv\u00e9risation\",\"breadcrumb\":{\"@id\":\"https:\\\/\\\/gliptoneeurope.com\\\/fr\\\/produit\\\/gt1-top-coat-t1-gloss-scellant\\\/#breadcrumb\"},\"inLanguage\":\"fr-FR\",\"potentialAction\":[{\"@type\":\"ReadAction\",\"target\":[\"https:\\\/\\\/gliptoneeurope.com\\\/fr\\\/produit\\\/gt1-top-coat-t1-gloss-scellant\\\/\"]}]},{\"@type\":\"ImageObject\",\"inLanguage\":\"fr-FR\",\"@id\":\"https:\\\/\\\/gliptoneeurope.com\\\/fr\\\/produit\\\/gt1-top-coat-t1-gloss-scellant\\\/#primaryimage\",\"url\":\"https:\\\/\\\/gliptoneeurope.com\\\/wp-content\\\/uploads\\\/GT1-Top-Coat-T1-1.jpg\",\"contentUrl\":\"https:\\\/\\\/gliptoneeurope.com\\\/wp-content\\\/uploads\\\/GT1-Top-Coat-T1-1.jpg\",\"width\":1236,\"height\":1236},{\"@type\":\"BreadcrumbList\",\"@id\":\"https:\\\/\\\/gliptoneeurope.com\\\/fr\\\/produit\\\/gt1-top-coat-t1-gloss-scellant\\\/#breadcrumb\",\"itemListElement\":[{\"@type\":\"ListItem\",\"position\":1,\"name\":\"Home\",\"item\":\"https:\\\/\\\/gliptoneeurope.com\\\/\"},{\"@type\":\"ListItem\",\"position\":2,\"name\":\"Boutique\",\"item\":\"https:\\\/\\\/gliptoneeurope.com\\\/fr\\\/boutique\\\/\"},{\"@type\":\"ListItem\",\"position\":3,\"name\":\"GT1 Top Coat T1 Scellant Brillant\"}]},{\"@type\":\"WebSite\",\"@id\":\"https:\\\/\\\/gliptoneeurope.com\\\/#website\",\"url\":\"https:\\\/\\\/gliptoneeurope.com\\\/\",\"name\":\"Gliptone Europe\",\"description\":\"Professional Car Detailing Products\",\"publisher\":{\"@id\":\"https:\\\/\\\/gliptoneeurope.com\\\/#organization\"},\"potentialAction\":[{\"@type\":\"SearchAction\",\"target\":{\"@type\":\"EntryPoint\",\"urlTemplate\":\"https:\\\/\\\/gliptoneeurope.com\\\/?s={search_term_string}\"},\"query-input\":{\"@type\":\"PropertyValueSpecification\",\"valueRequired\":true,\"valueName\":\"search_term_string\"}}],\"inLanguage\":\"fr-FR\"},{\"@type\":\"Organization\",\"@id\":\"https:\\\/\\\/gliptoneeurope.com\\\/#organization\",\"name\":\"Gliptone Europe\",\"url\":\"https:\\\/\\\/gliptoneeurope.com\\\/\",\"logo\":{\"@type\":\"ImageObject\",\"inLanguage\":\"fr-FR\",\"@id\":\"https:\\\/\\\/gliptoneeurope.com\\\/#\\\/schema\\\/logo\\\/image\\\/\",\"url\":\"https:\\\/\\\/gliptoneeurope.com\\\/wp-content\\\/uploads\\\/Gliptone_Logo.png\",\"contentUrl\":\"https:\\\/\\\/gliptoneeurope.com\\\/wp-content\\\/uploads\\\/Gliptone_Logo.png\",\"width\":1472,\"height\":607,\"caption\":\"Gliptone Europe\"},\"image\":{\"@id\":\"https:\\\/\\\/gliptoneeurope.com\\\/#\\\/schema\\\/logo\\\/image\\\/\"},\"sameAs\":[\"https:\\\/\\\/www.facebook.com\\\/gliptoneeurope\\\/\",\"https:\\\/\\\/www.instagram.com\\\/gliptoneeurope\\\/\",\"https:\\\/\\\/www.pinterest.co.uk\\\/GliptoneEurope\\\/\"]}]}<\/script>\n<!-- \/ Yoast SEO Premium plugin. -->","yoast_head_json":{"title":"GT1 Top Coat T1 Scellant Brillant - Gliptone Europe","description":"GT1 Top Coat T1 Gloss Sealant est un mastic protecteur \u00e0 base d'eau avec une finition brillante qui est appliqu\u00e9 sur le cuir par pulv\u00e9risation","robots":{"index":"index","follow":"follow","max-snippet":"max-snippet:-1","max-image-preview":"max-image-preview:large","max-video-preview":"max-video-preview:-1"},"canonical":"https:\/\/gliptoneeurope.com\/fr\/produit\/gt1-top-coat-t1-gloss-scellant\/","og_locale":"fr_FR","og_type":"article","og_title":"GT1 Top Coat T1 Scellant Brillant","og_description":"GT1 Top Coat T1 Gloss Sealant est un mastic protecteur \u00e0 base d'eau avec une finition brillante qui s'applique sur le cuir par pulv\u00e9risation. GT1 Top Coat","og_url":"https:\/\/gliptoneeurope.com\/fr\/produit\/gt1-top-coat-t1-gloss-scellant\/","og_site_name":"Gliptone Europe","article_publisher":"https:\/\/www.facebook.com\/gliptoneeurope\/","og_image":[{"width":1236,"height":1236,"url":"https:\/\/gliptoneeurope.com\/wp-content\/uploads\/GT1-Top-Coat-T1-1.jpg","type":"image\/jpeg"}],"twitter_card":"summary_large_image","schema":{"@context":"https:\/\/schema.org","@graph":[{"@type":"WebPage","@id":"https:\/\/gliptoneeurope.com\/fr\/produit\/gt1-top-coat-t1-gloss-scellant\/","url":"https:\/\/gliptoneeurope.com\/fr\/produit\/gt1-top-coat-t1-gloss-scellant\/","name":"GT1 Top Coat T1 Scellant Brillant - Gliptone Europe","isPartOf":{"@id":"https:\/\/gliptoneeurope.com\/#website"},"primaryImageOfPage":{"@id":"https:\/\/gliptoneeurope.com\/fr\/produit\/gt1-top-coat-t1-gloss-scellant\/#primaryimage"},"image":{"@id":"https:\/\/gliptoneeurope.com\/fr\/produit\/gt1-top-coat-t1-gloss-scellant\/#primaryimage"},"thumbnailUrl":"https:\/\/gliptoneeurope.com\/wp-content\/uploads\/GT1-Top-Coat-T1-1.jpg","datePublished":"2021-11-30T11:42:31+00:00","description":"GT1 Top Coat T1 Gloss Sealant est un mastic protecteur \u00e0 base d'eau avec une finition brillante qui est appliqu\u00e9 sur le cuir par pulv\u00e9risation","breadcrumb":{"@id":"https:\/\/gliptoneeurope.com\/fr\/produit\/gt1-top-coat-t1-gloss-scellant\/#breadcrumb"},"inLanguage":"fr-FR","potentialAction":[{"@type":"ReadAction","target":["https:\/\/gliptoneeurope.com\/fr\/produit\/gt1-top-coat-t1-gloss-scellant\/"]}]},{"@type":"ImageObject","inLanguage":"fr-FR","@id":"https:\/\/gliptoneeurope.com\/fr\/produit\/gt1-top-coat-t1-gloss-scellant\/#primaryimage","url":"https:\/\/gliptoneeurope.com\/wp-content\/uploads\/GT1-Top-Coat-T1-1.jpg","contentUrl":"https:\/\/gliptoneeurope.com\/wp-content\/uploads\/GT1-Top-Coat-T1-1.jpg","width":1236,"height":1236},{"@type":"BreadcrumbList","@id":"https:\/\/gliptoneeurope.com\/fr\/produit\/gt1-top-coat-t1-gloss-scellant\/#breadcrumb","itemListElement":[{"@type":"ListItem","position":1,"name":"Home","item":"https:\/\/gliptoneeurope.com\/"},{"@type":"ListItem","position":2,"name":"Boutique","item":"https:\/\/gliptoneeurope.com\/fr\/boutique\/"},{"@type":"ListItem","position":3,"name":"GT1 Top Coat T1 Scellant Brillant"}]},{"@type":"WebSite","@id":"https:\/\/gliptoneeurope.com\/#website","url":"https:\/\/gliptoneeurope.com\/","name":"Gliptone Europe","description":"Professional Car Detailing Products","publisher":{"@id":"https:\/\/gliptoneeurope.com\/#organization"},"potentialAction":[{"@type":"SearchAction","target":{"@type":"EntryPoint","urlTemplate":"https:\/\/gliptoneeurope.com\/?s={search_term_string}"},"query-input":{"@type":"PropertyValueSpecification","valueRequired":true,"valueName":"search_term_string"}}],"inLanguage":"fr-FR"},{"@type":"Organization","@id":"https:\/\/gliptoneeurope.com\/#organization","name":"Gliptone Europe","url":"https:\/\/gliptoneeurope.com\/","logo":{"@type":"ImageObject","inLanguage":"fr-FR","@id":"https:\/\/gliptoneeurope.com\/#\/schema\/logo\/image\/","url":"https:\/\/gliptoneeurope.com\/wp-content\/uploads\/Gliptone_Logo.png","contentUrl":"https:\/\/gliptoneeurope.com\/wp-content\/uploads\/Gliptone_Logo.png","width":1472,"height":607,"caption":"Gliptone Europe"},"image":{"@id":"https:\/\/gliptoneeurope.com\/#\/schema\/logo\/image\/"},"sameAs":["https:\/\/www.facebook.com\/gliptoneeurope\/","https:\/\/www.instagram.com\/gliptoneeurope\/","https:\/\/www.pinterest.co.uk\/GliptoneEurope\/"]}]}},"wcpa_form_fields":null,"_links":{"self":[{"href":"https:\/\/gliptoneeurope.com\/fr\/wp-json\/wp\/v2\/product\/11934","targetHints":{"allow":["GET"]}}],"collection":[{"href":"https:\/\/gliptoneeurope.com\/fr\/wp-json\/wp\/v2\/product"}],"about":[{"href":"https:\/\/gliptoneeurope.com\/fr\/wp-json\/wp\/v2\/types\/product"}],"wp:featuredmedia":[{"embeddable":true,"href":"https:\/\/gliptoneeurope.com\/fr\/wp-json\/wp\/v2\/media\/10426"}],"wp:attachment":[{"href":"https:\/\/gliptoneeurope.com\/fr\/wp-json\/wp\/v2\/media?parent=11934"}],"wp:term":[{"taxonomy":"product_brand","embeddable":true,"href":"https:\/\/gliptoneeurope.com\/fr\/wp-json\/wp\/v2\/product_brand?post=11934"},{"taxonomy":"product_cat","embeddable":true,"href":"https:\/\/gliptoneeurope.com\/fr\/wp-json\/wp\/v2\/product_cat?post=11934"},{"taxonomy":"product_tag","embeddable":true,"href":"https:\/\/gliptoneeurope.com\/fr\/wp-json\/wp\/v2\/product_tag?post=11934"}],"curies":[{"name":"wp","href":"https:\/\/api.w.org\/{rel}","templated":true}]}}