{"id":11906,"date":"2020-08-07T11:28:37","date_gmt":"2021-11-30T11:42:25","guid":{"rendered":"https:\/\/gliptoneeurope.com\/product\/gt3-top-coat-t3-scellant-extra-mat\/"},"modified":"2021-11-30T11:42:25","modified_gmt":"2021-11-30T11:42:25","slug":"gt3-top-coat-t3-extra-mat-scellant","status":"publish","type":"product","link":"https:\/\/gliptoneeurope.com\/fr\/produit\/gt3-top-coat-t3-extra-mat-scellant\/","title":{"rendered":"GT3 Top Coat T3 Scellant Extra Mat"},"content":{"rendered":"<p>GT3 Top Coat T3 Extra Matt Sealant est un mastic protecteur \u00e0 base d&#8217;eau avec une finition extra mate qui s&#8217;applique sur le cuir par pulv\u00e9risation. GT3 Top Coat T3 Extra Matt Sealant peut \u00eatre m\u00e9lang\u00e9 avec GT1 Top Coat T1 Gloss Sealant pour ajouter de la brillance et obtenir la \ufb01nition souhait\u00e9e.<\/p>\n","protected":false},"excerpt":{"rendered":"<p>GT3 Top Coat T3 Extra Matt Sealant est un mastic protecteur \u00e0 base d&#8217;eau avec une finition extra mate qui s&#8217;applique sur le cuir par pulv\u00e9risation. GT3 Top Coat T3 Extra Matt Sealant peut \u00eatre m\u00e9lang\u00e9 avec GT1 Top Coat T1 Gloss Sealant pour ajouter de la brillance et obtenir la \ufb01nition souhait\u00e9e.<\/p>\n","protected":false},"featured_media":10442,"template":"","meta":[],"product_brand":[],"product_cat":[114],"product_tag":[],"class_list":{"0":"post-11906","1":"product","2":"type-product","3":"status-publish","4":"has-post-thumbnail","6":"product_cat-cuir","8":"first","9":"instock","10":"taxable","11":"shipping-taxable","12":"purchasable","13":"product-type-variable"},"yoast_head":"<!-- This site is optimized with the Yoast SEO Premium plugin v21.4 (Yoast SEO v27.5) - https:\/\/yoast.com\/product\/yoast-seo-premium-wordpress\/ -->\n<title>GT3 Top Coat T3 Scellant Extra Mat - Gliptone Europe<\/title>\n<meta name=\"description\" content=\"GT3 Top Coat T3 Extra Matt Sealant est un mastic protecteur \u00e0 base d&#039;eau avec une finition extra mate qui s&#039;applique sur le cuir par pulv\u00e9risation.\" \/>\n<meta name=\"robots\" content=\"index, follow, max-snippet:-1, max-image-preview:large, max-video-preview:-1\" \/>\n<link rel=\"canonical\" href=\"https:\/\/gliptoneeurope.com\/fr\/produit\/gt3-top-coat-t3-extra-mat-scellant\/\" \/>\n<meta property=\"og:locale\" content=\"fr_FR\" \/>\n<meta property=\"og:type\" content=\"article\" \/>\n<meta property=\"og:title\" content=\"GT3 Top Coat T3 Scellant Extra Mat\" \/>\n<meta property=\"og:description\" content=\"GT3 Top Coat T3 Extra Matt Sealant est un mastic protecteur \u00e0 base d&#039;eau avec une finition extra mate qui s&#039;applique sur le cuir par pulv\u00e9risation. GT3\" \/>\n<meta property=\"og:url\" content=\"https:\/\/gliptoneeurope.com\/fr\/produit\/gt3-top-coat-t3-extra-mat-scellant\/\" \/>\n<meta property=\"og:site_name\" content=\"Gliptone Europe\" \/>\n<meta property=\"article:publisher\" content=\"https:\/\/www.facebook.com\/gliptoneeurope\/\" \/>\n<meta property=\"og:image\" content=\"https:\/\/gliptoneeurope.com\/wp-content\/uploads\/GT3-Top-Coat-T3-1.jpg\" \/>\n\t<meta property=\"og:image:width\" content=\"1369\" \/>\n\t<meta property=\"og:image:height\" content=\"1369\" \/>\n\t<meta property=\"og:image:type\" content=\"image\/jpeg\" \/>\n<meta name=\"twitter:card\" content=\"summary_large_image\" \/>\n<script type=\"application\/ld+json\" class=\"yoast-schema-graph\">{\"@context\":\"https:\\\/\\\/schema.org\",\"@graph\":[{\"@type\":\"WebPage\",\"@id\":\"https:\\\/\\\/gliptoneeurope.com\\\/fr\\\/produit\\\/gt3-top-coat-t3-extra-mat-scellant\\\/\",\"url\":\"https:\\\/\\\/gliptoneeurope.com\\\/fr\\\/produit\\\/gt3-top-coat-t3-extra-mat-scellant\\\/\",\"name\":\"GT3 Top Coat T3 Scellant Extra Mat - Gliptone Europe\",\"isPartOf\":{\"@id\":\"https:\\\/\\\/gliptoneeurope.com\\\/#website\"},\"primaryImageOfPage\":{\"@id\":\"https:\\\/\\\/gliptoneeurope.com\\\/fr\\\/produit\\\/gt3-top-coat-t3-extra-mat-scellant\\\/#primaryimage\"},\"image\":{\"@id\":\"https:\\\/\\\/gliptoneeurope.com\\\/fr\\\/produit\\\/gt3-top-coat-t3-extra-mat-scellant\\\/#primaryimage\"},\"thumbnailUrl\":\"https:\\\/\\\/gliptoneeurope.com\\\/wp-content\\\/uploads\\\/GT3-Top-Coat-T3-1.jpg\",\"datePublished\":\"2021-11-30T11:42:25+00:00\",\"description\":\"GT3 Top Coat T3 Extra Matt Sealant est un mastic protecteur \u00e0 base d'eau avec une finition extra mate qui s'applique sur le cuir par pulv\u00e9risation.\",\"breadcrumb\":{\"@id\":\"https:\\\/\\\/gliptoneeurope.com\\\/fr\\\/produit\\\/gt3-top-coat-t3-extra-mat-scellant\\\/#breadcrumb\"},\"inLanguage\":\"fr-FR\",\"potentialAction\":[{\"@type\":\"ReadAction\",\"target\":[\"https:\\\/\\\/gliptoneeurope.com\\\/fr\\\/produit\\\/gt3-top-coat-t3-extra-mat-scellant\\\/\"]}]},{\"@type\":\"ImageObject\",\"inLanguage\":\"fr-FR\",\"@id\":\"https:\\\/\\\/gliptoneeurope.com\\\/fr\\\/produit\\\/gt3-top-coat-t3-extra-mat-scellant\\\/#primaryimage\",\"url\":\"https:\\\/\\\/gliptoneeurope.com\\\/wp-content\\\/uploads\\\/GT3-Top-Coat-T3-1.jpg\",\"contentUrl\":\"https:\\\/\\\/gliptoneeurope.com\\\/wp-content\\\/uploads\\\/GT3-Top-Coat-T3-1.jpg\",\"width\":1369,\"height\":1369},{\"@type\":\"BreadcrumbList\",\"@id\":\"https:\\\/\\\/gliptoneeurope.com\\\/fr\\\/produit\\\/gt3-top-coat-t3-extra-mat-scellant\\\/#breadcrumb\",\"itemListElement\":[{\"@type\":\"ListItem\",\"position\":1,\"name\":\"Home\",\"item\":\"https:\\\/\\\/gliptoneeurope.com\\\/\"},{\"@type\":\"ListItem\",\"position\":2,\"name\":\"Boutique\",\"item\":\"https:\\\/\\\/gliptoneeurope.com\\\/fr\\\/boutique\\\/\"},{\"@type\":\"ListItem\",\"position\":3,\"name\":\"GT3 Top Coat T3 Scellant Extra Mat\"}]},{\"@type\":\"WebSite\",\"@id\":\"https:\\\/\\\/gliptoneeurope.com\\\/#website\",\"url\":\"https:\\\/\\\/gliptoneeurope.com\\\/\",\"name\":\"Gliptone Europe\",\"description\":\"Professional Car Detailing Products\",\"publisher\":{\"@id\":\"https:\\\/\\\/gliptoneeurope.com\\\/#organization\"},\"potentialAction\":[{\"@type\":\"SearchAction\",\"target\":{\"@type\":\"EntryPoint\",\"urlTemplate\":\"https:\\\/\\\/gliptoneeurope.com\\\/?s={search_term_string}\"},\"query-input\":{\"@type\":\"PropertyValueSpecification\",\"valueRequired\":true,\"valueName\":\"search_term_string\"}}],\"inLanguage\":\"fr-FR\"},{\"@type\":\"Organization\",\"@id\":\"https:\\\/\\\/gliptoneeurope.com\\\/#organization\",\"name\":\"Gliptone Europe\",\"url\":\"https:\\\/\\\/gliptoneeurope.com\\\/\",\"logo\":{\"@type\":\"ImageObject\",\"inLanguage\":\"fr-FR\",\"@id\":\"https:\\\/\\\/gliptoneeurope.com\\\/#\\\/schema\\\/logo\\\/image\\\/\",\"url\":\"https:\\\/\\\/gliptoneeurope.com\\\/wp-content\\\/uploads\\\/Gliptone_Logo.png\",\"contentUrl\":\"https:\\\/\\\/gliptoneeurope.com\\\/wp-content\\\/uploads\\\/Gliptone_Logo.png\",\"width\":1472,\"height\":607,\"caption\":\"Gliptone Europe\"},\"image\":{\"@id\":\"https:\\\/\\\/gliptoneeurope.com\\\/#\\\/schema\\\/logo\\\/image\\\/\"},\"sameAs\":[\"https:\\\/\\\/www.facebook.com\\\/gliptoneeurope\\\/\",\"https:\\\/\\\/www.instagram.com\\\/gliptoneeurope\\\/\",\"https:\\\/\\\/www.pinterest.co.uk\\\/GliptoneEurope\\\/\"]}]}<\/script>\n<!-- \/ Yoast SEO Premium plugin. -->","yoast_head_json":{"title":"GT3 Top Coat T3 Scellant Extra Mat - Gliptone Europe","description":"GT3 Top Coat T3 Extra Matt Sealant est un mastic protecteur \u00e0 base d'eau avec une finition extra mate qui s'applique sur le cuir par pulv\u00e9risation.","robots":{"index":"index","follow":"follow","max-snippet":"max-snippet:-1","max-image-preview":"max-image-preview:large","max-video-preview":"max-video-preview:-1"},"canonical":"https:\/\/gliptoneeurope.com\/fr\/produit\/gt3-top-coat-t3-extra-mat-scellant\/","og_locale":"fr_FR","og_type":"article","og_title":"GT3 Top Coat T3 Scellant Extra Mat","og_description":"GT3 Top Coat T3 Extra Matt Sealant est un mastic protecteur \u00e0 base d'eau avec une finition extra mate qui s'applique sur le cuir par pulv\u00e9risation. GT3","og_url":"https:\/\/gliptoneeurope.com\/fr\/produit\/gt3-top-coat-t3-extra-mat-scellant\/","og_site_name":"Gliptone Europe","article_publisher":"https:\/\/www.facebook.com\/gliptoneeurope\/","og_image":[{"width":1369,"height":1369,"url":"https:\/\/gliptoneeurope.com\/wp-content\/uploads\/GT3-Top-Coat-T3-1.jpg","type":"image\/jpeg"}],"twitter_card":"summary_large_image","schema":{"@context":"https:\/\/schema.org","@graph":[{"@type":"WebPage","@id":"https:\/\/gliptoneeurope.com\/fr\/produit\/gt3-top-coat-t3-extra-mat-scellant\/","url":"https:\/\/gliptoneeurope.com\/fr\/produit\/gt3-top-coat-t3-extra-mat-scellant\/","name":"GT3 Top Coat T3 Scellant Extra Mat - Gliptone Europe","isPartOf":{"@id":"https:\/\/gliptoneeurope.com\/#website"},"primaryImageOfPage":{"@id":"https:\/\/gliptoneeurope.com\/fr\/produit\/gt3-top-coat-t3-extra-mat-scellant\/#primaryimage"},"image":{"@id":"https:\/\/gliptoneeurope.com\/fr\/produit\/gt3-top-coat-t3-extra-mat-scellant\/#primaryimage"},"thumbnailUrl":"https:\/\/gliptoneeurope.com\/wp-content\/uploads\/GT3-Top-Coat-T3-1.jpg","datePublished":"2021-11-30T11:42:25+00:00","description":"GT3 Top Coat T3 Extra Matt Sealant est un mastic protecteur \u00e0 base d'eau avec une finition extra mate qui s'applique sur le cuir par pulv\u00e9risation.","breadcrumb":{"@id":"https:\/\/gliptoneeurope.com\/fr\/produit\/gt3-top-coat-t3-extra-mat-scellant\/#breadcrumb"},"inLanguage":"fr-FR","potentialAction":[{"@type":"ReadAction","target":["https:\/\/gliptoneeurope.com\/fr\/produit\/gt3-top-coat-t3-extra-mat-scellant\/"]}]},{"@type":"ImageObject","inLanguage":"fr-FR","@id":"https:\/\/gliptoneeurope.com\/fr\/produit\/gt3-top-coat-t3-extra-mat-scellant\/#primaryimage","url":"https:\/\/gliptoneeurope.com\/wp-content\/uploads\/GT3-Top-Coat-T3-1.jpg","contentUrl":"https:\/\/gliptoneeurope.com\/wp-content\/uploads\/GT3-Top-Coat-T3-1.jpg","width":1369,"height":1369},{"@type":"BreadcrumbList","@id":"https:\/\/gliptoneeurope.com\/fr\/produit\/gt3-top-coat-t3-extra-mat-scellant\/#breadcrumb","itemListElement":[{"@type":"ListItem","position":1,"name":"Home","item":"https:\/\/gliptoneeurope.com\/"},{"@type":"ListItem","position":2,"name":"Boutique","item":"https:\/\/gliptoneeurope.com\/fr\/boutique\/"},{"@type":"ListItem","position":3,"name":"GT3 Top Coat T3 Scellant Extra Mat"}]},{"@type":"WebSite","@id":"https:\/\/gliptoneeurope.com\/#website","url":"https:\/\/gliptoneeurope.com\/","name":"Gliptone Europe","description":"Professional Car Detailing Products","publisher":{"@id":"https:\/\/gliptoneeurope.com\/#organization"},"potentialAction":[{"@type":"SearchAction","target":{"@type":"EntryPoint","urlTemplate":"https:\/\/gliptoneeurope.com\/?s={search_term_string}"},"query-input":{"@type":"PropertyValueSpecification","valueRequired":true,"valueName":"search_term_string"}}],"inLanguage":"fr-FR"},{"@type":"Organization","@id":"https:\/\/gliptoneeurope.com\/#organization","name":"Gliptone Europe","url":"https:\/\/gliptoneeurope.com\/","logo":{"@type":"ImageObject","inLanguage":"fr-FR","@id":"https:\/\/gliptoneeurope.com\/#\/schema\/logo\/image\/","url":"https:\/\/gliptoneeurope.com\/wp-content\/uploads\/Gliptone_Logo.png","contentUrl":"https:\/\/gliptoneeurope.com\/wp-content\/uploads\/Gliptone_Logo.png","width":1472,"height":607,"caption":"Gliptone Europe"},"image":{"@id":"https:\/\/gliptoneeurope.com\/#\/schema\/logo\/image\/"},"sameAs":["https:\/\/www.facebook.com\/gliptoneeurope\/","https:\/\/www.instagram.com\/gliptoneeurope\/","https:\/\/www.pinterest.co.uk\/GliptoneEurope\/"]}]}},"wcpa_form_fields":null,"_links":{"self":[{"href":"https:\/\/gliptoneeurope.com\/fr\/wp-json\/wp\/v2\/product\/11906","targetHints":{"allow":["GET"]}}],"collection":[{"href":"https:\/\/gliptoneeurope.com\/fr\/wp-json\/wp\/v2\/product"}],"about":[{"href":"https:\/\/gliptoneeurope.com\/fr\/wp-json\/wp\/v2\/types\/product"}],"wp:featuredmedia":[{"embeddable":true,"href":"https:\/\/gliptoneeurope.com\/fr\/wp-json\/wp\/v2\/media\/10442"}],"wp:attachment":[{"href":"https:\/\/gliptoneeurope.com\/fr\/wp-json\/wp\/v2\/media?parent=11906"}],"wp:term":[{"taxonomy":"product_brand","embeddable":true,"href":"https:\/\/gliptoneeurope.com\/fr\/wp-json\/wp\/v2\/product_brand?post=11906"},{"taxonomy":"product_cat","embeddable":true,"href":"https:\/\/gliptoneeurope.com\/fr\/wp-json\/wp\/v2\/product_cat?post=11906"},{"taxonomy":"product_tag","embeddable":true,"href":"https:\/\/gliptoneeurope.com\/fr\/wp-json\/wp\/v2\/product_tag?post=11906"}],"curies":[{"name":"wp","href":"https:\/\/api.w.org\/{rel}","templated":true}]}}