{"id":11882,"date":"2020-08-07T12:38:52","date_gmt":"2021-11-30T11:42:21","guid":{"rendered":"https:\/\/gliptoneeurope.com\/product\/adhesif-structurel-de-contact\/"},"modified":"2021-11-30T11:42:21","modified_gmt":"2021-11-30T11:42:21","slug":"contact-structural-adhesif","status":"publish","type":"product","link":"https:\/\/gliptoneeurope.com\/fr\/produit\/contact-structural-adhesif\/","title":{"rendered":"Adh\u00e9sif structurel de contact"},"content":{"rendered":"<p>Notre adh\u00e9sif structurel de contact est utilis\u00e9 pour le collage g\u00e9n\u00e9ral, en particulier pour r\u00e9parer les petits dommages au cuir et au vinyle tels que les coupures et les marques de griffes d&#8217;animaux. Coller un patch de renforcement tel que notre Weld Backing Fabric sous les dommages est conseill\u00e9 pour une r\u00e9paration solide.<\/p>\n","protected":false},"excerpt":{"rendered":"<p>Notre adh\u00e9sif structurel de contact est utilis\u00e9 pour le collage g\u00e9n\u00e9ral, en particulier pour r\u00e9parer les petits dommages au cuir et au vinyle tels que les coupures et les marques de griffes d&#8217;animaux. Coller un patch de renforcement tel que notre Weld Backing Fabric sous les dommages est conseill\u00e9 pour une r\u00e9paration solide.<\/p>\n","protected":false},"featured_media":10416,"template":"","meta":[],"product_brand":[],"product_cat":[114],"product_tag":[],"class_list":{"0":"post-11882","1":"product","2":"type-product","3":"status-publish","4":"has-post-thumbnail","6":"product_cat-cuir","8":"first","9":"instock","10":"taxable","11":"shipping-taxable","12":"purchasable","13":"product-type-simple"},"yoast_head":"<!-- This site is optimized with the Yoast SEO Premium plugin v21.4 (Yoast SEO v27.4) - https:\/\/yoast.com\/product\/yoast-seo-premium-wordpress\/ -->\n<title>Adh\u00e9sif structurel de contact - Gliptone Europe<\/title>\n<meta name=\"description\" content=\"Notre adh\u00e9sif structurel de contact est utilis\u00e9 pour le collage g\u00e9n\u00e9ral, en particulier pour r\u00e9parer les petits dommages au cuir et au vinyle tels que les coupures et les marques de griffes d&#039;animaux. Coller un patch de renforcement tel que notre Weld Backing Fabric sous les dommages est conseill\u00e9 pour une r\u00e9paration solide.\" \/>\n<meta name=\"robots\" content=\"index, follow, max-snippet:-1, max-image-preview:large, max-video-preview:-1\" \/>\n<link rel=\"canonical\" href=\"https:\/\/gliptoneeurope.com\/fr\/produit\/contact-structural-adhesif\/\" \/>\n<meta property=\"og:locale\" content=\"fr_FR\" \/>\n<meta property=\"og:type\" content=\"article\" \/>\n<meta property=\"og:title\" content=\"Adh\u00e9sif structurel de contact\" \/>\n<meta property=\"og:description\" content=\"Notre adh\u00e9sif structurel de contact est utilis\u00e9 pour le collage g\u00e9n\u00e9ral, en particulier pour r\u00e9parer les petits dommages au cuir et au vinyle tels que les\" \/>\n<meta property=\"og:url\" content=\"https:\/\/gliptoneeurope.com\/fr\/produit\/contact-structural-adhesif\/\" \/>\n<meta property=\"og:site_name\" content=\"Gliptone Europe\" \/>\n<meta property=\"article:publisher\" content=\"https:\/\/www.facebook.com\/gliptoneeurope\/\" \/>\n<meta property=\"og:image\" content=\"https:\/\/gliptoneeurope.com\/wp-content\/uploads\/Contact-Structural-Adhesive.jpg\" \/>\n\t<meta property=\"og:image:width\" content=\"1019\" \/>\n\t<meta property=\"og:image:height\" content=\"1014\" \/>\n\t<meta property=\"og:image:type\" content=\"image\/jpeg\" \/>\n<meta name=\"twitter:card\" content=\"summary_large_image\" \/>\n<script type=\"application\/ld+json\" class=\"yoast-schema-graph\">{\"@context\":\"https:\\\/\\\/schema.org\",\"@graph\":[{\"@type\":\"WebPage\",\"@id\":\"https:\\\/\\\/gliptoneeurope.com\\\/fr\\\/produit\\\/contact-structural-adhesif\\\/\",\"url\":\"https:\\\/\\\/gliptoneeurope.com\\\/fr\\\/produit\\\/contact-structural-adhesif\\\/\",\"name\":\"Adh\u00e9sif structurel de contact - Gliptone Europe\",\"isPartOf\":{\"@id\":\"https:\\\/\\\/gliptoneeurope.com\\\/#website\"},\"primaryImageOfPage\":{\"@id\":\"https:\\\/\\\/gliptoneeurope.com\\\/fr\\\/produit\\\/contact-structural-adhesif\\\/#primaryimage\"},\"image\":{\"@id\":\"https:\\\/\\\/gliptoneeurope.com\\\/fr\\\/produit\\\/contact-structural-adhesif\\\/#primaryimage\"},\"thumbnailUrl\":\"https:\\\/\\\/gliptoneeurope.com\\\/wp-content\\\/uploads\\\/Contact-Structural-Adhesive.jpg\",\"datePublished\":\"2021-11-30T11:42:21+00:00\",\"description\":\"Notre adh\u00e9sif structurel de contact est utilis\u00e9 pour le collage g\u00e9n\u00e9ral, en particulier pour r\u00e9parer les petits dommages au cuir et au vinyle tels que les coupures et les marques de griffes d'animaux. Coller un patch de renforcement tel que notre Weld Backing Fabric sous les dommages est conseill\u00e9 pour une r\u00e9paration solide.\",\"breadcrumb\":{\"@id\":\"https:\\\/\\\/gliptoneeurope.com\\\/fr\\\/produit\\\/contact-structural-adhesif\\\/#breadcrumb\"},\"inLanguage\":\"fr-FR\",\"potentialAction\":[{\"@type\":\"ReadAction\",\"target\":[\"https:\\\/\\\/gliptoneeurope.com\\\/fr\\\/produit\\\/contact-structural-adhesif\\\/\"]}]},{\"@type\":\"ImageObject\",\"inLanguage\":\"fr-FR\",\"@id\":\"https:\\\/\\\/gliptoneeurope.com\\\/fr\\\/produit\\\/contact-structural-adhesif\\\/#primaryimage\",\"url\":\"https:\\\/\\\/gliptoneeurope.com\\\/wp-content\\\/uploads\\\/Contact-Structural-Adhesive.jpg\",\"contentUrl\":\"https:\\\/\\\/gliptoneeurope.com\\\/wp-content\\\/uploads\\\/Contact-Structural-Adhesive.jpg\",\"width\":1019,\"height\":1014},{\"@type\":\"BreadcrumbList\",\"@id\":\"https:\\\/\\\/gliptoneeurope.com\\\/fr\\\/produit\\\/contact-structural-adhesif\\\/#breadcrumb\",\"itemListElement\":[{\"@type\":\"ListItem\",\"position\":1,\"name\":\"Home\",\"item\":\"https:\\\/\\\/gliptoneeurope.com\\\/\"},{\"@type\":\"ListItem\",\"position\":2,\"name\":\"Boutique\",\"item\":\"https:\\\/\\\/gliptoneeurope.com\\\/fr\\\/boutique\\\/\"},{\"@type\":\"ListItem\",\"position\":3,\"name\":\"Adh\u00e9sif structurel de contact\"}]},{\"@type\":\"WebSite\",\"@id\":\"https:\\\/\\\/gliptoneeurope.com\\\/#website\",\"url\":\"https:\\\/\\\/gliptoneeurope.com\\\/\",\"name\":\"Gliptone Europe\",\"description\":\"Professional Car Detailing Products\",\"publisher\":{\"@id\":\"https:\\\/\\\/gliptoneeurope.com\\\/#organization\"},\"potentialAction\":[{\"@type\":\"SearchAction\",\"target\":{\"@type\":\"EntryPoint\",\"urlTemplate\":\"https:\\\/\\\/gliptoneeurope.com\\\/?s={search_term_string}\"},\"query-input\":{\"@type\":\"PropertyValueSpecification\",\"valueRequired\":true,\"valueName\":\"search_term_string\"}}],\"inLanguage\":\"fr-FR\"},{\"@type\":\"Organization\",\"@id\":\"https:\\\/\\\/gliptoneeurope.com\\\/#organization\",\"name\":\"Gliptone Europe\",\"url\":\"https:\\\/\\\/gliptoneeurope.com\\\/\",\"logo\":{\"@type\":\"ImageObject\",\"inLanguage\":\"fr-FR\",\"@id\":\"https:\\\/\\\/gliptoneeurope.com\\\/#\\\/schema\\\/logo\\\/image\\\/\",\"url\":\"https:\\\/\\\/gliptoneeurope.com\\\/wp-content\\\/uploads\\\/Gliptone_Logo.png\",\"contentUrl\":\"https:\\\/\\\/gliptoneeurope.com\\\/wp-content\\\/uploads\\\/Gliptone_Logo.png\",\"width\":1472,\"height\":607,\"caption\":\"Gliptone Europe\"},\"image\":{\"@id\":\"https:\\\/\\\/gliptoneeurope.com\\\/#\\\/schema\\\/logo\\\/image\\\/\"},\"sameAs\":[\"https:\\\/\\\/www.facebook.com\\\/gliptoneeurope\\\/\",\"https:\\\/\\\/www.instagram.com\\\/gliptoneeurope\\\/\",\"https:\\\/\\\/www.pinterest.co.uk\\\/GliptoneEurope\\\/\"]}]}<\/script>\n<!-- \/ Yoast SEO Premium plugin. -->","yoast_head_json":{"title":"Adh\u00e9sif structurel de contact - Gliptone Europe","description":"Notre adh\u00e9sif structurel de contact est utilis\u00e9 pour le collage g\u00e9n\u00e9ral, en particulier pour r\u00e9parer les petits dommages au cuir et au vinyle tels que les coupures et les marques de griffes d'animaux. Coller un patch de renforcement tel que notre Weld Backing Fabric sous les dommages est conseill\u00e9 pour une r\u00e9paration solide.","robots":{"index":"index","follow":"follow","max-snippet":"max-snippet:-1","max-image-preview":"max-image-preview:large","max-video-preview":"max-video-preview:-1"},"canonical":"https:\/\/gliptoneeurope.com\/fr\/produit\/contact-structural-adhesif\/","og_locale":"fr_FR","og_type":"article","og_title":"Adh\u00e9sif structurel de contact","og_description":"Notre adh\u00e9sif structurel de contact est utilis\u00e9 pour le collage g\u00e9n\u00e9ral, en particulier pour r\u00e9parer les petits dommages au cuir et au vinyle tels que les","og_url":"https:\/\/gliptoneeurope.com\/fr\/produit\/contact-structural-adhesif\/","og_site_name":"Gliptone Europe","article_publisher":"https:\/\/www.facebook.com\/gliptoneeurope\/","og_image":[{"width":1019,"height":1014,"url":"https:\/\/gliptoneeurope.com\/wp-content\/uploads\/Contact-Structural-Adhesive.jpg","type":"image\/jpeg"}],"twitter_card":"summary_large_image","schema":{"@context":"https:\/\/schema.org","@graph":[{"@type":"WebPage","@id":"https:\/\/gliptoneeurope.com\/fr\/produit\/contact-structural-adhesif\/","url":"https:\/\/gliptoneeurope.com\/fr\/produit\/contact-structural-adhesif\/","name":"Adh\u00e9sif structurel de contact - Gliptone Europe","isPartOf":{"@id":"https:\/\/gliptoneeurope.com\/#website"},"primaryImageOfPage":{"@id":"https:\/\/gliptoneeurope.com\/fr\/produit\/contact-structural-adhesif\/#primaryimage"},"image":{"@id":"https:\/\/gliptoneeurope.com\/fr\/produit\/contact-structural-adhesif\/#primaryimage"},"thumbnailUrl":"https:\/\/gliptoneeurope.com\/wp-content\/uploads\/Contact-Structural-Adhesive.jpg","datePublished":"2021-11-30T11:42:21+00:00","description":"Notre adh\u00e9sif structurel de contact est utilis\u00e9 pour le collage g\u00e9n\u00e9ral, en particulier pour r\u00e9parer les petits dommages au cuir et au vinyle tels que les coupures et les marques de griffes d'animaux. Coller un patch de renforcement tel que notre Weld Backing Fabric sous les dommages est conseill\u00e9 pour une r\u00e9paration solide.","breadcrumb":{"@id":"https:\/\/gliptoneeurope.com\/fr\/produit\/contact-structural-adhesif\/#breadcrumb"},"inLanguage":"fr-FR","potentialAction":[{"@type":"ReadAction","target":["https:\/\/gliptoneeurope.com\/fr\/produit\/contact-structural-adhesif\/"]}]},{"@type":"ImageObject","inLanguage":"fr-FR","@id":"https:\/\/gliptoneeurope.com\/fr\/produit\/contact-structural-adhesif\/#primaryimage","url":"https:\/\/gliptoneeurope.com\/wp-content\/uploads\/Contact-Structural-Adhesive.jpg","contentUrl":"https:\/\/gliptoneeurope.com\/wp-content\/uploads\/Contact-Structural-Adhesive.jpg","width":1019,"height":1014},{"@type":"BreadcrumbList","@id":"https:\/\/gliptoneeurope.com\/fr\/produit\/contact-structural-adhesif\/#breadcrumb","itemListElement":[{"@type":"ListItem","position":1,"name":"Home","item":"https:\/\/gliptoneeurope.com\/"},{"@type":"ListItem","position":2,"name":"Boutique","item":"https:\/\/gliptoneeurope.com\/fr\/boutique\/"},{"@type":"ListItem","position":3,"name":"Adh\u00e9sif structurel de contact"}]},{"@type":"WebSite","@id":"https:\/\/gliptoneeurope.com\/#website","url":"https:\/\/gliptoneeurope.com\/","name":"Gliptone Europe","description":"Professional Car Detailing Products","publisher":{"@id":"https:\/\/gliptoneeurope.com\/#organization"},"potentialAction":[{"@type":"SearchAction","target":{"@type":"EntryPoint","urlTemplate":"https:\/\/gliptoneeurope.com\/?s={search_term_string}"},"query-input":{"@type":"PropertyValueSpecification","valueRequired":true,"valueName":"search_term_string"}}],"inLanguage":"fr-FR"},{"@type":"Organization","@id":"https:\/\/gliptoneeurope.com\/#organization","name":"Gliptone Europe","url":"https:\/\/gliptoneeurope.com\/","logo":{"@type":"ImageObject","inLanguage":"fr-FR","@id":"https:\/\/gliptoneeurope.com\/#\/schema\/logo\/image\/","url":"https:\/\/gliptoneeurope.com\/wp-content\/uploads\/Gliptone_Logo.png","contentUrl":"https:\/\/gliptoneeurope.com\/wp-content\/uploads\/Gliptone_Logo.png","width":1472,"height":607,"caption":"Gliptone Europe"},"image":{"@id":"https:\/\/gliptoneeurope.com\/#\/schema\/logo\/image\/"},"sameAs":["https:\/\/www.facebook.com\/gliptoneeurope\/","https:\/\/www.instagram.com\/gliptoneeurope\/","https:\/\/www.pinterest.co.uk\/GliptoneEurope\/"]}]}},"wcpa_form_fields":null,"_links":{"self":[{"href":"https:\/\/gliptoneeurope.com\/fr\/wp-json\/wp\/v2\/product\/11882","targetHints":{"allow":["GET"]}}],"collection":[{"href":"https:\/\/gliptoneeurope.com\/fr\/wp-json\/wp\/v2\/product"}],"about":[{"href":"https:\/\/gliptoneeurope.com\/fr\/wp-json\/wp\/v2\/types\/product"}],"wp:featuredmedia":[{"embeddable":true,"href":"https:\/\/gliptoneeurope.com\/fr\/wp-json\/wp\/v2\/media\/10416"}],"wp:attachment":[{"href":"https:\/\/gliptoneeurope.com\/fr\/wp-json\/wp\/v2\/media?parent=11882"}],"wp:term":[{"taxonomy":"product_brand","embeddable":true,"href":"https:\/\/gliptoneeurope.com\/fr\/wp-json\/wp\/v2\/product_brand?post=11882"},{"taxonomy":"product_cat","embeddable":true,"href":"https:\/\/gliptoneeurope.com\/fr\/wp-json\/wp\/v2\/product_cat?post=11882"},{"taxonomy":"product_tag","embeddable":true,"href":"https:\/\/gliptoneeurope.com\/fr\/wp-json\/wp\/v2\/product_tag?post=11882"}],"curies":[{"name":"wp","href":"https:\/\/api.w.org\/{rel}","templated":true}]}}