{"id":11862,"date":"2020-11-18T10:27:04","date_gmt":"2021-11-30T11:42:13","guid":{"rendered":"https:\/\/gliptoneeurope.com\/product\/serviette-de-sechage-a-boucle-torsadee-1000-gsm\/"},"modified":"2021-11-30T11:42:13","modified_gmt":"2021-11-30T11:42:13","slug":"serviette-de-sechage-boucle-torsadee-1000-g-m%c2%b2","status":"publish","type":"product","link":"https:\/\/gliptoneeurope.com\/fr\/produit\/serviette-de-sechage-boucle-torsadee-1000-g-m%c2%b2\/","title":{"rendered":"Serviette de s\u00e9chage \u00e0 boucle torsad\u00e9e 1000 GSM"},"content":{"rendered":"<p>La serviette de s\u00e9chage \u00e0 boucle torsad\u00e9e de Gliptone est super \u00e9paisse \u00e0 1000 g\/m\u00b2, ce qui rend l&#8217;\u00e9limination de l&#8217;eau incroyablement facile en raison de l&#8217;incroyable capacit\u00e9 d&#8217;absorption de l&#8217;eau, ce qui signifie qu&#8217;il n&#8217;y a pas de meilleure fa\u00e7on de s\u00e9cher votre voiture.<\/p>\n<p>Ce produit se trouve dans notre <a href=\"https:\/\/gliptoneeurope.com\/product\/detailing-towels-cloths-kit\/\">trousse de serviettes et de chiffons<\/a> d&#8217;esth\u00e9tique contenant tous les produits d&#8217;esth\u00e9tique pour aider au nettoyage et \u00e0 l&#8217;esth\u00e9tique de votre voiture.<\/p>\n<hr>\n<blockquote class=\"instagram-media\" style=\"background: #FFF; border: 0; border-radius: 3px; box-shadow: 0 0 1px 0 rgba(0,0,0,0.5),0 1px 10px 0 rgba(0,0,0,0.15); margin: 1px; max-width: 540px; min-width: 326px; padding: 0; width: calc(100% - 2px);\" data-instgrm-captioned=\"\" data-instgrm-permalink=\"https:\/\/www.instagram.com\/p\/CJT2biDn92n\/?utm_source=ig_embed&amp;utm_campaign=loading\" data-instgrm-version=\"13\">\n<div style=\"padding: 16px;\">\n<p>&nbsp;<\/p>\n<div style=\"display: flex; flex-direction: row; align-items: center;\">\n<div style=\"background-color: #f4f4f4; border-radius: 50%; flex-grow: 0; height: 40px; margin-right: 14px; width: 40px;\"><\/div>\n<div style=\"display: flex; flex-direction: column; flex-grow: 1; justify-content: center;\">\n<div style=\"background-color: #f4f4f4; border-radius: 4px; flex-grow: 0; height: 14px; margin-bottom: 6px; width: 100px;\"><\/div>\n<div style=\"background-color: #f4f4f4; border-radius: 4px; flex-grow: 0; height: 14px; width: 60px;\"><\/div>\n<\/div>\n<\/div>\n<div style=\"padding: 19% 0;\"><\/div>\n<div style=\"display: block; height: 50px; margin: 0 auto 12px; width: 50px;\"><\/div>\n<div style=\"padding-top: 8px;\">\n<div style=\"color: #3897f0; font-family: Arial,sans-serif; font-size: 14px; font-style: normal; font-weight: 550; line-height: 18px;\">Voir ce post sur Instagram<\/div>\n<\/div>\n<div style=\"padding: 12.5% 0;\"><\/div>\n<div style=\"display: flex; flex-direction: row; margin-bottom: 14px; align-items: center;\">\n<div>\n<div style=\"background-color: #f4f4f4; border-radius: 50%; height: 12.5px; width: 12.5px; transform: translateX(0px) translateY(7px);\"><\/div>\n<div style=\"background-color: #f4f4f4; height: 12.5px; transform: rotate(-45deg) translateX(3px) translateY(1px); width: 12.5px; flex-grow: 0; margin-right: 14px; margin-left: 2px;\"><\/div>\n<div style=\"background-color: #f4f4f4; border-radius: 50%; height: 12.5px; width: 12.5px; transform: translateX(9px) translateY(-18px);\"><\/div>\n<\/div>\n<div style=\"margin-left: 8px;\">\n<div style=\"background-color: #f4f4f4; border-radius: 50%; flex-grow: 0; height: 20px; width: 20px;\"><\/div>\n<div style=\"width: 0; height: 0; border-top: 2px solid transparent; border-left: 6px solid #f4f4f4; border-bottom: 2px solid transparent; transform: translateX(16px) translateY(-4px) rotate(30deg);\"><\/div>\n<\/div>\n<div style=\"margin-left: auto;\">\n<div style=\"width: 0px; border-top: 8px solid #F4F4F4; border-right: 8px solid transparent; transform: translateY(16px);\"><\/div>\n<div style=\"background-color: #f4f4f4; flex-grow: 0; height: 12px; width: 16px; transform: translateY(-4px);\"><\/div>\n<div style=\"width: 0; height: 0; border-top: 8px solid #F4F4F4; border-left: 8px solid transparent; transform: translateY(-4px) translateX(8px);\"><\/div>\n<\/div>\n<\/div>\n<div style=\"display: flex; flex-direction: column; flex-grow: 1; justify-content: center; margin-bottom: 24px;\">\n<div style=\"background-color: #f4f4f4; border-radius: 4px; flex-grow: 0; height: 14px; margin-bottom: 6px; width: 224px;\"><\/div>\n<div style=\"background-color: #f4f4f4; border-radius: 4px; flex-grow: 0; height: 14px; width: 144px;\"><\/div>\n<\/div>\n<p>&nbsp;<\/p>\n<p style=\"color: #c9c8cd; font-family: Arial,sans-serif; font-size: 14px; line-height: 17px; margin-bottom: 0; margin-top: 8px; overflow: hidden; padding: 8px 0 7px; text-align: center; text-overflow: ellipsis; white-space: nowrap;\"><a style=\"color: #c9c8cd; font-family: Arial,sans-serif; font-size: 14px; font-style: normal; font-weight: normal; line-height: 17px; text-decoration: none;\" href=\"https:\/\/www.instagram.com\/p\/CJT2biDn92n\/?utm_source=ig_embed&amp;utm_campaign=loading\" target=\"_blank\" rel=\"noopener\">Un post partag\u00e9 par Gliptone Europe (@gliptoneeurope)<\/a><\/p>\n<\/div>\n<\/blockquote>\n<p><script async=\"\" src=\"\/\/www.instagram.com\/embed.js\"><\/script><\/p>\n","protected":false},"excerpt":{"rendered":"<p>Les serviettes de s\u00e9chage \u00e0 boucle torsad\u00e9e 1000GSM de Gliptone sont con\u00e7ues pour s\u00e9cher toute votre voiture et ont la capacit\u00e9 de retenir une quantit\u00e9 incroyable d&#8217;eau ! Cette serviette continuera de vous \u00e9tonner. Notre serviette de s\u00e9chage est lavable en machine et sans danger pour tous les types de v\u00e9hicules et de peintures.<\/p>\n","protected":false},"featured_media":10744,"template":"","meta":[],"product_brand":[],"product_cat":[118],"product_tag":[],"class_list":{"0":"post-11862","1":"product","2":"type-product","3":"status-publish","4":"has-post-thumbnail","6":"product_cat-accessoires-fr","8":"first","9":"instock","10":"taxable","11":"shipping-taxable","12":"purchasable","13":"product-type-simple"},"yoast_head":"<!-- This site is optimized with the Yoast SEO Premium plugin v21.4 (Yoast SEO v27.4) - https:\/\/yoast.com\/product\/yoast-seo-premium-wordpress\/ -->\n<title>Serviette de s\u00e9chage \u00e0 boucle torsad\u00e9e 1000 GSM - Gliptone Europe<\/title>\n<meta name=\"description\" content=\"La serviette de s\u00e9chage \u00e0 boucle torsad\u00e9e de Gliptone est super \u00e9paisse \u00e0 1000 g\/m\u00b2, ce qui rend l&#039;\u00e9limination de l&#039;eau incroyablement facile en raison de l&#039;incroyable capacit\u00e9 d&#039;absorption de l&#039;eau, ce qui signifie qu&#039;il n&#039;y a pas de meilleure fa\u00e7on de s\u00e9cher votre voiture.\" \/>\n<meta name=\"robots\" content=\"index, follow, max-snippet:-1, max-image-preview:large, max-video-preview:-1\" \/>\n<link rel=\"canonical\" href=\"https:\/\/gliptoneeurope.com\/fr\/produit\/serviette-de-sechage-boucle-torsadee-1000-g-m\u00b2\/\" \/>\n<meta property=\"og:locale\" content=\"fr_FR\" \/>\n<meta property=\"og:type\" content=\"article\" \/>\n<meta property=\"og:title\" content=\"Serviette de s\u00e9chage \u00e0 boucle torsad\u00e9e 1000 GSM\" \/>\n<meta property=\"og:description\" content=\"Les serviettes de s\u00e9chage \u00e0 boucle torsad\u00e9e 1000GSM de Gliptone sont con\u00e7ues pour s\u00e9cher toute votre voiture et ont la capacit\u00e9 de retenir une quantit\u00e9 incroyable d&#039;eau ! Cette serviette continuera de vous \u00e9tonner. Notre serviette de s\u00e9chage est lavable en machine et sans danger pour tous les types de v\u00e9hicules et de peintures.\" \/>\n<meta property=\"og:url\" content=\"https:\/\/gliptoneeurope.com\/fr\/produit\/serviette-de-sechage-boucle-torsadee-1000-g-m\u00b2\/\" \/>\n<meta property=\"og:site_name\" content=\"Gliptone Europe\" \/>\n<meta property=\"article:publisher\" content=\"https:\/\/www.facebook.com\/gliptoneeurope\/\" \/>\n<meta property=\"og:image\" content=\"https:\/\/gliptoneeurope.com\/wp-content\/uploads\/Twisted-Loop-Drying-Towel-1000-GSM.jpg\" \/>\n\t<meta property=\"og:image:width\" content=\"1661\" \/>\n\t<meta property=\"og:image:height\" content=\"1661\" \/>\n\t<meta property=\"og:image:type\" content=\"image\/jpeg\" \/>\n<meta name=\"twitter:card\" content=\"summary_large_image\" \/>\n<script type=\"application\/ld+json\" class=\"yoast-schema-graph\">{\"@context\":\"https:\\\/\\\/schema.org\",\"@graph\":[{\"@type\":\"WebPage\",\"@id\":\"https:\\\/\\\/gliptoneeurope.com\\\/fr\\\/produit\\\/serviette-de-sechage-boucle-torsadee-1000-g-m%c2%b2\\\/\",\"url\":\"https:\\\/\\\/gliptoneeurope.com\\\/fr\\\/produit\\\/serviette-de-sechage-boucle-torsadee-1000-g-m%c2%b2\\\/\",\"name\":\"Serviette de s\u00e9chage \u00e0 boucle torsad\u00e9e 1000 GSM - Gliptone Europe\",\"isPartOf\":{\"@id\":\"https:\\\/\\\/gliptoneeurope.com\\\/#website\"},\"primaryImageOfPage\":{\"@id\":\"https:\\\/\\\/gliptoneeurope.com\\\/fr\\\/produit\\\/serviette-de-sechage-boucle-torsadee-1000-g-m%c2%b2\\\/#primaryimage\"},\"image\":{\"@id\":\"https:\\\/\\\/gliptoneeurope.com\\\/fr\\\/produit\\\/serviette-de-sechage-boucle-torsadee-1000-g-m%c2%b2\\\/#primaryimage\"},\"thumbnailUrl\":\"https:\\\/\\\/gliptoneeurope.com\\\/wp-content\\\/uploads\\\/Twisted-Loop-Drying-Towel-1000-GSM.jpg\",\"datePublished\":\"2021-11-30T11:42:13+00:00\",\"description\":\"La serviette de s\u00e9chage \u00e0 boucle torsad\u00e9e de Gliptone est super \u00e9paisse \u00e0 1000 g\\\/m\u00b2, ce qui rend l'\u00e9limination de l'eau incroyablement facile en raison de l'incroyable capacit\u00e9 d'absorption de l'eau, ce qui signifie qu'il n'y a pas de meilleure fa\u00e7on de s\u00e9cher votre voiture.\",\"breadcrumb\":{\"@id\":\"https:\\\/\\\/gliptoneeurope.com\\\/fr\\\/produit\\\/serviette-de-sechage-boucle-torsadee-1000-g-m%c2%b2\\\/#breadcrumb\"},\"inLanguage\":\"fr-FR\",\"potentialAction\":[{\"@type\":\"ReadAction\",\"target\":[\"https:\\\/\\\/gliptoneeurope.com\\\/fr\\\/produit\\\/serviette-de-sechage-boucle-torsadee-1000-g-m%c2%b2\\\/\"]}]},{\"@type\":\"ImageObject\",\"inLanguage\":\"fr-FR\",\"@id\":\"https:\\\/\\\/gliptoneeurope.com\\\/fr\\\/produit\\\/serviette-de-sechage-boucle-torsadee-1000-g-m%c2%b2\\\/#primaryimage\",\"url\":\"https:\\\/\\\/gliptoneeurope.com\\\/wp-content\\\/uploads\\\/Twisted-Loop-Drying-Towel-1000-GSM.jpg\",\"contentUrl\":\"https:\\\/\\\/gliptoneeurope.com\\\/wp-content\\\/uploads\\\/Twisted-Loop-Drying-Towel-1000-GSM.jpg\",\"width\":1661,\"height\":1661},{\"@type\":\"BreadcrumbList\",\"@id\":\"https:\\\/\\\/gliptoneeurope.com\\\/fr\\\/produit\\\/serviette-de-sechage-boucle-torsadee-1000-g-m%c2%b2\\\/#breadcrumb\",\"itemListElement\":[{\"@type\":\"ListItem\",\"position\":1,\"name\":\"Home\",\"item\":\"https:\\\/\\\/gliptoneeurope.com\\\/\"},{\"@type\":\"ListItem\",\"position\":2,\"name\":\"Boutique\",\"item\":\"https:\\\/\\\/gliptoneeurope.com\\\/fr\\\/boutique\\\/\"},{\"@type\":\"ListItem\",\"position\":3,\"name\":\"Serviette de s\u00e9chage \u00e0 boucle torsad\u00e9e 1000 GSM\"}]},{\"@type\":\"WebSite\",\"@id\":\"https:\\\/\\\/gliptoneeurope.com\\\/#website\",\"url\":\"https:\\\/\\\/gliptoneeurope.com\\\/\",\"name\":\"Gliptone Europe\",\"description\":\"Professional Car Detailing Products\",\"publisher\":{\"@id\":\"https:\\\/\\\/gliptoneeurope.com\\\/#organization\"},\"potentialAction\":[{\"@type\":\"SearchAction\",\"target\":{\"@type\":\"EntryPoint\",\"urlTemplate\":\"https:\\\/\\\/gliptoneeurope.com\\\/?s={search_term_string}\"},\"query-input\":{\"@type\":\"PropertyValueSpecification\",\"valueRequired\":true,\"valueName\":\"search_term_string\"}}],\"inLanguage\":\"fr-FR\"},{\"@type\":\"Organization\",\"@id\":\"https:\\\/\\\/gliptoneeurope.com\\\/#organization\",\"name\":\"Gliptone Europe\",\"url\":\"https:\\\/\\\/gliptoneeurope.com\\\/\",\"logo\":{\"@type\":\"ImageObject\",\"inLanguage\":\"fr-FR\",\"@id\":\"https:\\\/\\\/gliptoneeurope.com\\\/#\\\/schema\\\/logo\\\/image\\\/\",\"url\":\"https:\\\/\\\/gliptoneeurope.com\\\/wp-content\\\/uploads\\\/Gliptone_Logo.png\",\"contentUrl\":\"https:\\\/\\\/gliptoneeurope.com\\\/wp-content\\\/uploads\\\/Gliptone_Logo.png\",\"width\":1472,\"height\":607,\"caption\":\"Gliptone Europe\"},\"image\":{\"@id\":\"https:\\\/\\\/gliptoneeurope.com\\\/#\\\/schema\\\/logo\\\/image\\\/\"},\"sameAs\":[\"https:\\\/\\\/www.facebook.com\\\/gliptoneeurope\\\/\",\"https:\\\/\\\/www.instagram.com\\\/gliptoneeurope\\\/\",\"https:\\\/\\\/www.pinterest.co.uk\\\/GliptoneEurope\\\/\"]}]}<\/script>\n<!-- \/ Yoast SEO Premium plugin. -->","yoast_head_json":{"title":"Serviette de s\u00e9chage \u00e0 boucle torsad\u00e9e 1000 GSM - Gliptone Europe","description":"La serviette de s\u00e9chage \u00e0 boucle torsad\u00e9e de Gliptone est super \u00e9paisse \u00e0 1000 g\/m\u00b2, ce qui rend l'\u00e9limination de l'eau incroyablement facile en raison de l'incroyable capacit\u00e9 d'absorption de l'eau, ce qui signifie qu'il n'y a pas de meilleure fa\u00e7on de s\u00e9cher votre voiture.","robots":{"index":"index","follow":"follow","max-snippet":"max-snippet:-1","max-image-preview":"max-image-preview:large","max-video-preview":"max-video-preview:-1"},"canonical":"https:\/\/gliptoneeurope.com\/fr\/produit\/serviette-de-sechage-boucle-torsadee-1000-g-m\u00b2\/","og_locale":"fr_FR","og_type":"article","og_title":"Serviette de s\u00e9chage \u00e0 boucle torsad\u00e9e 1000 GSM","og_description":"Les serviettes de s\u00e9chage \u00e0 boucle torsad\u00e9e 1000GSM de Gliptone sont con\u00e7ues pour s\u00e9cher toute votre voiture et ont la capacit\u00e9 de retenir une quantit\u00e9 incroyable d'eau ! Cette serviette continuera de vous \u00e9tonner. Notre serviette de s\u00e9chage est lavable en machine et sans danger pour tous les types de v\u00e9hicules et de peintures.","og_url":"https:\/\/gliptoneeurope.com\/fr\/produit\/serviette-de-sechage-boucle-torsadee-1000-g-m\u00b2\/","og_site_name":"Gliptone Europe","article_publisher":"https:\/\/www.facebook.com\/gliptoneeurope\/","og_image":[{"width":1661,"height":1661,"url":"https:\/\/gliptoneeurope.com\/wp-content\/uploads\/Twisted-Loop-Drying-Towel-1000-GSM.jpg","type":"image\/jpeg"}],"twitter_card":"summary_large_image","schema":{"@context":"https:\/\/schema.org","@graph":[{"@type":"WebPage","@id":"https:\/\/gliptoneeurope.com\/fr\/produit\/serviette-de-sechage-boucle-torsadee-1000-g-m%c2%b2\/","url":"https:\/\/gliptoneeurope.com\/fr\/produit\/serviette-de-sechage-boucle-torsadee-1000-g-m%c2%b2\/","name":"Serviette de s\u00e9chage \u00e0 boucle torsad\u00e9e 1000 GSM - Gliptone Europe","isPartOf":{"@id":"https:\/\/gliptoneeurope.com\/#website"},"primaryImageOfPage":{"@id":"https:\/\/gliptoneeurope.com\/fr\/produit\/serviette-de-sechage-boucle-torsadee-1000-g-m%c2%b2\/#primaryimage"},"image":{"@id":"https:\/\/gliptoneeurope.com\/fr\/produit\/serviette-de-sechage-boucle-torsadee-1000-g-m%c2%b2\/#primaryimage"},"thumbnailUrl":"https:\/\/gliptoneeurope.com\/wp-content\/uploads\/Twisted-Loop-Drying-Towel-1000-GSM.jpg","datePublished":"2021-11-30T11:42:13+00:00","description":"La serviette de s\u00e9chage \u00e0 boucle torsad\u00e9e de Gliptone est super \u00e9paisse \u00e0 1000 g\/m\u00b2, ce qui rend l'\u00e9limination de l'eau incroyablement facile en raison de l'incroyable capacit\u00e9 d'absorption de l'eau, ce qui signifie qu'il n'y a pas de meilleure fa\u00e7on de s\u00e9cher votre voiture.","breadcrumb":{"@id":"https:\/\/gliptoneeurope.com\/fr\/produit\/serviette-de-sechage-boucle-torsadee-1000-g-m%c2%b2\/#breadcrumb"},"inLanguage":"fr-FR","potentialAction":[{"@type":"ReadAction","target":["https:\/\/gliptoneeurope.com\/fr\/produit\/serviette-de-sechage-boucle-torsadee-1000-g-m%c2%b2\/"]}]},{"@type":"ImageObject","inLanguage":"fr-FR","@id":"https:\/\/gliptoneeurope.com\/fr\/produit\/serviette-de-sechage-boucle-torsadee-1000-g-m%c2%b2\/#primaryimage","url":"https:\/\/gliptoneeurope.com\/wp-content\/uploads\/Twisted-Loop-Drying-Towel-1000-GSM.jpg","contentUrl":"https:\/\/gliptoneeurope.com\/wp-content\/uploads\/Twisted-Loop-Drying-Towel-1000-GSM.jpg","width":1661,"height":1661},{"@type":"BreadcrumbList","@id":"https:\/\/gliptoneeurope.com\/fr\/produit\/serviette-de-sechage-boucle-torsadee-1000-g-m%c2%b2\/#breadcrumb","itemListElement":[{"@type":"ListItem","position":1,"name":"Home","item":"https:\/\/gliptoneeurope.com\/"},{"@type":"ListItem","position":2,"name":"Boutique","item":"https:\/\/gliptoneeurope.com\/fr\/boutique\/"},{"@type":"ListItem","position":3,"name":"Serviette de s\u00e9chage \u00e0 boucle torsad\u00e9e 1000 GSM"}]},{"@type":"WebSite","@id":"https:\/\/gliptoneeurope.com\/#website","url":"https:\/\/gliptoneeurope.com\/","name":"Gliptone Europe","description":"Professional Car Detailing Products","publisher":{"@id":"https:\/\/gliptoneeurope.com\/#organization"},"potentialAction":[{"@type":"SearchAction","target":{"@type":"EntryPoint","urlTemplate":"https:\/\/gliptoneeurope.com\/?s={search_term_string}"},"query-input":{"@type":"PropertyValueSpecification","valueRequired":true,"valueName":"search_term_string"}}],"inLanguage":"fr-FR"},{"@type":"Organization","@id":"https:\/\/gliptoneeurope.com\/#organization","name":"Gliptone Europe","url":"https:\/\/gliptoneeurope.com\/","logo":{"@type":"ImageObject","inLanguage":"fr-FR","@id":"https:\/\/gliptoneeurope.com\/#\/schema\/logo\/image\/","url":"https:\/\/gliptoneeurope.com\/wp-content\/uploads\/Gliptone_Logo.png","contentUrl":"https:\/\/gliptoneeurope.com\/wp-content\/uploads\/Gliptone_Logo.png","width":1472,"height":607,"caption":"Gliptone Europe"},"image":{"@id":"https:\/\/gliptoneeurope.com\/#\/schema\/logo\/image\/"},"sameAs":["https:\/\/www.facebook.com\/gliptoneeurope\/","https:\/\/www.instagram.com\/gliptoneeurope\/","https:\/\/www.pinterest.co.uk\/GliptoneEurope\/"]}]}},"wcpa_form_fields":null,"_links":{"self":[{"href":"https:\/\/gliptoneeurope.com\/fr\/wp-json\/wp\/v2\/product\/11862","targetHints":{"allow":["GET"]}}],"collection":[{"href":"https:\/\/gliptoneeurope.com\/fr\/wp-json\/wp\/v2\/product"}],"about":[{"href":"https:\/\/gliptoneeurope.com\/fr\/wp-json\/wp\/v2\/types\/product"}],"wp:featuredmedia":[{"embeddable":true,"href":"https:\/\/gliptoneeurope.com\/fr\/wp-json\/wp\/v2\/media\/10744"}],"wp:attachment":[{"href":"https:\/\/gliptoneeurope.com\/fr\/wp-json\/wp\/v2\/media?parent=11862"}],"wp:term":[{"taxonomy":"product_brand","embeddable":true,"href":"https:\/\/gliptoneeurope.com\/fr\/wp-json\/wp\/v2\/product_brand?post=11862"},{"taxonomy":"product_cat","embeddable":true,"href":"https:\/\/gliptoneeurope.com\/fr\/wp-json\/wp\/v2\/product_cat?post=11862"},{"taxonomy":"product_tag","embeddable":true,"href":"https:\/\/gliptoneeurope.com\/fr\/wp-json\/wp\/v2\/product_tag?post=11862"}],"curies":[{"name":"wp","href":"https:\/\/api.w.org\/{rel}","templated":true}]}}