{"id":11845,"date":"2020-08-10T11:06:38","date_gmt":"2021-11-30T11:42:09","guid":{"rendered":"https:\/\/gliptoneeurope.com\/product\/teinture-pour-cuir-flexicote\/"},"modified":"2021-11-30T11:42:09","modified_gmt":"2021-11-30T11:42:09","slug":"flexicote-cuir-teinture","status":"publish","type":"product","link":"https:\/\/gliptoneeurope.com\/fr\/produit\/flexicote-cuir-teinture\/","title":{"rendered":"Teinture pour cuir Flexicote"},"content":{"rendered":"<p>Les colorants Flexicote contiennent deux fois la force pigmentaire de nos colorants SCUFFmaster, ce qui offre une plus grande couverture et le rend id\u00e9al pour une recoloration compl\u00e8te des panneaux. De plus, il ne s\u00e8che jamais et reste donc flexible, garantissant que lorsqu&#8217;il est appliqu\u00e9 sur du cuir tr\u00e8s craquel\u00e9, il r\u00e9siste \u00e0 l&#8217;ouverture. Il n\u00e9cessite l&#8217;application d&#8217;un scellant sur la teinture pour obtenir une finition s\u00e8che. Les colorants Flexicote ont une dur\u00e9e de conservation de six semaines une fois m\u00e9lang\u00e9s.<\/p>\n","protected":false},"excerpt":{"rendered":"<p>Les colorants Flexicote contiennent deux fois la force pigmentaire de nos colorants SCUFFmaster, ce qui offre une plus grande couverture et le rend id\u00e9al pour une recoloration compl\u00e8te des panneaux. De plus, il ne s\u00e8che jamais et reste donc flexible, garantissant que lorsqu&#8217;il est appliqu\u00e9 sur du cuir tr\u00e8s craquel\u00e9, il r\u00e9siste \u00e0 l&#8217;ouverture. Il [&hellip;]<\/p>\n","protected":false},"featured_media":10450,"template":"","meta":[],"product_brand":[],"product_cat":[114],"product_tag":[],"class_list":{"0":"post-11845","1":"product","2":"type-product","3":"status-publish","4":"has-post-thumbnail","6":"product_cat-cuir","8":"first","9":"instock","10":"taxable","11":"shipping-taxable","12":"purchasable","13":"product-type-variable"},"yoast_head":"<!-- This site is optimized with the Yoast SEO Premium plugin v21.4 (Yoast SEO v27.5) - https:\/\/yoast.com\/product\/yoast-seo-premium-wordpress\/ -->\n<title>Teinture pour cuir Flexicote - Gliptone Europe<\/title>\n<meta name=\"description\" content=\"Le colorant Flexicote a deux fois la force pigmentaire de nos colorants SCUFFmaster offrant une plus grande couverture pour le rendre id\u00e9al pour la recoloration totale des panneaux.\" \/>\n<meta name=\"robots\" content=\"index, follow, max-snippet:-1, max-image-preview:large, max-video-preview:-1\" \/>\n<link rel=\"canonical\" href=\"https:\/\/gliptoneeurope.com\/?post_type=product&p=5088\" \/>\n<meta property=\"og:locale\" content=\"fr_FR\" \/>\n<meta property=\"og:type\" content=\"article\" \/>\n<meta property=\"og:title\" content=\"Teinture pour cuir Flexicote\" \/>\n<meta property=\"og:description\" content=\"Les colorants Flexicote contiennent deux fois la force pigmentaire de nos colorants SCUFFmaster, ce qui offre une plus grande couverture et le rend id\u00e9al\" \/>\n<meta property=\"og:url\" content=\"https:\/\/gliptoneeurope.com\/?post_type=product&amp;p=5088\" \/>\n<meta property=\"og:site_name\" content=\"Gliptone Europe\" \/>\n<meta property=\"article:publisher\" content=\"https:\/\/www.facebook.com\/gliptoneeurope\/\" \/>\n<meta property=\"og:image\" content=\"https:\/\/gliptoneeurope.com\/wp-content\/uploads\/Flexicote-Leather-Dye.jpg\" \/>\n\t<meta property=\"og:image:width\" content=\"1797\" \/>\n\t<meta property=\"og:image:height\" content=\"1797\" \/>\n\t<meta property=\"og:image:type\" content=\"image\/jpeg\" \/>\n<meta name=\"twitter:card\" content=\"summary_large_image\" \/>\n<script type=\"application\/ld+json\" class=\"yoast-schema-graph\">{\"@context\":\"https:\\\/\\\/schema.org\",\"@graph\":[{\"@type\":\"WebPage\",\"@id\":\"https:\\\/\\\/gliptoneeurope.com\\\/?post_type=product&p=5088\",\"url\":\"https:\\\/\\\/gliptoneeurope.com\\\/?post_type=product&p=5088\",\"name\":\"Teinture pour cuir Flexicote - Gliptone Europe\",\"isPartOf\":{\"@id\":\"https:\\\/\\\/gliptoneeurope.com\\\/#website\"},\"primaryImageOfPage\":{\"@id\":\"https:\\\/\\\/gliptoneeurope.com\\\/?post_type=product&p=5088#primaryimage\"},\"image\":{\"@id\":\"https:\\\/\\\/gliptoneeurope.com\\\/?post_type=product&p=5088#primaryimage\"},\"thumbnailUrl\":\"https:\\\/\\\/gliptoneeurope.com\\\/wp-content\\\/uploads\\\/Flexicote-Leather-Dye.jpg\",\"datePublished\":\"2021-11-30T11:42:09+00:00\",\"description\":\"Le colorant Flexicote a deux fois la force pigmentaire de nos colorants SCUFFmaster offrant une plus grande couverture pour le rendre id\u00e9al pour la recoloration totale des panneaux.\",\"breadcrumb\":{\"@id\":\"https:\\\/\\\/gliptoneeurope.com\\\/?post_type=product&p=5088#breadcrumb\"},\"inLanguage\":\"fr-FR\",\"potentialAction\":[{\"@type\":\"ReadAction\",\"target\":[\"https:\\\/\\\/gliptoneeurope.com\\\/?post_type=product&p=5088\"]}]},{\"@type\":\"ImageObject\",\"inLanguage\":\"fr-FR\",\"@id\":\"https:\\\/\\\/gliptoneeurope.com\\\/?post_type=product&p=5088#primaryimage\",\"url\":\"https:\\\/\\\/gliptoneeurope.com\\\/wp-content\\\/uploads\\\/Flexicote-Leather-Dye.jpg\",\"contentUrl\":\"https:\\\/\\\/gliptoneeurope.com\\\/wp-content\\\/uploads\\\/Flexicote-Leather-Dye.jpg\",\"width\":1797,\"height\":1797},{\"@type\":\"BreadcrumbList\",\"@id\":\"https:\\\/\\\/gliptoneeurope.com\\\/?post_type=product&p=5088#breadcrumb\",\"itemListElement\":[{\"@type\":\"ListItem\",\"position\":1,\"name\":\"Home\",\"item\":\"https:\\\/\\\/gliptoneeurope.com\\\/\"},{\"@type\":\"ListItem\",\"position\":2,\"name\":\"Boutique\",\"item\":\"https:\\\/\\\/gliptoneeurope.com\\\/fr\\\/boutique\\\/\"},{\"@type\":\"ListItem\",\"position\":3,\"name\":\"Teinture pour cuir Flexicote\"}]},{\"@type\":\"WebSite\",\"@id\":\"https:\\\/\\\/gliptoneeurope.com\\\/#website\",\"url\":\"https:\\\/\\\/gliptoneeurope.com\\\/\",\"name\":\"Gliptone Europe\",\"description\":\"Professional Car Detailing Products\",\"publisher\":{\"@id\":\"https:\\\/\\\/gliptoneeurope.com\\\/#organization\"},\"potentialAction\":[{\"@type\":\"SearchAction\",\"target\":{\"@type\":\"EntryPoint\",\"urlTemplate\":\"https:\\\/\\\/gliptoneeurope.com\\\/?s={search_term_string}\"},\"query-input\":{\"@type\":\"PropertyValueSpecification\",\"valueRequired\":true,\"valueName\":\"search_term_string\"}}],\"inLanguage\":\"fr-FR\"},{\"@type\":\"Organization\",\"@id\":\"https:\\\/\\\/gliptoneeurope.com\\\/#organization\",\"name\":\"Gliptone Europe\",\"url\":\"https:\\\/\\\/gliptoneeurope.com\\\/\",\"logo\":{\"@type\":\"ImageObject\",\"inLanguage\":\"fr-FR\",\"@id\":\"https:\\\/\\\/gliptoneeurope.com\\\/#\\\/schema\\\/logo\\\/image\\\/\",\"url\":\"https:\\\/\\\/gliptoneeurope.com\\\/wp-content\\\/uploads\\\/Gliptone_Logo.png\",\"contentUrl\":\"https:\\\/\\\/gliptoneeurope.com\\\/wp-content\\\/uploads\\\/Gliptone_Logo.png\",\"width\":1472,\"height\":607,\"caption\":\"Gliptone Europe\"},\"image\":{\"@id\":\"https:\\\/\\\/gliptoneeurope.com\\\/#\\\/schema\\\/logo\\\/image\\\/\"},\"sameAs\":[\"https:\\\/\\\/www.facebook.com\\\/gliptoneeurope\\\/\",\"https:\\\/\\\/www.instagram.com\\\/gliptoneeurope\\\/\",\"https:\\\/\\\/www.pinterest.co.uk\\\/GliptoneEurope\\\/\"]}]}<\/script>\n<!-- \/ Yoast SEO Premium plugin. -->","yoast_head_json":{"title":"Teinture pour cuir Flexicote - Gliptone Europe","description":"Le colorant Flexicote a deux fois la force pigmentaire de nos colorants SCUFFmaster offrant une plus grande couverture pour le rendre id\u00e9al pour la recoloration totale des panneaux.","robots":{"index":"index","follow":"follow","max-snippet":"max-snippet:-1","max-image-preview":"max-image-preview:large","max-video-preview":"max-video-preview:-1"},"canonical":"https:\/\/gliptoneeurope.com\/?post_type=product&p=5088","og_locale":"fr_FR","og_type":"article","og_title":"Teinture pour cuir Flexicote","og_description":"Les colorants Flexicote contiennent deux fois la force pigmentaire de nos colorants SCUFFmaster, ce qui offre une plus grande couverture et le rend id\u00e9al","og_url":"https:\/\/gliptoneeurope.com\/?post_type=product&p=5088","og_site_name":"Gliptone Europe","article_publisher":"https:\/\/www.facebook.com\/gliptoneeurope\/","og_image":[{"width":1797,"height":1797,"url":"https:\/\/gliptoneeurope.com\/wp-content\/uploads\/Flexicote-Leather-Dye.jpg","type":"image\/jpeg"}],"twitter_card":"summary_large_image","schema":{"@context":"https:\/\/schema.org","@graph":[{"@type":"WebPage","@id":"https:\/\/gliptoneeurope.com\/?post_type=product&p=5088","url":"https:\/\/gliptoneeurope.com\/?post_type=product&p=5088","name":"Teinture pour cuir Flexicote - Gliptone Europe","isPartOf":{"@id":"https:\/\/gliptoneeurope.com\/#website"},"primaryImageOfPage":{"@id":"https:\/\/gliptoneeurope.com\/?post_type=product&p=5088#primaryimage"},"image":{"@id":"https:\/\/gliptoneeurope.com\/?post_type=product&p=5088#primaryimage"},"thumbnailUrl":"https:\/\/gliptoneeurope.com\/wp-content\/uploads\/Flexicote-Leather-Dye.jpg","datePublished":"2021-11-30T11:42:09+00:00","description":"Le colorant Flexicote a deux fois la force pigmentaire de nos colorants SCUFFmaster offrant une plus grande couverture pour le rendre id\u00e9al pour la recoloration totale des panneaux.","breadcrumb":{"@id":"https:\/\/gliptoneeurope.com\/?post_type=product&p=5088#breadcrumb"},"inLanguage":"fr-FR","potentialAction":[{"@type":"ReadAction","target":["https:\/\/gliptoneeurope.com\/?post_type=product&p=5088"]}]},{"@type":"ImageObject","inLanguage":"fr-FR","@id":"https:\/\/gliptoneeurope.com\/?post_type=product&p=5088#primaryimage","url":"https:\/\/gliptoneeurope.com\/wp-content\/uploads\/Flexicote-Leather-Dye.jpg","contentUrl":"https:\/\/gliptoneeurope.com\/wp-content\/uploads\/Flexicote-Leather-Dye.jpg","width":1797,"height":1797},{"@type":"BreadcrumbList","@id":"https:\/\/gliptoneeurope.com\/?post_type=product&p=5088#breadcrumb","itemListElement":[{"@type":"ListItem","position":1,"name":"Home","item":"https:\/\/gliptoneeurope.com\/"},{"@type":"ListItem","position":2,"name":"Boutique","item":"https:\/\/gliptoneeurope.com\/fr\/boutique\/"},{"@type":"ListItem","position":3,"name":"Teinture pour cuir Flexicote"}]},{"@type":"WebSite","@id":"https:\/\/gliptoneeurope.com\/#website","url":"https:\/\/gliptoneeurope.com\/","name":"Gliptone Europe","description":"Professional Car Detailing Products","publisher":{"@id":"https:\/\/gliptoneeurope.com\/#organization"},"potentialAction":[{"@type":"SearchAction","target":{"@type":"EntryPoint","urlTemplate":"https:\/\/gliptoneeurope.com\/?s={search_term_string}"},"query-input":{"@type":"PropertyValueSpecification","valueRequired":true,"valueName":"search_term_string"}}],"inLanguage":"fr-FR"},{"@type":"Organization","@id":"https:\/\/gliptoneeurope.com\/#organization","name":"Gliptone Europe","url":"https:\/\/gliptoneeurope.com\/","logo":{"@type":"ImageObject","inLanguage":"fr-FR","@id":"https:\/\/gliptoneeurope.com\/#\/schema\/logo\/image\/","url":"https:\/\/gliptoneeurope.com\/wp-content\/uploads\/Gliptone_Logo.png","contentUrl":"https:\/\/gliptoneeurope.com\/wp-content\/uploads\/Gliptone_Logo.png","width":1472,"height":607,"caption":"Gliptone Europe"},"image":{"@id":"https:\/\/gliptoneeurope.com\/#\/schema\/logo\/image\/"},"sameAs":["https:\/\/www.facebook.com\/gliptoneeurope\/","https:\/\/www.instagram.com\/gliptoneeurope\/","https:\/\/www.pinterest.co.uk\/GliptoneEurope\/"]}]}},"wcpa_form_fields":null,"_links":{"self":[{"href":"https:\/\/gliptoneeurope.com\/fr\/wp-json\/wp\/v2\/product\/11845","targetHints":{"allow":["GET"]}}],"collection":[{"href":"https:\/\/gliptoneeurope.com\/fr\/wp-json\/wp\/v2\/product"}],"about":[{"href":"https:\/\/gliptoneeurope.com\/fr\/wp-json\/wp\/v2\/types\/product"}],"wp:featuredmedia":[{"embeddable":true,"href":"https:\/\/gliptoneeurope.com\/fr\/wp-json\/wp\/v2\/media\/10450"}],"wp:attachment":[{"href":"https:\/\/gliptoneeurope.com\/fr\/wp-json\/wp\/v2\/media?parent=11845"}],"wp:term":[{"taxonomy":"product_brand","embeddable":true,"href":"https:\/\/gliptoneeurope.com\/fr\/wp-json\/wp\/v2\/product_brand?post=11845"},{"taxonomy":"product_cat","embeddable":true,"href":"https:\/\/gliptoneeurope.com\/fr\/wp-json\/wp\/v2\/product_cat?post=11845"},{"taxonomy":"product_tag","embeddable":true,"href":"https:\/\/gliptoneeurope.com\/fr\/wp-json\/wp\/v2\/product_tag?post=11845"}],"curies":[{"name":"wp","href":"https:\/\/api.w.org\/{rel}","templated":true}]}}