{"id":11839,"date":"2020-08-07T12:42:55","date_gmt":"2021-11-30T11:42:07","guid":{"rendered":"https:\/\/gliptoneeurope.com\/product\/cuir-vinyle-soudure\/"},"modified":"2021-11-30T11:42:07","modified_gmt":"2021-11-30T11:42:07","slug":"cuir-vinyle-soudure","status":"publish","type":"product","link":"https:\/\/gliptoneeurope.com\/fr\/produit\/cuir-vinyle-soudure\/","title":{"rendered":"Cuir &amp; Vinyle Soudure"},"content":{"rendered":"<p>Une r\u00e9sine de soudure est utilis\u00e9e pour combler les lacunes des d\u00e9chirures et des d\u00e9chirures dans le cuir et le vinyle. La r\u00e9sine doit \u00eatre appliqu\u00e9e finement sur les dommages, puis recouverte de notre tissu de support de soudure avant que la chaleur ne soit appliqu\u00e9e avec un fer \u00e0 vapeur thermique ou un pistolet thermique. Cela durcira rapidement la r\u00e9sine et cr\u00e9era une r\u00e9paration durable.<\/p>\n","protected":false},"excerpt":{"rendered":"<p>Une r\u00e9sine de soudure est utilis\u00e9e pour combler les lacunes des d\u00e9chirures et des d\u00e9chirures dans le cuir et le vinyle. La r\u00e9sine doit \u00eatre appliqu\u00e9e finement sur les dommages, puis recouverte de notre tissu de support de soudure avant que la chaleur ne soit appliqu\u00e9e avec un fer \u00e0 vapeur thermique ou un pistolet [&hellip;]<\/p>\n","protected":false},"featured_media":10460,"template":"","meta":[],"product_brand":[],"product_cat":[114],"product_tag":[],"class_list":{"0":"post-11839","1":"product","2":"type-product","3":"status-publish","4":"has-post-thumbnail","6":"product_cat-cuir","8":"first","9":"instock","10":"taxable","11":"shipping-taxable","12":"purchasable","13":"product-type-simple"},"yoast_head":"<!-- This site is optimized with the Yoast SEO Premium plugin v21.4 (Yoast SEO v27.4) - https:\/\/yoast.com\/product\/yoast-seo-premium-wordpress\/ -->\n<title>Cuir &amp; Vinyle Soudure - Gliptone Europe<\/title>\n<meta name=\"description\" content=\"Une r\u00e9sine de soudure est utilis\u00e9e pour combler les lacunes des d\u00e9chirures et des d\u00e9chirures dans le cuir et le vinyle. La r\u00e9sine doit \u00eatre appliqu\u00e9e en fine couche sur les dommages.\" \/>\n<meta name=\"robots\" content=\"index, follow, max-snippet:-1, max-image-preview:large, max-video-preview:-1\" \/>\n<link rel=\"canonical\" href=\"https:\/\/gliptoneeurope.com\/fr\/produit\/cuir-vinyle-soudure\/\" \/>\n<meta property=\"og:locale\" content=\"fr_FR\" \/>\n<meta property=\"og:type\" content=\"article\" \/>\n<meta property=\"og:title\" content=\"Cuir &amp; Vinyle Soudure\" \/>\n<meta property=\"og:description\" content=\"Une r\u00e9sine de soudure est utilis\u00e9e pour combler les lacunes des d\u00e9chirures et des d\u00e9chirures dans le cuir et le vinyle. La r\u00e9sine doit \u00eatre appliqu\u00e9e\" \/>\n<meta property=\"og:url\" content=\"https:\/\/gliptoneeurope.com\/fr\/produit\/cuir-vinyle-soudure\/\" \/>\n<meta property=\"og:site_name\" content=\"Gliptone Europe\" \/>\n<meta property=\"article:publisher\" content=\"https:\/\/www.facebook.com\/gliptoneeurope\/\" \/>\n<meta property=\"og:image\" content=\"https:\/\/gliptoneeurope.com\/wp-content\/uploads\/Leather-Vinyl-Weld_Replicator.jpg\" \/>\n\t<meta property=\"og:image:width\" content=\"683\" \/>\n\t<meta property=\"og:image:height\" content=\"716\" \/>\n\t<meta property=\"og:image:type\" content=\"image\/jpeg\" \/>\n<meta name=\"twitter:card\" content=\"summary_large_image\" \/>\n<script type=\"application\/ld+json\" class=\"yoast-schema-graph\">{\"@context\":\"https:\\\/\\\/schema.org\",\"@graph\":[{\"@type\":\"WebPage\",\"@id\":\"https:\\\/\\\/gliptoneeurope.com\\\/fr\\\/produit\\\/cuir-vinyle-soudure\\\/\",\"url\":\"https:\\\/\\\/gliptoneeurope.com\\\/fr\\\/produit\\\/cuir-vinyle-soudure\\\/\",\"name\":\"Cuir &amp; Vinyle Soudure - Gliptone Europe\",\"isPartOf\":{\"@id\":\"https:\\\/\\\/gliptoneeurope.com\\\/#website\"},\"primaryImageOfPage\":{\"@id\":\"https:\\\/\\\/gliptoneeurope.com\\\/fr\\\/produit\\\/cuir-vinyle-soudure\\\/#primaryimage\"},\"image\":{\"@id\":\"https:\\\/\\\/gliptoneeurope.com\\\/fr\\\/produit\\\/cuir-vinyle-soudure\\\/#primaryimage\"},\"thumbnailUrl\":\"https:\\\/\\\/gliptoneeurope.com\\\/wp-content\\\/uploads\\\/Leather-Vinyl-Weld_Replicator.jpg\",\"datePublished\":\"2021-11-30T11:42:07+00:00\",\"description\":\"Une r\u00e9sine de soudure est utilis\u00e9e pour combler les lacunes des d\u00e9chirures et des d\u00e9chirures dans le cuir et le vinyle. La r\u00e9sine doit \u00eatre appliqu\u00e9e en fine couche sur les dommages.\",\"breadcrumb\":{\"@id\":\"https:\\\/\\\/gliptoneeurope.com\\\/fr\\\/produit\\\/cuir-vinyle-soudure\\\/#breadcrumb\"},\"inLanguage\":\"fr-FR\",\"potentialAction\":[{\"@type\":\"ReadAction\",\"target\":[\"https:\\\/\\\/gliptoneeurope.com\\\/fr\\\/produit\\\/cuir-vinyle-soudure\\\/\"]}]},{\"@type\":\"ImageObject\",\"inLanguage\":\"fr-FR\",\"@id\":\"https:\\\/\\\/gliptoneeurope.com\\\/fr\\\/produit\\\/cuir-vinyle-soudure\\\/#primaryimage\",\"url\":\"https:\\\/\\\/gliptoneeurope.com\\\/wp-content\\\/uploads\\\/Leather-Vinyl-Weld_Replicator.jpg\",\"contentUrl\":\"https:\\\/\\\/gliptoneeurope.com\\\/wp-content\\\/uploads\\\/Leather-Vinyl-Weld_Replicator.jpg\",\"width\":683,\"height\":716},{\"@type\":\"BreadcrumbList\",\"@id\":\"https:\\\/\\\/gliptoneeurope.com\\\/fr\\\/produit\\\/cuir-vinyle-soudure\\\/#breadcrumb\",\"itemListElement\":[{\"@type\":\"ListItem\",\"position\":1,\"name\":\"Home\",\"item\":\"https:\\\/\\\/gliptoneeurope.com\\\/\"},{\"@type\":\"ListItem\",\"position\":2,\"name\":\"Boutique\",\"item\":\"https:\\\/\\\/gliptoneeurope.com\\\/fr\\\/boutique\\\/\"},{\"@type\":\"ListItem\",\"position\":3,\"name\":\"Cuir &amp; Vinyle Soudure\"}]},{\"@type\":\"WebSite\",\"@id\":\"https:\\\/\\\/gliptoneeurope.com\\\/#website\",\"url\":\"https:\\\/\\\/gliptoneeurope.com\\\/\",\"name\":\"Gliptone Europe\",\"description\":\"Professional Car Detailing Products\",\"publisher\":{\"@id\":\"https:\\\/\\\/gliptoneeurope.com\\\/#organization\"},\"potentialAction\":[{\"@type\":\"SearchAction\",\"target\":{\"@type\":\"EntryPoint\",\"urlTemplate\":\"https:\\\/\\\/gliptoneeurope.com\\\/?s={search_term_string}\"},\"query-input\":{\"@type\":\"PropertyValueSpecification\",\"valueRequired\":true,\"valueName\":\"search_term_string\"}}],\"inLanguage\":\"fr-FR\"},{\"@type\":\"Organization\",\"@id\":\"https:\\\/\\\/gliptoneeurope.com\\\/#organization\",\"name\":\"Gliptone Europe\",\"url\":\"https:\\\/\\\/gliptoneeurope.com\\\/\",\"logo\":{\"@type\":\"ImageObject\",\"inLanguage\":\"fr-FR\",\"@id\":\"https:\\\/\\\/gliptoneeurope.com\\\/#\\\/schema\\\/logo\\\/image\\\/\",\"url\":\"https:\\\/\\\/gliptoneeurope.com\\\/wp-content\\\/uploads\\\/Gliptone_Logo.png\",\"contentUrl\":\"https:\\\/\\\/gliptoneeurope.com\\\/wp-content\\\/uploads\\\/Gliptone_Logo.png\",\"width\":1472,\"height\":607,\"caption\":\"Gliptone Europe\"},\"image\":{\"@id\":\"https:\\\/\\\/gliptoneeurope.com\\\/#\\\/schema\\\/logo\\\/image\\\/\"},\"sameAs\":[\"https:\\\/\\\/www.facebook.com\\\/gliptoneeurope\\\/\",\"https:\\\/\\\/www.instagram.com\\\/gliptoneeurope\\\/\",\"https:\\\/\\\/www.pinterest.co.uk\\\/GliptoneEurope\\\/\"]}]}<\/script>\n<!-- \/ Yoast SEO Premium plugin. -->","yoast_head_json":{"title":"Cuir &amp; Vinyle Soudure - Gliptone Europe","description":"Une r\u00e9sine de soudure est utilis\u00e9e pour combler les lacunes des d\u00e9chirures et des d\u00e9chirures dans le cuir et le vinyle. La r\u00e9sine doit \u00eatre appliqu\u00e9e en fine couche sur les dommages.","robots":{"index":"index","follow":"follow","max-snippet":"max-snippet:-1","max-image-preview":"max-image-preview:large","max-video-preview":"max-video-preview:-1"},"canonical":"https:\/\/gliptoneeurope.com\/fr\/produit\/cuir-vinyle-soudure\/","og_locale":"fr_FR","og_type":"article","og_title":"Cuir &amp; Vinyle Soudure","og_description":"Une r\u00e9sine de soudure est utilis\u00e9e pour combler les lacunes des d\u00e9chirures et des d\u00e9chirures dans le cuir et le vinyle. La r\u00e9sine doit \u00eatre appliqu\u00e9e","og_url":"https:\/\/gliptoneeurope.com\/fr\/produit\/cuir-vinyle-soudure\/","og_site_name":"Gliptone Europe","article_publisher":"https:\/\/www.facebook.com\/gliptoneeurope\/","og_image":[{"width":683,"height":716,"url":"https:\/\/gliptoneeurope.com\/wp-content\/uploads\/Leather-Vinyl-Weld_Replicator.jpg","type":"image\/jpeg"}],"twitter_card":"summary_large_image","schema":{"@context":"https:\/\/schema.org","@graph":[{"@type":"WebPage","@id":"https:\/\/gliptoneeurope.com\/fr\/produit\/cuir-vinyle-soudure\/","url":"https:\/\/gliptoneeurope.com\/fr\/produit\/cuir-vinyle-soudure\/","name":"Cuir &amp; Vinyle Soudure - Gliptone Europe","isPartOf":{"@id":"https:\/\/gliptoneeurope.com\/#website"},"primaryImageOfPage":{"@id":"https:\/\/gliptoneeurope.com\/fr\/produit\/cuir-vinyle-soudure\/#primaryimage"},"image":{"@id":"https:\/\/gliptoneeurope.com\/fr\/produit\/cuir-vinyle-soudure\/#primaryimage"},"thumbnailUrl":"https:\/\/gliptoneeurope.com\/wp-content\/uploads\/Leather-Vinyl-Weld_Replicator.jpg","datePublished":"2021-11-30T11:42:07+00:00","description":"Une r\u00e9sine de soudure est utilis\u00e9e pour combler les lacunes des d\u00e9chirures et des d\u00e9chirures dans le cuir et le vinyle. La r\u00e9sine doit \u00eatre appliqu\u00e9e en fine couche sur les dommages.","breadcrumb":{"@id":"https:\/\/gliptoneeurope.com\/fr\/produit\/cuir-vinyle-soudure\/#breadcrumb"},"inLanguage":"fr-FR","potentialAction":[{"@type":"ReadAction","target":["https:\/\/gliptoneeurope.com\/fr\/produit\/cuir-vinyle-soudure\/"]}]},{"@type":"ImageObject","inLanguage":"fr-FR","@id":"https:\/\/gliptoneeurope.com\/fr\/produit\/cuir-vinyle-soudure\/#primaryimage","url":"https:\/\/gliptoneeurope.com\/wp-content\/uploads\/Leather-Vinyl-Weld_Replicator.jpg","contentUrl":"https:\/\/gliptoneeurope.com\/wp-content\/uploads\/Leather-Vinyl-Weld_Replicator.jpg","width":683,"height":716},{"@type":"BreadcrumbList","@id":"https:\/\/gliptoneeurope.com\/fr\/produit\/cuir-vinyle-soudure\/#breadcrumb","itemListElement":[{"@type":"ListItem","position":1,"name":"Home","item":"https:\/\/gliptoneeurope.com\/"},{"@type":"ListItem","position":2,"name":"Boutique","item":"https:\/\/gliptoneeurope.com\/fr\/boutique\/"},{"@type":"ListItem","position":3,"name":"Cuir &amp; Vinyle Soudure"}]},{"@type":"WebSite","@id":"https:\/\/gliptoneeurope.com\/#website","url":"https:\/\/gliptoneeurope.com\/","name":"Gliptone Europe","description":"Professional Car Detailing Products","publisher":{"@id":"https:\/\/gliptoneeurope.com\/#organization"},"potentialAction":[{"@type":"SearchAction","target":{"@type":"EntryPoint","urlTemplate":"https:\/\/gliptoneeurope.com\/?s={search_term_string}"},"query-input":{"@type":"PropertyValueSpecification","valueRequired":true,"valueName":"search_term_string"}}],"inLanguage":"fr-FR"},{"@type":"Organization","@id":"https:\/\/gliptoneeurope.com\/#organization","name":"Gliptone Europe","url":"https:\/\/gliptoneeurope.com\/","logo":{"@type":"ImageObject","inLanguage":"fr-FR","@id":"https:\/\/gliptoneeurope.com\/#\/schema\/logo\/image\/","url":"https:\/\/gliptoneeurope.com\/wp-content\/uploads\/Gliptone_Logo.png","contentUrl":"https:\/\/gliptoneeurope.com\/wp-content\/uploads\/Gliptone_Logo.png","width":1472,"height":607,"caption":"Gliptone Europe"},"image":{"@id":"https:\/\/gliptoneeurope.com\/#\/schema\/logo\/image\/"},"sameAs":["https:\/\/www.facebook.com\/gliptoneeurope\/","https:\/\/www.instagram.com\/gliptoneeurope\/","https:\/\/www.pinterest.co.uk\/GliptoneEurope\/"]}]}},"wcpa_form_fields":null,"_links":{"self":[{"href":"https:\/\/gliptoneeurope.com\/fr\/wp-json\/wp\/v2\/product\/11839","targetHints":{"allow":["GET"]}}],"collection":[{"href":"https:\/\/gliptoneeurope.com\/fr\/wp-json\/wp\/v2\/product"}],"about":[{"href":"https:\/\/gliptoneeurope.com\/fr\/wp-json\/wp\/v2\/types\/product"}],"wp:featuredmedia":[{"embeddable":true,"href":"https:\/\/gliptoneeurope.com\/fr\/wp-json\/wp\/v2\/media\/10460"}],"wp:attachment":[{"href":"https:\/\/gliptoneeurope.com\/fr\/wp-json\/wp\/v2\/media?parent=11839"}],"wp:term":[{"taxonomy":"product_brand","embeddable":true,"href":"https:\/\/gliptoneeurope.com\/fr\/wp-json\/wp\/v2\/product_brand?post=11839"},{"taxonomy":"product_cat","embeddable":true,"href":"https:\/\/gliptoneeurope.com\/fr\/wp-json\/wp\/v2\/product_cat?post=11839"},{"taxonomy":"product_tag","embeddable":true,"href":"https:\/\/gliptoneeurope.com\/fr\/wp-json\/wp\/v2\/product_tag?post=11839"}],"curies":[{"name":"wp","href":"https:\/\/api.w.org\/{rel}","templated":true}]}}