{"id":11836,"date":"2020-11-23T17:01:55","date_gmt":"2021-11-30T11:42:05","guid":{"rendered":"https:\/\/gliptoneeurope.com\/product\/serviette-en-microfibre-pelucheuse-sans-bords-550-g-m%c2%b2-de-polissage-polissage\/"},"modified":"2021-11-30T11:42:05","modified_gmt":"2021-11-30T11:42:05","slug":"polissage-polissage-550gsm-edgeless-peluche-microfibre","status":"publish","type":"product","link":"https:\/\/gliptoneeurope.com\/fr\/produit\/polissage-polissage-550gsm-edgeless-peluche-microfibre\/","title":{"rendered":"Serviette en microfibre pelucheuse sans bords 550 g\/m\u00b2 de polissage \/ polissage"},"content":{"rendered":"<p>Nos serviettes en microfibre pelucheuse sans bord 550 g\/m\u00b2 sont les serviettes parfaites pour tout polissage, polissage, \u00e9limination de cire et de mastic, s\u00e9chage de petites zones ainsi que de nombreuses autres applications. Cette serviette est compos\u00e9e \u00e0 100 % de microfibre fendue cor\u00e9enne.<\/p>\n<p>Ce produit se trouve dans notre <a href=\"https:\/\/gliptoneeurope.com\/product\/detailing-towels-cloths-kit\/\">trousse de serviettes et de chiffons<\/a> d&#8217;esth\u00e9tique contenant tous les produits d&#8217;esth\u00e9tique pour aider au nettoyage et \u00e0 l&#8217;esth\u00e9tique de votre voiture.<\/p>\n<p>Taille : 16&#8243; x 16&#8243; (40x40cm)<\/p>\n<p>Poids : 550 g\/m\u00b2 (grammes par m\u00e8tre carr\u00e9)<\/p>\n<p>M\u00e9lange : Polyester 70% &#8211; Polyamide 30%<\/p>\n","protected":false},"excerpt":{"rendered":"<p>Nos serviettes en microfibre pelucheuse sans bord 550 g\/m\u00b2 sont les serviettes parfaites pour tout polissage, polissage, \u00e9limination de cire et de mastic, s\u00e9chage de petites zones ainsi que de nombreuses autres applications. Cette serviette est compos\u00e9e \u00e0 100 % de microfibre fendue cor\u00e9enne. Ce produit se trouve dans notre trousse de serviettes et de [&hellip;]<\/p>\n","protected":false},"featured_media":10704,"template":"","meta":[],"product_brand":[],"product_cat":[118],"product_tag":[],"class_list":{"0":"post-11836","1":"product","2":"type-product","3":"status-publish","4":"has-post-thumbnail","6":"product_cat-accessoires-fr","8":"first","9":"instock","10":"taxable","11":"shipping-taxable","12":"purchasable","13":"product-type-variable"},"yoast_head":"<!-- This site is optimized with the Yoast SEO Premium plugin v21.4 (Yoast SEO v27.5) - https:\/\/yoast.com\/product\/yoast-seo-premium-wordpress\/ -->\n<title>Serviette en microfibre pelucheuse sans bords 550 g\/m\u00b2 de polissage \/ polissage - Gliptone Europe<\/title>\n<meta name=\"description\" content=\"Nos serviettes en microfibre pelucheuse sans bord de 550 g\/m\u00b2 sont parfaites pour le polissage, le polissage, l&#039;\u00e9limination de la cire et du mastic, le s\u00e9chage de petites surfaces ainsi que de nombreuses autres applications.\" \/>\n<meta name=\"robots\" content=\"index, follow, max-snippet:-1, max-image-preview:large, max-video-preview:-1\" \/>\n<link rel=\"canonical\" href=\"https:\/\/gliptoneeurope.com\/fr\/produit\/polissage-polissage-550gsm-edgeless-peluche-microfibre\/\" \/>\n<meta property=\"og:locale\" content=\"fr_FR\" \/>\n<meta property=\"og:type\" content=\"article\" \/>\n<meta property=\"og:title\" content=\"Serviette en microfibre pelucheuse sans bords 550 g\/m\u00b2 de polissage \/ polissage\" \/>\n<meta property=\"og:description\" content=\"Nos serviettes en microfibre pelucheuse sans bord 550 g\/m\u00b2 sont les serviettes parfaites pour tout polissage, polissage, \u00e9limination de cire et de mastic,\" \/>\n<meta property=\"og:url\" content=\"https:\/\/gliptoneeurope.com\/fr\/produit\/polissage-polissage-550gsm-edgeless-peluche-microfibre\/\" \/>\n<meta property=\"og:site_name\" content=\"Gliptone Europe\" \/>\n<meta property=\"article:publisher\" content=\"https:\/\/www.facebook.com\/gliptoneeurope\/\" \/>\n<meta property=\"og:image\" content=\"https:\/\/gliptoneeurope.com\/wp-content\/uploads\/Polishing-Buffing-Microfibre-Towel-550-GSM.jpg\" \/>\n\t<meta property=\"og:image:width\" content=\"1455\" \/>\n\t<meta property=\"og:image:height\" content=\"1454\" \/>\n\t<meta property=\"og:image:type\" content=\"image\/jpeg\" \/>\n<meta name=\"twitter:card\" content=\"summary_large_image\" \/>\n<script type=\"application\/ld+json\" class=\"yoast-schema-graph\">{\"@context\":\"https:\\\/\\\/schema.org\",\"@graph\":[{\"@type\":\"WebPage\",\"@id\":\"https:\\\/\\\/gliptoneeurope.com\\\/fr\\\/produit\\\/polissage-polissage-550gsm-edgeless-peluche-microfibre\\\/\",\"url\":\"https:\\\/\\\/gliptoneeurope.com\\\/fr\\\/produit\\\/polissage-polissage-550gsm-edgeless-peluche-microfibre\\\/\",\"name\":\"Serviette en microfibre pelucheuse sans bords 550 g\\\/m\u00b2 de polissage \\\/ polissage - Gliptone Europe\",\"isPartOf\":{\"@id\":\"https:\\\/\\\/gliptoneeurope.com\\\/#website\"},\"primaryImageOfPage\":{\"@id\":\"https:\\\/\\\/gliptoneeurope.com\\\/fr\\\/produit\\\/polissage-polissage-550gsm-edgeless-peluche-microfibre\\\/#primaryimage\"},\"image\":{\"@id\":\"https:\\\/\\\/gliptoneeurope.com\\\/fr\\\/produit\\\/polissage-polissage-550gsm-edgeless-peluche-microfibre\\\/#primaryimage\"},\"thumbnailUrl\":\"https:\\\/\\\/gliptoneeurope.com\\\/wp-content\\\/uploads\\\/Polishing-Buffing-Microfibre-Towel-550-GSM.jpg\",\"datePublished\":\"2021-11-30T11:42:05+00:00\",\"description\":\"Nos serviettes en microfibre pelucheuse sans bord de 550 g\\\/m\u00b2 sont parfaites pour le polissage, le polissage, l'\u00e9limination de la cire et du mastic, le s\u00e9chage de petites surfaces ainsi que de nombreuses autres applications.\",\"breadcrumb\":{\"@id\":\"https:\\\/\\\/gliptoneeurope.com\\\/fr\\\/produit\\\/polissage-polissage-550gsm-edgeless-peluche-microfibre\\\/#breadcrumb\"},\"inLanguage\":\"fr-FR\",\"potentialAction\":[{\"@type\":\"ReadAction\",\"target\":[\"https:\\\/\\\/gliptoneeurope.com\\\/fr\\\/produit\\\/polissage-polissage-550gsm-edgeless-peluche-microfibre\\\/\"]}]},{\"@type\":\"ImageObject\",\"inLanguage\":\"fr-FR\",\"@id\":\"https:\\\/\\\/gliptoneeurope.com\\\/fr\\\/produit\\\/polissage-polissage-550gsm-edgeless-peluche-microfibre\\\/#primaryimage\",\"url\":\"https:\\\/\\\/gliptoneeurope.com\\\/wp-content\\\/uploads\\\/Polishing-Buffing-Microfibre-Towel-550-GSM.jpg\",\"contentUrl\":\"https:\\\/\\\/gliptoneeurope.com\\\/wp-content\\\/uploads\\\/Polishing-Buffing-Microfibre-Towel-550-GSM.jpg\",\"width\":1455,\"height\":1454},{\"@type\":\"BreadcrumbList\",\"@id\":\"https:\\\/\\\/gliptoneeurope.com\\\/fr\\\/produit\\\/polissage-polissage-550gsm-edgeless-peluche-microfibre\\\/#breadcrumb\",\"itemListElement\":[{\"@type\":\"ListItem\",\"position\":1,\"name\":\"Home\",\"item\":\"https:\\\/\\\/gliptoneeurope.com\\\/\"},{\"@type\":\"ListItem\",\"position\":2,\"name\":\"Boutique\",\"item\":\"https:\\\/\\\/gliptoneeurope.com\\\/fr\\\/boutique\\\/\"},{\"@type\":\"ListItem\",\"position\":3,\"name\":\"Serviette en microfibre pelucheuse sans bords 550 g\\\/m\u00b2 de polissage \\\/ polissage\"}]},{\"@type\":\"WebSite\",\"@id\":\"https:\\\/\\\/gliptoneeurope.com\\\/#website\",\"url\":\"https:\\\/\\\/gliptoneeurope.com\\\/\",\"name\":\"Gliptone Europe\",\"description\":\"Professional Car Detailing Products\",\"publisher\":{\"@id\":\"https:\\\/\\\/gliptoneeurope.com\\\/#organization\"},\"potentialAction\":[{\"@type\":\"SearchAction\",\"target\":{\"@type\":\"EntryPoint\",\"urlTemplate\":\"https:\\\/\\\/gliptoneeurope.com\\\/?s={search_term_string}\"},\"query-input\":{\"@type\":\"PropertyValueSpecification\",\"valueRequired\":true,\"valueName\":\"search_term_string\"}}],\"inLanguage\":\"fr-FR\"},{\"@type\":\"Organization\",\"@id\":\"https:\\\/\\\/gliptoneeurope.com\\\/#organization\",\"name\":\"Gliptone Europe\",\"url\":\"https:\\\/\\\/gliptoneeurope.com\\\/\",\"logo\":{\"@type\":\"ImageObject\",\"inLanguage\":\"fr-FR\",\"@id\":\"https:\\\/\\\/gliptoneeurope.com\\\/#\\\/schema\\\/logo\\\/image\\\/\",\"url\":\"https:\\\/\\\/gliptoneeurope.com\\\/wp-content\\\/uploads\\\/Gliptone_Logo.png\",\"contentUrl\":\"https:\\\/\\\/gliptoneeurope.com\\\/wp-content\\\/uploads\\\/Gliptone_Logo.png\",\"width\":1472,\"height\":607,\"caption\":\"Gliptone Europe\"},\"image\":{\"@id\":\"https:\\\/\\\/gliptoneeurope.com\\\/#\\\/schema\\\/logo\\\/image\\\/\"},\"sameAs\":[\"https:\\\/\\\/www.facebook.com\\\/gliptoneeurope\\\/\",\"https:\\\/\\\/www.instagram.com\\\/gliptoneeurope\\\/\",\"https:\\\/\\\/www.pinterest.co.uk\\\/GliptoneEurope\\\/\"]}]}<\/script>\n<!-- \/ Yoast SEO Premium plugin. -->","yoast_head_json":{"title":"Serviette en microfibre pelucheuse sans bords 550 g\/m\u00b2 de polissage \/ polissage - Gliptone Europe","description":"Nos serviettes en microfibre pelucheuse sans bord de 550 g\/m\u00b2 sont parfaites pour le polissage, le polissage, l'\u00e9limination de la cire et du mastic, le s\u00e9chage de petites surfaces ainsi que de nombreuses autres applications.","robots":{"index":"index","follow":"follow","max-snippet":"max-snippet:-1","max-image-preview":"max-image-preview:large","max-video-preview":"max-video-preview:-1"},"canonical":"https:\/\/gliptoneeurope.com\/fr\/produit\/polissage-polissage-550gsm-edgeless-peluche-microfibre\/","og_locale":"fr_FR","og_type":"article","og_title":"Serviette en microfibre pelucheuse sans bords 550 g\/m\u00b2 de polissage \/ polissage","og_description":"Nos serviettes en microfibre pelucheuse sans bord 550 g\/m\u00b2 sont les serviettes parfaites pour tout polissage, polissage, \u00e9limination de cire et de mastic,","og_url":"https:\/\/gliptoneeurope.com\/fr\/produit\/polissage-polissage-550gsm-edgeless-peluche-microfibre\/","og_site_name":"Gliptone Europe","article_publisher":"https:\/\/www.facebook.com\/gliptoneeurope\/","og_image":[{"width":1455,"height":1454,"url":"https:\/\/gliptoneeurope.com\/wp-content\/uploads\/Polishing-Buffing-Microfibre-Towel-550-GSM.jpg","type":"image\/jpeg"}],"twitter_card":"summary_large_image","schema":{"@context":"https:\/\/schema.org","@graph":[{"@type":"WebPage","@id":"https:\/\/gliptoneeurope.com\/fr\/produit\/polissage-polissage-550gsm-edgeless-peluche-microfibre\/","url":"https:\/\/gliptoneeurope.com\/fr\/produit\/polissage-polissage-550gsm-edgeless-peluche-microfibre\/","name":"Serviette en microfibre pelucheuse sans bords 550 g\/m\u00b2 de polissage \/ polissage - Gliptone Europe","isPartOf":{"@id":"https:\/\/gliptoneeurope.com\/#website"},"primaryImageOfPage":{"@id":"https:\/\/gliptoneeurope.com\/fr\/produit\/polissage-polissage-550gsm-edgeless-peluche-microfibre\/#primaryimage"},"image":{"@id":"https:\/\/gliptoneeurope.com\/fr\/produit\/polissage-polissage-550gsm-edgeless-peluche-microfibre\/#primaryimage"},"thumbnailUrl":"https:\/\/gliptoneeurope.com\/wp-content\/uploads\/Polishing-Buffing-Microfibre-Towel-550-GSM.jpg","datePublished":"2021-11-30T11:42:05+00:00","description":"Nos serviettes en microfibre pelucheuse sans bord de 550 g\/m\u00b2 sont parfaites pour le polissage, le polissage, l'\u00e9limination de la cire et du mastic, le s\u00e9chage de petites surfaces ainsi que de nombreuses autres applications.","breadcrumb":{"@id":"https:\/\/gliptoneeurope.com\/fr\/produit\/polissage-polissage-550gsm-edgeless-peluche-microfibre\/#breadcrumb"},"inLanguage":"fr-FR","potentialAction":[{"@type":"ReadAction","target":["https:\/\/gliptoneeurope.com\/fr\/produit\/polissage-polissage-550gsm-edgeless-peluche-microfibre\/"]}]},{"@type":"ImageObject","inLanguage":"fr-FR","@id":"https:\/\/gliptoneeurope.com\/fr\/produit\/polissage-polissage-550gsm-edgeless-peluche-microfibre\/#primaryimage","url":"https:\/\/gliptoneeurope.com\/wp-content\/uploads\/Polishing-Buffing-Microfibre-Towel-550-GSM.jpg","contentUrl":"https:\/\/gliptoneeurope.com\/wp-content\/uploads\/Polishing-Buffing-Microfibre-Towel-550-GSM.jpg","width":1455,"height":1454},{"@type":"BreadcrumbList","@id":"https:\/\/gliptoneeurope.com\/fr\/produit\/polissage-polissage-550gsm-edgeless-peluche-microfibre\/#breadcrumb","itemListElement":[{"@type":"ListItem","position":1,"name":"Home","item":"https:\/\/gliptoneeurope.com\/"},{"@type":"ListItem","position":2,"name":"Boutique","item":"https:\/\/gliptoneeurope.com\/fr\/boutique\/"},{"@type":"ListItem","position":3,"name":"Serviette en microfibre pelucheuse sans bords 550 g\/m\u00b2 de polissage \/ polissage"}]},{"@type":"WebSite","@id":"https:\/\/gliptoneeurope.com\/#website","url":"https:\/\/gliptoneeurope.com\/","name":"Gliptone Europe","description":"Professional Car Detailing Products","publisher":{"@id":"https:\/\/gliptoneeurope.com\/#organization"},"potentialAction":[{"@type":"SearchAction","target":{"@type":"EntryPoint","urlTemplate":"https:\/\/gliptoneeurope.com\/?s={search_term_string}"},"query-input":{"@type":"PropertyValueSpecification","valueRequired":true,"valueName":"search_term_string"}}],"inLanguage":"fr-FR"},{"@type":"Organization","@id":"https:\/\/gliptoneeurope.com\/#organization","name":"Gliptone Europe","url":"https:\/\/gliptoneeurope.com\/","logo":{"@type":"ImageObject","inLanguage":"fr-FR","@id":"https:\/\/gliptoneeurope.com\/#\/schema\/logo\/image\/","url":"https:\/\/gliptoneeurope.com\/wp-content\/uploads\/Gliptone_Logo.png","contentUrl":"https:\/\/gliptoneeurope.com\/wp-content\/uploads\/Gliptone_Logo.png","width":1472,"height":607,"caption":"Gliptone Europe"},"image":{"@id":"https:\/\/gliptoneeurope.com\/#\/schema\/logo\/image\/"},"sameAs":["https:\/\/www.facebook.com\/gliptoneeurope\/","https:\/\/www.instagram.com\/gliptoneeurope\/","https:\/\/www.pinterest.co.uk\/GliptoneEurope\/"]}]}},"wcpa_form_fields":null,"_links":{"self":[{"href":"https:\/\/gliptoneeurope.com\/fr\/wp-json\/wp\/v2\/product\/11836","targetHints":{"allow":["GET"]}}],"collection":[{"href":"https:\/\/gliptoneeurope.com\/fr\/wp-json\/wp\/v2\/product"}],"about":[{"href":"https:\/\/gliptoneeurope.com\/fr\/wp-json\/wp\/v2\/types\/product"}],"wp:featuredmedia":[{"embeddable":true,"href":"https:\/\/gliptoneeurope.com\/fr\/wp-json\/wp\/v2\/media\/10704"}],"wp:attachment":[{"href":"https:\/\/gliptoneeurope.com\/fr\/wp-json\/wp\/v2\/media?parent=11836"}],"wp:term":[{"taxonomy":"product_brand","embeddable":true,"href":"https:\/\/gliptoneeurope.com\/fr\/wp-json\/wp\/v2\/product_brand?post=11836"},{"taxonomy":"product_cat","embeddable":true,"href":"https:\/\/gliptoneeurope.com\/fr\/wp-json\/wp\/v2\/product_cat?post=11836"},{"taxonomy":"product_tag","embeddable":true,"href":"https:\/\/gliptoneeurope.com\/fr\/wp-json\/wp\/v2\/product_tag?post=11836"}],"curies":[{"name":"wp","href":"https:\/\/api.w.org\/{rel}","templated":true}]}}