{"id":11831,"date":"2021-02-01T14:12:15","date_gmt":"2021-11-30T11:39:15","guid":{"rendered":"https:\/\/gliptoneeurope.com\/product\/paquet-de-canon-a-mousse-de-neige\/"},"modified":"2022-08-09T00:30:15","modified_gmt":"2022-08-09T00:30:15","slug":"forfait-canon-gliptone-neige-mousse","status":"publish","type":"product","link":"https:\/\/gliptoneeurope.com\/fr\/produit\/forfait-canon-gliptone-neige-mousse\/","title":{"rendered":"Paquet de canon \u00e0 mousse de neige"},"content":{"rendered":"<p>Le canon \u00e0 <a href=\"https:\/\/gliptoneeurope.com\/product\/foam-cannon\/\">mousse \u00e0 neige<\/a> de Gliptone est fabriqu\u00e9 \u00e0 partir de plastique ABS de haute qualit\u00e9 et d&#8217;int\u00e9rieurs enti\u00e8rement en laiton.<\/p>\n<p>Le canon \u00e0 mousse, lorsqu&#8217;il est combin\u00e9 avec un savon mousse \u00e0 neige comme <a href=\"https:\/\/gliptoneeurope.com\/product\/foam-blizzard-foam-cannon-soap\/\">Foam Blizzard<\/a> ou un d\u00e9tergent de pr\u00e9lavage comme <a href=\"https:\/\/gliptoneeurope.com\/product\/vanish-950ml-32oz\/\">Vanish<\/a> , cr\u00e9era une mousse riche, somptueuse et \u00e9paisse qui adh\u00e8re \u00e0 la surface plus longtemps, ce qui signifie un temps de s\u00e9jour beaucoup plus facile \u00e0 nettoyer la carrosserie du auto.<\/p>\n<p>Le canon \u00e0 mousse est livr\u00e9 avec un raccord \u00ab&nbsp;quick release&nbsp;\u00bb mais est interchangeable avec n&#8217;importe quel raccord 1\/4 BSP.<\/p>\n<p>Vanish est notre d\u00e9tergent concentr\u00e9 hautement alcalin \u00e0 utiliser lors de tout pr\u00e9-trempage, en tant que pi\u00e8ce extr\u00eamement efficace dans tous les types de syst\u00e8mes de lavage de voiture. Vanish dissout une grande vari\u00e9t\u00e9 de sols, de min\u00e9raux et de carbones au contact et avec une agitation minimale ou nulle.<\/p>\n<p>Ce paquet de mousse de neige contient;<\/p>\n<p>1 x canon \u00e0 mousse \u00e0 neige<\/p>\n<p>1 bouteille de 1 litre de Vanish &#8211; Pr\u00e9lavage en mousse de neige \u00e0 pH \u00e9lev\u00e9 (alcalin)<\/p>\n<p>1 bouteille de 16 oz de Foam Blizzard &#8211; Savon \u00e0 canon en mousse<\/p>\n<p>1 bouteille de 16 oz de Blizzard Shield &#8211; Foam Cannon Protectant<\/p>\n<hr>\n<blockquote class=\"instagram-media\" style=\"background: #FFF; border: 0; border-radius: 3px; box-shadow: 0 0 1px 0 rgba(0,0,0,0.5),0 1px 10px 0 rgba(0,0,0,0.15); margin: 1px; max-width: 540px; min-width: 326px; padding: 0; width: calc(100% - 2px);\" data-instgrm-captioned=\"\" data-instgrm-permalink=\"https:\/\/www.instagram.com\/p\/CKhenwTnaac\/?utm_source=ig_embed&amp;utm_campaign=loading\" data-instgrm-version=\"13\">\n<div style=\"padding: 16px;\">\n<p>&nbsp;<\/p>\n<div style=\"display: flex; flex-direction: row; align-items: center;\">\n<div style=\"background-color: #f4f4f4; border-radius: 50%; flex-grow: 0; height: 40px; margin-right: 14px; width: 40px;\"><\/div>\n<div style=\"display: flex; flex-direction: column; flex-grow: 1; justify-content: center;\">\n<div style=\"background-color: #f4f4f4; border-radius: 4px; flex-grow: 0; height: 14px; margin-bottom: 6px; width: 100px;\"><\/div>\n<div style=\"background-color: #f4f4f4; border-radius: 4px; flex-grow: 0; height: 14px; width: 60px;\"><\/div>\n<\/div>\n<\/div>\n<div style=\"padding: 19% 0;\"><\/div>\n<div style=\"display: block; height: 50px; margin: 0 auto 12px; width: 50px;\"><\/div>\n<div style=\"padding-top: 8px;\">\n<div style=\"color: #3897f0; font-family: Arial,sans-serif; font-size: 14px; font-style: normal; font-weight: 550; line-height: 18px;\">Voir ce post sur Instagram<\/div>\n<\/div>\n<div style=\"padding: 12.5% 0;\"><\/div>\n<div style=\"display: flex; flex-direction: row; margin-bottom: 14px; align-items: center;\">\n<div>\n<div style=\"background-color: #f4f4f4; border-radius: 50%; height: 12.5px; width: 12.5px; transform: translateX(0px) translateY(7px);\"><\/div>\n<div style=\"background-color: #f4f4f4; height: 12.5px; transform: rotate(-45deg) translateX(3px) translateY(1px); width: 12.5px; flex-grow: 0; margin-right: 14px; margin-left: 2px;\"><\/div>\n<div style=\"background-color: #f4f4f4; border-radius: 50%; height: 12.5px; width: 12.5px; transform: translateX(9px) translateY(-18px);\"><\/div>\n<\/div>\n<div style=\"margin-left: 8px;\">\n<div style=\"background-color: #f4f4f4; border-radius: 50%; flex-grow: 0; height: 20px; width: 20px;\"><\/div>\n<div style=\"width: 0; height: 0; border-top: 2px solid transparent; border-left: 6px solid #f4f4f4; border-bottom: 2px solid transparent; transform: translateX(16px) translateY(-4px) rotate(30deg);\"><\/div>\n<\/div>\n<div style=\"margin-left: auto;\">\n<div style=\"width: 0px; border-top: 8px solid #F4F4F4; border-right: 8px solid transparent; transform: translateY(16px);\"><\/div>\n<div style=\"background-color: #f4f4f4; flex-grow: 0; height: 12px; width: 16px; transform: translateY(-4px);\"><\/div>\n<div style=\"width: 0; height: 0; border-top: 8px solid #F4F4F4; border-left: 8px solid transparent; transform: translateY(-4px) translateX(8px);\"><\/div>\n<\/div>\n<\/div>\n<div style=\"display: flex; flex-direction: column; flex-grow: 1; justify-content: center; margin-bottom: 24px;\">\n<div style=\"background-color: #f4f4f4; border-radius: 4px; flex-grow: 0; height: 14px; margin-bottom: 6px; width: 224px;\"><\/div>\n<div style=\"background-color: #f4f4f4; border-radius: 4px; flex-grow: 0; height: 14px; width: 144px;\"><\/div>\n<\/div>\n<p>&nbsp;<\/p>\n<p style=\"color: #c9c8cd; font-family: Arial,sans-serif; font-size: 14px; line-height: 17px; margin-bottom: 0; margin-top: 8px; overflow: hidden; padding: 8px 0 7px; text-align: center; text-overflow: ellipsis; white-space: nowrap;\"><a style=\"color: #c9c8cd; font-family: Arial,sans-serif; font-size: 14px; font-style: normal; font-weight: normal; line-height: 17px; text-decoration: none;\" href=\"https:\/\/www.instagram.com\/p\/CKhenwTnaac\/?utm_source=ig_embed&amp;utm_campaign=loading\" target=\"_blank\" rel=\"noopener\">Un post partag\u00e9 par Gliptone Europe (@gliptoneeurope)<\/a><\/p>\n<\/div>\n<\/blockquote>\n<p><script async=\"\" src=\"\/\/www.instagram.com\/embed.js\"><\/script><\/p>\n","protected":false},"excerpt":{"rendered":"<p>Le canon \u00e0 mousse \u00e0 neige de Gliptone est fabriqu\u00e9 \u00e0 partir de plastique ABS de haute qualit\u00e9 et d&#8217;int\u00e9rieurs enti\u00e8rement en laiton. Le canon \u00e0 mousse, lorsqu&#8217;il est combin\u00e9 avec un savon mousse \u00e0 neige comme Foam Blizzard ou un d\u00e9tergent de pr\u00e9lavage comme Vanish , cr\u00e9era une mousse riche, somptueuse et \u00e9paisse qui [&hellip;]<\/p>\n","protected":false},"featured_media":10646,"template":"","meta":[],"product_brand":[],"product_cat":[118,116,148,109,97],"product_tag":[],"class_list":{"0":"post-11831","1":"product","2":"type-product","3":"status-publish","4":"has-post-thumbnail","6":"product_cat-accessoires-fr","7":"product_cat-preparation-nettoyage","8":"product_cat-preparation-de-la-peinture","9":"product_cat-produits-professionnels","10":"product_cat-trousses","12":"first","13":"instock","14":"featured","15":"taxable","16":"shipping-taxable","17":"purchasable","18":"product-type-simple"},"yoast_head":"<!-- This site is optimized with the Yoast SEO Premium plugin v21.4 (Yoast SEO v27.4) - https:\/\/yoast.com\/product\/yoast-seo-premium-wordpress\/ -->\n<title>Paquet de canon \u00e0 mousse de neige - Gliptone Europe<\/title>\n<meta name=\"description\" content=\"Le canon \u00e0 mousse, lorsqu&#039;il est combin\u00e9 avec un savon mousse \u00e0 neige comme Foam Blizzard ou un d\u00e9tergent de pr\u00e9lavage comme Vanish, cr\u00e9era une mousse riche, somptueuse et \u00e9paisse qui adh\u00e8re \u00e0 la surface\" \/>\n<meta name=\"robots\" content=\"index, follow, max-snippet:-1, max-image-preview:large, max-video-preview:-1\" \/>\n<link rel=\"canonical\" href=\"https:\/\/gliptoneeurope.com\/fr\/produit\/forfait-canon-gliptone-neige-mousse\/\" \/>\n<meta property=\"og:locale\" content=\"fr_FR\" \/>\n<meta property=\"og:type\" content=\"article\" \/>\n<meta property=\"og:title\" content=\"Paquet de canon \u00e0 mousse de neige\" \/>\n<meta property=\"og:description\" content=\"Le canon \u00e0 mousse \u00e0 neige de Gliptone est fabriqu\u00e9 \u00e0 partir de plastique ABS de haute qualit\u00e9 et d&#039;int\u00e9rieurs enti\u00e8rement en laiton. Le canon \u00e0 mousse,\" \/>\n<meta property=\"og:url\" content=\"https:\/\/gliptoneeurope.com\/fr\/produit\/forfait-canon-gliptone-neige-mousse\/\" \/>\n<meta property=\"og:site_name\" content=\"Gliptone Europe\" \/>\n<meta property=\"article:publisher\" content=\"https:\/\/www.facebook.com\/gliptoneeurope\/\" \/>\n<meta property=\"article:modified_time\" content=\"2022-08-09T00:30:15+00:00\" \/>\n<meta property=\"og:image\" content=\"https:\/\/gliptoneeurope.com\/wp-content\/uploads\/Foam-Cannon-Package.jpg\" \/>\n\t<meta property=\"og:image:width\" content=\"1488\" \/>\n\t<meta property=\"og:image:height\" content=\"1488\" \/>\n\t<meta property=\"og:image:type\" content=\"image\/jpeg\" \/>\n<meta name=\"twitter:card\" content=\"summary_large_image\" \/>\n<meta name=\"twitter:label1\" content=\"Dur\u00e9e de lecture estim\u00e9e\" \/>\n\t<meta name=\"twitter:data1\" content=\"1 minute\" \/>\n<script type=\"application\/ld+json\" class=\"yoast-schema-graph\">{\"@context\":\"https:\\\/\\\/schema.org\",\"@graph\":[{\"@type\":\"WebPage\",\"@id\":\"https:\\\/\\\/gliptoneeurope.com\\\/fr\\\/produit\\\/forfait-canon-gliptone-neige-mousse\\\/\",\"url\":\"https:\\\/\\\/gliptoneeurope.com\\\/fr\\\/produit\\\/forfait-canon-gliptone-neige-mousse\\\/\",\"name\":\"Paquet de canon \u00e0 mousse de neige - Gliptone Europe\",\"isPartOf\":{\"@id\":\"https:\\\/\\\/gliptoneeurope.com\\\/#website\"},\"primaryImageOfPage\":{\"@id\":\"https:\\\/\\\/gliptoneeurope.com\\\/fr\\\/produit\\\/forfait-canon-gliptone-neige-mousse\\\/#primaryimage\"},\"image\":{\"@id\":\"https:\\\/\\\/gliptoneeurope.com\\\/fr\\\/produit\\\/forfait-canon-gliptone-neige-mousse\\\/#primaryimage\"},\"thumbnailUrl\":\"https:\\\/\\\/gliptoneeurope.com\\\/wp-content\\\/uploads\\\/Foam-Cannon-Package.jpg\",\"datePublished\":\"2021-11-30T11:39:15+00:00\",\"dateModified\":\"2022-08-09T00:30:15+00:00\",\"description\":\"Le canon \u00e0 mousse, lorsqu'il est combin\u00e9 avec un savon mousse \u00e0 neige comme Foam Blizzard ou un d\u00e9tergent de pr\u00e9lavage comme Vanish, cr\u00e9era une mousse riche, somptueuse et \u00e9paisse qui adh\u00e8re \u00e0 la surface\",\"breadcrumb\":{\"@id\":\"https:\\\/\\\/gliptoneeurope.com\\\/fr\\\/produit\\\/forfait-canon-gliptone-neige-mousse\\\/#breadcrumb\"},\"inLanguage\":\"fr-FR\",\"potentialAction\":[{\"@type\":\"ReadAction\",\"target\":[\"https:\\\/\\\/gliptoneeurope.com\\\/fr\\\/produit\\\/forfait-canon-gliptone-neige-mousse\\\/\"]}]},{\"@type\":\"ImageObject\",\"inLanguage\":\"fr-FR\",\"@id\":\"https:\\\/\\\/gliptoneeurope.com\\\/fr\\\/produit\\\/forfait-canon-gliptone-neige-mousse\\\/#primaryimage\",\"url\":\"https:\\\/\\\/gliptoneeurope.com\\\/wp-content\\\/uploads\\\/Foam-Cannon-Package.jpg\",\"contentUrl\":\"https:\\\/\\\/gliptoneeurope.com\\\/wp-content\\\/uploads\\\/Foam-Cannon-Package.jpg\",\"width\":1488,\"height\":1488},{\"@type\":\"BreadcrumbList\",\"@id\":\"https:\\\/\\\/gliptoneeurope.com\\\/fr\\\/produit\\\/forfait-canon-gliptone-neige-mousse\\\/#breadcrumb\",\"itemListElement\":[{\"@type\":\"ListItem\",\"position\":1,\"name\":\"Home\",\"item\":\"https:\\\/\\\/gliptoneeurope.com\\\/\"},{\"@type\":\"ListItem\",\"position\":2,\"name\":\"Boutique\",\"item\":\"https:\\\/\\\/gliptoneeurope.com\\\/fr\\\/boutique\\\/\"},{\"@type\":\"ListItem\",\"position\":3,\"name\":\"Paquet de canon \u00e0 mousse de neige\"}]},{\"@type\":\"WebSite\",\"@id\":\"https:\\\/\\\/gliptoneeurope.com\\\/#website\",\"url\":\"https:\\\/\\\/gliptoneeurope.com\\\/\",\"name\":\"Gliptone Europe\",\"description\":\"Professional Car Detailing Products\",\"publisher\":{\"@id\":\"https:\\\/\\\/gliptoneeurope.com\\\/#organization\"},\"potentialAction\":[{\"@type\":\"SearchAction\",\"target\":{\"@type\":\"EntryPoint\",\"urlTemplate\":\"https:\\\/\\\/gliptoneeurope.com\\\/?s={search_term_string}\"},\"query-input\":{\"@type\":\"PropertyValueSpecification\",\"valueRequired\":true,\"valueName\":\"search_term_string\"}}],\"inLanguage\":\"fr-FR\"},{\"@type\":\"Organization\",\"@id\":\"https:\\\/\\\/gliptoneeurope.com\\\/#organization\",\"name\":\"Gliptone Europe\",\"url\":\"https:\\\/\\\/gliptoneeurope.com\\\/\",\"logo\":{\"@type\":\"ImageObject\",\"inLanguage\":\"fr-FR\",\"@id\":\"https:\\\/\\\/gliptoneeurope.com\\\/#\\\/schema\\\/logo\\\/image\\\/\",\"url\":\"https:\\\/\\\/gliptoneeurope.com\\\/wp-content\\\/uploads\\\/Gliptone_Logo.png\",\"contentUrl\":\"https:\\\/\\\/gliptoneeurope.com\\\/wp-content\\\/uploads\\\/Gliptone_Logo.png\",\"width\":1472,\"height\":607,\"caption\":\"Gliptone Europe\"},\"image\":{\"@id\":\"https:\\\/\\\/gliptoneeurope.com\\\/#\\\/schema\\\/logo\\\/image\\\/\"},\"sameAs\":[\"https:\\\/\\\/www.facebook.com\\\/gliptoneeurope\\\/\",\"https:\\\/\\\/www.instagram.com\\\/gliptoneeurope\\\/\",\"https:\\\/\\\/www.pinterest.co.uk\\\/GliptoneEurope\\\/\"]}]}<\/script>\n<!-- \/ Yoast SEO Premium plugin. -->","yoast_head_json":{"title":"Paquet de canon \u00e0 mousse de neige - Gliptone Europe","description":"Le canon \u00e0 mousse, lorsqu'il est combin\u00e9 avec un savon mousse \u00e0 neige comme Foam Blizzard ou un d\u00e9tergent de pr\u00e9lavage comme Vanish, cr\u00e9era une mousse riche, somptueuse et \u00e9paisse qui adh\u00e8re \u00e0 la surface","robots":{"index":"index","follow":"follow","max-snippet":"max-snippet:-1","max-image-preview":"max-image-preview:large","max-video-preview":"max-video-preview:-1"},"canonical":"https:\/\/gliptoneeurope.com\/fr\/produit\/forfait-canon-gliptone-neige-mousse\/","og_locale":"fr_FR","og_type":"article","og_title":"Paquet de canon \u00e0 mousse de neige","og_description":"Le canon \u00e0 mousse \u00e0 neige de Gliptone est fabriqu\u00e9 \u00e0 partir de plastique ABS de haute qualit\u00e9 et d'int\u00e9rieurs enti\u00e8rement en laiton. Le canon \u00e0 mousse,","og_url":"https:\/\/gliptoneeurope.com\/fr\/produit\/forfait-canon-gliptone-neige-mousse\/","og_site_name":"Gliptone Europe","article_publisher":"https:\/\/www.facebook.com\/gliptoneeurope\/","article_modified_time":"2022-08-09T00:30:15+00:00","og_image":[{"width":1488,"height":1488,"url":"https:\/\/gliptoneeurope.com\/wp-content\/uploads\/Foam-Cannon-Package.jpg","type":"image\/jpeg"}],"twitter_card":"summary_large_image","twitter_misc":{"Dur\u00e9e de lecture estim\u00e9e":"1 minute"},"schema":{"@context":"https:\/\/schema.org","@graph":[{"@type":"WebPage","@id":"https:\/\/gliptoneeurope.com\/fr\/produit\/forfait-canon-gliptone-neige-mousse\/","url":"https:\/\/gliptoneeurope.com\/fr\/produit\/forfait-canon-gliptone-neige-mousse\/","name":"Paquet de canon \u00e0 mousse de neige - Gliptone Europe","isPartOf":{"@id":"https:\/\/gliptoneeurope.com\/#website"},"primaryImageOfPage":{"@id":"https:\/\/gliptoneeurope.com\/fr\/produit\/forfait-canon-gliptone-neige-mousse\/#primaryimage"},"image":{"@id":"https:\/\/gliptoneeurope.com\/fr\/produit\/forfait-canon-gliptone-neige-mousse\/#primaryimage"},"thumbnailUrl":"https:\/\/gliptoneeurope.com\/wp-content\/uploads\/Foam-Cannon-Package.jpg","datePublished":"2021-11-30T11:39:15+00:00","dateModified":"2022-08-09T00:30:15+00:00","description":"Le canon \u00e0 mousse, lorsqu'il est combin\u00e9 avec un savon mousse \u00e0 neige comme Foam Blizzard ou un d\u00e9tergent de pr\u00e9lavage comme Vanish, cr\u00e9era une mousse riche, somptueuse et \u00e9paisse qui adh\u00e8re \u00e0 la surface","breadcrumb":{"@id":"https:\/\/gliptoneeurope.com\/fr\/produit\/forfait-canon-gliptone-neige-mousse\/#breadcrumb"},"inLanguage":"fr-FR","potentialAction":[{"@type":"ReadAction","target":["https:\/\/gliptoneeurope.com\/fr\/produit\/forfait-canon-gliptone-neige-mousse\/"]}]},{"@type":"ImageObject","inLanguage":"fr-FR","@id":"https:\/\/gliptoneeurope.com\/fr\/produit\/forfait-canon-gliptone-neige-mousse\/#primaryimage","url":"https:\/\/gliptoneeurope.com\/wp-content\/uploads\/Foam-Cannon-Package.jpg","contentUrl":"https:\/\/gliptoneeurope.com\/wp-content\/uploads\/Foam-Cannon-Package.jpg","width":1488,"height":1488},{"@type":"BreadcrumbList","@id":"https:\/\/gliptoneeurope.com\/fr\/produit\/forfait-canon-gliptone-neige-mousse\/#breadcrumb","itemListElement":[{"@type":"ListItem","position":1,"name":"Home","item":"https:\/\/gliptoneeurope.com\/"},{"@type":"ListItem","position":2,"name":"Boutique","item":"https:\/\/gliptoneeurope.com\/fr\/boutique\/"},{"@type":"ListItem","position":3,"name":"Paquet de canon \u00e0 mousse de neige"}]},{"@type":"WebSite","@id":"https:\/\/gliptoneeurope.com\/#website","url":"https:\/\/gliptoneeurope.com\/","name":"Gliptone Europe","description":"Professional Car Detailing Products","publisher":{"@id":"https:\/\/gliptoneeurope.com\/#organization"},"potentialAction":[{"@type":"SearchAction","target":{"@type":"EntryPoint","urlTemplate":"https:\/\/gliptoneeurope.com\/?s={search_term_string}"},"query-input":{"@type":"PropertyValueSpecification","valueRequired":true,"valueName":"search_term_string"}}],"inLanguage":"fr-FR"},{"@type":"Organization","@id":"https:\/\/gliptoneeurope.com\/#organization","name":"Gliptone Europe","url":"https:\/\/gliptoneeurope.com\/","logo":{"@type":"ImageObject","inLanguage":"fr-FR","@id":"https:\/\/gliptoneeurope.com\/#\/schema\/logo\/image\/","url":"https:\/\/gliptoneeurope.com\/wp-content\/uploads\/Gliptone_Logo.png","contentUrl":"https:\/\/gliptoneeurope.com\/wp-content\/uploads\/Gliptone_Logo.png","width":1472,"height":607,"caption":"Gliptone Europe"},"image":{"@id":"https:\/\/gliptoneeurope.com\/#\/schema\/logo\/image\/"},"sameAs":["https:\/\/www.facebook.com\/gliptoneeurope\/","https:\/\/www.instagram.com\/gliptoneeurope\/","https:\/\/www.pinterest.co.uk\/GliptoneEurope\/"]}]}},"wcpa_form_fields":null,"_links":{"self":[{"href":"https:\/\/gliptoneeurope.com\/fr\/wp-json\/wp\/v2\/product\/11831","targetHints":{"allow":["GET"]}}],"collection":[{"href":"https:\/\/gliptoneeurope.com\/fr\/wp-json\/wp\/v2\/product"}],"about":[{"href":"https:\/\/gliptoneeurope.com\/fr\/wp-json\/wp\/v2\/types\/product"}],"wp:featuredmedia":[{"embeddable":true,"href":"https:\/\/gliptoneeurope.com\/fr\/wp-json\/wp\/v2\/media\/10646"}],"wp:attachment":[{"href":"https:\/\/gliptoneeurope.com\/fr\/wp-json\/wp\/v2\/media?parent=11831"}],"wp:term":[{"taxonomy":"product_brand","embeddable":true,"href":"https:\/\/gliptoneeurope.com\/fr\/wp-json\/wp\/v2\/product_brand?post=11831"},{"taxonomy":"product_cat","embeddable":true,"href":"https:\/\/gliptoneeurope.com\/fr\/wp-json\/wp\/v2\/product_cat?post=11831"},{"taxonomy":"product_tag","embeddable":true,"href":"https:\/\/gliptoneeurope.com\/fr\/wp-json\/wp\/v2\/product_tag?post=11831"}],"curies":[{"name":"wp","href":"https:\/\/api.w.org\/{rel}","templated":true}]}}