{"id":11769,"date":"2021-01-06T14:32:47","date_gmt":"2021-11-30T11:38:54","guid":{"rendered":"https:\/\/gliptoneeurope.com\/product\/serviettes-de-sechage-et-de-polissage-double-face-en-microfibre-ultra-premium-softouch\/"},"modified":"2021-11-30T11:38:54","modified_gmt":"2021-11-30T11:38:54","slug":"softouch-ultra-premium-double-face-sechage-polissage","status":"publish","type":"product","link":"https:\/\/gliptoneeurope.com\/fr\/produit\/softouch-ultra-premium-double-face-sechage-polissage\/","title":{"rendered":"Serviettes de s\u00e9chage et de polissage double face en microfibre \u00ab Ultra Premium \u00bb Softouch\u00ae"},"content":{"rendered":"<p>Les serviettes en microfibre Ultra Premium Softouch\u00ae de Gliptone offrent un chiffon plus doux, plus absorbant, plus durable et plus durable.<\/p>\n<p>Outre la question de la composition premium (un m\u00e9lange de qualit\u00e9 d&#8217;ingr\u00e9dients qui composent une microfibre SOFTOUCH\u00ae), les serviettes SOFTOUCH\u00ae \u00ab ULTRA PREMIUM \u00bb de Gliptone sont produites \u00e0 un \u00ab poids en grammes \u00bb plus \u00e9lev\u00e9.<\/p>\n<p>Cette classe de serviettes SOFTOUCH\u00ae p\u00e8se entre 360 et 480 GSM (grammes par m\u00e8tre carr\u00e9).<\/p>\n<p>Ces serviettes sont double face avec un c\u00f4t\u00e9 peluche et microfibre.<\/p>\n","protected":false},"excerpt":{"rendered":"<p>Les serviettes en microfibre Ultra Premium Softouch\u00ae de Gliptone offrent un chiffon plus doux, plus absorbant, plus durable et plus durable. Outre la question de la composition premium (un m\u00e9lange de qualit\u00e9 d&#8217;ingr\u00e9dients qui composent une microfibre SOFTOUCH\u00ae), les serviettes SOFTOUCH\u00ae \u00ab ULTRA PREMIUM \u00bb de Gliptone sont produites \u00e0 un \u00ab poids en grammes [&hellip;]<\/p>\n","protected":false},"featured_media":10730,"template":"","meta":[],"product_brand":[],"product_cat":[118],"product_tag":[],"class_list":{"0":"post-11769","1":"product","2":"type-product","3":"status-publish","4":"has-post-thumbnail","6":"product_cat-accessoires-fr","7":"pa_colour-bleu","8":"pa_colour-gris","10":"first","11":"instock","12":"taxable","13":"shipping-taxable","14":"purchasable","15":"product-type-variable"},"yoast_head":"<!-- This site is optimized with the Yoast SEO Premium plugin v21.4 (Yoast SEO v27.4) - https:\/\/yoast.com\/product\/yoast-seo-premium-wordpress\/ -->\n<title>Serviettes de s\u00e9chage et de polissage double face en microfibre \u00ab Ultra Premium \u00bb Softouch\u00ae - Gliptone Europe<\/title>\n<meta name=\"description\" content=\"Les serviettes en microfibre Ultra Premium Softouch\u00ae de Gliptone offrent un chiffon plus doux, plus absorbant, plus durable et plus durable.\" \/>\n<meta name=\"robots\" content=\"index, follow, max-snippet:-1, max-image-preview:large, max-video-preview:-1\" \/>\n<link rel=\"canonical\" href=\"https:\/\/gliptoneeurope.com\/fr\/produit\/softouch-ultra-premium-double-face-sechage-polissage\/\" \/>\n<meta property=\"og:locale\" content=\"fr_FR\" \/>\n<meta property=\"og:type\" content=\"article\" \/>\n<meta property=\"og:title\" content=\"Serviettes de s\u00e9chage et de polissage double face en microfibre \u00ab Ultra Premium \u00bb Softouch\u00ae\" \/>\n<meta property=\"og:description\" content=\"Les serviettes en microfibre Ultra Premium Softouch\u00ae de Gliptone offrent un chiffon plus doux, plus absorbant, plus durable et plus durable. Outre la\" \/>\n<meta property=\"og:url\" content=\"https:\/\/gliptoneeurope.com\/fr\/produit\/softouch-ultra-premium-double-face-sechage-polissage\/\" \/>\n<meta property=\"og:site_name\" content=\"Gliptone Europe\" \/>\n<meta property=\"article:publisher\" content=\"https:\/\/www.facebook.com\/gliptoneeurope\/\" \/>\n<meta property=\"og:image\" content=\"https:\/\/gliptoneeurope.com\/wp-content\/uploads\/SOFTOUCH\u00ae-ULTRA-PREMIUM-MICROFIBER-DUAL-SIDED-DRYING-POLISHING-2.jpg\" \/>\n\t<meta property=\"og:image:width\" content=\"1881\" \/>\n\t<meta property=\"og:image:height\" content=\"1881\" \/>\n\t<meta property=\"og:image:type\" content=\"image\/jpeg\" \/>\n<meta name=\"twitter:card\" content=\"summary_large_image\" \/>\n<script type=\"application\/ld+json\" class=\"yoast-schema-graph\">{\"@context\":\"https:\\\/\\\/schema.org\",\"@graph\":[{\"@type\":\"WebPage\",\"@id\":\"https:\\\/\\\/gliptoneeurope.com\\\/fr\\\/produit\\\/softouch-ultra-premium-double-face-sechage-polissage\\\/\",\"url\":\"https:\\\/\\\/gliptoneeurope.com\\\/fr\\\/produit\\\/softouch-ultra-premium-double-face-sechage-polissage\\\/\",\"name\":\"Serviettes de s\u00e9chage et de polissage double face en microfibre \u00ab Ultra Premium \u00bb Softouch\u00ae - Gliptone Europe\",\"isPartOf\":{\"@id\":\"https:\\\/\\\/gliptoneeurope.com\\\/#website\"},\"primaryImageOfPage\":{\"@id\":\"https:\\\/\\\/gliptoneeurope.com\\\/fr\\\/produit\\\/softouch-ultra-premium-double-face-sechage-polissage\\\/#primaryimage\"},\"image\":{\"@id\":\"https:\\\/\\\/gliptoneeurope.com\\\/fr\\\/produit\\\/softouch-ultra-premium-double-face-sechage-polissage\\\/#primaryimage\"},\"thumbnailUrl\":\"https:\\\/\\\/gliptoneeurope.com\\\/wp-content\\\/uploads\\\/SOFTOUCH\u00ae-ULTRA-PREMIUM-MICROFIBER-DUAL-SIDED-DRYING-POLISHING-2.jpg\",\"datePublished\":\"2021-11-30T11:38:54+00:00\",\"description\":\"Les serviettes en microfibre Ultra Premium Softouch\u00ae de Gliptone offrent un chiffon plus doux, plus absorbant, plus durable et plus durable.\",\"breadcrumb\":{\"@id\":\"https:\\\/\\\/gliptoneeurope.com\\\/fr\\\/produit\\\/softouch-ultra-premium-double-face-sechage-polissage\\\/#breadcrumb\"},\"inLanguage\":\"fr-FR\",\"potentialAction\":[{\"@type\":\"ReadAction\",\"target\":[\"https:\\\/\\\/gliptoneeurope.com\\\/fr\\\/produit\\\/softouch-ultra-premium-double-face-sechage-polissage\\\/\"]}]},{\"@type\":\"ImageObject\",\"inLanguage\":\"fr-FR\",\"@id\":\"https:\\\/\\\/gliptoneeurope.com\\\/fr\\\/produit\\\/softouch-ultra-premium-double-face-sechage-polissage\\\/#primaryimage\",\"url\":\"https:\\\/\\\/gliptoneeurope.com\\\/wp-content\\\/uploads\\\/SOFTOUCH\u00ae-ULTRA-PREMIUM-MICROFIBER-DUAL-SIDED-DRYING-POLISHING-2.jpg\",\"contentUrl\":\"https:\\\/\\\/gliptoneeurope.com\\\/wp-content\\\/uploads\\\/SOFTOUCH\u00ae-ULTRA-PREMIUM-MICROFIBER-DUAL-SIDED-DRYING-POLISHING-2.jpg\",\"width\":1881,\"height\":1881},{\"@type\":\"BreadcrumbList\",\"@id\":\"https:\\\/\\\/gliptoneeurope.com\\\/fr\\\/produit\\\/softouch-ultra-premium-double-face-sechage-polissage\\\/#breadcrumb\",\"itemListElement\":[{\"@type\":\"ListItem\",\"position\":1,\"name\":\"Home\",\"item\":\"https:\\\/\\\/gliptoneeurope.com\\\/\"},{\"@type\":\"ListItem\",\"position\":2,\"name\":\"Boutique\",\"item\":\"https:\\\/\\\/gliptoneeurope.com\\\/fr\\\/boutique\\\/\"},{\"@type\":\"ListItem\",\"position\":3,\"name\":\"Serviettes de s\u00e9chage et de polissage double face en microfibre \u00ab Ultra Premium \u00bb Softouch\u00ae\"}]},{\"@type\":\"WebSite\",\"@id\":\"https:\\\/\\\/gliptoneeurope.com\\\/#website\",\"url\":\"https:\\\/\\\/gliptoneeurope.com\\\/\",\"name\":\"Gliptone Europe\",\"description\":\"Professional Car Detailing Products\",\"publisher\":{\"@id\":\"https:\\\/\\\/gliptoneeurope.com\\\/#organization\"},\"potentialAction\":[{\"@type\":\"SearchAction\",\"target\":{\"@type\":\"EntryPoint\",\"urlTemplate\":\"https:\\\/\\\/gliptoneeurope.com\\\/?s={search_term_string}\"},\"query-input\":{\"@type\":\"PropertyValueSpecification\",\"valueRequired\":true,\"valueName\":\"search_term_string\"}}],\"inLanguage\":\"fr-FR\"},{\"@type\":\"Organization\",\"@id\":\"https:\\\/\\\/gliptoneeurope.com\\\/#organization\",\"name\":\"Gliptone Europe\",\"url\":\"https:\\\/\\\/gliptoneeurope.com\\\/\",\"logo\":{\"@type\":\"ImageObject\",\"inLanguage\":\"fr-FR\",\"@id\":\"https:\\\/\\\/gliptoneeurope.com\\\/#\\\/schema\\\/logo\\\/image\\\/\",\"url\":\"https:\\\/\\\/gliptoneeurope.com\\\/wp-content\\\/uploads\\\/Gliptone_Logo.png\",\"contentUrl\":\"https:\\\/\\\/gliptoneeurope.com\\\/wp-content\\\/uploads\\\/Gliptone_Logo.png\",\"width\":1472,\"height\":607,\"caption\":\"Gliptone Europe\"},\"image\":{\"@id\":\"https:\\\/\\\/gliptoneeurope.com\\\/#\\\/schema\\\/logo\\\/image\\\/\"},\"sameAs\":[\"https:\\\/\\\/www.facebook.com\\\/gliptoneeurope\\\/\",\"https:\\\/\\\/www.instagram.com\\\/gliptoneeurope\\\/\",\"https:\\\/\\\/www.pinterest.co.uk\\\/GliptoneEurope\\\/\"]}]}<\/script>\n<!-- \/ Yoast SEO Premium plugin. -->","yoast_head_json":{"title":"Serviettes de s\u00e9chage et de polissage double face en microfibre \u00ab Ultra Premium \u00bb Softouch\u00ae - Gliptone Europe","description":"Les serviettes en microfibre Ultra Premium Softouch\u00ae de Gliptone offrent un chiffon plus doux, plus absorbant, plus durable et plus durable.","robots":{"index":"index","follow":"follow","max-snippet":"max-snippet:-1","max-image-preview":"max-image-preview:large","max-video-preview":"max-video-preview:-1"},"canonical":"https:\/\/gliptoneeurope.com\/fr\/produit\/softouch-ultra-premium-double-face-sechage-polissage\/","og_locale":"fr_FR","og_type":"article","og_title":"Serviettes de s\u00e9chage et de polissage double face en microfibre \u00ab Ultra Premium \u00bb Softouch\u00ae","og_description":"Les serviettes en microfibre Ultra Premium Softouch\u00ae de Gliptone offrent un chiffon plus doux, plus absorbant, plus durable et plus durable. Outre la","og_url":"https:\/\/gliptoneeurope.com\/fr\/produit\/softouch-ultra-premium-double-face-sechage-polissage\/","og_site_name":"Gliptone Europe","article_publisher":"https:\/\/www.facebook.com\/gliptoneeurope\/","og_image":[{"width":1881,"height":1881,"url":"https:\/\/gliptoneeurope.com\/wp-content\/uploads\/SOFTOUCH\u00ae-ULTRA-PREMIUM-MICROFIBER-DUAL-SIDED-DRYING-POLISHING-2.jpg","type":"image\/jpeg"}],"twitter_card":"summary_large_image","schema":{"@context":"https:\/\/schema.org","@graph":[{"@type":"WebPage","@id":"https:\/\/gliptoneeurope.com\/fr\/produit\/softouch-ultra-premium-double-face-sechage-polissage\/","url":"https:\/\/gliptoneeurope.com\/fr\/produit\/softouch-ultra-premium-double-face-sechage-polissage\/","name":"Serviettes de s\u00e9chage et de polissage double face en microfibre \u00ab Ultra Premium \u00bb Softouch\u00ae - Gliptone Europe","isPartOf":{"@id":"https:\/\/gliptoneeurope.com\/#website"},"primaryImageOfPage":{"@id":"https:\/\/gliptoneeurope.com\/fr\/produit\/softouch-ultra-premium-double-face-sechage-polissage\/#primaryimage"},"image":{"@id":"https:\/\/gliptoneeurope.com\/fr\/produit\/softouch-ultra-premium-double-face-sechage-polissage\/#primaryimage"},"thumbnailUrl":"https:\/\/gliptoneeurope.com\/wp-content\/uploads\/SOFTOUCH\u00ae-ULTRA-PREMIUM-MICROFIBER-DUAL-SIDED-DRYING-POLISHING-2.jpg","datePublished":"2021-11-30T11:38:54+00:00","description":"Les serviettes en microfibre Ultra Premium Softouch\u00ae de Gliptone offrent un chiffon plus doux, plus absorbant, plus durable et plus durable.","breadcrumb":{"@id":"https:\/\/gliptoneeurope.com\/fr\/produit\/softouch-ultra-premium-double-face-sechage-polissage\/#breadcrumb"},"inLanguage":"fr-FR","potentialAction":[{"@type":"ReadAction","target":["https:\/\/gliptoneeurope.com\/fr\/produit\/softouch-ultra-premium-double-face-sechage-polissage\/"]}]},{"@type":"ImageObject","inLanguage":"fr-FR","@id":"https:\/\/gliptoneeurope.com\/fr\/produit\/softouch-ultra-premium-double-face-sechage-polissage\/#primaryimage","url":"https:\/\/gliptoneeurope.com\/wp-content\/uploads\/SOFTOUCH\u00ae-ULTRA-PREMIUM-MICROFIBER-DUAL-SIDED-DRYING-POLISHING-2.jpg","contentUrl":"https:\/\/gliptoneeurope.com\/wp-content\/uploads\/SOFTOUCH\u00ae-ULTRA-PREMIUM-MICROFIBER-DUAL-SIDED-DRYING-POLISHING-2.jpg","width":1881,"height":1881},{"@type":"BreadcrumbList","@id":"https:\/\/gliptoneeurope.com\/fr\/produit\/softouch-ultra-premium-double-face-sechage-polissage\/#breadcrumb","itemListElement":[{"@type":"ListItem","position":1,"name":"Home","item":"https:\/\/gliptoneeurope.com\/"},{"@type":"ListItem","position":2,"name":"Boutique","item":"https:\/\/gliptoneeurope.com\/fr\/boutique\/"},{"@type":"ListItem","position":3,"name":"Serviettes de s\u00e9chage et de polissage double face en microfibre \u00ab Ultra Premium \u00bb Softouch\u00ae"}]},{"@type":"WebSite","@id":"https:\/\/gliptoneeurope.com\/#website","url":"https:\/\/gliptoneeurope.com\/","name":"Gliptone Europe","description":"Professional Car Detailing Products","publisher":{"@id":"https:\/\/gliptoneeurope.com\/#organization"},"potentialAction":[{"@type":"SearchAction","target":{"@type":"EntryPoint","urlTemplate":"https:\/\/gliptoneeurope.com\/?s={search_term_string}"},"query-input":{"@type":"PropertyValueSpecification","valueRequired":true,"valueName":"search_term_string"}}],"inLanguage":"fr-FR"},{"@type":"Organization","@id":"https:\/\/gliptoneeurope.com\/#organization","name":"Gliptone Europe","url":"https:\/\/gliptoneeurope.com\/","logo":{"@type":"ImageObject","inLanguage":"fr-FR","@id":"https:\/\/gliptoneeurope.com\/#\/schema\/logo\/image\/","url":"https:\/\/gliptoneeurope.com\/wp-content\/uploads\/Gliptone_Logo.png","contentUrl":"https:\/\/gliptoneeurope.com\/wp-content\/uploads\/Gliptone_Logo.png","width":1472,"height":607,"caption":"Gliptone Europe"},"image":{"@id":"https:\/\/gliptoneeurope.com\/#\/schema\/logo\/image\/"},"sameAs":["https:\/\/www.facebook.com\/gliptoneeurope\/","https:\/\/www.instagram.com\/gliptoneeurope\/","https:\/\/www.pinterest.co.uk\/GliptoneEurope\/"]}]}},"wcpa_form_fields":null,"_links":{"self":[{"href":"https:\/\/gliptoneeurope.com\/fr\/wp-json\/wp\/v2\/product\/11769","targetHints":{"allow":["GET"]}}],"collection":[{"href":"https:\/\/gliptoneeurope.com\/fr\/wp-json\/wp\/v2\/product"}],"about":[{"href":"https:\/\/gliptoneeurope.com\/fr\/wp-json\/wp\/v2\/types\/product"}],"wp:featuredmedia":[{"embeddable":true,"href":"https:\/\/gliptoneeurope.com\/fr\/wp-json\/wp\/v2\/media\/10730"}],"wp:attachment":[{"href":"https:\/\/gliptoneeurope.com\/fr\/wp-json\/wp\/v2\/media?parent=11769"}],"wp:term":[{"taxonomy":"product_brand","embeddable":true,"href":"https:\/\/gliptoneeurope.com\/fr\/wp-json\/wp\/v2\/product_brand?post=11769"},{"taxonomy":"product_cat","embeddable":true,"href":"https:\/\/gliptoneeurope.com\/fr\/wp-json\/wp\/v2\/product_cat?post=11769"},{"taxonomy":"product_tag","embeddable":true,"href":"https:\/\/gliptoneeurope.com\/fr\/wp-json\/wp\/v2\/product_tag?post=11769"}],"curies":[{"name":"wp","href":"https:\/\/api.w.org\/{rel}","templated":true}]}}