{"id":11729,"date":"2021-03-04T14:27:43","date_gmt":"2021-11-30T11:38:45","guid":{"rendered":"https:\/\/gliptoneeurope.com\/product\/teinture-pour-cuir-scuffmaster-couleur-assortie\/"},"modified":"2021-11-30T11:38:45","modified_gmt":"2021-11-30T11:38:45","slug":"scuffmaster-leather-dye-colour-matched-2","status":"publish","type":"product","link":"https:\/\/gliptoneeurope.com\/fr\/produit\/scuffmaster-leather-dye-colour-matched-2\/","title":{"rendered":"Teinture pour cuir SCUFFmaster \u2013 Couleur assortie"},"content":{"rendered":"<p>Nous produisons des flacons individuels de teinture pour cuir SCUFFmaster correspondant \u00e0 vos sp\u00e9cifications pour la recoloration de votre cuir.<\/p>\n<ul>\n<li>Quantit\u00e9 de 250 ml de teinture pour cuir pour des utilisations comprenant la recoloration de l&#8217;avant de deux si\u00e8ges auto moyens OU de cinq coussins.<\/li>\n<\/ul>\n<ul>\n<li>Une quantit\u00e9 de 1 litre de teinture pour cuir couvrira la recoloration d&#8217;une voiture familiale de taille moyenne, y compris les panneaux de porte OU un ensemble de meubles complet.<\/li>\n<\/ul>\n<p>Nous produisons \u00e9galement un certain nombre de pigments de <a href=\"https:\/\/gliptoneeurope.com\/product\/scuffmaster-pigments\/\">base Scuffmaster<\/a> pour l&#8217;auto-m\u00e9lange de couleurs, ceux-ci sont disponibles dans une s\u00e9lection de 18 couleurs que nous utilisons pour les colorants assortis.<\/p>\n","protected":false},"excerpt":{"rendered":"<p>Nous produisons des flacons individuels de teinture pour cuir SCUFFmaster correspondant \u00e0 vos sp\u00e9cifications pour la recoloration de votre cuir. Quantit\u00e9 de 250 ml de teinture pour cuir pour des utilisations comprenant la recoloration de l&#8217;avant de deux si\u00e8ges auto moyens OU de cinq coussins. Une quantit\u00e9 de 1 litre de teinture pour cuir couvrira [&hellip;]<\/p>\n","protected":false},"featured_media":15858,"template":"","meta":[],"product_brand":[],"product_cat":[114,124],"product_tag":[],"class_list":{"0":"post-11729","1":"product","2":"type-product","3":"status-publish","4":"has-post-thumbnail","6":"product_cat-cuir","7":"product_cat-interieur","8":"wcpa_has_options","10":"first","11":"instock","12":"taxable","13":"shipping-taxable","14":"purchasable","15":"product-type-variable"},"yoast_head":"<!-- This site is optimized with the Yoast SEO Premium plugin v21.4 (Yoast SEO v27.4) - https:\/\/yoast.com\/product\/yoast-seo-premium-wordpress\/ -->\n<title>Teinture pour cuir SCUFFmaster \u2013 Couleur assortie - Gliptone Europe<\/title>\n<meta name=\"description\" content=\"Nous pouvons produire des bouteilles individuelles de teinture pour cuir SCUFFmaster dont les couleurs peuvent \u00eatre parfaitement assorties pour la recoloration de votre cuir.\" \/>\n<meta name=\"robots\" content=\"index, follow, max-snippet:-1, max-image-preview:large, max-video-preview:-1\" \/>\n<link rel=\"canonical\" href=\"https:\/\/gliptoneeurope.com\/?post_type=product&p=6050\" \/>\n<meta property=\"og:locale\" content=\"fr_FR\" \/>\n<meta property=\"og:type\" content=\"article\" \/>\n<meta property=\"og:title\" content=\"Teinture pour cuir SCUFFmaster \u2013 Couleur assortie\" \/>\n<meta property=\"og:description\" content=\"Nous produisons des flacons individuels de teinture pour cuir SCUFFmaster correspondant \u00e0 vos sp\u00e9cifications pour la recoloration de votre cuir. Quantit\u00e9\" \/>\n<meta property=\"og:url\" content=\"https:\/\/gliptoneeurope.com\/?post_type=product&amp;p=6050\" \/>\n<meta property=\"og:site_name\" content=\"Gliptone Europe\" \/>\n<meta property=\"article:publisher\" content=\"https:\/\/www.facebook.com\/gliptoneeurope\/\" \/>\n<meta property=\"og:image\" content=\"https:\/\/gliptoneeurope.com\/wp-content\/uploads\/Scuffmaster-Leather-Dye-ColourMatching.jpg\" \/>\n\t<meta property=\"og:image:width\" content=\"1797\" \/>\n\t<meta property=\"og:image:height\" content=\"1797\" \/>\n\t<meta property=\"og:image:type\" content=\"image\/jpeg\" \/>\n<meta name=\"twitter:card\" content=\"summary_large_image\" \/>\n<meta name=\"twitter:label1\" content=\"Dur\u00e9e de lecture estim\u00e9e\" \/>\n\t<meta name=\"twitter:data1\" content=\"1 minute\" \/>\n<script type=\"application\/ld+json\" class=\"yoast-schema-graph\">{\"@context\":\"https:\\\/\\\/schema.org\",\"@graph\":[{\"@type\":\"WebPage\",\"@id\":\"https:\\\/\\\/gliptoneeurope.com\\\/?post_type=product&p=6050\",\"url\":\"https:\\\/\\\/gliptoneeurope.com\\\/?post_type=product&p=6050\",\"name\":\"Teinture pour cuir SCUFFmaster \u2013 Couleur assortie - Gliptone Europe\",\"isPartOf\":{\"@id\":\"https:\\\/\\\/gliptoneeurope.com\\\/#website\"},\"primaryImageOfPage\":{\"@id\":\"https:\\\/\\\/gliptoneeurope.com\\\/?post_type=product&p=6050#primaryimage\"},\"image\":{\"@id\":\"https:\\\/\\\/gliptoneeurope.com\\\/?post_type=product&p=6050#primaryimage\"},\"thumbnailUrl\":\"https:\\\/\\\/gliptoneeurope.com\\\/wp-content\\\/uploads\\\/Scuffmaster-Leather-Dye-ColourMatching.jpg\",\"datePublished\":\"2021-11-30T11:38:45+00:00\",\"description\":\"Nous pouvons produire des bouteilles individuelles de teinture pour cuir SCUFFmaster dont les couleurs peuvent \u00eatre parfaitement assorties pour la recoloration de votre cuir.\",\"breadcrumb\":{\"@id\":\"https:\\\/\\\/gliptoneeurope.com\\\/?post_type=product&p=6050#breadcrumb\"},\"inLanguage\":\"fr-FR\",\"potentialAction\":[{\"@type\":\"ReadAction\",\"target\":[\"https:\\\/\\\/gliptoneeurope.com\\\/?post_type=product&p=6050\"]}]},{\"@type\":\"ImageObject\",\"inLanguage\":\"fr-FR\",\"@id\":\"https:\\\/\\\/gliptoneeurope.com\\\/?post_type=product&p=6050#primaryimage\",\"url\":\"https:\\\/\\\/gliptoneeurope.com\\\/wp-content\\\/uploads\\\/Scuffmaster-Leather-Dye-ColourMatching.jpg\",\"contentUrl\":\"https:\\\/\\\/gliptoneeurope.com\\\/wp-content\\\/uploads\\\/Scuffmaster-Leather-Dye-ColourMatching.jpg\",\"width\":1797,\"height\":1797},{\"@type\":\"BreadcrumbList\",\"@id\":\"https:\\\/\\\/gliptoneeurope.com\\\/?post_type=product&p=6050#breadcrumb\",\"itemListElement\":[{\"@type\":\"ListItem\",\"position\":1,\"name\":\"Home\",\"item\":\"https:\\\/\\\/gliptoneeurope.com\\\/\"},{\"@type\":\"ListItem\",\"position\":2,\"name\":\"Boutique\",\"item\":\"https:\\\/\\\/gliptoneeurope.com\\\/fr\\\/boutique\\\/\"},{\"@type\":\"ListItem\",\"position\":3,\"name\":\"Teinture pour cuir SCUFFmaster \u2013 Couleur assortie\"}]},{\"@type\":\"WebSite\",\"@id\":\"https:\\\/\\\/gliptoneeurope.com\\\/#website\",\"url\":\"https:\\\/\\\/gliptoneeurope.com\\\/\",\"name\":\"Gliptone Europe\",\"description\":\"Professional Car Detailing Products\",\"publisher\":{\"@id\":\"https:\\\/\\\/gliptoneeurope.com\\\/#organization\"},\"potentialAction\":[{\"@type\":\"SearchAction\",\"target\":{\"@type\":\"EntryPoint\",\"urlTemplate\":\"https:\\\/\\\/gliptoneeurope.com\\\/?s={search_term_string}\"},\"query-input\":{\"@type\":\"PropertyValueSpecification\",\"valueRequired\":true,\"valueName\":\"search_term_string\"}}],\"inLanguage\":\"fr-FR\"},{\"@type\":\"Organization\",\"@id\":\"https:\\\/\\\/gliptoneeurope.com\\\/#organization\",\"name\":\"Gliptone Europe\",\"url\":\"https:\\\/\\\/gliptoneeurope.com\\\/\",\"logo\":{\"@type\":\"ImageObject\",\"inLanguage\":\"fr-FR\",\"@id\":\"https:\\\/\\\/gliptoneeurope.com\\\/#\\\/schema\\\/logo\\\/image\\\/\",\"url\":\"https:\\\/\\\/gliptoneeurope.com\\\/wp-content\\\/uploads\\\/Gliptone_Logo.png\",\"contentUrl\":\"https:\\\/\\\/gliptoneeurope.com\\\/wp-content\\\/uploads\\\/Gliptone_Logo.png\",\"width\":1472,\"height\":607,\"caption\":\"Gliptone Europe\"},\"image\":{\"@id\":\"https:\\\/\\\/gliptoneeurope.com\\\/#\\\/schema\\\/logo\\\/image\\\/\"},\"sameAs\":[\"https:\\\/\\\/www.facebook.com\\\/gliptoneeurope\\\/\",\"https:\\\/\\\/www.instagram.com\\\/gliptoneeurope\\\/\",\"https:\\\/\\\/www.pinterest.co.uk\\\/GliptoneEurope\\\/\"]}]}<\/script>\n<!-- \/ Yoast SEO Premium plugin. -->","yoast_head_json":{"title":"Teinture pour cuir SCUFFmaster \u2013 Couleur assortie - Gliptone Europe","description":"Nous pouvons produire des bouteilles individuelles de teinture pour cuir SCUFFmaster dont les couleurs peuvent \u00eatre parfaitement assorties pour la recoloration de votre cuir.","robots":{"index":"index","follow":"follow","max-snippet":"max-snippet:-1","max-image-preview":"max-image-preview:large","max-video-preview":"max-video-preview:-1"},"canonical":"https:\/\/gliptoneeurope.com\/?post_type=product&p=6050","og_locale":"fr_FR","og_type":"article","og_title":"Teinture pour cuir SCUFFmaster \u2013 Couleur assortie","og_description":"Nous produisons des flacons individuels de teinture pour cuir SCUFFmaster correspondant \u00e0 vos sp\u00e9cifications pour la recoloration de votre cuir. Quantit\u00e9","og_url":"https:\/\/gliptoneeurope.com\/?post_type=product&p=6050","og_site_name":"Gliptone Europe","article_publisher":"https:\/\/www.facebook.com\/gliptoneeurope\/","og_image":[{"width":1797,"height":1797,"url":"https:\/\/gliptoneeurope.com\/wp-content\/uploads\/Scuffmaster-Leather-Dye-ColourMatching.jpg","type":"image\/jpeg"}],"twitter_card":"summary_large_image","twitter_misc":{"Dur\u00e9e de lecture estim\u00e9e":"1 minute"},"schema":{"@context":"https:\/\/schema.org","@graph":[{"@type":"WebPage","@id":"https:\/\/gliptoneeurope.com\/?post_type=product&p=6050","url":"https:\/\/gliptoneeurope.com\/?post_type=product&p=6050","name":"Teinture pour cuir SCUFFmaster \u2013 Couleur assortie - Gliptone Europe","isPartOf":{"@id":"https:\/\/gliptoneeurope.com\/#website"},"primaryImageOfPage":{"@id":"https:\/\/gliptoneeurope.com\/?post_type=product&p=6050#primaryimage"},"image":{"@id":"https:\/\/gliptoneeurope.com\/?post_type=product&p=6050#primaryimage"},"thumbnailUrl":"https:\/\/gliptoneeurope.com\/wp-content\/uploads\/Scuffmaster-Leather-Dye-ColourMatching.jpg","datePublished":"2021-11-30T11:38:45+00:00","description":"Nous pouvons produire des bouteilles individuelles de teinture pour cuir SCUFFmaster dont les couleurs peuvent \u00eatre parfaitement assorties pour la recoloration de votre cuir.","breadcrumb":{"@id":"https:\/\/gliptoneeurope.com\/?post_type=product&p=6050#breadcrumb"},"inLanguage":"fr-FR","potentialAction":[{"@type":"ReadAction","target":["https:\/\/gliptoneeurope.com\/?post_type=product&p=6050"]}]},{"@type":"ImageObject","inLanguage":"fr-FR","@id":"https:\/\/gliptoneeurope.com\/?post_type=product&p=6050#primaryimage","url":"https:\/\/gliptoneeurope.com\/wp-content\/uploads\/Scuffmaster-Leather-Dye-ColourMatching.jpg","contentUrl":"https:\/\/gliptoneeurope.com\/wp-content\/uploads\/Scuffmaster-Leather-Dye-ColourMatching.jpg","width":1797,"height":1797},{"@type":"BreadcrumbList","@id":"https:\/\/gliptoneeurope.com\/?post_type=product&p=6050#breadcrumb","itemListElement":[{"@type":"ListItem","position":1,"name":"Home","item":"https:\/\/gliptoneeurope.com\/"},{"@type":"ListItem","position":2,"name":"Boutique","item":"https:\/\/gliptoneeurope.com\/fr\/boutique\/"},{"@type":"ListItem","position":3,"name":"Teinture pour cuir SCUFFmaster \u2013 Couleur assortie"}]},{"@type":"WebSite","@id":"https:\/\/gliptoneeurope.com\/#website","url":"https:\/\/gliptoneeurope.com\/","name":"Gliptone Europe","description":"Professional Car Detailing Products","publisher":{"@id":"https:\/\/gliptoneeurope.com\/#organization"},"potentialAction":[{"@type":"SearchAction","target":{"@type":"EntryPoint","urlTemplate":"https:\/\/gliptoneeurope.com\/?s={search_term_string}"},"query-input":{"@type":"PropertyValueSpecification","valueRequired":true,"valueName":"search_term_string"}}],"inLanguage":"fr-FR"},{"@type":"Organization","@id":"https:\/\/gliptoneeurope.com\/#organization","name":"Gliptone Europe","url":"https:\/\/gliptoneeurope.com\/","logo":{"@type":"ImageObject","inLanguage":"fr-FR","@id":"https:\/\/gliptoneeurope.com\/#\/schema\/logo\/image\/","url":"https:\/\/gliptoneeurope.com\/wp-content\/uploads\/Gliptone_Logo.png","contentUrl":"https:\/\/gliptoneeurope.com\/wp-content\/uploads\/Gliptone_Logo.png","width":1472,"height":607,"caption":"Gliptone Europe"},"image":{"@id":"https:\/\/gliptoneeurope.com\/#\/schema\/logo\/image\/"},"sameAs":["https:\/\/www.facebook.com\/gliptoneeurope\/","https:\/\/www.instagram.com\/gliptoneeurope\/","https:\/\/www.pinterest.co.uk\/GliptoneEurope\/"]}]}},"wcpa_form_fields":{"wcpaData":{"product":{"product_price":29.99,"price_html":"<span class=\"woocommerce-Price-amount amount\" aria-hidden=\"true\"><bdi><span class=\"woocommerce-Price-currencySymbol\">&pound;<\/span>29.99<\/bdi><\/span> <span aria-hidden=\"true\">\u00a0\u2013\u00a0<\/span> <span class=\"woocommerce-Price-amount amount\" aria-hidden=\"true\"><bdi><span class=\"woocommerce-Price-currencySymbol\">&pound;<\/span>139.99<\/bdi><\/span><span class=\"screen-reader-text\">Plage de prix\u00a0: &pound;29.99 \u00e0 &pound;139.99<\/span>","original_product_price":29.99,"price_including_tax":29.99,"price_excluding_tax":24.991667,"product_id":{"parent":11729,"variation":false},"is_variable":true,"stock_status":"instock","stock_quantity":null,"parent_sku":"","product_attributes":{"pa_size":{"is_variation":true,"values":[]}},"custom_fields":[],"is_taxable":true,"product_name":"Teinture pour cuir SCUFFmaster \u2013 Couleur assortie","hasImage":false},"fields":{"sec_669e23244220a7":{"extra":{"key":"sec_669e23244220a7","section_id":"sec_669e23244220a7","name":"Default","status":1,"cl_rule":"show","enableCl":false,"relations":[],"toggle":true,"title_tag":"h3","show_title":false,"showPrice":"default","form_id":14718,"form_rules":{"exclude_from_discount":false,"fee_label":"Fee","disp_hide_options_price":false,"disp_show_section_price":false,"disp_show_field_price":"Create an account to receive your reward points","layout_option":"standard","pric_use_as_fee":false,"process_fee_as":"woo_fee"},"layout_option":"standard"},"fields":[[{"type":"select","elementId":"wcpa-select-1652264077616","label":"Colour","placeholder":"Choose an option...","enablePrice":true,"priceOptions":"different_for_all","pricingType":"percentage","use_as_fee":true,"name":"select-1652264077616","cl_rule":"show","col":6,"values":[{"label":"Standard Pre Mixed Colour","value":"standard-pre-mixed","price":"25","pimage":"","pimage_id":"","pthumb":"","gt_translate_keys":["label"]},{"label":"Vehicle Manufacturer Colour","value":"vehicle-colour","price":"25","pimage":"","pimage_id":"","pthumb":"","gt_translate_keys":["label"]},{"label":"Furniture Manufacturer Colour","value":"furniture-colour","price":"25","pimage":"","pimage_id":"","pthumb":"","gt_translate_keys":["label"]},{"label":"Base Colour (non matched)","value":"base-colour","price":"","pimage":"","pimage_id":"","pthumb":"","gt_translate_keys":["label"]},{"label":"Custom Colour Match (send in sample)","value":"custom-colour","gt_translate_keys":["label"]}],"relations":false,"price":0,"active":true,"tooltip":"","gt_translate_keys":["label","placeholder","tooltip"],"price_dependency":false,"cl_dependency":["wcpa-text-1652265117047","wcpa-text-1652265117047","wcpa-image-group-1646056449067","wcpa-statictext-1652266628003","wcpa-statictext-1652269043450"],"value":""}],[{"type":"text","elementId":"wcpa-text-1652265117047","label":"Manufacturer Info & Colour Code","placeholder":"Enter colour name, model year, code...","pricingType":"percentage","price":"25%","name":"text-1652265117047","subtype":"text","enableCl":true,"cl_rule":"show","cl_val":"furniture-colour","operator":"or","col":6,"relations":[{"operator":false,"rules":[{"operator":"or","rules":{"cl_field":"wcpa-select-1652264077616","cl_relation":"is","cl_val":"vehicle-colour"}},{"operator":false,"rules":{"cl_field":"wcpa-select-1652264077616","cl_relation":"is","cl_val":"furniture-colour"}}]}],"active":true,"tooltip":"","gt_translate_keys":["label","placeholder","tooltip"],"price_dependency":false,"cl_dependency":false,"value":""}],[{"type":"image-group","label":"Standard Mixed Colours","elementId":"wcpa-image-group-1646056449067","description":"(click image to select)","inline":true,"priceOptions":"different_for_all","pricingType":"fixed","disp_size_img":{"width":"90","height":""},"enable_popup":"no","name":"image-group-1646056449067","hideImageIn_cart":true,"hideImageIn_order":true,"hideImageIn_email":true,"disp_type":"square","img_selection_type":"tick","other_text":"Other","enableCl":true,"cl_rule":"show","cl_val":"standard-pre-mixed","col":6,"values":[{"label":"White","price":"","image":"https:\/\/test.gliptoneeurope.com\/wp-content\/uploads\/White.jpg","image_id":"12861","thumb":"https:\/\/gliptoneeurope.com\/wp-content\/uploads\/White-150x150.jpg","value":"0","thumb_src":"https:\/\/gliptoneeurope.com\/wp-content\/uploads\/White-100x100.jpg","gt_translate_keys":["label"]},{"label":"Light Cream","price":"","image":"https:\/\/test.gliptoneeurope.com\/wp-content\/uploads\/LightCream.jpg","image_id":"13012","thumb":"https:\/\/gliptoneeurope.com\/wp-content\/uploads\/LightCream-150x150.jpg","value":"1","thumb_src":"https:\/\/gliptoneeurope.com\/wp-content\/uploads\/LightCream-100x100.jpg","gt_translate_keys":["label"]},{"label":"Cream","price":"","image":"https:\/\/test.gliptoneeurope.com\/wp-content\/uploads\/Cream.jpg","image_id":"12988","thumb":"https:\/\/gliptoneeurope.com\/wp-content\/uploads\/Cream-150x150.jpg","value":"2","thumb_src":"https:\/\/gliptoneeurope.com\/wp-content\/uploads\/Cream-100x100.jpg","gt_translate_keys":["label"]},{"label":"Ivory","price":"","image":"https:\/\/test.gliptoneeurope.com\/wp-content\/uploads\/Ivory.jpg","image_id":"13006","thumb":"https:\/\/gliptoneeurope.com\/wp-content\/uploads\/Ivory-150x150.jpg","value":"3","thumb_src":"https:\/\/gliptoneeurope.com\/wp-content\/uploads\/Ivory-100x100.jpg","gt_translate_keys":["label"]},{"label":"Beige","price":"","image":"https:\/\/test.gliptoneeurope.com\/wp-content\/uploads\/Beige.jpg","image_id":"12964","thumb":"https:\/\/gliptoneeurope.com\/wp-content\/uploads\/Beige-150x150.jpg","value":"4","thumb_src":"https:\/\/gliptoneeurope.com\/wp-content\/uploads\/Beige-100x100.jpg","gt_translate_keys":["label"]},{"label":"Chocolate Brown","price":"","image":"https:\/\/test.gliptoneeurope.com\/wp-content\/uploads\/ChocolateBrown.jpg","image_id":"12982","thumb":"https:\/\/gliptoneeurope.com\/wp-content\/uploads\/ChocolateBrown-150x150.jpg","value":"5","thumb_src":"https:\/\/gliptoneeurope.com\/wp-content\/uploads\/ChocolateBrown-100x100.jpg","gt_translate_keys":["label"]},{"label":"Chestnut Brown","price":"","image":"https:\/\/test.gliptoneeurope.com\/wp-content\/uploads\/ChestnutBrown.jpg","image_id":"12979","thumb":"https:\/\/gliptoneeurope.com\/wp-content\/uploads\/ChestnutBrown-150x150.jpg","value":"6","thumb_src":"https:\/\/gliptoneeurope.com\/wp-content\/uploads\/ChestnutBrown-100x100.jpg","gt_translate_keys":["label"]},{"label":"Dark Brown","price":"","image":"https:\/\/test.gliptoneeurope.com\/wp-content\/uploads\/DarkBrown.jpg","image_id":"12991","thumb":"https:\/\/gliptoneeurope.com\/wp-content\/uploads\/DarkBrown-150x150.jpg","value":"7","thumb_src":"https:\/\/gliptoneeurope.com\/wp-content\/uploads\/DarkBrown-100x100.jpg","gt_translate_keys":["label"]},{"label":"Brown","price":"","image":"https:\/\/test.gliptoneeurope.com\/wp-content\/uploads\/Brown.jpg","image_id":"12976","thumb":"https:\/\/gliptoneeurope.com\/wp-content\/uploads\/Brown-150x150.jpg","value":"8","thumb_src":"https:\/\/gliptoneeurope.com\/wp-content\/uploads\/Brown-100x100.jpg","gt_translate_keys":["label"]},{"label":"Light Grey","price":"","image":"https:\/\/test.gliptoneeurope.com\/wp-content\/uploads\/LightGrey.jpg","image_id":"13015","thumb":"https:\/\/gliptoneeurope.com\/wp-content\/uploads\/LightGrey-150x150.jpg","value":"9","thumb_src":"https:\/\/gliptoneeurope.com\/wp-content\/uploads\/LightGrey-100x100.jpg","gt_translate_keys":["label"]},{"label":"Grey","price":"","image":"https:\/\/test.gliptoneeurope.com\/wp-content\/uploads\/Grey.jpg","image_id":"13003","thumb":"https:\/\/gliptoneeurope.com\/wp-content\/uploads\/Grey-150x150.jpg","value":"10","thumb_src":"https:\/\/gliptoneeurope.com\/wp-content\/uploads\/Grey-100x100.jpg","gt_translate_keys":["label"]},{"label":"Dark Grey","price":"","image":"https:\/\/test.gliptoneeurope.com\/wp-content\/uploads\/DarkGrey.jpg","image_id":"12994","thumb":"https:\/\/gliptoneeurope.com\/wp-content\/uploads\/DarkGrey-150x150.jpg","value":"11","thumb_src":"https:\/\/gliptoneeurope.com\/wp-content\/uploads\/DarkGrey-100x100.jpg","gt_translate_keys":["label"]},{"label":"Light Blue","price":"","image":"https:\/\/test.gliptoneeurope.com\/wp-content\/uploads\/LightBlue.jpg","image_id":"13009","thumb":"https:\/\/gliptoneeurope.com\/wp-content\/uploads\/LightBlue-150x150.jpg","value":"12","thumb_src":"https:\/\/gliptoneeurope.com\/wp-content\/uploads\/LightBlue-100x100.jpg","gt_translate_keys":["label"]},{"label":"Blue","price":"","image":"https:\/\/test.gliptoneeurope.com\/wp-content\/uploads\/Blue.jpg","image_id":"12970","thumb":"https:\/\/gliptoneeurope.com\/wp-content\/uploads\/Blue-150x150.jpg","value":"13","thumb_src":"https:\/\/gliptoneeurope.com\/wp-content\/uploads\/Blue-100x100.jpg","gt_translate_keys":["label"]},{"label":"Navy","price":"","image":"https:\/\/test.gliptoneeurope.com\/wp-content\/uploads\/Navy.jpg","image_id":"13027","thumb":"https:\/\/gliptoneeurope.com\/wp-content\/uploads\/Navy-150x150.jpg","value":"14","thumb_src":"https:\/\/gliptoneeurope.com\/wp-content\/uploads\/Navy-100x100.jpg","gt_translate_keys":["label"]},{"label":"Bright Red","price":"","image":"https:\/\/test.gliptoneeurope.com\/wp-content\/uploads\/BrightRed.jpg","image_id":"12973","thumb":"https:\/\/gliptoneeurope.com\/wp-content\/uploads\/BrightRed-150x150.jpg","value":"15","thumb_src":"https:\/\/gliptoneeurope.com\/wp-content\/uploads\/BrightRed-100x100.jpg","gt_translate_keys":["label"]},{"label":"Dark Red","price":"","image":"https:\/\/test.gliptoneeurope.com\/wp-content\/uploads\/DarkRed.jpg","image_id":"12997","thumb":"https:\/\/gliptoneeurope.com\/wp-content\/uploads\/DarkRed-150x150.jpg","value":"16","thumb_src":"https:\/\/gliptoneeurope.com\/wp-content\/uploads\/DarkRed-100x100.jpg","gt_translate_keys":["label"]},{"label":"Merlot","price":"","image":"https:\/\/test.gliptoneeurope.com\/wp-content\/uploads\/Merlot.jpg","image_id":"13024","thumb":"https:\/\/gliptoneeurope.com\/wp-content\/uploads\/Merlot-150x150.jpg","value":"17","thumb_src":"https:\/\/gliptoneeurope.com\/wp-content\/uploads\/Merlot-100x100.jpg","gt_translate_keys":["label"]},{"label":"Wine","price":"","image":"https:\/\/test.gliptoneeurope.com\/wp-content\/uploads\/Wine.jpg","image_id":"13039","thumb":"https:\/\/gliptoneeurope.com\/wp-content\/uploads\/Wine-150x150.jpg","value":"18","thumb_src":"https:\/\/gliptoneeurope.com\/wp-content\/uploads\/Wine-100x100.jpg","gt_translate_keys":["label"]},{"label":"Lime Green","price":"","image":"https:\/\/test.gliptoneeurope.com\/wp-content\/uploads\/LimeGreen.jpg","image_id":"13021","thumb":"https:\/\/gliptoneeurope.com\/wp-content\/uploads\/LimeGreen-150x150.jpg","value":"19","thumb_src":"https:\/\/gliptoneeurope.com\/wp-content\/uploads\/LimeGreen-100x100.jpg","gt_translate_keys":["label"]},{"label":"Green","price":"","image":"https:\/\/test.gliptoneeurope.com\/wp-content\/uploads\/Green.jpg","image_id":"13000","thumb":"https:\/\/gliptoneeurope.com\/wp-content\/uploads\/Green-150x150.jpg","value":"20","thumb_src":"https:\/\/gliptoneeurope.com\/wp-content\/uploads\/Green-100x100.jpg","gt_translate_keys":["label"]},{"label":"Sage Green","price":"","image":"https:\/\/test.gliptoneeurope.com\/wp-content\/uploads\/SageGreen.jpg","image_id":"13033","thumb":"https:\/\/gliptoneeurope.com\/wp-content\/uploads\/SageGreen-150x150.jpg","value":"21","thumb_src":"https:\/\/gliptoneeurope.com\/wp-content\/uploads\/SageGreen-100x100.jpg","gt_translate_keys":["label"]},{"label":"Black","price":"","image":"https:\/\/test.gliptoneeurope.com\/wp-content\/uploads\/Black.jpg","image_id":"12967","thumb":"https:\/\/gliptoneeurope.com\/wp-content\/uploads\/Black-150x150.jpg","value":"22","thumb_src":"https:\/\/gliptoneeurope.com\/wp-content\/uploads\/Black-100x100.jpg","gt_translate_keys":["label"]}],"relations":[{"operator":false,"rules":[{"operator":false,"rules":{"cl_field":"wcpa-select-1652264077616","cl_relation":"is","cl_val":"standard-pre-mixed"}}]}],"active":true,"tooltip":"","layOut":"inline","gt_translate_keys":["label","description","tooltip"],"price_dependency":false,"cl_dependency":false,"value":""}],[{"type":"content","label":"Help","elementId":"wcpa-statictext-1652266628003","value":"Find your colour & code by using our <a href='https:\/\/gliptoneeurope.com\/vehicle-colours\/' target=\"_blank\">Vehicle Colour Charts<\/a>","inline":true,"pricingType":"fixed","enableCl":true,"cl_rule":"show","cl_val":"vehicle-colour","col":6,"relations":[{"operator":false,"rules":[{"operator":false,"rules":{"cl_field":"wcpa-select-1652264077616","cl_relation":"is","cl_val":"vehicle-colour"}}]}],"active":true,"tooltip":"","contentType":"plain","gt_translate_keys":["label","value","tooltip"],"price_dependency":false,"cl_dependency":false}],[{"type":"content","label":"Help","elementId":"wcpa-statictext-1652269043450","value":"Find your colour & code by using our <a href='https:\/\/gliptoneeurope.com\/furniture-manufacturers\/' target=\"_blank\">Furniture Colour Charts<\/a>","inline":true,"pricingType":"fixed","enableCl":true,"cl_rule":"show","cl_val":"furniture-colour","col":6,"relations":[{"operator":false,"rules":[{"operator":false,"rules":{"cl_field":"wcpa-select-1652264077616","cl_relation":"is","cl_val":"furniture-colour"}}]}],"active":true,"tooltip":"","contentType":"plain","gt_translate_keys":["label","value","tooltip"],"price_dependency":false,"cl_dependency":false}]]}},"config":{"price_override":"","enable_recaptcha":false,"bind_quantity":false,"quantity_bind_formula":false,"disp_summ_show_option_price":"Create an account to receive your reward points","disp_summ_show_product_price":"Create an account to receive your reward points","disp_summ_show_total_price":"Create an account to receive your reward points","disp_summ_show_fee":false,"disp_summ_show_discount":false,"summary_title":"","options_total_label":"Options Price","total_label":"Total","options_product_label":"Product Price","fee_label":"Fee","discount_label":"Discount","has_price":true,"has_quantity_formula":false},"mc_unit":1,"tax_rate":1,"tax_rate_real":0.2,"discount":{"percentage":0,"fixed":0},"design":{"conf":{"LabelPosition":"above","DescPosition":"above","UploadField":"custom_1","QuantityFieldStyle":"default"},"css":{"LeftLabelWidth":"120px"}},"formulas":[],"clones":false,"cartKey":false}},"_links":{"self":[{"href":"https:\/\/gliptoneeurope.com\/fr\/wp-json\/wp\/v2\/product\/11729","targetHints":{"allow":["GET"]}}],"collection":[{"href":"https:\/\/gliptoneeurope.com\/fr\/wp-json\/wp\/v2\/product"}],"about":[{"href":"https:\/\/gliptoneeurope.com\/fr\/wp-json\/wp\/v2\/types\/product"}],"wp:featuredmedia":[{"embeddable":true,"href":"https:\/\/gliptoneeurope.com\/fr\/wp-json\/wp\/v2\/media\/15858"}],"wp:attachment":[{"href":"https:\/\/gliptoneeurope.com\/fr\/wp-json\/wp\/v2\/media?parent=11729"}],"wp:term":[{"taxonomy":"product_brand","embeddable":true,"href":"https:\/\/gliptoneeurope.com\/fr\/wp-json\/wp\/v2\/product_brand?post=11729"},{"taxonomy":"product_cat","embeddable":true,"href":"https:\/\/gliptoneeurope.com\/fr\/wp-json\/wp\/v2\/product_cat?post=11729"},{"taxonomy":"product_tag","embeddable":true,"href":"https:\/\/gliptoneeurope.com\/fr\/wp-json\/wp\/v2\/product_tag?post=11729"}],"curies":[{"name":"wp","href":"https:\/\/api.w.org\/{rel}","templated":true}]}}