{"id":11722,"date":"2021-01-18T12:34:56","date_gmt":"2021-01-18T12:34:56","guid":{"rendered":"https:\/\/gliptoneeurope.com\/product\/tampon-aromatique-parfume-en-cuir\/"},"modified":"2021-11-30T11:38:42","modified_gmt":"2021-11-30T11:38:42","slug":"coussin-arome-de-cuir","status":"publish","type":"product","link":"https:\/\/gliptoneeurope.com\/fr\/produit\/coussin-arome-de-cuir\/","title":{"rendered":"Tampon aromatique parfum\u00e9 en cuir"},"content":{"rendered":"<p>Pour ceux qui aiment cette toute nouvelle odeur de cuir, nos <a href=\"https:\/\/gliptoneeurope.com\/product\/leather-scented-air-freshener\/\">assainisseurs d&#8217;air<\/a> en cuir et tampons aromatiques en cuir sont parfaits pour vous.<\/p>\n<p>L&#8217;odeur traditionnelle du \u00ab vrai \u00bb cuir est une chose rare et merveilleuse de nos jours, car les techniques de tannage modernes signifient que le cuir n&#8217;a tout simplement plus l&#8217;odeur qu&#8217;il avait.<\/p>\n<p>Notre assainisseur d&#8217;air et notre coussin aromatique longue dur\u00e9e ont cette odeur incomparable. Ainsi, vous pouvez avoir le parfum du vrai cuir premium dans votre voiture ou dans votre maison quand et o\u00f9 vous le souhaitez.<\/p>\n<p>Peut \u00eatre achet\u00e9 \u00e0 l&#8217;unit\u00e9 ou en 2 et recevez une 3e GRATUITEMENT&nbsp;!<\/p>\n","protected":false},"excerpt":{"rendered":"<p>Pour ceux qui aiment cette toute nouvelle odeur de cuir, nos assainisseurs d&#8217;air en cuir et tampons aromatiques en cuir sont parfaits pour vous. L&#8217;odeur traditionnelle du \u00ab vrai \u00bb cuir est une chose rare et merveilleuse de nos jours, car les techniques de tannage modernes signifient que le cuir n&#8217;a tout simplement plus l&#8217;odeur [&hellip;]<\/p>\n","protected":false},"featured_media":10684,"template":"","meta":[],"product_brand":[],"product_cat":[114,124],"product_tag":[],"class_list":{"0":"post-11722","1":"product","2":"type-product","3":"status-publish","4":"has-post-thumbnail","6":"product_cat-cuir","7":"product_cat-interieur","9":"first","10":"instock","11":"sale","12":"taxable","13":"shipping-taxable","14":"purchasable","15":"product-type-variable"},"yoast_head":"<!-- This site is optimized with the Yoast SEO Premium plugin v21.4 (Yoast SEO v27.5) - https:\/\/yoast.com\/product\/yoast-seo-premium-wordpress\/ -->\n<title>Tampon aromatique parfum\u00e9 en cuir - Gliptone Europe<\/title>\n<meta name=\"description\" content=\"Pour ceux qui aiment cette toute nouvelle odeur de cuir, nos assainisseurs d&#039;air en cuir et tampons aromatiques en cuir sont parfaits pour vous.\" \/>\n<meta name=\"robots\" content=\"index, follow, max-snippet:-1, max-image-preview:large, max-video-preview:-1\" \/>\n<link rel=\"canonical\" href=\"https:\/\/gliptoneeurope.com\/fr\/produit\/coussin-arome-de-cuir\/\" \/>\n<meta property=\"og:locale\" content=\"fr_FR\" \/>\n<meta property=\"og:type\" content=\"article\" \/>\n<meta property=\"og:title\" content=\"Tampon aromatique parfum\u00e9 en cuir\" \/>\n<meta property=\"og:description\" content=\"Pour ceux qui aiment cette toute nouvelle odeur de cuir, nos assainisseurs d&#039;air en cuir et tampons aromatiques en cuir sont parfaits pour vous. L&#039;odeur\" \/>\n<meta property=\"og:url\" content=\"https:\/\/gliptoneeurope.com\/fr\/produit\/coussin-arome-de-cuir\/\" \/>\n<meta property=\"og:site_name\" content=\"Gliptone Europe\" \/>\n<meta property=\"article:publisher\" content=\"https:\/\/www.facebook.com\/gliptoneeurope\/\" \/>\n<meta property=\"article:modified_time\" content=\"2021-11-30T11:38:42+00:00\" \/>\n<meta property=\"og:image\" content=\"https:\/\/gliptoneeurope.com\/wp-content\/uploads\/Leather-Scented-Aroma-Pad.jpg\" \/>\n\t<meta property=\"og:image:width\" content=\"1478\" \/>\n\t<meta property=\"og:image:height\" content=\"1478\" \/>\n\t<meta property=\"og:image:type\" content=\"image\/jpeg\" \/>\n<meta name=\"twitter:card\" content=\"summary_large_image\" \/>\n<meta name=\"twitter:label1\" content=\"Dur\u00e9e de lecture estim\u00e9e\" \/>\n\t<meta name=\"twitter:data1\" content=\"1 minute\" \/>\n<script type=\"application\/ld+json\" class=\"yoast-schema-graph\">{\"@context\":\"https:\\\/\\\/schema.org\",\"@graph\":[{\"@type\":\"WebPage\",\"@id\":\"https:\\\/\\\/gliptoneeurope.com\\\/fr\\\/produit\\\/coussin-arome-de-cuir\\\/\",\"url\":\"https:\\\/\\\/gliptoneeurope.com\\\/fr\\\/produit\\\/coussin-arome-de-cuir\\\/\",\"name\":\"Tampon aromatique parfum\u00e9 en cuir - Gliptone Europe\",\"isPartOf\":{\"@id\":\"https:\\\/\\\/gliptoneeurope.com\\\/#website\"},\"primaryImageOfPage\":{\"@id\":\"https:\\\/\\\/gliptoneeurope.com\\\/fr\\\/produit\\\/coussin-arome-de-cuir\\\/#primaryimage\"},\"image\":{\"@id\":\"https:\\\/\\\/gliptoneeurope.com\\\/fr\\\/produit\\\/coussin-arome-de-cuir\\\/#primaryimage\"},\"thumbnailUrl\":\"https:\\\/\\\/gliptoneeurope.com\\\/wp-content\\\/uploads\\\/Leather-Scented-Aroma-Pad.jpg\",\"datePublished\":\"2021-01-18T12:34:56+00:00\",\"dateModified\":\"2021-11-30T11:38:42+00:00\",\"description\":\"Pour ceux qui aiment cette toute nouvelle odeur de cuir, nos assainisseurs d'air en cuir et tampons aromatiques en cuir sont parfaits pour vous.\",\"breadcrumb\":{\"@id\":\"https:\\\/\\\/gliptoneeurope.com\\\/fr\\\/produit\\\/coussin-arome-de-cuir\\\/#breadcrumb\"},\"inLanguage\":\"fr-FR\",\"potentialAction\":[{\"@type\":\"ReadAction\",\"target\":[\"https:\\\/\\\/gliptoneeurope.com\\\/fr\\\/produit\\\/coussin-arome-de-cuir\\\/\"]}]},{\"@type\":\"ImageObject\",\"inLanguage\":\"fr-FR\",\"@id\":\"https:\\\/\\\/gliptoneeurope.com\\\/fr\\\/produit\\\/coussin-arome-de-cuir\\\/#primaryimage\",\"url\":\"https:\\\/\\\/gliptoneeurope.com\\\/wp-content\\\/uploads\\\/Leather-Scented-Aroma-Pad.jpg\",\"contentUrl\":\"https:\\\/\\\/gliptoneeurope.com\\\/wp-content\\\/uploads\\\/Leather-Scented-Aroma-Pad.jpg\",\"width\":1478,\"height\":1478},{\"@type\":\"BreadcrumbList\",\"@id\":\"https:\\\/\\\/gliptoneeurope.com\\\/fr\\\/produit\\\/coussin-arome-de-cuir\\\/#breadcrumb\",\"itemListElement\":[{\"@type\":\"ListItem\",\"position\":1,\"name\":\"Home\",\"item\":\"https:\\\/\\\/gliptoneeurope.com\\\/\"},{\"@type\":\"ListItem\",\"position\":2,\"name\":\"Boutique\",\"item\":\"https:\\\/\\\/gliptoneeurope.com\\\/fr\\\/boutique\\\/\"},{\"@type\":\"ListItem\",\"position\":3,\"name\":\"Tampon aromatique parfum\u00e9 en cuir\"}]},{\"@type\":\"WebSite\",\"@id\":\"https:\\\/\\\/gliptoneeurope.com\\\/#website\",\"url\":\"https:\\\/\\\/gliptoneeurope.com\\\/\",\"name\":\"Gliptone Europe\",\"description\":\"Professional Car Detailing Products\",\"publisher\":{\"@id\":\"https:\\\/\\\/gliptoneeurope.com\\\/#organization\"},\"potentialAction\":[{\"@type\":\"SearchAction\",\"target\":{\"@type\":\"EntryPoint\",\"urlTemplate\":\"https:\\\/\\\/gliptoneeurope.com\\\/?s={search_term_string}\"},\"query-input\":{\"@type\":\"PropertyValueSpecification\",\"valueRequired\":true,\"valueName\":\"search_term_string\"}}],\"inLanguage\":\"fr-FR\"},{\"@type\":\"Organization\",\"@id\":\"https:\\\/\\\/gliptoneeurope.com\\\/#organization\",\"name\":\"Gliptone Europe\",\"url\":\"https:\\\/\\\/gliptoneeurope.com\\\/\",\"logo\":{\"@type\":\"ImageObject\",\"inLanguage\":\"fr-FR\",\"@id\":\"https:\\\/\\\/gliptoneeurope.com\\\/#\\\/schema\\\/logo\\\/image\\\/\",\"url\":\"https:\\\/\\\/gliptoneeurope.com\\\/wp-content\\\/uploads\\\/Gliptone_Logo.png\",\"contentUrl\":\"https:\\\/\\\/gliptoneeurope.com\\\/wp-content\\\/uploads\\\/Gliptone_Logo.png\",\"width\":1472,\"height\":607,\"caption\":\"Gliptone Europe\"},\"image\":{\"@id\":\"https:\\\/\\\/gliptoneeurope.com\\\/#\\\/schema\\\/logo\\\/image\\\/\"},\"sameAs\":[\"https:\\\/\\\/www.facebook.com\\\/gliptoneeurope\\\/\",\"https:\\\/\\\/www.instagram.com\\\/gliptoneeurope\\\/\",\"https:\\\/\\\/www.pinterest.co.uk\\\/GliptoneEurope\\\/\"]}]}<\/script>\n<!-- \/ Yoast SEO Premium plugin. -->","yoast_head_json":{"title":"Tampon aromatique parfum\u00e9 en cuir - Gliptone Europe","description":"Pour ceux qui aiment cette toute nouvelle odeur de cuir, nos assainisseurs d'air en cuir et tampons aromatiques en cuir sont parfaits pour vous.","robots":{"index":"index","follow":"follow","max-snippet":"max-snippet:-1","max-image-preview":"max-image-preview:large","max-video-preview":"max-video-preview:-1"},"canonical":"https:\/\/gliptoneeurope.com\/fr\/produit\/coussin-arome-de-cuir\/","og_locale":"fr_FR","og_type":"article","og_title":"Tampon aromatique parfum\u00e9 en cuir","og_description":"Pour ceux qui aiment cette toute nouvelle odeur de cuir, nos assainisseurs d'air en cuir et tampons aromatiques en cuir sont parfaits pour vous. L'odeur","og_url":"https:\/\/gliptoneeurope.com\/fr\/produit\/coussin-arome-de-cuir\/","og_site_name":"Gliptone Europe","article_publisher":"https:\/\/www.facebook.com\/gliptoneeurope\/","article_modified_time":"2021-11-30T11:38:42+00:00","og_image":[{"width":1478,"height":1478,"url":"https:\/\/gliptoneeurope.com\/wp-content\/uploads\/Leather-Scented-Aroma-Pad.jpg","type":"image\/jpeg"}],"twitter_card":"summary_large_image","twitter_misc":{"Dur\u00e9e de lecture estim\u00e9e":"1 minute"},"schema":{"@context":"https:\/\/schema.org","@graph":[{"@type":"WebPage","@id":"https:\/\/gliptoneeurope.com\/fr\/produit\/coussin-arome-de-cuir\/","url":"https:\/\/gliptoneeurope.com\/fr\/produit\/coussin-arome-de-cuir\/","name":"Tampon aromatique parfum\u00e9 en cuir - Gliptone Europe","isPartOf":{"@id":"https:\/\/gliptoneeurope.com\/#website"},"primaryImageOfPage":{"@id":"https:\/\/gliptoneeurope.com\/fr\/produit\/coussin-arome-de-cuir\/#primaryimage"},"image":{"@id":"https:\/\/gliptoneeurope.com\/fr\/produit\/coussin-arome-de-cuir\/#primaryimage"},"thumbnailUrl":"https:\/\/gliptoneeurope.com\/wp-content\/uploads\/Leather-Scented-Aroma-Pad.jpg","datePublished":"2021-01-18T12:34:56+00:00","dateModified":"2021-11-30T11:38:42+00:00","description":"Pour ceux qui aiment cette toute nouvelle odeur de cuir, nos assainisseurs d'air en cuir et tampons aromatiques en cuir sont parfaits pour vous.","breadcrumb":{"@id":"https:\/\/gliptoneeurope.com\/fr\/produit\/coussin-arome-de-cuir\/#breadcrumb"},"inLanguage":"fr-FR","potentialAction":[{"@type":"ReadAction","target":["https:\/\/gliptoneeurope.com\/fr\/produit\/coussin-arome-de-cuir\/"]}]},{"@type":"ImageObject","inLanguage":"fr-FR","@id":"https:\/\/gliptoneeurope.com\/fr\/produit\/coussin-arome-de-cuir\/#primaryimage","url":"https:\/\/gliptoneeurope.com\/wp-content\/uploads\/Leather-Scented-Aroma-Pad.jpg","contentUrl":"https:\/\/gliptoneeurope.com\/wp-content\/uploads\/Leather-Scented-Aroma-Pad.jpg","width":1478,"height":1478},{"@type":"BreadcrumbList","@id":"https:\/\/gliptoneeurope.com\/fr\/produit\/coussin-arome-de-cuir\/#breadcrumb","itemListElement":[{"@type":"ListItem","position":1,"name":"Home","item":"https:\/\/gliptoneeurope.com\/"},{"@type":"ListItem","position":2,"name":"Boutique","item":"https:\/\/gliptoneeurope.com\/fr\/boutique\/"},{"@type":"ListItem","position":3,"name":"Tampon aromatique parfum\u00e9 en cuir"}]},{"@type":"WebSite","@id":"https:\/\/gliptoneeurope.com\/#website","url":"https:\/\/gliptoneeurope.com\/","name":"Gliptone Europe","description":"Professional Car Detailing Products","publisher":{"@id":"https:\/\/gliptoneeurope.com\/#organization"},"potentialAction":[{"@type":"SearchAction","target":{"@type":"EntryPoint","urlTemplate":"https:\/\/gliptoneeurope.com\/?s={search_term_string}"},"query-input":{"@type":"PropertyValueSpecification","valueRequired":true,"valueName":"search_term_string"}}],"inLanguage":"fr-FR"},{"@type":"Organization","@id":"https:\/\/gliptoneeurope.com\/#organization","name":"Gliptone Europe","url":"https:\/\/gliptoneeurope.com\/","logo":{"@type":"ImageObject","inLanguage":"fr-FR","@id":"https:\/\/gliptoneeurope.com\/#\/schema\/logo\/image\/","url":"https:\/\/gliptoneeurope.com\/wp-content\/uploads\/Gliptone_Logo.png","contentUrl":"https:\/\/gliptoneeurope.com\/wp-content\/uploads\/Gliptone_Logo.png","width":1472,"height":607,"caption":"Gliptone Europe"},"image":{"@id":"https:\/\/gliptoneeurope.com\/#\/schema\/logo\/image\/"},"sameAs":["https:\/\/www.facebook.com\/gliptoneeurope\/","https:\/\/www.instagram.com\/gliptoneeurope\/","https:\/\/www.pinterest.co.uk\/GliptoneEurope\/"]}]}},"wcpa_form_fields":null,"_links":{"self":[{"href":"https:\/\/gliptoneeurope.com\/fr\/wp-json\/wp\/v2\/product\/11722","targetHints":{"allow":["GET"]}}],"collection":[{"href":"https:\/\/gliptoneeurope.com\/fr\/wp-json\/wp\/v2\/product"}],"about":[{"href":"https:\/\/gliptoneeurope.com\/fr\/wp-json\/wp\/v2\/types\/product"}],"wp:featuredmedia":[{"embeddable":true,"href":"https:\/\/gliptoneeurope.com\/fr\/wp-json\/wp\/v2\/media\/10684"}],"wp:attachment":[{"href":"https:\/\/gliptoneeurope.com\/fr\/wp-json\/wp\/v2\/media?parent=11722"}],"wp:term":[{"taxonomy":"product_brand","embeddable":true,"href":"https:\/\/gliptoneeurope.com\/fr\/wp-json\/wp\/v2\/product_brand?post=11722"},{"taxonomy":"product_cat","embeddable":true,"href":"https:\/\/gliptoneeurope.com\/fr\/wp-json\/wp\/v2\/product_cat?post=11722"},{"taxonomy":"product_tag","embeddable":true,"href":"https:\/\/gliptoneeurope.com\/fr\/wp-json\/wp\/v2\/product_tag?post=11722"}],"curies":[{"name":"wp","href":"https:\/\/api.w.org\/{rel}","templated":true}]}}