{"id":11620,"date":"2021-05-11T13:36:33","date_gmt":"2021-11-30T11:37:20","guid":{"rendered":"https:\/\/gliptoneeurope.com\/product\/buff-extra-lourd-950ml-32oz\/"},"modified":"2021-11-30T11:37:20","modified_gmt":"2021-11-30T11:37:20","slug":"extra-lourd-buff-950ml-32oz","status":"publish","type":"product","link":"https:\/\/gliptoneeurope.com\/fr\/produit\/extra-lourd-buff-950ml-32oz\/","title":{"rendered":"Buff Extra Lourd 950ml (32oz)"},"content":{"rendered":"<p>Extra Heavy Buff Clear est notre compos\u00e9 enti\u00e8rement \u00e0 base d&#8217;eau et sans silicone qui \u00e9liminera les rayures importantes (grain 1000 &#8211; 1500), les d\u00e9fauts de peinture et l&#8217;oxydation \u00e0 l&#8217;aide de la technologie abrasive synth\u00e9tique.<\/p>\n<p>Extreme Heavy Buff redonnera aux vernis transparents leur finition brillante d&#8217;origine sans \u00ab r\u00e9curer \u00bb ni \u00ab tourbillonner \u00bb la finition.<\/p>\n<p>Peut \u00eatre utilis\u00e9 \u00e0 la main, avec un tampon orbital ou une polisseuse \u00e0 vitesse variable avec des tampons en mousse ou en laine.<\/p>\n<p><a href=\"https:\/\/gliptoneeurope.com\/product\/one-step-1-gall-3-8l\/\">One-Step<\/a> est une excellente alternative au compos\u00e9 de polissage pour un usage professionnel, disponible \u00e0 l&#8217;achat dans une bouteille de 3,8 L (1 gallon).<\/p>\n<p>&nbsp;<\/p>\n","protected":false},"excerpt":{"rendered":"<p>Extra Heavy Buff Clear est notre compos\u00e9 enti\u00e8rement \u00e0 base d&#8217;eau et sans silicone qui \u00e9liminera les rayures importantes (grain 1000 &#8211; 1500), les d\u00e9fauts de peinture et l&#8217;oxydation \u00e0 l&#8217;aide de la technologie abrasive synth\u00e9tique. Extreme Heavy Buff redonnera aux vernis transparents leur finition brillante d&#8217;origine sans \u00ab r\u00e9curer \u00bb ni \u00ab tourbillonner \u00bb [&hellip;]<\/p>\n","protected":false},"featured_media":10922,"template":"","meta":[],"product_brand":[],"product_cat":[103,94,109],"product_tag":[],"class_list":{"0":"post-11620","1":"product","2":"type-product","3":"status-publish","4":"has-post-thumbnail","6":"product_cat-decorateurs-dexterieur-polissoirs","7":"product_cat-nouveaux-produits","8":"product_cat-produits-professionnels","10":"first","11":"instock","12":"taxable","13":"shipping-taxable","14":"purchasable","15":"product-type-simple"},"yoast_head":"<!-- This site is optimized with the Yoast SEO Premium plugin v21.4 (Yoast SEO v27.4) - https:\/\/yoast.com\/product\/yoast-seo-premium-wordpress\/ -->\n<title>Buff Extra Lourd 950ml (32oz) - Gliptone Europe<\/title>\n<meta name=\"description\" content=\"Extra Heavy Buff est notre compos\u00e9 enti\u00e8rement \u00e0 base d&#039;eau et sans silicone qui \u00e9liminera les rayures importantes, les d\u00e9fauts de peinture et l&#039;oxydation.\" \/>\n<meta name=\"robots\" content=\"index, follow, max-snippet:-1, max-image-preview:large, max-video-preview:-1\" \/>\n<link rel=\"canonical\" href=\"https:\/\/gliptoneeurope.com\/produit\/extra-heavy-buff-950ml-32oz\/\" \/>\n<meta property=\"og:locale\" content=\"fr_FR\" \/>\n<meta property=\"og:type\" content=\"article\" \/>\n<meta property=\"og:title\" content=\"Buff Extra Lourd 950ml (32oz)\" \/>\n<meta property=\"og:description\" content=\"Extra Heavy Buff Clear est notre compos\u00e9 enti\u00e8rement \u00e0 base d&#039;eau et sans silicone qui \u00e9liminera les rayures importantes (grain 1000 - 1500), les d\u00e9fauts\" \/>\n<meta property=\"og:url\" content=\"https:\/\/gliptoneeurope.com\/produit\/extra-heavy-buff-950ml-32oz\/\" \/>\n<meta property=\"og:site_name\" content=\"Gliptone Europe\" \/>\n<meta property=\"article:publisher\" content=\"https:\/\/www.facebook.com\/gliptoneeurope\/\" \/>\n<meta property=\"og:image\" content=\"https:\/\/gliptoneeurope.com\/wp-content\/uploads\/Extra-Heavy-Buff-950ml-32oz.jpg\" \/>\n\t<meta property=\"og:image:width\" content=\"1417\" \/>\n\t<meta property=\"og:image:height\" content=\"1417\" \/>\n\t<meta property=\"og:image:type\" content=\"image\/jpeg\" \/>\n<meta name=\"twitter:card\" content=\"summary_large_image\" \/>\n<script type=\"application\/ld+json\" class=\"yoast-schema-graph\">{\"@context\":\"https:\\\/\\\/schema.org\",\"@graph\":[{\"@type\":\"WebPage\",\"@id\":\"https:\\\/\\\/gliptoneeurope.com\\\/produit\\\/extra-heavy-buff-950ml-32oz\\\/\",\"url\":\"https:\\\/\\\/gliptoneeurope.com\\\/produit\\\/extra-heavy-buff-950ml-32oz\\\/\",\"name\":\"Buff Extra Lourd 950ml (32oz) - Gliptone Europe\",\"isPartOf\":{\"@id\":\"https:\\\/\\\/gliptoneeurope.com\\\/#website\"},\"primaryImageOfPage\":{\"@id\":\"https:\\\/\\\/gliptoneeurope.com\\\/produit\\\/extra-heavy-buff-950ml-32oz\\\/#primaryimage\"},\"image\":{\"@id\":\"https:\\\/\\\/gliptoneeurope.com\\\/produit\\\/extra-heavy-buff-950ml-32oz\\\/#primaryimage\"},\"thumbnailUrl\":\"https:\\\/\\\/gliptoneeurope.com\\\/wp-content\\\/uploads\\\/Extra-Heavy-Buff-950ml-32oz.jpg\",\"datePublished\":\"2021-11-30T11:37:20+00:00\",\"description\":\"Extra Heavy Buff est notre compos\u00e9 enti\u00e8rement \u00e0 base d'eau et sans silicone qui \u00e9liminera les rayures importantes, les d\u00e9fauts de peinture et l'oxydation.\",\"breadcrumb\":{\"@id\":\"https:\\\/\\\/gliptoneeurope.com\\\/produit\\\/extra-heavy-buff-950ml-32oz\\\/#breadcrumb\"},\"inLanguage\":\"fr-FR\",\"potentialAction\":[{\"@type\":\"ReadAction\",\"target\":[\"https:\\\/\\\/gliptoneeurope.com\\\/produit\\\/extra-heavy-buff-950ml-32oz\\\/\"]}]},{\"@type\":\"ImageObject\",\"inLanguage\":\"fr-FR\",\"@id\":\"https:\\\/\\\/gliptoneeurope.com\\\/produit\\\/extra-heavy-buff-950ml-32oz\\\/#primaryimage\",\"url\":\"https:\\\/\\\/gliptoneeurope.com\\\/wp-content\\\/uploads\\\/Extra-Heavy-Buff-950ml-32oz.jpg\",\"contentUrl\":\"https:\\\/\\\/gliptoneeurope.com\\\/wp-content\\\/uploads\\\/Extra-Heavy-Buff-950ml-32oz.jpg\",\"width\":1417,\"height\":1417},{\"@type\":\"BreadcrumbList\",\"@id\":\"https:\\\/\\\/gliptoneeurope.com\\\/produit\\\/extra-heavy-buff-950ml-32oz\\\/#breadcrumb\",\"itemListElement\":[{\"@type\":\"ListItem\",\"position\":1,\"name\":\"Home\",\"item\":\"https:\\\/\\\/gliptoneeurope.com\\\/\"},{\"@type\":\"ListItem\",\"position\":2,\"name\":\"Boutique\",\"item\":\"https:\\\/\\\/gliptoneeurope.com\\\/fr\\\/boutique\\\/\"},{\"@type\":\"ListItem\",\"position\":3,\"name\":\"Buff Extra Lourd 950ml (32oz)\"}]},{\"@type\":\"WebSite\",\"@id\":\"https:\\\/\\\/gliptoneeurope.com\\\/#website\",\"url\":\"https:\\\/\\\/gliptoneeurope.com\\\/\",\"name\":\"Gliptone Europe\",\"description\":\"Professional Car Detailing Products\",\"publisher\":{\"@id\":\"https:\\\/\\\/gliptoneeurope.com\\\/#organization\"},\"potentialAction\":[{\"@type\":\"SearchAction\",\"target\":{\"@type\":\"EntryPoint\",\"urlTemplate\":\"https:\\\/\\\/gliptoneeurope.com\\\/?s={search_term_string}\"},\"query-input\":{\"@type\":\"PropertyValueSpecification\",\"valueRequired\":true,\"valueName\":\"search_term_string\"}}],\"inLanguage\":\"fr-FR\"},{\"@type\":\"Organization\",\"@id\":\"https:\\\/\\\/gliptoneeurope.com\\\/#organization\",\"name\":\"Gliptone Europe\",\"url\":\"https:\\\/\\\/gliptoneeurope.com\\\/\",\"logo\":{\"@type\":\"ImageObject\",\"inLanguage\":\"fr-FR\",\"@id\":\"https:\\\/\\\/gliptoneeurope.com\\\/#\\\/schema\\\/logo\\\/image\\\/\",\"url\":\"https:\\\/\\\/gliptoneeurope.com\\\/wp-content\\\/uploads\\\/Gliptone_Logo.png\",\"contentUrl\":\"https:\\\/\\\/gliptoneeurope.com\\\/wp-content\\\/uploads\\\/Gliptone_Logo.png\",\"width\":1472,\"height\":607,\"caption\":\"Gliptone Europe\"},\"image\":{\"@id\":\"https:\\\/\\\/gliptoneeurope.com\\\/#\\\/schema\\\/logo\\\/image\\\/\"},\"sameAs\":[\"https:\\\/\\\/www.facebook.com\\\/gliptoneeurope\\\/\",\"https:\\\/\\\/www.instagram.com\\\/gliptoneeurope\\\/\",\"https:\\\/\\\/www.pinterest.co.uk\\\/GliptoneEurope\\\/\"]}]}<\/script>\n<!-- \/ Yoast SEO Premium plugin. -->","yoast_head_json":{"title":"Buff Extra Lourd 950ml (32oz) - Gliptone Europe","description":"Extra Heavy Buff est notre compos\u00e9 enti\u00e8rement \u00e0 base d'eau et sans silicone qui \u00e9liminera les rayures importantes, les d\u00e9fauts de peinture et l'oxydation.","robots":{"index":"index","follow":"follow","max-snippet":"max-snippet:-1","max-image-preview":"max-image-preview:large","max-video-preview":"max-video-preview:-1"},"canonical":"https:\/\/gliptoneeurope.com\/produit\/extra-heavy-buff-950ml-32oz\/","og_locale":"fr_FR","og_type":"article","og_title":"Buff Extra Lourd 950ml (32oz)","og_description":"Extra Heavy Buff Clear est notre compos\u00e9 enti\u00e8rement \u00e0 base d'eau et sans silicone qui \u00e9liminera les rayures importantes (grain 1000 - 1500), les d\u00e9fauts","og_url":"https:\/\/gliptoneeurope.com\/produit\/extra-heavy-buff-950ml-32oz\/","og_site_name":"Gliptone Europe","article_publisher":"https:\/\/www.facebook.com\/gliptoneeurope\/","og_image":[{"width":1417,"height":1417,"url":"https:\/\/gliptoneeurope.com\/wp-content\/uploads\/Extra-Heavy-Buff-950ml-32oz.jpg","type":"image\/jpeg"}],"twitter_card":"summary_large_image","schema":{"@context":"https:\/\/schema.org","@graph":[{"@type":"WebPage","@id":"https:\/\/gliptoneeurope.com\/produit\/extra-heavy-buff-950ml-32oz\/","url":"https:\/\/gliptoneeurope.com\/produit\/extra-heavy-buff-950ml-32oz\/","name":"Buff Extra Lourd 950ml (32oz) - Gliptone Europe","isPartOf":{"@id":"https:\/\/gliptoneeurope.com\/#website"},"primaryImageOfPage":{"@id":"https:\/\/gliptoneeurope.com\/produit\/extra-heavy-buff-950ml-32oz\/#primaryimage"},"image":{"@id":"https:\/\/gliptoneeurope.com\/produit\/extra-heavy-buff-950ml-32oz\/#primaryimage"},"thumbnailUrl":"https:\/\/gliptoneeurope.com\/wp-content\/uploads\/Extra-Heavy-Buff-950ml-32oz.jpg","datePublished":"2021-11-30T11:37:20+00:00","description":"Extra Heavy Buff est notre compos\u00e9 enti\u00e8rement \u00e0 base d'eau et sans silicone qui \u00e9liminera les rayures importantes, les d\u00e9fauts de peinture et l'oxydation.","breadcrumb":{"@id":"https:\/\/gliptoneeurope.com\/produit\/extra-heavy-buff-950ml-32oz\/#breadcrumb"},"inLanguage":"fr-FR","potentialAction":[{"@type":"ReadAction","target":["https:\/\/gliptoneeurope.com\/produit\/extra-heavy-buff-950ml-32oz\/"]}]},{"@type":"ImageObject","inLanguage":"fr-FR","@id":"https:\/\/gliptoneeurope.com\/produit\/extra-heavy-buff-950ml-32oz\/#primaryimage","url":"https:\/\/gliptoneeurope.com\/wp-content\/uploads\/Extra-Heavy-Buff-950ml-32oz.jpg","contentUrl":"https:\/\/gliptoneeurope.com\/wp-content\/uploads\/Extra-Heavy-Buff-950ml-32oz.jpg","width":1417,"height":1417},{"@type":"BreadcrumbList","@id":"https:\/\/gliptoneeurope.com\/produit\/extra-heavy-buff-950ml-32oz\/#breadcrumb","itemListElement":[{"@type":"ListItem","position":1,"name":"Home","item":"https:\/\/gliptoneeurope.com\/"},{"@type":"ListItem","position":2,"name":"Boutique","item":"https:\/\/gliptoneeurope.com\/fr\/boutique\/"},{"@type":"ListItem","position":3,"name":"Buff Extra Lourd 950ml (32oz)"}]},{"@type":"WebSite","@id":"https:\/\/gliptoneeurope.com\/#website","url":"https:\/\/gliptoneeurope.com\/","name":"Gliptone Europe","description":"Professional Car Detailing Products","publisher":{"@id":"https:\/\/gliptoneeurope.com\/#organization"},"potentialAction":[{"@type":"SearchAction","target":{"@type":"EntryPoint","urlTemplate":"https:\/\/gliptoneeurope.com\/?s={search_term_string}"},"query-input":{"@type":"PropertyValueSpecification","valueRequired":true,"valueName":"search_term_string"}}],"inLanguage":"fr-FR"},{"@type":"Organization","@id":"https:\/\/gliptoneeurope.com\/#organization","name":"Gliptone Europe","url":"https:\/\/gliptoneeurope.com\/","logo":{"@type":"ImageObject","inLanguage":"fr-FR","@id":"https:\/\/gliptoneeurope.com\/#\/schema\/logo\/image\/","url":"https:\/\/gliptoneeurope.com\/wp-content\/uploads\/Gliptone_Logo.png","contentUrl":"https:\/\/gliptoneeurope.com\/wp-content\/uploads\/Gliptone_Logo.png","width":1472,"height":607,"caption":"Gliptone Europe"},"image":{"@id":"https:\/\/gliptoneeurope.com\/#\/schema\/logo\/image\/"},"sameAs":["https:\/\/www.facebook.com\/gliptoneeurope\/","https:\/\/www.instagram.com\/gliptoneeurope\/","https:\/\/www.pinterest.co.uk\/GliptoneEurope\/"]}]}},"wcpa_form_fields":null,"_links":{"self":[{"href":"https:\/\/gliptoneeurope.com\/fr\/wp-json\/wp\/v2\/product\/11620","targetHints":{"allow":["GET"]}}],"collection":[{"href":"https:\/\/gliptoneeurope.com\/fr\/wp-json\/wp\/v2\/product"}],"about":[{"href":"https:\/\/gliptoneeurope.com\/fr\/wp-json\/wp\/v2\/types\/product"}],"wp:featuredmedia":[{"embeddable":true,"href":"https:\/\/gliptoneeurope.com\/fr\/wp-json\/wp\/v2\/media\/10922"}],"wp:attachment":[{"href":"https:\/\/gliptoneeurope.com\/fr\/wp-json\/wp\/v2\/media?parent=11620"}],"wp:term":[{"taxonomy":"product_brand","embeddable":true,"href":"https:\/\/gliptoneeurope.com\/fr\/wp-json\/wp\/v2\/product_brand?post=11620"},{"taxonomy":"product_cat","embeddable":true,"href":"https:\/\/gliptoneeurope.com\/fr\/wp-json\/wp\/v2\/product_cat?post=11620"},{"taxonomy":"product_tag","embeddable":true,"href":"https:\/\/gliptoneeurope.com\/fr\/wp-json\/wp\/v2\/product_tag?post=11620"}],"curies":[{"name":"wp","href":"https:\/\/api.w.org\/{rel}","templated":true}]}}