{"id":11618,"date":"2021-03-19T16:00:37","date_gmt":"2021-11-30T11:37:19","guid":{"rendered":"https:\/\/gliptoneeurope.com\/product\/65ml-gt15-nettoyant-doux-pour-le-cuir-echantillon-gratuit\/"},"modified":"2023-12-04T16:37:17","modified_gmt":"2023-12-04T16:37:17","slug":"gt15-doux-nettoyant-cuir-echantillon-gratuit","status":"publish","type":"product","link":"https:\/\/gliptoneeurope.com\/fr\/produit\/gt15-doux-nettoyant-cuir-echantillon-gratuit\/","title":{"rendered":"65ml &#8211; GT15 Nettoyant doux pour le cuir \u00c9chantillon GRATUIT"},"content":{"rendered":"<p>Un nettoyage r\u00e9gulier du cuir lui permettra de conserver son aspect. Le spray \u00e0 g\u00e2chette <a href=\"https:\/\/gliptoneeurope.com\/product\/gentle-leather-cleaner\/\">GT15 Gentle Leather Cleaner<\/a> est un nettoyant d&#8217;entretien s\u00fbr \u00e0 utiliser sur les cuirs \u00e0 grain scell\u00e9s et corrig\u00e9s l\u00e9g\u00e8rement souill\u00e9s. Il nettoie \u00e9galement en toute s\u00e9curit\u00e9 et efficacement les tissus et l&#8217;Alcantara\u00ae (imitation daim). <a href=\"https:\/\/gliptoneeurope.com\/product\/gentle-leather-cleaner\/\">Le nettoyant doux pour cuir GT15<\/a> peut \u00eatre utilis\u00e9 chaque semaine si vous le souhaitez. Convient aux zones soumises au contact des mains et des cheveux et pour nettoyer le cuir avant le conditionnement. Les tapissiers en cuir ne jurent que par ce produit pour nettoyer et entretenir le cuir.<\/p>\n<p>\u00c9chantillon GRATUIT de 65 ml.<\/p>\n","protected":false},"excerpt":{"rendered":"<p>Un nettoyage r\u00e9gulier du cuir lui permettra de conserver son aspect. Le spray \u00e0 g\u00e2chette GT15 Gentle Leather Cleaner est un nettoyant d&#8217;entretien s\u00fbr \u00e0 utiliser sur les cuirs \u00e0 grain scell\u00e9s et corrig\u00e9s l\u00e9g\u00e8rement souill\u00e9s. Il nettoie \u00e9galement en toute s\u00e9curit\u00e9 et efficacement les tissus et l&#8217;Alcantara\u00ae (imitation daim). Le nettoyant doux pour cuir [&hellip;]<\/p>\n","protected":false},"featured_media":10648,"template":"","meta":[],"product_brand":[],"product_cat":[114],"product_tag":[],"class_list":{"0":"post-11618","1":"product","2":"type-product","3":"status-publish","4":"has-post-thumbnail","6":"product_cat-cuir","8":"first","9":"instock","10":"taxable","11":"shipping-taxable","12":"purchasable","13":"product-type-simple"},"yoast_head":"<!-- This site is optimized with the Yoast SEO Premium plugin v21.4 (Yoast SEO v27.4) - https:\/\/yoast.com\/product\/yoast-seo-premium-wordpress\/ -->\n<title>65ml - GT15 Nettoyant doux pour le cuir \u00c9chantillon GRATUIT - Gliptone Europe<\/title>\n<meta name=\"description\" content=\"Gentle Cleaner peut \u00eatre utilis\u00e9 sur les cuirs \u00e0 grain scell\u00e9 et corrig\u00e9 l\u00e9g\u00e8rement souill\u00e9s. Il nettoie \u00e9galement en toute s\u00e9curit\u00e9 et efficacement les tissus et l&#039;Alcantara.\" \/>\n<meta name=\"robots\" content=\"index, follow, max-snippet:-1, max-image-preview:large, max-video-preview:-1\" \/>\n<link rel=\"canonical\" href=\"https:\/\/gliptoneeurope.com\/fr\/produit\/gt15-doux-nettoyant-cuir-echantillon-gratuit\/\" \/>\n<meta property=\"og:locale\" content=\"fr_FR\" \/>\n<meta property=\"og:type\" content=\"article\" \/>\n<meta property=\"og:title\" content=\"65ml - GT15 Nettoyant doux pour le cuir \u00c9chantillon GRATUIT\" \/>\n<meta property=\"og:description\" content=\"Un nettoyage r\u00e9gulier du cuir lui permettra de conserver son aspect. Le spray \u00e0 g\u00e2chette GT15 Gentle Leather Cleaner est un nettoyant d&#039;entretien s\u00fbr \u00e0\" \/>\n<meta property=\"og:url\" content=\"https:\/\/gliptoneeurope.com\/fr\/produit\/gt15-doux-nettoyant-cuir-echantillon-gratuit\/\" \/>\n<meta property=\"og:site_name\" content=\"Gliptone Europe\" \/>\n<meta property=\"article:publisher\" content=\"https:\/\/www.facebook.com\/gliptoneeurope\/\" \/>\n<meta property=\"article:modified_time\" content=\"2023-12-04T16:37:17+00:00\" \/>\n<meta property=\"og:image\" content=\"https:\/\/gliptoneeurope.com\/wp-content\/uploads\/Gentle-Cleaner-1L.jpg\" \/>\n\t<meta property=\"og:image:width\" content=\"1365\" \/>\n\t<meta property=\"og:image:height\" content=\"1365\" \/>\n\t<meta property=\"og:image:type\" content=\"image\/jpeg\" \/>\n<meta name=\"twitter:card\" content=\"summary_large_image\" \/>\n<meta name=\"twitter:label1\" content=\"Dur\u00e9e de lecture estim\u00e9e\" \/>\n\t<meta name=\"twitter:data1\" content=\"1 minute\" \/>\n<script type=\"application\/ld+json\" class=\"yoast-schema-graph\">{\"@context\":\"https:\\\/\\\/schema.org\",\"@graph\":[{\"@type\":\"WebPage\",\"@id\":\"https:\\\/\\\/gliptoneeurope.com\\\/fr\\\/produit\\\/gt15-doux-nettoyant-cuir-echantillon-gratuit\\\/\",\"url\":\"https:\\\/\\\/gliptoneeurope.com\\\/fr\\\/produit\\\/gt15-doux-nettoyant-cuir-echantillon-gratuit\\\/\",\"name\":\"65ml - GT15 Nettoyant doux pour le cuir \u00c9chantillon GRATUIT - Gliptone Europe\",\"isPartOf\":{\"@id\":\"https:\\\/\\\/gliptoneeurope.com\\\/#website\"},\"primaryImageOfPage\":{\"@id\":\"https:\\\/\\\/gliptoneeurope.com\\\/fr\\\/produit\\\/gt15-doux-nettoyant-cuir-echantillon-gratuit\\\/#primaryimage\"},\"image\":{\"@id\":\"https:\\\/\\\/gliptoneeurope.com\\\/fr\\\/produit\\\/gt15-doux-nettoyant-cuir-echantillon-gratuit\\\/#primaryimage\"},\"thumbnailUrl\":\"https:\\\/\\\/gliptoneeurope.com\\\/wp-content\\\/uploads\\\/Gentle-Cleaner-1L.jpg\",\"datePublished\":\"2021-11-30T11:37:19+00:00\",\"dateModified\":\"2023-12-04T16:37:17+00:00\",\"description\":\"Gentle Cleaner peut \u00eatre utilis\u00e9 sur les cuirs \u00e0 grain scell\u00e9 et corrig\u00e9 l\u00e9g\u00e8rement souill\u00e9s. Il nettoie \u00e9galement en toute s\u00e9curit\u00e9 et efficacement les tissus et l'Alcantara.\",\"breadcrumb\":{\"@id\":\"https:\\\/\\\/gliptoneeurope.com\\\/fr\\\/produit\\\/gt15-doux-nettoyant-cuir-echantillon-gratuit\\\/#breadcrumb\"},\"inLanguage\":\"fr-FR\",\"potentialAction\":[{\"@type\":\"ReadAction\",\"target\":[\"https:\\\/\\\/gliptoneeurope.com\\\/fr\\\/produit\\\/gt15-doux-nettoyant-cuir-echantillon-gratuit\\\/\"]}]},{\"@type\":\"ImageObject\",\"inLanguage\":\"fr-FR\",\"@id\":\"https:\\\/\\\/gliptoneeurope.com\\\/fr\\\/produit\\\/gt15-doux-nettoyant-cuir-echantillon-gratuit\\\/#primaryimage\",\"url\":\"https:\\\/\\\/gliptoneeurope.com\\\/wp-content\\\/uploads\\\/Gentle-Cleaner-1L.jpg\",\"contentUrl\":\"https:\\\/\\\/gliptoneeurope.com\\\/wp-content\\\/uploads\\\/Gentle-Cleaner-1L.jpg\",\"width\":1365,\"height\":1365},{\"@type\":\"BreadcrumbList\",\"@id\":\"https:\\\/\\\/gliptoneeurope.com\\\/fr\\\/produit\\\/gt15-doux-nettoyant-cuir-echantillon-gratuit\\\/#breadcrumb\",\"itemListElement\":[{\"@type\":\"ListItem\",\"position\":1,\"name\":\"Home\",\"item\":\"https:\\\/\\\/gliptoneeurope.com\\\/\"},{\"@type\":\"ListItem\",\"position\":2,\"name\":\"Boutique\",\"item\":\"https:\\\/\\\/gliptoneeurope.com\\\/fr\\\/boutique\\\/\"},{\"@type\":\"ListItem\",\"position\":3,\"name\":\"65ml &#8211; GT15 Nettoyant doux pour le cuir \u00c9chantillon GRATUIT\"}]},{\"@type\":\"WebSite\",\"@id\":\"https:\\\/\\\/gliptoneeurope.com\\\/#website\",\"url\":\"https:\\\/\\\/gliptoneeurope.com\\\/\",\"name\":\"Gliptone Europe\",\"description\":\"Professional Car Detailing Products\",\"publisher\":{\"@id\":\"https:\\\/\\\/gliptoneeurope.com\\\/#organization\"},\"potentialAction\":[{\"@type\":\"SearchAction\",\"target\":{\"@type\":\"EntryPoint\",\"urlTemplate\":\"https:\\\/\\\/gliptoneeurope.com\\\/?s={search_term_string}\"},\"query-input\":{\"@type\":\"PropertyValueSpecification\",\"valueRequired\":true,\"valueName\":\"search_term_string\"}}],\"inLanguage\":\"fr-FR\"},{\"@type\":\"Organization\",\"@id\":\"https:\\\/\\\/gliptoneeurope.com\\\/#organization\",\"name\":\"Gliptone Europe\",\"url\":\"https:\\\/\\\/gliptoneeurope.com\\\/\",\"logo\":{\"@type\":\"ImageObject\",\"inLanguage\":\"fr-FR\",\"@id\":\"https:\\\/\\\/gliptoneeurope.com\\\/#\\\/schema\\\/logo\\\/image\\\/\",\"url\":\"https:\\\/\\\/gliptoneeurope.com\\\/wp-content\\\/uploads\\\/Gliptone_Logo.png\",\"contentUrl\":\"https:\\\/\\\/gliptoneeurope.com\\\/wp-content\\\/uploads\\\/Gliptone_Logo.png\",\"width\":1472,\"height\":607,\"caption\":\"Gliptone Europe\"},\"image\":{\"@id\":\"https:\\\/\\\/gliptoneeurope.com\\\/#\\\/schema\\\/logo\\\/image\\\/\"},\"sameAs\":[\"https:\\\/\\\/www.facebook.com\\\/gliptoneeurope\\\/\",\"https:\\\/\\\/www.instagram.com\\\/gliptoneeurope\\\/\",\"https:\\\/\\\/www.pinterest.co.uk\\\/GliptoneEurope\\\/\"]}]}<\/script>\n<!-- \/ Yoast SEO Premium plugin. -->","yoast_head_json":{"title":"65ml - GT15 Nettoyant doux pour le cuir \u00c9chantillon GRATUIT - Gliptone Europe","description":"Gentle Cleaner peut \u00eatre utilis\u00e9 sur les cuirs \u00e0 grain scell\u00e9 et corrig\u00e9 l\u00e9g\u00e8rement souill\u00e9s. Il nettoie \u00e9galement en toute s\u00e9curit\u00e9 et efficacement les tissus et l'Alcantara.","robots":{"index":"index","follow":"follow","max-snippet":"max-snippet:-1","max-image-preview":"max-image-preview:large","max-video-preview":"max-video-preview:-1"},"canonical":"https:\/\/gliptoneeurope.com\/fr\/produit\/gt15-doux-nettoyant-cuir-echantillon-gratuit\/","og_locale":"fr_FR","og_type":"article","og_title":"65ml - GT15 Nettoyant doux pour le cuir \u00c9chantillon GRATUIT","og_description":"Un nettoyage r\u00e9gulier du cuir lui permettra de conserver son aspect. Le spray \u00e0 g\u00e2chette GT15 Gentle Leather Cleaner est un nettoyant d'entretien s\u00fbr \u00e0","og_url":"https:\/\/gliptoneeurope.com\/fr\/produit\/gt15-doux-nettoyant-cuir-echantillon-gratuit\/","og_site_name":"Gliptone Europe","article_publisher":"https:\/\/www.facebook.com\/gliptoneeurope\/","article_modified_time":"2023-12-04T16:37:17+00:00","og_image":[{"width":1365,"height":1365,"url":"https:\/\/gliptoneeurope.com\/wp-content\/uploads\/Gentle-Cleaner-1L.jpg","type":"image\/jpeg"}],"twitter_card":"summary_large_image","twitter_misc":{"Dur\u00e9e de lecture estim\u00e9e":"1 minute"},"schema":{"@context":"https:\/\/schema.org","@graph":[{"@type":"WebPage","@id":"https:\/\/gliptoneeurope.com\/fr\/produit\/gt15-doux-nettoyant-cuir-echantillon-gratuit\/","url":"https:\/\/gliptoneeurope.com\/fr\/produit\/gt15-doux-nettoyant-cuir-echantillon-gratuit\/","name":"65ml - GT15 Nettoyant doux pour le cuir \u00c9chantillon GRATUIT - Gliptone Europe","isPartOf":{"@id":"https:\/\/gliptoneeurope.com\/#website"},"primaryImageOfPage":{"@id":"https:\/\/gliptoneeurope.com\/fr\/produit\/gt15-doux-nettoyant-cuir-echantillon-gratuit\/#primaryimage"},"image":{"@id":"https:\/\/gliptoneeurope.com\/fr\/produit\/gt15-doux-nettoyant-cuir-echantillon-gratuit\/#primaryimage"},"thumbnailUrl":"https:\/\/gliptoneeurope.com\/wp-content\/uploads\/Gentle-Cleaner-1L.jpg","datePublished":"2021-11-30T11:37:19+00:00","dateModified":"2023-12-04T16:37:17+00:00","description":"Gentle Cleaner peut \u00eatre utilis\u00e9 sur les cuirs \u00e0 grain scell\u00e9 et corrig\u00e9 l\u00e9g\u00e8rement souill\u00e9s. Il nettoie \u00e9galement en toute s\u00e9curit\u00e9 et efficacement les tissus et l'Alcantara.","breadcrumb":{"@id":"https:\/\/gliptoneeurope.com\/fr\/produit\/gt15-doux-nettoyant-cuir-echantillon-gratuit\/#breadcrumb"},"inLanguage":"fr-FR","potentialAction":[{"@type":"ReadAction","target":["https:\/\/gliptoneeurope.com\/fr\/produit\/gt15-doux-nettoyant-cuir-echantillon-gratuit\/"]}]},{"@type":"ImageObject","inLanguage":"fr-FR","@id":"https:\/\/gliptoneeurope.com\/fr\/produit\/gt15-doux-nettoyant-cuir-echantillon-gratuit\/#primaryimage","url":"https:\/\/gliptoneeurope.com\/wp-content\/uploads\/Gentle-Cleaner-1L.jpg","contentUrl":"https:\/\/gliptoneeurope.com\/wp-content\/uploads\/Gentle-Cleaner-1L.jpg","width":1365,"height":1365},{"@type":"BreadcrumbList","@id":"https:\/\/gliptoneeurope.com\/fr\/produit\/gt15-doux-nettoyant-cuir-echantillon-gratuit\/#breadcrumb","itemListElement":[{"@type":"ListItem","position":1,"name":"Home","item":"https:\/\/gliptoneeurope.com\/"},{"@type":"ListItem","position":2,"name":"Boutique","item":"https:\/\/gliptoneeurope.com\/fr\/boutique\/"},{"@type":"ListItem","position":3,"name":"65ml &#8211; GT15 Nettoyant doux pour le cuir \u00c9chantillon GRATUIT"}]},{"@type":"WebSite","@id":"https:\/\/gliptoneeurope.com\/#website","url":"https:\/\/gliptoneeurope.com\/","name":"Gliptone Europe","description":"Professional Car Detailing Products","publisher":{"@id":"https:\/\/gliptoneeurope.com\/#organization"},"potentialAction":[{"@type":"SearchAction","target":{"@type":"EntryPoint","urlTemplate":"https:\/\/gliptoneeurope.com\/?s={search_term_string}"},"query-input":{"@type":"PropertyValueSpecification","valueRequired":true,"valueName":"search_term_string"}}],"inLanguage":"fr-FR"},{"@type":"Organization","@id":"https:\/\/gliptoneeurope.com\/#organization","name":"Gliptone Europe","url":"https:\/\/gliptoneeurope.com\/","logo":{"@type":"ImageObject","inLanguage":"fr-FR","@id":"https:\/\/gliptoneeurope.com\/#\/schema\/logo\/image\/","url":"https:\/\/gliptoneeurope.com\/wp-content\/uploads\/Gliptone_Logo.png","contentUrl":"https:\/\/gliptoneeurope.com\/wp-content\/uploads\/Gliptone_Logo.png","width":1472,"height":607,"caption":"Gliptone Europe"},"image":{"@id":"https:\/\/gliptoneeurope.com\/#\/schema\/logo\/image\/"},"sameAs":["https:\/\/www.facebook.com\/gliptoneeurope\/","https:\/\/www.instagram.com\/gliptoneeurope\/","https:\/\/www.pinterest.co.uk\/GliptoneEurope\/"]}]}},"wcpa_form_fields":null,"_links":{"self":[{"href":"https:\/\/gliptoneeurope.com\/fr\/wp-json\/wp\/v2\/product\/11618","targetHints":{"allow":["GET"]}}],"collection":[{"href":"https:\/\/gliptoneeurope.com\/fr\/wp-json\/wp\/v2\/product"}],"about":[{"href":"https:\/\/gliptoneeurope.com\/fr\/wp-json\/wp\/v2\/types\/product"}],"wp:featuredmedia":[{"embeddable":true,"href":"https:\/\/gliptoneeurope.com\/fr\/wp-json\/wp\/v2\/media\/10648"}],"wp:attachment":[{"href":"https:\/\/gliptoneeurope.com\/fr\/wp-json\/wp\/v2\/media?parent=11618"}],"wp:term":[{"taxonomy":"product_brand","embeddable":true,"href":"https:\/\/gliptoneeurope.com\/fr\/wp-json\/wp\/v2\/product_brand?post=11618"},{"taxonomy":"product_cat","embeddable":true,"href":"https:\/\/gliptoneeurope.com\/fr\/wp-json\/wp\/v2\/product_cat?post=11618"},{"taxonomy":"product_tag","embeddable":true,"href":"https:\/\/gliptoneeurope.com\/fr\/wp-json\/wp\/v2\/product_tag?post=11618"}],"curies":[{"name":"wp","href":"https:\/\/api.w.org\/{rel}","templated":true}]}}