{"id":11610,"date":"2021-05-11T13:36:32","date_gmt":"2021-11-30T11:37:13","guid":{"rendered":"https:\/\/gliptoneeurope.com\/product\/lubrifiant-corporel-1-gallon-38-l\/"},"modified":"2021-11-30T11:37:13","modified_gmt":"2021-11-30T11:37:13","slug":"corps-lubrifiant-1-gall-3-8l","status":"publish","type":"product","link":"https:\/\/gliptoneeurope.com\/fr\/produit\/corps-lubrifiant-1-gall-3-8l\/","title":{"rendered":"Lubrifiant corporel 1 gallon (3,8 L)"},"content":{"rendered":"<p>Body Lube est le lubrifiant \u00e0 base d&#8217;argile en spray parfait pour Body Bar\u00ae et tous les produits \u00ab&nbsp;de type argile&nbsp;\u00bb offrant un pouvoir lubrifiant de premi\u00e8re qualit\u00e9.<\/p>\n<p>Le produit ne contient pas de cire, de silicone ou de d\u00e9tergents nocifs, ce qui le rend s\u00fbr pour une utilisation en atelier de carrosserie.<\/p>\n<p>Nous recommandons fortement Body Lube comme l&#8217;un de nos meilleurs choix pour l&#8217;application de lubrifiant \u00e0 l&#8217;argile, combin\u00e9 avec notre <a href=\"https:\/\/gliptoneeurope.com\/product\/body-bar-clay-bar\/\">Body Bar, Clay Bar<\/a> .<\/p>\n<p>Body Lube laissera \u00e9galement une protection sur la surface, le distinguant des autres produits similaires de lubrifiant \u00e0 l&#8217;argile et restera \u00e9galement sans traces une fois appliqu\u00e9, m\u00eame en plein soleil.<\/p>\n<p>Ce produit est \u00e9galement disponible en <a href=\"https:\/\/gliptoneeurope.com\/product\/express-exterior-detailer\/\">Express Exterior Detailer<\/a> , dans un plus petit volume de 650 ml (22 oz).<\/p>\n","protected":false},"excerpt":{"rendered":"<p>Body Lube est le lubrifiant \u00e0 base d&#8217;argile en spray parfait pour Body Bar\u00ae et tous les produits \u00ab&nbsp;de type argile&nbsp;\u00bb offrant un pouvoir lubrifiant de premi\u00e8re qualit\u00e9. Le produit ne contient pas de cire, de silicone ou de d\u00e9tergents nocifs, ce qui le rend s\u00fbr pour une utilisation en atelier de carrosserie. Nous recommandons [&hellip;]<\/p>\n","protected":false},"featured_media":10936,"template":"","meta":[],"product_brand":[],"product_cat":[94,109],"product_tag":[],"class_list":{"0":"post-11610","1":"product","2":"type-product","3":"status-publish","4":"has-post-thumbnail","6":"product_cat-nouveaux-produits","7":"product_cat-produits-professionnels","9":"first","10":"instock","11":"taxable","12":"shipping-taxable","13":"purchasable","14":"product-type-simple"},"yoast_head":"<!-- This site is optimized with the Yoast SEO Premium plugin v21.4 (Yoast SEO v27.4) - https:\/\/yoast.com\/product\/yoast-seo-premium-wordpress\/ -->\n<title>Lubrifiant corporel 1 gallon (3,8 L) - Gliptone Europe<\/title>\n<meta name=\"description\" content=\"Body Lube est le lubrifiant \u00e0 base d&#039;argile en spray parfait pour Body Bar\u00ae et tous les produits \u00ab\u00a0de type argile\u00a0\u00bb offrant un pouvoir lubrifiant de premi\u00e8re qualit\u00e9.\" \/>\n<meta name=\"robots\" content=\"index, follow, max-snippet:-1, max-image-preview:large, max-video-preview:-1\" \/>\n<link rel=\"canonical\" href=\"https:\/\/gliptoneeurope.com\/produit\/body-lube-1-gall-3-8l\/\" \/>\n<meta property=\"og:locale\" content=\"fr_FR\" \/>\n<meta property=\"og:type\" content=\"article\" \/>\n<meta property=\"og:title\" content=\"Lubrifiant corporel 1 gallon (3,8 L)\" \/>\n<meta property=\"og:description\" content=\"Body Lube est le lubrifiant \u00e0 base d&#039;argile en spray parfait pour Body Bar\u00ae et tous les produits \u00ab&nbsp;de type argile&nbsp;\u00bb offrant un pouvoir\" \/>\n<meta property=\"og:url\" content=\"https:\/\/gliptoneeurope.com\/produit\/body-lube-1-gall-3-8l\/\" \/>\n<meta property=\"og:site_name\" content=\"Gliptone Europe\" \/>\n<meta property=\"article:publisher\" content=\"https:\/\/www.facebook.com\/gliptoneeurope\/\" \/>\n<meta property=\"og:image\" content=\"https:\/\/gliptoneeurope.com\/wp-content\/uploads\/Body-Lube-1-Gall-3.8L.jpg\" \/>\n\t<meta property=\"og:image:width\" content=\"1493\" \/>\n\t<meta property=\"og:image:height\" content=\"1493\" \/>\n\t<meta property=\"og:image:type\" content=\"image\/jpeg\" \/>\n<meta name=\"twitter:card\" content=\"summary_large_image\" \/>\n<meta name=\"twitter:label1\" content=\"Dur\u00e9e de lecture estim\u00e9e\" \/>\n\t<meta name=\"twitter:data1\" content=\"1 minute\" \/>\n<script type=\"application\/ld+json\" class=\"yoast-schema-graph\">{\"@context\":\"https:\\\/\\\/schema.org\",\"@graph\":[{\"@type\":\"WebPage\",\"@id\":\"https:\\\/\\\/gliptoneeurope.com\\\/produit\\\/body-lube-1-gall-3-8l\\\/\",\"url\":\"https:\\\/\\\/gliptoneeurope.com\\\/produit\\\/body-lube-1-gall-3-8l\\\/\",\"name\":\"Lubrifiant corporel 1 gallon (3,8 L) - Gliptone Europe\",\"isPartOf\":{\"@id\":\"https:\\\/\\\/gliptoneeurope.com\\\/#website\"},\"primaryImageOfPage\":{\"@id\":\"https:\\\/\\\/gliptoneeurope.com\\\/produit\\\/body-lube-1-gall-3-8l\\\/#primaryimage\"},\"image\":{\"@id\":\"https:\\\/\\\/gliptoneeurope.com\\\/produit\\\/body-lube-1-gall-3-8l\\\/#primaryimage\"},\"thumbnailUrl\":\"https:\\\/\\\/gliptoneeurope.com\\\/wp-content\\\/uploads\\\/Body-Lube-1-Gall-3.8L.jpg\",\"datePublished\":\"2021-11-30T11:37:13+00:00\",\"description\":\"Body Lube est le lubrifiant \u00e0 base d'argile en spray parfait pour Body Bar\u00ae et tous les produits \u00ab\u00a0de type argile\u00a0\u00bb offrant un pouvoir lubrifiant de premi\u00e8re qualit\u00e9.\",\"breadcrumb\":{\"@id\":\"https:\\\/\\\/gliptoneeurope.com\\\/produit\\\/body-lube-1-gall-3-8l\\\/#breadcrumb\"},\"inLanguage\":\"fr-FR\",\"potentialAction\":[{\"@type\":\"ReadAction\",\"target\":[\"https:\\\/\\\/gliptoneeurope.com\\\/produit\\\/body-lube-1-gall-3-8l\\\/\"]}]},{\"@type\":\"ImageObject\",\"inLanguage\":\"fr-FR\",\"@id\":\"https:\\\/\\\/gliptoneeurope.com\\\/produit\\\/body-lube-1-gall-3-8l\\\/#primaryimage\",\"url\":\"https:\\\/\\\/gliptoneeurope.com\\\/wp-content\\\/uploads\\\/Body-Lube-1-Gall-3.8L.jpg\",\"contentUrl\":\"https:\\\/\\\/gliptoneeurope.com\\\/wp-content\\\/uploads\\\/Body-Lube-1-Gall-3.8L.jpg\",\"width\":1493,\"height\":1493},{\"@type\":\"BreadcrumbList\",\"@id\":\"https:\\\/\\\/gliptoneeurope.com\\\/produit\\\/body-lube-1-gall-3-8l\\\/#breadcrumb\",\"itemListElement\":[{\"@type\":\"ListItem\",\"position\":1,\"name\":\"Home\",\"item\":\"https:\\\/\\\/gliptoneeurope.com\\\/\"},{\"@type\":\"ListItem\",\"position\":2,\"name\":\"Boutique\",\"item\":\"https:\\\/\\\/gliptoneeurope.com\\\/fr\\\/boutique\\\/\"},{\"@type\":\"ListItem\",\"position\":3,\"name\":\"Lubrifiant corporel 1 gallon (3,8 L)\"}]},{\"@type\":\"WebSite\",\"@id\":\"https:\\\/\\\/gliptoneeurope.com\\\/#website\",\"url\":\"https:\\\/\\\/gliptoneeurope.com\\\/\",\"name\":\"Gliptone Europe\",\"description\":\"Professional Car Detailing Products\",\"publisher\":{\"@id\":\"https:\\\/\\\/gliptoneeurope.com\\\/#organization\"},\"potentialAction\":[{\"@type\":\"SearchAction\",\"target\":{\"@type\":\"EntryPoint\",\"urlTemplate\":\"https:\\\/\\\/gliptoneeurope.com\\\/?s={search_term_string}\"},\"query-input\":{\"@type\":\"PropertyValueSpecification\",\"valueRequired\":true,\"valueName\":\"search_term_string\"}}],\"inLanguage\":\"fr-FR\"},{\"@type\":\"Organization\",\"@id\":\"https:\\\/\\\/gliptoneeurope.com\\\/#organization\",\"name\":\"Gliptone Europe\",\"url\":\"https:\\\/\\\/gliptoneeurope.com\\\/\",\"logo\":{\"@type\":\"ImageObject\",\"inLanguage\":\"fr-FR\",\"@id\":\"https:\\\/\\\/gliptoneeurope.com\\\/#\\\/schema\\\/logo\\\/image\\\/\",\"url\":\"https:\\\/\\\/gliptoneeurope.com\\\/wp-content\\\/uploads\\\/Gliptone_Logo.png\",\"contentUrl\":\"https:\\\/\\\/gliptoneeurope.com\\\/wp-content\\\/uploads\\\/Gliptone_Logo.png\",\"width\":1472,\"height\":607,\"caption\":\"Gliptone Europe\"},\"image\":{\"@id\":\"https:\\\/\\\/gliptoneeurope.com\\\/#\\\/schema\\\/logo\\\/image\\\/\"},\"sameAs\":[\"https:\\\/\\\/www.facebook.com\\\/gliptoneeurope\\\/\",\"https:\\\/\\\/www.instagram.com\\\/gliptoneeurope\\\/\",\"https:\\\/\\\/www.pinterest.co.uk\\\/GliptoneEurope\\\/\"]}]}<\/script>\n<!-- \/ Yoast SEO Premium plugin. -->","yoast_head_json":{"title":"Lubrifiant corporel 1 gallon (3,8 L) - Gliptone Europe","description":"Body Lube est le lubrifiant \u00e0 base d'argile en spray parfait pour Body Bar\u00ae et tous les produits \u00ab\u00a0de type argile\u00a0\u00bb offrant un pouvoir lubrifiant de premi\u00e8re qualit\u00e9.","robots":{"index":"index","follow":"follow","max-snippet":"max-snippet:-1","max-image-preview":"max-image-preview:large","max-video-preview":"max-video-preview:-1"},"canonical":"https:\/\/gliptoneeurope.com\/produit\/body-lube-1-gall-3-8l\/","og_locale":"fr_FR","og_type":"article","og_title":"Lubrifiant corporel 1 gallon (3,8 L)","og_description":"Body Lube est le lubrifiant \u00e0 base d'argile en spray parfait pour Body Bar\u00ae et tous les produits \u00ab&nbsp;de type argile&nbsp;\u00bb offrant un pouvoir","og_url":"https:\/\/gliptoneeurope.com\/produit\/body-lube-1-gall-3-8l\/","og_site_name":"Gliptone Europe","article_publisher":"https:\/\/www.facebook.com\/gliptoneeurope\/","og_image":[{"width":1493,"height":1493,"url":"https:\/\/gliptoneeurope.com\/wp-content\/uploads\/Body-Lube-1-Gall-3.8L.jpg","type":"image\/jpeg"}],"twitter_card":"summary_large_image","twitter_misc":{"Dur\u00e9e de lecture estim\u00e9e":"1 minute"},"schema":{"@context":"https:\/\/schema.org","@graph":[{"@type":"WebPage","@id":"https:\/\/gliptoneeurope.com\/produit\/body-lube-1-gall-3-8l\/","url":"https:\/\/gliptoneeurope.com\/produit\/body-lube-1-gall-3-8l\/","name":"Lubrifiant corporel 1 gallon (3,8 L) - Gliptone Europe","isPartOf":{"@id":"https:\/\/gliptoneeurope.com\/#website"},"primaryImageOfPage":{"@id":"https:\/\/gliptoneeurope.com\/produit\/body-lube-1-gall-3-8l\/#primaryimage"},"image":{"@id":"https:\/\/gliptoneeurope.com\/produit\/body-lube-1-gall-3-8l\/#primaryimage"},"thumbnailUrl":"https:\/\/gliptoneeurope.com\/wp-content\/uploads\/Body-Lube-1-Gall-3.8L.jpg","datePublished":"2021-11-30T11:37:13+00:00","description":"Body Lube est le lubrifiant \u00e0 base d'argile en spray parfait pour Body Bar\u00ae et tous les produits \u00ab\u00a0de type argile\u00a0\u00bb offrant un pouvoir lubrifiant de premi\u00e8re qualit\u00e9.","breadcrumb":{"@id":"https:\/\/gliptoneeurope.com\/produit\/body-lube-1-gall-3-8l\/#breadcrumb"},"inLanguage":"fr-FR","potentialAction":[{"@type":"ReadAction","target":["https:\/\/gliptoneeurope.com\/produit\/body-lube-1-gall-3-8l\/"]}]},{"@type":"ImageObject","inLanguage":"fr-FR","@id":"https:\/\/gliptoneeurope.com\/produit\/body-lube-1-gall-3-8l\/#primaryimage","url":"https:\/\/gliptoneeurope.com\/wp-content\/uploads\/Body-Lube-1-Gall-3.8L.jpg","contentUrl":"https:\/\/gliptoneeurope.com\/wp-content\/uploads\/Body-Lube-1-Gall-3.8L.jpg","width":1493,"height":1493},{"@type":"BreadcrumbList","@id":"https:\/\/gliptoneeurope.com\/produit\/body-lube-1-gall-3-8l\/#breadcrumb","itemListElement":[{"@type":"ListItem","position":1,"name":"Home","item":"https:\/\/gliptoneeurope.com\/"},{"@type":"ListItem","position":2,"name":"Boutique","item":"https:\/\/gliptoneeurope.com\/fr\/boutique\/"},{"@type":"ListItem","position":3,"name":"Lubrifiant corporel 1 gallon (3,8 L)"}]},{"@type":"WebSite","@id":"https:\/\/gliptoneeurope.com\/#website","url":"https:\/\/gliptoneeurope.com\/","name":"Gliptone Europe","description":"Professional Car Detailing Products","publisher":{"@id":"https:\/\/gliptoneeurope.com\/#organization"},"potentialAction":[{"@type":"SearchAction","target":{"@type":"EntryPoint","urlTemplate":"https:\/\/gliptoneeurope.com\/?s={search_term_string}"},"query-input":{"@type":"PropertyValueSpecification","valueRequired":true,"valueName":"search_term_string"}}],"inLanguage":"fr-FR"},{"@type":"Organization","@id":"https:\/\/gliptoneeurope.com\/#organization","name":"Gliptone Europe","url":"https:\/\/gliptoneeurope.com\/","logo":{"@type":"ImageObject","inLanguage":"fr-FR","@id":"https:\/\/gliptoneeurope.com\/#\/schema\/logo\/image\/","url":"https:\/\/gliptoneeurope.com\/wp-content\/uploads\/Gliptone_Logo.png","contentUrl":"https:\/\/gliptoneeurope.com\/wp-content\/uploads\/Gliptone_Logo.png","width":1472,"height":607,"caption":"Gliptone Europe"},"image":{"@id":"https:\/\/gliptoneeurope.com\/#\/schema\/logo\/image\/"},"sameAs":["https:\/\/www.facebook.com\/gliptoneeurope\/","https:\/\/www.instagram.com\/gliptoneeurope\/","https:\/\/www.pinterest.co.uk\/GliptoneEurope\/"]}]}},"wcpa_form_fields":null,"_links":{"self":[{"href":"https:\/\/gliptoneeurope.com\/fr\/wp-json\/wp\/v2\/product\/11610","targetHints":{"allow":["GET"]}}],"collection":[{"href":"https:\/\/gliptoneeurope.com\/fr\/wp-json\/wp\/v2\/product"}],"about":[{"href":"https:\/\/gliptoneeurope.com\/fr\/wp-json\/wp\/v2\/types\/product"}],"wp:featuredmedia":[{"embeddable":true,"href":"https:\/\/gliptoneeurope.com\/fr\/wp-json\/wp\/v2\/media\/10936"}],"wp:attachment":[{"href":"https:\/\/gliptoneeurope.com\/fr\/wp-json\/wp\/v2\/media?parent=11610"}],"wp:term":[{"taxonomy":"product_brand","embeddable":true,"href":"https:\/\/gliptoneeurope.com\/fr\/wp-json\/wp\/v2\/product_brand?post=11610"},{"taxonomy":"product_cat","embeddable":true,"href":"https:\/\/gliptoneeurope.com\/fr\/wp-json\/wp\/v2\/product_cat?post=11610"},{"taxonomy":"product_tag","embeddable":true,"href":"https:\/\/gliptoneeurope.com\/fr\/wp-json\/wp\/v2\/product_tag?post=11610"}],"curies":[{"name":"wp","href":"https:\/\/api.w.org\/{rel}","templated":true}]}}