{"id":11605,"date":"2021-05-11T13:36:32","date_gmt":"2021-11-30T11:37:04","guid":{"rendered":"https:\/\/gliptoneeurope.com\/product\/bumper-medic-950ml-32oz\/"},"modified":"2022-03-31T14:59:33","modified_gmt":"2022-03-31T14:59:33","slug":"bumper-medic-950ml-32oz-2","status":"publish","type":"product","link":"https:\/\/gliptoneeurope.com\/fr\/produit\/bumper-medic-950ml-32oz-2\/","title":{"rendered":"Bumper Medic 950ml (32oz)"},"content":{"rendered":"<p>Bumper Medic est notre traitement au gel de silicone \u00e9pais, parfaitement formul\u00e9 pour toute usure des pare-chocs ext\u00e9rieurs et des moulures lat\u00e9rales.<\/p>\n<p>Une fois appliqu\u00e9e, la formule restaurera la couleur, la profondeur et l&#8217;\u00e9clat du caoutchouc d\u00e9color\u00e9, des pare-chocs en plastique et des garnitures ext\u00e9rieures.<\/p>\n<p>Les r\u00e9sultats finaux du traitement dureront des semaines, nous ne recommandons pas d&#8217;utiliser le produit sur des plateaux en vinyle.<\/p>\n","protected":false},"excerpt":{"rendered":"<p>Bumper Medic est notre traitement au gel de silicone \u00e9pais, parfaitement formul\u00e9 pour toute usure des pare-chocs ext\u00e9rieurs et des moulures lat\u00e9rales. Une fois appliqu\u00e9e, la formule restaurera la couleur, la profondeur et l&#8217;\u00e9clat du caoutchouc d\u00e9color\u00e9, des pare-chocs en plastique et des garnitures ext\u00e9rieures. Les r\u00e9sultats finaux du traitement dureront des semaines, nous ne [&hellip;]<\/p>\n","protected":false},"featured_media":10932,"template":"","meta":[],"product_brand":[],"product_cat":[94,116,109],"product_tag":[],"class_list":{"0":"post-11605","1":"product","2":"type-product","3":"status-publish","4":"has-post-thumbnail","6":"product_cat-nouveaux-produits","7":"product_cat-preparation-nettoyage","8":"product_cat-produits-professionnels","10":"first","11":"instock","12":"taxable","13":"shipping-taxable","14":"purchasable","15":"product-type-simple"},"yoast_head":"<!-- This site is optimized with the Yoast SEO Premium plugin v21.4 (Yoast SEO v27.4) - https:\/\/yoast.com\/product\/yoast-seo-premium-wordpress\/ -->\n<title>Bumper Medic 950ml (32oz) - Gliptone Europe<\/title>\n<meta name=\"description\" content=\"Bumper Medic est notre traitement au gel de silicone \u00e9pais, parfaitement formul\u00e9 pour toute usure des pare-chocs ext\u00e9rieurs et des moulures lat\u00e9rales.\" \/>\n<meta name=\"robots\" content=\"index, follow, max-snippet:-1, max-image-preview:large, max-video-preview:-1\" \/>\n<link rel=\"canonical\" href=\"https:\/\/gliptoneeurope.com\/produit\/bumper-medic-950ml-32oz\/\" \/>\n<meta property=\"og:locale\" content=\"fr_FR\" \/>\n<meta property=\"og:type\" content=\"article\" \/>\n<meta property=\"og:title\" content=\"Bumper Medic 950ml (32oz)\" \/>\n<meta property=\"og:description\" content=\"Bumper Medic est notre traitement au gel de silicone \u00e9pais, parfaitement formul\u00e9 pour toute usure des pare-chocs ext\u00e9rieurs et des moulures lat\u00e9rales. Une\" \/>\n<meta property=\"og:url\" content=\"https:\/\/gliptoneeurope.com\/produit\/bumper-medic-950ml-32oz\/\" \/>\n<meta property=\"og:site_name\" content=\"Gliptone Europe\" \/>\n<meta property=\"article:publisher\" content=\"https:\/\/www.facebook.com\/gliptoneeurope\/\" \/>\n<meta property=\"article:modified_time\" content=\"2022-03-31T14:59:33+00:00\" \/>\n<meta property=\"og:image\" content=\"https:\/\/gliptoneeurope.com\/wp-content\/uploads\/Bumper-Medic-950ml-32oz.jpg\" \/>\n\t<meta property=\"og:image:width\" content=\"1400\" \/>\n\t<meta property=\"og:image:height\" content=\"1400\" \/>\n\t<meta property=\"og:image:type\" content=\"image\/jpeg\" \/>\n<meta name=\"twitter:card\" content=\"summary_large_image\" \/>\n<script type=\"application\/ld+json\" class=\"yoast-schema-graph\">{\"@context\":\"https:\\\/\\\/schema.org\",\"@graph\":[{\"@type\":\"WebPage\",\"@id\":\"https:\\\/\\\/gliptoneeurope.com\\\/produit\\\/bumper-medic-950ml-32oz\\\/\",\"url\":\"https:\\\/\\\/gliptoneeurope.com\\\/produit\\\/bumper-medic-950ml-32oz\\\/\",\"name\":\"Bumper Medic 950ml (32oz) - Gliptone Europe\",\"isPartOf\":{\"@id\":\"https:\\\/\\\/gliptoneeurope.com\\\/#website\"},\"primaryImageOfPage\":{\"@id\":\"https:\\\/\\\/gliptoneeurope.com\\\/produit\\\/bumper-medic-950ml-32oz\\\/#primaryimage\"},\"image\":{\"@id\":\"https:\\\/\\\/gliptoneeurope.com\\\/produit\\\/bumper-medic-950ml-32oz\\\/#primaryimage\"},\"thumbnailUrl\":\"https:\\\/\\\/gliptoneeurope.com\\\/wp-content\\\/uploads\\\/Bumper-Medic-950ml-32oz.jpg\",\"datePublished\":\"2021-11-30T11:37:04+00:00\",\"dateModified\":\"2022-03-31T14:59:33+00:00\",\"description\":\"Bumper Medic est notre traitement au gel de silicone \u00e9pais, parfaitement formul\u00e9 pour toute usure des pare-chocs ext\u00e9rieurs et des moulures lat\u00e9rales.\",\"breadcrumb\":{\"@id\":\"https:\\\/\\\/gliptoneeurope.com\\\/produit\\\/bumper-medic-950ml-32oz\\\/#breadcrumb\"},\"inLanguage\":\"fr-FR\",\"potentialAction\":[{\"@type\":\"ReadAction\",\"target\":[\"https:\\\/\\\/gliptoneeurope.com\\\/produit\\\/bumper-medic-950ml-32oz\\\/\"]}]},{\"@type\":\"ImageObject\",\"inLanguage\":\"fr-FR\",\"@id\":\"https:\\\/\\\/gliptoneeurope.com\\\/produit\\\/bumper-medic-950ml-32oz\\\/#primaryimage\",\"url\":\"https:\\\/\\\/gliptoneeurope.com\\\/wp-content\\\/uploads\\\/Bumper-Medic-950ml-32oz.jpg\",\"contentUrl\":\"https:\\\/\\\/gliptoneeurope.com\\\/wp-content\\\/uploads\\\/Bumper-Medic-950ml-32oz.jpg\",\"width\":1400,\"height\":1400},{\"@type\":\"BreadcrumbList\",\"@id\":\"https:\\\/\\\/gliptoneeurope.com\\\/produit\\\/bumper-medic-950ml-32oz\\\/#breadcrumb\",\"itemListElement\":[{\"@type\":\"ListItem\",\"position\":1,\"name\":\"Home\",\"item\":\"https:\\\/\\\/gliptoneeurope.com\\\/\"},{\"@type\":\"ListItem\",\"position\":2,\"name\":\"Boutique\",\"item\":\"https:\\\/\\\/gliptoneeurope.com\\\/fr\\\/boutique\\\/\"},{\"@type\":\"ListItem\",\"position\":3,\"name\":\"Bumper Medic 950ml (32oz)\"}]},{\"@type\":\"WebSite\",\"@id\":\"https:\\\/\\\/gliptoneeurope.com\\\/#website\",\"url\":\"https:\\\/\\\/gliptoneeurope.com\\\/\",\"name\":\"Gliptone Europe\",\"description\":\"Professional Car Detailing Products\",\"publisher\":{\"@id\":\"https:\\\/\\\/gliptoneeurope.com\\\/#organization\"},\"potentialAction\":[{\"@type\":\"SearchAction\",\"target\":{\"@type\":\"EntryPoint\",\"urlTemplate\":\"https:\\\/\\\/gliptoneeurope.com\\\/?s={search_term_string}\"},\"query-input\":{\"@type\":\"PropertyValueSpecification\",\"valueRequired\":true,\"valueName\":\"search_term_string\"}}],\"inLanguage\":\"fr-FR\"},{\"@type\":\"Organization\",\"@id\":\"https:\\\/\\\/gliptoneeurope.com\\\/#organization\",\"name\":\"Gliptone Europe\",\"url\":\"https:\\\/\\\/gliptoneeurope.com\\\/\",\"logo\":{\"@type\":\"ImageObject\",\"inLanguage\":\"fr-FR\",\"@id\":\"https:\\\/\\\/gliptoneeurope.com\\\/#\\\/schema\\\/logo\\\/image\\\/\",\"url\":\"https:\\\/\\\/gliptoneeurope.com\\\/wp-content\\\/uploads\\\/Gliptone_Logo.png\",\"contentUrl\":\"https:\\\/\\\/gliptoneeurope.com\\\/wp-content\\\/uploads\\\/Gliptone_Logo.png\",\"width\":1472,\"height\":607,\"caption\":\"Gliptone Europe\"},\"image\":{\"@id\":\"https:\\\/\\\/gliptoneeurope.com\\\/#\\\/schema\\\/logo\\\/image\\\/\"},\"sameAs\":[\"https:\\\/\\\/www.facebook.com\\\/gliptoneeurope\\\/\",\"https:\\\/\\\/www.instagram.com\\\/gliptoneeurope\\\/\",\"https:\\\/\\\/www.pinterest.co.uk\\\/GliptoneEurope\\\/\"]}]}<\/script>\n<!-- \/ Yoast SEO Premium plugin. -->","yoast_head_json":{"title":"Bumper Medic 950ml (32oz) - Gliptone Europe","description":"Bumper Medic est notre traitement au gel de silicone \u00e9pais, parfaitement formul\u00e9 pour toute usure des pare-chocs ext\u00e9rieurs et des moulures lat\u00e9rales.","robots":{"index":"index","follow":"follow","max-snippet":"max-snippet:-1","max-image-preview":"max-image-preview:large","max-video-preview":"max-video-preview:-1"},"canonical":"https:\/\/gliptoneeurope.com\/produit\/bumper-medic-950ml-32oz\/","og_locale":"fr_FR","og_type":"article","og_title":"Bumper Medic 950ml (32oz)","og_description":"Bumper Medic est notre traitement au gel de silicone \u00e9pais, parfaitement formul\u00e9 pour toute usure des pare-chocs ext\u00e9rieurs et des moulures lat\u00e9rales. Une","og_url":"https:\/\/gliptoneeurope.com\/produit\/bumper-medic-950ml-32oz\/","og_site_name":"Gliptone Europe","article_publisher":"https:\/\/www.facebook.com\/gliptoneeurope\/","article_modified_time":"2022-03-31T14:59:33+00:00","og_image":[{"width":1400,"height":1400,"url":"https:\/\/gliptoneeurope.com\/wp-content\/uploads\/Bumper-Medic-950ml-32oz.jpg","type":"image\/jpeg"}],"twitter_card":"summary_large_image","schema":{"@context":"https:\/\/schema.org","@graph":[{"@type":"WebPage","@id":"https:\/\/gliptoneeurope.com\/produit\/bumper-medic-950ml-32oz\/","url":"https:\/\/gliptoneeurope.com\/produit\/bumper-medic-950ml-32oz\/","name":"Bumper Medic 950ml (32oz) - Gliptone Europe","isPartOf":{"@id":"https:\/\/gliptoneeurope.com\/#website"},"primaryImageOfPage":{"@id":"https:\/\/gliptoneeurope.com\/produit\/bumper-medic-950ml-32oz\/#primaryimage"},"image":{"@id":"https:\/\/gliptoneeurope.com\/produit\/bumper-medic-950ml-32oz\/#primaryimage"},"thumbnailUrl":"https:\/\/gliptoneeurope.com\/wp-content\/uploads\/Bumper-Medic-950ml-32oz.jpg","datePublished":"2021-11-30T11:37:04+00:00","dateModified":"2022-03-31T14:59:33+00:00","description":"Bumper Medic est notre traitement au gel de silicone \u00e9pais, parfaitement formul\u00e9 pour toute usure des pare-chocs ext\u00e9rieurs et des moulures lat\u00e9rales.","breadcrumb":{"@id":"https:\/\/gliptoneeurope.com\/produit\/bumper-medic-950ml-32oz\/#breadcrumb"},"inLanguage":"fr-FR","potentialAction":[{"@type":"ReadAction","target":["https:\/\/gliptoneeurope.com\/produit\/bumper-medic-950ml-32oz\/"]}]},{"@type":"ImageObject","inLanguage":"fr-FR","@id":"https:\/\/gliptoneeurope.com\/produit\/bumper-medic-950ml-32oz\/#primaryimage","url":"https:\/\/gliptoneeurope.com\/wp-content\/uploads\/Bumper-Medic-950ml-32oz.jpg","contentUrl":"https:\/\/gliptoneeurope.com\/wp-content\/uploads\/Bumper-Medic-950ml-32oz.jpg","width":1400,"height":1400},{"@type":"BreadcrumbList","@id":"https:\/\/gliptoneeurope.com\/produit\/bumper-medic-950ml-32oz\/#breadcrumb","itemListElement":[{"@type":"ListItem","position":1,"name":"Home","item":"https:\/\/gliptoneeurope.com\/"},{"@type":"ListItem","position":2,"name":"Boutique","item":"https:\/\/gliptoneeurope.com\/fr\/boutique\/"},{"@type":"ListItem","position":3,"name":"Bumper Medic 950ml (32oz)"}]},{"@type":"WebSite","@id":"https:\/\/gliptoneeurope.com\/#website","url":"https:\/\/gliptoneeurope.com\/","name":"Gliptone Europe","description":"Professional Car Detailing Products","publisher":{"@id":"https:\/\/gliptoneeurope.com\/#organization"},"potentialAction":[{"@type":"SearchAction","target":{"@type":"EntryPoint","urlTemplate":"https:\/\/gliptoneeurope.com\/?s={search_term_string}"},"query-input":{"@type":"PropertyValueSpecification","valueRequired":true,"valueName":"search_term_string"}}],"inLanguage":"fr-FR"},{"@type":"Organization","@id":"https:\/\/gliptoneeurope.com\/#organization","name":"Gliptone Europe","url":"https:\/\/gliptoneeurope.com\/","logo":{"@type":"ImageObject","inLanguage":"fr-FR","@id":"https:\/\/gliptoneeurope.com\/#\/schema\/logo\/image\/","url":"https:\/\/gliptoneeurope.com\/wp-content\/uploads\/Gliptone_Logo.png","contentUrl":"https:\/\/gliptoneeurope.com\/wp-content\/uploads\/Gliptone_Logo.png","width":1472,"height":607,"caption":"Gliptone Europe"},"image":{"@id":"https:\/\/gliptoneeurope.com\/#\/schema\/logo\/image\/"},"sameAs":["https:\/\/www.facebook.com\/gliptoneeurope\/","https:\/\/www.instagram.com\/gliptoneeurope\/","https:\/\/www.pinterest.co.uk\/GliptoneEurope\/"]}]}},"wcpa_form_fields":null,"_links":{"self":[{"href":"https:\/\/gliptoneeurope.com\/fr\/wp-json\/wp\/v2\/product\/11605","targetHints":{"allow":["GET"]}}],"collection":[{"href":"https:\/\/gliptoneeurope.com\/fr\/wp-json\/wp\/v2\/product"}],"about":[{"href":"https:\/\/gliptoneeurope.com\/fr\/wp-json\/wp\/v2\/types\/product"}],"wp:featuredmedia":[{"embeddable":true,"href":"https:\/\/gliptoneeurope.com\/fr\/wp-json\/wp\/v2\/media\/10932"}],"wp:attachment":[{"href":"https:\/\/gliptoneeurope.com\/fr\/wp-json\/wp\/v2\/media?parent=11605"}],"wp:term":[{"taxonomy":"product_brand","embeddable":true,"href":"https:\/\/gliptoneeurope.com\/fr\/wp-json\/wp\/v2\/product_brand?post=11605"},{"taxonomy":"product_cat","embeddable":true,"href":"https:\/\/gliptoneeurope.com\/fr\/wp-json\/wp\/v2\/product_cat?post=11605"},{"taxonomy":"product_tag","embeddable":true,"href":"https:\/\/gliptoneeurope.com\/fr\/wp-json\/wp\/v2\/product_tag?post=11605"}],"curies":[{"name":"wp","href":"https:\/\/api.w.org\/{rel}","templated":true}]}}