{"id":11601,"date":"2021-05-11T13:36:34","date_gmt":"2021-11-30T11:37:03","guid":{"rendered":"https:\/\/gliptoneeurope.com\/product\/tampon-en-mousse-a-polir-950-ml-32-oz\/"},"modified":"2021-11-30T11:37:03","modified_gmt":"2021-11-30T11:37:03","slug":"tampon-mousse-polish-950ml-32oz","status":"publish","type":"product","link":"https:\/\/gliptoneeurope.com\/fr\/produit\/tampon-mousse-polish-950ml-32oz\/","title":{"rendered":"Tampon en mousse \u00e0 polir 950 ml (32 oz)"},"content":{"rendered":"<p>Notre tampon de polissage en mousse est un polissage sans silicone qui doit \u00eatre utilis\u00e9 comme derni\u00e8re \u00e9tape de polissage avec un tampon en mousse de finition doux.<\/p>\n<p>Cette formulation de vernis unique produit un brillant \u00e9blouissant tout en \u00e9liminant les tourbillons de tampon et les imperfections de la micro-surface. \u00c9galement efficace pour \u00e9liminer l&#8217;oxydation.<\/p>\n<p>Le polish ne contient ni silicones ni cires et est sans danger pour les ateliers de carrosserie.<\/p>\n<p>Notre <a href=\"https:\/\/gliptoneeurope.com\/product\/clear-coat-polish\/\">vernis<\/a> transparent est une excellente alternative pour un usage personnel, disponible \u00e0 l&#8217;achat dans une bouteille de 470 ml (16 oz).<\/p>\n<p>Pour une alternative \u00e0 un usage professionnel, nous vous recommandons d&#8217;utiliser <a href=\"https:\/\/gliptoneeurope.com\/product\/cherry-bomb-1-gall-3-8l\/\">Cherry Bomb<\/a> disponible \u00e0 l&#8217;achat dans une bouteille de 3,8 L (1 Gall).<\/p>\n","protected":false},"excerpt":{"rendered":"<p>Notre tampon de polissage en mousse est un polissage sans silicone qui doit \u00eatre utilis\u00e9 comme derni\u00e8re \u00e9tape de polissage avec un tampon en mousse de finition doux. Cette formulation de vernis unique produit un brillant \u00e9blouissant tout en \u00e9liminant les tourbillons de tampon et les imperfections de la micro-surface. \u00c9galement efficace pour \u00e9liminer l&#8217;oxydation. [&hellip;]<\/p>\n","protected":false},"featured_media":10912,"template":"","meta":[],"product_brand":[],"product_cat":[103,94,109],"product_tag":[],"class_list":{"0":"post-11601","1":"product","2":"type-product","3":"status-publish","4":"has-post-thumbnail","6":"product_cat-decorateurs-dexterieur-polissoirs","7":"product_cat-nouveaux-produits","8":"product_cat-produits-professionnels","10":"first","11":"instock","12":"taxable","13":"shipping-taxable","14":"purchasable","15":"product-type-simple"},"yoast_head":"<!-- This site is optimized with the Yoast SEO Premium plugin v21.4 (Yoast SEO v27.4) - https:\/\/yoast.com\/product\/yoast-seo-premium-wordpress\/ -->\n<title>Tampon en mousse \u00e0 polir 950 ml (32 oz) - Gliptone Europe<\/title>\n<meta name=\"description\" content=\"Notre tampon de polissage en mousse est un polissage sans silicone qui doit \u00eatre utilis\u00e9 comme derni\u00e8re \u00e9tape de polissage avec un tampon en mousse de finition doux.\" \/>\n<meta name=\"robots\" content=\"index, follow, max-snippet:-1, max-image-preview:large, max-video-preview:-1\" \/>\n<link rel=\"canonical\" href=\"https:\/\/gliptoneeurope.com\/produit\/foam-pad-polish-950ml-32oz\/\" \/>\n<meta property=\"og:locale\" content=\"fr_FR\" \/>\n<meta property=\"og:type\" content=\"article\" \/>\n<meta property=\"og:title\" content=\"Tampon en mousse \u00e0 polir 950 ml (32 oz)\" \/>\n<meta property=\"og:description\" content=\"Notre tampon de polissage en mousse est un polissage sans silicone qui doit \u00eatre utilis\u00e9 comme derni\u00e8re \u00e9tape de polissage avec un tampon en mousse de\" \/>\n<meta property=\"og:url\" content=\"https:\/\/gliptoneeurope.com\/produit\/foam-pad-polish-950ml-32oz\/\" \/>\n<meta property=\"og:site_name\" content=\"Gliptone Europe\" \/>\n<meta property=\"article:publisher\" content=\"https:\/\/www.facebook.com\/gliptoneeurope\/\" \/>\n<meta property=\"og:image\" content=\"https:\/\/gliptoneeurope.com\/wp-content\/uploads\/Foam-Pad-Polish-950ml-32oz.jpg\" \/>\n\t<meta property=\"og:image:width\" content=\"1405\" \/>\n\t<meta property=\"og:image:height\" content=\"1406\" \/>\n\t<meta property=\"og:image:type\" content=\"image\/jpeg\" \/>\n<meta name=\"twitter:card\" content=\"summary_large_image\" \/>\n<meta name=\"twitter:label1\" content=\"Dur\u00e9e de lecture estim\u00e9e\" \/>\n\t<meta name=\"twitter:data1\" content=\"1 minute\" \/>\n<script type=\"application\/ld+json\" class=\"yoast-schema-graph\">{\"@context\":\"https:\\\/\\\/schema.org\",\"@graph\":[{\"@type\":\"WebPage\",\"@id\":\"https:\\\/\\\/gliptoneeurope.com\\\/produit\\\/foam-pad-polish-950ml-32oz\\\/\",\"url\":\"https:\\\/\\\/gliptoneeurope.com\\\/produit\\\/foam-pad-polish-950ml-32oz\\\/\",\"name\":\"Tampon en mousse \u00e0 polir 950 ml (32 oz) - Gliptone Europe\",\"isPartOf\":{\"@id\":\"https:\\\/\\\/gliptoneeurope.com\\\/#website\"},\"primaryImageOfPage\":{\"@id\":\"https:\\\/\\\/gliptoneeurope.com\\\/produit\\\/foam-pad-polish-950ml-32oz\\\/#primaryimage\"},\"image\":{\"@id\":\"https:\\\/\\\/gliptoneeurope.com\\\/produit\\\/foam-pad-polish-950ml-32oz\\\/#primaryimage\"},\"thumbnailUrl\":\"https:\\\/\\\/gliptoneeurope.com\\\/wp-content\\\/uploads\\\/Foam-Pad-Polish-950ml-32oz.jpg\",\"datePublished\":\"2021-11-30T11:37:03+00:00\",\"description\":\"Notre tampon de polissage en mousse est un polissage sans silicone qui doit \u00eatre utilis\u00e9 comme derni\u00e8re \u00e9tape de polissage avec un tampon en mousse de finition doux.\",\"breadcrumb\":{\"@id\":\"https:\\\/\\\/gliptoneeurope.com\\\/produit\\\/foam-pad-polish-950ml-32oz\\\/#breadcrumb\"},\"inLanguage\":\"fr-FR\",\"potentialAction\":[{\"@type\":\"ReadAction\",\"target\":[\"https:\\\/\\\/gliptoneeurope.com\\\/produit\\\/foam-pad-polish-950ml-32oz\\\/\"]}]},{\"@type\":\"ImageObject\",\"inLanguage\":\"fr-FR\",\"@id\":\"https:\\\/\\\/gliptoneeurope.com\\\/produit\\\/foam-pad-polish-950ml-32oz\\\/#primaryimage\",\"url\":\"https:\\\/\\\/gliptoneeurope.com\\\/wp-content\\\/uploads\\\/Foam-Pad-Polish-950ml-32oz.jpg\",\"contentUrl\":\"https:\\\/\\\/gliptoneeurope.com\\\/wp-content\\\/uploads\\\/Foam-Pad-Polish-950ml-32oz.jpg\",\"width\":1405,\"height\":1406},{\"@type\":\"BreadcrumbList\",\"@id\":\"https:\\\/\\\/gliptoneeurope.com\\\/produit\\\/foam-pad-polish-950ml-32oz\\\/#breadcrumb\",\"itemListElement\":[{\"@type\":\"ListItem\",\"position\":1,\"name\":\"Home\",\"item\":\"https:\\\/\\\/gliptoneeurope.com\\\/\"},{\"@type\":\"ListItem\",\"position\":2,\"name\":\"Boutique\",\"item\":\"https:\\\/\\\/gliptoneeurope.com\\\/fr\\\/boutique\\\/\"},{\"@type\":\"ListItem\",\"position\":3,\"name\":\"Tampon en mousse \u00e0 polir 950 ml (32 oz)\"}]},{\"@type\":\"WebSite\",\"@id\":\"https:\\\/\\\/gliptoneeurope.com\\\/#website\",\"url\":\"https:\\\/\\\/gliptoneeurope.com\\\/\",\"name\":\"Gliptone Europe\",\"description\":\"Professional Car Detailing Products\",\"publisher\":{\"@id\":\"https:\\\/\\\/gliptoneeurope.com\\\/#organization\"},\"potentialAction\":[{\"@type\":\"SearchAction\",\"target\":{\"@type\":\"EntryPoint\",\"urlTemplate\":\"https:\\\/\\\/gliptoneeurope.com\\\/?s={search_term_string}\"},\"query-input\":{\"@type\":\"PropertyValueSpecification\",\"valueRequired\":true,\"valueName\":\"search_term_string\"}}],\"inLanguage\":\"fr-FR\"},{\"@type\":\"Organization\",\"@id\":\"https:\\\/\\\/gliptoneeurope.com\\\/#organization\",\"name\":\"Gliptone Europe\",\"url\":\"https:\\\/\\\/gliptoneeurope.com\\\/\",\"logo\":{\"@type\":\"ImageObject\",\"inLanguage\":\"fr-FR\",\"@id\":\"https:\\\/\\\/gliptoneeurope.com\\\/#\\\/schema\\\/logo\\\/image\\\/\",\"url\":\"https:\\\/\\\/gliptoneeurope.com\\\/wp-content\\\/uploads\\\/Gliptone_Logo.png\",\"contentUrl\":\"https:\\\/\\\/gliptoneeurope.com\\\/wp-content\\\/uploads\\\/Gliptone_Logo.png\",\"width\":1472,\"height\":607,\"caption\":\"Gliptone Europe\"},\"image\":{\"@id\":\"https:\\\/\\\/gliptoneeurope.com\\\/#\\\/schema\\\/logo\\\/image\\\/\"},\"sameAs\":[\"https:\\\/\\\/www.facebook.com\\\/gliptoneeurope\\\/\",\"https:\\\/\\\/www.instagram.com\\\/gliptoneeurope\\\/\",\"https:\\\/\\\/www.pinterest.co.uk\\\/GliptoneEurope\\\/\"]}]}<\/script>\n<!-- \/ Yoast SEO Premium plugin. -->","yoast_head_json":{"title":"Tampon en mousse \u00e0 polir 950 ml (32 oz) - Gliptone Europe","description":"Notre tampon de polissage en mousse est un polissage sans silicone qui doit \u00eatre utilis\u00e9 comme derni\u00e8re \u00e9tape de polissage avec un tampon en mousse de finition doux.","robots":{"index":"index","follow":"follow","max-snippet":"max-snippet:-1","max-image-preview":"max-image-preview:large","max-video-preview":"max-video-preview:-1"},"canonical":"https:\/\/gliptoneeurope.com\/produit\/foam-pad-polish-950ml-32oz\/","og_locale":"fr_FR","og_type":"article","og_title":"Tampon en mousse \u00e0 polir 950 ml (32 oz)","og_description":"Notre tampon de polissage en mousse est un polissage sans silicone qui doit \u00eatre utilis\u00e9 comme derni\u00e8re \u00e9tape de polissage avec un tampon en mousse de","og_url":"https:\/\/gliptoneeurope.com\/produit\/foam-pad-polish-950ml-32oz\/","og_site_name":"Gliptone Europe","article_publisher":"https:\/\/www.facebook.com\/gliptoneeurope\/","og_image":[{"width":1405,"height":1406,"url":"https:\/\/gliptoneeurope.com\/wp-content\/uploads\/Foam-Pad-Polish-950ml-32oz.jpg","type":"image\/jpeg"}],"twitter_card":"summary_large_image","twitter_misc":{"Dur\u00e9e de lecture estim\u00e9e":"1 minute"},"schema":{"@context":"https:\/\/schema.org","@graph":[{"@type":"WebPage","@id":"https:\/\/gliptoneeurope.com\/produit\/foam-pad-polish-950ml-32oz\/","url":"https:\/\/gliptoneeurope.com\/produit\/foam-pad-polish-950ml-32oz\/","name":"Tampon en mousse \u00e0 polir 950 ml (32 oz) - Gliptone Europe","isPartOf":{"@id":"https:\/\/gliptoneeurope.com\/#website"},"primaryImageOfPage":{"@id":"https:\/\/gliptoneeurope.com\/produit\/foam-pad-polish-950ml-32oz\/#primaryimage"},"image":{"@id":"https:\/\/gliptoneeurope.com\/produit\/foam-pad-polish-950ml-32oz\/#primaryimage"},"thumbnailUrl":"https:\/\/gliptoneeurope.com\/wp-content\/uploads\/Foam-Pad-Polish-950ml-32oz.jpg","datePublished":"2021-11-30T11:37:03+00:00","description":"Notre tampon de polissage en mousse est un polissage sans silicone qui doit \u00eatre utilis\u00e9 comme derni\u00e8re \u00e9tape de polissage avec un tampon en mousse de finition doux.","breadcrumb":{"@id":"https:\/\/gliptoneeurope.com\/produit\/foam-pad-polish-950ml-32oz\/#breadcrumb"},"inLanguage":"fr-FR","potentialAction":[{"@type":"ReadAction","target":["https:\/\/gliptoneeurope.com\/produit\/foam-pad-polish-950ml-32oz\/"]}]},{"@type":"ImageObject","inLanguage":"fr-FR","@id":"https:\/\/gliptoneeurope.com\/produit\/foam-pad-polish-950ml-32oz\/#primaryimage","url":"https:\/\/gliptoneeurope.com\/wp-content\/uploads\/Foam-Pad-Polish-950ml-32oz.jpg","contentUrl":"https:\/\/gliptoneeurope.com\/wp-content\/uploads\/Foam-Pad-Polish-950ml-32oz.jpg","width":1405,"height":1406},{"@type":"BreadcrumbList","@id":"https:\/\/gliptoneeurope.com\/produit\/foam-pad-polish-950ml-32oz\/#breadcrumb","itemListElement":[{"@type":"ListItem","position":1,"name":"Home","item":"https:\/\/gliptoneeurope.com\/"},{"@type":"ListItem","position":2,"name":"Boutique","item":"https:\/\/gliptoneeurope.com\/fr\/boutique\/"},{"@type":"ListItem","position":3,"name":"Tampon en mousse \u00e0 polir 950 ml (32 oz)"}]},{"@type":"WebSite","@id":"https:\/\/gliptoneeurope.com\/#website","url":"https:\/\/gliptoneeurope.com\/","name":"Gliptone Europe","description":"Professional Car Detailing Products","publisher":{"@id":"https:\/\/gliptoneeurope.com\/#organization"},"potentialAction":[{"@type":"SearchAction","target":{"@type":"EntryPoint","urlTemplate":"https:\/\/gliptoneeurope.com\/?s={search_term_string}"},"query-input":{"@type":"PropertyValueSpecification","valueRequired":true,"valueName":"search_term_string"}}],"inLanguage":"fr-FR"},{"@type":"Organization","@id":"https:\/\/gliptoneeurope.com\/#organization","name":"Gliptone Europe","url":"https:\/\/gliptoneeurope.com\/","logo":{"@type":"ImageObject","inLanguage":"fr-FR","@id":"https:\/\/gliptoneeurope.com\/#\/schema\/logo\/image\/","url":"https:\/\/gliptoneeurope.com\/wp-content\/uploads\/Gliptone_Logo.png","contentUrl":"https:\/\/gliptoneeurope.com\/wp-content\/uploads\/Gliptone_Logo.png","width":1472,"height":607,"caption":"Gliptone Europe"},"image":{"@id":"https:\/\/gliptoneeurope.com\/#\/schema\/logo\/image\/"},"sameAs":["https:\/\/www.facebook.com\/gliptoneeurope\/","https:\/\/www.instagram.com\/gliptoneeurope\/","https:\/\/www.pinterest.co.uk\/GliptoneEurope\/"]}]}},"wcpa_form_fields":null,"_links":{"self":[{"href":"https:\/\/gliptoneeurope.com\/fr\/wp-json\/wp\/v2\/product\/11601","targetHints":{"allow":["GET"]}}],"collection":[{"href":"https:\/\/gliptoneeurope.com\/fr\/wp-json\/wp\/v2\/product"}],"about":[{"href":"https:\/\/gliptoneeurope.com\/fr\/wp-json\/wp\/v2\/types\/product"}],"wp:featuredmedia":[{"embeddable":true,"href":"https:\/\/gliptoneeurope.com\/fr\/wp-json\/wp\/v2\/media\/10912"}],"wp:attachment":[{"href":"https:\/\/gliptoneeurope.com\/fr\/wp-json\/wp\/v2\/media?parent=11601"}],"wp:term":[{"taxonomy":"product_brand","embeddable":true,"href":"https:\/\/gliptoneeurope.com\/fr\/wp-json\/wp\/v2\/product_brand?post=11601"},{"taxonomy":"product_cat","embeddable":true,"href":"https:\/\/gliptoneeurope.com\/fr\/wp-json\/wp\/v2\/product_cat?post=11601"},{"taxonomy":"product_tag","embeddable":true,"href":"https:\/\/gliptoneeurope.com\/fr\/wp-json\/wp\/v2\/product_tag?post=11601"}],"curies":[{"name":"wp","href":"https:\/\/api.w.org\/{rel}","templated":true}]}}